{"id":18012,"date":"2023-12-30T19:11:49","date_gmt":"2023-12-30T17:11:49","guid":{"rendered":"https:\/\/eheating.lt\/?post_type=product&#038;p=18012"},"modified":"2024-10-18T17:03:41","modified_gmt":"2024-10-18T14:03:41","slug":"pir-judesio-jutiklis-paradox-nvx80","status":"publish","type":"product","link":"https:\/\/eheating.lt\/en\/produktas\/pir-judesio-jutiklis-paradox-nvx80\/","title":{"rendered":"PIR judesio jutiklis PARADOX NVX80"},"content":{"rendered":"<hr \/>\n<table border=\"1\" width=\"625\" cellspacing=\"0\" cellpadding=\"0\">\n<tbody>\n<tr>\n<td valign=\"top\">IR u\u017edengimo apsauga<\/td>\n<td valign=\"top\">Within 30 cm of the detector<\/td>\n<\/tr>\n<tr>\n<td valign=\"top\">MW u\u017edengimo apsauga<\/td>\n<td valign=\"top\">0.75 m &#8211; 2 m \/ 2.4 ft &#8211; 6.5 ft<\/td>\n<\/tr>\n<tr>\n<td valign=\"top\">Aptikimo kanalai<\/td>\n<td valign=\"top\">2x Quad PIR for short and long range detection (4 channels)<br \/>\n1x Independent Quad PIR for Creep Zone Detection (2channels)<br \/>\n1x 2-Output MW antenna (2 channels)<\/td>\n<\/tr>\n<tr>\n<td valign=\"top\">Gyvun\u0173 ignoravimas<\/td>\n<td valign=\"top\">Up to 20Kg<\/td>\n<\/tr>\n<tr>\n<td valign=\"top\">Jutimo nuotolis<\/td>\n<td valign=\"top\">15 m x 15 m \/ 50 ft x 50 ft<\/td>\n<\/tr>\n<tr>\n<td valign=\"top\">\u017dliau\u017eimo zonos apsauga<\/td>\n<td valign=\"top\">3 m x 3 m \/ 10 ft x 10 ft<\/td>\n<\/tr>\n<tr>\n<td valign=\"top\">Spalvotas OLED monitorius<\/td>\n<td valign=\"top\">Yes<\/td>\n<\/tr>\n<tr>\n<td valign=\"top\">I\u0161sami diagnostika<\/td>\n<td valign=\"top\">Individual testing for PIR, MW and anti-mask technologies<br \/>\nSoloTestTM for easy walk test execution<\/td>\n<\/tr>\n<tr>\n<td valign=\"top\">Nustatoma r\u0117lin\u0117 i\u0161vestis<\/td>\n<td valign=\"top\">3<\/td>\n<\/tr>\n<tr>\n<td valign=\"top\">Galia<\/td>\n<td valign=\"top\">9-16V DC<\/td>\n<\/tr>\n<tr>\n<td valign=\"top\">Matmenys<\/td>\n<td valign=\"top\">9,8 x 22,9 x 9,2 cm<\/td>\n<\/tr>\n<tr>\n<td valign=\"top\">Svoris<\/td>\n<td valign=\"top\">520g<\/td>\n<\/tr>\n<tr>\n<td valign=\"top\">Temperat\u016bra<\/td>\n<td valign=\"top\">-35\u00b0 ~ +60\u00b0C<\/td>\n<\/tr>\n<\/tbody>\n<\/table>\n","protected":false},"excerpt":{"rendered":"<ul>\n<li>PIR ir MW u\u017edengimo apsauga<\/li>\n<li>15 m x 15 m apimama zona<\/li>\n<li>8 aptikimo kanalai<\/li>\n<\/ul>\n","protected":false},"featured_media":31064,"comment_status":"closed","ping_status":"closed","template":"","meta":[],"product_brand":[],"product_cat":[761,861,858,859],"product_tag":[975],"class_list":{"0":"post-18012","1":"product","2":"type-product","3":"status-publish","4":"has-post-thumbnail","6":"product_cat-security-systems","7":"product_cat-paradox-sensors","8":"product_cat-wired-security-systems","9":"product_cat-paradox-wired-security-systems","10":"product_tag-ean-en","12":"first","13":"onbackorder","14":"purchasable","15":"product-type-simple"},"yoast_head":"<!-- This site is optimized with the Yoast SEO Premium plugin v21.5 (Yoast SEO v27.3) - https:\/\/yoast.com\/product\/yoast-seo-premium-wordpress\/ -->\n<title>PIR judesio jutiklis PARADOX NVX80<\/title>\n<meta name=\"description\" content=\"Paradox NVX80 PIR judesio jutiklis ; PIR ir MW u\u017edengimo apsauga\u00a0 ; 15 m x 15 m apimama zona\u00a0 ; 8 aptikimo kanalai ; Darbin\u0117 temperat\u016bra -35\u00b0 ~ +60\u00b0C\" \/>\n<meta name=\"robots\" content=\"index, follow, max-snippet:-1, max-image-preview:large, max-video-preview:-1\" \/>\n<link rel=\"canonical\" href=\"https:\/\/eheating.lt\/produktas\/pir-judesio-jutiklis-paradox-nvx80\/\" \/>\n<meta property=\"og:locale\" content=\"en_US\" \/>\n<meta property=\"og:type\" content=\"article\" \/>\n<meta property=\"og:title\" content=\"PIR judesio jutiklis PARADOX NVX80\" \/>\n<meta property=\"og:description\" content=\"Paradox NVX80 PIR judesio jutiklis ; PIR ir MW u\u017edengimo apsauga\u00a0 ; 15 m x 15 m apimama zona\u00a0 ; 8 aptikimo kanalai ; Darbin\u0117 temperat\u016bra -35\u00b0 ~ +60\u00b0C\" \/>\n<meta property=\"og:url\" content=\"https:\/\/eheating.lt\/produktas\/pir-judesio-jutiklis-paradox-nvx80\/\" \/>\n<meta property=\"og:site_name\" content=\"Elektronika Namams\" \/>\n<meta property=\"article:publisher\" content=\"https:\/\/www.facebook.com\/ElektronikaNamams\" \/>\n<meta property=\"article:modified_time\" content=\"2024-10-18T14:03:41+00:00\" \/>\n<meta property=\"og:image\" content=\"https:\/\/eheating.lt\/wp-content\/uploads\/2023\/10\/PIR-judesio-jutiklis-PARADOX-NVX80.png\" \/>\n\t<meta property=\"og:image:width\" content=\"800\" \/>\n\t<meta property=\"og:image:height\" content=\"800\" \/>\n\t<meta property=\"og:image:type\" content=\"image\/png\" \/>\n<meta name=\"twitter:card\" content=\"summary_large_image\" \/>\n<meta name=\"twitter:label1\" content=\"Price\" \/>\n\t<meta name=\"twitter:data1\" content=\"263,36&nbsp;&euro;\" \/>\n\t<meta name=\"twitter:label2\" content=\"Availability\" \/>\n\t<meta name=\"twitter:data2\" content=\"On backorder\" \/>\n<script type=\"application\/ld+json\" class=\"yoast-schema-graph\">{\"@context\":\"https:\\\/\\\/schema.org\",\"@graph\":[{\"@type\":\"WebPage\",\"@id\":\"https:\\\/\\\/eheating.lt\\\/produktas\\\/pir-judesio-jutiklis-paradox-nvx80\\\/\",\"url\":\"https:\\\/\\\/eheating.lt\\\/produktas\\\/pir-judesio-jutiklis-paradox-nvx80\\\/\",\"name\":\"PIR judesio jutiklis PARADOX NVX80\",\"isPartOf\":{\"@id\":\"https:\\\/\\\/eheating.lt\\\/#website\"},\"primaryImageOfPage\":{\"@id\":\"https:\\\/\\\/eheating.lt\\\/produktas\\\/pir-judesio-jutiklis-paradox-nvx80\\\/#primaryimage\"},\"image\":{\"@id\":\"https:\\\/\\\/eheating.lt\\\/produktas\\\/pir-judesio-jutiklis-paradox-nvx80\\\/#primaryimage\"},\"thumbnailUrl\":\"https:\\\/\\\/eheating.lt\\\/wp-content\\\/uploads\\\/2023\\\/10\\\/PIR-judesio-jutiklis-PARADOX-NVX80.png\",\"datePublished\":\"2023-12-30T17:11:49+00:00\",\"dateModified\":\"2024-10-18T14:03:41+00:00\",\"description\":\"Paradox NVX80 PIR judesio jutiklis ; PIR ir MW u\u017edengimo apsauga\u00a0 ; 15 m x 15 m apimama zona\u00a0 ; 8 aptikimo kanalai ; Darbin\u0117 temperat\u016bra -35\u00b0 ~ +60\u00b0C\",\"breadcrumb\":{\"@id\":\"https:\\\/\\\/eheating.lt\\\/produktas\\\/pir-judesio-jutiklis-paradox-nvx80\\\/#breadcrumb\"},\"inLanguage\":\"en-US\",\"potentialAction\":[{\"@type\":\"ReadAction\",\"target\":[\"https:\\\/\\\/eheating.lt\\\/produktas\\\/pir-judesio-jutiklis-paradox-nvx80\\\/\"]}]},{\"@type\":\"ImageObject\",\"inLanguage\":\"en-US\",\"@id\":\"https:\\\/\\\/eheating.lt\\\/produktas\\\/pir-judesio-jutiklis-paradox-nvx80\\\/#primaryimage\",\"url\":\"https:\\\/\\\/eheating.lt\\\/wp-content\\\/uploads\\\/2023\\\/10\\\/PIR-judesio-jutiklis-PARADOX-NVX80.png\",\"contentUrl\":\"https:\\\/\\\/eheating.lt\\\/wp-content\\\/uploads\\\/2023\\\/10\\\/PIR-judesio-jutiklis-PARADOX-NVX80.png\",\"width\":800,\"height\":800,\"caption\":\"PARADOX NVX80\"},{\"@type\":\"BreadcrumbList\",\"@id\":\"https:\\\/\\\/eheating.lt\\\/produktas\\\/pir-judesio-jutiklis-paradox-nvx80\\\/#breadcrumb\",\"itemListElement\":[{\"@type\":\"ListItem\",\"position\":1,\"name\":\"Prad\u017eia\",\"item\":\"https:\\\/\\\/eheating.lt\\\/en\\\/\"},{\"@type\":\"ListItem\",\"position\":2,\"name\":\"Shop\",\"item\":\"https:\\\/\\\/eheating.lt\\\/en\\\/?page_id=5734\"},{\"@type\":\"ListItem\",\"position\":3,\"name\":\"PIR judesio jutiklis PARADOX NVX80\"}]},{\"@type\":\"WebSite\",\"@id\":\"https:\\\/\\\/eheating.lt\\\/#website\",\"url\":\"https:\\\/\\\/eheating.lt\\\/\",\"name\":\"eHeating\",\"description\":\"Elektronika ir \u0161ildymas\",\"potentialAction\":[{\"@type\":\"SearchAction\",\"target\":{\"@type\":\"EntryPoint\",\"urlTemplate\":\"https:\\\/\\\/eheating.lt\\\/?s={search_term_string}\"},\"query-input\":{\"@type\":\"PropertyValueSpecification\",\"valueRequired\":true,\"valueName\":\"search_term_string\"}}],\"inLanguage\":\"en-US\"}]}<\/script>\n<meta property=\"product:price:amount\" content=\"263.36\" \/>\n<meta property=\"product:price:currency\" content=\"EUR\" \/>\n<meta property=\"og:availability\" content=\"backorder\" \/>\n<meta property=\"product:availability\" content=\"available for order\" \/>\n<meta property=\"product:retailer_item_id\" content=\"ab8a785ea880\" \/>\n<meta property=\"product:condition\" content=\"new\" \/>\n<!-- \/ Yoast SEO Premium plugin. -->","yoast_head_json":{"title":"PIR judesio jutiklis PARADOX NVX80","description":"Paradox NVX80 PIR judesio jutiklis ; PIR ir MW u\u017edengimo apsauga\u00a0 ; 15 m x 15 m apimama zona\u00a0 ; 8 aptikimo kanalai ; Darbin\u0117 temperat\u016bra -35\u00b0 ~ +60\u00b0C","robots":{"index":"index","follow":"follow","max-snippet":"max-snippet:-1","max-image-preview":"max-image-preview:large","max-video-preview":"max-video-preview:-1"},"canonical":"https:\/\/eheating.lt\/produktas\/pir-judesio-jutiklis-paradox-nvx80\/","og_locale":"en_US","og_type":"article","og_title":"PIR judesio jutiklis PARADOX NVX80","og_description":"Paradox NVX80 PIR judesio jutiklis ; PIR ir MW u\u017edengimo apsauga\u00a0 ; 15 m x 15 m apimama zona\u00a0 ; 8 aptikimo kanalai ; Darbin\u0117 temperat\u016bra -35\u00b0 ~ +60\u00b0C","og_url":"https:\/\/eheating.lt\/produktas\/pir-judesio-jutiklis-paradox-nvx80\/","og_site_name":"Elektronika Namams","article_publisher":"https:\/\/www.facebook.com\/ElektronikaNamams","article_modified_time":"2024-10-18T14:03:41+00:00","og_image":[{"width":800,"height":800,"url":"https:\/\/eheating.lt\/wp-content\/uploads\/2023\/10\/PIR-judesio-jutiklis-PARADOX-NVX80.png","type":"image\/png"}],"twitter_card":"summary_large_image","twitter_misc":{"Price":"263,36&nbsp;&euro;","Availability":"On backorder"},"schema":{"@context":"https:\/\/schema.org","@graph":[{"@type":"WebPage","@id":"https:\/\/eheating.lt\/produktas\/pir-judesio-jutiklis-paradox-nvx80\/","url":"https:\/\/eheating.lt\/produktas\/pir-judesio-jutiklis-paradox-nvx80\/","name":"PIR judesio jutiklis PARADOX NVX80","isPartOf":{"@id":"https:\/\/eheating.lt\/#website"},"primaryImageOfPage":{"@id":"https:\/\/eheating.lt\/produktas\/pir-judesio-jutiklis-paradox-nvx80\/#primaryimage"},"image":{"@id":"https:\/\/eheating.lt\/produktas\/pir-judesio-jutiklis-paradox-nvx80\/#primaryimage"},"thumbnailUrl":"https:\/\/eheating.lt\/wp-content\/uploads\/2023\/10\/PIR-judesio-jutiklis-PARADOX-NVX80.png","datePublished":"2023-12-30T17:11:49+00:00","dateModified":"2024-10-18T14:03:41+00:00","description":"Paradox NVX80 PIR judesio jutiklis ; PIR ir MW u\u017edengimo apsauga\u00a0 ; 15 m x 15 m apimama zona\u00a0 ; 8 aptikimo kanalai ; Darbin\u0117 temperat\u016bra -35\u00b0 ~ +60\u00b0C","breadcrumb":{"@id":"https:\/\/eheating.lt\/produktas\/pir-judesio-jutiklis-paradox-nvx80\/#breadcrumb"},"inLanguage":"en-US","potentialAction":[{"@type":"ReadAction","target":["https:\/\/eheating.lt\/produktas\/pir-judesio-jutiklis-paradox-nvx80\/"]}]},{"@type":"ImageObject","inLanguage":"en-US","@id":"https:\/\/eheating.lt\/produktas\/pir-judesio-jutiklis-paradox-nvx80\/#primaryimage","url":"https:\/\/eheating.lt\/wp-content\/uploads\/2023\/10\/PIR-judesio-jutiklis-PARADOX-NVX80.png","contentUrl":"https:\/\/eheating.lt\/wp-content\/uploads\/2023\/10\/PIR-judesio-jutiklis-PARADOX-NVX80.png","width":800,"height":800,"caption":"PARADOX NVX80"},{"@type":"BreadcrumbList","@id":"https:\/\/eheating.lt\/produktas\/pir-judesio-jutiklis-paradox-nvx80\/#breadcrumb","itemListElement":[{"@type":"ListItem","position":1,"name":"Prad\u017eia","item":"https:\/\/eheating.lt\/en\/"},{"@type":"ListItem","position":2,"name":"Shop","item":"https:\/\/eheating.lt\/en\/?page_id=5734"},{"@type":"ListItem","position":3,"name":"PIR judesio jutiklis PARADOX NVX80"}]},{"@type":"WebSite","@id":"https:\/\/eheating.lt\/#website","url":"https:\/\/eheating.lt\/","name":"eHeating","description":"Elektronika ir \u0161ildymas","potentialAction":[{"@type":"SearchAction","target":{"@type":"EntryPoint","urlTemplate":"https:\/\/eheating.lt\/?s={search_term_string}"},"query-input":{"@type":"PropertyValueSpecification","valueRequired":true,"valueName":"search_term_string"}}],"inLanguage":"en-US"}]},"product_price_amount":"263.36","product_price_currency":"EUR","og_availability":"backorder","product_availability":"available for order","product_retailer_item_id":"ab8a785ea880","product_condition":"new"},"_links":{"self":[{"href":"https:\/\/eheating.lt\/en\/wp-json\/wp\/v2\/product\/18012","targetHints":{"allow":["GET"]}}],"collection":[{"href":"https:\/\/eheating.lt\/en\/wp-json\/wp\/v2\/product"}],"about":[{"href":"https:\/\/eheating.lt\/en\/wp-json\/wp\/v2\/types\/product"}],"replies":[{"embeddable":true,"href":"https:\/\/eheating.lt\/en\/wp-json\/wp\/v2\/comments?post=18012"}],"version-history":[{"count":0,"href":"https:\/\/eheating.lt\/en\/wp-json\/wp\/v2\/product\/18012\/revisions"}],"wp:featuredmedia":[{"embeddable":true,"href":"https:\/\/eheating.lt\/en\/wp-json\/wp\/v2\/media\/31064"}],"wp:attachment":[{"href":"https:\/\/eheating.lt\/en\/wp-json\/wp\/v2\/media?parent=18012"}],"wp:term":[{"taxonomy":"product_brand","embeddable":true,"href":"https:\/\/eheating.lt\/en\/wp-json\/wp\/v2\/product_brand?post=18012"},{"taxonomy":"product_cat","embeddable":true,"href":"https:\/\/eheating.lt\/en\/wp-json\/wp\/v2\/product_cat?post=18012"},{"taxonomy":"product_tag","embeddable":true,"href":"https:\/\/eheating.lt\/en\/wp-json\/wp\/v2\/product_tag?post=18012"}],"curies":[{"name":"wp","href":"https:\/\/api.w.org\/{rel}","templated":true}]}}