{"id":17854,"date":"2023-11-19T00:18:16","date_gmt":"2023-11-18T22:18:16","guid":{"rendered":"https:\/\/eheating.lt\/?post_type=product&#038;p=17854"},"modified":"2024-10-18T17:01:50","modified_gmt":"2024-10-18T14:01:50","slug":"vaizdo-signalo-perdavimas-xt-8000d","status":"publish","type":"product","link":"https:\/\/eheating.lt\/en\/produktas\/vaizdo-signalo-perdavimas-xt-8000d\/","title":{"rendered":"Vaizdo signalo perdavimas XT-8000D"},"content":{"rendered":"<hr \/>\n<ul>\n<li><span style=\"font-size: 16px;\">Nominalus \u012f\u0117jimo ir i\u0161\u0117jimo lygis: 1Vp-p<\/span><\/li>\n<li><span style=\"font-size: 16px;\">Nominali \u012f\u0117jimo ir i\u0161\u0117jimo var\u017ea: 75 \u03a9<\/span><\/li>\n<li><span style=\"font-size: 16px;\">Maitinimo \u012ftampa: DC12V \u00b15%<\/span><\/li>\n<li><span style=\"font-size: 16px;\">Naudojama galia: 8W \/ 9W<\/span><\/li>\n<li><span style=\"font-size: 16px;\">Darbo temperat\u016bra: -40\u02daC -+70\u02daC<\/span><\/li>\n<li><span style=\"font-size: 16px;\">I\u0161matavimai (mm): 294 (W) x 156 (D) x 40 (H)<\/span><\/li>\n<li><span style=\"font-size: 16px;\">Svoris: 2,380g<\/span><\/li>\n<\/ul>\n","protected":false},"excerpt":{"rendered":"<ul>\n<li>Video signalo perdavimas per koaksialin\u012f kabel\u012f XT-8000D<\/li>\n<li>8 kanalai<\/li>\n<\/ul>\n","protected":false},"featured_media":29122,"comment_status":"closed","ping_status":"closed","template":"","meta":[],"product_brand":[],"product_cat":[537,318,459],"product_tag":[],"class_list":{"0":"post-17854","1":"product","2":"type-product","3":"status-publish","4":"has-post-thumbnail","6":"product_cat-turbo-hd-kita-iranga","7":"product_cat-turbo-hd-apsauga","8":"product_cat-turbo-hd-vaizdo-signalo-perdavimas","10":"first","11":"onbackorder","12":"purchasable","13":"product-type-simple"},"yoast_head":"<!-- This site is optimized with the Yoast SEO Premium plugin v21.5 (Yoast SEO v27.4) - https:\/\/yoast.com\/product\/yoast-seo-premium-wordpress\/ -->\n<title>Vaizdo signalo perdavimas XT-8000D<\/title>\n<meta name=\"robots\" content=\"index, follow, max-snippet:-1, max-image-preview:large, max-video-preview:-1\" \/>\n<link rel=\"canonical\" href=\"https:\/\/eheating.lt\/en\/produktas\/vaizdo-signalo-perdavimas-xt-8000d\/\" \/>\n<meta property=\"og:locale\" content=\"en_US\" \/>\n<meta property=\"og:type\" content=\"article\" \/>\n<meta property=\"og:title\" content=\"Vaizdo signalo perdavimas XT-8000D\" \/>\n<meta property=\"og:description\" content=\"Video signalo perdavimas per koaksialin\u012f kabel\u012f XT-8000D  8 kanalai\" \/>\n<meta property=\"og:url\" content=\"https:\/\/eheating.lt\/en\/produktas\/vaizdo-signalo-perdavimas-xt-8000d\/\" \/>\n<meta property=\"og:site_name\" content=\"Elektronika Namams\" \/>\n<meta property=\"article:publisher\" content=\"https:\/\/www.facebook.com\/ElektronikaNamams\" \/>\n<meta property=\"article:modified_time\" content=\"2024-10-18T14:01:50+00:00\" \/>\n<meta property=\"og:image\" content=\"https:\/\/eheating.lt\/wp-content\/uploads\/2023\/10\/Vaizdo-signalo-perdavimas-XT-8000D.png\" \/>\n\t<meta property=\"og:image:width\" content=\"800\" \/>\n\t<meta property=\"og:image:height\" content=\"800\" \/>\n\t<meta property=\"og:image:type\" content=\"image\/png\" \/>\n<meta name=\"twitter:card\" content=\"summary_large_image\" \/>\n<meta name=\"twitter:label1\" content=\"Price\" \/>\n\t<meta name=\"twitter:data1\" content=\"96,15&nbsp;&euro;\" \/>\n\t<meta name=\"twitter:label2\" content=\"Availability\" \/>\n\t<meta name=\"twitter:data2\" content=\"On backorder\" \/>\n<script type=\"application\/ld+json\" class=\"yoast-schema-graph\">{\"@context\":\"https:\\\/\\\/schema.org\",\"@graph\":[{\"@type\":\"WebPage\",\"@id\":\"https:\\\/\\\/eheating.lt\\\/en\\\/produktas\\\/vaizdo-signalo-perdavimas-xt-8000d\\\/\",\"url\":\"https:\\\/\\\/eheating.lt\\\/en\\\/produktas\\\/vaizdo-signalo-perdavimas-xt-8000d\\\/\",\"name\":\"Vaizdo signalo perdavimas XT-8000D\",\"isPartOf\":{\"@id\":\"https:\\\/\\\/eheating.lt\\\/#website\"},\"primaryImageOfPage\":{\"@id\":\"https:\\\/\\\/eheating.lt\\\/en\\\/produktas\\\/vaizdo-signalo-perdavimas-xt-8000d\\\/#primaryimage\"},\"image\":{\"@id\":\"https:\\\/\\\/eheating.lt\\\/en\\\/produktas\\\/vaizdo-signalo-perdavimas-xt-8000d\\\/#primaryimage\"},\"thumbnailUrl\":\"https:\\\/\\\/eheating.lt\\\/wp-content\\\/uploads\\\/2023\\\/10\\\/Vaizdo-signalo-perdavimas-XT-8000D.png\",\"datePublished\":\"2023-11-18T22:18:16+00:00\",\"dateModified\":\"2024-10-18T14:01:50+00:00\",\"breadcrumb\":{\"@id\":\"https:\\\/\\\/eheating.lt\\\/en\\\/produktas\\\/vaizdo-signalo-perdavimas-xt-8000d\\\/#breadcrumb\"},\"inLanguage\":\"en-US\",\"potentialAction\":[{\"@type\":\"ReadAction\",\"target\":[\"https:\\\/\\\/eheating.lt\\\/en\\\/produktas\\\/vaizdo-signalo-perdavimas-xt-8000d\\\/\"]}]},{\"@type\":\"ImageObject\",\"inLanguage\":\"en-US\",\"@id\":\"https:\\\/\\\/eheating.lt\\\/en\\\/produktas\\\/vaizdo-signalo-perdavimas-xt-8000d\\\/#primaryimage\",\"url\":\"https:\\\/\\\/eheating.lt\\\/wp-content\\\/uploads\\\/2023\\\/10\\\/Vaizdo-signalo-perdavimas-XT-8000D.png\",\"contentUrl\":\"https:\\\/\\\/eheating.lt\\\/wp-content\\\/uploads\\\/2023\\\/10\\\/Vaizdo-signalo-perdavimas-XT-8000D.png\",\"width\":800,\"height\":800,\"caption\":\"Vaizdo signalo perdavimas XT-8000D\"},{\"@type\":\"BreadcrumbList\",\"@id\":\"https:\\\/\\\/eheating.lt\\\/en\\\/produktas\\\/vaizdo-signalo-perdavimas-xt-8000d\\\/#breadcrumb\",\"itemListElement\":[{\"@type\":\"ListItem\",\"position\":1,\"name\":\"Prad\u017eia\",\"item\":\"https:\\\/\\\/eheating.lt\\\/en\\\/\"},{\"@type\":\"ListItem\",\"position\":2,\"name\":\"Shop\",\"item\":\"https:\\\/\\\/eheating.lt\\\/en\\\/?page_id=5734\"},{\"@type\":\"ListItem\",\"position\":3,\"name\":\"Vaizdo signalo perdavimas XT-8000D\"}]},{\"@type\":\"WebSite\",\"@id\":\"https:\\\/\\\/eheating.lt\\\/#website\",\"url\":\"https:\\\/\\\/eheating.lt\\\/\",\"name\":\"eHeating\",\"description\":\"Elektronika ir \u0161ildymas\",\"potentialAction\":[{\"@type\":\"SearchAction\",\"target\":{\"@type\":\"EntryPoint\",\"urlTemplate\":\"https:\\\/\\\/eheating.lt\\\/?s={search_term_string}\"},\"query-input\":{\"@type\":\"PropertyValueSpecification\",\"valueRequired\":true,\"valueName\":\"search_term_string\"}}],\"inLanguage\":\"en-US\"}]}<\/script>\n<meta property=\"product:price:amount\" content=\"96.15\" \/>\n<meta property=\"product:price:currency\" content=\"EUR\" \/>\n<meta property=\"og:availability\" content=\"backorder\" \/>\n<meta property=\"product:availability\" content=\"available for order\" \/>\n<meta property=\"product:retailer_item_id\" content=\"8ab0d982281b\" \/>\n<meta property=\"product:condition\" content=\"new\" \/>\n<!-- \/ Yoast SEO Premium plugin. -->","yoast_head_json":{"title":"Vaizdo signalo perdavimas XT-8000D","robots":{"index":"index","follow":"follow","max-snippet":"max-snippet:-1","max-image-preview":"max-image-preview:large","max-video-preview":"max-video-preview:-1"},"canonical":"https:\/\/eheating.lt\/en\/produktas\/vaizdo-signalo-perdavimas-xt-8000d\/","og_locale":"en_US","og_type":"article","og_title":"Vaizdo signalo perdavimas XT-8000D","og_description":"Video signalo perdavimas per koaksialin\u012f kabel\u012f XT-8000D  8 kanalai","og_url":"https:\/\/eheating.lt\/en\/produktas\/vaizdo-signalo-perdavimas-xt-8000d\/","og_site_name":"Elektronika Namams","article_publisher":"https:\/\/www.facebook.com\/ElektronikaNamams","article_modified_time":"2024-10-18T14:01:50+00:00","og_image":[{"width":800,"height":800,"url":"https:\/\/eheating.lt\/wp-content\/uploads\/2023\/10\/Vaizdo-signalo-perdavimas-XT-8000D.png","type":"image\/png"}],"twitter_card":"summary_large_image","twitter_misc":{"Price":"96,15&nbsp;&euro;","Availability":"On backorder"},"schema":{"@context":"https:\/\/schema.org","@graph":[{"@type":"WebPage","@id":"https:\/\/eheating.lt\/en\/produktas\/vaizdo-signalo-perdavimas-xt-8000d\/","url":"https:\/\/eheating.lt\/en\/produktas\/vaizdo-signalo-perdavimas-xt-8000d\/","name":"Vaizdo signalo perdavimas XT-8000D","isPartOf":{"@id":"https:\/\/eheating.lt\/#website"},"primaryImageOfPage":{"@id":"https:\/\/eheating.lt\/en\/produktas\/vaizdo-signalo-perdavimas-xt-8000d\/#primaryimage"},"image":{"@id":"https:\/\/eheating.lt\/en\/produktas\/vaizdo-signalo-perdavimas-xt-8000d\/#primaryimage"},"thumbnailUrl":"https:\/\/eheating.lt\/wp-content\/uploads\/2023\/10\/Vaizdo-signalo-perdavimas-XT-8000D.png","datePublished":"2023-11-18T22:18:16+00:00","dateModified":"2024-10-18T14:01:50+00:00","breadcrumb":{"@id":"https:\/\/eheating.lt\/en\/produktas\/vaizdo-signalo-perdavimas-xt-8000d\/#breadcrumb"},"inLanguage":"en-US","potentialAction":[{"@type":"ReadAction","target":["https:\/\/eheating.lt\/en\/produktas\/vaizdo-signalo-perdavimas-xt-8000d\/"]}]},{"@type":"ImageObject","inLanguage":"en-US","@id":"https:\/\/eheating.lt\/en\/produktas\/vaizdo-signalo-perdavimas-xt-8000d\/#primaryimage","url":"https:\/\/eheating.lt\/wp-content\/uploads\/2023\/10\/Vaizdo-signalo-perdavimas-XT-8000D.png","contentUrl":"https:\/\/eheating.lt\/wp-content\/uploads\/2023\/10\/Vaizdo-signalo-perdavimas-XT-8000D.png","width":800,"height":800,"caption":"Vaizdo signalo perdavimas XT-8000D"},{"@type":"BreadcrumbList","@id":"https:\/\/eheating.lt\/en\/produktas\/vaizdo-signalo-perdavimas-xt-8000d\/#breadcrumb","itemListElement":[{"@type":"ListItem","position":1,"name":"Prad\u017eia","item":"https:\/\/eheating.lt\/en\/"},{"@type":"ListItem","position":2,"name":"Shop","item":"https:\/\/eheating.lt\/en\/?page_id=5734"},{"@type":"ListItem","position":3,"name":"Vaizdo signalo perdavimas XT-8000D"}]},{"@type":"WebSite","@id":"https:\/\/eheating.lt\/#website","url":"https:\/\/eheating.lt\/","name":"eHeating","description":"Elektronika ir \u0161ildymas","potentialAction":[{"@type":"SearchAction","target":{"@type":"EntryPoint","urlTemplate":"https:\/\/eheating.lt\/?s={search_term_string}"},"query-input":{"@type":"PropertyValueSpecification","valueRequired":true,"valueName":"search_term_string"}}],"inLanguage":"en-US"}]},"product_price_amount":"96.15","product_price_currency":"EUR","og_availability":"backorder","product_availability":"available for order","product_retailer_item_id":"8ab0d982281b","product_condition":"new"},"_links":{"self":[{"href":"https:\/\/eheating.lt\/en\/wp-json\/wp\/v2\/product\/17854","targetHints":{"allow":["GET"]}}],"collection":[{"href":"https:\/\/eheating.lt\/en\/wp-json\/wp\/v2\/product"}],"about":[{"href":"https:\/\/eheating.lt\/en\/wp-json\/wp\/v2\/types\/product"}],"replies":[{"embeddable":true,"href":"https:\/\/eheating.lt\/en\/wp-json\/wp\/v2\/comments?post=17854"}],"version-history":[{"count":0,"href":"https:\/\/eheating.lt\/en\/wp-json\/wp\/v2\/product\/17854\/revisions"}],"wp:featuredmedia":[{"embeddable":true,"href":"https:\/\/eheating.lt\/en\/wp-json\/wp\/v2\/media\/29122"}],"wp:attachment":[{"href":"https:\/\/eheating.lt\/en\/wp-json\/wp\/v2\/media?parent=17854"}],"wp:term":[{"taxonomy":"product_brand","embeddable":true,"href":"https:\/\/eheating.lt\/en\/wp-json\/wp\/v2\/product_brand?post=17854"},{"taxonomy":"product_cat","embeddable":true,"href":"https:\/\/eheating.lt\/en\/wp-json\/wp\/v2\/product_cat?post=17854"},{"taxonomy":"product_tag","embeddable":true,"href":"https:\/\/eheating.lt\/en\/wp-json\/wp\/v2\/product_tag?post=17854"}],"curies":[{"name":"wp","href":"https:\/\/api.w.org\/{rel}","templated":true}]}}