{"id":17806,"date":"2023-12-28T15:22:46","date_gmt":"2023-12-28T13:22:46","guid":{"rendered":"https:\/\/eheating.lt\/?post_type=product&#038;p=17806"},"modified":"2024-10-18T17:00:50","modified_gmt":"2024-10-18T14:00:50","slug":"veido-atpazinimo-terminalas-su-pirstu-antspaudu-skaitytuvu-hikvision-ds-k1t342efwx","status":"publish","type":"product","link":"https:\/\/eheating.lt\/en\/produktas\/veido-atpazinimo-terminalas-su-pirstu-antspaudu-skaitytuvu-hikvision-ds-k1t342efwx\/","title":{"rendered":"Veido atpa\u017einimo terminalas su pir\u0161t\u0173 antspaud\u0173"},"content":{"rendered":"<div class=\"video-container\" style=\"margin-top: 50px;\"><\/div>\n<ul class=\"tech-specs-items-description\" data-target=\"System\">\n<li class=\"tech-specs-items-description-list\"><span class=\"tech-specs-items-description__title--heading\">Sistema<\/span><\/li>\n<li class=\"tech-specs-items-description-list\"><span class=\"tech-specs-items-description__title\">Operacin\u0117 sistema<\/span><span class=\"tech-specs-items-description__title-details\">Linux<\/span><\/li>\n<\/ul>\n<ul class=\"tech-specs-items-description\" data-target=\"Display\">\n<li class=\"tech-specs-items-description-list\"><span class=\"tech-specs-items-description__title--heading\">Ekranas<\/span><\/li>\n<li class=\"tech-specs-items-description-list\"><span class=\"tech-specs-items-description__title\">Dydis<\/span><span class=\"tech-specs-items-description__title-details\">4.3-inch<\/span><\/li>\n<li class=\"tech-specs-items-description-list\"><span class=\"tech-specs-items-description__title\">Rezoliucija<\/span><span class=\"tech-specs-items-description__title-details\">272 \u00d7 480<\/span><\/li>\n<li class=\"tech-specs-items-description-list\"><span class=\"tech-specs-items-description__title\">Tipas<\/span><span class=\"tech-specs-items-description__title-details\">LCD<\/span><\/li>\n<li class=\"tech-specs-items-description-list\"><span class=\"tech-specs-items-description__title\">Veikimo b\u016bdas<\/span><span class=\"tech-specs-items-description__title-details\">Capacitive touch screen<\/span><\/li>\n<\/ul>\n<ul class=\"tech-specs-items-description\" data-target=\"Video\">\n<li class=\"tech-specs-items-description-list\"><span class=\"tech-specs-items-description__title--heading\">Vaizdas<\/span><\/li>\n<li class=\"tech-specs-items-description-list\"><span class=\"tech-specs-items-description__title\">Pixel<\/span><span class=\"tech-specs-items-description__title-details\">2 MP<\/span><\/li>\n<li class=\"tech-specs-items-description-list\"><span class=\"tech-specs-items-description__title\">L\u0119\u0161is<\/span><span class=\"tech-specs-items-description__title-details\">\u00d7 2<\/span><\/li>\n<li class=\"tech-specs-items-description-list\"><span class=\"tech-specs-items-description__title\">Video standartas<\/span><span class=\"tech-specs-items-description__title-details\">PAL (Default) and NTSC<\/span><\/li>\n<\/ul>\n<ul class=\"tech-specs-items-description\" data-target=\"Network\">\n<li class=\"tech-specs-items-description-list\"><span class=\"tech-specs-items-description__title--heading\">Internetas<\/span><\/li>\n<li class=\"tech-specs-items-description-list\"><span class=\"tech-specs-items-description__title\">Internetas su laidu<\/span><span class=\"tech-specs-items-description__title-details\">10 M\/100 M self-adaptive<\/span><\/li>\n<li class=\"tech-specs-items-description-list\"><span class=\"tech-specs-items-description__title\">Wi-Fi<\/span><span class=\"tech-specs-items-description__title-details\">Support<\/span><\/li>\n<\/ul>\n<ul class=\"tech-specs-items-description\" data-target=\"Interface\">\n<li class=\"tech-specs-items-description-list\"><span class=\"tech-specs-items-description__title--heading\">S\u0105saja<\/span><\/li>\n<li class=\"tech-specs-items-description-list\"><span class=\"tech-specs-items-description__title\">Tinklo jungtis<\/span><span class=\"tech-specs-items-description__title-details\">1<\/span><\/li>\n<li class=\"tech-specs-items-description-list\"><span class=\"tech-specs-items-description__title\">RS-485<\/span><span class=\"tech-specs-items-description__title-details\">1<\/span><\/li>\n<li class=\"tech-specs-items-description-list\"><span class=\"tech-specs-items-description__title\">Wiegand<\/span><span class=\"tech-specs-items-description__title-details\">1<\/span><\/li>\n<li class=\"tech-specs-items-description-list\"><span class=\"tech-specs-items-description__title\">U\u017erakinimo i\u0161\u0117jimas<\/span><span class=\"tech-specs-items-description__title-details\">1<\/span><\/li>\n<li class=\"tech-specs-items-description-list\"><span class=\"tech-specs-items-description__title\">I\u0161\u0117jimo mygtukas<\/span><span class=\"tech-specs-items-description__title-details\">1<\/span><\/li>\n<li class=\"tech-specs-items-description-list\"><span class=\"tech-specs-items-description__title\">Door contact \u012fvestis<\/span><span class=\"tech-specs-items-description__title-details\">1<\/span><\/li>\n<li class=\"tech-specs-items-description-list\"><span class=\"tech-specs-items-description__title\">IO \u012fvestis<\/span><span class=\"tech-specs-items-description__title-details\">&#8211;<\/span><\/li>\n<li class=\"tech-specs-items-description-list\"><span class=\"tech-specs-items-description__title\">IO i\u0161vestis<\/span><span class=\"tech-specs-items-description__title-details\">&#8211;<\/span><\/li>\n<li class=\"tech-specs-items-description-list\"><span class=\"tech-specs-items-description__title\">TAMPER<\/span><span class=\"tech-specs-items-description__title-details\">1<\/span><\/li>\n<li class=\"tech-specs-items-description-list\"><span class=\"tech-specs-items-description__title\">USB<\/span><span class=\"tech-specs-items-description__title-details\">1<\/span><\/li>\n<\/ul>\n<ul class=\"tech-specs-items-description\" data-target=\"Capacity\">\n<li class=\"tech-specs-items-description-list\"><span class=\"tech-specs-items-description__title--heading\">Talpa<\/span><\/li>\n<li class=\"tech-specs-items-description-list\"><span class=\"tech-specs-items-description__title\">Korteli\u0173 talpa<\/span><span class=\"tech-specs-items-description__title-details\">3,000<\/span><\/li>\n<li class=\"tech-specs-items-description-list\"><span class=\"tech-specs-items-description__title\">Atpa\u017eint\u0173 veid\u0173 talpa<\/span><span class=\"tech-specs-items-description__title-details\">1,500<\/span><\/li>\n<li class=\"tech-specs-items-description-list\"><span class=\"tech-specs-items-description__title\">Pir\u0161t\u0173 atspaud\u0173 talpa<\/span><span class=\"tech-specs-items-description__title-details\">3,000<\/span><\/li>\n<li class=\"tech-specs-items-description-list\"><span class=\"tech-specs-items-description__title\">\u012evyki\u0173 talpa<\/span><span class=\"tech-specs-items-description__title-details\">150,000<\/span><\/li>\n<\/ul>\n<ul class=\"tech-specs-items-description\" data-target=\"Authentication\">\n<li class=\"tech-specs-items-description-list\"><span class=\"tech-specs-items-description__title--heading\">Autentifikavimas<\/span><\/li>\n<li class=\"tech-specs-items-description-list\"><span class=\"tech-specs-items-description__title\">Kortel\u0117s tipas<\/span><span class=\"tech-specs-items-description__title-details\">EM kortel\u0117<\/span><\/li>\n<li class=\"tech-specs-items-description-list\"><span class=\"tech-specs-items-description__title\">Kortel\u0117s skaitymo da\u017enis<\/span><span class=\"tech-specs-items-description__title-details\">125 KHz<\/span><\/li>\n<li class=\"tech-specs-items-description-list\"><span class=\"tech-specs-items-description__title\">Veid\u0173 atpa\u017einimo laikas<\/span><span class=\"tech-specs-items-description__title-details\">\uff1c 0.2 s<\/span><\/li>\n<li class=\"tech-specs-items-description-list\"><span class=\"tech-specs-items-description__title\">Veid\u0173 atpa\u017einimo tikslumas<\/span><span class=\"tech-specs-items-description__title-details\">\uff1e 99%<\/span><\/li>\n<li class=\"tech-specs-items-description-list\"><span class=\"tech-specs-items-description__title\">Veid\u0173 atpa\u017einimo distancija<\/span><span class=\"tech-specs-items-description__title-details\">0.3 to 1.5 m<\/span><\/li>\n<li class=\"tech-specs-items-description-list\"><span class=\"tech-specs-items-description__title\">Pir\u0161t\u0173 atspaud\u0173 atpa\u017einimo trukm\u0117<\/span><span class=\"tech-specs-items-description__title-details\">\uff1c1 s<\/span><\/li>\n<\/ul>\n<ul class=\"tech-specs-items-description\" data-target=\"Function\">\n<li class=\"tech-specs-items-description-list\"><span class=\"tech-specs-items-description__title--heading\">Funkcijos<\/span><\/li>\n<li class=\"tech-specs-items-description-list\"><span class=\"tech-specs-items-description__title\">Apsauga nuo veid\u0173 klastojimo<\/span><span class=\"tech-specs-items-description__title-details\">Support<\/span><\/li>\n<li class=\"tech-specs-items-description-list\"><span class=\"tech-specs-items-description__title\">Garso raginimas<\/span><span class=\"tech-specs-items-description__title-details\">Support<\/span><\/li>\n<li class=\"tech-specs-items-description-list\"><span class=\"tech-specs-items-description__title\">Laiko sinchronizacija<\/span><span class=\"tech-specs-items-description__title-details\">Support<\/span><\/li>\n<\/ul>\n<ul class=\"tech-specs-items-description\" data-target=\"General\">\n<li class=\"tech-specs-items-description-list\"><span class=\"tech-specs-items-description__title--heading\">Pagrindinis<\/span><\/li>\n<li class=\"tech-specs-items-description-list\"><span class=\"tech-specs-items-description__title\">Maitinimas<\/span><span class=\"tech-specs-items-description__title-details\">12 VDC\/1 A (power adapter included)<\/span><\/li>\n<li class=\"tech-specs-items-description-list\"><span class=\"tech-specs-items-description__title\">Darbin\u0117 s\u0105lygos (temperat\u016bra)<\/span><span class=\"tech-specs-items-description__title-details\">-30 \u00b0C to 60 \u00b0C (-22 \u00b0F to 140 \u00b0F)<\/span><\/li>\n<li class=\"tech-specs-items-description-list\"><span class=\"tech-specs-items-description__title\">Darbin\u0117s s\u0105lygos (dr\u0117gm\u0117)<\/span><span class=\"tech-specs-items-description__title-details\">0 to 90% (No condensing)<\/span><\/li>\n<li class=\"tech-specs-items-description-list\"><span class=\"tech-specs-items-description__title\">Dydis<\/span><span class=\"tech-specs-items-description__title-details\">91.3 mm \u00d7 181.3 mm \u00d7 24.5 mm (3.59&#8243; \u00d7 7.14&#8243; \u00d7 0.96&#8243;)<\/span><\/li>\n<li class=\"tech-specs-items-description-list\"><span class=\"tech-specs-items-description__title\">Montavimas<\/span><span class=\"tech-specs-items-description__title-details\">Wall Mounting<\/span><\/li>\n<li class=\"tech-specs-items-description-list\"><span class=\"tech-specs-items-description__title\">Apsaugos lygis<\/span><span class=\"tech-specs-items-description__title-details\">IP65<\/span><\/li>\n<li class=\"tech-specs-items-description-list\"><span class=\"tech-specs-items-description__title\">Kalba<\/span><span class=\"tech-specs-items-description__title-details\">English, Spanish (South America), Arabic, Thai, Indonesian, Russian, Vietnamese, Portuguese (Brazil), Korean<\/span><\/li>\n<\/ul>\n","protected":false},"excerpt":{"rendered":"<ul>\n<li>Veido atpa\u017einimo terminalas, 4,3 colio LCD jutiklinis ekranas, 2 megapikseli\u0173 plataus kampo objektyvas, \u012ftaisytas EM korteli\u0173 skaitymo modulis<\/li>\n<li>Dvipusis garsas su kliento programine \u012franga, patalp\u0173 stotimi ir pagrindine stotimi; Palaiko TCP\/IP<\/li>\n<li>Palaiko ISAPI, ISUP5.0<\/li>\n<li>Konig\u016bruojamas tinklu<\/li>\n<li>Veido atpa\u017einimo distancija: 0.3 m &#8211; 1.5 m<\/li>\n<li>Trukm\u0117\uff1c 0.2 s \/ vartotojui<\/li>\n<li>Tikslumas \u2265 99%<\/li>\n<li>Palaiko atpa\u017einim\u0105 su kauke<\/li>\n<li>Wi-Fi<\/li>\n<\/ul>\n","protected":false},"featured_media":30683,"comment_status":"closed","ping_status":"closed","template":"","meta":[],"product_brand":[],"product_cat":[348,328],"product_tag":[974],"class_list":{"0":"post-17806","1":"product","2":"type-product","3":"status-publish","4":"has-post-thumbnail","6":"product_cat-hikvision-ieigos-kontrole","7":"product_cat-ieigos-kontroles-sistemos","8":"product_tag-ean","10":"first","11":"onbackorder","12":"purchasable","13":"product-type-simple"},"yoast_head":"<!-- This site is optimized with the Yoast SEO Premium plugin v21.5 (Yoast SEO v27.4) - https:\/\/yoast.com\/product\/yoast-seo-premium-wordpress\/ -->\n<title>Veido atpa\u017einimo terminalas Hikvision DS-K1T342EFWX<\/title>\n<meta name=\"description\" content=\"Hikvision DS-K1T342EFWX veido atpa\u017einimo terminalas su pir\u0161t\u0173 antspaud\u0173 skaitytuvu ; 4,3 colio LCD jutiklinis ekranas ; 2MP plataus kampo objektyvas\" \/>\n<meta name=\"robots\" content=\"index, follow, max-snippet:-1, max-image-preview:large, max-video-preview:-1\" \/>\n<link rel=\"canonical\" href=\"https:\/\/eheating.lt\/produktas\/veido-atpazinimo-terminalas-su-pirstu-antspaudu-skaitytuvu-hikvision-ds-k1t342efwx\/\" \/>\n<meta property=\"og:locale\" content=\"en_US\" \/>\n<meta property=\"og:type\" content=\"article\" \/>\n<meta property=\"og:title\" content=\"Veido atpa\u017einimo terminalas su pir\u0161t\u0173 antspaud\u0173 skaitytuvu Hikvision DS-K1T342EFWX\" \/>\n<meta property=\"og:description\" content=\"Hikvision DS-K1T342EFWX veido atpa\u017einimo terminalas su pir\u0161t\u0173 antspaud\u0173 skaitytuvu ; 4,3 colio LCD jutiklinis ekranas ; 2MP plataus kampo objektyvas\" \/>\n<meta property=\"og:url\" content=\"https:\/\/eheating.lt\/produktas\/veido-atpazinimo-terminalas-su-pirstu-antspaudu-skaitytuvu-hikvision-ds-k1t342efwx\/\" \/>\n<meta property=\"og:site_name\" content=\"Elektronika Namams\" \/>\n<meta property=\"article:publisher\" content=\"https:\/\/www.facebook.com\/ElektronikaNamams\" \/>\n<meta property=\"article:modified_time\" content=\"2024-10-18T14:00:50+00:00\" \/>\n<meta property=\"og:image\" content=\"https:\/\/eheating.lt\/wp-content\/uploads\/2023\/10\/Veido-atpazinimo-terminalas-su-pirstu-antspaudu-skaitytuvu-Hikvision-DS-K1T342EFWX.png\" \/>\n\t<meta property=\"og:image:width\" content=\"800\" \/>\n\t<meta property=\"og:image:height\" content=\"800\" \/>\n\t<meta property=\"og:image:type\" content=\"image\/png\" \/>\n<meta name=\"twitter:card\" content=\"summary_large_image\" \/>\n<meta name=\"twitter:label1\" content=\"Price\" \/>\n\t<meta name=\"twitter:data1\" content=\"555,10&nbsp;&euro;\" \/>\n\t<meta name=\"twitter:label2\" content=\"Availability\" \/>\n\t<meta name=\"twitter:data2\" content=\"On backorder\" \/>\n<script type=\"application\/ld+json\" class=\"yoast-schema-graph\">{\"@context\":\"https:\\\/\\\/schema.org\",\"@graph\":[{\"@type\":\"WebPage\",\"@id\":\"https:\\\/\\\/eheating.lt\\\/produktas\\\/veido-atpazinimo-terminalas-su-pirstu-antspaudu-skaitytuvu-hikvision-ds-k1t342efwx\\\/\",\"url\":\"https:\\\/\\\/eheating.lt\\\/produktas\\\/veido-atpazinimo-terminalas-su-pirstu-antspaudu-skaitytuvu-hikvision-ds-k1t342efwx\\\/\",\"name\":\"Veido atpa\u017einimo terminalas Hikvision DS-K1T342EFWX\",\"isPartOf\":{\"@id\":\"https:\\\/\\\/eheating.lt\\\/#website\"},\"primaryImageOfPage\":{\"@id\":\"https:\\\/\\\/eheating.lt\\\/produktas\\\/veido-atpazinimo-terminalas-su-pirstu-antspaudu-skaitytuvu-hikvision-ds-k1t342efwx\\\/#primaryimage\"},\"image\":{\"@id\":\"https:\\\/\\\/eheating.lt\\\/produktas\\\/veido-atpazinimo-terminalas-su-pirstu-antspaudu-skaitytuvu-hikvision-ds-k1t342efwx\\\/#primaryimage\"},\"thumbnailUrl\":\"https:\\\/\\\/eheating.lt\\\/wp-content\\\/uploads\\\/2023\\\/10\\\/Veido-atpazinimo-terminalas-su-pirstu-antspaudu-skaitytuvu-Hikvision-DS-K1T342EFWX.png\",\"datePublished\":\"2023-12-28T13:22:46+00:00\",\"dateModified\":\"2024-10-18T14:00:50+00:00\",\"description\":\"Hikvision DS-K1T342EFWX veido atpa\u017einimo terminalas su pir\u0161t\u0173 antspaud\u0173 skaitytuvu ; 4,3 colio LCD jutiklinis ekranas ; 2MP plataus kampo objektyvas\",\"breadcrumb\":{\"@id\":\"https:\\\/\\\/eheating.lt\\\/produktas\\\/veido-atpazinimo-terminalas-su-pirstu-antspaudu-skaitytuvu-hikvision-ds-k1t342efwx\\\/#breadcrumb\"},\"inLanguage\":\"en-US\",\"potentialAction\":[{\"@type\":\"ReadAction\",\"target\":[\"https:\\\/\\\/eheating.lt\\\/produktas\\\/veido-atpazinimo-terminalas-su-pirstu-antspaudu-skaitytuvu-hikvision-ds-k1t342efwx\\\/\"]}]},{\"@type\":\"ImageObject\",\"inLanguage\":\"en-US\",\"@id\":\"https:\\\/\\\/eheating.lt\\\/produktas\\\/veido-atpazinimo-terminalas-su-pirstu-antspaudu-skaitytuvu-hikvision-ds-k1t342efwx\\\/#primaryimage\",\"url\":\"https:\\\/\\\/eheating.lt\\\/wp-content\\\/uploads\\\/2023\\\/10\\\/Veido-atpazinimo-terminalas-su-pirstu-antspaudu-skaitytuvu-Hikvision-DS-K1T342EFWX.png\",\"contentUrl\":\"https:\\\/\\\/eheating.lt\\\/wp-content\\\/uploads\\\/2023\\\/10\\\/Veido-atpazinimo-terminalas-su-pirstu-antspaudu-skaitytuvu-Hikvision-DS-K1T342EFWX.png\",\"width\":800,\"height\":800,\"caption\":\"Hikvision DS-K1T342EFWX\"},{\"@type\":\"BreadcrumbList\",\"@id\":\"https:\\\/\\\/eheating.lt\\\/produktas\\\/veido-atpazinimo-terminalas-su-pirstu-antspaudu-skaitytuvu-hikvision-ds-k1t342efwx\\\/#breadcrumb\",\"itemListElement\":[{\"@type\":\"ListItem\",\"position\":1,\"name\":\"Prad\u017eia\",\"item\":\"https:\\\/\\\/eheating.lt\\\/en\\\/\"},{\"@type\":\"ListItem\",\"position\":2,\"name\":\"Shop\",\"item\":\"https:\\\/\\\/eheating.lt\\\/en\\\/?page_id=5734\"},{\"@type\":\"ListItem\",\"position\":3,\"name\":\"Veido atpa\u017einimo terminalas su pir\u0161t\u0173 antspaud\u0173 skaitytuvu Hikvision DS-K1T342EFWX\"}]},{\"@type\":\"WebSite\",\"@id\":\"https:\\\/\\\/eheating.lt\\\/#website\",\"url\":\"https:\\\/\\\/eheating.lt\\\/\",\"name\":\"eHeating\",\"description\":\"Elektronika ir \u0161ildymas\",\"potentialAction\":[{\"@type\":\"SearchAction\",\"target\":{\"@type\":\"EntryPoint\",\"urlTemplate\":\"https:\\\/\\\/eheating.lt\\\/?s={search_term_string}\"},\"query-input\":{\"@type\":\"PropertyValueSpecification\",\"valueRequired\":true,\"valueName\":\"search_term_string\"}}],\"inLanguage\":\"en-US\"}]}<\/script>\n<meta property=\"product:price:amount\" content=\"555.10\" \/>\n<meta property=\"product:price:currency\" content=\"EUR\" \/>\n<meta property=\"og:availability\" content=\"backorder\" \/>\n<meta property=\"product:availability\" content=\"available for order\" \/>\n<meta property=\"product:retailer_item_id\" content=\"394e89ceba7e\" \/>\n<meta property=\"product:condition\" content=\"new\" \/>\n<!-- \/ Yoast SEO Premium plugin. -->","yoast_head_json":{"title":"Veido atpa\u017einimo terminalas Hikvision DS-K1T342EFWX","description":"Hikvision DS-K1T342EFWX veido atpa\u017einimo terminalas su pir\u0161t\u0173 antspaud\u0173 skaitytuvu ; 4,3 colio LCD jutiklinis ekranas ; 2MP plataus kampo objektyvas","robots":{"index":"index","follow":"follow","max-snippet":"max-snippet:-1","max-image-preview":"max-image-preview:large","max-video-preview":"max-video-preview:-1"},"canonical":"https:\/\/eheating.lt\/produktas\/veido-atpazinimo-terminalas-su-pirstu-antspaudu-skaitytuvu-hikvision-ds-k1t342efwx\/","og_locale":"en_US","og_type":"article","og_title":"Veido atpa\u017einimo terminalas su pir\u0161t\u0173 antspaud\u0173 skaitytuvu Hikvision DS-K1T342EFWX","og_description":"Hikvision DS-K1T342EFWX veido atpa\u017einimo terminalas su pir\u0161t\u0173 antspaud\u0173 skaitytuvu ; 4,3 colio LCD jutiklinis ekranas ; 2MP plataus kampo objektyvas","og_url":"https:\/\/eheating.lt\/produktas\/veido-atpazinimo-terminalas-su-pirstu-antspaudu-skaitytuvu-hikvision-ds-k1t342efwx\/","og_site_name":"Elektronika Namams","article_publisher":"https:\/\/www.facebook.com\/ElektronikaNamams","article_modified_time":"2024-10-18T14:00:50+00:00","og_image":[{"width":800,"height":800,"url":"https:\/\/eheating.lt\/wp-content\/uploads\/2023\/10\/Veido-atpazinimo-terminalas-su-pirstu-antspaudu-skaitytuvu-Hikvision-DS-K1T342EFWX.png","type":"image\/png"}],"twitter_card":"summary_large_image","twitter_misc":{"Price":"555,10&nbsp;&euro;","Availability":"On backorder"},"schema":{"@context":"https:\/\/schema.org","@graph":[{"@type":"WebPage","@id":"https:\/\/eheating.lt\/produktas\/veido-atpazinimo-terminalas-su-pirstu-antspaudu-skaitytuvu-hikvision-ds-k1t342efwx\/","url":"https:\/\/eheating.lt\/produktas\/veido-atpazinimo-terminalas-su-pirstu-antspaudu-skaitytuvu-hikvision-ds-k1t342efwx\/","name":"Veido atpa\u017einimo terminalas Hikvision DS-K1T342EFWX","isPartOf":{"@id":"https:\/\/eheating.lt\/#website"},"primaryImageOfPage":{"@id":"https:\/\/eheating.lt\/produktas\/veido-atpazinimo-terminalas-su-pirstu-antspaudu-skaitytuvu-hikvision-ds-k1t342efwx\/#primaryimage"},"image":{"@id":"https:\/\/eheating.lt\/produktas\/veido-atpazinimo-terminalas-su-pirstu-antspaudu-skaitytuvu-hikvision-ds-k1t342efwx\/#primaryimage"},"thumbnailUrl":"https:\/\/eheating.lt\/wp-content\/uploads\/2023\/10\/Veido-atpazinimo-terminalas-su-pirstu-antspaudu-skaitytuvu-Hikvision-DS-K1T342EFWX.png","datePublished":"2023-12-28T13:22:46+00:00","dateModified":"2024-10-18T14:00:50+00:00","description":"Hikvision DS-K1T342EFWX veido atpa\u017einimo terminalas su pir\u0161t\u0173 antspaud\u0173 skaitytuvu ; 4,3 colio LCD jutiklinis ekranas ; 2MP plataus kampo objektyvas","breadcrumb":{"@id":"https:\/\/eheating.lt\/produktas\/veido-atpazinimo-terminalas-su-pirstu-antspaudu-skaitytuvu-hikvision-ds-k1t342efwx\/#breadcrumb"},"inLanguage":"en-US","potentialAction":[{"@type":"ReadAction","target":["https:\/\/eheating.lt\/produktas\/veido-atpazinimo-terminalas-su-pirstu-antspaudu-skaitytuvu-hikvision-ds-k1t342efwx\/"]}]},{"@type":"ImageObject","inLanguage":"en-US","@id":"https:\/\/eheating.lt\/produktas\/veido-atpazinimo-terminalas-su-pirstu-antspaudu-skaitytuvu-hikvision-ds-k1t342efwx\/#primaryimage","url":"https:\/\/eheating.lt\/wp-content\/uploads\/2023\/10\/Veido-atpazinimo-terminalas-su-pirstu-antspaudu-skaitytuvu-Hikvision-DS-K1T342EFWX.png","contentUrl":"https:\/\/eheating.lt\/wp-content\/uploads\/2023\/10\/Veido-atpazinimo-terminalas-su-pirstu-antspaudu-skaitytuvu-Hikvision-DS-K1T342EFWX.png","width":800,"height":800,"caption":"Hikvision DS-K1T342EFWX"},{"@type":"BreadcrumbList","@id":"https:\/\/eheating.lt\/produktas\/veido-atpazinimo-terminalas-su-pirstu-antspaudu-skaitytuvu-hikvision-ds-k1t342efwx\/#breadcrumb","itemListElement":[{"@type":"ListItem","position":1,"name":"Prad\u017eia","item":"https:\/\/eheating.lt\/en\/"},{"@type":"ListItem","position":2,"name":"Shop","item":"https:\/\/eheating.lt\/en\/?page_id=5734"},{"@type":"ListItem","position":3,"name":"Veido atpa\u017einimo terminalas su pir\u0161t\u0173 antspaud\u0173 skaitytuvu Hikvision DS-K1T342EFWX"}]},{"@type":"WebSite","@id":"https:\/\/eheating.lt\/#website","url":"https:\/\/eheating.lt\/","name":"eHeating","description":"Elektronika ir \u0161ildymas","potentialAction":[{"@type":"SearchAction","target":{"@type":"EntryPoint","urlTemplate":"https:\/\/eheating.lt\/?s={search_term_string}"},"query-input":{"@type":"PropertyValueSpecification","valueRequired":true,"valueName":"search_term_string"}}],"inLanguage":"en-US"}]},"product_price_amount":"555.10","product_price_currency":"EUR","og_availability":"backorder","product_availability":"available for order","product_retailer_item_id":"394e89ceba7e","product_condition":"new"},"_links":{"self":[{"href":"https:\/\/eheating.lt\/en\/wp-json\/wp\/v2\/product\/17806","targetHints":{"allow":["GET"]}}],"collection":[{"href":"https:\/\/eheating.lt\/en\/wp-json\/wp\/v2\/product"}],"about":[{"href":"https:\/\/eheating.lt\/en\/wp-json\/wp\/v2\/types\/product"}],"replies":[{"embeddable":true,"href":"https:\/\/eheating.lt\/en\/wp-json\/wp\/v2\/comments?post=17806"}],"version-history":[{"count":0,"href":"https:\/\/eheating.lt\/en\/wp-json\/wp\/v2\/product\/17806\/revisions"}],"wp:featuredmedia":[{"embeddable":true,"href":"https:\/\/eheating.lt\/en\/wp-json\/wp\/v2\/media\/30683"}],"wp:attachment":[{"href":"https:\/\/eheating.lt\/en\/wp-json\/wp\/v2\/media?parent=17806"}],"wp:term":[{"taxonomy":"product_brand","embeddable":true,"href":"https:\/\/eheating.lt\/en\/wp-json\/wp\/v2\/product_brand?post=17806"},{"taxonomy":"product_cat","embeddable":true,"href":"https:\/\/eheating.lt\/en\/wp-json\/wp\/v2\/product_cat?post=17806"},{"taxonomy":"product_tag","embeddable":true,"href":"https:\/\/eheating.lt\/en\/wp-json\/wp\/v2\/product_tag?post=17806"}],"curies":[{"name":"wp","href":"https:\/\/api.w.org\/{rel}","templated":true}]}}