{"id":17746,"date":"2023-12-30T19:11:55","date_gmt":"2023-12-30T17:11:55","guid":{"rendered":"https:\/\/eheating.lt\/?post_type=product&#038;p=17746"},"modified":"2024-10-18T17:00:08","modified_gmt":"2024-10-18T14:00:08","slug":"paradox-dg457-glasstrek-adresinis-stiklo-duzio-jutiklis","status":"publish","type":"product","link":"https:\/\/eheating.lt\/en\/produktas\/paradox-dg457-glasstrek-adresinis-stiklo-duzio-jutiklis\/","title":{"rendered":"Paradox DG457 Glasstrek adresinis stiklo d\u016b\u017eio"},"content":{"rendered":"<ul>\n<li><span style=\"font-size: 16px;\">GlassTrek gali b\u016bti naudojamas labiausiai saugomose srityse, \u012fskaitant kambarius su u\u017euolaidomis<\/span><\/li>\n<li><span style=\"font-size: 16px;\">Detektorius gali suveikti d\u016b\u017etant ir paprastam stiklui, ir stiklui su pl\u0117vele, ta\u010diau visa tai turi \u012fvykti jo apr\u0117pties srityje, kuri sieikia iki 9 m<\/span><\/li>\n<li><span style=\"font-size: 16px;\">\u0160iame stiklo d\u016b\u017eio detektoriuje pritaikyta dviguba, sl\u0117gio poky\u010dio bei d\u016b\u017etan\u010dio stiklo garso, technologija<\/span><\/li>\n<li><span style=\"font-size: 16px;\">\u012etampa 9-16 Vdc<\/span><\/li>\n<li><span style=\"font-size: 16px;\">Naudojama srov\u0117 17 mA<\/span><\/li>\n<li><span style=\"font-size: 16px;\">Apr\u0117ptis: 4.5-9 m.<\/span><\/li>\n<li><span style=\"font-size: 16px;\">I\u0161\u0117jimas N.C. 0,15 A<\/span><\/li>\n<li><span style=\"font-size: 16px;\">Darbo temperat\u016bra -20\u00b0C iki +60\u00b0C<\/span><\/li>\n<\/ul>\n","protected":false},"excerpt":{"rendered":"<ul>\n<li>Paradox GlassTrek stiklo d\u016b\u017eio detektorius<\/li>\n<\/ul>\n","protected":false},"featured_media":31070,"comment_status":"closed","ping_status":"closed","template":"","meta":[],"product_brand":[],"product_cat":[279,740],"product_tag":[974],"class_list":{"0":"post-17746","1":"product","2":"type-product","3":"status-publish","4":"has-post-thumbnail","6":"product_cat-apsaugos-sistemos","7":"product_cat-paradox-laidines-apsaugos-sistemos","8":"product_tag-ean","10":"first","11":"instock","12":"purchasable","13":"product-type-simple"},"yoast_head":"<!-- This site is optimized with the Yoast SEO Premium plugin v21.5 (Yoast SEO v27.3) - https:\/\/yoast.com\/product\/yoast-seo-premium-wordpress\/ -->\n<title>Paradox DG457 Glasstrek adresinis stiklo d\u016b\u017eio jutiklis<\/title>\n<meta name=\"description\" content=\"Paradox DG457 Glasstrek adresinis stiklo d\u016b\u017eio jutiklis ; Detektorius gali suveikti d\u016b\u017etant ir paprastam stiklui, ir stiklui su pl\u0117vele ; Apr\u0117ptis: 4.5-9 m.\" \/>\n<meta name=\"robots\" content=\"index, follow, max-snippet:-1, max-image-preview:large, max-video-preview:-1\" \/>\n<link rel=\"canonical\" href=\"https:\/\/eheating.lt\/en\/produktas\/paradox-dg457-glasstrek-adresinis-stiklo-duzio-jutiklis\/\" \/>\n<meta property=\"og:locale\" content=\"en_US\" \/>\n<meta property=\"og:type\" content=\"article\" \/>\n<meta property=\"og:title\" content=\"Paradox DG457 Glasstrek adresinis stiklo d\u016b\u017eio jutiklis\" \/>\n<meta property=\"og:description\" content=\"Paradox DG457 Glasstrek adresinis stiklo d\u016b\u017eio jutiklis ; Detektorius gali suveikti d\u016b\u017etant ir paprastam stiklui, ir stiklui su pl\u0117vele ; Apr\u0117ptis: 4.5-9 m.\" \/>\n<meta property=\"og:url\" content=\"https:\/\/eheating.lt\/en\/produktas\/paradox-dg457-glasstrek-adresinis-stiklo-duzio-jutiklis\/\" \/>\n<meta property=\"og:site_name\" content=\"Elektronika Namams\" \/>\n<meta property=\"article:publisher\" content=\"https:\/\/www.facebook.com\/ElektronikaNamams\" \/>\n<meta property=\"article:modified_time\" content=\"2024-10-18T14:00:08+00:00\" \/>\n<meta property=\"og:image\" content=\"https:\/\/eheating.lt\/wp-content\/uploads\/2023\/10\/Paradox-DG457-Glasstrek-adresinis-stiklo-duzio-jutiklis.png\" \/>\n\t<meta property=\"og:image:width\" content=\"800\" \/>\n\t<meta property=\"og:image:height\" content=\"800\" \/>\n\t<meta property=\"og:image:type\" content=\"image\/png\" \/>\n<meta name=\"twitter:card\" content=\"summary_large_image\" \/>\n<meta name=\"twitter:label1\" content=\"Price\" \/>\n\t<meta name=\"twitter:data1\" content=\"32,80&nbsp;&euro;\" \/>\n\t<meta name=\"twitter:label2\" content=\"Availability\" \/>\n\t<meta name=\"twitter:data2\" content=\"In stock\" \/>\n<script type=\"application\/ld+json\" class=\"yoast-schema-graph\">{\"@context\":\"https:\\\/\\\/schema.org\",\"@graph\":[{\"@type\":\"WebPage\",\"@id\":\"https:\\\/\\\/eheating.lt\\\/en\\\/produktas\\\/paradox-dg457-glasstrek-adresinis-stiklo-duzio-jutiklis\\\/\",\"url\":\"https:\\\/\\\/eheating.lt\\\/en\\\/produktas\\\/paradox-dg457-glasstrek-adresinis-stiklo-duzio-jutiklis\\\/\",\"name\":\"Paradox DG457 Glasstrek adresinis stiklo d\u016b\u017eio jutiklis\",\"isPartOf\":{\"@id\":\"https:\\\/\\\/eheating.lt\\\/#website\"},\"primaryImageOfPage\":{\"@id\":\"https:\\\/\\\/eheating.lt\\\/en\\\/produktas\\\/paradox-dg457-glasstrek-adresinis-stiklo-duzio-jutiklis\\\/#primaryimage\"},\"image\":{\"@id\":\"https:\\\/\\\/eheating.lt\\\/en\\\/produktas\\\/paradox-dg457-glasstrek-adresinis-stiklo-duzio-jutiklis\\\/#primaryimage\"},\"thumbnailUrl\":\"https:\\\/\\\/eheating.lt\\\/wp-content\\\/uploads\\\/2023\\\/10\\\/Paradox-DG457-Glasstrek-adresinis-stiklo-duzio-jutiklis.png\",\"datePublished\":\"2023-12-30T17:11:55+00:00\",\"dateModified\":\"2024-10-18T14:00:08+00:00\",\"description\":\"Paradox DG457 Glasstrek adresinis stiklo d\u016b\u017eio jutiklis ; Detektorius gali suveikti d\u016b\u017etant ir paprastam stiklui, ir stiklui su pl\u0117vele ; Apr\u0117ptis: 4.5-9 m.\",\"breadcrumb\":{\"@id\":\"https:\\\/\\\/eheating.lt\\\/en\\\/produktas\\\/paradox-dg457-glasstrek-adresinis-stiklo-duzio-jutiklis\\\/#breadcrumb\"},\"inLanguage\":\"en-US\",\"potentialAction\":[{\"@type\":\"ReadAction\",\"target\":[\"https:\\\/\\\/eheating.lt\\\/en\\\/produktas\\\/paradox-dg457-glasstrek-adresinis-stiklo-duzio-jutiklis\\\/\"]}]},{\"@type\":\"ImageObject\",\"inLanguage\":\"en-US\",\"@id\":\"https:\\\/\\\/eheating.lt\\\/en\\\/produktas\\\/paradox-dg457-glasstrek-adresinis-stiklo-duzio-jutiklis\\\/#primaryimage\",\"url\":\"https:\\\/\\\/eheating.lt\\\/wp-content\\\/uploads\\\/2023\\\/10\\\/Paradox-DG457-Glasstrek-adresinis-stiklo-duzio-jutiklis.png\",\"contentUrl\":\"https:\\\/\\\/eheating.lt\\\/wp-content\\\/uploads\\\/2023\\\/10\\\/Paradox-DG457-Glasstrek-adresinis-stiklo-duzio-jutiklis.png\",\"width\":800,\"height\":800,\"caption\":\"Paradox DG457\"},{\"@type\":\"BreadcrumbList\",\"@id\":\"https:\\\/\\\/eheating.lt\\\/en\\\/produktas\\\/paradox-dg457-glasstrek-adresinis-stiklo-duzio-jutiklis\\\/#breadcrumb\",\"itemListElement\":[{\"@type\":\"ListItem\",\"position\":1,\"name\":\"Prad\u017eia\",\"item\":\"https:\\\/\\\/eheating.lt\\\/en\\\/\"},{\"@type\":\"ListItem\",\"position\":2,\"name\":\"Shop\",\"item\":\"https:\\\/\\\/eheating.lt\\\/en\\\/?page_id=5734\"},{\"@type\":\"ListItem\",\"position\":3,\"name\":\"Paradox DG457 Glasstrek adresinis stiklo d\u016b\u017eio jutiklis\"}]},{\"@type\":\"WebSite\",\"@id\":\"https:\\\/\\\/eheating.lt\\\/#website\",\"url\":\"https:\\\/\\\/eheating.lt\\\/\",\"name\":\"eHeating\",\"description\":\"Elektronika ir \u0161ildymas\",\"potentialAction\":[{\"@type\":\"SearchAction\",\"target\":{\"@type\":\"EntryPoint\",\"urlTemplate\":\"https:\\\/\\\/eheating.lt\\\/?s={search_term_string}\"},\"query-input\":{\"@type\":\"PropertyValueSpecification\",\"valueRequired\":true,\"valueName\":\"search_term_string\"}}],\"inLanguage\":\"en-US\"}]}<\/script>\n<meta property=\"product:price:amount\" content=\"32.80\" \/>\n<meta property=\"product:price:currency\" content=\"EUR\" \/>\n<meta property=\"og:availability\" content=\"instock\" \/>\n<meta property=\"product:availability\" content=\"instock\" \/>\n<meta property=\"product:retailer_item_id\" content=\"0e2897993075\" \/>\n<meta property=\"product:condition\" content=\"new\" \/>\n<!-- \/ Yoast SEO Premium plugin. -->","yoast_head_json":{"title":"Paradox DG457 Glasstrek adresinis stiklo d\u016b\u017eio jutiklis","description":"Paradox DG457 Glasstrek adresinis stiklo d\u016b\u017eio jutiklis ; Detektorius gali suveikti d\u016b\u017etant ir paprastam stiklui, ir stiklui su pl\u0117vele ; Apr\u0117ptis: 4.5-9 m.","robots":{"index":"index","follow":"follow","max-snippet":"max-snippet:-1","max-image-preview":"max-image-preview:large","max-video-preview":"max-video-preview:-1"},"canonical":"https:\/\/eheating.lt\/en\/produktas\/paradox-dg457-glasstrek-adresinis-stiklo-duzio-jutiklis\/","og_locale":"en_US","og_type":"article","og_title":"Paradox DG457 Glasstrek adresinis stiklo d\u016b\u017eio jutiklis","og_description":"Paradox DG457 Glasstrek adresinis stiklo d\u016b\u017eio jutiklis ; Detektorius gali suveikti d\u016b\u017etant ir paprastam stiklui, ir stiklui su pl\u0117vele ; Apr\u0117ptis: 4.5-9 m.","og_url":"https:\/\/eheating.lt\/en\/produktas\/paradox-dg457-glasstrek-adresinis-stiklo-duzio-jutiklis\/","og_site_name":"Elektronika Namams","article_publisher":"https:\/\/www.facebook.com\/ElektronikaNamams","article_modified_time":"2024-10-18T14:00:08+00:00","og_image":[{"width":800,"height":800,"url":"https:\/\/eheating.lt\/wp-content\/uploads\/2023\/10\/Paradox-DG457-Glasstrek-adresinis-stiklo-duzio-jutiklis.png","type":"image\/png"}],"twitter_card":"summary_large_image","twitter_misc":{"Price":"32,80&nbsp;&euro;","Availability":"In stock"},"schema":{"@context":"https:\/\/schema.org","@graph":[{"@type":"WebPage","@id":"https:\/\/eheating.lt\/en\/produktas\/paradox-dg457-glasstrek-adresinis-stiklo-duzio-jutiklis\/","url":"https:\/\/eheating.lt\/en\/produktas\/paradox-dg457-glasstrek-adresinis-stiklo-duzio-jutiklis\/","name":"Paradox DG457 Glasstrek adresinis stiklo d\u016b\u017eio jutiklis","isPartOf":{"@id":"https:\/\/eheating.lt\/#website"},"primaryImageOfPage":{"@id":"https:\/\/eheating.lt\/en\/produktas\/paradox-dg457-glasstrek-adresinis-stiklo-duzio-jutiklis\/#primaryimage"},"image":{"@id":"https:\/\/eheating.lt\/en\/produktas\/paradox-dg457-glasstrek-adresinis-stiklo-duzio-jutiklis\/#primaryimage"},"thumbnailUrl":"https:\/\/eheating.lt\/wp-content\/uploads\/2023\/10\/Paradox-DG457-Glasstrek-adresinis-stiklo-duzio-jutiklis.png","datePublished":"2023-12-30T17:11:55+00:00","dateModified":"2024-10-18T14:00:08+00:00","description":"Paradox DG457 Glasstrek adresinis stiklo d\u016b\u017eio jutiklis ; Detektorius gali suveikti d\u016b\u017etant ir paprastam stiklui, ir stiklui su pl\u0117vele ; Apr\u0117ptis: 4.5-9 m.","breadcrumb":{"@id":"https:\/\/eheating.lt\/en\/produktas\/paradox-dg457-glasstrek-adresinis-stiklo-duzio-jutiklis\/#breadcrumb"},"inLanguage":"en-US","potentialAction":[{"@type":"ReadAction","target":["https:\/\/eheating.lt\/en\/produktas\/paradox-dg457-glasstrek-adresinis-stiklo-duzio-jutiklis\/"]}]},{"@type":"ImageObject","inLanguage":"en-US","@id":"https:\/\/eheating.lt\/en\/produktas\/paradox-dg457-glasstrek-adresinis-stiklo-duzio-jutiklis\/#primaryimage","url":"https:\/\/eheating.lt\/wp-content\/uploads\/2023\/10\/Paradox-DG457-Glasstrek-adresinis-stiklo-duzio-jutiklis.png","contentUrl":"https:\/\/eheating.lt\/wp-content\/uploads\/2023\/10\/Paradox-DG457-Glasstrek-adresinis-stiklo-duzio-jutiklis.png","width":800,"height":800,"caption":"Paradox DG457"},{"@type":"BreadcrumbList","@id":"https:\/\/eheating.lt\/en\/produktas\/paradox-dg457-glasstrek-adresinis-stiklo-duzio-jutiklis\/#breadcrumb","itemListElement":[{"@type":"ListItem","position":1,"name":"Prad\u017eia","item":"https:\/\/eheating.lt\/en\/"},{"@type":"ListItem","position":2,"name":"Shop","item":"https:\/\/eheating.lt\/en\/?page_id=5734"},{"@type":"ListItem","position":3,"name":"Paradox DG457 Glasstrek adresinis stiklo d\u016b\u017eio jutiklis"}]},{"@type":"WebSite","@id":"https:\/\/eheating.lt\/#website","url":"https:\/\/eheating.lt\/","name":"eHeating","description":"Elektronika ir \u0161ildymas","potentialAction":[{"@type":"SearchAction","target":{"@type":"EntryPoint","urlTemplate":"https:\/\/eheating.lt\/?s={search_term_string}"},"query-input":{"@type":"PropertyValueSpecification","valueRequired":true,"valueName":"search_term_string"}}],"inLanguage":"en-US"}]},"product_price_amount":"32.80","product_price_currency":"EUR","og_availability":"instock","product_availability":"instock","product_retailer_item_id":"0e2897993075","product_condition":"new"},"_links":{"self":[{"href":"https:\/\/eheating.lt\/en\/wp-json\/wp\/v2\/product\/17746","targetHints":{"allow":["GET"]}}],"collection":[{"href":"https:\/\/eheating.lt\/en\/wp-json\/wp\/v2\/product"}],"about":[{"href":"https:\/\/eheating.lt\/en\/wp-json\/wp\/v2\/types\/product"}],"replies":[{"embeddable":true,"href":"https:\/\/eheating.lt\/en\/wp-json\/wp\/v2\/comments?post=17746"}],"version-history":[{"count":0,"href":"https:\/\/eheating.lt\/en\/wp-json\/wp\/v2\/product\/17746\/revisions"}],"wp:featuredmedia":[{"embeddable":true,"href":"https:\/\/eheating.lt\/en\/wp-json\/wp\/v2\/media\/31070"}],"wp:attachment":[{"href":"https:\/\/eheating.lt\/en\/wp-json\/wp\/v2\/media?parent=17746"}],"wp:term":[{"taxonomy":"product_brand","embeddable":true,"href":"https:\/\/eheating.lt\/en\/wp-json\/wp\/v2\/product_brand?post=17746"},{"taxonomy":"product_cat","embeddable":true,"href":"https:\/\/eheating.lt\/en\/wp-json\/wp\/v2\/product_cat?post=17746"},{"taxonomy":"product_tag","embeddable":true,"href":"https:\/\/eheating.lt\/en\/wp-json\/wp\/v2\/product_tag?post=17746"}],"curies":[{"name":"wp","href":"https:\/\/api.w.org\/{rel}","templated":true}]}}