{"id":17732,"date":"2023-12-18T22:58:15","date_gmt":"2023-12-18T20:58:15","guid":{"rendered":"https:\/\/eheating.lt\/?post_type=product&#038;p=17732"},"modified":"2024-10-18T16:59:51","modified_gmt":"2024-10-18T13:59:51","slug":"hikvision-ds-kis202t-telefonspynes-komplektas","status":"publish","type":"product","link":"https:\/\/eheating.lt\/en\/produktas\/hikvision-ds-kis202t-telefonspynes-komplektas\/","title":{"rendered":"Hikvision DS-KIS202T telefonspyn\u0117s komplektas"},"content":{"rendered":"<ul class=\"tech-specs-items-description\" data-target=\"Door station\/Video parameters\">\n<li class=\"tech-specs-items-description-list\"><span class=\"tech-specs-items-description__title--heading\">Telefonspyn\u0117s\/vaizdo nustatymai<\/span><\/li>\n<li class=\"tech-specs-items-description-list\"><span class=\"tech-specs-items-description__title\">Rezoliucija<\/span><span class=\"tech-specs-items-description__title-details\">1920 \u00d7 1080<\/span><\/li>\n<li class=\"tech-specs-items-description-list\"><span class=\"tech-specs-items-description__title\">L\u0119\u0161is<\/span><span class=\"tech-specs-items-description__title-details\">1\/2.7&#8243; CMOS<\/span><\/li>\n<li class=\"tech-specs-items-description-list\"><span class=\"tech-specs-items-description__title\">FOV<\/span><span class=\"tech-specs-items-description__title-details\">Horizontal: 66.2\u00b0\uff0cVertical: 37.2\u00b0<\/span><\/li>\n<\/ul>\n<ul class=\"tech-specs-items-description\" data-target=\"Door station\/Audio parameters\">\n<li class=\"tech-specs-items-description-list\"><span class=\"tech-specs-items-description__title--heading\">Telefonspyn\u0117s\/garso nustatymai<\/span><\/li>\n<li class=\"tech-specs-items-description-list\"><span class=\"tech-specs-items-description__title\">Garso \u012fvestis<\/span><span class=\"tech-specs-items-description__title-details\">Built-in omnidirectional microphone<\/span><\/li>\n<li class=\"tech-specs-items-description-list\"><span class=\"tech-specs-items-description__title\">Garso i\u0161vestis<\/span><span class=\"tech-specs-items-description__title-details\">Built-in loudspeaker<\/span><\/li>\n<\/ul>\n<ul class=\"tech-specs-items-description\" data-target=\"Door station\/Device interfaces\">\n<li class=\"tech-specs-items-description-list\"><span class=\"tech-specs-items-description__title--heading\">Telefonspyn\u0117s\/\u012frenginio s\u0105sajos<\/span><\/li>\n<li class=\"tech-specs-items-description-list\"><span class=\"tech-specs-items-description__title\">I\/O i\u0161vestis<\/span><span class=\"tech-specs-items-description__title-details\">1 relay i\u0161vestis<\/span><\/li>\n<li class=\"tech-specs-items-description-list\"><span class=\"tech-specs-items-description__title\">Keturi laidai<\/span><span class=\"tech-specs-items-description__title-details\">1 four-wire interface (1-ch video input, 1-ch audio input\/output, 1-ch power,supply, 1-ch grounding)<\/span><\/li>\n<\/ul>\n<ul class=\"tech-specs-items-description\" data-target=\"Door station\/General\">\n<li class=\"tech-specs-items-description-list\"><span class=\"tech-specs-items-description__title--heading\">Telefonspyn\u0117s\/pagrindinis<\/span><\/li>\n<li class=\"tech-specs-items-description-list\"><span class=\"tech-specs-items-description__title\">Maitinimas<\/span><span class=\"tech-specs-items-description__title-details\">12 VDC<\/span><\/li>\n<li class=\"tech-specs-items-description-list\"><span class=\"tech-specs-items-description__title\">Energijos sunaudojimas<\/span><span class=\"tech-specs-items-description__title-details\">Max. 5W<\/span><\/li>\n<li class=\"tech-specs-items-description-list\"><span class=\"tech-specs-items-description__title\">Darbin\u0117 s\u0105lygos (temperat\u016bra)<\/span><span class=\"tech-specs-items-description__title-details\">-10\u00b0 C to + 55\u00b0 C (14\u00b0 F to 131\u00b0 F)<\/span><\/li>\n<li class=\"tech-specs-items-description-list\"><span class=\"tech-specs-items-description__title\">Darbin\u0117s s\u0105lygos (dr\u0117gm\u0117)<\/span><span class=\"tech-specs-items-description__title-details\">10% to 90%<\/span><\/li>\n<li class=\"tech-specs-items-description-list\"><span class=\"tech-specs-items-description__title\">Dydis<\/span><span class=\"tech-specs-items-description__title-details\">128 mm \u00d7 42 mm \u00d7 24.8 mm<\/span><\/li>\n<\/ul>\n<ul class=\"tech-specs-items-description\" data-target=\"Indoor station\/Display parameters\">\n<li class=\"tech-specs-items-description-list\"><span class=\"tech-specs-items-description__title--heading\">Vidin\u0117s stotel\u0117s\/vaizdo nustatymai<\/span><\/li>\n<li class=\"tech-specs-items-description-list\"><span class=\"tech-specs-items-description__title\">Ekrano valdymas<\/span><span class=\"tech-specs-items-description__title-details\">Physical button<\/span><\/li>\n<li class=\"tech-specs-items-description-list\"><span class=\"tech-specs-items-description__title\">Tipas<\/span><span class=\"tech-specs-items-description__title-details\">7-inch colorful TFT LCD<\/span><\/li>\n<li class=\"tech-specs-items-description-list\"><span class=\"tech-specs-items-description__title\">Rezoliucija<\/span><span class=\"tech-specs-items-description__title-details\">800 \u00d7 480<\/span><\/li>\n<\/ul>\n<ul class=\"tech-specs-items-description\" data-target=\"Indoor station\/Audio parameters\">\n<li class=\"tech-specs-items-description-list\"><span class=\"tech-specs-items-description__title--heading\">Vidin\u0117s stotel\u0117s\/garso nustatymai<\/span><\/li>\n<li class=\"tech-specs-items-description-list\"><span class=\"tech-specs-items-description__title\">Garso \u012fvestis<\/span><span class=\"tech-specs-items-description__title-details\">Built-in omnidirectional microphone<\/span><\/li>\n<li class=\"tech-specs-items-description-list\"><span class=\"tech-specs-items-description__title\">Garso i\u0161vestis<\/span><span class=\"tech-specs-items-description__title-details\">Built-in loudspeaker<\/span><\/li>\n<li class=\"tech-specs-items-description-list\"><span class=\"tech-specs-items-description__title\">Garso kokyb\u0117<\/span><span class=\"tech-specs-items-description__title-details\">Noise suppression and echo cancellation<\/span><\/li>\n<\/ul>\n<ul class=\"tech-specs-items-description\" data-target=\"Indoor station\/General\">\n<li class=\"tech-specs-items-description-list\"><span class=\"tech-specs-items-description__title--heading\">Vidin\u0117s stotel\u0117s\/pagrindinis<\/span><\/li>\n<li class=\"tech-specs-items-description-list\"><span class=\"tech-specs-items-description__title\">Maitinimas<\/span><span class=\"tech-specs-items-description__title-details\">12 VDC<\/span><\/li>\n<li class=\"tech-specs-items-description-list\"><span class=\"tech-specs-items-description__title\">Energijos sunaudojimas<\/span><span class=\"tech-specs-items-description__title-details\">\u22645 W<\/span><\/li>\n<li class=\"tech-specs-items-description-list\"><span class=\"tech-specs-items-description__title\">Darbin\u0117 s\u0105lygos (temperat\u016bra)<\/span><span class=\"tech-specs-items-description__title-details\">-10\u00b0 C to + 55\u00b0 C (14\u00b0 F to 131\u00b0 F)<\/span><\/li>\n<li class=\"tech-specs-items-description-list\"><span class=\"tech-specs-items-description__title\">Darbin\u0117s s\u0105lygos (dr\u0117gm\u0117)<\/span><span class=\"tech-specs-items-description__title-details\">10% to 90%<\/span><\/li>\n<li class=\"tech-specs-items-description-list\"><span class=\"tech-specs-items-description__title\">Dydis (W \u00d7 H \u00d7 D)<\/span><span class=\"tech-specs-items-description__title-details\">195.8 mm \u00d7 132.8 mm \u00d7 18.39 mm (7.7&#8243; \u00d7 5.2&#8243; \u00d70.7&#8243;)<\/span><\/li>\n<\/ul>\n","protected":false},"excerpt":{"rendered":"<ul>\n<li>\u012emontuotas garsiakalbis ir mikrofonas<\/li>\n<li>4 laidai<\/li>\n<li>7 coli\u0173 ekranas<\/li>\n<li>DS-KH2220, DS-KB2411T-IM<\/li>\n<\/ul>\n","protected":false},"featured_media":29593,"comment_status":"closed","ping_status":"closed","template":"","meta":[],"product_brand":[],"product_cat":[396,422,356],"product_tag":[974],"class_list":{"0":"post-17732","1":"product","2":"type-product","3":"status-publish","4":"has-post-thumbnail","6":"product_cat-ip-vaizdo-telefonspynes","7":"product_cat-telefonspyniu-komplektai","8":"product_cat-vaizdo-telefonspynes","9":"product_tag-ean","11":"first","12":"onbackorder","13":"purchasable","14":"product-type-simple"},"yoast_head":"<!-- This site is optimized with the Yoast SEO Premium plugin v21.5 (Yoast SEO v27.3) - https:\/\/yoast.com\/product\/yoast-seo-premium-wordpress\/ -->\n<title>Hikvision DS-KIS202T telefonspyn\u0117s komplektas<\/title>\n<meta name=\"description\" content=\"Hikvision DS-KIS202T telefonspyn\u0117s komplektas ; \u012emontuotas garsiakalbis ir mikrofonas ; 7 coli\u0173 ekranas ; Komplekte DS-KH2220, DS-KB2411T-IM\" \/>\n<meta name=\"robots\" content=\"index, follow, max-snippet:-1, max-image-preview:large, max-video-preview:-1\" \/>\n<link rel=\"canonical\" href=\"https:\/\/eheating.lt\/produktas\/hikvision-ds-kis202t-telefonspynes-komplektas\/\" \/>\n<meta property=\"og:locale\" content=\"en_US\" \/>\n<meta property=\"og:type\" content=\"article\" \/>\n<meta property=\"og:title\" content=\"Hikvision DS-KIS202T telefonspyn\u0117s komplektas\" \/>\n<meta property=\"og:description\" content=\"Hikvision DS-KIS202T telefonspyn\u0117s komplektas ; \u012emontuotas garsiakalbis ir mikrofonas ; 7 coli\u0173 ekranas ; Komplekte DS-KH2220, DS-KB2411T-IM\" \/>\n<meta property=\"og:url\" content=\"https:\/\/eheating.lt\/produktas\/hikvision-ds-kis202t-telefonspynes-komplektas\/\" \/>\n<meta property=\"og:site_name\" content=\"Elektronika Namams\" \/>\n<meta property=\"article:publisher\" content=\"https:\/\/www.facebook.com\/ElektronikaNamams\" \/>\n<meta property=\"article:modified_time\" content=\"2024-10-18T13:59:51+00:00\" \/>\n<meta property=\"og:image\" content=\"https:\/\/eheating.lt\/wp-content\/uploads\/2023\/10\/Hikvision-DS-KIS202T-telefonspynes-komplektas.png\" \/>\n\t<meta property=\"og:image:width\" content=\"800\" \/>\n\t<meta property=\"og:image:height\" content=\"800\" \/>\n\t<meta property=\"og:image:type\" content=\"image\/png\" \/>\n<meta name=\"twitter:card\" content=\"summary_large_image\" \/>\n<meta name=\"twitter:label1\" content=\"Price\" \/>\n\t<meta name=\"twitter:data1\" content=\"247,81&nbsp;&euro;\" \/>\n\t<meta name=\"twitter:label2\" content=\"Availability\" \/>\n\t<meta name=\"twitter:data2\" content=\"On backorder\" \/>\n<script type=\"application\/ld+json\" class=\"yoast-schema-graph\">{\"@context\":\"https:\\\/\\\/schema.org\",\"@graph\":[{\"@type\":\"WebPage\",\"@id\":\"https:\\\/\\\/eheating.lt\\\/produktas\\\/hikvision-ds-kis202t-telefonspynes-komplektas\\\/\",\"url\":\"https:\\\/\\\/eheating.lt\\\/produktas\\\/hikvision-ds-kis202t-telefonspynes-komplektas\\\/\",\"name\":\"Hikvision DS-KIS202T telefonspyn\u0117s komplektas\",\"isPartOf\":{\"@id\":\"https:\\\/\\\/eheating.lt\\\/#website\"},\"primaryImageOfPage\":{\"@id\":\"https:\\\/\\\/eheating.lt\\\/produktas\\\/hikvision-ds-kis202t-telefonspynes-komplektas\\\/#primaryimage\"},\"image\":{\"@id\":\"https:\\\/\\\/eheating.lt\\\/produktas\\\/hikvision-ds-kis202t-telefonspynes-komplektas\\\/#primaryimage\"},\"thumbnailUrl\":\"https:\\\/\\\/eheating.lt\\\/wp-content\\\/uploads\\\/2023\\\/10\\\/Hikvision-DS-KIS202T-telefonspynes-komplektas.png\",\"datePublished\":\"2023-12-18T20:58:15+00:00\",\"dateModified\":\"2024-10-18T13:59:51+00:00\",\"description\":\"Hikvision DS-KIS202T telefonspyn\u0117s komplektas ; \u012emontuotas garsiakalbis ir mikrofonas ; 7 coli\u0173 ekranas ; Komplekte DS-KH2220, DS-KB2411T-IM\",\"breadcrumb\":{\"@id\":\"https:\\\/\\\/eheating.lt\\\/produktas\\\/hikvision-ds-kis202t-telefonspynes-komplektas\\\/#breadcrumb\"},\"inLanguage\":\"en-US\",\"potentialAction\":[{\"@type\":\"ReadAction\",\"target\":[\"https:\\\/\\\/eheating.lt\\\/produktas\\\/hikvision-ds-kis202t-telefonspynes-komplektas\\\/\"]}]},{\"@type\":\"ImageObject\",\"inLanguage\":\"en-US\",\"@id\":\"https:\\\/\\\/eheating.lt\\\/produktas\\\/hikvision-ds-kis202t-telefonspynes-komplektas\\\/#primaryimage\",\"url\":\"https:\\\/\\\/eheating.lt\\\/wp-content\\\/uploads\\\/2023\\\/10\\\/Hikvision-DS-KIS202T-telefonspynes-komplektas.png\",\"contentUrl\":\"https:\\\/\\\/eheating.lt\\\/wp-content\\\/uploads\\\/2023\\\/10\\\/Hikvision-DS-KIS202T-telefonspynes-komplektas.png\",\"width\":800,\"height\":800,\"caption\":\"Hikvision DS-KIS202T telefonspyn\u0117s komplektas\"},{\"@type\":\"BreadcrumbList\",\"@id\":\"https:\\\/\\\/eheating.lt\\\/produktas\\\/hikvision-ds-kis202t-telefonspynes-komplektas\\\/#breadcrumb\",\"itemListElement\":[{\"@type\":\"ListItem\",\"position\":1,\"name\":\"Prad\u017eia\",\"item\":\"https:\\\/\\\/eheating.lt\\\/en\\\/\"},{\"@type\":\"ListItem\",\"position\":2,\"name\":\"Shop\",\"item\":\"https:\\\/\\\/eheating.lt\\\/en\\\/?page_id=5734\"},{\"@type\":\"ListItem\",\"position\":3,\"name\":\"Hikvision DS-KIS202T telefonspyn\u0117s komplektas\"}]},{\"@type\":\"WebSite\",\"@id\":\"https:\\\/\\\/eheating.lt\\\/#website\",\"url\":\"https:\\\/\\\/eheating.lt\\\/\",\"name\":\"eHeating\",\"description\":\"Elektronika ir \u0161ildymas\",\"potentialAction\":[{\"@type\":\"SearchAction\",\"target\":{\"@type\":\"EntryPoint\",\"urlTemplate\":\"https:\\\/\\\/eheating.lt\\\/?s={search_term_string}\"},\"query-input\":{\"@type\":\"PropertyValueSpecification\",\"valueRequired\":true,\"valueName\":\"search_term_string\"}}],\"inLanguage\":\"en-US\"}]}<\/script>\n<meta property=\"product:price:amount\" content=\"247.81\" \/>\n<meta property=\"product:price:currency\" content=\"EUR\" \/>\n<meta property=\"og:availability\" content=\"backorder\" \/>\n<meta property=\"product:availability\" content=\"available for order\" \/>\n<meta property=\"product:retailer_item_id\" content=\"3c307d03749d\" \/>\n<meta property=\"product:condition\" content=\"new\" \/>\n<!-- \/ Yoast SEO Premium plugin. -->","yoast_head_json":{"title":"Hikvision DS-KIS202T telefonspyn\u0117s komplektas","description":"Hikvision DS-KIS202T telefonspyn\u0117s komplektas ; \u012emontuotas garsiakalbis ir mikrofonas ; 7 coli\u0173 ekranas ; Komplekte DS-KH2220, DS-KB2411T-IM","robots":{"index":"index","follow":"follow","max-snippet":"max-snippet:-1","max-image-preview":"max-image-preview:large","max-video-preview":"max-video-preview:-1"},"canonical":"https:\/\/eheating.lt\/produktas\/hikvision-ds-kis202t-telefonspynes-komplektas\/","og_locale":"en_US","og_type":"article","og_title":"Hikvision DS-KIS202T telefonspyn\u0117s komplektas","og_description":"Hikvision DS-KIS202T telefonspyn\u0117s komplektas ; \u012emontuotas garsiakalbis ir mikrofonas ; 7 coli\u0173 ekranas ; Komplekte DS-KH2220, DS-KB2411T-IM","og_url":"https:\/\/eheating.lt\/produktas\/hikvision-ds-kis202t-telefonspynes-komplektas\/","og_site_name":"Elektronika Namams","article_publisher":"https:\/\/www.facebook.com\/ElektronikaNamams","article_modified_time":"2024-10-18T13:59:51+00:00","og_image":[{"width":800,"height":800,"url":"https:\/\/eheating.lt\/wp-content\/uploads\/2023\/10\/Hikvision-DS-KIS202T-telefonspynes-komplektas.png","type":"image\/png"}],"twitter_card":"summary_large_image","twitter_misc":{"Price":"247,81&nbsp;&euro;","Availability":"On backorder"},"schema":{"@context":"https:\/\/schema.org","@graph":[{"@type":"WebPage","@id":"https:\/\/eheating.lt\/produktas\/hikvision-ds-kis202t-telefonspynes-komplektas\/","url":"https:\/\/eheating.lt\/produktas\/hikvision-ds-kis202t-telefonspynes-komplektas\/","name":"Hikvision DS-KIS202T telefonspyn\u0117s komplektas","isPartOf":{"@id":"https:\/\/eheating.lt\/#website"},"primaryImageOfPage":{"@id":"https:\/\/eheating.lt\/produktas\/hikvision-ds-kis202t-telefonspynes-komplektas\/#primaryimage"},"image":{"@id":"https:\/\/eheating.lt\/produktas\/hikvision-ds-kis202t-telefonspynes-komplektas\/#primaryimage"},"thumbnailUrl":"https:\/\/eheating.lt\/wp-content\/uploads\/2023\/10\/Hikvision-DS-KIS202T-telefonspynes-komplektas.png","datePublished":"2023-12-18T20:58:15+00:00","dateModified":"2024-10-18T13:59:51+00:00","description":"Hikvision DS-KIS202T telefonspyn\u0117s komplektas ; \u012emontuotas garsiakalbis ir mikrofonas ; 7 coli\u0173 ekranas ; Komplekte DS-KH2220, DS-KB2411T-IM","breadcrumb":{"@id":"https:\/\/eheating.lt\/produktas\/hikvision-ds-kis202t-telefonspynes-komplektas\/#breadcrumb"},"inLanguage":"en-US","potentialAction":[{"@type":"ReadAction","target":["https:\/\/eheating.lt\/produktas\/hikvision-ds-kis202t-telefonspynes-komplektas\/"]}]},{"@type":"ImageObject","inLanguage":"en-US","@id":"https:\/\/eheating.lt\/produktas\/hikvision-ds-kis202t-telefonspynes-komplektas\/#primaryimage","url":"https:\/\/eheating.lt\/wp-content\/uploads\/2023\/10\/Hikvision-DS-KIS202T-telefonspynes-komplektas.png","contentUrl":"https:\/\/eheating.lt\/wp-content\/uploads\/2023\/10\/Hikvision-DS-KIS202T-telefonspynes-komplektas.png","width":800,"height":800,"caption":"Hikvision DS-KIS202T telefonspyn\u0117s komplektas"},{"@type":"BreadcrumbList","@id":"https:\/\/eheating.lt\/produktas\/hikvision-ds-kis202t-telefonspynes-komplektas\/#breadcrumb","itemListElement":[{"@type":"ListItem","position":1,"name":"Prad\u017eia","item":"https:\/\/eheating.lt\/en\/"},{"@type":"ListItem","position":2,"name":"Shop","item":"https:\/\/eheating.lt\/en\/?page_id=5734"},{"@type":"ListItem","position":3,"name":"Hikvision DS-KIS202T telefonspyn\u0117s komplektas"}]},{"@type":"WebSite","@id":"https:\/\/eheating.lt\/#website","url":"https:\/\/eheating.lt\/","name":"eHeating","description":"Elektronika ir \u0161ildymas","potentialAction":[{"@type":"SearchAction","target":{"@type":"EntryPoint","urlTemplate":"https:\/\/eheating.lt\/?s={search_term_string}"},"query-input":{"@type":"PropertyValueSpecification","valueRequired":true,"valueName":"search_term_string"}}],"inLanguage":"en-US"}]},"product_price_amount":"247.81","product_price_currency":"EUR","og_availability":"backorder","product_availability":"available for order","product_retailer_item_id":"3c307d03749d","product_condition":"new"},"_links":{"self":[{"href":"https:\/\/eheating.lt\/en\/wp-json\/wp\/v2\/product\/17732","targetHints":{"allow":["GET"]}}],"collection":[{"href":"https:\/\/eheating.lt\/en\/wp-json\/wp\/v2\/product"}],"about":[{"href":"https:\/\/eheating.lt\/en\/wp-json\/wp\/v2\/types\/product"}],"replies":[{"embeddable":true,"href":"https:\/\/eheating.lt\/en\/wp-json\/wp\/v2\/comments?post=17732"}],"version-history":[{"count":0,"href":"https:\/\/eheating.lt\/en\/wp-json\/wp\/v2\/product\/17732\/revisions"}],"wp:featuredmedia":[{"embeddable":true,"href":"https:\/\/eheating.lt\/en\/wp-json\/wp\/v2\/media\/29593"}],"wp:attachment":[{"href":"https:\/\/eheating.lt\/en\/wp-json\/wp\/v2\/media?parent=17732"}],"wp:term":[{"taxonomy":"product_brand","embeddable":true,"href":"https:\/\/eheating.lt\/en\/wp-json\/wp\/v2\/product_brand?post=17732"},{"taxonomy":"product_cat","embeddable":true,"href":"https:\/\/eheating.lt\/en\/wp-json\/wp\/v2\/product_cat?post=17732"},{"taxonomy":"product_tag","embeddable":true,"href":"https:\/\/eheating.lt\/en\/wp-json\/wp\/v2\/product_tag?post=17732"}],"curies":[{"name":"wp","href":"https:\/\/api.w.org\/{rel}","templated":true}]}}