{"id":17730,"date":"2023-11-13T22:11:27","date_gmt":"2023-11-13T20:11:27","guid":{"rendered":"https:\/\/eheating.lt\/?post_type=product&#038;p=17730"},"modified":"2024-10-18T16:59:44","modified_gmt":"2024-10-18T13:59:44","slug":"aliarminiu-isejimu-modulis-hikvision-ds-2fm2466","status":"publish","type":"product","link":"https:\/\/eheating.lt\/en\/produktas\/aliarminiu-isejimu-modulis-hikvision-ds-2fm2466\/","title":{"rendered":"Aliarmini\u0173 i\u0161\u0117jim\u0173 modulis Hikvision DS-2FM2466"},"content":{"rendered":"<ul class=\"tech-specs-items-description\" data-target=\"Digital Input\">\n<li class=\"tech-specs-items-description-list\"><span class=\"tech-specs-items-description__title--heading\">Skaitmenin\u0117 \u012fvestis<\/span><\/li>\n<li class=\"tech-specs-items-description-list\"><span class=\"tech-specs-items-description__title\">Kanal\u0173 skai\u010dius<\/span><span class=\"tech-specs-items-description__title-details\">6 single-ended digital inputs (dry contact or common-cathode wet contact)<\/span><\/li>\n<li class=\"tech-specs-items-description-list\"><span class=\"tech-specs-items-description__title\">Skaitmenin\u0117s \u012fvesties \u012ftampa<\/span><span class=\"tech-specs-items-description__title-details\"><span class=\"tech-specs-items-description__title-details\"><br \/>\n<\/span><\/span><\/p>\n<p class=\"mb-p\" style=\"margin-bottom: 0rem; height: auto;\">Dry contact<\/p>\n<p class=\"mb-p\" style=\"margin-bottom: 0rem; height: auto;\">Logic level 0: grounding<\/p>\n<p class=\"mb-p\" style=\"margin-bottom: 0rem; height: auto;\">Logic level 1: open circuit<\/p>\n<p class=\"mb-p\" style=\"margin-bottom: 0rem; height: auto;\">Wet contact<\/p>\n<p class=\"mb-p\" style=\"margin-bottom: 0rem; height: auto;\">Logic level 0: 0 to +3 V (maximum)<\/p>\n<p class=\"mb-p\" style=\"margin-bottom: 0.5em; height: auto;\">Logic level 1: +10 V to +30 V<\/p>\n<p>&nbsp;<\/li>\n<li class=\"tech-specs-items-description-list\"><span class=\"tech-specs-items-description__title\">Darbo re\u017eimas<\/span><span class=\"tech-specs-items-description__title-details\">Digital input, low-to-high latch, high-to-low latch, counter, and frequency measurement<\/span><\/li>\n<li class=\"tech-specs-items-description-list\"><span class=\"tech-specs-items-description__title\">Skaitiklis<\/span><span class=\"tech-specs-items-description__title-details\">32-bit<\/span><\/li>\n<li class=\"tech-specs-items-description-list\"><span class=\"tech-specs-items-description__title\">Skaitiklio da\u017enis<\/span><span class=\"tech-specs-items-description__title-details\">0 to 3 kHz<\/span><\/li>\n<li class=\"tech-specs-items-description-list\"><span class=\"tech-specs-items-description__title\">Kita<\/span><span class=\"tech-specs-items-description__title-details\">Supports inverted DI function<\/span><\/li>\n<\/ul>\n<ul class=\"tech-specs-items-description\" data-target=\"Digital Output\">\n<li class=\"tech-specs-items-description-list\"><span class=\"tech-specs-items-description__title--heading\">Skaitmenin\u0117 I\u0161vestis<\/span><\/li>\n<li class=\"tech-specs-items-description-list\"><span class=\"tech-specs-items-description__title\">Kanal\u0173 skai\u010dius<\/span><span class=\"tech-specs-items-description__title-details\">6 form-A power relay outputs<\/span><\/li>\n<li class=\"tech-specs-items-description-list\"><span class=\"tech-specs-items-description__title\">Kontaktin\u0117 talpa (var\u017ein\u0117)<\/span><span class=\"tech-specs-items-description__title-details\"><span class=\"tech-specs-items-description__title-details\"><br \/>\n<\/span><\/span><\/p>\n<p class=\"mb-p\" style=\"margin-bottom: 0rem; height: auto;\">AC: 250 V @ 5 A<\/p>\n<p class=\"mb-p\" style=\"margin-bottom: 0.5em; height: auto;\">DC: 30 V @ 3 A<\/p>\n<p>&nbsp;<\/li>\n<li class=\"tech-specs-items-description-list\"><span class=\"tech-specs-items-description__title\">Darbo re\u017eimas<\/span><span class=\"tech-specs-items-description__title-details\">Digital output, low-to-high delay output, high-to-low delay output, and frequency i\u0161vestis<\/span><\/li>\n<li class=\"tech-specs-items-description-list\"><span class=\"tech-specs-items-description__title\">Pertraukimo \u012ftampa<\/span><span class=\"tech-specs-items-description__title-details\">500 VAC (50\/60 Hz)<\/span><\/li>\n<li class=\"tech-specs-items-description-list\"><span class=\"tech-specs-items-description__title\">Rel\u0117s \u012fsijungimo laikas<\/span><span class=\"tech-specs-items-description__title-details\">7 ms<\/span><\/li>\n<li class=\"tech-specs-items-description-list\"><span class=\"tech-specs-items-description__title\">R\u0117l\u0117s i\u0161sijungimo laikas<\/span><span class=\"tech-specs-items-description__title-details\">3 ms<\/span><\/li>\n<li class=\"tech-specs-items-description-list\"><span class=\"tech-specs-items-description__title\">Bendras veikimo laikas<\/span><span class=\"tech-specs-items-description__title-details\">10 ms<\/span><\/li>\n<li class=\"tech-specs-items-description-list\"><span class=\"tech-specs-items-description__title\">Izoliacijos var\u017ea<\/span><span class=\"tech-specs-items-description__title-details\">&gt; 1 G\u03a9 @ 500 VDC<\/span><\/li>\n<li class=\"tech-specs-items-description-list\"><span class=\"tech-specs-items-description__title\">Maksimalus veikimo da\u017enis<\/span><span class=\"tech-specs-items-description__title-details\">20 cycles\/min (at rated load)<\/span><\/li>\n<li class=\"tech-specs-items-description-list\"><span class=\"tech-specs-items-description__title\">Elektros patvarumo vert\u0117<\/span><span class=\"tech-specs-items-description__title-details\"><span class=\"tech-specs-items-description__title-details\"><br \/>\n<\/span><\/span><\/p>\n<p class=\"mb-p\" style=\"margin-bottom: 0rem; height: auto;\">Typical value @30 VDC\/3 A: 1 \u00d7 105 times (operating frequency: 20 cycles\/min)<\/p>\n<p class=\"mb-p\" style=\"margin-bottom: 0.5em; height: auto;\">Typical value @250 VAC\/3 A: 1 \u00d7 105 times (operating frequency: 20 cycles\/min)<\/p>\n<p>&nbsp;<\/li>\n<li class=\"tech-specs-items-description-list\"><span class=\"tech-specs-items-description__title\">Mechanin\u0117 i\u0161tverm\u0117s vert\u0117<\/span><span class=\"tech-specs-items-description__title-details\">Typical value: 2 \u00d7 107 times (no load, operating frequency: 180 cycles\/min)<\/span><\/li>\n<li class=\"tech-specs-items-description-list\"><span class=\"tech-specs-items-description__title\">Impuls\u0173 i\u0161\u0117jimo da\u017enis<\/span><span class=\"tech-specs-items-description__title-details\">\u2264 3 Hz<\/span><\/li>\n<\/ul>\n<ul class=\"tech-specs-items-description\" data-target=\"Other\">\n<li class=\"tech-specs-items-description-list\"><span class=\"tech-specs-items-description__title--heading\">Kita<\/span><\/li>\n<li class=\"tech-specs-items-description-list\"><span class=\"tech-specs-items-description__title\">Izoliacijos \u012ftampa<\/span><span class=\"tech-specs-items-description__title-details\">2000 V<\/span><\/li>\n<li class=\"tech-specs-items-description-list\"><span class=\"tech-specs-items-description__title\">Bendravimo s\u0105saja<\/span><span class=\"tech-specs-items-description__title-details\">10\/100 Mbps Ethernet<\/span><\/li>\n<li class=\"tech-specs-items-description-list\"><span class=\"tech-specs-items-description__title\">Watchdog laikmatis<\/span><span class=\"tech-specs-items-description__title-details\">Double watchdog timers<\/span><\/li>\n<li class=\"tech-specs-items-description-list\"><span class=\"tech-specs-items-description__title\">Maitinimo \u012ftampa<\/span><span class=\"tech-specs-items-description__title-details\">+10 V to 30 VDC<\/span><\/li>\n<li class=\"tech-specs-items-description-list\"><span class=\"tech-specs-items-description__title\">Galios apsauga<\/span><span class=\"tech-specs-items-description__title-details\">Power reversal protection<\/span><\/li>\n<li class=\"tech-specs-items-description-list\"><span class=\"tech-specs-items-description__title\">Energijos sunaudojimas<\/span><span class=\"tech-specs-items-description__title-details\">2.5 W @ 24 VDC<\/span><\/li>\n<li class=\"tech-specs-items-description-list\"><span class=\"tech-specs-items-description__title\">Darbo s\u0105lygos (temperat\u016bra) <\/span><span class=\"tech-specs-items-description__title-details\">-10\u00b0C to +70\u00b0C<\/span><\/li>\n<li class=\"tech-specs-items-description-list\"><span class=\"tech-specs-items-description__title\">Sand\u0117liavimo s\u0105lygos (temperat\u016bra)<\/span><span class=\"tech-specs-items-description__title-details\">-20\u00b0C to +80\u00b0C<\/span><\/li>\n<\/ul>\n","protected":false},"excerpt":{"rendered":"<ul>\n<li>Alarm IO Hub<\/li>\n<li>Internetas<\/li>\n<li>POE<\/li>\n<\/ul>\n","protected":false},"featured_media":28755,"comment_status":"closed","ping_status":"closed","template":"","meta":[],"product_brand":[],"product_cat":[533,305,542],"product_tag":[],"class_list":{"0":"post-17730","1":"product","2":"type-product","3":"status-publish","4":"has-post-thumbnail","6":"product_cat-ip-vaizdo-stebejimo-sistemos","7":"product_cat-ip-kita-iranga","8":"product_cat-kiti-priedai","10":"first","11":"instock","12":"purchasable","13":"product-type-simple"},"yoast_head":"<!-- This site is optimized with the Yoast SEO Premium plugin v21.5 (Yoast SEO v27.4) - https:\/\/yoast.com\/product\/yoast-seo-premium-wordpress\/ -->\n<title>Aliarmini\u0173 i\u0161\u0117jim\u0173 modulis Hikvision DS-2FM2466<\/title>\n<meta name=\"description\" content=\"Aliarmini\u0173 i\u0161\u0117jim\u0173 modulis Hikvision DS-2FM2466 ; Alarm IO Hub ; Internetas ; POE ; Darbo s\u0105lygos (temperat\u016bra) -10\u00b0C to +70\u00b0C\" \/>\n<meta name=\"robots\" content=\"index, follow, max-snippet:-1, max-image-preview:large, max-video-preview:-1\" \/>\n<link rel=\"canonical\" href=\"https:\/\/eheating.lt\/produktas\/aliarminiu-isejimu-modulis-hikvision-ds-2fm2466\/\" \/>\n<meta property=\"og:locale\" content=\"en_US\" \/>\n<meta property=\"og:type\" content=\"article\" \/>\n<meta property=\"og:title\" content=\"Aliarmini\u0173 i\u0161\u0117jim\u0173 modulis Hikvision DS-2FM2466\" \/>\n<meta property=\"og:description\" content=\"Aliarmini\u0173 i\u0161\u0117jim\u0173 modulis Hikvision DS-2FM2466 ; Alarm IO Hub ; Internetas ; POE ; Darbo s\u0105lygos (temperat\u016bra) -10\u00b0C to +70\u00b0C\" \/>\n<meta property=\"og:url\" content=\"https:\/\/eheating.lt\/produktas\/aliarminiu-isejimu-modulis-hikvision-ds-2fm2466\/\" \/>\n<meta property=\"og:site_name\" content=\"Elektronika Namams\" \/>\n<meta property=\"article:publisher\" content=\"https:\/\/www.facebook.com\/ElektronikaNamams\" \/>\n<meta property=\"article:modified_time\" content=\"2024-10-18T13:59:44+00:00\" \/>\n<meta property=\"og:image\" content=\"https:\/\/eheating.lt\/wp-content\/uploads\/2023\/10\/Aliarminiu-isejimu-modulis-Hikvision-DS-2FM2466.png\" \/>\n\t<meta property=\"og:image:width\" content=\"800\" \/>\n\t<meta property=\"og:image:height\" content=\"800\" \/>\n\t<meta property=\"og:image:type\" content=\"image\/png\" \/>\n<meta name=\"twitter:card\" content=\"summary_large_image\" \/>\n<meta name=\"twitter:label1\" content=\"Price\" \/>\n\t<meta name=\"twitter:data1\" content=\"388,21&nbsp;&euro;\" \/>\n\t<meta name=\"twitter:label2\" content=\"Availability\" \/>\n\t<meta name=\"twitter:data2\" content=\"In stock\" \/>\n<script type=\"application\/ld+json\" class=\"yoast-schema-graph\">{\"@context\":\"https:\\\/\\\/schema.org\",\"@graph\":[{\"@type\":\"WebPage\",\"@id\":\"https:\\\/\\\/eheating.lt\\\/produktas\\\/aliarminiu-isejimu-modulis-hikvision-ds-2fm2466\\\/\",\"url\":\"https:\\\/\\\/eheating.lt\\\/produktas\\\/aliarminiu-isejimu-modulis-hikvision-ds-2fm2466\\\/\",\"name\":\"Aliarmini\u0173 i\u0161\u0117jim\u0173 modulis Hikvision DS-2FM2466\",\"isPartOf\":{\"@id\":\"https:\\\/\\\/eheating.lt\\\/#website\"},\"primaryImageOfPage\":{\"@id\":\"https:\\\/\\\/eheating.lt\\\/produktas\\\/aliarminiu-isejimu-modulis-hikvision-ds-2fm2466\\\/#primaryimage\"},\"image\":{\"@id\":\"https:\\\/\\\/eheating.lt\\\/produktas\\\/aliarminiu-isejimu-modulis-hikvision-ds-2fm2466\\\/#primaryimage\"},\"thumbnailUrl\":\"https:\\\/\\\/eheating.lt\\\/wp-content\\\/uploads\\\/2023\\\/10\\\/Aliarminiu-isejimu-modulis-Hikvision-DS-2FM2466.png\",\"datePublished\":\"2023-11-13T20:11:27+00:00\",\"dateModified\":\"2024-10-18T13:59:44+00:00\",\"description\":\"Aliarmini\u0173 i\u0161\u0117jim\u0173 modulis Hikvision DS-2FM2466 ; Alarm IO Hub ; Internetas ; POE ; Darbo s\u0105lygos (temperat\u016bra) -10\u00b0C to +70\u00b0C\",\"breadcrumb\":{\"@id\":\"https:\\\/\\\/eheating.lt\\\/produktas\\\/aliarminiu-isejimu-modulis-hikvision-ds-2fm2466\\\/#breadcrumb\"},\"inLanguage\":\"en-US\",\"potentialAction\":[{\"@type\":\"ReadAction\",\"target\":[\"https:\\\/\\\/eheating.lt\\\/produktas\\\/aliarminiu-isejimu-modulis-hikvision-ds-2fm2466\\\/\"]}]},{\"@type\":\"ImageObject\",\"inLanguage\":\"en-US\",\"@id\":\"https:\\\/\\\/eheating.lt\\\/produktas\\\/aliarminiu-isejimu-modulis-hikvision-ds-2fm2466\\\/#primaryimage\",\"url\":\"https:\\\/\\\/eheating.lt\\\/wp-content\\\/uploads\\\/2023\\\/10\\\/Aliarminiu-isejimu-modulis-Hikvision-DS-2FM2466.png\",\"contentUrl\":\"https:\\\/\\\/eheating.lt\\\/wp-content\\\/uploads\\\/2023\\\/10\\\/Aliarminiu-isejimu-modulis-Hikvision-DS-2FM2466.png\",\"width\":800,\"height\":800,\"caption\":\"Aliarmini\u0173 i\u0161\u0117jim\u0173 modulis Hikvision DS-2FM2466\"},{\"@type\":\"BreadcrumbList\",\"@id\":\"https:\\\/\\\/eheating.lt\\\/produktas\\\/aliarminiu-isejimu-modulis-hikvision-ds-2fm2466\\\/#breadcrumb\",\"itemListElement\":[{\"@type\":\"ListItem\",\"position\":1,\"name\":\"Prad\u017eia\",\"item\":\"https:\\\/\\\/eheating.lt\\\/en\\\/\"},{\"@type\":\"ListItem\",\"position\":2,\"name\":\"Shop\",\"item\":\"https:\\\/\\\/eheating.lt\\\/en\\\/?page_id=5734\"},{\"@type\":\"ListItem\",\"position\":3,\"name\":\"Aliarmini\u0173 i\u0161\u0117jim\u0173 modulis Hikvision DS-2FM2466\"}]},{\"@type\":\"WebSite\",\"@id\":\"https:\\\/\\\/eheating.lt\\\/#website\",\"url\":\"https:\\\/\\\/eheating.lt\\\/\",\"name\":\"eHeating\",\"description\":\"Elektronika ir \u0161ildymas\",\"potentialAction\":[{\"@type\":\"SearchAction\",\"target\":{\"@type\":\"EntryPoint\",\"urlTemplate\":\"https:\\\/\\\/eheating.lt\\\/?s={search_term_string}\"},\"query-input\":{\"@type\":\"PropertyValueSpecification\",\"valueRequired\":true,\"valueName\":\"search_term_string\"}}],\"inLanguage\":\"en-US\"}]}<\/script>\n<meta property=\"product:price:amount\" content=\"388.21\" \/>\n<meta property=\"product:price:currency\" content=\"EUR\" \/>\n<meta property=\"og:availability\" content=\"instock\" \/>\n<meta property=\"product:availability\" content=\"instock\" \/>\n<meta property=\"product:retailer_item_id\" content=\"8ff65f45a2a4\" \/>\n<meta property=\"product:condition\" content=\"new\" \/>\n<!-- \/ Yoast SEO Premium plugin. -->","yoast_head_json":{"title":"Aliarmini\u0173 i\u0161\u0117jim\u0173 modulis Hikvision DS-2FM2466","description":"Aliarmini\u0173 i\u0161\u0117jim\u0173 modulis Hikvision DS-2FM2466 ; Alarm IO Hub ; Internetas ; POE ; Darbo s\u0105lygos (temperat\u016bra) -10\u00b0C to +70\u00b0C","robots":{"index":"index","follow":"follow","max-snippet":"max-snippet:-1","max-image-preview":"max-image-preview:large","max-video-preview":"max-video-preview:-1"},"canonical":"https:\/\/eheating.lt\/produktas\/aliarminiu-isejimu-modulis-hikvision-ds-2fm2466\/","og_locale":"en_US","og_type":"article","og_title":"Aliarmini\u0173 i\u0161\u0117jim\u0173 modulis Hikvision DS-2FM2466","og_description":"Aliarmini\u0173 i\u0161\u0117jim\u0173 modulis Hikvision DS-2FM2466 ; Alarm IO Hub ; Internetas ; POE ; Darbo s\u0105lygos (temperat\u016bra) -10\u00b0C to +70\u00b0C","og_url":"https:\/\/eheating.lt\/produktas\/aliarminiu-isejimu-modulis-hikvision-ds-2fm2466\/","og_site_name":"Elektronika Namams","article_publisher":"https:\/\/www.facebook.com\/ElektronikaNamams","article_modified_time":"2024-10-18T13:59:44+00:00","og_image":[{"width":800,"height":800,"url":"https:\/\/eheating.lt\/wp-content\/uploads\/2023\/10\/Aliarminiu-isejimu-modulis-Hikvision-DS-2FM2466.png","type":"image\/png"}],"twitter_card":"summary_large_image","twitter_misc":{"Price":"388,21&nbsp;&euro;","Availability":"In stock"},"schema":{"@context":"https:\/\/schema.org","@graph":[{"@type":"WebPage","@id":"https:\/\/eheating.lt\/produktas\/aliarminiu-isejimu-modulis-hikvision-ds-2fm2466\/","url":"https:\/\/eheating.lt\/produktas\/aliarminiu-isejimu-modulis-hikvision-ds-2fm2466\/","name":"Aliarmini\u0173 i\u0161\u0117jim\u0173 modulis Hikvision DS-2FM2466","isPartOf":{"@id":"https:\/\/eheating.lt\/#website"},"primaryImageOfPage":{"@id":"https:\/\/eheating.lt\/produktas\/aliarminiu-isejimu-modulis-hikvision-ds-2fm2466\/#primaryimage"},"image":{"@id":"https:\/\/eheating.lt\/produktas\/aliarminiu-isejimu-modulis-hikvision-ds-2fm2466\/#primaryimage"},"thumbnailUrl":"https:\/\/eheating.lt\/wp-content\/uploads\/2023\/10\/Aliarminiu-isejimu-modulis-Hikvision-DS-2FM2466.png","datePublished":"2023-11-13T20:11:27+00:00","dateModified":"2024-10-18T13:59:44+00:00","description":"Aliarmini\u0173 i\u0161\u0117jim\u0173 modulis Hikvision DS-2FM2466 ; Alarm IO Hub ; Internetas ; POE ; Darbo s\u0105lygos (temperat\u016bra) -10\u00b0C to +70\u00b0C","breadcrumb":{"@id":"https:\/\/eheating.lt\/produktas\/aliarminiu-isejimu-modulis-hikvision-ds-2fm2466\/#breadcrumb"},"inLanguage":"en-US","potentialAction":[{"@type":"ReadAction","target":["https:\/\/eheating.lt\/produktas\/aliarminiu-isejimu-modulis-hikvision-ds-2fm2466\/"]}]},{"@type":"ImageObject","inLanguage":"en-US","@id":"https:\/\/eheating.lt\/produktas\/aliarminiu-isejimu-modulis-hikvision-ds-2fm2466\/#primaryimage","url":"https:\/\/eheating.lt\/wp-content\/uploads\/2023\/10\/Aliarminiu-isejimu-modulis-Hikvision-DS-2FM2466.png","contentUrl":"https:\/\/eheating.lt\/wp-content\/uploads\/2023\/10\/Aliarminiu-isejimu-modulis-Hikvision-DS-2FM2466.png","width":800,"height":800,"caption":"Aliarmini\u0173 i\u0161\u0117jim\u0173 modulis Hikvision DS-2FM2466"},{"@type":"BreadcrumbList","@id":"https:\/\/eheating.lt\/produktas\/aliarminiu-isejimu-modulis-hikvision-ds-2fm2466\/#breadcrumb","itemListElement":[{"@type":"ListItem","position":1,"name":"Prad\u017eia","item":"https:\/\/eheating.lt\/en\/"},{"@type":"ListItem","position":2,"name":"Shop","item":"https:\/\/eheating.lt\/en\/?page_id=5734"},{"@type":"ListItem","position":3,"name":"Aliarmini\u0173 i\u0161\u0117jim\u0173 modulis Hikvision DS-2FM2466"}]},{"@type":"WebSite","@id":"https:\/\/eheating.lt\/#website","url":"https:\/\/eheating.lt\/","name":"eHeating","description":"Elektronika ir \u0161ildymas","potentialAction":[{"@type":"SearchAction","target":{"@type":"EntryPoint","urlTemplate":"https:\/\/eheating.lt\/?s={search_term_string}"},"query-input":{"@type":"PropertyValueSpecification","valueRequired":true,"valueName":"search_term_string"}}],"inLanguage":"en-US"}]},"product_price_amount":"388.21","product_price_currency":"EUR","og_availability":"instock","product_availability":"instock","product_retailer_item_id":"8ff65f45a2a4","product_condition":"new"},"_links":{"self":[{"href":"https:\/\/eheating.lt\/en\/wp-json\/wp\/v2\/product\/17730","targetHints":{"allow":["GET"]}}],"collection":[{"href":"https:\/\/eheating.lt\/en\/wp-json\/wp\/v2\/product"}],"about":[{"href":"https:\/\/eheating.lt\/en\/wp-json\/wp\/v2\/types\/product"}],"replies":[{"embeddable":true,"href":"https:\/\/eheating.lt\/en\/wp-json\/wp\/v2\/comments?post=17730"}],"version-history":[{"count":0,"href":"https:\/\/eheating.lt\/en\/wp-json\/wp\/v2\/product\/17730\/revisions"}],"wp:featuredmedia":[{"embeddable":true,"href":"https:\/\/eheating.lt\/en\/wp-json\/wp\/v2\/media\/28755"}],"wp:attachment":[{"href":"https:\/\/eheating.lt\/en\/wp-json\/wp\/v2\/media?parent=17730"}],"wp:term":[{"taxonomy":"product_brand","embeddable":true,"href":"https:\/\/eheating.lt\/en\/wp-json\/wp\/v2\/product_brand?post=17730"},{"taxonomy":"product_cat","embeddable":true,"href":"https:\/\/eheating.lt\/en\/wp-json\/wp\/v2\/product_cat?post=17730"},{"taxonomy":"product_tag","embeddable":true,"href":"https:\/\/eheating.lt\/en\/wp-json\/wp\/v2\/product_tag?post=17730"}],"curies":[{"name":"wp","href":"https:\/\/api.w.org\/{rel}","templated":true}]}}