{"id":17682,"date":"2023-11-13T21:58:55","date_gmt":"2023-11-13T19:58:55","guid":{"rendered":"https:\/\/eheating.lt\/?post_type=product&#038;p=17682"},"modified":"2024-07-11T19:16:13","modified_gmt":"2024-07-11T16:16:13","slug":"hikvision-ds-d5b65rb-b-interaktyvus-ekranas-65","status":"publish","type":"product","link":"https:\/\/eheating.lt\/en\/produktas\/hikvision-ds-d5b65rb-b-interaktyvus-ekranas-65\/","title":{"rendered":"Hikvision DS-D5B65RB\/B interaktyvus ekranas 65&#8243;"},"content":{"rendered":"<ul class=\"tech-specs-items-description\" data-target=\"Product Model\">\n<li class=\"tech-specs-items-description-list\"><span class=\"tech-specs-items-description__title--heading\">Modelis<\/span><\/li>\n<li class=\"tech-specs-items-description-list\"><span class=\"tech-specs-items-description__title\">Modelis<\/span><span class=\"tech-specs-items-description__title-details\">DS-D5B65RB\/B<\/span><\/li>\n<\/ul>\n<ul class=\"tech-specs-items-description\" data-target=\"Display\">\n<li class=\"tech-specs-items-description-list\"><span class=\"tech-specs-items-description__title--heading\">Ekranas<\/span><\/li>\n<li class=\"tech-specs-items-description-list\"><span class=\"tech-specs-items-description__title\">Ekrano dydis<\/span><span class=\"tech-specs-items-description__title-details\">65 inch LED Backlight<\/span><\/li>\n<li class=\"tech-specs-items-description-list\"><span class=\"tech-specs-items-description__title\">Foninis ap\u0161vietimas<\/span><span class=\"tech-specs-items-description__title-details\">DLED<\/span><\/li>\n<li class=\"tech-specs-items-description-list\"><span class=\"tech-specs-items-description__title\">Ta\u0161k\u0173 \u017eingsnis<\/span><span class=\"tech-specs-items-description__title-details\">0.124 (H) \u00d7 0.372 (V) mm<\/span><\/li>\n<li class=\"tech-specs-items-description-list\"><span class=\"tech-specs-items-description__title\">Rezoliucija<\/span><span class=\"tech-specs-items-description__title-details\">3840 \u00d7 2160@60 Hz<\/span><\/li>\n<li class=\"tech-specs-items-description-list\"><span class=\"tech-specs-items-description__title\">Ap\u0161vietimas<\/span><span class=\"tech-specs-items-description__title-details\">350 cd\/m\u00b2<\/span><\/li>\n<li class=\"tech-specs-items-description-list\"><span class=\"tech-specs-items-description__title\">Spalvos gylis<\/span><span class=\"tech-specs-items-description__title-details\">10 bit<\/span><\/li>\n<li class=\"tech-specs-items-description-list\"><span class=\"tech-specs-items-description__title\">Kontrasto santykis<\/span><span class=\"tech-specs-items-description__title-details\">1200 : 1 (Typ.)<\/span><\/li>\n<li class=\"tech-specs-items-description-list\"><span class=\"tech-specs-items-description__title\">Atsakymo laikas<\/span><span class=\"tech-specs-items-description__title-details\">6 ms<\/span><\/li>\n<li class=\"tech-specs-items-description-list\"><span class=\"tech-specs-items-description__title\">Spalv\u0173 gama<\/span><span class=\"tech-specs-items-description__title-details\">90% NTSC (CIE1931) (Typ.)<\/span><\/li>\n<li class=\"tech-specs-items-description-list\"><span class=\"tech-specs-items-description__title\">Atsinaujinimo da\u017enis<\/span><span class=\"tech-specs-items-description__title-details\">60 Hz<\/span><\/li>\n<li class=\"tech-specs-items-description-list\"><span class=\"tech-specs-items-description__title\">\u017di\u016br\u0117jimo kampas<\/span><span class=\"tech-specs-items-description__title-details\">178\u00b0 (H) \/ 178\u00b0 (V)<\/span><\/li>\n<\/ul>\n<ul class=\"tech-specs-items-description\" data-target=\"Built-in System\">\n<li class=\"tech-specs-items-description-list\"><span class=\"tech-specs-items-description__title--heading\">\u012ediegta sistema<\/span><\/li>\n<li class=\"tech-specs-items-description-list\"><span class=\"tech-specs-items-description__title\">Operacin\u0117 sistema<\/span><span class=\"tech-specs-items-description__title-details\">Android 8.0<\/span><\/li>\n<li class=\"tech-specs-items-description-list\"><span class=\"tech-specs-items-description__title\">Procesorius<\/span><span class=\"tech-specs-items-description__title-details\">4-core A73 \u00d7 2 + A53 \u00d7 2, 1.5 GHz<\/span><\/li>\n<li class=\"tech-specs-items-description-list\"><span class=\"tech-specs-items-description__title\">Atmintis(RAM)<\/span><span class=\"tech-specs-items-description__title-details\">3 GB<\/span><\/li>\n<li class=\"tech-specs-items-description-list\"><span class=\"tech-specs-items-description__title\">Vidin\u0117 atmintis (ROM)<\/span><span class=\"tech-specs-items-description__title-details\">32 GB<\/span><\/li>\n<li class=\"tech-specs-items-description-list\"><span class=\"tech-specs-items-description__title\">NIC<\/span><span class=\"tech-specs-items-description__title-details\">Built-in 100 Mbps NIC, supporting routing<\/span><\/li>\n<\/ul>\n<ul class=\"tech-specs-items-description\" data-target=\"Touch\">\n<li class=\"tech-specs-items-description-list\"><span class=\"tech-specs-items-description__title--heading\">Lie\u010diamas ekranas<\/span><\/li>\n<li class=\"tech-specs-items-description-list\"><span class=\"tech-specs-items-description__title\">Tipas<\/span><span class=\"tech-specs-items-description__title-details\">Infraraudon\u0173j\u0173 spinduli\u0173 jutiklinis ekranas<\/span><\/li>\n<li class=\"tech-specs-items-description-list\"><span class=\"tech-specs-items-description__title\">Stiklas<\/span><span class=\"tech-specs-items-description__title-details\">Smooth tempered glass being anti-glare and explosion-proof<\/span><\/li>\n<li class=\"tech-specs-items-description-list\"><span class=\"tech-specs-items-description__title\">Lietimo ta\u0161ka<\/span><span class=\"tech-specs-items-description__title-details\">20 point multi-touch<\/span><\/li>\n<li class=\"tech-specs-items-description-list\"><span class=\"tech-specs-items-description__title\">Lietimo atsako laikas<\/span><span class=\"tech-specs-items-description__title-details\">\uff1c 10 ms<\/span><\/li>\n<li class=\"tech-specs-items-description-list\"><span class=\"tech-specs-items-description__title\">Lietimo tikslumas<\/span><span class=\"tech-specs-items-description__title-details\">\u00b1 1 mm (\u2265 90% touching area) <\/span><\/li>\n<\/ul>\n<ul class=\"tech-specs-items-description\" data-target=\"Internal Function\">\n<li class=\"tech-specs-items-description-list\"><span class=\"tech-specs-items-description__title--heading\">Vidin\u0117s funkcijos<\/span><\/li>\n<li class=\"tech-specs-items-description-list\"><span class=\"tech-specs-items-description__title\">Garsiakalbiai<\/span><span class=\"tech-specs-items-description__title-details\">Built-in 2 \u00d7 16 W loudspeaker <\/span><\/li>\n<li class=\"tech-specs-items-description-list\"><span class=\"tech-specs-items-description__title\">Bluetooth<\/span><span class=\"tech-specs-items-description__title-details\">Built-in BLE (Bluetooth Low Energy) module supports Bluetooth 5.0 and previous version.<\/span><\/li>\n<\/ul>\n<ul class=\"tech-specs-items-description\" data-target=\"Interface\">\n<li class=\"tech-specs-items-description-list\"><span class=\"tech-specs-items-description__title--heading\">S\u0105saja<\/span><\/li>\n<li class=\"tech-specs-items-description-list\"><span class=\"tech-specs-items-description__title\">Vaizdo &amp; garso \u012fvestis<\/span><span class=\"tech-specs-items-description__title-details\">HDMI IN \u00d7 2, MAX 4K @ 60 Hz, LINE IN \u00d7 1<\/span><\/li>\n<li class=\"tech-specs-items-description-list\"><span class=\"tech-specs-items-description__title\">Vaizdo &amp; garso i\u0161vestis<\/span><span class=\"tech-specs-items-description__title-details\">HDMI OUT \u00d7 1, MAX 4K @ 60 Hz, LINE OUT \u00d7 1 <\/span><\/li>\n<li class=\"tech-specs-items-description-list\"><span class=\"tech-specs-items-description__title\">Valdymo s\u0105saja<\/span><span class=\"tech-specs-items-description__title-details\">RS-232 \u00d7 1 <\/span><\/li>\n<li class=\"tech-specs-items-description-list\"><span class=\"tech-specs-items-description__title\">Tinklo s\u0105saja<\/span><span class=\"tech-specs-items-description__title-details\">RJ45 (100 Mbps port) \u00d7 2<\/span><\/li>\n<li class=\"tech-specs-items-description-list\"><span class=\"tech-specs-items-description__title\">Informacijos perdavimo s\u0105saja<\/span><span class=\"tech-specs-items-description__title-details\">USB on front panel \u00d7 2, USB on rear panel \u00d7 2, touch USB \u00d7 1<\/span><\/li>\n<\/ul>\n<ul class=\"tech-specs-items-description\" data-target=\"Power\">\n<li class=\"tech-specs-items-description-list\"><span class=\"tech-specs-items-description__title--heading\">Energija<\/span><\/li>\n<li class=\"tech-specs-items-description-list\"><span class=\"tech-specs-items-description__title\">Energijos sunaudojimas<\/span><span class=\"tech-specs-items-description__title-details\">\u2264 250 W (full load)<\/span><\/li>\n<li class=\"tech-specs-items-description-list\"><span class=\"tech-specs-items-description__title\">Energijos sunaudojimas bud\u0117jimo re\u017eime<\/span><span class=\"tech-specs-items-description__title-details\">0.5 W<\/span><\/li>\n<\/ul>\n<ul class=\"tech-specs-items-description\" data-target=\"Working Environment\">\n<li class=\"tech-specs-items-description-list\"><span class=\"tech-specs-items-description__title--heading\">Darbin\u0117 aplinka<\/span><\/li>\n<li class=\"tech-specs-items-description-list\"><span class=\"tech-specs-items-description__title\">Atsparumas temperat\u016brai<\/span><span class=\"tech-specs-items-description__title-details\">0 \u2103 to 40 \u2103 (32 \u2109 to 104 \u2109)<\/span><\/li>\n<li class=\"tech-specs-items-description-list\"><span class=\"tech-specs-items-description__title\">Atsparumas dr\u0117gme<\/span><span class=\"tech-specs-items-description__title-details\">10% to 90% RH<\/span><\/li>\n<\/ul>\n<ul class=\"tech-specs-items-description\" data-target=\"General\">\n<li class=\"tech-specs-items-description-list\"><span class=\"tech-specs-items-description__title--heading\">Pagrindinis<\/span><\/li>\n<li class=\"tech-specs-items-description-list\"><span class=\"tech-specs-items-description__title\">Galia<\/span><span class=\"tech-specs-items-description__title-details\">100 to 240 VAC, 50\/60 Hz<\/span><\/li>\n<li class=\"tech-specs-items-description-list\"><span class=\"tech-specs-items-description__title\">Produkto matmenys<\/span><span class=\"tech-specs-items-description__title-details\">1507 \u00d7 930 \u00d7 86 mm (59.3&#8221; \u00d7 36.6&#8221; \u00d7 3.4&#8221;)<\/span><\/li>\n<li class=\"tech-specs-items-description-list\"><span class=\"tech-specs-items-description__title\">Pakuot\u0117s matmenys (W \u00d7 H \u00d7 D)<\/span><span class=\"tech-specs-items-description__title-details\">1687 \u00d7 1061 \u00d7 234 mm (66.4&#8221; \u00d7 41.8&#8221; \u00d7 9.2&#8221;)<\/span><\/li>\n<li class=\"tech-specs-items-description-list\"><span class=\"tech-specs-items-description__title\">Bendras svoris<\/span><span class=\"tech-specs-items-description__title-details\">40.36 kg (88.98 lb.)<\/span><\/li>\n<li class=\"tech-specs-items-description-list\"><span class=\"tech-specs-items-description__title\">Svoris bruto<\/span><span class=\"tech-specs-items-description__title-details\">50.69 kg (111.75 lb.)<\/span><\/li>\n<\/ul>\n<ul class=\"tech-specs-items-description\" data-target=\"Camera\">\n<li class=\"tech-specs-items-description-list\"><span class=\"tech-specs-items-description__title--heading\">Kamera<\/span><\/li>\n<li class=\"tech-specs-items-description-list\"><span class=\"tech-specs-items-description__title\">Pixel<\/span><span class=\"tech-specs-items-description__title-details\">8 MP <\/span><\/li>\n<li class=\"tech-specs-items-description-list\"><span class=\"tech-specs-items-description__title\">Kameros funkcija<\/span><span class=\"tech-specs-items-description__title-details\">Smart switch between Android system and OPS <\/span><\/li>\n<li class=\"tech-specs-items-description-list\"><span class=\"tech-specs-items-description__title\">\u017di\u016br\u0117jimo kampas<\/span><span class=\"tech-specs-items-description__title-details\">100\u00b0 (diagonal), 90\u00b0 (horizontal), 66\u00b0 (vertical) <\/span><\/li>\n<li class=\"tech-specs-items-description-list\"><span class=\"tech-specs-items-description__title\">I\u0161kraipymas<\/span><span class=\"tech-specs-items-description__title-details\">\u22641% <\/span><\/li>\n<li class=\"tech-specs-items-description-list\"><span class=\"tech-specs-items-description__title\">Kameros rai\u0161kos santykis<\/span><span class=\"tech-specs-items-description__title-details\">Up to 4K <\/span><\/li>\n<\/ul>\n<ul class=\"tech-specs-items-description\" data-target=\"Microphone\">\n<li class=\"tech-specs-items-description-list\"><span class=\"tech-specs-items-description__title--heading\">mikrofonas<\/span><\/li>\n<li class=\"tech-specs-items-description-list\"><span class=\"tech-specs-items-description__title\">Specifikacijos<\/span><span class=\"tech-specs-items-description__title-details\">Omni-directional 6-array layout<\/span><\/li>\n<li class=\"tech-specs-items-description-list\"><span class=\"tech-specs-items-description__title\">Funkcijos<\/span><span class=\"tech-specs-items-description__title-details\">Echo reduction and smart noise-cancellation <\/span><\/li>\n<li class=\"tech-specs-items-description-list\"><span class=\"tech-specs-items-description__title\">Balso atstumas<\/span><span class=\"tech-specs-items-description__title-details\">8 m<\/span><\/li>\n<li class=\"tech-specs-items-description-list\"><span class=\"tech-specs-items-description__title\">Atrankos da\u017enis<\/span><span class=\"tech-specs-items-description__title-details\">32 K <\/span><\/li>\n<li class=\"tech-specs-items-description-list\"><span class=\"tech-specs-items-description__title\">Mikrofono atrankos da\u017enis<\/span><span class=\"tech-specs-items-description__title-details\">16 bit <\/span><\/li>\n<\/ul>\n","protected":false},"excerpt":{"rendered":"<ul>\n<li>Rai\u0161ka 3840 \u00d7 2160<\/li>\n<li>UHD 4K<\/li>\n<li>Android 8.0<\/li>\n<li>Wi-Fi<\/li>\n<li>Bluetooth<\/li>\n<li>\u012emontuotas garsiakalbis, mikrofonas ir kamera<\/li>\n<\/ul>\n","protected":false},"featured_media":28344,"comment_status":"closed","ping_status":"closed","template":"","meta":[],"product_brand":[],"product_cat":[801,848,824,829,852,837],"product_tag":[],"class_list":{"0":"post-17682","1":"product","2":"type-product","3":"status-publish","4":"has-post-thumbnail","6":"product_cat-ip-video-surveillance-systems","7":"product_cat-turbo-hd-other-equipment","8":"product_cat-ip-other-equipment","9":"product_cat-monitors","10":"product_cat-monitors-turbo-hd","11":"product_cat-turbo-hd-video-surveillance","13":"first","14":"instock","15":"taxable","16":"shipping-taxable","17":"purchasable","18":"product-type-simple"},"yoast_head":"<!-- This site is optimized with the Yoast SEO Premium plugin v21.5 (Yoast SEO v27.5) - https:\/\/yoast.com\/product\/yoast-seo-premium-wordpress\/ -->\n<title>Hikvision DS-D5B65RB\/B interaktyvus ekranas 65&quot;<\/title>\n<meta name=\"description\" content=\"Hikvision DS-D5B65RB\/B interaktyvus ekranas 65&quot; ; Rai\u0161ka 3840 \u00d7 2160 ; UHD 4K ; Android 8.0 ; Wi-Fi ; \u012emontuotas garsiakalbis, mikrofonas ir kamera\" \/>\n<meta name=\"robots\" content=\"index, follow, max-snippet:-1, max-image-preview:large, max-video-preview:-1\" \/>\n<link rel=\"canonical\" href=\"https:\/\/eheating.lt\/produktas\/hikvision-ds-d5b65rb-b-interaktyvus-ekranas-65\/\" \/>\n<meta property=\"og:locale\" content=\"en_US\" \/>\n<meta property=\"og:type\" content=\"article\" \/>\n<meta property=\"og:title\" content=\"Hikvision DS-D5B65RB\/B interaktyvus ekranas 65&quot;\" \/>\n<meta property=\"og:description\" content=\"Hikvision DS-D5B65RB\/B interaktyvus ekranas 65&quot; ; Rai\u0161ka 3840 \u00d7 2160 ; UHD 4K ; Android 8.0 ; Wi-Fi ; \u012emontuotas garsiakalbis, mikrofonas ir kamera\" \/>\n<meta property=\"og:url\" content=\"https:\/\/eheating.lt\/produktas\/hikvision-ds-d5b65rb-b-interaktyvus-ekranas-65\/\" \/>\n<meta property=\"og:site_name\" content=\"Elektronika Namams\" \/>\n<meta property=\"article:publisher\" content=\"https:\/\/www.facebook.com\/ElektronikaNamams\" \/>\n<meta property=\"article:modified_time\" content=\"2024-07-11T16:16:13+00:00\" \/>\n<meta property=\"og:image\" content=\"https:\/\/eheating.lt\/wp-content\/uploads\/2023\/10\/Hikvision-DS-D5B65RBB-interaktyvus-ekranas-65.png\" \/>\n\t<meta property=\"og:image:width\" content=\"800\" \/>\n\t<meta property=\"og:image:height\" content=\"800\" \/>\n\t<meta property=\"og:image:type\" content=\"image\/png\" \/>\n<meta name=\"twitter:card\" content=\"summary_large_image\" \/>\n<meta name=\"twitter:label1\" content=\"Price\" \/>\n\t<meta name=\"twitter:data1\" content=\"5531,56&nbsp;&euro;\" \/>\n\t<meta name=\"twitter:label2\" content=\"Availability\" \/>\n\t<meta name=\"twitter:data2\" content=\"In stock\" \/>\n<script type=\"application\/ld+json\" class=\"yoast-schema-graph\">{\"@context\":\"https:\\\/\\\/schema.org\",\"@graph\":[{\"@type\":\"WebPage\",\"@id\":\"https:\\\/\\\/eheating.lt\\\/produktas\\\/hikvision-ds-d5b65rb-b-interaktyvus-ekranas-65\\\/\",\"url\":\"https:\\\/\\\/eheating.lt\\\/produktas\\\/hikvision-ds-d5b65rb-b-interaktyvus-ekranas-65\\\/\",\"name\":\"Hikvision DS-D5B65RB\\\/B interaktyvus ekranas 65\\\"\",\"isPartOf\":{\"@id\":\"https:\\\/\\\/eheating.lt\\\/#website\"},\"primaryImageOfPage\":{\"@id\":\"https:\\\/\\\/eheating.lt\\\/produktas\\\/hikvision-ds-d5b65rb-b-interaktyvus-ekranas-65\\\/#primaryimage\"},\"image\":{\"@id\":\"https:\\\/\\\/eheating.lt\\\/produktas\\\/hikvision-ds-d5b65rb-b-interaktyvus-ekranas-65\\\/#primaryimage\"},\"thumbnailUrl\":\"https:\\\/\\\/eheating.lt\\\/wp-content\\\/uploads\\\/2023\\\/10\\\/Hikvision-DS-D5B65RBB-interaktyvus-ekranas-65.png\",\"datePublished\":\"2023-11-13T19:58:55+00:00\",\"dateModified\":\"2024-07-11T16:16:13+00:00\",\"description\":\"Hikvision DS-D5B65RB\\\/B interaktyvus ekranas 65\\\" ; Rai\u0161ka 3840 \u00d7 2160 ; UHD 4K ; Android 8.0 ; Wi-Fi ; \u012emontuotas garsiakalbis, mikrofonas ir kamera\",\"breadcrumb\":{\"@id\":\"https:\\\/\\\/eheating.lt\\\/produktas\\\/hikvision-ds-d5b65rb-b-interaktyvus-ekranas-65\\\/#breadcrumb\"},\"inLanguage\":\"en-US\",\"potentialAction\":[{\"@type\":\"ReadAction\",\"target\":[\"https:\\\/\\\/eheating.lt\\\/produktas\\\/hikvision-ds-d5b65rb-b-interaktyvus-ekranas-65\\\/\"]}]},{\"@type\":\"ImageObject\",\"inLanguage\":\"en-US\",\"@id\":\"https:\\\/\\\/eheating.lt\\\/produktas\\\/hikvision-ds-d5b65rb-b-interaktyvus-ekranas-65\\\/#primaryimage\",\"url\":\"https:\\\/\\\/eheating.lt\\\/wp-content\\\/uploads\\\/2023\\\/10\\\/Hikvision-DS-D5B65RBB-interaktyvus-ekranas-65.png\",\"contentUrl\":\"https:\\\/\\\/eheating.lt\\\/wp-content\\\/uploads\\\/2023\\\/10\\\/Hikvision-DS-D5B65RBB-interaktyvus-ekranas-65.png\",\"width\":800,\"height\":800,\"caption\":\"Hikvision DS-D5B65RB\\\/B interaktyvus ekranas 65\\\"\"},{\"@type\":\"BreadcrumbList\",\"@id\":\"https:\\\/\\\/eheating.lt\\\/produktas\\\/hikvision-ds-d5b65rb-b-interaktyvus-ekranas-65\\\/#breadcrumb\",\"itemListElement\":[{\"@type\":\"ListItem\",\"position\":1,\"name\":\"Prad\u017eia\",\"item\":\"https:\\\/\\\/eheating.lt\\\/en\\\/\"},{\"@type\":\"ListItem\",\"position\":2,\"name\":\"Shop\",\"item\":\"https:\\\/\\\/eheating.lt\\\/en\\\/?page_id=5734\"},{\"@type\":\"ListItem\",\"position\":3,\"name\":\"Hikvision DS-D5B65RB\\\/B interaktyvus ekranas 65&#8243;\"}]},{\"@type\":\"WebSite\",\"@id\":\"https:\\\/\\\/eheating.lt\\\/#website\",\"url\":\"https:\\\/\\\/eheating.lt\\\/\",\"name\":\"eHeating\",\"description\":\"Elektronika ir \u0161ildymas\",\"potentialAction\":[{\"@type\":\"SearchAction\",\"target\":{\"@type\":\"EntryPoint\",\"urlTemplate\":\"https:\\\/\\\/eheating.lt\\\/?s={search_term_string}\"},\"query-input\":{\"@type\":\"PropertyValueSpecification\",\"valueRequired\":true,\"valueName\":\"search_term_string\"}}],\"inLanguage\":\"en-US\"}]}<\/script>\n<meta property=\"product:price:amount\" content=\"5531.56\" \/>\n<meta property=\"product:price:currency\" content=\"EUR\" \/>\n<meta property=\"og:availability\" content=\"instock\" \/>\n<meta property=\"product:availability\" content=\"instock\" \/>\n<meta property=\"product:retailer_item_id\" content=\"c854ec0b3c45\" \/>\n<meta property=\"product:condition\" content=\"new\" \/>\n<!-- \/ Yoast SEO Premium plugin. -->","yoast_head_json":{"title":"Hikvision DS-D5B65RB\/B interaktyvus ekranas 65\"","description":"Hikvision DS-D5B65RB\/B interaktyvus ekranas 65\" ; Rai\u0161ka 3840 \u00d7 2160 ; UHD 4K ; Android 8.0 ; Wi-Fi ; \u012emontuotas garsiakalbis, mikrofonas ir kamera","robots":{"index":"index","follow":"follow","max-snippet":"max-snippet:-1","max-image-preview":"max-image-preview:large","max-video-preview":"max-video-preview:-1"},"canonical":"https:\/\/eheating.lt\/produktas\/hikvision-ds-d5b65rb-b-interaktyvus-ekranas-65\/","og_locale":"en_US","og_type":"article","og_title":"Hikvision DS-D5B65RB\/B interaktyvus ekranas 65\"","og_description":"Hikvision DS-D5B65RB\/B interaktyvus ekranas 65\" ; Rai\u0161ka 3840 \u00d7 2160 ; UHD 4K ; Android 8.0 ; Wi-Fi ; \u012emontuotas garsiakalbis, mikrofonas ir kamera","og_url":"https:\/\/eheating.lt\/produktas\/hikvision-ds-d5b65rb-b-interaktyvus-ekranas-65\/","og_site_name":"Elektronika Namams","article_publisher":"https:\/\/www.facebook.com\/ElektronikaNamams","article_modified_time":"2024-07-11T16:16:13+00:00","og_image":[{"width":800,"height":800,"url":"https:\/\/eheating.lt\/wp-content\/uploads\/2023\/10\/Hikvision-DS-D5B65RBB-interaktyvus-ekranas-65.png","type":"image\/png"}],"twitter_card":"summary_large_image","twitter_misc":{"Price":"5531,56&nbsp;&euro;","Availability":"In stock"},"schema":{"@context":"https:\/\/schema.org","@graph":[{"@type":"WebPage","@id":"https:\/\/eheating.lt\/produktas\/hikvision-ds-d5b65rb-b-interaktyvus-ekranas-65\/","url":"https:\/\/eheating.lt\/produktas\/hikvision-ds-d5b65rb-b-interaktyvus-ekranas-65\/","name":"Hikvision DS-D5B65RB\/B interaktyvus ekranas 65\"","isPartOf":{"@id":"https:\/\/eheating.lt\/#website"},"primaryImageOfPage":{"@id":"https:\/\/eheating.lt\/produktas\/hikvision-ds-d5b65rb-b-interaktyvus-ekranas-65\/#primaryimage"},"image":{"@id":"https:\/\/eheating.lt\/produktas\/hikvision-ds-d5b65rb-b-interaktyvus-ekranas-65\/#primaryimage"},"thumbnailUrl":"https:\/\/eheating.lt\/wp-content\/uploads\/2023\/10\/Hikvision-DS-D5B65RBB-interaktyvus-ekranas-65.png","datePublished":"2023-11-13T19:58:55+00:00","dateModified":"2024-07-11T16:16:13+00:00","description":"Hikvision DS-D5B65RB\/B interaktyvus ekranas 65\" ; Rai\u0161ka 3840 \u00d7 2160 ; UHD 4K ; Android 8.0 ; Wi-Fi ; \u012emontuotas garsiakalbis, mikrofonas ir kamera","breadcrumb":{"@id":"https:\/\/eheating.lt\/produktas\/hikvision-ds-d5b65rb-b-interaktyvus-ekranas-65\/#breadcrumb"},"inLanguage":"en-US","potentialAction":[{"@type":"ReadAction","target":["https:\/\/eheating.lt\/produktas\/hikvision-ds-d5b65rb-b-interaktyvus-ekranas-65\/"]}]},{"@type":"ImageObject","inLanguage":"en-US","@id":"https:\/\/eheating.lt\/produktas\/hikvision-ds-d5b65rb-b-interaktyvus-ekranas-65\/#primaryimage","url":"https:\/\/eheating.lt\/wp-content\/uploads\/2023\/10\/Hikvision-DS-D5B65RBB-interaktyvus-ekranas-65.png","contentUrl":"https:\/\/eheating.lt\/wp-content\/uploads\/2023\/10\/Hikvision-DS-D5B65RBB-interaktyvus-ekranas-65.png","width":800,"height":800,"caption":"Hikvision DS-D5B65RB\/B interaktyvus ekranas 65\""},{"@type":"BreadcrumbList","@id":"https:\/\/eheating.lt\/produktas\/hikvision-ds-d5b65rb-b-interaktyvus-ekranas-65\/#breadcrumb","itemListElement":[{"@type":"ListItem","position":1,"name":"Prad\u017eia","item":"https:\/\/eheating.lt\/en\/"},{"@type":"ListItem","position":2,"name":"Shop","item":"https:\/\/eheating.lt\/en\/?page_id=5734"},{"@type":"ListItem","position":3,"name":"Hikvision DS-D5B65RB\/B interaktyvus ekranas 65&#8243;"}]},{"@type":"WebSite","@id":"https:\/\/eheating.lt\/#website","url":"https:\/\/eheating.lt\/","name":"eHeating","description":"Elektronika ir \u0161ildymas","potentialAction":[{"@type":"SearchAction","target":{"@type":"EntryPoint","urlTemplate":"https:\/\/eheating.lt\/?s={search_term_string}"},"query-input":{"@type":"PropertyValueSpecification","valueRequired":true,"valueName":"search_term_string"}}],"inLanguage":"en-US"}]},"product_price_amount":"5531.56","product_price_currency":"EUR","og_availability":"instock","product_availability":"instock","product_retailer_item_id":"c854ec0b3c45","product_condition":"new"},"_links":{"self":[{"href":"https:\/\/eheating.lt\/en\/wp-json\/wp\/v2\/product\/17682","targetHints":{"allow":["GET"]}}],"collection":[{"href":"https:\/\/eheating.lt\/en\/wp-json\/wp\/v2\/product"}],"about":[{"href":"https:\/\/eheating.lt\/en\/wp-json\/wp\/v2\/types\/product"}],"replies":[{"embeddable":true,"href":"https:\/\/eheating.lt\/en\/wp-json\/wp\/v2\/comments?post=17682"}],"version-history":[{"count":0,"href":"https:\/\/eheating.lt\/en\/wp-json\/wp\/v2\/product\/17682\/revisions"}],"wp:featuredmedia":[{"embeddable":true,"href":"https:\/\/eheating.lt\/en\/wp-json\/wp\/v2\/media\/28344"}],"wp:attachment":[{"href":"https:\/\/eheating.lt\/en\/wp-json\/wp\/v2\/media?parent=17682"}],"wp:term":[{"taxonomy":"product_brand","embeddable":true,"href":"https:\/\/eheating.lt\/en\/wp-json\/wp\/v2\/product_brand?post=17682"},{"taxonomy":"product_cat","embeddable":true,"href":"https:\/\/eheating.lt\/en\/wp-json\/wp\/v2\/product_cat?post=17682"},{"taxonomy":"product_tag","embeddable":true,"href":"https:\/\/eheating.lt\/en\/wp-json\/wp\/v2\/product_tag?post=17682"}],"curies":[{"name":"wp","href":"https:\/\/api.w.org\/{rel}","templated":true}]}}