{"id":17614,"date":"2023-11-19T00:18:17","date_gmt":"2023-11-18T22:18:17","guid":{"rendered":"https:\/\/eheating.lt\/?post_type=product&#038;p=17614"},"modified":"2024-10-18T16:58:04","modified_gmt":"2024-10-18T13:58:04","slug":"lan-signalo-perdavimas-aeo-7116","status":"publish","type":"product","link":"https:\/\/eheating.lt\/en\/produktas\/lan-signalo-perdavimas-aeo-7116\/","title":{"rendered":"LAN signalo perdavimas AEO-7116"},"content":{"rendered":"<ul>\n<li><span style=\"font-size: small;\">Network interface: 10\/100\/1000M Self-adaptive RJ45 Port<\/span><\/li>\n<li><span style=\"font-size: small;\">Transmission rate: 500Mbps<\/span><\/li>\n<li><span style=\"font-size: small;\">Coaxial cable input interface: BNC 75\u03a9 (unbalanced)<\/span><\/li>\n<li><span style=\"font-size: small;\">Coaxial cable output interface: BNC 75\u03a9 (unbalanced)<\/span><\/li>\n<li><span style=\"font-size: small;\">LED indicator light: Power light, Ethernet signal light, Network signal intensity light<\/span><br \/>\n<span style=\"font-size: small;\">Operating power: DC12V \/ 300mA<\/span><\/li>\n<li><span style=\"font-size: small;\">Power dissipation: \u22643.5 W<\/span><\/li>\n<li><span style=\"font-size: small;\">Working environment: \u00a0Temperature:\u00a0 -40\u2103 to 85\u2103, Relative humidity: \u226485%<\/span><\/li>\n<li><span style=\"font-size: small;\">Dimension: 144\u00d7102\u00d728\uff08mm\uff09<\/span><\/li>\n<li><span style=\"font-size: small;\">Weight: 270g<\/span><\/li>\n<\/ul>\n","protected":false},"excerpt":{"rendered":"<ul>\n<li>LAN signalo perdavimas per koaksialin\u012f kabel\u012f iki 15 IP kamer\u0173<\/li>\n<li>Iki 500Mbps<\/li>\n<li>Atstumas 1500m<\/li>\n<li>2RG lizdai<\/li>\n<\/ul>\n","protected":false},"featured_media":29128,"comment_status":"closed","ping_status":"closed","template":"","meta":[],"product_brand":[],"product_cat":[848,837,853],"product_tag":[],"class_list":{"0":"post-17614","1":"product","2":"type-product","3":"status-publish","4":"has-post-thumbnail","6":"product_cat-turbo-hd-other-equipment","7":"product_cat-turbo-hd-video-surveillance","8":"product_cat-turbo-hd-video-signal-transmission","10":"first","11":"onbackorder","12":"purchasable","13":"product-type-simple"},"yoast_head":"<!-- This site is optimized with the Yoast SEO Premium plugin v21.5 (Yoast SEO v27.3) - https:\/\/yoast.com\/product\/yoast-seo-premium-wordpress\/ -->\n<title>LAN signalo perdavimas AEO-7116<\/title>\n<meta name=\"robots\" content=\"index, follow, max-snippet:-1, max-image-preview:large, max-video-preview:-1\" \/>\n<link rel=\"canonical\" href=\"https:\/\/eheating.lt\/en\/produktas\/lan-signalo-perdavimas-aeo-7116\/\" \/>\n<meta property=\"og:locale\" content=\"en_US\" \/>\n<meta property=\"og:type\" content=\"article\" \/>\n<meta property=\"og:title\" content=\"LAN signalo perdavimas AEO-7116\" \/>\n<meta property=\"og:description\" content=\"LAN signalo perdavimas per koaksialin\u012f kabel\u012f iki 15 IP kamer\u0173  Iki 500Mbps  Atstumas 1500m  2RG lizdai\" \/>\n<meta property=\"og:url\" content=\"https:\/\/eheating.lt\/en\/produktas\/lan-signalo-perdavimas-aeo-7116\/\" \/>\n<meta property=\"og:site_name\" content=\"Elektronika Namams\" \/>\n<meta property=\"article:publisher\" content=\"https:\/\/www.facebook.com\/ElektronikaNamams\" \/>\n<meta property=\"article:modified_time\" content=\"2024-10-18T13:58:04+00:00\" \/>\n<meta property=\"og:image\" content=\"https:\/\/eheating.lt\/wp-content\/uploads\/2023\/10\/LAN-signalo-perdavimas-AEO-7116.png\" \/>\n\t<meta property=\"og:image:width\" content=\"800\" \/>\n\t<meta property=\"og:image:height\" content=\"800\" \/>\n\t<meta property=\"og:image:type\" content=\"image\/png\" \/>\n<meta name=\"twitter:card\" content=\"summary_large_image\" \/>\n<meta name=\"twitter:label1\" content=\"Price\" \/>\n\t<meta name=\"twitter:data1\" content=\"64,09&nbsp;&euro;\" \/>\n\t<meta name=\"twitter:label2\" content=\"Availability\" \/>\n\t<meta name=\"twitter:data2\" content=\"On backorder\" \/>\n<script type=\"application\/ld+json\" class=\"yoast-schema-graph\">{\"@context\":\"https:\\\/\\\/schema.org\",\"@graph\":[{\"@type\":\"WebPage\",\"@id\":\"https:\\\/\\\/eheating.lt\\\/en\\\/produktas\\\/lan-signalo-perdavimas-aeo-7116\\\/\",\"url\":\"https:\\\/\\\/eheating.lt\\\/en\\\/produktas\\\/lan-signalo-perdavimas-aeo-7116\\\/\",\"name\":\"LAN signalo perdavimas AEO-7116\",\"isPartOf\":{\"@id\":\"https:\\\/\\\/eheating.lt\\\/#website\"},\"primaryImageOfPage\":{\"@id\":\"https:\\\/\\\/eheating.lt\\\/en\\\/produktas\\\/lan-signalo-perdavimas-aeo-7116\\\/#primaryimage\"},\"image\":{\"@id\":\"https:\\\/\\\/eheating.lt\\\/en\\\/produktas\\\/lan-signalo-perdavimas-aeo-7116\\\/#primaryimage\"},\"thumbnailUrl\":\"https:\\\/\\\/eheating.lt\\\/wp-content\\\/uploads\\\/2023\\\/10\\\/LAN-signalo-perdavimas-AEO-7116.png\",\"datePublished\":\"2023-11-18T22:18:17+00:00\",\"dateModified\":\"2024-10-18T13:58:04+00:00\",\"breadcrumb\":{\"@id\":\"https:\\\/\\\/eheating.lt\\\/en\\\/produktas\\\/lan-signalo-perdavimas-aeo-7116\\\/#breadcrumb\"},\"inLanguage\":\"en-US\",\"potentialAction\":[{\"@type\":\"ReadAction\",\"target\":[\"https:\\\/\\\/eheating.lt\\\/en\\\/produktas\\\/lan-signalo-perdavimas-aeo-7116\\\/\"]}]},{\"@type\":\"ImageObject\",\"inLanguage\":\"en-US\",\"@id\":\"https:\\\/\\\/eheating.lt\\\/en\\\/produktas\\\/lan-signalo-perdavimas-aeo-7116\\\/#primaryimage\",\"url\":\"https:\\\/\\\/eheating.lt\\\/wp-content\\\/uploads\\\/2023\\\/10\\\/LAN-signalo-perdavimas-AEO-7116.png\",\"contentUrl\":\"https:\\\/\\\/eheating.lt\\\/wp-content\\\/uploads\\\/2023\\\/10\\\/LAN-signalo-perdavimas-AEO-7116.png\",\"width\":800,\"height\":800,\"caption\":\"LAN signalo perdavimas AEO-7116\"},{\"@type\":\"BreadcrumbList\",\"@id\":\"https:\\\/\\\/eheating.lt\\\/en\\\/produktas\\\/lan-signalo-perdavimas-aeo-7116\\\/#breadcrumb\",\"itemListElement\":[{\"@type\":\"ListItem\",\"position\":1,\"name\":\"Prad\u017eia\",\"item\":\"https:\\\/\\\/eheating.lt\\\/en\\\/\"},{\"@type\":\"ListItem\",\"position\":2,\"name\":\"Shop\",\"item\":\"https:\\\/\\\/eheating.lt\\\/en\\\/?page_id=5734\"},{\"@type\":\"ListItem\",\"position\":3,\"name\":\"LAN signalo perdavimas AEO-7116\"}]},{\"@type\":\"WebSite\",\"@id\":\"https:\\\/\\\/eheating.lt\\\/#website\",\"url\":\"https:\\\/\\\/eheating.lt\\\/\",\"name\":\"eHeating\",\"description\":\"Elektronika ir \u0161ildymas\",\"potentialAction\":[{\"@type\":\"SearchAction\",\"target\":{\"@type\":\"EntryPoint\",\"urlTemplate\":\"https:\\\/\\\/eheating.lt\\\/?s={search_term_string}\"},\"query-input\":{\"@type\":\"PropertyValueSpecification\",\"valueRequired\":true,\"valueName\":\"search_term_string\"}}],\"inLanguage\":\"en-US\"}]}<\/script>\n<meta property=\"product:price:amount\" content=\"64.09\" \/>\n<meta property=\"product:price:currency\" content=\"EUR\" \/>\n<meta property=\"og:availability\" content=\"backorder\" \/>\n<meta property=\"product:availability\" content=\"available for order\" \/>\n<meta property=\"product:retailer_item_id\" content=\"9cc96afd47a4\" \/>\n<meta property=\"product:condition\" content=\"new\" \/>\n<!-- \/ Yoast SEO Premium plugin. -->","yoast_head_json":{"title":"LAN signalo perdavimas AEO-7116","robots":{"index":"index","follow":"follow","max-snippet":"max-snippet:-1","max-image-preview":"max-image-preview:large","max-video-preview":"max-video-preview:-1"},"canonical":"https:\/\/eheating.lt\/en\/produktas\/lan-signalo-perdavimas-aeo-7116\/","og_locale":"en_US","og_type":"article","og_title":"LAN signalo perdavimas AEO-7116","og_description":"LAN signalo perdavimas per koaksialin\u012f kabel\u012f iki 15 IP kamer\u0173  Iki 500Mbps  Atstumas 1500m  2RG lizdai","og_url":"https:\/\/eheating.lt\/en\/produktas\/lan-signalo-perdavimas-aeo-7116\/","og_site_name":"Elektronika Namams","article_publisher":"https:\/\/www.facebook.com\/ElektronikaNamams","article_modified_time":"2024-10-18T13:58:04+00:00","og_image":[{"width":800,"height":800,"url":"https:\/\/eheating.lt\/wp-content\/uploads\/2023\/10\/LAN-signalo-perdavimas-AEO-7116.png","type":"image\/png"}],"twitter_card":"summary_large_image","twitter_misc":{"Price":"64,09&nbsp;&euro;","Availability":"On backorder"},"schema":{"@context":"https:\/\/schema.org","@graph":[{"@type":"WebPage","@id":"https:\/\/eheating.lt\/en\/produktas\/lan-signalo-perdavimas-aeo-7116\/","url":"https:\/\/eheating.lt\/en\/produktas\/lan-signalo-perdavimas-aeo-7116\/","name":"LAN signalo perdavimas AEO-7116","isPartOf":{"@id":"https:\/\/eheating.lt\/#website"},"primaryImageOfPage":{"@id":"https:\/\/eheating.lt\/en\/produktas\/lan-signalo-perdavimas-aeo-7116\/#primaryimage"},"image":{"@id":"https:\/\/eheating.lt\/en\/produktas\/lan-signalo-perdavimas-aeo-7116\/#primaryimage"},"thumbnailUrl":"https:\/\/eheating.lt\/wp-content\/uploads\/2023\/10\/LAN-signalo-perdavimas-AEO-7116.png","datePublished":"2023-11-18T22:18:17+00:00","dateModified":"2024-10-18T13:58:04+00:00","breadcrumb":{"@id":"https:\/\/eheating.lt\/en\/produktas\/lan-signalo-perdavimas-aeo-7116\/#breadcrumb"},"inLanguage":"en-US","potentialAction":[{"@type":"ReadAction","target":["https:\/\/eheating.lt\/en\/produktas\/lan-signalo-perdavimas-aeo-7116\/"]}]},{"@type":"ImageObject","inLanguage":"en-US","@id":"https:\/\/eheating.lt\/en\/produktas\/lan-signalo-perdavimas-aeo-7116\/#primaryimage","url":"https:\/\/eheating.lt\/wp-content\/uploads\/2023\/10\/LAN-signalo-perdavimas-AEO-7116.png","contentUrl":"https:\/\/eheating.lt\/wp-content\/uploads\/2023\/10\/LAN-signalo-perdavimas-AEO-7116.png","width":800,"height":800,"caption":"LAN signalo perdavimas AEO-7116"},{"@type":"BreadcrumbList","@id":"https:\/\/eheating.lt\/en\/produktas\/lan-signalo-perdavimas-aeo-7116\/#breadcrumb","itemListElement":[{"@type":"ListItem","position":1,"name":"Prad\u017eia","item":"https:\/\/eheating.lt\/en\/"},{"@type":"ListItem","position":2,"name":"Shop","item":"https:\/\/eheating.lt\/en\/?page_id=5734"},{"@type":"ListItem","position":3,"name":"LAN signalo perdavimas AEO-7116"}]},{"@type":"WebSite","@id":"https:\/\/eheating.lt\/#website","url":"https:\/\/eheating.lt\/","name":"eHeating","description":"Elektronika ir \u0161ildymas","potentialAction":[{"@type":"SearchAction","target":{"@type":"EntryPoint","urlTemplate":"https:\/\/eheating.lt\/?s={search_term_string}"},"query-input":{"@type":"PropertyValueSpecification","valueRequired":true,"valueName":"search_term_string"}}],"inLanguage":"en-US"}]},"product_price_amount":"64.09","product_price_currency":"EUR","og_availability":"backorder","product_availability":"available for order","product_retailer_item_id":"9cc96afd47a4","product_condition":"new"},"_links":{"self":[{"href":"https:\/\/eheating.lt\/en\/wp-json\/wp\/v2\/product\/17614","targetHints":{"allow":["GET"]}}],"collection":[{"href":"https:\/\/eheating.lt\/en\/wp-json\/wp\/v2\/product"}],"about":[{"href":"https:\/\/eheating.lt\/en\/wp-json\/wp\/v2\/types\/product"}],"replies":[{"embeddable":true,"href":"https:\/\/eheating.lt\/en\/wp-json\/wp\/v2\/comments?post=17614"}],"version-history":[{"count":0,"href":"https:\/\/eheating.lt\/en\/wp-json\/wp\/v2\/product\/17614\/revisions"}],"wp:featuredmedia":[{"embeddable":true,"href":"https:\/\/eheating.lt\/en\/wp-json\/wp\/v2\/media\/29128"}],"wp:attachment":[{"href":"https:\/\/eheating.lt\/en\/wp-json\/wp\/v2\/media?parent=17614"}],"wp:term":[{"taxonomy":"product_brand","embeddable":true,"href":"https:\/\/eheating.lt\/en\/wp-json\/wp\/v2\/product_brand?post=17614"},{"taxonomy":"product_cat","embeddable":true,"href":"https:\/\/eheating.lt\/en\/wp-json\/wp\/v2\/product_cat?post=17614"},{"taxonomy":"product_tag","embeddable":true,"href":"https:\/\/eheating.lt\/en\/wp-json\/wp\/v2\/product_tag?post=17614"}],"curies":[{"name":"wp","href":"https:\/\/api.w.org\/{rel}","templated":true}]}}