{"id":17592,"date":"2023-11-13T21:36:28","date_gmt":"2023-11-13T19:36:28","guid":{"rendered":"https:\/\/eheating.lt\/?post_type=product&#038;p=17592"},"modified":"2025-01-23T14:20:19","modified_gmt":"2025-01-23T12:20:19","slug":"ezviz-cs-c6-vidaus-kamera-4mp-w2","status":"publish","type":"product","link":"https:\/\/eheating.lt\/en\/produktas\/ezviz-cs-c6-vidaus-kamera-4mp-w2\/","title":{"rendered":"EZVIZ CS-C6 vidaus kamera (4MP, W2)"},"content":{"rendered":"<div class=\"video-container\" style=\"margin-top: 50px\"><\/div>\n<table>\n<thead>\n<tr>\n<th colspan=\"2\" rowspan=\"1\">Funkcijos<\/th>\n<\/tr>\n<tr>\n<th colspan=\"1\" rowspan=\"1\">Pagrindin\u0117s funkcijos:<\/th>\n<td colspan=\"1\" rowspan=\"1\"><strong>\u017dmogaus\/gyv\u016bn\u0173 aptikimas ir sekimas. garso aptikimas<\/strong><\/td>\n<\/tr>\n<tr>\n<th colspan=\"1\" rowspan=\"1\">\u012emontuotas mikrofonas:<\/th>\n<td colspan=\"1\" rowspan=\"1\"><strong>yra<\/strong><\/td>\n<\/tr>\n<tr>\n<th colspan=\"1\" rowspan=\"1\">\u012emontuotas garsiakalbis:<\/th>\n<td colspan=\"1\" rowspan=\"1\"><strong>yra<\/strong><\/td>\n<\/tr>\n<tr>\n<th colspan=\"1\" rowspan=\"1\">Privatumo\/miego r\u0117\u017eimas:<\/th>\n<td colspan=\"1\" rowspan=\"1\"><strong>yra<\/strong><\/td>\n<\/tr>\n<tr>\n<th colspan=\"1\" rowspan=\"1\">Sukimas Horizontaliai,vertikaliai:<\/th>\n<td colspan=\"1\" rowspan=\"1\"><strong>353\u00b0 133\u00b0<\/strong><\/td>\n<\/tr>\n<tr>\n<th colspan=\"1\" rowspan=\"1\">Darbin\u0117 temperat\u016bra:<\/th>\n<td colspan=\"1\" rowspan=\"1\"><strong>From -10\u00b0C to +45\u00b0C<\/strong><\/td>\n<\/tr>\n<\/thead>\n<tbody>\n<tr>\n<th colspan=\"2\" rowspan=\"1\">Kameros parametrai<\/th>\n<\/tr>\n<tr>\n<th colspan=\"1\" rowspan=\"1\">Sensorius<\/th>\n<td colspan=\"1\" rowspan=\"1\">1\/3&#8243; Progressive Scan CMOS<\/td>\n<\/tr>\n<tr>\n<th colspan=\"1\" rowspan=\"1\">PT kampas<\/th>\n<td colspan=\"1\" rowspan=\"1\">Pan: 353\u00b0 , Tilt: 133\u00b0<\/td>\n<\/tr>\n<tr>\n<th colspan=\"1\" rowspan=\"1\">Naktinis matymas<\/th>\n<td colspan=\"1\" rowspan=\"1\">Up to 10 meters<\/td>\n<\/tr>\n<tr>\n<th colspan=\"1\" rowspan=\"1\">L\u0119\u0161iai<\/th>\n<td colspan=\"1\" rowspan=\"1\">4 mm @ F1.6, viewing angle: 79\u00b0 (Horizontal), 42\u00b0 (Vertical), 92\u00b0(Diagonal)<\/td>\n<\/tr>\n<tr>\n<th colspan=\"1\" rowspan=\"1\">U\u017erakto greitis<\/th>\n<td colspan=\"1\" rowspan=\"1\">Self-adaptive shutter<\/td>\n<\/tr>\n<tr>\n<th colspan=\"2\" rowspan=\"1\">Vaizdo parametrai<\/th>\n<\/tr>\n<tr>\n<th colspan=\"1\" rowspan=\"1\">Suspaudimo standartas<\/th>\n<td colspan=\"1\" rowspan=\"1\">H.264 \/ H.265<\/td>\n<\/tr>\n<tr>\n<th colspan=\"1\" rowspan=\"1\">Maks. rai\u0161ka<\/th>\n<td colspan=\"1\" rowspan=\"1\">2560 \u00d7 1440<\/td>\n<\/tr>\n<tr>\n<th colspan=\"1\" rowspan=\"1\">Kadr\u0173 da\u017enis<\/th>\n<td colspan=\"1\" rowspan=\"1\">Max.25fps; Self-Adaptive during network transmission<\/td>\n<\/tr>\n<tr>\n<th colspan=\"1\" rowspan=\"1\">DNR<\/th>\n<td colspan=\"1\" rowspan=\"1\">3D DNR<\/td>\n<\/tr>\n<tr>\n<th colspan=\"1\" rowspan=\"1\">BLC<\/th>\n<td colspan=\"1\" rowspan=\"1\">Support<\/td>\n<\/tr>\n<tr>\n<th colspan=\"1\" rowspan=\"1\">Maks. bit\u0173 da\u017enis<\/th>\n<td colspan=\"1\" rowspan=\"1\">4 Mbps<\/td>\n<\/tr>\n<tr>\n<th colspan=\"2\" rowspan=\"1\">Garso parametrai<\/th>\n<\/tr>\n<tr>\n<th colspan=\"1\" rowspan=\"1\">Garso \u012fvestis<\/th>\n<td colspan=\"1\" rowspan=\"1\">Built-in high-sensitivity microphone<\/td>\n<\/tr>\n<tr>\n<th colspan=\"1\" rowspan=\"1\">Gars i\u0161vestis<\/th>\n<td colspan=\"1\" rowspan=\"1\">Built-in high-power speaker<\/td>\n<\/tr>\n<tr>\n<th colspan=\"2\" rowspan=\"1\">Tinklo ir atminties parametrai<\/th>\n<\/tr>\n<tr>\n<th colspan=\"1\" rowspan=\"1\">Wi-Fi standartai<\/th>\n<td colspan=\"1\" rowspan=\"1\">IEEE802.11a, 802.11b, 802.11g, 802.11n, 802.11ac<\/td>\n<\/tr>\n<tr>\n<th colspan=\"1\" rowspan=\"1\">Da\u017eni\u0173 diapozonas<\/th>\n<td colspan=\"1\" rowspan=\"1\">2.4G:2400~2483.5MHz; 5G: 5170~5250MHz,5735 &#8211; 5835MHz<\/td>\n<\/tr>\n<tr>\n<th colspan=\"1\" rowspan=\"1\">Kanal\u0173 plotis<\/th>\n<td colspan=\"1\" rowspan=\"1\">Support 40MHz<\/td>\n<\/tr>\n<tr>\n<th colspan=\"1\" rowspan=\"1\">Perdavimo da\u017enis<\/th>\n<td colspan=\"1\" rowspan=\"1\">11b 11Mbps, 11g 54Mbps, 11n HT20 MCS7, 11n HT40 MCS7, 11a 54Mbps, 11nHT20 MCS7, 11nHT40 MCS7<\/td>\n<\/tr>\n<tr>\n<th colspan=\"1\" rowspan=\"1\">Laidinis tinklas<\/th>\n<td colspan=\"1\" rowspan=\"1\">RJ45 \u00d7 1(10M\/100M Adaptive Ethernet Port)<\/td>\n<\/tr>\n<tr>\n<th colspan=\"1\" rowspan=\"1\">Vidin\u0117 saugykla<\/th>\n<td colspan=\"1\" rowspan=\"1\">MicroSD card slot (Max. 256 GB)<\/td>\n<\/tr>\n<tr>\n<th colspan=\"1\" rowspan=\"1\">Cloud saugykla<\/th>\n<td colspan=\"1\" rowspan=\"1\">EZVIZ Cloud Storage<\/td>\n<\/tr>\n<tr>\n<th colspan=\"2\" rowspan=\"1\">Funkcijos<\/th>\n<\/tr>\n<tr>\n<th colspan=\"1\" rowspan=\"1\">I\u0161manios funkcijos<\/th>\n<td colspan=\"1\" rowspan=\"1\">AI-Powered Human Shape Detection \/ Pet Detection \/ Waving-Hand Detection \/ Voice Activity Detection<\/td>\n<\/tr>\n<tr>\n<th colspan=\"1\" rowspan=\"1\">Dvipusis sujungimas<\/th>\n<td colspan=\"1\" rowspan=\"1\">Supports (Dual-Mic)<\/td>\n<\/tr>\n<tr>\n<th colspan=\"1\" rowspan=\"1\">Pagrindin\u0117s funkcijos<\/th>\n<td colspan=\"1\" rowspan=\"1\">Anti-Flicker, Dual-Stream, Heart Beat, Mirror Image, Password Protection, Watermark<\/td>\n<\/tr>\n<tr>\n<th colspan=\"2\" rowspan=\"1\">Pagrindinis<\/th>\n<\/tr>\n<tr>\n<th colspan=\"1\" rowspan=\"1\">Power Supply<\/th>\n<td colspan=\"1\" rowspan=\"1\">DC 5V\/2A<\/td>\n<\/tr>\n<tr>\n<th colspan=\"1\" rowspan=\"1\">Energijos suvartojimas<\/th>\n<td colspan=\"1\" rowspan=\"1\">Max. 8W<\/td>\n<\/tr>\n<tr>\n<th colspan=\"1\" rowspan=\"1\">IP \u012fvertinimas<\/th>\n<td colspan=\"1\" rowspan=\"1\">IP65<\/td>\n<\/tr>\n<tr>\n<th colspan=\"1\" rowspan=\"1\">Produkto matmenys<\/th>\n<td colspan=\"1\" rowspan=\"1\">100 \u00d7 100 \u00d7 96.5 mm(3.93 \u00d7 3.93 \u00d7 3.80 inch)<\/td>\n<\/tr>\n<tr>\n<th colspan=\"1\" rowspan=\"1\">Pakuot\u0117s matmenys<\/th>\n<td colspan=\"1\" rowspan=\"1\">116 \u00d7 116 \u00d7 164 mm (4.57 \u00d7 4.57 \u00d7 6.46 inch)<\/td>\n<\/tr>\n<tr>\n<th colspan=\"1\" rowspan=\"1\">Svoris (g)<\/th>\n<td colspan=\"1\" rowspan=\"1\">325 g<\/td>\n<\/tr>\n<\/tbody>\n<\/table>\n","protected":false},"excerpt":{"rendered":"<ul>\n<li>MP (rai\u0161ka): 4MP (2560 X 1440)<\/li>\n<li>L\u0119\u0161is: 4 mm<\/li>\n<li>IR nuotolis: iki 10 m<\/li>\n<li>Wifi palaikymas: 2.4 GHz ir 5 GHz<\/li>\n<li>IP klas\u0117: IP20<\/li>\n<li>Pritaikyta naudoti: vidaus s\u0105lygomis<\/li>\n<li>SD kortel\u0117: 256GB (perkama atskirai)<\/li>\n<li>Vaizdo suspaudimas: H.264\/H.265<\/li>\n<li>Informacijos perdavimas: Wi-Fi arba kabeliu<\/li>\n<li>Laikiklis\/baz\u0117 (perkama atskirai)<\/li>\n<\/ul>\n","protected":false},"featured_media":28084,"comment_status":"closed","ping_status":"closed","template":"","meta":[],"product_brand":[],"product_cat":[458,534,533],"product_tag":[],"class_list":{"0":"post-17592","1":"product","2":"type-product","3":"status-publish","4":"has-post-thumbnail","6":"product_cat-ezviz-serija","7":"product_cat-ip-kameros","8":"product_cat-ip-vaizdo-stebejimo-sistemos","10":"first","11":"outofstock","12":"taxable","13":"shipping-taxable","14":"purchasable","15":"product-type-simple"},"yoast_head":"<!-- This site is optimized with the Yoast SEO Premium plugin v21.5 (Yoast SEO v27.3) - https:\/\/yoast.com\/product\/yoast-seo-premium-wordpress\/ -->\n<title>EZVIZ CS-C6 vidaus kamera (4MP, W2)<\/title>\n<meta name=\"description\" content=\"EZVIZ CS-C6 vidaus kamera ; IR nuotolis iki 10 m ; Rai\u0161ka - 4MP ; Wifi palaikymas 2.4 GHz ir 5 GHz ; SD kortel\u0117 iki 256GB\" \/>\n<meta name=\"robots\" content=\"index, follow, max-snippet:-1, max-image-preview:large, max-video-preview:-1\" \/>\n<link rel=\"canonical\" href=\"https:\/\/eheating.lt\/produktas\/ezviz-cs-c6-vidaus-kamera-4mp-w2\/\" \/>\n<meta property=\"og:locale\" content=\"en_US\" \/>\n<meta property=\"og:type\" content=\"article\" \/>\n<meta property=\"og:title\" content=\"EZVIZ CS-C6 vidaus kamera (4MP, W2)\" \/>\n<meta property=\"og:description\" content=\"EZVIZ CS-C6 vidaus kamera ; IR nuotolis iki 10 m ; Rai\u0161ka - 4MP ; Wifi palaikymas 2.4 GHz ir 5 GHz ; SD kortel\u0117 iki 256GB\" \/>\n<meta property=\"og:url\" content=\"https:\/\/eheating.lt\/produktas\/ezviz-cs-c6-vidaus-kamera-4mp-w2\/\" \/>\n<meta property=\"og:site_name\" content=\"Elektronika Namams\" \/>\n<meta property=\"article:publisher\" content=\"https:\/\/www.facebook.com\/ElektronikaNamams\" \/>\n<meta property=\"article:modified_time\" content=\"2025-01-23T12:20:19+00:00\" \/>\n<meta property=\"og:image\" content=\"https:\/\/eheating.lt\/wp-content\/uploads\/2023\/10\/EZVIZ-CS-C6-vidaus-kamera-4MP-W2.png\" \/>\n\t<meta property=\"og:image:width\" content=\"800\" \/>\n\t<meta property=\"og:image:height\" content=\"800\" \/>\n\t<meta property=\"og:image:type\" content=\"image\/png\" \/>\n<meta name=\"twitter:card\" content=\"summary_large_image\" \/>\n<meta name=\"twitter:label1\" content=\"Price\" \/>\n\t<meta name=\"twitter:data1\" content=\"111,54&nbsp;&euro;\" \/>\n\t<meta name=\"twitter:label2\" content=\"Availability\" \/>\n\t<meta name=\"twitter:data2\" content=\"Out of stock\" \/>\n<script type=\"application\/ld+json\" class=\"yoast-schema-graph\">{\"@context\":\"https:\\\/\\\/schema.org\",\"@graph\":[{\"@type\":\"WebPage\",\"@id\":\"https:\\\/\\\/eheating.lt\\\/produktas\\\/ezviz-cs-c6-vidaus-kamera-4mp-w2\\\/\",\"url\":\"https:\\\/\\\/eheating.lt\\\/produktas\\\/ezviz-cs-c6-vidaus-kamera-4mp-w2\\\/\",\"name\":\"EZVIZ CS-C6 vidaus kamera (4MP, W2)\",\"isPartOf\":{\"@id\":\"https:\\\/\\\/eheating.lt\\\/#website\"},\"primaryImageOfPage\":{\"@id\":\"https:\\\/\\\/eheating.lt\\\/produktas\\\/ezviz-cs-c6-vidaus-kamera-4mp-w2\\\/#primaryimage\"},\"image\":{\"@id\":\"https:\\\/\\\/eheating.lt\\\/produktas\\\/ezviz-cs-c6-vidaus-kamera-4mp-w2\\\/#primaryimage\"},\"thumbnailUrl\":\"https:\\\/\\\/eheating.lt\\\/wp-content\\\/uploads\\\/2023\\\/10\\\/EZVIZ-CS-C6-vidaus-kamera-4MP-W2.png\",\"datePublished\":\"2023-11-13T19:36:28+00:00\",\"dateModified\":\"2025-01-23T12:20:19+00:00\",\"description\":\"EZVIZ CS-C6 vidaus kamera ; IR nuotolis iki 10 m ; Rai\u0161ka - 4MP ; Wifi palaikymas 2.4 GHz ir 5 GHz ; SD kortel\u0117 iki 256GB\",\"breadcrumb\":{\"@id\":\"https:\\\/\\\/eheating.lt\\\/produktas\\\/ezviz-cs-c6-vidaus-kamera-4mp-w2\\\/#breadcrumb\"},\"inLanguage\":\"en-US\",\"potentialAction\":[{\"@type\":\"ReadAction\",\"target\":[\"https:\\\/\\\/eheating.lt\\\/produktas\\\/ezviz-cs-c6-vidaus-kamera-4mp-w2\\\/\"]}]},{\"@type\":\"ImageObject\",\"inLanguage\":\"en-US\",\"@id\":\"https:\\\/\\\/eheating.lt\\\/produktas\\\/ezviz-cs-c6-vidaus-kamera-4mp-w2\\\/#primaryimage\",\"url\":\"https:\\\/\\\/eheating.lt\\\/wp-content\\\/uploads\\\/2023\\\/10\\\/EZVIZ-CS-C6-vidaus-kamera-4MP-W2.png\",\"contentUrl\":\"https:\\\/\\\/eheating.lt\\\/wp-content\\\/uploads\\\/2023\\\/10\\\/EZVIZ-CS-C6-vidaus-kamera-4MP-W2.png\",\"width\":800,\"height\":800,\"caption\":\"EZVIZ CS-C6 vidaus kamera (4MP, W2)\"},{\"@type\":\"BreadcrumbList\",\"@id\":\"https:\\\/\\\/eheating.lt\\\/produktas\\\/ezviz-cs-c6-vidaus-kamera-4mp-w2\\\/#breadcrumb\",\"itemListElement\":[{\"@type\":\"ListItem\",\"position\":1,\"name\":\"Prad\u017eia\",\"item\":\"https:\\\/\\\/eheating.lt\\\/en\\\/\"},{\"@type\":\"ListItem\",\"position\":2,\"name\":\"Shop\",\"item\":\"https:\\\/\\\/eheating.lt\\\/en\\\/?page_id=5734\"},{\"@type\":\"ListItem\",\"position\":3,\"name\":\"EZVIZ CS-C6 vidaus kamera (4MP, W2)\"}]},{\"@type\":\"WebSite\",\"@id\":\"https:\\\/\\\/eheating.lt\\\/#website\",\"url\":\"https:\\\/\\\/eheating.lt\\\/\",\"name\":\"eHeating\",\"description\":\"Elektronika ir \u0161ildymas\",\"potentialAction\":[{\"@type\":\"SearchAction\",\"target\":{\"@type\":\"EntryPoint\",\"urlTemplate\":\"https:\\\/\\\/eheating.lt\\\/?s={search_term_string}\"},\"query-input\":{\"@type\":\"PropertyValueSpecification\",\"valueRequired\":true,\"valueName\":\"search_term_string\"}}],\"inLanguage\":\"en-US\"}]}<\/script>\n<meta property=\"product:price:amount\" content=\"111.54\" \/>\n<meta property=\"product:price:currency\" content=\"EUR\" \/>\n<meta property=\"og:availability\" content=\"out of stock\" \/>\n<meta property=\"product:availability\" content=\"out of stock\" \/>\n<meta property=\"product:retailer_item_id\" content=\"51c8f58bfba7\" \/>\n<meta property=\"product:condition\" content=\"new\" \/>\n<!-- \/ Yoast SEO Premium plugin. -->","yoast_head_json":{"title":"EZVIZ CS-C6 vidaus kamera (4MP, W2)","description":"EZVIZ CS-C6 vidaus kamera ; IR nuotolis iki 10 m ; Rai\u0161ka - 4MP ; Wifi palaikymas 2.4 GHz ir 5 GHz ; SD kortel\u0117 iki 256GB","robots":{"index":"index","follow":"follow","max-snippet":"max-snippet:-1","max-image-preview":"max-image-preview:large","max-video-preview":"max-video-preview:-1"},"canonical":"https:\/\/eheating.lt\/produktas\/ezviz-cs-c6-vidaus-kamera-4mp-w2\/","og_locale":"en_US","og_type":"article","og_title":"EZVIZ CS-C6 vidaus kamera (4MP, W2)","og_description":"EZVIZ CS-C6 vidaus kamera ; IR nuotolis iki 10 m ; Rai\u0161ka - 4MP ; Wifi palaikymas 2.4 GHz ir 5 GHz ; SD kortel\u0117 iki 256GB","og_url":"https:\/\/eheating.lt\/produktas\/ezviz-cs-c6-vidaus-kamera-4mp-w2\/","og_site_name":"Elektronika Namams","article_publisher":"https:\/\/www.facebook.com\/ElektronikaNamams","article_modified_time":"2025-01-23T12:20:19+00:00","og_image":[{"width":800,"height":800,"url":"https:\/\/eheating.lt\/wp-content\/uploads\/2023\/10\/EZVIZ-CS-C6-vidaus-kamera-4MP-W2.png","type":"image\/png"}],"twitter_card":"summary_large_image","twitter_misc":{"Price":"111,54&nbsp;&euro;","Availability":"Out of stock"},"schema":{"@context":"https:\/\/schema.org","@graph":[{"@type":"WebPage","@id":"https:\/\/eheating.lt\/produktas\/ezviz-cs-c6-vidaus-kamera-4mp-w2\/","url":"https:\/\/eheating.lt\/produktas\/ezviz-cs-c6-vidaus-kamera-4mp-w2\/","name":"EZVIZ CS-C6 vidaus kamera (4MP, W2)","isPartOf":{"@id":"https:\/\/eheating.lt\/#website"},"primaryImageOfPage":{"@id":"https:\/\/eheating.lt\/produktas\/ezviz-cs-c6-vidaus-kamera-4mp-w2\/#primaryimage"},"image":{"@id":"https:\/\/eheating.lt\/produktas\/ezviz-cs-c6-vidaus-kamera-4mp-w2\/#primaryimage"},"thumbnailUrl":"https:\/\/eheating.lt\/wp-content\/uploads\/2023\/10\/EZVIZ-CS-C6-vidaus-kamera-4MP-W2.png","datePublished":"2023-11-13T19:36:28+00:00","dateModified":"2025-01-23T12:20:19+00:00","description":"EZVIZ CS-C6 vidaus kamera ; IR nuotolis iki 10 m ; Rai\u0161ka - 4MP ; Wifi palaikymas 2.4 GHz ir 5 GHz ; SD kortel\u0117 iki 256GB","breadcrumb":{"@id":"https:\/\/eheating.lt\/produktas\/ezviz-cs-c6-vidaus-kamera-4mp-w2\/#breadcrumb"},"inLanguage":"en-US","potentialAction":[{"@type":"ReadAction","target":["https:\/\/eheating.lt\/produktas\/ezviz-cs-c6-vidaus-kamera-4mp-w2\/"]}]},{"@type":"ImageObject","inLanguage":"en-US","@id":"https:\/\/eheating.lt\/produktas\/ezviz-cs-c6-vidaus-kamera-4mp-w2\/#primaryimage","url":"https:\/\/eheating.lt\/wp-content\/uploads\/2023\/10\/EZVIZ-CS-C6-vidaus-kamera-4MP-W2.png","contentUrl":"https:\/\/eheating.lt\/wp-content\/uploads\/2023\/10\/EZVIZ-CS-C6-vidaus-kamera-4MP-W2.png","width":800,"height":800,"caption":"EZVIZ CS-C6 vidaus kamera (4MP, W2)"},{"@type":"BreadcrumbList","@id":"https:\/\/eheating.lt\/produktas\/ezviz-cs-c6-vidaus-kamera-4mp-w2\/#breadcrumb","itemListElement":[{"@type":"ListItem","position":1,"name":"Prad\u017eia","item":"https:\/\/eheating.lt\/en\/"},{"@type":"ListItem","position":2,"name":"Shop","item":"https:\/\/eheating.lt\/en\/?page_id=5734"},{"@type":"ListItem","position":3,"name":"EZVIZ CS-C6 vidaus kamera (4MP, W2)"}]},{"@type":"WebSite","@id":"https:\/\/eheating.lt\/#website","url":"https:\/\/eheating.lt\/","name":"eHeating","description":"Elektronika ir \u0161ildymas","potentialAction":[{"@type":"SearchAction","target":{"@type":"EntryPoint","urlTemplate":"https:\/\/eheating.lt\/?s={search_term_string}"},"query-input":{"@type":"PropertyValueSpecification","valueRequired":true,"valueName":"search_term_string"}}],"inLanguage":"en-US"}]},"product_price_amount":"111.54","product_price_currency":"EUR","og_availability":"out of stock","product_availability":"out of stock","product_retailer_item_id":"51c8f58bfba7","product_condition":"new"},"_links":{"self":[{"href":"https:\/\/eheating.lt\/en\/wp-json\/wp\/v2\/product\/17592","targetHints":{"allow":["GET"]}}],"collection":[{"href":"https:\/\/eheating.lt\/en\/wp-json\/wp\/v2\/product"}],"about":[{"href":"https:\/\/eheating.lt\/en\/wp-json\/wp\/v2\/types\/product"}],"replies":[{"embeddable":true,"href":"https:\/\/eheating.lt\/en\/wp-json\/wp\/v2\/comments?post=17592"}],"version-history":[{"count":1,"href":"https:\/\/eheating.lt\/en\/wp-json\/wp\/v2\/product\/17592\/revisions"}],"predecessor-version":[{"id":37936,"href":"https:\/\/eheating.lt\/en\/wp-json\/wp\/v2\/product\/17592\/revisions\/37936"}],"wp:featuredmedia":[{"embeddable":true,"href":"https:\/\/eheating.lt\/en\/wp-json\/wp\/v2\/media\/28084"}],"wp:attachment":[{"href":"https:\/\/eheating.lt\/en\/wp-json\/wp\/v2\/media?parent=17592"}],"wp:term":[{"taxonomy":"product_brand","embeddable":true,"href":"https:\/\/eheating.lt\/en\/wp-json\/wp\/v2\/product_brand?post=17592"},{"taxonomy":"product_cat","embeddable":true,"href":"https:\/\/eheating.lt\/en\/wp-json\/wp\/v2\/product_cat?post=17592"},{"taxonomy":"product_tag","embeddable":true,"href":"https:\/\/eheating.lt\/en\/wp-json\/wp\/v2\/product_tag?post=17592"}],"curies":[{"name":"wp","href":"https:\/\/api.w.org\/{rel}","templated":true}]}}