{"id":17558,"date":"2023-12-28T15:22:56","date_gmt":"2023-12-28T13:22:56","guid":{"rendered":"https:\/\/eheating.lt\/?post_type=product&#038;p=17558"},"modified":"2024-10-18T16:57:26","modified_gmt":"2024-10-18T13:57:26","slug":"hikvision-ieigos-kontroleris-ds-k2802","status":"publish","type":"product","link":"https:\/\/eheating.lt\/en\/produktas\/hikvision-ieigos-kontroleris-ds-k2802\/","title":{"rendered":"Hikvision \u012feigos kontroleris DS-K2802"},"content":{"rendered":"<hr \/>\n<table>\n<tbody>\n<tr>\n<td><strong>Modelis<\/strong><\/td>\n<td><strong>DS-K2804<\/strong><\/td>\n<\/tr>\n<tr>\n<td><strong>Darbo \u012ftampa<\/strong><\/td>\n<td>DC 12V<\/td>\n<\/tr>\n<tr>\n<td><strong>Energijos suvartojimas<\/strong><\/td>\n<td>\u22643.5W\uff08without load\uff09<\/td>\n<\/tr>\n<tr>\n<td><strong>Procesorius<\/strong><\/td>\n<td>32-bit<\/td>\n<\/tr>\n<tr>\n<td><strong>Uplink ry\u0161io s\u0105saja<\/strong><\/td>\n<td>TCP\/IP Network Interface and RS-485 Interface<\/td>\n<\/tr>\n<tr>\n<td><strong>Downlink ry\u0161io s\u0105saja<\/strong><\/td>\n<td>Wiegand interface<\/td>\n<\/tr>\n<tr>\n<td><strong>Talpinimas<\/strong><\/td>\n<td>Storage for 10 thousands valid cards information and \u00a0 50 thousands card swiping records<\/td>\n<\/tr>\n<tr>\n<td><strong>LED indikacija<\/strong><\/td>\n<td>Power Supply Status, Communication Status, Abnormal \u00a0 Status<\/td>\n<\/tr>\n<tr>\n<td><strong>\u012etaisytas laikrodis<\/strong><\/td>\n<td>Yes<\/td>\n<\/tr>\n<tr>\n<td><strong>Korteli\u0173 skaitytuv\u0173 pajungimas<\/strong><\/td>\n<td>\u00a04 Card \u00a0 Readers (Wiegand Interface) Connectable<\/td>\n<\/tr>\n<tr>\n<td><strong>\u012evesties s\u0105saja<\/strong><\/td>\n<td>Door Magnetic\u00d72,<\/p>\n<p>Door Switch\u00d72,<\/p>\n<p>Case Input\u00d72<\/td>\n<\/tr>\n<tr>\n<td><strong>I\u0161vesties s\u0105saja<\/strong><\/td>\n<td>Door Switch Relay\u00d72, Alarm Relay\u00d72<\/td>\n<\/tr>\n<tr>\n<td><strong>Darbo temperat\u016bra<\/strong><\/td>\n<td>-20\u00b0C to +65\u00b0C \u00a0 (-4\u00b0F~+149\u00b0F)<\/td>\n<\/tr>\n<tr>\n<td><strong>Santykinis oro dr\u0117gnumas<\/strong><\/td>\n<td>10% to 90% (Non-Condensing)<\/td>\n<\/tr>\n<tr>\n<td><strong>I\u0161matavimai (L\u00d7W\u00d7H)<\/strong><\/td>\n<td>285(L)mmx237(W)mmx69(H)mm<\/td>\n<\/tr>\n<\/tbody>\n<\/table>\n","protected":false},"excerpt":{"rendered":"<ul>\n<li>Dviej\u0173 dur\u0173 \u012feigos kontroleris<\/li>\n<li>Metalinis korpusas<\/li>\n<li>WIEGAND<\/li>\n<li>TCP\/IP<\/li>\n<li>50000 \u012fvyki\u0173 atmintis<\/li>\n<li>220 AC<\/li>\n<\/ul>\n","protected":false},"featured_media":30695,"comment_status":"closed","ping_status":"closed","template":"","meta":[],"product_brand":[],"product_cat":[348,328],"product_tag":[974],"class_list":{"0":"post-17558","1":"product","2":"type-product","3":"status-publish","4":"has-post-thumbnail","6":"product_cat-hikvision-ieigos-kontrole","7":"product_cat-ieigos-kontroles-sistemos","8":"product_tag-ean","10":"first","11":"onbackorder","12":"purchasable","13":"product-type-simple"},"yoast_head":"<!-- This site is optimized with the Yoast SEO Premium plugin v21.5 (Yoast SEO v27.6) - https:\/\/yoast.com\/product\/yoast-seo-premium-wordpress\/ -->\n<title>Hikvision \u012feigos kontroleris DS-K2802<\/title>\n<meta name=\"description\" content=\"Hikvision DS-K2802 kontroleris ; Dviej\u0173 dur\u0173 \u012feigos kontroleris ; Metalinis korpusas ; WIEGAND ; TCP\/IP ; 50000 \u012fvyki\u0173 atmintis\" \/>\n<meta name=\"robots\" content=\"index, follow, max-snippet:-1, max-image-preview:large, max-video-preview:-1\" \/>\n<link rel=\"canonical\" href=\"https:\/\/eheating.lt\/en\/produktas\/hikvision-ieigos-kontroleris-ds-k2802\/\" \/>\n<meta property=\"og:locale\" content=\"en_US\" \/>\n<meta property=\"og:type\" content=\"article\" \/>\n<meta property=\"og:title\" content=\"Hikvision \u012feigos kontroleris DS-K2802\" \/>\n<meta property=\"og:description\" content=\"Hikvision DS-K2802 kontroleris ; Dviej\u0173 dur\u0173 \u012feigos kontroleris ; Metalinis korpusas ; WIEGAND ; TCP\/IP ; 50000 \u012fvyki\u0173 atmintis\" \/>\n<meta property=\"og:url\" content=\"https:\/\/eheating.lt\/en\/produktas\/hikvision-ieigos-kontroleris-ds-k2802\/\" \/>\n<meta property=\"og:site_name\" content=\"Elektronika Namams\" \/>\n<meta property=\"article:publisher\" content=\"https:\/\/www.facebook.com\/ElektronikaNamams\" \/>\n<meta property=\"article:modified_time\" content=\"2024-10-18T13:57:26+00:00\" \/>\n<meta property=\"og:image\" content=\"https:\/\/eheating.lt\/wp-content\/uploads\/2023\/10\/Hikvision-ieigos-kontroleris-DS-K2802.png\" \/>\n\t<meta property=\"og:image:width\" content=\"800\" \/>\n\t<meta property=\"og:image:height\" content=\"800\" \/>\n\t<meta property=\"og:image:type\" content=\"image\/png\" \/>\n<meta name=\"twitter:card\" content=\"summary_large_image\" \/>\n<meta name=\"twitter:label1\" content=\"Price\" \/>\n\t<meta name=\"twitter:data1\" content=\"241,60&nbsp;&euro;\" \/>\n\t<meta name=\"twitter:label2\" content=\"Availability\" \/>\n\t<meta name=\"twitter:data2\" content=\"On backorder\" \/>\n<script type=\"application\/ld+json\" class=\"yoast-schema-graph\">{\"@context\":\"https:\\\/\\\/schema.org\",\"@graph\":[{\"@type\":\"WebPage\",\"@id\":\"https:\\\/\\\/eheating.lt\\\/en\\\/produktas\\\/hikvision-ieigos-kontroleris-ds-k2802\\\/\",\"url\":\"https:\\\/\\\/eheating.lt\\\/en\\\/produktas\\\/hikvision-ieigos-kontroleris-ds-k2802\\\/\",\"name\":\"Hikvision \u012feigos kontroleris DS-K2802\",\"isPartOf\":{\"@id\":\"https:\\\/\\\/eheating.lt\\\/#website\"},\"primaryImageOfPage\":{\"@id\":\"https:\\\/\\\/eheating.lt\\\/en\\\/produktas\\\/hikvision-ieigos-kontroleris-ds-k2802\\\/#primaryimage\"},\"image\":{\"@id\":\"https:\\\/\\\/eheating.lt\\\/en\\\/produktas\\\/hikvision-ieigos-kontroleris-ds-k2802\\\/#primaryimage\"},\"thumbnailUrl\":\"https:\\\/\\\/eheating.lt\\\/wp-content\\\/uploads\\\/2023\\\/10\\\/Hikvision-ieigos-kontroleris-DS-K2802.png\",\"datePublished\":\"2023-12-28T13:22:56+00:00\",\"dateModified\":\"2024-10-18T13:57:26+00:00\",\"description\":\"Hikvision DS-K2802 kontroleris ; Dviej\u0173 dur\u0173 \u012feigos kontroleris ; Metalinis korpusas ; WIEGAND ; TCP\\\/IP ; 50000 \u012fvyki\u0173 atmintis\",\"breadcrumb\":{\"@id\":\"https:\\\/\\\/eheating.lt\\\/en\\\/produktas\\\/hikvision-ieigos-kontroleris-ds-k2802\\\/#breadcrumb\"},\"inLanguage\":\"en-US\",\"potentialAction\":[{\"@type\":\"ReadAction\",\"target\":[\"https:\\\/\\\/eheating.lt\\\/en\\\/produktas\\\/hikvision-ieigos-kontroleris-ds-k2802\\\/\"]}]},{\"@type\":\"ImageObject\",\"inLanguage\":\"en-US\",\"@id\":\"https:\\\/\\\/eheating.lt\\\/en\\\/produktas\\\/hikvision-ieigos-kontroleris-ds-k2802\\\/#primaryimage\",\"url\":\"https:\\\/\\\/eheating.lt\\\/wp-content\\\/uploads\\\/2023\\\/10\\\/Hikvision-ieigos-kontroleris-DS-K2802.png\",\"contentUrl\":\"https:\\\/\\\/eheating.lt\\\/wp-content\\\/uploads\\\/2023\\\/10\\\/Hikvision-ieigos-kontroleris-DS-K2802.png\",\"width\":800,\"height\":800,\"caption\":\"Hikvision DS-K2802\"},{\"@type\":\"BreadcrumbList\",\"@id\":\"https:\\\/\\\/eheating.lt\\\/en\\\/produktas\\\/hikvision-ieigos-kontroleris-ds-k2802\\\/#breadcrumb\",\"itemListElement\":[{\"@type\":\"ListItem\",\"position\":1,\"name\":\"Prad\u017eia\",\"item\":\"https:\\\/\\\/eheating.lt\\\/en\\\/\"},{\"@type\":\"ListItem\",\"position\":2,\"name\":\"Shop\",\"item\":\"https:\\\/\\\/eheating.lt\\\/en\\\/?page_id=5734\"},{\"@type\":\"ListItem\",\"position\":3,\"name\":\"Hikvision \u012feigos kontroleris DS-K2802\"}]},{\"@type\":\"WebSite\",\"@id\":\"https:\\\/\\\/eheating.lt\\\/#website\",\"url\":\"https:\\\/\\\/eheating.lt\\\/\",\"name\":\"eHeating\",\"description\":\"Elektronika ir \u0161ildymas\",\"potentialAction\":[{\"@type\":\"SearchAction\",\"target\":{\"@type\":\"EntryPoint\",\"urlTemplate\":\"https:\\\/\\\/eheating.lt\\\/?s={search_term_string}\"},\"query-input\":{\"@type\":\"PropertyValueSpecification\",\"valueRequired\":true,\"valueName\":\"search_term_string\"}}],\"inLanguage\":\"en-US\"}]}<\/script>\n<meta property=\"product:price:amount\" content=\"241.60\" \/>\n<meta property=\"product:price:currency\" content=\"EUR\" \/>\n<meta property=\"og:availability\" content=\"backorder\" \/>\n<meta property=\"product:availability\" content=\"available for order\" \/>\n<meta property=\"product:retailer_item_id\" content=\"1a5c5a1e9e58\" \/>\n<meta property=\"product:condition\" content=\"new\" \/>\n<!-- \/ Yoast SEO Premium plugin. -->","yoast_head_json":{"title":"Hikvision \u012feigos kontroleris DS-K2802","description":"Hikvision DS-K2802 kontroleris ; Dviej\u0173 dur\u0173 \u012feigos kontroleris ; Metalinis korpusas ; WIEGAND ; TCP\/IP ; 50000 \u012fvyki\u0173 atmintis","robots":{"index":"index","follow":"follow","max-snippet":"max-snippet:-1","max-image-preview":"max-image-preview:large","max-video-preview":"max-video-preview:-1"},"canonical":"https:\/\/eheating.lt\/en\/produktas\/hikvision-ieigos-kontroleris-ds-k2802\/","og_locale":"en_US","og_type":"article","og_title":"Hikvision \u012feigos kontroleris DS-K2802","og_description":"Hikvision DS-K2802 kontroleris ; Dviej\u0173 dur\u0173 \u012feigos kontroleris ; Metalinis korpusas ; WIEGAND ; TCP\/IP ; 50000 \u012fvyki\u0173 atmintis","og_url":"https:\/\/eheating.lt\/en\/produktas\/hikvision-ieigos-kontroleris-ds-k2802\/","og_site_name":"Elektronika Namams","article_publisher":"https:\/\/www.facebook.com\/ElektronikaNamams","article_modified_time":"2024-10-18T13:57:26+00:00","og_image":[{"width":800,"height":800,"url":"https:\/\/eheating.lt\/wp-content\/uploads\/2023\/10\/Hikvision-ieigos-kontroleris-DS-K2802.png","type":"image\/png"}],"twitter_card":"summary_large_image","twitter_misc":{"Price":"241,60&nbsp;&euro;","Availability":"On backorder"},"schema":{"@context":"https:\/\/schema.org","@graph":[{"@type":"WebPage","@id":"https:\/\/eheating.lt\/en\/produktas\/hikvision-ieigos-kontroleris-ds-k2802\/","url":"https:\/\/eheating.lt\/en\/produktas\/hikvision-ieigos-kontroleris-ds-k2802\/","name":"Hikvision \u012feigos kontroleris DS-K2802","isPartOf":{"@id":"https:\/\/eheating.lt\/#website"},"primaryImageOfPage":{"@id":"https:\/\/eheating.lt\/en\/produktas\/hikvision-ieigos-kontroleris-ds-k2802\/#primaryimage"},"image":{"@id":"https:\/\/eheating.lt\/en\/produktas\/hikvision-ieigos-kontroleris-ds-k2802\/#primaryimage"},"thumbnailUrl":"https:\/\/eheating.lt\/wp-content\/uploads\/2023\/10\/Hikvision-ieigos-kontroleris-DS-K2802.png","datePublished":"2023-12-28T13:22:56+00:00","dateModified":"2024-10-18T13:57:26+00:00","description":"Hikvision DS-K2802 kontroleris ; Dviej\u0173 dur\u0173 \u012feigos kontroleris ; Metalinis korpusas ; WIEGAND ; TCP\/IP ; 50000 \u012fvyki\u0173 atmintis","breadcrumb":{"@id":"https:\/\/eheating.lt\/en\/produktas\/hikvision-ieigos-kontroleris-ds-k2802\/#breadcrumb"},"inLanguage":"en-US","potentialAction":[{"@type":"ReadAction","target":["https:\/\/eheating.lt\/en\/produktas\/hikvision-ieigos-kontroleris-ds-k2802\/"]}]},{"@type":"ImageObject","inLanguage":"en-US","@id":"https:\/\/eheating.lt\/en\/produktas\/hikvision-ieigos-kontroleris-ds-k2802\/#primaryimage","url":"https:\/\/eheating.lt\/wp-content\/uploads\/2023\/10\/Hikvision-ieigos-kontroleris-DS-K2802.png","contentUrl":"https:\/\/eheating.lt\/wp-content\/uploads\/2023\/10\/Hikvision-ieigos-kontroleris-DS-K2802.png","width":800,"height":800,"caption":"Hikvision DS-K2802"},{"@type":"BreadcrumbList","@id":"https:\/\/eheating.lt\/en\/produktas\/hikvision-ieigos-kontroleris-ds-k2802\/#breadcrumb","itemListElement":[{"@type":"ListItem","position":1,"name":"Prad\u017eia","item":"https:\/\/eheating.lt\/en\/"},{"@type":"ListItem","position":2,"name":"Shop","item":"https:\/\/eheating.lt\/en\/?page_id=5734"},{"@type":"ListItem","position":3,"name":"Hikvision \u012feigos kontroleris DS-K2802"}]},{"@type":"WebSite","@id":"https:\/\/eheating.lt\/#website","url":"https:\/\/eheating.lt\/","name":"eHeating","description":"Elektronika ir \u0161ildymas","potentialAction":[{"@type":"SearchAction","target":{"@type":"EntryPoint","urlTemplate":"https:\/\/eheating.lt\/?s={search_term_string}"},"query-input":{"@type":"PropertyValueSpecification","valueRequired":true,"valueName":"search_term_string"}}],"inLanguage":"en-US"}]},"product_price_amount":"241.60","product_price_currency":"EUR","og_availability":"backorder","product_availability":"available for order","product_retailer_item_id":"1a5c5a1e9e58","product_condition":"new"},"_links":{"self":[{"href":"https:\/\/eheating.lt\/en\/wp-json\/wp\/v2\/product\/17558","targetHints":{"allow":["GET"]}}],"collection":[{"href":"https:\/\/eheating.lt\/en\/wp-json\/wp\/v2\/product"}],"about":[{"href":"https:\/\/eheating.lt\/en\/wp-json\/wp\/v2\/types\/product"}],"replies":[{"embeddable":true,"href":"https:\/\/eheating.lt\/en\/wp-json\/wp\/v2\/comments?post=17558"}],"version-history":[{"count":0,"href":"https:\/\/eheating.lt\/en\/wp-json\/wp\/v2\/product\/17558\/revisions"}],"wp:featuredmedia":[{"embeddable":true,"href":"https:\/\/eheating.lt\/en\/wp-json\/wp\/v2\/media\/30695"}],"wp:attachment":[{"href":"https:\/\/eheating.lt\/en\/wp-json\/wp\/v2\/media?parent=17558"}],"wp:term":[{"taxonomy":"product_brand","embeddable":true,"href":"https:\/\/eheating.lt\/en\/wp-json\/wp\/v2\/product_brand?post=17558"},{"taxonomy":"product_cat","embeddable":true,"href":"https:\/\/eheating.lt\/en\/wp-json\/wp\/v2\/product_cat?post=17558"},{"taxonomy":"product_tag","embeddable":true,"href":"https:\/\/eheating.lt\/en\/wp-json\/wp\/v2\/product_tag?post=17558"}],"curies":[{"name":"wp","href":"https:\/\/api.w.org\/{rel}","templated":true}]}}