{"id":17480,"date":"2023-11-13T21:46:25","date_gmt":"2023-11-13T19:46:25","guid":{"rendered":"https:\/\/eheating.lt\/?post_type=product&#038;p=17480"},"modified":"2024-10-18T16:55:38","modified_gmt":"2024-10-18T13:55:38","slug":"hikvision-hm-ts06-35xf-w-oq35-termovizorinis-monoklis","status":"publish","type":"product","link":"https:\/\/eheating.lt\/en\/produktas\/hikvision-hm-ts06-35xf-w-oq35-termovizorinis-monoklis\/","title":{"rendered":"Hikvision HM-TS06-35XF\/W-OQ35 termovizorinis monoklis"},"content":{"rendered":"<div class=\"tech-specs-items-description-wrap\">\n<ul class=\"tech-specs-items-description\" data-target=\"Thermal Module\">\n<li class=\"tech-specs-items-description-list\"><span class=\"tech-specs-items-description__title--heading\">Termovizorinis modulis<\/span><\/li>\n<li class=\"tech-specs-items-description-list\"><span class=\"tech-specs-items-description__title\">Sensorius<\/span><span class=\"tech-specs-items-description__title-details\">VOx Uncooled Focal Plane Arrays<\/span><\/li>\n<li class=\"tech-specs-items-description-list\"><span class=\"tech-specs-items-description__title\">Rai\u0161ka<\/span><span class=\"tech-specs-items-description__title-details\">640\u00d7512<\/span><\/li>\n<li class=\"tech-specs-items-description-list\"><span class=\"tech-specs-items-description__title\">Kadr\u0173 da\u017enis<\/span><span class=\"tech-specs-items-description__title-details\">50Hz<\/span><\/li>\n<li class=\"tech-specs-items-description-list\"><span class=\"tech-specs-items-description__title\">Ta\u0161k\u0173 da\u017enis<\/span><span class=\"tech-specs-items-description__title-details\">17\u03bcm<\/span><\/li>\n<li class=\"tech-specs-items-description-list\"><span class=\"tech-specs-items-description__title\">Atsako bangos plotis<\/span><span class=\"tech-specs-items-description__title-details\">8\u03bcm to 14\u03bcm<\/span><\/li>\n<li class=\"tech-specs-items-description-list\"><span class=\"tech-specs-items-description__title\">NETD<\/span><span class=\"tech-specs-items-description__title-details\">Less than 35 mK (@25\u00b0C),F#=1.1<\/span><\/li>\n<li class=\"tech-specs-items-description-list\"><span class=\"tech-specs-items-description__title\">\u017didinio nuotolis<\/span><span class=\"tech-specs-items-description__title-details\">35mm<\/span><\/li>\n<li class=\"tech-specs-items-description-list\"><span class=\"tech-specs-items-description__title\">IFOV<\/span><span class=\"tech-specs-items-description__title-details\">0.49 mrad<\/span><\/li>\n<li class=\"tech-specs-items-description-list\"><span class=\"tech-specs-items-description__title\">FOV<\/span><span class=\"tech-specs-items-description__title-details\">17.7\u00b0 \u00d7 14.2\u00b0 (H \u00d7 V)<\/span><\/li>\n<li class=\"tech-specs-items-description-list\"><span class=\"tech-specs-items-description__title\">Diafragma<\/span><span class=\"tech-specs-items-description__title-details\">F1.0<\/span><\/li>\n<li class=\"tech-specs-items-description-list\"><span class=\"tech-specs-items-description__title\">Priartinimas<\/span><span class=\"tech-specs-items-description__title-details\">1.4 &#8211; 11.2<\/span><\/li>\n<\/ul>\n<ul class=\"tech-specs-items-description\" data-target=\"Image Display\">\n<li class=\"tech-specs-items-description-list\"><span class=\"tech-specs-items-description__title--heading\">Ekranas<\/span><\/li>\n<li class=\"tech-specs-items-description-list\"><span class=\"tech-specs-items-description__title\">Monitorius <\/span><span class=\"tech-specs-items-description__title-details\">0.39 inch, OLED, 1024 \u00d7768<\/span><\/li>\n<li class=\"tech-specs-items-description-list\"><span class=\"tech-specs-items-description__title\">Spalv\u0173 palet\u0117s<\/span><span class=\"tech-specs-items-description__title-details\">Black Hot, White Hot, Red Hot, Fusion<\/span><\/li>\n<li class=\"tech-specs-items-description-list\"><span class=\"tech-specs-items-description__title\">Vaizdo taisymas<\/span><span class=\"tech-specs-items-description__title-details\">Auto, Manual, External Correction<\/span><\/li>\n<li class=\"tech-specs-items-description-list\"><span class=\"tech-specs-items-description__title\">Skaitmeninis priartinimas<\/span><span class=\"tech-specs-items-description__title-details\">1 \u00d7, 2 \u00d7, 4 \u00d7\uff0c8x<\/span><\/li>\n<\/ul>\n<ul class=\"tech-specs-items-description\" data-target=\"Smart Function\">\n<li class=\"tech-specs-items-description-list\"><span class=\"tech-specs-items-description__title--heading\">I\u0161manios funkcijos<\/span><\/li>\n<li class=\"tech-specs-items-description-list\"><span class=\"tech-specs-items-description__title\">\u0160ilumos sekimas<\/span><span class=\"tech-specs-items-description__title-details\">Yes<\/span><\/li>\n<\/ul>\n<ul class=\"tech-specs-items-description\" data-target=\"System\">\n<li class=\"tech-specs-items-description-list\"><span class=\"tech-specs-items-description__title--heading\">Sistema<\/span><\/li>\n<li class=\"tech-specs-items-description-list\"><span class=\"tech-specs-items-description__title\">Saugykla<\/span><span class=\"tech-specs-items-description__title-details\">Built-in memory module (16 GB)<\/span><\/li>\n<li class=\"tech-specs-items-description-list\"><span class=\"tech-specs-items-description__title\">Vaizdo \u012fra\u0161ymas<\/span><span class=\"tech-specs-items-description__title-details\">Yes<\/span><\/li>\n<li class=\"tech-specs-items-description-list\"><span class=\"tech-specs-items-description__title\">Momentini\u0173 kopij\u0173 aptikimas<\/span><span class=\"tech-specs-items-description__title-details\"><span class=\"tech-specs-items-description__title-details\"><br \/>\n<\/span><\/span><\/p>\n<p class=\"mb-p\" style=\"margin-bottom: 0rem; height: auto;\">No<\/p>\n<p>&nbsp;<\/li>\n<li class=\"tech-specs-items-description-list\"><span class=\"tech-specs-items-description__title\">Wi-Fi<\/span><span class=\"tech-specs-items-description__title-details\">Yes<\/span><\/li>\n<li class=\"tech-specs-items-description-list\"><span class=\"tech-specs-items-description__title\">Laikymo r\u0117\u017eimas<\/span><span class=\"tech-specs-items-description__title-details\">Yes<\/span><\/li>\n<\/ul>\n<ul class=\"tech-specs-items-description\" data-target=\"Power Supply\">\n<li class=\"tech-specs-items-description-list\"><span class=\"tech-specs-items-description__title--heading\">Energijos \u0161altinis<\/span><\/li>\n<li class=\"tech-specs-items-description-list\"><span class=\"tech-specs-items-description__title\">Baterijos tipas<\/span><span class=\"tech-specs-items-description__title-details\">Rechargeable Lithium Battery<\/span><\/li>\n<li class=\"tech-specs-items-description-list\"><span class=\"tech-specs-items-description__title\">Baterijos veikimo laikas<\/span><span class=\"tech-specs-items-description__title-details\"><span class=\"tech-specs-items-description__title-details\"><br \/>\n<\/span><\/span><\/p>\n<p class=\"mb-p\" style=\"margin-bottom: 0rem; height: auto;\">5.5 hours continuous running with CVBS and Wi-Fi hot spot function off (@25\u00b0C)<\/p>\n<p class=\"mb-p\" style=\"margin-bottom: 0.5em; height: auto;\">4.5 hours continuous running with CVBS and Wi-Fi hot spot function on (@25\u00b0C)<\/p>\n<p>&nbsp;<\/li>\n<li class=\"tech-specs-items-description-list\"><span class=\"tech-specs-items-description__title\">Baterijos talpos indikatorius<\/span><span class=\"tech-specs-items-description__title-details\">Yes<\/span><\/li>\n<\/ul>\n<ul class=\"tech-specs-items-description\" data-target=\"General\">\n<li class=\"tech-specs-items-description-list\"><span class=\"tech-specs-items-description__title--heading\">Pagrindinis<\/span><\/li>\n<li class=\"tech-specs-items-description-list\"><span class=\"tech-specs-items-description__title\">Energijos \u0161altinis<\/span><span class=\"tech-specs-items-description__title-details\">5 VDC\/2 A, 2 W, Type-C Interface<\/span><\/li>\n<li class=\"tech-specs-items-description-list\"><span class=\"tech-specs-items-description__title\">Darbin\u0117 temperat\u016bra\/atsparumas dr\u0117gmei<\/span><span class=\"tech-specs-items-description__title-details\">From -30\u00b0C to 55\u00b0C (-22\u00b0F to 131\u00b0F); Humidity: 90% or Less<\/span><\/li>\n<li class=\"tech-specs-items-description-list\"><span class=\"tech-specs-items-description__title\">Apsaugos lygis<\/span><span class=\"tech-specs-items-description__title-details\">IP67<\/span><\/li>\n<li class=\"tech-specs-items-description-list\"><span class=\"tech-specs-items-description__title\">Matmenys<\/span><span class=\"tech-specs-items-description__title-details\">201.6 mm \u00d7 73.7 mm \u00d7 66 mm (7.94&#8243; \u00d7 2.90&#8243; \u00d7 2.60&#8243;)<\/span><\/li>\n<li class=\"tech-specs-items-description-list\"><span class=\"tech-specs-items-description__title\">Svoris<\/span><span class=\"tech-specs-items-description__title-details\">500g (0.55 lb)<\/span><\/li>\n<\/ul>\n<\/div>\n","protected":false},"excerpt":{"rendered":"<ul>\n<li>640 x 512 rai\u0161ka<\/li>\n<li>\u012emontuota li\u010dio baterija<\/li>\n<li>1024 x 768 rai\u0161kos 0.39-inch OLED ekranas<\/li>\n<li>IP67<\/li>\n<\/ul>\n","protected":false},"featured_media":28140,"comment_status":"closed","ping_status":"closed","template":"","meta":[],"product_brand":[],"product_cat":[534,533,423],"product_tag":[],"class_list":{"0":"post-17480","1":"product","2":"type-product","3":"status-publish","4":"has-post-thumbnail","6":"product_cat-ip-kameros","7":"product_cat-ip-vaizdo-stebejimo-sistemos","8":"product_cat-ip-termovizorines-kameros","10":"first","11":"onbackorder","12":"purchasable","13":"product-type-simple"},"yoast_head":"<!-- This site is optimized with the Yoast SEO Premium plugin v21.5 (Yoast SEO v27.4) - https:\/\/yoast.com\/product\/yoast-seo-premium-wordpress\/ -->\n<title>Hikvision HM-TS06-35XF\/W-OQ35 termovizorinis monoklis<\/title>\n<meta name=\"description\" content=\"Hikvision HM-TS06-35XF\/W-OQ35 termovizorinis monoklis ; 640 x 512 rai\u0161ka ; \u012emontuota li\u010dio baterija ; 1024 x 768 rai\u0161kos 0.39-inch OLED ekranas\" \/>\n<meta name=\"robots\" content=\"index, follow, max-snippet:-1, max-image-preview:large, max-video-preview:-1\" \/>\n<link rel=\"canonical\" href=\"https:\/\/eheating.lt\/produktas\/hikvision-hm-ts06-35xf-w-oq35-termovizorinis-monoklis\/\" \/>\n<meta property=\"og:locale\" content=\"en_US\" \/>\n<meta property=\"og:type\" content=\"article\" \/>\n<meta property=\"og:title\" content=\"Hikvision HM-TS06-35XF\/W-OQ35 termovizorinis monoklis\" \/>\n<meta property=\"og:description\" content=\"Hikvision HM-TS06-35XF\/W-OQ35 termovizorinis monoklis ; 640 x 512 rai\u0161ka ; \u012emontuota li\u010dio baterija ; 1024 x 768 rai\u0161kos 0.39-inch OLED ekranas\" \/>\n<meta property=\"og:url\" content=\"https:\/\/eheating.lt\/produktas\/hikvision-hm-ts06-35xf-w-oq35-termovizorinis-monoklis\/\" \/>\n<meta property=\"og:site_name\" content=\"Elektronika Namams\" \/>\n<meta property=\"article:publisher\" content=\"https:\/\/www.facebook.com\/ElektronikaNamams\" \/>\n<meta property=\"article:modified_time\" content=\"2024-10-18T13:55:38+00:00\" \/>\n<meta property=\"og:image\" content=\"https:\/\/eheating.lt\/wp-content\/uploads\/2023\/10\/Hikvision-HM-TS06-35XFW-OQ35-termovizorinis-monoklis.png\" \/>\n\t<meta property=\"og:image:width\" content=\"800\" \/>\n\t<meta property=\"og:image:height\" content=\"800\" \/>\n\t<meta property=\"og:image:type\" content=\"image\/png\" \/>\n<meta name=\"twitter:card\" content=\"summary_large_image\" \/>\n<meta name=\"twitter:label1\" content=\"Price\" \/>\n\t<meta name=\"twitter:data1\" content=\"4130,43&nbsp;&euro;\" \/>\n\t<meta name=\"twitter:label2\" content=\"Availability\" \/>\n\t<meta name=\"twitter:data2\" content=\"On backorder\" \/>\n<script type=\"application\/ld+json\" class=\"yoast-schema-graph\">{\"@context\":\"https:\\\/\\\/schema.org\",\"@graph\":[{\"@type\":\"WebPage\",\"@id\":\"https:\\\/\\\/eheating.lt\\\/produktas\\\/hikvision-hm-ts06-35xf-w-oq35-termovizorinis-monoklis\\\/\",\"url\":\"https:\\\/\\\/eheating.lt\\\/produktas\\\/hikvision-hm-ts06-35xf-w-oq35-termovizorinis-monoklis\\\/\",\"name\":\"Hikvision HM-TS06-35XF\\\/W-OQ35 termovizorinis monoklis\",\"isPartOf\":{\"@id\":\"https:\\\/\\\/eheating.lt\\\/#website\"},\"primaryImageOfPage\":{\"@id\":\"https:\\\/\\\/eheating.lt\\\/produktas\\\/hikvision-hm-ts06-35xf-w-oq35-termovizorinis-monoklis\\\/#primaryimage\"},\"image\":{\"@id\":\"https:\\\/\\\/eheating.lt\\\/produktas\\\/hikvision-hm-ts06-35xf-w-oq35-termovizorinis-monoklis\\\/#primaryimage\"},\"thumbnailUrl\":\"https:\\\/\\\/eheating.lt\\\/wp-content\\\/uploads\\\/2023\\\/10\\\/Hikvision-HM-TS06-35XFW-OQ35-termovizorinis-monoklis.png\",\"datePublished\":\"2023-11-13T19:46:25+00:00\",\"dateModified\":\"2024-10-18T13:55:38+00:00\",\"description\":\"Hikvision HM-TS06-35XF\\\/W-OQ35 termovizorinis monoklis ; 640 x 512 rai\u0161ka ; \u012emontuota li\u010dio baterija ; 1024 x 768 rai\u0161kos 0.39-inch OLED ekranas\",\"breadcrumb\":{\"@id\":\"https:\\\/\\\/eheating.lt\\\/produktas\\\/hikvision-hm-ts06-35xf-w-oq35-termovizorinis-monoklis\\\/#breadcrumb\"},\"inLanguage\":\"en-US\",\"potentialAction\":[{\"@type\":\"ReadAction\",\"target\":[\"https:\\\/\\\/eheating.lt\\\/produktas\\\/hikvision-hm-ts06-35xf-w-oq35-termovizorinis-monoklis\\\/\"]}]},{\"@type\":\"ImageObject\",\"inLanguage\":\"en-US\",\"@id\":\"https:\\\/\\\/eheating.lt\\\/produktas\\\/hikvision-hm-ts06-35xf-w-oq35-termovizorinis-monoklis\\\/#primaryimage\",\"url\":\"https:\\\/\\\/eheating.lt\\\/wp-content\\\/uploads\\\/2023\\\/10\\\/Hikvision-HM-TS06-35XFW-OQ35-termovizorinis-monoklis.png\",\"contentUrl\":\"https:\\\/\\\/eheating.lt\\\/wp-content\\\/uploads\\\/2023\\\/10\\\/Hikvision-HM-TS06-35XFW-OQ35-termovizorinis-monoklis.png\",\"width\":800,\"height\":800,\"caption\":\"Hikvision HM-TS06-35XF\\\/W-OQ35 termovizorinis monoklis\"},{\"@type\":\"BreadcrumbList\",\"@id\":\"https:\\\/\\\/eheating.lt\\\/produktas\\\/hikvision-hm-ts06-35xf-w-oq35-termovizorinis-monoklis\\\/#breadcrumb\",\"itemListElement\":[{\"@type\":\"ListItem\",\"position\":1,\"name\":\"Prad\u017eia\",\"item\":\"https:\\\/\\\/eheating.lt\\\/en\\\/\"},{\"@type\":\"ListItem\",\"position\":2,\"name\":\"Shop\",\"item\":\"https:\\\/\\\/eheating.lt\\\/en\\\/?page_id=5734\"},{\"@type\":\"ListItem\",\"position\":3,\"name\":\"Hikvision HM-TS06-35XF\\\/W-OQ35 termovizorinis monoklis\"}]},{\"@type\":\"WebSite\",\"@id\":\"https:\\\/\\\/eheating.lt\\\/#website\",\"url\":\"https:\\\/\\\/eheating.lt\\\/\",\"name\":\"eHeating\",\"description\":\"Elektronika ir \u0161ildymas\",\"potentialAction\":[{\"@type\":\"SearchAction\",\"target\":{\"@type\":\"EntryPoint\",\"urlTemplate\":\"https:\\\/\\\/eheating.lt\\\/?s={search_term_string}\"},\"query-input\":{\"@type\":\"PropertyValueSpecification\",\"valueRequired\":true,\"valueName\":\"search_term_string\"}}],\"inLanguage\":\"en-US\"}]}<\/script>\n<meta property=\"product:price:amount\" content=\"4130.43\" \/>\n<meta property=\"product:price:currency\" content=\"EUR\" \/>\n<meta property=\"og:availability\" content=\"backorder\" \/>\n<meta property=\"product:availability\" content=\"available for order\" \/>\n<meta property=\"product:retailer_item_id\" content=\"75807f52c835\" \/>\n<meta property=\"product:condition\" content=\"new\" \/>\n<!-- \/ Yoast SEO Premium plugin. -->","yoast_head_json":{"title":"Hikvision HM-TS06-35XF\/W-OQ35 termovizorinis monoklis","description":"Hikvision HM-TS06-35XF\/W-OQ35 termovizorinis monoklis ; 640 x 512 rai\u0161ka ; \u012emontuota li\u010dio baterija ; 1024 x 768 rai\u0161kos 0.39-inch OLED ekranas","robots":{"index":"index","follow":"follow","max-snippet":"max-snippet:-1","max-image-preview":"max-image-preview:large","max-video-preview":"max-video-preview:-1"},"canonical":"https:\/\/eheating.lt\/produktas\/hikvision-hm-ts06-35xf-w-oq35-termovizorinis-monoklis\/","og_locale":"en_US","og_type":"article","og_title":"Hikvision HM-TS06-35XF\/W-OQ35 termovizorinis monoklis","og_description":"Hikvision HM-TS06-35XF\/W-OQ35 termovizorinis monoklis ; 640 x 512 rai\u0161ka ; \u012emontuota li\u010dio baterija ; 1024 x 768 rai\u0161kos 0.39-inch OLED ekranas","og_url":"https:\/\/eheating.lt\/produktas\/hikvision-hm-ts06-35xf-w-oq35-termovizorinis-monoklis\/","og_site_name":"Elektronika Namams","article_publisher":"https:\/\/www.facebook.com\/ElektronikaNamams","article_modified_time":"2024-10-18T13:55:38+00:00","og_image":[{"width":800,"height":800,"url":"https:\/\/eheating.lt\/wp-content\/uploads\/2023\/10\/Hikvision-HM-TS06-35XFW-OQ35-termovizorinis-monoklis.png","type":"image\/png"}],"twitter_card":"summary_large_image","twitter_misc":{"Price":"4130,43&nbsp;&euro;","Availability":"On backorder"},"schema":{"@context":"https:\/\/schema.org","@graph":[{"@type":"WebPage","@id":"https:\/\/eheating.lt\/produktas\/hikvision-hm-ts06-35xf-w-oq35-termovizorinis-monoklis\/","url":"https:\/\/eheating.lt\/produktas\/hikvision-hm-ts06-35xf-w-oq35-termovizorinis-monoklis\/","name":"Hikvision HM-TS06-35XF\/W-OQ35 termovizorinis monoklis","isPartOf":{"@id":"https:\/\/eheating.lt\/#website"},"primaryImageOfPage":{"@id":"https:\/\/eheating.lt\/produktas\/hikvision-hm-ts06-35xf-w-oq35-termovizorinis-monoklis\/#primaryimage"},"image":{"@id":"https:\/\/eheating.lt\/produktas\/hikvision-hm-ts06-35xf-w-oq35-termovizorinis-monoklis\/#primaryimage"},"thumbnailUrl":"https:\/\/eheating.lt\/wp-content\/uploads\/2023\/10\/Hikvision-HM-TS06-35XFW-OQ35-termovizorinis-monoklis.png","datePublished":"2023-11-13T19:46:25+00:00","dateModified":"2024-10-18T13:55:38+00:00","description":"Hikvision HM-TS06-35XF\/W-OQ35 termovizorinis monoklis ; 640 x 512 rai\u0161ka ; \u012emontuota li\u010dio baterija ; 1024 x 768 rai\u0161kos 0.39-inch OLED ekranas","breadcrumb":{"@id":"https:\/\/eheating.lt\/produktas\/hikvision-hm-ts06-35xf-w-oq35-termovizorinis-monoklis\/#breadcrumb"},"inLanguage":"en-US","potentialAction":[{"@type":"ReadAction","target":["https:\/\/eheating.lt\/produktas\/hikvision-hm-ts06-35xf-w-oq35-termovizorinis-monoklis\/"]}]},{"@type":"ImageObject","inLanguage":"en-US","@id":"https:\/\/eheating.lt\/produktas\/hikvision-hm-ts06-35xf-w-oq35-termovizorinis-monoklis\/#primaryimage","url":"https:\/\/eheating.lt\/wp-content\/uploads\/2023\/10\/Hikvision-HM-TS06-35XFW-OQ35-termovizorinis-monoklis.png","contentUrl":"https:\/\/eheating.lt\/wp-content\/uploads\/2023\/10\/Hikvision-HM-TS06-35XFW-OQ35-termovizorinis-monoklis.png","width":800,"height":800,"caption":"Hikvision HM-TS06-35XF\/W-OQ35 termovizorinis monoklis"},{"@type":"BreadcrumbList","@id":"https:\/\/eheating.lt\/produktas\/hikvision-hm-ts06-35xf-w-oq35-termovizorinis-monoklis\/#breadcrumb","itemListElement":[{"@type":"ListItem","position":1,"name":"Prad\u017eia","item":"https:\/\/eheating.lt\/en\/"},{"@type":"ListItem","position":2,"name":"Shop","item":"https:\/\/eheating.lt\/en\/?page_id=5734"},{"@type":"ListItem","position":3,"name":"Hikvision HM-TS06-35XF\/W-OQ35 termovizorinis monoklis"}]},{"@type":"WebSite","@id":"https:\/\/eheating.lt\/#website","url":"https:\/\/eheating.lt\/","name":"eHeating","description":"Elektronika ir \u0161ildymas","potentialAction":[{"@type":"SearchAction","target":{"@type":"EntryPoint","urlTemplate":"https:\/\/eheating.lt\/?s={search_term_string}"},"query-input":{"@type":"PropertyValueSpecification","valueRequired":true,"valueName":"search_term_string"}}],"inLanguage":"en-US"}]},"product_price_amount":"4130.43","product_price_currency":"EUR","og_availability":"backorder","product_availability":"available for order","product_retailer_item_id":"75807f52c835","product_condition":"new"},"_links":{"self":[{"href":"https:\/\/eheating.lt\/en\/wp-json\/wp\/v2\/product\/17480","targetHints":{"allow":["GET"]}}],"collection":[{"href":"https:\/\/eheating.lt\/en\/wp-json\/wp\/v2\/product"}],"about":[{"href":"https:\/\/eheating.lt\/en\/wp-json\/wp\/v2\/types\/product"}],"replies":[{"embeddable":true,"href":"https:\/\/eheating.lt\/en\/wp-json\/wp\/v2\/comments?post=17480"}],"version-history":[{"count":0,"href":"https:\/\/eheating.lt\/en\/wp-json\/wp\/v2\/product\/17480\/revisions"}],"wp:featuredmedia":[{"embeddable":true,"href":"https:\/\/eheating.lt\/en\/wp-json\/wp\/v2\/media\/28140"}],"wp:attachment":[{"href":"https:\/\/eheating.lt\/en\/wp-json\/wp\/v2\/media?parent=17480"}],"wp:term":[{"taxonomy":"product_brand","embeddable":true,"href":"https:\/\/eheating.lt\/en\/wp-json\/wp\/v2\/product_brand?post=17480"},{"taxonomy":"product_cat","embeddable":true,"href":"https:\/\/eheating.lt\/en\/wp-json\/wp\/v2\/product_cat?post=17480"},{"taxonomy":"product_tag","embeddable":true,"href":"https:\/\/eheating.lt\/en\/wp-json\/wp\/v2\/product_tag?post=17480"}],"curies":[{"name":"wp","href":"https:\/\/api.w.org\/{rel}","templated":true}]}}