{"id":17410,"date":"2023-12-28T15:23:05","date_gmt":"2023-12-28T13:23:05","guid":{"rendered":"https:\/\/eheating.lt\/?post_type=product&#038;p=17410"},"modified":"2024-10-18T16:54:52","modified_gmt":"2024-10-18T13:54:52","slug":"hikvision-turniketas-ds-k3g411-r-m-dm55","status":"publish","type":"product","link":"https:\/\/eheating.lt\/en\/produktas\/hikvision-turniketas-ds-k3g411-r-m-dm55\/","title":{"rendered":"Hikvision turniketas DS-K3G411-R\/M-Dm55"},"content":{"rendered":"<div class=\"tech-specs-items-description-wrap\">\n<ul class=\"tech-specs-items-description\" data-target=\"System\">\n<li class=\"tech-specs-items-description-list\"><span class=\"tech-specs-items-description__title--heading\">Sistema<\/span><\/li>\n<li class=\"tech-specs-items-description-list\"><span class=\"tech-specs-items-description__title\">MCBF<\/span><span class=\"tech-specs-items-description__title-details\"> \uff1e3 million times<\/span><\/li>\n<\/ul>\n<ul class=\"tech-specs-items-description\" data-target=\"Interface\">\n<li class=\"tech-specs-items-description-list\"><span class=\"tech-specs-items-description__title--heading\">S\u0105saja<\/span><\/li>\n<li class=\"tech-specs-items-description-list\"><span class=\"tech-specs-items-description__title\">U\u017erakto kontrol\u0117<\/span><span class=\"tech-specs-items-description__title-details\">2<\/span><\/li>\n<li class=\"tech-specs-items-description-list\"><span class=\"tech-specs-items-description__title\">\u012esp\u0117jamojo signalo \u012fvestis<\/span><span class=\"tech-specs-items-description__title-details\">2<\/span><\/li>\n<li class=\"tech-specs-items-description-list\"><span class=\"tech-specs-items-description__title\">\u012esp\u0117jamojo signalo i\u0161vestis<\/span><span class=\"tech-specs-items-description__title-details\">2<\/span><\/li>\n<li class=\"tech-specs-items-description-list\"><span class=\"tech-specs-items-description__title\">Tinklo s\u0105saja<\/span><span class=\"tech-specs-items-description__title-details\">1<\/span><\/li>\n<li class=\"tech-specs-items-description-list\"><span class=\"tech-specs-items-description__title\">RS-485<\/span><span class=\"tech-specs-items-description__title-details\">6 (The interfaces can be switched to RS-232 via DIP switch)<\/span><\/li>\n<li class=\"tech-specs-items-description-list\"><span class=\"tech-specs-items-description__title\">RS-232<\/span><span class=\"tech-specs-items-description__title-details\"><span class=\"tech-specs-items-description__title-details\"><br \/>\n<\/span><\/span><\/p>\n<p class=\"mb-p\" style=\"margin-bottom: 0rem; height: auto;\">6 interfaces can be switched to RS-232 via DIP switch;<\/p>\n<p class=\"mb-p\" style=\"margin-bottom: 0.5em; height: auto;\">2 for fingerprint module or QR code scanner<\/p>\n<p>&nbsp;<\/li>\n<\/ul>\n<ul class=\"tech-specs-items-description\" data-target=\"Capacity\">\n<li class=\"tech-specs-items-description-list\"><span class=\"tech-specs-items-description__title--heading\">Talpa<\/span><\/li>\n<li class=\"tech-specs-items-description-list\"><span class=\"tech-specs-items-description__title\">Korteli\u0173 talpa<\/span><span class=\"tech-specs-items-description__title-details\">60,000<\/span><\/li>\n<li class=\"tech-specs-items-description-list\"><span class=\"tech-specs-items-description__title\">\u012evyki\u0173 talpa<\/span><span class=\"tech-specs-items-description__title-details\">180,000<\/span><\/li>\n<\/ul>\n<ul class=\"tech-specs-items-description\" data-target=\"General\">\n<li class=\"tech-specs-items-description-list\"><span class=\"tech-specs-items-description__title--heading\">Pagrindinis<\/span><\/li>\n<li class=\"tech-specs-items-description-list\"><span class=\"tech-specs-items-description__title\">Pra\u0117jimas<\/span><span class=\"tech-specs-items-description__title-details\"><span class=\"tech-specs-items-description__title-details\"><br \/>\n<\/span><\/span><\/p>\n<p class=\"mb-p\" style=\"margin-bottom: 0rem; height: auto;\">More than 35 persons per minute<\/p>\n<p class=\"mb-p\" style=\"margin-bottom: 0.5em; height: auto;\">The actual throughput is affected by the person passing rate and passing method.<\/p>\n<p>&nbsp;<\/li>\n<li class=\"tech-specs-items-description-list\"><span class=\"tech-specs-items-description__title\">Energijos \u0161altinis<\/span><span class=\"tech-specs-items-description__title-details\">100 to 240 VAC; 50 to 60 Hz<\/span><\/li>\n<li class=\"tech-specs-items-description-list\"><span class=\"tech-specs-items-description__title\">Darbin\u0117 temperat\u016bra<\/span><span class=\"tech-specs-items-description__title-details\"> -10 \u00b0C to 50 \u00b0C (14 \u00b0F to 122 \u00b0F)<\/span><\/li>\n<li class=\"tech-specs-items-description-list\"><span class=\"tech-specs-items-description__title\">Eil\u0117s plotis<\/span><span class=\"tech-specs-items-description__title-details\">550mm<\/span><\/li>\n<li class=\"tech-specs-items-description-list\"><span class=\"tech-specs-items-description__title\">Atsparumad dr\u0117gmei<\/span><span class=\"tech-specs-items-description__title-details\">0% to 95% (No condensing)<\/span><\/li>\n<li class=\"tech-specs-items-description-list\"><span class=\"tech-specs-items-description__title\">Laikyklio med\u017eiaga<\/span><span class=\"tech-specs-items-description__title-details\">SUS304 stainless steel<\/span><\/li>\n<li class=\"tech-specs-items-description-list\"><span class=\"tech-specs-items-description__title\">Matmenys<\/span><span class=\"tech-specs-items-description__title-details\"><span class=\"tech-specs-items-description__title-details\"><br \/>\n<\/span><\/span><\/p>\n<p class=\"mb-p\" style=\"margin-bottom: 0rem; height: auto;\">Without package: 502 mm \u00d7 202 mm \u00d7 1010 mm (19.8&#8243; \u00d7 8.0&#8243; \u00d7 40.0&#8243;)<\/p>\n<p class=\"mb-p\" style=\"margin-bottom: 0.5em; height: auto;\">With package: 745 mm \u00d7 365 mm \u00d7 1120 mm (29.3 \u00d7 14.4&#8243; \u00d7 44.1&#8243;)&#8221;<\/p>\n<p>&nbsp;<\/li>\n<li class=\"tech-specs-items-description-list\"><span class=\"tech-specs-items-description__title\">Pritaikyta veikti<\/span><span class=\"tech-specs-items-description__title-details\">Indoor<\/span><\/li>\n<li class=\"tech-specs-items-description-list\"><span class=\"tech-specs-items-description__title\">Svoris<\/span><span class=\"tech-specs-items-description__title-details\"><span class=\"tech-specs-items-description__title-details\"><br \/>\n<\/span><\/span><\/p>\n<p class=\"mb-p\" style=\"margin-bottom: 0rem; height: auto;\">Without package: 26 kg (57.3 lb)<\/p>\n<p class=\"mb-p\" style=\"margin-bottom: 0.5em; height: auto;\">With package: 31 kg (68.41 lb)<\/p>\n<p>&nbsp;<\/li>\n<li class=\"tech-specs-items-description-list\"><span class=\"tech-specs-items-description__title\">Patvirtinimas<\/span><span class=\"tech-specs-items-description__title-details\">CE\/FCC\/CB\/RoHS\/REACH\/WEEE<\/span><\/li>\n<\/ul>\n<ul class=\"tech-specs-items-description\" data-target=\"Configuration\">\n<li class=\"tech-specs-items-description-list\"><span class=\"tech-specs-items-description__title--heading\">Nustatymai<\/span><\/li>\n<li class=\"tech-specs-items-description-list\"><span class=\"tech-specs-items-description__title\">Moduli\u0173 pasirinkimas<\/span><span class=\"tech-specs-items-description__title-details\">YES<\/span><\/li>\n<li class=\"tech-specs-items-description-list\"><span class=\"tech-specs-items-description__title\">Patvirtinimo r\u0117\u017eimas<\/span><span class=\"tech-specs-items-description__title-details\">Card;Face;QR code;Fingerprint<\/span><\/li>\n<li class=\"tech-specs-items-description-list\"><span class=\"tech-specs-items-description__title\">Patvirtinimas<\/span><span class=\"tech-specs-items-description__title-details\">Fingerprint;QR code<\/span><\/li>\n<li class=\"tech-specs-items-description-list\"><span class=\"tech-specs-items-description__title\">Korteli\u0173 tipas<\/span><span class=\"tech-specs-items-description__title-details\">EM;M1<\/span><\/li>\n<li class=\"tech-specs-items-description-list\"><span class=\"tech-specs-items-description__title\">Sieneli\u0173 nuotolis<\/span><span class=\"tech-specs-items-description__title-details\">20mm<\/span><\/li>\n<li class=\"tech-specs-items-description-list\"><span class=\"tech-specs-items-description__title\">Eil\u0117s plotis<\/span><span class=\"tech-specs-items-description__title-details\">550<\/span><\/li>\n<li class=\"tech-specs-items-description-list\"><span class=\"tech-specs-items-description__title\">Stovo plotis<\/span><span class=\"tech-specs-items-description__title-details\">202 mm<\/span><\/li>\n<li class=\"tech-specs-items-description-list\"><span class=\"tech-specs-items-description__title\">Stovo ilgis<\/span><span class=\"tech-specs-items-description__title-details\">502 mm<\/span><\/li>\n<li class=\"tech-specs-items-description-list\"><span class=\"tech-specs-items-description__title\">Barjiero med\u017eiaga<\/span><span class=\"tech-specs-items-description__title-details\">Stainless steel pipe<\/span><\/li>\n<li class=\"tech-specs-items-description-list\"><span class=\"tech-specs-items-description__title\">Baz\u0117<\/span><span class=\"tech-specs-items-description__title-details\">YES<\/span><\/li>\n<li class=\"tech-specs-items-description-list\"><span class=\"tech-specs-items-description__title\">\u0160oninis stovas<\/span><span class=\"tech-specs-items-description__title-details\">YES<\/span><\/li>\n<li class=\"tech-specs-items-description-list\"><span class=\"tech-specs-items-description__title\">Baz\u0117s modelis<\/span><span class=\"tech-specs-items-description__title-details\">DS-K3G411-BASE<\/span><\/li>\n<li class=\"tech-specs-items-description-list\"><span class=\"tech-specs-items-description__title\">\u0160oninio stovo tipas<\/span><span class=\"tech-specs-items-description__title-details\">fence(130mm)<\/span><\/li>\n<\/ul>\n<\/div>\n","protected":false},"excerpt":{"rendered":"<ul>\n<li>Pra\u0117jimo plotis: 550mm<\/li>\n<li>Integruotas MIFARE skaitytuvas<\/li>\n<li>Vidaus naudojimui<\/li>\n<\/ul>\n","protected":false},"featured_media":30709,"comment_status":"closed","ping_status":"closed","template":"","meta":[],"product_brand":[],"product_cat":[348,328],"product_tag":[],"class_list":{"0":"post-17410","1":"product","2":"type-product","3":"status-publish","4":"has-post-thumbnail","6":"product_cat-hikvision-ieigos-kontrole","7":"product_cat-ieigos-kontroles-sistemos","9":"first","10":"onbackorder","11":"purchasable","12":"product-type-simple"},"yoast_head":"<!-- This site is optimized with the Yoast SEO Premium plugin v21.5 (Yoast SEO v27.4) - https:\/\/yoast.com\/product\/yoast-seo-premium-wordpress\/ -->\n<title>Hikvision turniketas DS-K3G411-R\/M-Dm55<\/title>\n<meta name=\"description\" content=\"Hikvision DS-K3G411-R\/M-Dm55 turniketas ; Pra\u0117jimo plotis: 550mm ; Integruotas MIFARE skaitytuvas ; Vidaus naudojimui ; Korteli\u0173 tipas EM;M1\" \/>\n<meta name=\"robots\" content=\"index, follow, max-snippet:-1, max-image-preview:large, max-video-preview:-1\" \/>\n<link rel=\"canonical\" href=\"https:\/\/eheating.lt\/produktas\/hikvision-turniketas-ds-k3g411-r-m-dm55\/\" \/>\n<meta property=\"og:locale\" content=\"en_US\" \/>\n<meta property=\"og:type\" content=\"article\" \/>\n<meta property=\"og:title\" content=\"Hikvision turniketas DS-K3G411-R\/M-Dm55\" \/>\n<meta property=\"og:description\" content=\"Hikvision DS-K3G411-R\/M-Dm55 turniketas ; Pra\u0117jimo plotis: 550mm ; Integruotas MIFARE skaitytuvas ; Vidaus naudojimui ; Korteli\u0173 tipas EM;M1\" \/>\n<meta property=\"og:url\" content=\"https:\/\/eheating.lt\/produktas\/hikvision-turniketas-ds-k3g411-r-m-dm55\/\" \/>\n<meta property=\"og:site_name\" content=\"Elektronika Namams\" \/>\n<meta property=\"article:publisher\" content=\"https:\/\/www.facebook.com\/ElektronikaNamams\" \/>\n<meta property=\"article:modified_time\" content=\"2024-10-18T13:54:52+00:00\" \/>\n<meta property=\"og:image\" content=\"https:\/\/eheating.lt\/wp-content\/uploads\/2023\/10\/Hikvision-turniketas-DS-K3G411-RM-Dm55.png\" \/>\n\t<meta property=\"og:image:width\" content=\"800\" \/>\n\t<meta property=\"og:image:height\" content=\"800\" \/>\n\t<meta property=\"og:image:type\" content=\"image\/png\" \/>\n<meta name=\"twitter:card\" content=\"summary_large_image\" \/>\n<meta name=\"twitter:label1\" content=\"Price\" \/>\n\t<meta name=\"twitter:data1\" content=\"930,48&nbsp;&euro;\" \/>\n\t<meta name=\"twitter:label2\" content=\"Availability\" \/>\n\t<meta name=\"twitter:data2\" content=\"On backorder\" \/>\n<script type=\"application\/ld+json\" class=\"yoast-schema-graph\">{\"@context\":\"https:\\\/\\\/schema.org\",\"@graph\":[{\"@type\":\"WebPage\",\"@id\":\"https:\\\/\\\/eheating.lt\\\/produktas\\\/hikvision-turniketas-ds-k3g411-r-m-dm55\\\/\",\"url\":\"https:\\\/\\\/eheating.lt\\\/produktas\\\/hikvision-turniketas-ds-k3g411-r-m-dm55\\\/\",\"name\":\"Hikvision turniketas DS-K3G411-R\\\/M-Dm55\",\"isPartOf\":{\"@id\":\"https:\\\/\\\/eheating.lt\\\/#website\"},\"primaryImageOfPage\":{\"@id\":\"https:\\\/\\\/eheating.lt\\\/produktas\\\/hikvision-turniketas-ds-k3g411-r-m-dm55\\\/#primaryimage\"},\"image\":{\"@id\":\"https:\\\/\\\/eheating.lt\\\/produktas\\\/hikvision-turniketas-ds-k3g411-r-m-dm55\\\/#primaryimage\"},\"thumbnailUrl\":\"https:\\\/\\\/eheating.lt\\\/wp-content\\\/uploads\\\/2023\\\/10\\\/Hikvision-turniketas-DS-K3G411-RM-Dm55.png\",\"datePublished\":\"2023-12-28T13:23:05+00:00\",\"dateModified\":\"2024-10-18T13:54:52+00:00\",\"description\":\"Hikvision DS-K3G411-R\\\/M-Dm55 turniketas ; Pra\u0117jimo plotis: 550mm ; Integruotas MIFARE skaitytuvas ; Vidaus naudojimui ; Korteli\u0173 tipas EM;M1\",\"breadcrumb\":{\"@id\":\"https:\\\/\\\/eheating.lt\\\/produktas\\\/hikvision-turniketas-ds-k3g411-r-m-dm55\\\/#breadcrumb\"},\"inLanguage\":\"en-US\",\"potentialAction\":[{\"@type\":\"ReadAction\",\"target\":[\"https:\\\/\\\/eheating.lt\\\/produktas\\\/hikvision-turniketas-ds-k3g411-r-m-dm55\\\/\"]}]},{\"@type\":\"ImageObject\",\"inLanguage\":\"en-US\",\"@id\":\"https:\\\/\\\/eheating.lt\\\/produktas\\\/hikvision-turniketas-ds-k3g411-r-m-dm55\\\/#primaryimage\",\"url\":\"https:\\\/\\\/eheating.lt\\\/wp-content\\\/uploads\\\/2023\\\/10\\\/Hikvision-turniketas-DS-K3G411-RM-Dm55.png\",\"contentUrl\":\"https:\\\/\\\/eheating.lt\\\/wp-content\\\/uploads\\\/2023\\\/10\\\/Hikvision-turniketas-DS-K3G411-RM-Dm55.png\",\"width\":800,\"height\":800,\"caption\":\"Hikvision DS-K3G411-R\\\/M-Dm55\"},{\"@type\":\"BreadcrumbList\",\"@id\":\"https:\\\/\\\/eheating.lt\\\/produktas\\\/hikvision-turniketas-ds-k3g411-r-m-dm55\\\/#breadcrumb\",\"itemListElement\":[{\"@type\":\"ListItem\",\"position\":1,\"name\":\"Prad\u017eia\",\"item\":\"https:\\\/\\\/eheating.lt\\\/en\\\/\"},{\"@type\":\"ListItem\",\"position\":2,\"name\":\"Shop\",\"item\":\"https:\\\/\\\/eheating.lt\\\/en\\\/?page_id=5734\"},{\"@type\":\"ListItem\",\"position\":3,\"name\":\"Hikvision turniketas DS-K3G411-R\\\/M-Dm55\"}]},{\"@type\":\"WebSite\",\"@id\":\"https:\\\/\\\/eheating.lt\\\/#website\",\"url\":\"https:\\\/\\\/eheating.lt\\\/\",\"name\":\"eHeating\",\"description\":\"Elektronika ir \u0161ildymas\",\"potentialAction\":[{\"@type\":\"SearchAction\",\"target\":{\"@type\":\"EntryPoint\",\"urlTemplate\":\"https:\\\/\\\/eheating.lt\\\/?s={search_term_string}\"},\"query-input\":{\"@type\":\"PropertyValueSpecification\",\"valueRequired\":true,\"valueName\":\"search_term_string\"}}],\"inLanguage\":\"en-US\"}]}<\/script>\n<meta property=\"product:price:amount\" content=\"930.48\" \/>\n<meta property=\"product:price:currency\" content=\"EUR\" \/>\n<meta property=\"og:availability\" content=\"backorder\" \/>\n<meta property=\"product:availability\" content=\"available for order\" \/>\n<meta property=\"product:retailer_item_id\" content=\"277773f69fdd\" \/>\n<meta property=\"product:condition\" content=\"new\" \/>\n<!-- \/ Yoast SEO Premium plugin. -->","yoast_head_json":{"title":"Hikvision turniketas DS-K3G411-R\/M-Dm55","description":"Hikvision DS-K3G411-R\/M-Dm55 turniketas ; Pra\u0117jimo plotis: 550mm ; Integruotas MIFARE skaitytuvas ; Vidaus naudojimui ; Korteli\u0173 tipas EM;M1","robots":{"index":"index","follow":"follow","max-snippet":"max-snippet:-1","max-image-preview":"max-image-preview:large","max-video-preview":"max-video-preview:-1"},"canonical":"https:\/\/eheating.lt\/produktas\/hikvision-turniketas-ds-k3g411-r-m-dm55\/","og_locale":"en_US","og_type":"article","og_title":"Hikvision turniketas DS-K3G411-R\/M-Dm55","og_description":"Hikvision DS-K3G411-R\/M-Dm55 turniketas ; Pra\u0117jimo plotis: 550mm ; Integruotas MIFARE skaitytuvas ; Vidaus naudojimui ; Korteli\u0173 tipas EM;M1","og_url":"https:\/\/eheating.lt\/produktas\/hikvision-turniketas-ds-k3g411-r-m-dm55\/","og_site_name":"Elektronika Namams","article_publisher":"https:\/\/www.facebook.com\/ElektronikaNamams","article_modified_time":"2024-10-18T13:54:52+00:00","og_image":[{"width":800,"height":800,"url":"https:\/\/eheating.lt\/wp-content\/uploads\/2023\/10\/Hikvision-turniketas-DS-K3G411-RM-Dm55.png","type":"image\/png"}],"twitter_card":"summary_large_image","twitter_misc":{"Price":"930,48&nbsp;&euro;","Availability":"On backorder"},"schema":{"@context":"https:\/\/schema.org","@graph":[{"@type":"WebPage","@id":"https:\/\/eheating.lt\/produktas\/hikvision-turniketas-ds-k3g411-r-m-dm55\/","url":"https:\/\/eheating.lt\/produktas\/hikvision-turniketas-ds-k3g411-r-m-dm55\/","name":"Hikvision turniketas DS-K3G411-R\/M-Dm55","isPartOf":{"@id":"https:\/\/eheating.lt\/#website"},"primaryImageOfPage":{"@id":"https:\/\/eheating.lt\/produktas\/hikvision-turniketas-ds-k3g411-r-m-dm55\/#primaryimage"},"image":{"@id":"https:\/\/eheating.lt\/produktas\/hikvision-turniketas-ds-k3g411-r-m-dm55\/#primaryimage"},"thumbnailUrl":"https:\/\/eheating.lt\/wp-content\/uploads\/2023\/10\/Hikvision-turniketas-DS-K3G411-RM-Dm55.png","datePublished":"2023-12-28T13:23:05+00:00","dateModified":"2024-10-18T13:54:52+00:00","description":"Hikvision DS-K3G411-R\/M-Dm55 turniketas ; Pra\u0117jimo plotis: 550mm ; Integruotas MIFARE skaitytuvas ; Vidaus naudojimui ; Korteli\u0173 tipas EM;M1","breadcrumb":{"@id":"https:\/\/eheating.lt\/produktas\/hikvision-turniketas-ds-k3g411-r-m-dm55\/#breadcrumb"},"inLanguage":"en-US","potentialAction":[{"@type":"ReadAction","target":["https:\/\/eheating.lt\/produktas\/hikvision-turniketas-ds-k3g411-r-m-dm55\/"]}]},{"@type":"ImageObject","inLanguage":"en-US","@id":"https:\/\/eheating.lt\/produktas\/hikvision-turniketas-ds-k3g411-r-m-dm55\/#primaryimage","url":"https:\/\/eheating.lt\/wp-content\/uploads\/2023\/10\/Hikvision-turniketas-DS-K3G411-RM-Dm55.png","contentUrl":"https:\/\/eheating.lt\/wp-content\/uploads\/2023\/10\/Hikvision-turniketas-DS-K3G411-RM-Dm55.png","width":800,"height":800,"caption":"Hikvision DS-K3G411-R\/M-Dm55"},{"@type":"BreadcrumbList","@id":"https:\/\/eheating.lt\/produktas\/hikvision-turniketas-ds-k3g411-r-m-dm55\/#breadcrumb","itemListElement":[{"@type":"ListItem","position":1,"name":"Prad\u017eia","item":"https:\/\/eheating.lt\/en\/"},{"@type":"ListItem","position":2,"name":"Shop","item":"https:\/\/eheating.lt\/en\/?page_id=5734"},{"@type":"ListItem","position":3,"name":"Hikvision turniketas DS-K3G411-R\/M-Dm55"}]},{"@type":"WebSite","@id":"https:\/\/eheating.lt\/#website","url":"https:\/\/eheating.lt\/","name":"eHeating","description":"Elektronika ir \u0161ildymas","potentialAction":[{"@type":"SearchAction","target":{"@type":"EntryPoint","urlTemplate":"https:\/\/eheating.lt\/?s={search_term_string}"},"query-input":{"@type":"PropertyValueSpecification","valueRequired":true,"valueName":"search_term_string"}}],"inLanguage":"en-US"}]},"product_price_amount":"930.48","product_price_currency":"EUR","og_availability":"backorder","product_availability":"available for order","product_retailer_item_id":"277773f69fdd","product_condition":"new"},"_links":{"self":[{"href":"https:\/\/eheating.lt\/en\/wp-json\/wp\/v2\/product\/17410","targetHints":{"allow":["GET"]}}],"collection":[{"href":"https:\/\/eheating.lt\/en\/wp-json\/wp\/v2\/product"}],"about":[{"href":"https:\/\/eheating.lt\/en\/wp-json\/wp\/v2\/types\/product"}],"replies":[{"embeddable":true,"href":"https:\/\/eheating.lt\/en\/wp-json\/wp\/v2\/comments?post=17410"}],"version-history":[{"count":0,"href":"https:\/\/eheating.lt\/en\/wp-json\/wp\/v2\/product\/17410\/revisions"}],"wp:featuredmedia":[{"embeddable":true,"href":"https:\/\/eheating.lt\/en\/wp-json\/wp\/v2\/media\/30709"}],"wp:attachment":[{"href":"https:\/\/eheating.lt\/en\/wp-json\/wp\/v2\/media?parent=17410"}],"wp:term":[{"taxonomy":"product_brand","embeddable":true,"href":"https:\/\/eheating.lt\/en\/wp-json\/wp\/v2\/product_brand?post=17410"},{"taxonomy":"product_cat","embeddable":true,"href":"https:\/\/eheating.lt\/en\/wp-json\/wp\/v2\/product_cat?post=17410"},{"taxonomy":"product_tag","embeddable":true,"href":"https:\/\/eheating.lt\/en\/wp-json\/wp\/v2\/product_tag?post=17410"}],"curies":[{"name":"wp","href":"https:\/\/api.w.org\/{rel}","templated":true}]}}