{"id":17362,"date":"2023-12-28T15:23:09","date_gmt":"2023-12-28T13:23:09","guid":{"rendered":"https:\/\/eheating.lt\/?post_type=product&#038;p=17362"},"modified":"2024-10-18T16:54:11","modified_gmt":"2024-10-18T13:54:11","slug":"hikvision-korteliu-skaitytuvas-ds-k1108amk","status":"publish","type":"product","link":"https:\/\/eheating.lt\/en\/produktas\/hikvision-korteliu-skaitytuvas-ds-k1108amk\/","title":{"rendered":"Hikvision korteli\u0173 skaitytuvas DS-K1108AMK"},"content":{"rendered":"<div class=\"tech-specs-items-description-wrap\">\n<ul class=\"tech-specs-items-description\" data-target=\"System\">\n<li class=\"tech-specs-items-description-list\"><span class=\"tech-specs-items-description__title--heading\">Sistema<\/span><\/li>\n<li class=\"tech-specs-items-description-list\"><span class=\"tech-specs-items-description__title\">Procesorius<\/span><span class=\"tech-specs-items-description__title-details\">32 bit<\/span><\/li>\n<\/ul>\n<ul class=\"tech-specs-items-description\" data-target=\"Audio\">\n<li class=\"tech-specs-items-description-list\"><span class=\"tech-specs-items-description__title--heading\">Garsas<\/span><\/li>\n<li class=\"tech-specs-items-description-list\"><span class=\"tech-specs-items-description__title\">Garso \u012fsp\u0117jamasis signalas<\/span><span class=\"tech-specs-items-description__title-details\">Beeper<\/span><\/li>\n<\/ul>\n<ul class=\"tech-specs-items-description\" data-target=\"Network\">\n<li class=\"tech-specs-items-description-list\"><span class=\"tech-specs-items-description__title--heading\">Tinklas<\/span><\/li>\n<li class=\"tech-specs-items-description-list\"><span class=\"tech-specs-items-description__title\">Sujungimo protokolas<\/span><span class=\"tech-specs-items-description__title-details\">RS-485\/Wiegand (Set via DIP switch)<\/span><\/li>\n<\/ul>\n<ul class=\"tech-specs-items-description\" data-target=\"Authentication\">\n<li class=\"tech-specs-items-description-list\"><span class=\"tech-specs-items-description__title--heading\">Atpa\u017einimas<\/span><\/li>\n<li class=\"tech-specs-items-description-list\"><span class=\"tech-specs-items-description__title\">Korteli\u0173 skaitymo nuotolis<\/span><span class=\"tech-specs-items-description__title-details\">\u2264 50 mm (1.97&#8243;)<\/span><\/li>\n<li class=\"tech-specs-items-description-list\"><span class=\"tech-specs-items-description__title\">Koteli\u0173 radijo da\u017enio standartas<\/span><span class=\"tech-specs-items-description__title-details\">ISO 14443-A<\/span><\/li>\n<\/ul>\n<ul class=\"tech-specs-items-description\" data-target=\"Function\">\n<li class=\"tech-specs-items-description-list\"><span class=\"tech-specs-items-description__title--heading\">Funkcijos<\/span><\/li>\n<li class=\"tech-specs-items-description-list\"><span class=\"tech-specs-items-description__title\">ID nustatymai<\/span><span class=\"tech-specs-items-description__title-details\">via DIP switch<\/span><\/li>\n<\/ul>\n<ul class=\"tech-specs-items-description\" data-target=\"General\">\n<li class=\"tech-specs-items-description-list\"><span class=\"tech-specs-items-description__title--heading\">Pagrindinis<\/span><\/li>\n<li class=\"tech-specs-items-description-list\"><span class=\"tech-specs-items-description__title\">Klaviat\u016bra<\/span><span class=\"tech-specs-items-description__title-details\"><span class=\"tech-specs-items-description__title-details\"><br \/>\n<\/span><\/span><\/p>\n<p class=\"mb-p\" style=\"margin-bottom: 0rem; height: auto;\">DS-K1108AE\/DS-K1108AM\/DS-K1108AD: No keypad<\/p>\n<p class=\"mb-p\" style=\"margin-bottom: 0.5em; height: auto;\">DS-K1108AEK\/DS-K1108AMK\/DS-K1108ADK: With keypad<\/p>\n<p>&nbsp;<\/li>\n<li class=\"tech-specs-items-description-list\"><span class=\"tech-specs-items-description__title\">Indikatoriai<\/span><span class=\"tech-specs-items-description__title-details\">Power indicator; Status LED indicator<\/span><\/li>\n<li class=\"tech-specs-items-description-list\"><span class=\"tech-specs-items-description__title\">Energijos \u0161altinis<\/span><span class=\"tech-specs-items-description__title-details\">12 VDC, 2 W<\/span><\/li>\n<li class=\"tech-specs-items-description-list\"><span class=\"tech-specs-items-description__title\">Darbin\u0117 temperat\u016bra<\/span><span class=\"tech-specs-items-description__title-details\">-20\u00b0C to 65\u00b0C (-4\u00b0F to 149\u00b0F)<\/span><\/li>\n<li class=\"tech-specs-items-description-list\"><span class=\"tech-specs-items-description__title\">Darbinis atsparumas dr\u0117gmei<\/span><span class=\"tech-specs-items-description__title-details\">10% to 90% (Non condensing)<\/span><\/li>\n<li class=\"tech-specs-items-description-list\"><span class=\"tech-specs-items-description__title\">Matmenys<\/span><span class=\"tech-specs-items-description__title-details\">123 mm \u00d7 88 mm \u00d7 21mm (4.84&#8243; \u00d7 3.46&#8243; \u00d7 0.83&#8243;)<\/span><\/li>\n<li class=\"tech-specs-items-description-list\"><span class=\"tech-specs-items-description__title\">Apsaugos lygis<\/span><span class=\"tech-specs-items-description__title-details\">IP65<\/span><\/li>\n<li class=\"tech-specs-items-description-list\"><span class=\"tech-specs-items-description__title\">\u012ediegimas<\/span><span class=\"tech-specs-items-description__title-details\">Wall mounting<\/span><\/li>\n<\/ul>\n<\/div>\n","protected":false},"excerpt":{"rendered":"<ul>\n<li>Palaiko RS-485<\/li>\n<li>Palaiko EM korteli\u0173 skaitym\u0105<\/li>\n<li>Palaiko Wiegand(W26\/W34) protokol\u0105<\/li>\n<li>Palaiko Mifare korteli\u0173 skaitym\u0105<\/li>\n<li>\u012emontuota sirena<\/li>\n<li>IP65<\/li>\n<\/ul>\n","protected":false},"featured_media":30717,"comment_status":"closed","ping_status":"closed","template":"","meta":[],"product_brand":[],"product_cat":[348,328],"product_tag":[974],"class_list":{"0":"post-17362","1":"product","2":"type-product","3":"status-publish","4":"has-post-thumbnail","6":"product_cat-hikvision-ieigos-kontrole","7":"product_cat-ieigos-kontroles-sistemos","8":"product_tag-ean","10":"first","11":"onbackorder","12":"purchasable","13":"product-type-simple"},"yoast_head":"<!-- This site is optimized with the Yoast SEO Premium plugin v21.5 (Yoast SEO v27.4) - https:\/\/yoast.com\/product\/yoast-seo-premium-wordpress\/ -->\n<title>Hikvision korteli\u0173 skaitytuvas DS-K1108AMK<\/title>\n<meta name=\"description\" content=\"Hikvision DS-K1108AMK korteli\u0173 skaitytuvas ; Palaiko RS-485 ; Palaiko EM, Mifare korteli\u0173 skaitym\u0105 ; Palaiko Wiegand(W26\/W34) protokol\u0105 ; IP65\" \/>\n<meta name=\"robots\" content=\"index, follow, max-snippet:-1, max-image-preview:large, max-video-preview:-1\" \/>\n<link rel=\"canonical\" href=\"https:\/\/eheating.lt\/produktas\/hikvision-korteliu-skaitytuvas-ds-k1108amk\/\" \/>\n<meta property=\"og:locale\" content=\"en_US\" \/>\n<meta property=\"og:type\" content=\"article\" \/>\n<meta property=\"og:title\" content=\"Hikvision korteli\u0173 skaitytuvas DS-K1108AMK\" \/>\n<meta property=\"og:description\" content=\"Hikvision DS-K1108AMK korteli\u0173 skaitytuvas ; Palaiko RS-485 ; Palaiko EM, Mifare korteli\u0173 skaitym\u0105 ; Palaiko Wiegand(W26\/W34) protokol\u0105 ; IP65\" \/>\n<meta property=\"og:url\" content=\"https:\/\/eheating.lt\/produktas\/hikvision-korteliu-skaitytuvas-ds-k1108amk\/\" \/>\n<meta property=\"og:site_name\" content=\"Elektronika Namams\" \/>\n<meta property=\"article:publisher\" content=\"https:\/\/www.facebook.com\/ElektronikaNamams\" \/>\n<meta property=\"article:modified_time\" content=\"2024-10-18T13:54:11+00:00\" \/>\n<meta property=\"og:image\" content=\"https:\/\/eheating.lt\/wp-content\/uploads\/2023\/10\/Hikvision-korteliu-skaitytuvas-DS-K1108AMK.png\" \/>\n\t<meta property=\"og:image:width\" content=\"800\" \/>\n\t<meta property=\"og:image:height\" content=\"800\" \/>\n\t<meta property=\"og:image:type\" content=\"image\/png\" \/>\n<meta name=\"twitter:card\" content=\"summary_large_image\" \/>\n<meta name=\"twitter:label1\" content=\"Price\" \/>\n\t<meta name=\"twitter:data1\" content=\"101,11&nbsp;&euro;\" \/>\n\t<meta name=\"twitter:label2\" content=\"Availability\" \/>\n\t<meta name=\"twitter:data2\" content=\"On backorder\" \/>\n<script type=\"application\/ld+json\" class=\"yoast-schema-graph\">{\"@context\":\"https:\\\/\\\/schema.org\",\"@graph\":[{\"@type\":\"WebPage\",\"@id\":\"https:\\\/\\\/eheating.lt\\\/produktas\\\/hikvision-korteliu-skaitytuvas-ds-k1108amk\\\/\",\"url\":\"https:\\\/\\\/eheating.lt\\\/produktas\\\/hikvision-korteliu-skaitytuvas-ds-k1108amk\\\/\",\"name\":\"Hikvision korteli\u0173 skaitytuvas DS-K1108AMK\",\"isPartOf\":{\"@id\":\"https:\\\/\\\/eheating.lt\\\/#website\"},\"primaryImageOfPage\":{\"@id\":\"https:\\\/\\\/eheating.lt\\\/produktas\\\/hikvision-korteliu-skaitytuvas-ds-k1108amk\\\/#primaryimage\"},\"image\":{\"@id\":\"https:\\\/\\\/eheating.lt\\\/produktas\\\/hikvision-korteliu-skaitytuvas-ds-k1108amk\\\/#primaryimage\"},\"thumbnailUrl\":\"https:\\\/\\\/eheating.lt\\\/wp-content\\\/uploads\\\/2023\\\/10\\\/Hikvision-korteliu-skaitytuvas-DS-K1108AMK.png\",\"datePublished\":\"2023-12-28T13:23:09+00:00\",\"dateModified\":\"2024-10-18T13:54:11+00:00\",\"description\":\"Hikvision DS-K1108AMK korteli\u0173 skaitytuvas ; Palaiko RS-485 ; Palaiko EM, Mifare korteli\u0173 skaitym\u0105 ; Palaiko Wiegand(W26\\\/W34) protokol\u0105 ; IP65\",\"breadcrumb\":{\"@id\":\"https:\\\/\\\/eheating.lt\\\/produktas\\\/hikvision-korteliu-skaitytuvas-ds-k1108amk\\\/#breadcrumb\"},\"inLanguage\":\"en-US\",\"potentialAction\":[{\"@type\":\"ReadAction\",\"target\":[\"https:\\\/\\\/eheating.lt\\\/produktas\\\/hikvision-korteliu-skaitytuvas-ds-k1108amk\\\/\"]}]},{\"@type\":\"ImageObject\",\"inLanguage\":\"en-US\",\"@id\":\"https:\\\/\\\/eheating.lt\\\/produktas\\\/hikvision-korteliu-skaitytuvas-ds-k1108amk\\\/#primaryimage\",\"url\":\"https:\\\/\\\/eheating.lt\\\/wp-content\\\/uploads\\\/2023\\\/10\\\/Hikvision-korteliu-skaitytuvas-DS-K1108AMK.png\",\"contentUrl\":\"https:\\\/\\\/eheating.lt\\\/wp-content\\\/uploads\\\/2023\\\/10\\\/Hikvision-korteliu-skaitytuvas-DS-K1108AMK.png\",\"width\":800,\"height\":800,\"caption\":\"Hikvision DS-K1108AMK\"},{\"@type\":\"BreadcrumbList\",\"@id\":\"https:\\\/\\\/eheating.lt\\\/produktas\\\/hikvision-korteliu-skaitytuvas-ds-k1108amk\\\/#breadcrumb\",\"itemListElement\":[{\"@type\":\"ListItem\",\"position\":1,\"name\":\"Prad\u017eia\",\"item\":\"https:\\\/\\\/eheating.lt\\\/en\\\/\"},{\"@type\":\"ListItem\",\"position\":2,\"name\":\"Shop\",\"item\":\"https:\\\/\\\/eheating.lt\\\/en\\\/?page_id=5734\"},{\"@type\":\"ListItem\",\"position\":3,\"name\":\"Hikvision korteli\u0173 skaitytuvas DS-K1108AMK\"}]},{\"@type\":\"WebSite\",\"@id\":\"https:\\\/\\\/eheating.lt\\\/#website\",\"url\":\"https:\\\/\\\/eheating.lt\\\/\",\"name\":\"eHeating\",\"description\":\"Elektronika ir \u0161ildymas\",\"potentialAction\":[{\"@type\":\"SearchAction\",\"target\":{\"@type\":\"EntryPoint\",\"urlTemplate\":\"https:\\\/\\\/eheating.lt\\\/?s={search_term_string}\"},\"query-input\":{\"@type\":\"PropertyValueSpecification\",\"valueRequired\":true,\"valueName\":\"search_term_string\"}}],\"inLanguage\":\"en-US\"}]}<\/script>\n<meta property=\"product:price:amount\" content=\"101.11\" \/>\n<meta property=\"product:price:currency\" content=\"EUR\" \/>\n<meta property=\"og:availability\" content=\"backorder\" \/>\n<meta property=\"product:availability\" content=\"available for order\" \/>\n<meta property=\"product:retailer_item_id\" content=\"0b4ba3020f8c\" \/>\n<meta property=\"product:condition\" content=\"new\" \/>\n<!-- \/ Yoast SEO Premium plugin. -->","yoast_head_json":{"title":"Hikvision korteli\u0173 skaitytuvas DS-K1108AMK","description":"Hikvision DS-K1108AMK korteli\u0173 skaitytuvas ; Palaiko RS-485 ; Palaiko EM, Mifare korteli\u0173 skaitym\u0105 ; Palaiko Wiegand(W26\/W34) protokol\u0105 ; IP65","robots":{"index":"index","follow":"follow","max-snippet":"max-snippet:-1","max-image-preview":"max-image-preview:large","max-video-preview":"max-video-preview:-1"},"canonical":"https:\/\/eheating.lt\/produktas\/hikvision-korteliu-skaitytuvas-ds-k1108amk\/","og_locale":"en_US","og_type":"article","og_title":"Hikvision korteli\u0173 skaitytuvas DS-K1108AMK","og_description":"Hikvision DS-K1108AMK korteli\u0173 skaitytuvas ; Palaiko RS-485 ; Palaiko EM, Mifare korteli\u0173 skaitym\u0105 ; Palaiko Wiegand(W26\/W34) protokol\u0105 ; IP65","og_url":"https:\/\/eheating.lt\/produktas\/hikvision-korteliu-skaitytuvas-ds-k1108amk\/","og_site_name":"Elektronika Namams","article_publisher":"https:\/\/www.facebook.com\/ElektronikaNamams","article_modified_time":"2024-10-18T13:54:11+00:00","og_image":[{"width":800,"height":800,"url":"https:\/\/eheating.lt\/wp-content\/uploads\/2023\/10\/Hikvision-korteliu-skaitytuvas-DS-K1108AMK.png","type":"image\/png"}],"twitter_card":"summary_large_image","twitter_misc":{"Price":"101,11&nbsp;&euro;","Availability":"On backorder"},"schema":{"@context":"https:\/\/schema.org","@graph":[{"@type":"WebPage","@id":"https:\/\/eheating.lt\/produktas\/hikvision-korteliu-skaitytuvas-ds-k1108amk\/","url":"https:\/\/eheating.lt\/produktas\/hikvision-korteliu-skaitytuvas-ds-k1108amk\/","name":"Hikvision korteli\u0173 skaitytuvas DS-K1108AMK","isPartOf":{"@id":"https:\/\/eheating.lt\/#website"},"primaryImageOfPage":{"@id":"https:\/\/eheating.lt\/produktas\/hikvision-korteliu-skaitytuvas-ds-k1108amk\/#primaryimage"},"image":{"@id":"https:\/\/eheating.lt\/produktas\/hikvision-korteliu-skaitytuvas-ds-k1108amk\/#primaryimage"},"thumbnailUrl":"https:\/\/eheating.lt\/wp-content\/uploads\/2023\/10\/Hikvision-korteliu-skaitytuvas-DS-K1108AMK.png","datePublished":"2023-12-28T13:23:09+00:00","dateModified":"2024-10-18T13:54:11+00:00","description":"Hikvision DS-K1108AMK korteli\u0173 skaitytuvas ; Palaiko RS-485 ; Palaiko EM, Mifare korteli\u0173 skaitym\u0105 ; Palaiko Wiegand(W26\/W34) protokol\u0105 ; IP65","breadcrumb":{"@id":"https:\/\/eheating.lt\/produktas\/hikvision-korteliu-skaitytuvas-ds-k1108amk\/#breadcrumb"},"inLanguage":"en-US","potentialAction":[{"@type":"ReadAction","target":["https:\/\/eheating.lt\/produktas\/hikvision-korteliu-skaitytuvas-ds-k1108amk\/"]}]},{"@type":"ImageObject","inLanguage":"en-US","@id":"https:\/\/eheating.lt\/produktas\/hikvision-korteliu-skaitytuvas-ds-k1108amk\/#primaryimage","url":"https:\/\/eheating.lt\/wp-content\/uploads\/2023\/10\/Hikvision-korteliu-skaitytuvas-DS-K1108AMK.png","contentUrl":"https:\/\/eheating.lt\/wp-content\/uploads\/2023\/10\/Hikvision-korteliu-skaitytuvas-DS-K1108AMK.png","width":800,"height":800,"caption":"Hikvision DS-K1108AMK"},{"@type":"BreadcrumbList","@id":"https:\/\/eheating.lt\/produktas\/hikvision-korteliu-skaitytuvas-ds-k1108amk\/#breadcrumb","itemListElement":[{"@type":"ListItem","position":1,"name":"Prad\u017eia","item":"https:\/\/eheating.lt\/en\/"},{"@type":"ListItem","position":2,"name":"Shop","item":"https:\/\/eheating.lt\/en\/?page_id=5734"},{"@type":"ListItem","position":3,"name":"Hikvision korteli\u0173 skaitytuvas DS-K1108AMK"}]},{"@type":"WebSite","@id":"https:\/\/eheating.lt\/#website","url":"https:\/\/eheating.lt\/","name":"eHeating","description":"Elektronika ir \u0161ildymas","potentialAction":[{"@type":"SearchAction","target":{"@type":"EntryPoint","urlTemplate":"https:\/\/eheating.lt\/?s={search_term_string}"},"query-input":{"@type":"PropertyValueSpecification","valueRequired":true,"valueName":"search_term_string"}}],"inLanguage":"en-US"}]},"product_price_amount":"101.11","product_price_currency":"EUR","og_availability":"backorder","product_availability":"available for order","product_retailer_item_id":"0b4ba3020f8c","product_condition":"new"},"_links":{"self":[{"href":"https:\/\/eheating.lt\/en\/wp-json\/wp\/v2\/product\/17362","targetHints":{"allow":["GET"]}}],"collection":[{"href":"https:\/\/eheating.lt\/en\/wp-json\/wp\/v2\/product"}],"about":[{"href":"https:\/\/eheating.lt\/en\/wp-json\/wp\/v2\/types\/product"}],"replies":[{"embeddable":true,"href":"https:\/\/eheating.lt\/en\/wp-json\/wp\/v2\/comments?post=17362"}],"version-history":[{"count":0,"href":"https:\/\/eheating.lt\/en\/wp-json\/wp\/v2\/product\/17362\/revisions"}],"wp:featuredmedia":[{"embeddable":true,"href":"https:\/\/eheating.lt\/en\/wp-json\/wp\/v2\/media\/30717"}],"wp:attachment":[{"href":"https:\/\/eheating.lt\/en\/wp-json\/wp\/v2\/media?parent=17362"}],"wp:term":[{"taxonomy":"product_brand","embeddable":true,"href":"https:\/\/eheating.lt\/en\/wp-json\/wp\/v2\/product_brand?post=17362"},{"taxonomy":"product_cat","embeddable":true,"href":"https:\/\/eheating.lt\/en\/wp-json\/wp\/v2\/product_cat?post=17362"},{"taxonomy":"product_tag","embeddable":true,"href":"https:\/\/eheating.lt\/en\/wp-json\/wp\/v2\/product_tag?post=17362"}],"curies":[{"name":"wp","href":"https:\/\/api.w.org\/{rel}","templated":true}]}}