{"id":17118,"date":"2023-11-13T21:25:44","date_gmt":"2023-11-13T19:25:44","guid":{"rendered":"https:\/\/eheating.lt\/?post_type=product&#038;p=17118"},"modified":"2024-10-18T16:50:25","modified_gmt":"2024-10-18T13:50:25","slug":"hikvision-ae-dn2016-f3-automobilinis-vaizdo-registratorius","status":"publish","type":"product","link":"https:\/\/eheating.lt\/en\/produktas\/hikvision-ae-dn2016-f3-automobilinis-vaizdo-registratorius\/","title":{"rendered":"Hikvision AE-DN2016-F3 automobilinis vaizdo registratorius"},"content":{"rendered":"<table>\n<tbody>\n<tr>\n<td>Automobilinio vaizdo registratoriaus kamera<\/td>\n<\/tr>\n<tr>\n<td>Vaizdo sensorius<\/td>\n<td>1\/3\u201d Progressive Scan CMOS<\/td>\n<\/tr>\n<tr>\n<td>Kameros rai\u0161ka<\/td>\n<td>1080P(1920*1080)<\/td>\n<\/tr>\n<tr>\n<td>Matymo kampas<\/td>\n<td>135\u00b0( diagonal), 115\u00b0(horizontal)<\/td>\n<\/tr>\n<tr>\n<td>U\u017ekodavimo rai\u0161ka<\/td>\n<td>1080P@25fps, 720P@25fps (1080P default)<\/td>\n<\/tr>\n<tr>\n<td>Vaizdo suspaudimas<\/td>\n<td>H.264<\/td>\n<\/tr>\n<tr>\n<td>Nuotrauk\u0173 formatas<\/td>\n<td>JPEG<\/td>\n<\/tr>\n<tr>\n<td>OSD<\/td>\n<td>Date, time<\/td>\n<\/tr>\n<tr>\n<td>Talpykla<\/td>\n<td>1 TF card, up to 128GB<\/td>\n<\/tr>\n<tr>\n<td>Sujungimo modulis<\/td>\n<td>Wi-Fi<\/td>\n<\/tr>\n<tr>\n<td>Sensorius<\/td>\n<td>Built-in-G-sensor<\/td>\n<\/tr>\n<tr>\n<td>S\u0105sajos<\/td>\n<\/tr>\n<tr>\n<td>USB prievadai<\/td>\n<td>1 USB2.0<\/td>\n<\/tr>\n<tr>\n<td>Garsas<\/td>\n<td>Built-in MIC and speaker<\/td>\n<\/tr>\n<tr>\n<td>Pagrindinis<\/td>\n<\/tr>\n<tr>\n<td>Darbin\u0117 temperat\u016bra ir atsparumas dr\u0117gmei<\/td>\n<td>-10\u00b0C to 60\u00b0C (14\u00b0F to 140\u00b0F), Humidity 95% or less (non-condensing)<\/td>\n<\/tr>\n<tr>\n<td>Energijos \u0161altinis<\/td>\n<td>5VDC 2A<\/td>\n<\/tr>\n<tr>\n<td>Galios suvartojimas<\/td>\n<td>MAX. 2W<\/td>\n<\/tr>\n<tr>\n<td>Matmenys<\/td>\n<td>44.5mm\u00d744.5mm\u00d752mm (1.75&#8243;\u00d71.75&#8243;\u00d72.47&#8243;)<\/td>\n<\/tr>\n<tr>\n<td>Svoris<\/td>\n<td>Approx. 120g (0.265lb)<\/td>\n<\/tr>\n<\/tbody>\n<\/table>\n","protected":false},"excerpt":{"rendered":"<ul>\n<li>Iki 1080P full HD kamera<\/li>\n<li>\u012emontuotas mikrofonas ir garsiakalbis<\/li>\n<li>GPS<\/li>\n<\/ul>\n","protected":false},"featured_media":27936,"comment_status":"closed","ping_status":"closed","template":"","meta":[],"product_brand":[],"product_cat":[426,534,533],"product_tag":[],"class_list":{"0":"post-17118","1":"product","2":"type-product","3":"status-publish","4":"has-post-thumbnail","6":"product_cat-ip-cilindrines-kameros","7":"product_cat-ip-kameros","8":"product_cat-ip-vaizdo-stebejimo-sistemos","10":"first","11":"onbackorder","12":"purchasable","13":"product-type-simple"},"yoast_head":"<!-- This site is optimized with the Yoast SEO Premium plugin v21.5 (Yoast SEO v27.4) - https:\/\/yoast.com\/product\/yoast-seo-premium-wordpress\/ -->\n<title>Hikvision AE-DN2016-F3 automobilinis vaizdo registratorius<\/title>\n<meta name=\"description\" content=\"Hikvision AE-DN2016-F3 automobilinis vaizdo registratorius ; Iki 1080P full HD kamera ; \u012emontuotas mikrofonas ir garsiakalbis ; GPS\" \/>\n<meta name=\"robots\" content=\"index, follow, max-snippet:-1, max-image-preview:large, max-video-preview:-1\" \/>\n<link rel=\"canonical\" href=\"https:\/\/eheating.lt\/en\/produktas\/hikvision-ae-dn2016-f3-automobilinis-vaizdo-registratorius\/\" \/>\n<meta property=\"og:locale\" content=\"en_US\" \/>\n<meta property=\"og:type\" content=\"article\" \/>\n<meta property=\"og:title\" content=\"Hikvision AE-DN2016-F3 automobilinis vaizdo registratorius\" \/>\n<meta property=\"og:description\" content=\"Hikvision AE-DN2016-F3 automobilinis vaizdo registratorius ; Iki 1080P full HD kamera ; \u012emontuotas mikrofonas ir garsiakalbis ; GPS\" \/>\n<meta property=\"og:url\" content=\"https:\/\/eheating.lt\/en\/produktas\/hikvision-ae-dn2016-f3-automobilinis-vaizdo-registratorius\/\" \/>\n<meta property=\"og:site_name\" content=\"Elektronika Namams\" \/>\n<meta property=\"article:publisher\" content=\"https:\/\/www.facebook.com\/ElektronikaNamams\" \/>\n<meta property=\"article:modified_time\" content=\"2024-10-18T13:50:25+00:00\" \/>\n<meta property=\"og:image\" content=\"https:\/\/eheating.lt\/wp-content\/uploads\/2023\/10\/Hikvision-AE-DN2016-F3-automobilinis-vaizdo-registratorius.png\" \/>\n\t<meta property=\"og:image:width\" content=\"800\" \/>\n\t<meta property=\"og:image:height\" content=\"800\" \/>\n\t<meta property=\"og:image:type\" content=\"image\/png\" \/>\n<meta name=\"twitter:card\" content=\"summary_large_image\" \/>\n<meta name=\"twitter:label1\" content=\"Price\" \/>\n\t<meta name=\"twitter:data1\" content=\"175,53&nbsp;&euro;\" \/>\n\t<meta name=\"twitter:label2\" content=\"Availability\" \/>\n\t<meta name=\"twitter:data2\" content=\"On backorder\" \/>\n<script type=\"application\/ld+json\" class=\"yoast-schema-graph\">{\"@context\":\"https:\\\/\\\/schema.org\",\"@graph\":[{\"@type\":\"WebPage\",\"@id\":\"https:\\\/\\\/eheating.lt\\\/en\\\/produktas\\\/hikvision-ae-dn2016-f3-automobilinis-vaizdo-registratorius\\\/\",\"url\":\"https:\\\/\\\/eheating.lt\\\/en\\\/produktas\\\/hikvision-ae-dn2016-f3-automobilinis-vaizdo-registratorius\\\/\",\"name\":\"Hikvision AE-DN2016-F3 automobilinis vaizdo registratorius\",\"isPartOf\":{\"@id\":\"https:\\\/\\\/eheating.lt\\\/#website\"},\"primaryImageOfPage\":{\"@id\":\"https:\\\/\\\/eheating.lt\\\/en\\\/produktas\\\/hikvision-ae-dn2016-f3-automobilinis-vaizdo-registratorius\\\/#primaryimage\"},\"image\":{\"@id\":\"https:\\\/\\\/eheating.lt\\\/en\\\/produktas\\\/hikvision-ae-dn2016-f3-automobilinis-vaizdo-registratorius\\\/#primaryimage\"},\"thumbnailUrl\":\"https:\\\/\\\/eheating.lt\\\/wp-content\\\/uploads\\\/2023\\\/10\\\/Hikvision-AE-DN2016-F3-automobilinis-vaizdo-registratorius.png\",\"datePublished\":\"2023-11-13T19:25:44+00:00\",\"dateModified\":\"2024-10-18T13:50:25+00:00\",\"description\":\"Hikvision AE-DN2016-F3 automobilinis vaizdo registratorius ; Iki 1080P full HD kamera ; \u012emontuotas mikrofonas ir garsiakalbis ; GPS\",\"breadcrumb\":{\"@id\":\"https:\\\/\\\/eheating.lt\\\/en\\\/produktas\\\/hikvision-ae-dn2016-f3-automobilinis-vaizdo-registratorius\\\/#breadcrumb\"},\"inLanguage\":\"en-US\",\"potentialAction\":[{\"@type\":\"ReadAction\",\"target\":[\"https:\\\/\\\/eheating.lt\\\/en\\\/produktas\\\/hikvision-ae-dn2016-f3-automobilinis-vaizdo-registratorius\\\/\"]}]},{\"@type\":\"ImageObject\",\"inLanguage\":\"en-US\",\"@id\":\"https:\\\/\\\/eheating.lt\\\/en\\\/produktas\\\/hikvision-ae-dn2016-f3-automobilinis-vaizdo-registratorius\\\/#primaryimage\",\"url\":\"https:\\\/\\\/eheating.lt\\\/wp-content\\\/uploads\\\/2023\\\/10\\\/Hikvision-AE-DN2016-F3-automobilinis-vaizdo-registratorius.png\",\"contentUrl\":\"https:\\\/\\\/eheating.lt\\\/wp-content\\\/uploads\\\/2023\\\/10\\\/Hikvision-AE-DN2016-F3-automobilinis-vaizdo-registratorius.png\",\"width\":800,\"height\":800,\"caption\":\"Hikvision AE-DN2016-F3 automobilinis vaizdo registratorius\"},{\"@type\":\"BreadcrumbList\",\"@id\":\"https:\\\/\\\/eheating.lt\\\/en\\\/produktas\\\/hikvision-ae-dn2016-f3-automobilinis-vaizdo-registratorius\\\/#breadcrumb\",\"itemListElement\":[{\"@type\":\"ListItem\",\"position\":1,\"name\":\"Prad\u017eia\",\"item\":\"https:\\\/\\\/eheating.lt\\\/en\\\/\"},{\"@type\":\"ListItem\",\"position\":2,\"name\":\"Shop\",\"item\":\"https:\\\/\\\/eheating.lt\\\/en\\\/?page_id=5734\"},{\"@type\":\"ListItem\",\"position\":3,\"name\":\"Hikvision AE-DN2016-F3 automobilinis vaizdo registratorius\"}]},{\"@type\":\"WebSite\",\"@id\":\"https:\\\/\\\/eheating.lt\\\/#website\",\"url\":\"https:\\\/\\\/eheating.lt\\\/\",\"name\":\"eHeating\",\"description\":\"Elektronika ir \u0161ildymas\",\"potentialAction\":[{\"@type\":\"SearchAction\",\"target\":{\"@type\":\"EntryPoint\",\"urlTemplate\":\"https:\\\/\\\/eheating.lt\\\/?s={search_term_string}\"},\"query-input\":{\"@type\":\"PropertyValueSpecification\",\"valueRequired\":true,\"valueName\":\"search_term_string\"}}],\"inLanguage\":\"en-US\"}]}<\/script>\n<meta property=\"product:price:amount\" content=\"175.53\" \/>\n<meta property=\"product:price:currency\" content=\"EUR\" \/>\n<meta property=\"og:availability\" content=\"backorder\" \/>\n<meta property=\"product:availability\" content=\"available for order\" \/>\n<meta property=\"product:retailer_item_id\" content=\"60c962d1706a\" \/>\n<meta property=\"product:condition\" content=\"new\" \/>\n<!-- \/ Yoast SEO Premium plugin. -->","yoast_head_json":{"title":"Hikvision AE-DN2016-F3 automobilinis vaizdo registratorius","description":"Hikvision AE-DN2016-F3 automobilinis vaizdo registratorius ; Iki 1080P full HD kamera ; \u012emontuotas mikrofonas ir garsiakalbis ; GPS","robots":{"index":"index","follow":"follow","max-snippet":"max-snippet:-1","max-image-preview":"max-image-preview:large","max-video-preview":"max-video-preview:-1"},"canonical":"https:\/\/eheating.lt\/en\/produktas\/hikvision-ae-dn2016-f3-automobilinis-vaizdo-registratorius\/","og_locale":"en_US","og_type":"article","og_title":"Hikvision AE-DN2016-F3 automobilinis vaizdo registratorius","og_description":"Hikvision AE-DN2016-F3 automobilinis vaizdo registratorius ; Iki 1080P full HD kamera ; \u012emontuotas mikrofonas ir garsiakalbis ; GPS","og_url":"https:\/\/eheating.lt\/en\/produktas\/hikvision-ae-dn2016-f3-automobilinis-vaizdo-registratorius\/","og_site_name":"Elektronika Namams","article_publisher":"https:\/\/www.facebook.com\/ElektronikaNamams","article_modified_time":"2024-10-18T13:50:25+00:00","og_image":[{"width":800,"height":800,"url":"https:\/\/eheating.lt\/wp-content\/uploads\/2023\/10\/Hikvision-AE-DN2016-F3-automobilinis-vaizdo-registratorius.png","type":"image\/png"}],"twitter_card":"summary_large_image","twitter_misc":{"Price":"175,53&nbsp;&euro;","Availability":"On backorder"},"schema":{"@context":"https:\/\/schema.org","@graph":[{"@type":"WebPage","@id":"https:\/\/eheating.lt\/en\/produktas\/hikvision-ae-dn2016-f3-automobilinis-vaizdo-registratorius\/","url":"https:\/\/eheating.lt\/en\/produktas\/hikvision-ae-dn2016-f3-automobilinis-vaizdo-registratorius\/","name":"Hikvision AE-DN2016-F3 automobilinis vaizdo registratorius","isPartOf":{"@id":"https:\/\/eheating.lt\/#website"},"primaryImageOfPage":{"@id":"https:\/\/eheating.lt\/en\/produktas\/hikvision-ae-dn2016-f3-automobilinis-vaizdo-registratorius\/#primaryimage"},"image":{"@id":"https:\/\/eheating.lt\/en\/produktas\/hikvision-ae-dn2016-f3-automobilinis-vaizdo-registratorius\/#primaryimage"},"thumbnailUrl":"https:\/\/eheating.lt\/wp-content\/uploads\/2023\/10\/Hikvision-AE-DN2016-F3-automobilinis-vaizdo-registratorius.png","datePublished":"2023-11-13T19:25:44+00:00","dateModified":"2024-10-18T13:50:25+00:00","description":"Hikvision AE-DN2016-F3 automobilinis vaizdo registratorius ; Iki 1080P full HD kamera ; \u012emontuotas mikrofonas ir garsiakalbis ; GPS","breadcrumb":{"@id":"https:\/\/eheating.lt\/en\/produktas\/hikvision-ae-dn2016-f3-automobilinis-vaizdo-registratorius\/#breadcrumb"},"inLanguage":"en-US","potentialAction":[{"@type":"ReadAction","target":["https:\/\/eheating.lt\/en\/produktas\/hikvision-ae-dn2016-f3-automobilinis-vaizdo-registratorius\/"]}]},{"@type":"ImageObject","inLanguage":"en-US","@id":"https:\/\/eheating.lt\/en\/produktas\/hikvision-ae-dn2016-f3-automobilinis-vaizdo-registratorius\/#primaryimage","url":"https:\/\/eheating.lt\/wp-content\/uploads\/2023\/10\/Hikvision-AE-DN2016-F3-automobilinis-vaizdo-registratorius.png","contentUrl":"https:\/\/eheating.lt\/wp-content\/uploads\/2023\/10\/Hikvision-AE-DN2016-F3-automobilinis-vaizdo-registratorius.png","width":800,"height":800,"caption":"Hikvision AE-DN2016-F3 automobilinis vaizdo registratorius"},{"@type":"BreadcrumbList","@id":"https:\/\/eheating.lt\/en\/produktas\/hikvision-ae-dn2016-f3-automobilinis-vaizdo-registratorius\/#breadcrumb","itemListElement":[{"@type":"ListItem","position":1,"name":"Prad\u017eia","item":"https:\/\/eheating.lt\/en\/"},{"@type":"ListItem","position":2,"name":"Shop","item":"https:\/\/eheating.lt\/en\/?page_id=5734"},{"@type":"ListItem","position":3,"name":"Hikvision AE-DN2016-F3 automobilinis vaizdo registratorius"}]},{"@type":"WebSite","@id":"https:\/\/eheating.lt\/#website","url":"https:\/\/eheating.lt\/","name":"eHeating","description":"Elektronika ir \u0161ildymas","potentialAction":[{"@type":"SearchAction","target":{"@type":"EntryPoint","urlTemplate":"https:\/\/eheating.lt\/?s={search_term_string}"},"query-input":{"@type":"PropertyValueSpecification","valueRequired":true,"valueName":"search_term_string"}}],"inLanguage":"en-US"}]},"product_price_amount":"175.53","product_price_currency":"EUR","og_availability":"backorder","product_availability":"available for order","product_retailer_item_id":"60c962d1706a","product_condition":"new"},"_links":{"self":[{"href":"https:\/\/eheating.lt\/en\/wp-json\/wp\/v2\/product\/17118","targetHints":{"allow":["GET"]}}],"collection":[{"href":"https:\/\/eheating.lt\/en\/wp-json\/wp\/v2\/product"}],"about":[{"href":"https:\/\/eheating.lt\/en\/wp-json\/wp\/v2\/types\/product"}],"replies":[{"embeddable":true,"href":"https:\/\/eheating.lt\/en\/wp-json\/wp\/v2\/comments?post=17118"}],"version-history":[{"count":0,"href":"https:\/\/eheating.lt\/en\/wp-json\/wp\/v2\/product\/17118\/revisions"}],"wp:featuredmedia":[{"embeddable":true,"href":"https:\/\/eheating.lt\/en\/wp-json\/wp\/v2\/media\/27936"}],"wp:attachment":[{"href":"https:\/\/eheating.lt\/en\/wp-json\/wp\/v2\/media?parent=17118"}],"wp:term":[{"taxonomy":"product_brand","embeddable":true,"href":"https:\/\/eheating.lt\/en\/wp-json\/wp\/v2\/product_brand?post=17118"},{"taxonomy":"product_cat","embeddable":true,"href":"https:\/\/eheating.lt\/en\/wp-json\/wp\/v2\/product_cat?post=17118"},{"taxonomy":"product_tag","embeddable":true,"href":"https:\/\/eheating.lt\/en\/wp-json\/wp\/v2\/product_tag?post=17118"}],"curies":[{"name":"wp","href":"https:\/\/api.w.org\/{rel}","templated":true}]}}