{"id":17076,"date":"2023-11-17T23:46:29","date_gmt":"2023-11-17T21:46:29","guid":{"rendered":"https:\/\/eheating.lt\/?post_type=product&#038;p=17076"},"modified":"2024-10-18T16:49:49","modified_gmt":"2024-10-18T13:49:49","slug":"hikvision-4-kanalu-dvr-ids-7204huhi-m1-s-c","status":"publish","type":"product","link":"https:\/\/eheating.lt\/en\/produktas\/hikvision-4-kanalu-dvr-ids-7204huhi-m1-s-c\/","title":{"rendered":"Hikvision 4 kanal\u0173 DVR iDS-7204HUHI-M1\/S (C)"},"content":{"rendered":"<ul class=\"tech-specs-items-description\" data-target=\"Motion Detection 2.0\">\n<li class=\"tech-specs-items-description-list\"><span class=\"tech-specs-items-description__title--heading\">Judesio aptikimas 2.0<\/span><\/li>\n<li class=\"tech-specs-items-description-list\"><span class=\"tech-specs-items-description__title\">\u017dmogaus \/ transporto priemon\u0117s analiz\u0117<\/span><span class=\"tech-specs-items-description__title-details\"><span class=\"tech-specs-items-description__title-details\"><br \/>\n<\/span><\/span><\/p>\n<p class=\"mb-p\" style=\"margin-bottom: 0rem; height: auto;\">Deep learning-based motion detection 2.0 is enabled by default for all analog channels, it can classify human and vehicle, and extremely reduce false alarms caused by objects like leaves and lights;<\/p>\n<p class=\"mb-p\" style=\"margin-bottom: 0.5em; height: auto;\">Quick search by object or event type is supported;<\/p>\n<p>&nbsp;<\/li>\n<\/ul>\n<ul class=\"tech-specs-items-description\" data-target=\"Perimeter Protection\">\n<li class=\"tech-specs-items-description-list\"><span class=\"tech-specs-items-description__title--heading\">Perimetro apsauga<\/span><\/li>\n<li class=\"tech-specs-items-description-list\"><span class=\"tech-specs-items-description__title\">\u017dmogaus \/ transporto priemon\u0117s analiz\u0117<\/span><span class=\"tech-specs-items-description__title-details\">Up to 4-ch<\/span><\/li>\n<\/ul>\n<ul class=\"tech-specs-items-description\" data-target=\"Facial Detection\">\n<li class=\"tech-specs-items-description-list\"><span class=\"HwtZe\" lang=\"lt\"><span class=\"jCAhz ChMk0b\"><span class=\"ryNqvb\">Veido aptikimas<\/span><\/span><\/span><\/li>\n<li class=\"tech-specs-items-description-list\"><span class=\"tech-specs-items-description__title\">Facial Detection and Capture<\/span><span class=\"tech-specs-items-description__title-details\">Face picture detection, face picture search<\/span><\/li>\n<\/ul>\n<ul class=\"tech-specs-items-description\" data-target=\"Recording\">\n<li class=\"tech-specs-items-description-list\"><span class=\"tech-specs-items-description__title--heading\">\u012era\u0161ymas<\/span><\/li>\n<li class=\"tech-specs-items-description-list\"><span class=\"tech-specs-items-description__title\">Vaizdo suspaudimas<\/span><span class=\"tech-specs-items-description__title-details\">H.265 Pro+\/H.265 Pro\/H.265\/H.264+\/H.264<\/span><\/li>\n<li class=\"tech-specs-items-description-list\"><span class=\"tech-specs-items-description__title\">U\u017ekodavimo rai\u0161ka<\/span><span class=\"tech-specs-items-description__title-details\">8 MP\/5 MP\/3K\/4 MP\/3 MP\/1080p\/720p\/WD1\/4CIF\/VGA\/CIF<\/span><\/li>\n<li class=\"tech-specs-items-description-list\"><span class=\"tech-specs-items-description__title\">Frame Rate<\/span><span class=\"tech-specs-items-description__title-details\"><span class=\"tech-specs-items-description__title-details\"><br \/>\n<\/span><\/span><\/p>\n<p class=\"mb-p\" style=\"margin-bottom: 0rem; height: auto;\">Main stream:<\/p>\n<p class=\"mb-p\" style=\"margin-bottom: 0rem; height: auto;\">8 MP@8 fps\/3K@12 fps\/5 MP@12 fps\/4 MP@15 fps\/8 MP Lite@15 fps\/3 MP@18 fps<\/p>\n<p class=\"mb-p\" style=\"margin-bottom: 0rem; height: auto;\">1080p\/720p\/WD1\/4CIF\/VGA\/CIF@25 fps (P)\/30 fps (N)<\/p>\n<p class=\"mb-p\" style=\"margin-bottom: 0rem; height: auto;\">*: 8 MP@8 fps is only available for channel 1, 8 MP Lite is only available for channel 2 to channel 4.<\/p>\n<p class=\"mb-p\" style=\"margin-bottom: 0rem; height: auto;\">Sub-stream:<\/p>\n<p class=\"mb-p\" style=\"margin-bottom: 0.5em; height: auto;\">WD1\/4CIF\/CIF@25 fps (P)\/30 fps (N)<\/p>\n<p>&nbsp;<\/li>\n<li class=\"tech-specs-items-description-list\"><span class=\"tech-specs-items-description__title\">Video Bitrate<\/span><span class=\"tech-specs-items-description__title-details\">32 Kbps to 10 Mbps<\/span><\/li>\n<li class=\"tech-specs-items-description-list\"><span class=\"tech-specs-items-description__title\">Dvibugas srautas<\/span><span class=\"tech-specs-items-description__title-details\">Ramstis<\/span><\/li>\n<li class=\"tech-specs-items-description-list\"><span class=\"tech-specs-items-description__title\">Srauto tipas<\/span><span class=\"tech-specs-items-description__title-details\">Video, Video &amp; Audio<\/span><\/li>\n<li class=\"tech-specs-items-description-list\"><span class=\"tech-specs-items-description__title\">Garso suspaudimas<\/span><span class=\"tech-specs-items-description__title-details\">G.711u<\/span><\/li>\n<li class=\"tech-specs-items-description-list\"><span class=\"tech-specs-items-description__title\">Garso bit\u0173 greitis<\/span><span class=\"tech-specs-items-description__title-details\">64 Kbps<\/span><\/li>\n<\/ul>\n<ul class=\"tech-specs-items-description\" data-target=\"Video and Audio\">\n<li class=\"tech-specs-items-description-list\"><span class=\"tech-specs-items-description__title--heading\">Vaizdas ir garsas<\/span><\/li>\n<li class=\"tech-specs-items-description-list\"><span class=\"tech-specs-items-description__title\">IP vaizdo \u012fra\u0161\u0173 \u012fvestis<\/span><span class=\"tech-specs-items-description__title-details\"><span class=\"tech-specs-items-description__title-details\"><br \/>\n<\/span><\/span><\/p>\n<p class=\"mb-p\" style=\"margin-bottom: 0rem; height: auto;\">2-ch (up to 6-ch)<\/p>\n<p class=\"mb-p\" style=\"margin-bottom: 0rem; height: auto;\">Up to 8 MP resolution<\/p>\n<p class=\"mb-p\" style=\"margin-bottom: 0rem; height: auto;\">Enhanced IP mode on:<\/p>\n<p class=\"mb-p\" style=\"margin-bottom: 0rem; height: auto;\">4-ch (up to 8-ch), each up to 4 Mbps<\/p>\n<p class=\"mb-p\" style=\"margin-bottom: 0.5em; height: auto;\">Support H.265+\/H.265\/H.264+\/H.264 IP cameras<\/p>\n<p>&nbsp;<\/li>\n<li class=\"tech-specs-items-description-list\"><span class=\"tech-specs-items-description__title\">Analogin\u0117 vaizdo \u012fra\u0161\u0173 \u012fvestis<\/span><span class=\"tech-specs-items-description__title-details\">4-ch;BNC interface (1.0 Vp-p, 75 \u03a9), supporting coaxitron connection<\/span><\/li>\n<li class=\"tech-specs-items-description-list\"><span class=\"tech-specs-items-description__title\">HDMI i\u0161vestis<\/span><span class=\"tech-specs-items-description__title-details\"><span class=\"tech-specs-items-description__title-details\"><br \/>\n<\/span><\/span><\/p>\n<p class=\"mb-p\" style=\"margin-bottom: 0rem; height: auto;\">HDMI:<\/p>\n<p class=\"mb-p\" style=\"margin-bottom: 0rem; height: auto;\">1-ch, 2K (2560 \u00d7 1440)\/60Hz,<\/p>\n<p class=\"mb-p\" style=\"margin-bottom: 0rem; height: auto;\">1920 \u00d7 1080\/60Hz,<\/p>\n<p class=\"mb-p\" style=\"margin-bottom: 0rem; height: auto;\">1280 \u00d7 1024\/60Hz,<\/p>\n<p class=\"mb-p\" style=\"margin-bottom: 0rem; height: auto;\">1280 \u00d7 720\/60Hz<\/p>\n<p class=\"mb-p\" style=\"margin-bottom: 0rem; height: auto;\">VGA:<\/p>\n<p class=\"mb-p\" style=\"margin-bottom: 0rem; height: auto;\">1-ch, 1920 \u00d7 1080\/60Hz,<\/p>\n<p class=\"mb-p\" style=\"margin-bottom: 0rem; height: auto;\">1280 \u00d7 1024\/60Hz,<\/p>\n<p class=\"mb-p\" style=\"margin-bottom: 0rem; height: auto;\">1280 \u00d7 720\/60Hz<\/p>\n<p class=\"mb-p\" style=\"margin-bottom: 0.5em; height: auto;\">HDMI\/VGA simultaneous output<\/p>\n<p>&nbsp;<\/li>\n<li class=\"tech-specs-items-description-list\"><span class=\"tech-specs-items-description__title\">CVBS Input<\/span><span class=\"tech-specs-items-description__title-details\">PAL\/NTSC<\/span><\/li>\n<li class=\"tech-specs-items-description-list\"><span class=\"tech-specs-items-description__title\">CVBS i\u0161vestis<\/span><span class=\"tech-specs-items-description__title-details\"><span class=\"tech-specs-items-description__title-details\"><br \/>\n<\/span><\/span><\/p>\n<p class=\"mb-p\" style=\"margin-bottom: 0rem; height: auto;\">1-ch, BNC (1.0 Vp-p, 75 \u03a9),<\/p>\n<p class=\"mb-p\" style=\"margin-bottom: 0.5em; height: auto;\">resolution: PAL: 704 \u00d7 576, NTSC: 704 \u00d7 480<\/p>\n<p>&nbsp;<\/li>\n<li class=\"tech-specs-items-description-list\"><span class=\"tech-specs-items-description__title\">Sinchroninis atk\u016brimas<\/span><span class=\"tech-specs-items-description__title-details\">4-ch<\/span><\/li>\n<li class=\"tech-specs-items-description-list\"><span class=\"tech-specs-items-description__title\">HDTVI Input<\/span><span class=\"tech-specs-items-description__title-details\">8 MP@15 fps, 8 MP@12 fps, 3K@20 fps, 5 MP@20 fps, 5 MP@12 fps, 4 MP@30 fps, 4 MP@25 fps, 3 MP@18 fps,1080p@30 fps, 1080p@25 fps,720p@30 fps, 720p@25 fps<\/span><\/li>\n<li class=\"tech-specs-items-description-list\"><span class=\"tech-specs-items-description__title\">AHD Input<\/span><span class=\"tech-specs-items-description__title-details\">5 MP@20 fps, 5 MP@12 fps, 4 MP@30 fps, 4 MP@25 fps, 1080p@30 fps, 1080p@25 fps, 720p@30 fps, 720p@25 fps<\/span><\/li>\n<li class=\"tech-specs-items-description-list\"><span class=\"tech-specs-items-description__title\">HDCVI Input<\/span><span class=\"tech-specs-items-description__title-details\">8 MP@15 fps, 8 MP@12 fps, 5 MP@20 fps, 4 MP@30 fps, 4 MP@25 fps, 1080p@30 fps, 1080p@25 fps, 720p@30 fps, 720p@25 fps<\/span><\/li>\n<li class=\"tech-specs-items-description-list\"><span class=\"tech-specs-items-description__title\">Garso i\u0161vestis<\/span><span class=\"tech-specs-items-description__title-details\">1-ch, RCA (Linear, 1 K\u03a9)<\/span><\/li>\n<li class=\"tech-specs-items-description-list\"><span class=\"tech-specs-items-description__title\">Garso \u012fvestis<\/span><span class=\"tech-specs-items-description__title-details\">1-ch, RCA (2.0 Vp-p, 1 K\u03a9)<\/span><\/li>\n<li class=\"tech-specs-items-description-list\"><span class=\"tech-specs-items-description__title\">Dvipusis greitis<\/span><span class=\"tech-specs-items-description__title-details\">1-ch, RCA (2.0 Vp-p, 1 K\u03a9) (using the first audio input)<\/span><\/li>\n<\/ul>\n<ul class=\"tech-specs-items-description\" data-target=\"Network\">\n<li class=\"tech-specs-items-description-list\"><span class=\"tech-specs-items-description__title--heading\">Internetas<\/span><\/li>\n<li class=\"tech-specs-items-description-list\"><span class=\"tech-specs-items-description__title\">Total Bandwidth<\/span><span class=\"tech-specs-items-description__title-details\">96Mbps<\/span><\/li>\n<li class=\"tech-specs-items-description-list\"><span class=\"tech-specs-items-description__title\">Protokolai<\/span><span class=\"tech-specs-items-description__title-details\">TCP\/IP, PPPoE, DHCP, Hik-Connect, DNS, DDNS, NTP, SADP, NFS, iSCSI, UPnP\u2122, HTTPS, ONVIF<\/span><\/li>\n<li class=\"tech-specs-items-description-list\"><span class=\"tech-specs-items-description__title\">Nuotolinis prisijungimas<\/span><span class=\"tech-specs-items-description__title-details\">32<\/span><\/li>\n<li class=\"tech-specs-items-description-list\"><span class=\"tech-specs-items-description__title\">Tinklo s\u0105saja<\/span><span class=\"tech-specs-items-description__title-details\">1, RJ45 10M\/100M self-adaptive Ethernet interface<\/span><\/li>\n<\/ul>\n<ul class=\"tech-specs-items-description\" data-target=\"Auxiliary Interface\">\n<li class=\"tech-specs-items-description-list\"><span class=\"tech-specs-items-description__title--heading\">S\u0105sajos<\/span><\/li>\n<li class=\"tech-specs-items-description-list\"><span class=\"tech-specs-items-description__title\">SATA<\/span><span class=\"tech-specs-items-description__title-details\">1 SATA interface<\/span><\/li>\n<li class=\"tech-specs-items-description-list\"><span class=\"tech-specs-items-description__title\">Talpa<\/span><span class=\"tech-specs-items-description__title-details\">Up to 10 TB capacity for each disk<\/span><\/li>\n<li class=\"tech-specs-items-description-list\"><span class=\"tech-specs-items-description__title\">Serijin\u0117 s\u0105saja<\/span><span class=\"tech-specs-items-description__title-details\">RS-485 (half-duplex)<\/span><\/li>\n<li class=\"tech-specs-items-description-list\"><span class=\"tech-specs-items-description__title\">USB s\u0105saja<\/span><span class=\"tech-specs-items-description__title-details\"><span class=\"tech-specs-items-description__title-details\"><br \/>\n<\/span><\/span><\/p>\n<p class=\"mb-p\" style=\"margin-bottom: 0rem; height: auto;\">Front panel: 1 \u00d7 USB 2.0<\/p>\n<p class=\"mb-p\" style=\"margin-bottom: 0.5em; height: auto;\">Rear panel: 1 \u00d7 USB 2.0<\/p>\n<p>&nbsp;<\/li>\n<li class=\"tech-specs-items-description-list\"><span class=\"tech-specs-items-description__title\">Isp\u0117jamojo signalo \u012fvestis\/i\u0161vestis<\/span><span class=\"tech-specs-items-description__title-details\">N\/A<\/span><\/li>\n<\/ul>\n<ul class=\"tech-specs-items-description\" data-target=\"General\">\n<li class=\"tech-specs-items-description-list\"><span class=\"tech-specs-items-description__title--heading\">Pagrindinis<\/span><\/li>\n<li class=\"tech-specs-items-description-list\"><span class=\"tech-specs-items-description__title\">Maitinimas<\/span><span class=\"tech-specs-items-description__title-details\">12 VDC<\/span><\/li>\n<li class=\"tech-specs-items-description-list\"><span class=\"tech-specs-items-description__title\">Energijos sunaudojimas<\/span><span class=\"tech-specs-items-description__title-details\">\u2264 10 W<\/span><\/li>\n<li class=\"tech-specs-items-description-list\"><span class=\"tech-specs-items-description__title\">Darbin\u0117 temperat\u016bra<\/span><span class=\"tech-specs-items-description__title-details\">-10 \u00b0C to +55 \u00b0C (+14 \u00b0F to +131 \u00b0F)<\/span><\/li>\n<li class=\"tech-specs-items-description-list\"><span class=\"tech-specs-items-description__title\">Atsparumas dr\u0117gmei<\/span><span class=\"tech-specs-items-description__title-details\">10% to 90%<\/span><\/li>\n<li class=\"tech-specs-items-description-list\"><span class=\"tech-specs-items-description__title\">Dydis<\/span><span class=\"tech-specs-items-description__title-details\">315 \u00d7 242 \u00d7 45 mm (12.4 \u00d7 9.5 \u00d7 1.8 inch)<\/span><\/li>\n<li class=\"tech-specs-items-description-list\"><span class=\"tech-specs-items-description__title\">Svoris<\/span><span class=\"tech-specs-items-description__title-details\">\u2264 1.16 kg (2.6 lb)<\/span><\/li>\n<\/ul>\n","protected":false},"excerpt":{"rendered":"<ul>\n<li>4 kanal\u0173 ir 1 HDD 1U AcuSense DVR<\/li>\n<li>Klaiding\u0173 pavojaus signal\u0173 suma\u017einimas pagal \u017emoni\u0173 ir transporto priemoni\u0173 taikini\u0173 klasifikacij\u0105, pagr\u012fst\u0105 giliu mokymusi<\/li>\n<li>Efektyvi H.265 pro+ glaudinimo technologija<\/li>\n<li>Kodavimo galimyb\u0117 iki 8 MP lite @ 15 kadr\u0173 per sekund\u0119, 5 MP @ 12 kadr\u0173 per sekund\u0119<\/li>\n<li>5 adaptyviai \u012fvedami signalai (HDTVI\/AHD\/CVI\/CVBS\/IP)<\/li>\n<li>Galima prijungti iki 8 tinklo kamer\u0173.<\/li>\n<\/ul>\n","protected":false},"featured_media":29031,"comment_status":"closed","ping_status":"closed","template":"","meta":[],"product_brand":[],"product_cat":[321,318,320],"product_tag":[],"class_list":{"0":"post-17076","1":"product","2":"type-product","3":"status-publish","4":"has-post-thumbnail","6":"product_cat-4-kanalu-dvr","7":"product_cat-turbo-hd-apsauga","8":"product_cat-turbo-hd-vaizdo-irasymo-irenginiai","10":"first","11":"onbackorder","12":"purchasable","13":"product-type-simple"},"yoast_head":"<!-- This site is optimized with the Yoast SEO Premium plugin v21.5 (Yoast SEO v27.3) - https:\/\/yoast.com\/product\/yoast-seo-premium-wordpress\/ -->\n<title>Hikvision 4 kanal\u0173 DVR iDS-7204HUHI-M1\/S (C)<\/title>\n<meta name=\"description\" content=\"Hikvision 4 kanal\u0173 DVR iDS-7204HUHI-M1\/S (C) vaizdo \u012fra\u0161ymo \u012frenginys ; 4 kanal\u0173 ; HDTVI\/HDCVI\/AHD\/CVBS signalo \u012fvestys ; Galima prijungti iki 8 IP kamer\u0173\" \/>\n<meta name=\"robots\" content=\"index, follow, max-snippet:-1, max-image-preview:large, max-video-preview:-1\" \/>\n<link rel=\"canonical\" href=\"https:\/\/eheating.lt\/produktas\/hikvision-4-kanalu-dvr-ids-7204huhi-m1-s-c\/\" \/>\n<meta property=\"og:locale\" content=\"en_US\" \/>\n<meta property=\"og:type\" content=\"article\" \/>\n<meta property=\"og:title\" content=\"Hikvision 4 kanal\u0173 DVR iDS-7204HUHI-M1\/S (C)\" \/>\n<meta property=\"og:description\" content=\"Hikvision 4 kanal\u0173 DVR iDS-7204HUHI-M1\/S (C) vaizdo \u012fra\u0161ymo \u012frenginys ; 4 kanal\u0173 ; HDTVI\/HDCVI\/AHD\/CVBS signalo \u012fvestys ; Galima prijungti iki 8 IP kamer\u0173\" \/>\n<meta property=\"og:url\" content=\"https:\/\/eheating.lt\/produktas\/hikvision-4-kanalu-dvr-ids-7204huhi-m1-s-c\/\" \/>\n<meta property=\"og:site_name\" content=\"Elektronika Namams\" \/>\n<meta property=\"article:publisher\" content=\"https:\/\/www.facebook.com\/ElektronikaNamams\" \/>\n<meta property=\"article:modified_time\" content=\"2024-10-18T13:49:49+00:00\" \/>\n<meta property=\"og:image\" content=\"https:\/\/eheating.lt\/wp-content\/uploads\/2023\/10\/Hikvision-4-kanalu-DVR-iDS-7204HUHI-M1S-C.png\" \/>\n\t<meta property=\"og:image:width\" content=\"800\" \/>\n\t<meta property=\"og:image:height\" content=\"800\" \/>\n\t<meta property=\"og:image:type\" content=\"image\/png\" \/>\n<meta name=\"twitter:card\" content=\"summary_large_image\" \/>\n<meta name=\"twitter:label1\" content=\"Price\" \/>\n\t<meta name=\"twitter:data1\" content=\"268,37&nbsp;&euro;\" \/>\n\t<meta name=\"twitter:label2\" content=\"Availability\" \/>\n\t<meta name=\"twitter:data2\" content=\"On backorder\" \/>\n<script type=\"application\/ld+json\" class=\"yoast-schema-graph\">{\"@context\":\"https:\\\/\\\/schema.org\",\"@graph\":[{\"@type\":\"WebPage\",\"@id\":\"https:\\\/\\\/eheating.lt\\\/produktas\\\/hikvision-4-kanalu-dvr-ids-7204huhi-m1-s-c\\\/\",\"url\":\"https:\\\/\\\/eheating.lt\\\/produktas\\\/hikvision-4-kanalu-dvr-ids-7204huhi-m1-s-c\\\/\",\"name\":\"Hikvision 4 kanal\u0173 DVR iDS-7204HUHI-M1\\\/S (C)\",\"isPartOf\":{\"@id\":\"https:\\\/\\\/eheating.lt\\\/#website\"},\"primaryImageOfPage\":{\"@id\":\"https:\\\/\\\/eheating.lt\\\/produktas\\\/hikvision-4-kanalu-dvr-ids-7204huhi-m1-s-c\\\/#primaryimage\"},\"image\":{\"@id\":\"https:\\\/\\\/eheating.lt\\\/produktas\\\/hikvision-4-kanalu-dvr-ids-7204huhi-m1-s-c\\\/#primaryimage\"},\"thumbnailUrl\":\"https:\\\/\\\/eheating.lt\\\/wp-content\\\/uploads\\\/2023\\\/10\\\/Hikvision-4-kanalu-DVR-iDS-7204HUHI-M1S-C.png\",\"datePublished\":\"2023-11-17T21:46:29+00:00\",\"dateModified\":\"2024-10-18T13:49:49+00:00\",\"description\":\"Hikvision 4 kanal\u0173 DVR iDS-7204HUHI-M1\\\/S (C) vaizdo \u012fra\u0161ymo \u012frenginys ; 4 kanal\u0173 ; HDTVI\\\/HDCVI\\\/AHD\\\/CVBS signalo \u012fvestys ; Galima prijungti iki 8 IP kamer\u0173\",\"breadcrumb\":{\"@id\":\"https:\\\/\\\/eheating.lt\\\/produktas\\\/hikvision-4-kanalu-dvr-ids-7204huhi-m1-s-c\\\/#breadcrumb\"},\"inLanguage\":\"en-US\",\"potentialAction\":[{\"@type\":\"ReadAction\",\"target\":[\"https:\\\/\\\/eheating.lt\\\/produktas\\\/hikvision-4-kanalu-dvr-ids-7204huhi-m1-s-c\\\/\"]}]},{\"@type\":\"ImageObject\",\"inLanguage\":\"en-US\",\"@id\":\"https:\\\/\\\/eheating.lt\\\/produktas\\\/hikvision-4-kanalu-dvr-ids-7204huhi-m1-s-c\\\/#primaryimage\",\"url\":\"https:\\\/\\\/eheating.lt\\\/wp-content\\\/uploads\\\/2023\\\/10\\\/Hikvision-4-kanalu-DVR-iDS-7204HUHI-M1S-C.png\",\"contentUrl\":\"https:\\\/\\\/eheating.lt\\\/wp-content\\\/uploads\\\/2023\\\/10\\\/Hikvision-4-kanalu-DVR-iDS-7204HUHI-M1S-C.png\",\"width\":800,\"height\":800,\"caption\":\"Hikvision 4 kanal\u0173 DVR iDS-7204HUHI-M1\\\/S (C)\"},{\"@type\":\"BreadcrumbList\",\"@id\":\"https:\\\/\\\/eheating.lt\\\/produktas\\\/hikvision-4-kanalu-dvr-ids-7204huhi-m1-s-c\\\/#breadcrumb\",\"itemListElement\":[{\"@type\":\"ListItem\",\"position\":1,\"name\":\"Prad\u017eia\",\"item\":\"https:\\\/\\\/eheating.lt\\\/en\\\/\"},{\"@type\":\"ListItem\",\"position\":2,\"name\":\"Shop\",\"item\":\"https:\\\/\\\/eheating.lt\\\/en\\\/?page_id=5734\"},{\"@type\":\"ListItem\",\"position\":3,\"name\":\"Hikvision 4 kanal\u0173 DVR iDS-7204HUHI-M1\\\/S (C)\"}]},{\"@type\":\"WebSite\",\"@id\":\"https:\\\/\\\/eheating.lt\\\/#website\",\"url\":\"https:\\\/\\\/eheating.lt\\\/\",\"name\":\"eHeating\",\"description\":\"Elektronika ir \u0161ildymas\",\"potentialAction\":[{\"@type\":\"SearchAction\",\"target\":{\"@type\":\"EntryPoint\",\"urlTemplate\":\"https:\\\/\\\/eheating.lt\\\/?s={search_term_string}\"},\"query-input\":{\"@type\":\"PropertyValueSpecification\",\"valueRequired\":true,\"valueName\":\"search_term_string\"}}],\"inLanguage\":\"en-US\"}]}<\/script>\n<meta property=\"product:price:amount\" content=\"268.37\" \/>\n<meta property=\"product:price:currency\" content=\"EUR\" \/>\n<meta property=\"og:availability\" content=\"backorder\" \/>\n<meta property=\"product:availability\" content=\"available for order\" \/>\n<meta property=\"product:retailer_item_id\" content=\"67d8468c80f2\" \/>\n<meta property=\"product:condition\" content=\"new\" \/>\n<!-- \/ Yoast SEO Premium plugin. -->","yoast_head_json":{"title":"Hikvision 4 kanal\u0173 DVR iDS-7204HUHI-M1\/S (C)","description":"Hikvision 4 kanal\u0173 DVR iDS-7204HUHI-M1\/S (C) vaizdo \u012fra\u0161ymo \u012frenginys ; 4 kanal\u0173 ; HDTVI\/HDCVI\/AHD\/CVBS signalo \u012fvestys ; Galima prijungti iki 8 IP kamer\u0173","robots":{"index":"index","follow":"follow","max-snippet":"max-snippet:-1","max-image-preview":"max-image-preview:large","max-video-preview":"max-video-preview:-1"},"canonical":"https:\/\/eheating.lt\/produktas\/hikvision-4-kanalu-dvr-ids-7204huhi-m1-s-c\/","og_locale":"en_US","og_type":"article","og_title":"Hikvision 4 kanal\u0173 DVR iDS-7204HUHI-M1\/S (C)","og_description":"Hikvision 4 kanal\u0173 DVR iDS-7204HUHI-M1\/S (C) vaizdo \u012fra\u0161ymo \u012frenginys ; 4 kanal\u0173 ; HDTVI\/HDCVI\/AHD\/CVBS signalo \u012fvestys ; Galima prijungti iki 8 IP kamer\u0173","og_url":"https:\/\/eheating.lt\/produktas\/hikvision-4-kanalu-dvr-ids-7204huhi-m1-s-c\/","og_site_name":"Elektronika Namams","article_publisher":"https:\/\/www.facebook.com\/ElektronikaNamams","article_modified_time":"2024-10-18T13:49:49+00:00","og_image":[{"width":800,"height":800,"url":"https:\/\/eheating.lt\/wp-content\/uploads\/2023\/10\/Hikvision-4-kanalu-DVR-iDS-7204HUHI-M1S-C.png","type":"image\/png"}],"twitter_card":"summary_large_image","twitter_misc":{"Price":"268,37&nbsp;&euro;","Availability":"On backorder"},"schema":{"@context":"https:\/\/schema.org","@graph":[{"@type":"WebPage","@id":"https:\/\/eheating.lt\/produktas\/hikvision-4-kanalu-dvr-ids-7204huhi-m1-s-c\/","url":"https:\/\/eheating.lt\/produktas\/hikvision-4-kanalu-dvr-ids-7204huhi-m1-s-c\/","name":"Hikvision 4 kanal\u0173 DVR iDS-7204HUHI-M1\/S (C)","isPartOf":{"@id":"https:\/\/eheating.lt\/#website"},"primaryImageOfPage":{"@id":"https:\/\/eheating.lt\/produktas\/hikvision-4-kanalu-dvr-ids-7204huhi-m1-s-c\/#primaryimage"},"image":{"@id":"https:\/\/eheating.lt\/produktas\/hikvision-4-kanalu-dvr-ids-7204huhi-m1-s-c\/#primaryimage"},"thumbnailUrl":"https:\/\/eheating.lt\/wp-content\/uploads\/2023\/10\/Hikvision-4-kanalu-DVR-iDS-7204HUHI-M1S-C.png","datePublished":"2023-11-17T21:46:29+00:00","dateModified":"2024-10-18T13:49:49+00:00","description":"Hikvision 4 kanal\u0173 DVR iDS-7204HUHI-M1\/S (C) vaizdo \u012fra\u0161ymo \u012frenginys ; 4 kanal\u0173 ; HDTVI\/HDCVI\/AHD\/CVBS signalo \u012fvestys ; Galima prijungti iki 8 IP kamer\u0173","breadcrumb":{"@id":"https:\/\/eheating.lt\/produktas\/hikvision-4-kanalu-dvr-ids-7204huhi-m1-s-c\/#breadcrumb"},"inLanguage":"en-US","potentialAction":[{"@type":"ReadAction","target":["https:\/\/eheating.lt\/produktas\/hikvision-4-kanalu-dvr-ids-7204huhi-m1-s-c\/"]}]},{"@type":"ImageObject","inLanguage":"en-US","@id":"https:\/\/eheating.lt\/produktas\/hikvision-4-kanalu-dvr-ids-7204huhi-m1-s-c\/#primaryimage","url":"https:\/\/eheating.lt\/wp-content\/uploads\/2023\/10\/Hikvision-4-kanalu-DVR-iDS-7204HUHI-M1S-C.png","contentUrl":"https:\/\/eheating.lt\/wp-content\/uploads\/2023\/10\/Hikvision-4-kanalu-DVR-iDS-7204HUHI-M1S-C.png","width":800,"height":800,"caption":"Hikvision 4 kanal\u0173 DVR iDS-7204HUHI-M1\/S (C)"},{"@type":"BreadcrumbList","@id":"https:\/\/eheating.lt\/produktas\/hikvision-4-kanalu-dvr-ids-7204huhi-m1-s-c\/#breadcrumb","itemListElement":[{"@type":"ListItem","position":1,"name":"Prad\u017eia","item":"https:\/\/eheating.lt\/en\/"},{"@type":"ListItem","position":2,"name":"Shop","item":"https:\/\/eheating.lt\/en\/?page_id=5734"},{"@type":"ListItem","position":3,"name":"Hikvision 4 kanal\u0173 DVR iDS-7204HUHI-M1\/S (C)"}]},{"@type":"WebSite","@id":"https:\/\/eheating.lt\/#website","url":"https:\/\/eheating.lt\/","name":"eHeating","description":"Elektronika ir \u0161ildymas","potentialAction":[{"@type":"SearchAction","target":{"@type":"EntryPoint","urlTemplate":"https:\/\/eheating.lt\/?s={search_term_string}"},"query-input":{"@type":"PropertyValueSpecification","valueRequired":true,"valueName":"search_term_string"}}],"inLanguage":"en-US"}]},"product_price_amount":"268.37","product_price_currency":"EUR","og_availability":"backorder","product_availability":"available for order","product_retailer_item_id":"67d8468c80f2","product_condition":"new"},"_links":{"self":[{"href":"https:\/\/eheating.lt\/en\/wp-json\/wp\/v2\/product\/17076","targetHints":{"allow":["GET"]}}],"collection":[{"href":"https:\/\/eheating.lt\/en\/wp-json\/wp\/v2\/product"}],"about":[{"href":"https:\/\/eheating.lt\/en\/wp-json\/wp\/v2\/types\/product"}],"replies":[{"embeddable":true,"href":"https:\/\/eheating.lt\/en\/wp-json\/wp\/v2\/comments?post=17076"}],"version-history":[{"count":0,"href":"https:\/\/eheating.lt\/en\/wp-json\/wp\/v2\/product\/17076\/revisions"}],"wp:featuredmedia":[{"embeddable":true,"href":"https:\/\/eheating.lt\/en\/wp-json\/wp\/v2\/media\/29031"}],"wp:attachment":[{"href":"https:\/\/eheating.lt\/en\/wp-json\/wp\/v2\/media?parent=17076"}],"wp:term":[{"taxonomy":"product_brand","embeddable":true,"href":"https:\/\/eheating.lt\/en\/wp-json\/wp\/v2\/product_brand?post=17076"},{"taxonomy":"product_cat","embeddable":true,"href":"https:\/\/eheating.lt\/en\/wp-json\/wp\/v2\/product_cat?post=17076"},{"taxonomy":"product_tag","embeddable":true,"href":"https:\/\/eheating.lt\/en\/wp-json\/wp\/v2\/product_tag?post=17076"}],"curies":[{"name":"wp","href":"https:\/\/api.w.org\/{rel}","templated":true}]}}