{"id":17074,"date":"2023-11-13T21:46:28","date_gmt":"2023-11-13T19:46:28","guid":{"rendered":"https:\/\/eheating.lt\/?post_type=product&#038;p=17074"},"modified":"2024-10-18T16:49:48","modified_gmt":"2024-10-18T13:49:48","slug":"hikvision-hm-ts03-25xg-w-lh25-f25-termovizine-kamera","status":"publish","type":"product","link":"https:\/\/eheating.lt\/en\/produktas\/hikvision-hm-ts03-25xg-w-lh25-f25-termovizine-kamera\/","title":{"rendered":"Hikvision HM-TS03-25XG\/W-LH25 F25 termovizin\u0117 kamera"},"content":{"rendered":"<table>\n<tbody>\n<tr>\n<td><strong>\u0160ilum\u0105 nustatantis modulis<\/strong><\/td>\n<\/tr>\n<tr>\n<td>Sensorius<\/td>\n<td>Vanadium Oxide Uncooled Focal Plane Arrays<\/td>\n<\/tr>\n<tr>\n<td>Maks. rai\u0161ka<\/td>\n<td>384 x 288<\/td>\n<\/tr>\n<tr>\n<td>Ta\u0161k\u0173 intervalai<\/td>\n<td>12 \u03bcm<\/td>\n<\/tr>\n<tr>\n<td>Atsako bangos juosta<\/td>\n<td>8 \u03bcm to 14 \u03bcm<\/td>\n<\/tr>\n<tr>\n<td>NETD<\/td>\n<td>less than 35 mk (@25\u00b0C), F#=1.0<\/td>\n<\/tr>\n<tr>\n<td>L\u0119\u0161is (\u017eidinio nuotolis)<\/td>\n<td>25 mm<\/td>\n<\/tr>\n<tr>\n<td>FOV<\/td>\n<td>10.5\u00b0 \u00d7 7.9\u00b0 (H \u00d7 V)<\/td>\n<\/tr>\n<tr>\n<td>Skaitmeninis priartinimas<\/td>\n<td>1 \u00d7, 2 \u00d7, 4 \u00d7, 8 \u00d7<\/td>\n<\/tr>\n<tr>\n<td>Diafragma<\/td>\n<td>F1.0<\/td>\n<\/tr>\n<tr>\n<td>Priartinimas<\/td>\n<td>2.45 to 19.6<\/td>\n<\/tr>\n<tr>\n<td><strong>Vaizdo monitorius<\/strong><\/td>\n<\/tr>\n<tr>\n<td>Monitorius<\/td>\n<td>0.4 inch, LCOS, 1280 \u00d7 960<\/td>\n<\/tr>\n<tr>\n<td>FFC (lygios zonos pataisymas)<\/td>\n<td>Auto, Manual, External Correction<\/td>\n<\/tr>\n<tr>\n<td>Palet\u0117s<\/td>\n<td>Black Hot, White Hot, Red Hot, Fusion<\/td>\n<\/tr>\n<tr>\n<td>Kadr\u0173 da\u017enis<\/td>\n<td>50 Hz<\/td>\n<\/tr>\n<tr>\n<td><strong>I\u0161manios funkcijos<\/strong><\/td>\n<\/tr>\n<tr>\n<td>Wi-Fi<\/td>\n<td>Yes<\/td>\n<\/tr>\n<tr>\n<td>Laukimo r\u0117\u017eimas<\/td>\n<td>Yes<\/td>\n<\/tr>\n<tr>\n<td>Aptikimo nuotolis<\/td>\n<td>1180 m<\/td>\n<\/tr>\n<tr>\n<td><strong>Sistema<\/strong><\/td>\n<\/tr>\n<tr>\n<td>Atmintis<\/td>\n<td>Built-in memory module (8 GB)<\/td>\n<\/tr>\n<tr>\n<td>Vaizdo \u012fra\u0161\u0173 \u012fra\u0161ymas<\/td>\n<td>Yes<\/td>\n<\/tr>\n<tr>\n<td>Fiksuoti momentin\u0119 kopij\u0105<\/td>\n<td>Yes<\/td>\n<\/tr>\n<tr>\n<td><strong>Energijos \u0161altinis<\/strong><\/td>\n<\/tr>\n<tr>\n<td>Baterijos tipas<\/td>\n<td>Lithium battery<\/td>\n<\/tr>\n<tr>\n<td>Baterijos veikimo laikas<\/td>\n<td>7.5 hours continuous running with Wi-Fi hot spot function off (@25\u00b0C) 6 hours continuous running with Wi-Fi hot spot function on (@25\u00b0C)<\/td>\n<\/tr>\n<tr>\n<td>Baterijos talpos indikatorius<\/td>\n<td>Yes<\/td>\n<\/tr>\n<tr>\n<td><strong>Pagrindinis<\/strong><\/td>\n<\/tr>\n<tr>\n<td>Galia<\/td>\n<td>5 VDC\/2 A, 1.5 W, Type-C Interface<\/td>\n<\/tr>\n<tr>\n<td>Darbin\u0117 temperat\u016bra<\/td>\n<td>-20 \u00b0C to 55 \u00b0C (-4 \u00b0F to 131 \u00b0F)<\/td>\n<\/tr>\n<tr>\n<td>Apsaugos lygis<\/td>\n<td>IP67<\/td>\n<\/tr>\n<tr>\n<td>Matmenys<\/td>\n<td>171 mm \u00d7 61 mm \u00d7 57 mm (6.73&#8243; \u00d7 2.40&#8243; \u00d7 2.24&#8243;)<\/td>\n<\/tr>\n<tr>\n<td>Svoris<\/td>\n<td>300 g (0.66 lb)<\/td>\n<\/tr>\n<\/tbody>\n<\/table>\n","protected":false},"excerpt":{"rendered":"<ul>\n<li>384 \u00d7 288 rai\u0161ka, 12 \u03bcm, jautrus jutiklis<\/li>\n<li>Pakraunama li\u010dio jon\u0173 baterija<\/li>\n<li>L\u0119\u0161is &#8211; 25 mm<\/li>\n<li>Wi-Fi<\/li>\n<li>1280 \u00d7 960 rai\u0161ka 0.4 coli\u0173 LCOS monitorius<\/li>\n<li>IP67<\/li>\n<\/ul>\n","protected":false},"featured_media":28146,"comment_status":"closed","ping_status":"closed","template":"","meta":[],"product_brand":[],"product_cat":[534,533,423],"product_tag":[],"class_list":{"0":"post-17074","1":"product","2":"type-product","3":"status-publish","4":"has-post-thumbnail","6":"product_cat-ip-kameros","7":"product_cat-ip-vaizdo-stebejimo-sistemos","8":"product_cat-ip-termovizorines-kameros","10":"first","11":"onbackorder","12":"purchasable","13":"product-type-simple"},"yoast_head":"<!-- This site is optimized with the Yoast SEO Premium plugin v21.5 (Yoast SEO v27.4) - https:\/\/yoast.com\/product\/yoast-seo-premium-wordpress\/ -->\n<title>Hikvision HM-TS03-25XG\/W-LH25 F25 termovizin\u0117 kamera<\/title>\n<meta name=\"description\" content=\"Hikvision HM-TS03-25XG\/W-LH25 F25 termovizin\u0117 kamera ; Pakraunama li\u010dio jon\u0173 baterija ; 1280 \u00d7 960 rai\u0161ka 0.4 coli\u0173 LCOS monitorius ; Wi-Fi ry\u0161ys\" \/>\n<meta name=\"robots\" content=\"index, follow, max-snippet:-1, max-image-preview:large, max-video-preview:-1\" \/>\n<link rel=\"canonical\" href=\"https:\/\/eheating.lt\/en\/produktas\/hikvision-hm-ts03-25xg-w-lh25-f25-termovizine-kamera\/\" \/>\n<meta property=\"og:locale\" content=\"en_US\" \/>\n<meta property=\"og:type\" content=\"article\" \/>\n<meta property=\"og:title\" content=\"Hikvision HM-TS03-25XG\/W-LH25 F25 termovizin\u0117 kamera\" \/>\n<meta property=\"og:description\" content=\"Hikvision HM-TS03-25XG\/W-LH25 F25 termovizin\u0117 kamera ; Pakraunama li\u010dio jon\u0173 baterija ; 1280 \u00d7 960 rai\u0161ka 0.4 coli\u0173 LCOS monitorius ; Wi-Fi ry\u0161ys\" \/>\n<meta property=\"og:url\" content=\"https:\/\/eheating.lt\/en\/produktas\/hikvision-hm-ts03-25xg-w-lh25-f25-termovizine-kamera\/\" \/>\n<meta property=\"og:site_name\" content=\"Elektronika Namams\" \/>\n<meta property=\"article:publisher\" content=\"https:\/\/www.facebook.com\/ElektronikaNamams\" \/>\n<meta property=\"article:modified_time\" content=\"2024-10-18T13:49:48+00:00\" \/>\n<meta property=\"og:image\" content=\"https:\/\/eheating.lt\/wp-content\/uploads\/2023\/10\/Hikvision-HM-TS03-25XGW-LH25-F25-termovizine-kamera.png\" \/>\n\t<meta property=\"og:image:width\" content=\"800\" \/>\n\t<meta property=\"og:image:height\" content=\"800\" \/>\n\t<meta property=\"og:image:type\" content=\"image\/png\" \/>\n<meta name=\"twitter:card\" content=\"summary_large_image\" \/>\n<meta name=\"twitter:label1\" content=\"Price\" \/>\n\t<meta name=\"twitter:data1\" content=\"2301,58&nbsp;&euro;\" \/>\n\t<meta name=\"twitter:label2\" content=\"Availability\" \/>\n\t<meta name=\"twitter:data2\" content=\"On backorder\" \/>\n<script type=\"application\/ld+json\" class=\"yoast-schema-graph\">{\"@context\":\"https:\\\/\\\/schema.org\",\"@graph\":[{\"@type\":\"WebPage\",\"@id\":\"https:\\\/\\\/eheating.lt\\\/en\\\/produktas\\\/hikvision-hm-ts03-25xg-w-lh25-f25-termovizine-kamera\\\/\",\"url\":\"https:\\\/\\\/eheating.lt\\\/en\\\/produktas\\\/hikvision-hm-ts03-25xg-w-lh25-f25-termovizine-kamera\\\/\",\"name\":\"Hikvision HM-TS03-25XG\\\/W-LH25 F25 termovizin\u0117 kamera\",\"isPartOf\":{\"@id\":\"https:\\\/\\\/eheating.lt\\\/#website\"},\"primaryImageOfPage\":{\"@id\":\"https:\\\/\\\/eheating.lt\\\/en\\\/produktas\\\/hikvision-hm-ts03-25xg-w-lh25-f25-termovizine-kamera\\\/#primaryimage\"},\"image\":{\"@id\":\"https:\\\/\\\/eheating.lt\\\/en\\\/produktas\\\/hikvision-hm-ts03-25xg-w-lh25-f25-termovizine-kamera\\\/#primaryimage\"},\"thumbnailUrl\":\"https:\\\/\\\/eheating.lt\\\/wp-content\\\/uploads\\\/2023\\\/10\\\/Hikvision-HM-TS03-25XGW-LH25-F25-termovizine-kamera.png\",\"datePublished\":\"2023-11-13T19:46:28+00:00\",\"dateModified\":\"2024-10-18T13:49:48+00:00\",\"description\":\"Hikvision HM-TS03-25XG\\\/W-LH25 F25 termovizin\u0117 kamera ; Pakraunama li\u010dio jon\u0173 baterija ; 1280 \u00d7 960 rai\u0161ka 0.4 coli\u0173 LCOS monitorius ; Wi-Fi ry\u0161ys\",\"breadcrumb\":{\"@id\":\"https:\\\/\\\/eheating.lt\\\/en\\\/produktas\\\/hikvision-hm-ts03-25xg-w-lh25-f25-termovizine-kamera\\\/#breadcrumb\"},\"inLanguage\":\"en-US\",\"potentialAction\":[{\"@type\":\"ReadAction\",\"target\":[\"https:\\\/\\\/eheating.lt\\\/en\\\/produktas\\\/hikvision-hm-ts03-25xg-w-lh25-f25-termovizine-kamera\\\/\"]}]},{\"@type\":\"ImageObject\",\"inLanguage\":\"en-US\",\"@id\":\"https:\\\/\\\/eheating.lt\\\/en\\\/produktas\\\/hikvision-hm-ts03-25xg-w-lh25-f25-termovizine-kamera\\\/#primaryimage\",\"url\":\"https:\\\/\\\/eheating.lt\\\/wp-content\\\/uploads\\\/2023\\\/10\\\/Hikvision-HM-TS03-25XGW-LH25-F25-termovizine-kamera.png\",\"contentUrl\":\"https:\\\/\\\/eheating.lt\\\/wp-content\\\/uploads\\\/2023\\\/10\\\/Hikvision-HM-TS03-25XGW-LH25-F25-termovizine-kamera.png\",\"width\":800,\"height\":800,\"caption\":\"Hikvision HM-TS03-25XG\\\/W-LH25 F25 termovizin\u0117 kamera\"},{\"@type\":\"BreadcrumbList\",\"@id\":\"https:\\\/\\\/eheating.lt\\\/en\\\/produktas\\\/hikvision-hm-ts03-25xg-w-lh25-f25-termovizine-kamera\\\/#breadcrumb\",\"itemListElement\":[{\"@type\":\"ListItem\",\"position\":1,\"name\":\"Prad\u017eia\",\"item\":\"https:\\\/\\\/eheating.lt\\\/en\\\/\"},{\"@type\":\"ListItem\",\"position\":2,\"name\":\"Shop\",\"item\":\"https:\\\/\\\/eheating.lt\\\/en\\\/?page_id=5734\"},{\"@type\":\"ListItem\",\"position\":3,\"name\":\"Hikvision HM-TS03-25XG\\\/W-LH25 F25 termovizin\u0117 kamera\"}]},{\"@type\":\"WebSite\",\"@id\":\"https:\\\/\\\/eheating.lt\\\/#website\",\"url\":\"https:\\\/\\\/eheating.lt\\\/\",\"name\":\"eHeating\",\"description\":\"Elektronika ir \u0161ildymas\",\"potentialAction\":[{\"@type\":\"SearchAction\",\"target\":{\"@type\":\"EntryPoint\",\"urlTemplate\":\"https:\\\/\\\/eheating.lt\\\/?s={search_term_string}\"},\"query-input\":{\"@type\":\"PropertyValueSpecification\",\"valueRequired\":true,\"valueName\":\"search_term_string\"}}],\"inLanguage\":\"en-US\"}]}<\/script>\n<meta property=\"product:price:amount\" content=\"2301.58\" \/>\n<meta property=\"product:price:currency\" content=\"EUR\" \/>\n<meta property=\"og:availability\" content=\"backorder\" \/>\n<meta property=\"product:availability\" content=\"available for order\" \/>\n<meta property=\"product:retailer_item_id\" content=\"8324219f3e8e\" \/>\n<meta property=\"product:condition\" content=\"new\" \/>\n<!-- \/ Yoast SEO Premium plugin. -->","yoast_head_json":{"title":"Hikvision HM-TS03-25XG\/W-LH25 F25 termovizin\u0117 kamera","description":"Hikvision HM-TS03-25XG\/W-LH25 F25 termovizin\u0117 kamera ; Pakraunama li\u010dio jon\u0173 baterija ; 1280 \u00d7 960 rai\u0161ka 0.4 coli\u0173 LCOS monitorius ; Wi-Fi ry\u0161ys","robots":{"index":"index","follow":"follow","max-snippet":"max-snippet:-1","max-image-preview":"max-image-preview:large","max-video-preview":"max-video-preview:-1"},"canonical":"https:\/\/eheating.lt\/en\/produktas\/hikvision-hm-ts03-25xg-w-lh25-f25-termovizine-kamera\/","og_locale":"en_US","og_type":"article","og_title":"Hikvision HM-TS03-25XG\/W-LH25 F25 termovizin\u0117 kamera","og_description":"Hikvision HM-TS03-25XG\/W-LH25 F25 termovizin\u0117 kamera ; Pakraunama li\u010dio jon\u0173 baterija ; 1280 \u00d7 960 rai\u0161ka 0.4 coli\u0173 LCOS monitorius ; Wi-Fi ry\u0161ys","og_url":"https:\/\/eheating.lt\/en\/produktas\/hikvision-hm-ts03-25xg-w-lh25-f25-termovizine-kamera\/","og_site_name":"Elektronika Namams","article_publisher":"https:\/\/www.facebook.com\/ElektronikaNamams","article_modified_time":"2024-10-18T13:49:48+00:00","og_image":[{"width":800,"height":800,"url":"https:\/\/eheating.lt\/wp-content\/uploads\/2023\/10\/Hikvision-HM-TS03-25XGW-LH25-F25-termovizine-kamera.png","type":"image\/png"}],"twitter_card":"summary_large_image","twitter_misc":{"Price":"2301,58&nbsp;&euro;","Availability":"On backorder"},"schema":{"@context":"https:\/\/schema.org","@graph":[{"@type":"WebPage","@id":"https:\/\/eheating.lt\/en\/produktas\/hikvision-hm-ts03-25xg-w-lh25-f25-termovizine-kamera\/","url":"https:\/\/eheating.lt\/en\/produktas\/hikvision-hm-ts03-25xg-w-lh25-f25-termovizine-kamera\/","name":"Hikvision HM-TS03-25XG\/W-LH25 F25 termovizin\u0117 kamera","isPartOf":{"@id":"https:\/\/eheating.lt\/#website"},"primaryImageOfPage":{"@id":"https:\/\/eheating.lt\/en\/produktas\/hikvision-hm-ts03-25xg-w-lh25-f25-termovizine-kamera\/#primaryimage"},"image":{"@id":"https:\/\/eheating.lt\/en\/produktas\/hikvision-hm-ts03-25xg-w-lh25-f25-termovizine-kamera\/#primaryimage"},"thumbnailUrl":"https:\/\/eheating.lt\/wp-content\/uploads\/2023\/10\/Hikvision-HM-TS03-25XGW-LH25-F25-termovizine-kamera.png","datePublished":"2023-11-13T19:46:28+00:00","dateModified":"2024-10-18T13:49:48+00:00","description":"Hikvision HM-TS03-25XG\/W-LH25 F25 termovizin\u0117 kamera ; Pakraunama li\u010dio jon\u0173 baterija ; 1280 \u00d7 960 rai\u0161ka 0.4 coli\u0173 LCOS monitorius ; Wi-Fi ry\u0161ys","breadcrumb":{"@id":"https:\/\/eheating.lt\/en\/produktas\/hikvision-hm-ts03-25xg-w-lh25-f25-termovizine-kamera\/#breadcrumb"},"inLanguage":"en-US","potentialAction":[{"@type":"ReadAction","target":["https:\/\/eheating.lt\/en\/produktas\/hikvision-hm-ts03-25xg-w-lh25-f25-termovizine-kamera\/"]}]},{"@type":"ImageObject","inLanguage":"en-US","@id":"https:\/\/eheating.lt\/en\/produktas\/hikvision-hm-ts03-25xg-w-lh25-f25-termovizine-kamera\/#primaryimage","url":"https:\/\/eheating.lt\/wp-content\/uploads\/2023\/10\/Hikvision-HM-TS03-25XGW-LH25-F25-termovizine-kamera.png","contentUrl":"https:\/\/eheating.lt\/wp-content\/uploads\/2023\/10\/Hikvision-HM-TS03-25XGW-LH25-F25-termovizine-kamera.png","width":800,"height":800,"caption":"Hikvision HM-TS03-25XG\/W-LH25 F25 termovizin\u0117 kamera"},{"@type":"BreadcrumbList","@id":"https:\/\/eheating.lt\/en\/produktas\/hikvision-hm-ts03-25xg-w-lh25-f25-termovizine-kamera\/#breadcrumb","itemListElement":[{"@type":"ListItem","position":1,"name":"Prad\u017eia","item":"https:\/\/eheating.lt\/en\/"},{"@type":"ListItem","position":2,"name":"Shop","item":"https:\/\/eheating.lt\/en\/?page_id=5734"},{"@type":"ListItem","position":3,"name":"Hikvision HM-TS03-25XG\/W-LH25 F25 termovizin\u0117 kamera"}]},{"@type":"WebSite","@id":"https:\/\/eheating.lt\/#website","url":"https:\/\/eheating.lt\/","name":"eHeating","description":"Elektronika ir \u0161ildymas","potentialAction":[{"@type":"SearchAction","target":{"@type":"EntryPoint","urlTemplate":"https:\/\/eheating.lt\/?s={search_term_string}"},"query-input":{"@type":"PropertyValueSpecification","valueRequired":true,"valueName":"search_term_string"}}],"inLanguage":"en-US"}]},"product_price_amount":"2301.58","product_price_currency":"EUR","og_availability":"backorder","product_availability":"available for order","product_retailer_item_id":"8324219f3e8e","product_condition":"new"},"_links":{"self":[{"href":"https:\/\/eheating.lt\/en\/wp-json\/wp\/v2\/product\/17074","targetHints":{"allow":["GET"]}}],"collection":[{"href":"https:\/\/eheating.lt\/en\/wp-json\/wp\/v2\/product"}],"about":[{"href":"https:\/\/eheating.lt\/en\/wp-json\/wp\/v2\/types\/product"}],"replies":[{"embeddable":true,"href":"https:\/\/eheating.lt\/en\/wp-json\/wp\/v2\/comments?post=17074"}],"version-history":[{"count":0,"href":"https:\/\/eheating.lt\/en\/wp-json\/wp\/v2\/product\/17074\/revisions"}],"wp:featuredmedia":[{"embeddable":true,"href":"https:\/\/eheating.lt\/en\/wp-json\/wp\/v2\/media\/28146"}],"wp:attachment":[{"href":"https:\/\/eheating.lt\/en\/wp-json\/wp\/v2\/media?parent=17074"}],"wp:term":[{"taxonomy":"product_brand","embeddable":true,"href":"https:\/\/eheating.lt\/en\/wp-json\/wp\/v2\/product_brand?post=17074"},{"taxonomy":"product_cat","embeddable":true,"href":"https:\/\/eheating.lt\/en\/wp-json\/wp\/v2\/product_cat?post=17074"},{"taxonomy":"product_tag","embeddable":true,"href":"https:\/\/eheating.lt\/en\/wp-json\/wp\/v2\/product_tag?post=17074"}],"curies":[{"name":"wp","href":"https:\/\/api.w.org\/{rel}","templated":true}]}}