{"id":17058,"date":"2023-11-13T22:11:30","date_gmt":"2023-11-13T20:11:30","guid":{"rendered":"https:\/\/eheating.lt\/?post_type=product&#038;p=17058"},"modified":"2024-10-18T16:49:37","modified_gmt":"2024-10-18T13:49:37","slug":"hikvision-bateriju-krovimo-stotele-ds-5202zc","status":"publish","type":"product","link":"https:\/\/eheating.lt\/en\/produktas\/hikvision-bateriju-krovimo-stotele-ds-5202zc\/","title":{"rendered":"Hikvision baterij\u0173 krovimo stotel\u0117 DS-5202ZC"},"content":{"rendered":"<div class=\"tech-specs-items-description-wrap\">\n<ul class=\"tech-specs-items-description\" data-target=\"General\">\n<li class=\"tech-specs-items-description-list\"><span class=\"tech-specs-items-description__title--heading\">Pagrindinis<\/span><\/li>\n<li class=\"tech-specs-items-description-list\"><span class=\"tech-specs-items-description__title\">Energijos \u012fvestis<\/span><span class=\"tech-specs-items-description__title-details\">100~240V\/0.7A<\/span><\/li>\n<li class=\"tech-specs-items-description-list\"><span class=\"tech-specs-items-description__title\">Energijos i\u0161vestis<\/span><span class=\"tech-specs-items-description__title-details\">12V\/2A<\/span><\/li>\n<\/ul>\n<\/div>\n","protected":false},"excerpt":{"rendered":"<ul>\n<li>Skirta kameros DS-2TP21B-6AVF\/W baterijoms krauti<\/li>\n<\/ul>\n","protected":false},"featured_media":28761,"comment_status":"closed","ping_status":"closed","template":"","meta":[],"product_brand":[],"product_cat":[801,824,836],"product_tag":[],"class_list":{"0":"post-17058","1":"product","2":"type-product","3":"status-publish","4":"has-post-thumbnail","6":"product_cat-ip-video-surveillance-systems","7":"product_cat-ip-other-equipment","8":"product_cat-other-accessories","10":"first","11":"onbackorder","12":"purchasable","13":"product-type-simple"},"yoast_head":"<!-- This site is optimized with the Yoast SEO Premium plugin v21.5 (Yoast SEO v27.3) - https:\/\/yoast.com\/product\/yoast-seo-premium-wordpress\/ -->\n<title>Hikvision baterij\u0173 krovimo stotel\u0117 DS-5202ZC<\/title>\n<meta name=\"description\" content=\"Hikvision baterij\u0173 krovimo stotel\u0117 DS-5202ZC ; Skirta kameros DS-2TP21B-6AVF\/W baterijoms krauti ; Gamintojas - Hikvision\" \/>\n<meta name=\"robots\" content=\"index, follow, max-snippet:-1, max-image-preview:large, max-video-preview:-1\" \/>\n<link rel=\"canonical\" href=\"https:\/\/eheating.lt\/en\/produktas\/hikvision-bateriju-krovimo-stotele-ds-5202zc\/\" \/>\n<meta property=\"og:locale\" content=\"en_US\" \/>\n<meta property=\"og:type\" content=\"article\" \/>\n<meta property=\"og:title\" content=\"Hikvision baterij\u0173 krovimo stotel\u0117 DS-5202ZC\" \/>\n<meta property=\"og:description\" content=\"Hikvision baterij\u0173 krovimo stotel\u0117 DS-5202ZC ; Skirta kameros DS-2TP21B-6AVF\/W baterijoms krauti ; Gamintojas - Hikvision\" \/>\n<meta property=\"og:url\" content=\"https:\/\/eheating.lt\/en\/produktas\/hikvision-bateriju-krovimo-stotele-ds-5202zc\/\" \/>\n<meta property=\"og:site_name\" content=\"Elektronika Namams\" \/>\n<meta property=\"article:publisher\" content=\"https:\/\/www.facebook.com\/ElektronikaNamams\" \/>\n<meta property=\"article:modified_time\" content=\"2024-10-18T13:49:37+00:00\" \/>\n<meta property=\"og:image\" content=\"https:\/\/eheating.lt\/wp-content\/uploads\/2023\/10\/Hikvision-bateriju-krovimo-stotele-DS-5202ZC.png\" \/>\n\t<meta property=\"og:image:width\" content=\"800\" \/>\n\t<meta property=\"og:image:height\" content=\"800\" \/>\n\t<meta property=\"og:image:type\" content=\"image\/png\" \/>\n<meta name=\"twitter:card\" content=\"summary_large_image\" \/>\n<meta name=\"twitter:label1\" content=\"Price\" \/>\n\t<meta name=\"twitter:data1\" content=\"154,98&nbsp;&euro;\" \/>\n\t<meta name=\"twitter:label2\" content=\"Availability\" \/>\n\t<meta name=\"twitter:data2\" content=\"On backorder\" \/>\n<script type=\"application\/ld+json\" class=\"yoast-schema-graph\">{\"@context\":\"https:\\\/\\\/schema.org\",\"@graph\":[{\"@type\":\"WebPage\",\"@id\":\"https:\\\/\\\/eheating.lt\\\/en\\\/produktas\\\/hikvision-bateriju-krovimo-stotele-ds-5202zc\\\/\",\"url\":\"https:\\\/\\\/eheating.lt\\\/en\\\/produktas\\\/hikvision-bateriju-krovimo-stotele-ds-5202zc\\\/\",\"name\":\"Hikvision baterij\u0173 krovimo stotel\u0117 DS-5202ZC\",\"isPartOf\":{\"@id\":\"https:\\\/\\\/eheating.lt\\\/#website\"},\"primaryImageOfPage\":{\"@id\":\"https:\\\/\\\/eheating.lt\\\/en\\\/produktas\\\/hikvision-bateriju-krovimo-stotele-ds-5202zc\\\/#primaryimage\"},\"image\":{\"@id\":\"https:\\\/\\\/eheating.lt\\\/en\\\/produktas\\\/hikvision-bateriju-krovimo-stotele-ds-5202zc\\\/#primaryimage\"},\"thumbnailUrl\":\"https:\\\/\\\/eheating.lt\\\/wp-content\\\/uploads\\\/2023\\\/10\\\/Hikvision-bateriju-krovimo-stotele-DS-5202ZC.png\",\"datePublished\":\"2023-11-13T20:11:30+00:00\",\"dateModified\":\"2024-10-18T13:49:37+00:00\",\"description\":\"Hikvision baterij\u0173 krovimo stotel\u0117 DS-5202ZC ; Skirta kameros DS-2TP21B-6AVF\\\/W baterijoms krauti ; Gamintojas - Hikvision\",\"breadcrumb\":{\"@id\":\"https:\\\/\\\/eheating.lt\\\/en\\\/produktas\\\/hikvision-bateriju-krovimo-stotele-ds-5202zc\\\/#breadcrumb\"},\"inLanguage\":\"en-US\",\"potentialAction\":[{\"@type\":\"ReadAction\",\"target\":[\"https:\\\/\\\/eheating.lt\\\/en\\\/produktas\\\/hikvision-bateriju-krovimo-stotele-ds-5202zc\\\/\"]}]},{\"@type\":\"ImageObject\",\"inLanguage\":\"en-US\",\"@id\":\"https:\\\/\\\/eheating.lt\\\/en\\\/produktas\\\/hikvision-bateriju-krovimo-stotele-ds-5202zc\\\/#primaryimage\",\"url\":\"https:\\\/\\\/eheating.lt\\\/wp-content\\\/uploads\\\/2023\\\/10\\\/Hikvision-bateriju-krovimo-stotele-DS-5202ZC.png\",\"contentUrl\":\"https:\\\/\\\/eheating.lt\\\/wp-content\\\/uploads\\\/2023\\\/10\\\/Hikvision-bateriju-krovimo-stotele-DS-5202ZC.png\",\"width\":800,\"height\":800,\"caption\":\"Hikvision baterij\u0173 krovimo stotel\u0117 DS-5202ZC\"},{\"@type\":\"BreadcrumbList\",\"@id\":\"https:\\\/\\\/eheating.lt\\\/en\\\/produktas\\\/hikvision-bateriju-krovimo-stotele-ds-5202zc\\\/#breadcrumb\",\"itemListElement\":[{\"@type\":\"ListItem\",\"position\":1,\"name\":\"Prad\u017eia\",\"item\":\"https:\\\/\\\/eheating.lt\\\/en\\\/\"},{\"@type\":\"ListItem\",\"position\":2,\"name\":\"Shop\",\"item\":\"https:\\\/\\\/eheating.lt\\\/en\\\/?page_id=5734\"},{\"@type\":\"ListItem\",\"position\":3,\"name\":\"Hikvision baterij\u0173 krovimo stotel\u0117 DS-5202ZC\"}]},{\"@type\":\"WebSite\",\"@id\":\"https:\\\/\\\/eheating.lt\\\/#website\",\"url\":\"https:\\\/\\\/eheating.lt\\\/\",\"name\":\"eHeating\",\"description\":\"Elektronika ir \u0161ildymas\",\"potentialAction\":[{\"@type\":\"SearchAction\",\"target\":{\"@type\":\"EntryPoint\",\"urlTemplate\":\"https:\\\/\\\/eheating.lt\\\/?s={search_term_string}\"},\"query-input\":{\"@type\":\"PropertyValueSpecification\",\"valueRequired\":true,\"valueName\":\"search_term_string\"}}],\"inLanguage\":\"en-US\"}]}<\/script>\n<meta property=\"product:price:amount\" content=\"154.98\" \/>\n<meta property=\"product:price:currency\" content=\"EUR\" \/>\n<meta property=\"og:availability\" content=\"backorder\" \/>\n<meta property=\"product:availability\" content=\"available for order\" \/>\n<meta property=\"product:retailer_item_id\" content=\"710562f6179b\" \/>\n<meta property=\"product:condition\" content=\"new\" \/>\n<!-- \/ Yoast SEO Premium plugin. -->","yoast_head_json":{"title":"Hikvision baterij\u0173 krovimo stotel\u0117 DS-5202ZC","description":"Hikvision baterij\u0173 krovimo stotel\u0117 DS-5202ZC ; Skirta kameros DS-2TP21B-6AVF\/W baterijoms krauti ; Gamintojas - Hikvision","robots":{"index":"index","follow":"follow","max-snippet":"max-snippet:-1","max-image-preview":"max-image-preview:large","max-video-preview":"max-video-preview:-1"},"canonical":"https:\/\/eheating.lt\/en\/produktas\/hikvision-bateriju-krovimo-stotele-ds-5202zc\/","og_locale":"en_US","og_type":"article","og_title":"Hikvision baterij\u0173 krovimo stotel\u0117 DS-5202ZC","og_description":"Hikvision baterij\u0173 krovimo stotel\u0117 DS-5202ZC ; Skirta kameros DS-2TP21B-6AVF\/W baterijoms krauti ; Gamintojas - Hikvision","og_url":"https:\/\/eheating.lt\/en\/produktas\/hikvision-bateriju-krovimo-stotele-ds-5202zc\/","og_site_name":"Elektronika Namams","article_publisher":"https:\/\/www.facebook.com\/ElektronikaNamams","article_modified_time":"2024-10-18T13:49:37+00:00","og_image":[{"width":800,"height":800,"url":"https:\/\/eheating.lt\/wp-content\/uploads\/2023\/10\/Hikvision-bateriju-krovimo-stotele-DS-5202ZC.png","type":"image\/png"}],"twitter_card":"summary_large_image","twitter_misc":{"Price":"154,98&nbsp;&euro;","Availability":"On backorder"},"schema":{"@context":"https:\/\/schema.org","@graph":[{"@type":"WebPage","@id":"https:\/\/eheating.lt\/en\/produktas\/hikvision-bateriju-krovimo-stotele-ds-5202zc\/","url":"https:\/\/eheating.lt\/en\/produktas\/hikvision-bateriju-krovimo-stotele-ds-5202zc\/","name":"Hikvision baterij\u0173 krovimo stotel\u0117 DS-5202ZC","isPartOf":{"@id":"https:\/\/eheating.lt\/#website"},"primaryImageOfPage":{"@id":"https:\/\/eheating.lt\/en\/produktas\/hikvision-bateriju-krovimo-stotele-ds-5202zc\/#primaryimage"},"image":{"@id":"https:\/\/eheating.lt\/en\/produktas\/hikvision-bateriju-krovimo-stotele-ds-5202zc\/#primaryimage"},"thumbnailUrl":"https:\/\/eheating.lt\/wp-content\/uploads\/2023\/10\/Hikvision-bateriju-krovimo-stotele-DS-5202ZC.png","datePublished":"2023-11-13T20:11:30+00:00","dateModified":"2024-10-18T13:49:37+00:00","description":"Hikvision baterij\u0173 krovimo stotel\u0117 DS-5202ZC ; Skirta kameros DS-2TP21B-6AVF\/W baterijoms krauti ; Gamintojas - Hikvision","breadcrumb":{"@id":"https:\/\/eheating.lt\/en\/produktas\/hikvision-bateriju-krovimo-stotele-ds-5202zc\/#breadcrumb"},"inLanguage":"en-US","potentialAction":[{"@type":"ReadAction","target":["https:\/\/eheating.lt\/en\/produktas\/hikvision-bateriju-krovimo-stotele-ds-5202zc\/"]}]},{"@type":"ImageObject","inLanguage":"en-US","@id":"https:\/\/eheating.lt\/en\/produktas\/hikvision-bateriju-krovimo-stotele-ds-5202zc\/#primaryimage","url":"https:\/\/eheating.lt\/wp-content\/uploads\/2023\/10\/Hikvision-bateriju-krovimo-stotele-DS-5202ZC.png","contentUrl":"https:\/\/eheating.lt\/wp-content\/uploads\/2023\/10\/Hikvision-bateriju-krovimo-stotele-DS-5202ZC.png","width":800,"height":800,"caption":"Hikvision baterij\u0173 krovimo stotel\u0117 DS-5202ZC"},{"@type":"BreadcrumbList","@id":"https:\/\/eheating.lt\/en\/produktas\/hikvision-bateriju-krovimo-stotele-ds-5202zc\/#breadcrumb","itemListElement":[{"@type":"ListItem","position":1,"name":"Prad\u017eia","item":"https:\/\/eheating.lt\/en\/"},{"@type":"ListItem","position":2,"name":"Shop","item":"https:\/\/eheating.lt\/en\/?page_id=5734"},{"@type":"ListItem","position":3,"name":"Hikvision baterij\u0173 krovimo stotel\u0117 DS-5202ZC"}]},{"@type":"WebSite","@id":"https:\/\/eheating.lt\/#website","url":"https:\/\/eheating.lt\/","name":"eHeating","description":"Elektronika ir \u0161ildymas","potentialAction":[{"@type":"SearchAction","target":{"@type":"EntryPoint","urlTemplate":"https:\/\/eheating.lt\/?s={search_term_string}"},"query-input":{"@type":"PropertyValueSpecification","valueRequired":true,"valueName":"search_term_string"}}],"inLanguage":"en-US"}]},"product_price_amount":"154.98","product_price_currency":"EUR","og_availability":"backorder","product_availability":"available for order","product_retailer_item_id":"710562f6179b","product_condition":"new"},"_links":{"self":[{"href":"https:\/\/eheating.lt\/en\/wp-json\/wp\/v2\/product\/17058","targetHints":{"allow":["GET"]}}],"collection":[{"href":"https:\/\/eheating.lt\/en\/wp-json\/wp\/v2\/product"}],"about":[{"href":"https:\/\/eheating.lt\/en\/wp-json\/wp\/v2\/types\/product"}],"replies":[{"embeddable":true,"href":"https:\/\/eheating.lt\/en\/wp-json\/wp\/v2\/comments?post=17058"}],"version-history":[{"count":0,"href":"https:\/\/eheating.lt\/en\/wp-json\/wp\/v2\/product\/17058\/revisions"}],"wp:featuredmedia":[{"embeddable":true,"href":"https:\/\/eheating.lt\/en\/wp-json\/wp\/v2\/media\/28761"}],"wp:attachment":[{"href":"https:\/\/eheating.lt\/en\/wp-json\/wp\/v2\/media?parent=17058"}],"wp:term":[{"taxonomy":"product_brand","embeddable":true,"href":"https:\/\/eheating.lt\/en\/wp-json\/wp\/v2\/product_brand?post=17058"},{"taxonomy":"product_cat","embeddable":true,"href":"https:\/\/eheating.lt\/en\/wp-json\/wp\/v2\/product_cat?post=17058"},{"taxonomy":"product_tag","embeddable":true,"href":"https:\/\/eheating.lt\/en\/wp-json\/wp\/v2\/product_tag?post=17058"}],"curies":[{"name":"wp","href":"https:\/\/api.w.org\/{rel}","templated":true}]}}