{"id":17008,"date":"2023-10-09T22:33:09","date_gmt":"2023-10-09T19:33:09","guid":{"rendered":"https:\/\/eheating.lt\/?post_type=product&#038;p=17008"},"modified":"2024-10-18T16:48:43","modified_gmt":"2024-10-18T13:48:43","slug":"hikvision-relinis-modulis-ds-pm1-o1h-we-ax-pro","status":"publish","type":"product","link":"https:\/\/eheating.lt\/en\/produktas\/hikvision-relinis-modulis-ds-pm1-o1h-we-ax-pro\/","title":{"rendered":"Hikvision r\u0117linis modulis DS-PM1-O1H-WE AX PRO"},"content":{"rendered":"<div class=\"tech-specs-items-description-wrap\">\n<ul class=\"tech-specs-items-description\" data-target=\"Software features\">\n<li class=\"tech-specs-items-description-list\"><span class=\"tech-specs-items-description__title--heading\">Programin\u0117s \u012frangos funkcijos<\/span><\/li>\n<li class=\"tech-specs-items-description-list\"><span class=\"tech-specs-items-description__title\">Mygtukas<\/span><span class=\"tech-specs-items-description__title-details\">1, For register<\/span><\/li>\n<li class=\"tech-specs-items-description-list\"><span class=\"tech-specs-items-description__title\">Scenarijaus nustatymai<\/span><span class=\"tech-specs-items-description__title-details\">By Alarm, By Operation, By Fault, By Schedule, By Manual<\/span><\/li>\n<\/ul>\n<ul class=\"tech-specs-items-description\" data-target=\"Hardware features\">\n<li class=\"tech-specs-items-description-list\"><span class=\"tech-specs-items-description__title--heading\">Aparatin\u0117s \u012frangos funkcijos<\/span><\/li>\n<li class=\"tech-specs-items-description-list\"><span class=\"tech-specs-items-description__title\">Perjungimo i\u0161vestis<\/span><span class=\"tech-specs-items-description__title-details\">1, NO\/NC (AC 100~240v, Max 13A\uff09<\/span><\/li>\n<li class=\"tech-specs-items-description-list\"><span class=\"tech-specs-items-description__title\">Prievadas<\/span><span class=\"tech-specs-items-description__title-details\">1, for debug<\/span><\/li>\n<\/ul>\n<ul class=\"tech-specs-items-description\" data-target=\"RF transmission\">\n<li class=\"tech-specs-items-description-list\"><span class=\"tech-specs-items-description__title--heading\">RF perdavimas<\/span><\/li>\n<li class=\"tech-specs-items-description-list\"><span class=\"tech-specs-items-description__title\">RF metodas<\/span><span class=\"tech-specs-items-description__title-details\">Two way communication<\/span><\/li>\n<li class=\"tech-specs-items-description-list\"><span class=\"tech-specs-items-description__title\">RF moduliacija<\/span><span class=\"tech-specs-items-description__title-details\">2GFSK<\/span><\/li>\n<li class=\"tech-specs-items-description-list\"><span class=\"tech-specs-items-description__title\">RF da\u017enis<\/span><span class=\"tech-specs-items-description__title-details\">868MHz<\/span><\/li>\n<li class=\"tech-specs-items-description-list\"><span class=\"tech-specs-items-description__title\">RF nuotolis<\/span><span class=\"tech-specs-items-description__title-details\">1600m<\/span><\/li>\n<li class=\"tech-specs-items-description-list\"><span class=\"tech-specs-items-description__title\">Belaid\u017eio ry\u0161io saugumas<\/span><span class=\"tech-specs-items-description__title-details\">AES-128<\/span><\/li>\n<\/ul>\n<ul class=\"tech-specs-items-description\" data-target=\"Electrical characteristics\">\n<li class=\"tech-specs-items-description-list\"><span class=\"tech-specs-items-description__title--heading\">Energijos charakteristika<\/span><\/li>\n<li class=\"tech-specs-items-description-list\"><span class=\"tech-specs-items-description__title\">Energijos \u0161altinis<\/span><span class=\"tech-specs-items-description__title-details\">AC 100v \u2013 240v, 50\/60 HZ<\/span><\/li>\n<\/ul>\n<ul class=\"tech-specs-items-description\" data-target=\"Display\">\n<li class=\"tech-specs-items-description-list\"><span class=\"tech-specs-items-description__title--heading\">Vaizdavimas<\/span><\/li>\n<li class=\"tech-specs-items-description-list\"><span class=\"tech-specs-items-description__title\">LED indikatoriai funkcij\u0173 statusui<\/span><span class=\"tech-specs-items-description__title-details\">3, Register\/Signal (Green\/Red), Power (Green), Relay Status (Blue)<\/span><\/li>\n<\/ul>\n<ul class=\"tech-specs-items-description\" data-target=\"General\">\n<li class=\"tech-specs-items-description-list\"><span class=\"tech-specs-items-description__title--heading\">Pagrindinis<\/span><\/li>\n<li class=\"tech-specs-items-description-list\"><span class=\"tech-specs-items-description__title\">Veikimo temperat\u016bra<\/span><span class=\"tech-specs-items-description__title-details\">\ufe6310\u2103~+55\u2103<\/span><\/li>\n<li class=\"tech-specs-items-description-list\"><span class=\"tech-specs-items-description__title\">Atsparumas dr\u0117gmei<\/span><span class=\"tech-specs-items-description__title-details\">10\uff05~90\uff05<\/span><\/li>\n<li class=\"tech-specs-items-description-list\"><span class=\"tech-specs-items-description__title\">Med\u017eiaga<\/span><span class=\"tech-specs-items-description__title-details\">Plastic<\/span><\/li>\n<li class=\"tech-specs-items-description-list\"><span class=\"tech-specs-items-description__title\">Matmenys(WxHxD)<\/span><span class=\"tech-specs-items-description__title-details\">38x25x18mm<\/span><\/li>\n<li class=\"tech-specs-items-description-list\"><span class=\"tech-specs-items-description__title\">Svoris<\/span><span class=\"tech-specs-items-description__title-details\">31.5g<\/span><\/li>\n<li class=\"tech-specs-items-description-list\"><span class=\"tech-specs-items-description__title\">Spalva<\/span><span class=\"tech-specs-items-description__title-details\">White<\/span><\/li>\n<li class=\"tech-specs-items-description-list\"><span class=\"tech-specs-items-description__title\">\u012ediegimo b\u016bdai<\/span><span class=\"tech-specs-items-description__title-details\">Wall Mounting or Inside 86 box<\/span><\/li>\n<\/ul>\n<\/div>\n","protected":false},"excerpt":{"rendered":"<ul>\n<li>Veikimo atstumas: 1600m (atviroje erdv\u0117je)<\/li>\n<li>AC 100V &#8211; 240V<\/li>\n<li>\u012etampos ir srov\u0117s apsauga<\/li>\n<\/ul>\n","protected":false},"featured_media":30878,"comment_status":"closed","ping_status":"closed","template":"","meta":[],"product_brand":[],"product_cat":[279,736,731,732],"product_tag":[974],"class_list":{"0":"post-17008","1":"product","2":"type-product","3":"status-publish","4":"has-post-thumbnail","6":"product_cat-apsaugos-sistemos","7":"product_cat-ax-pro-priedai","8":"product_cat-belaides-apsaugos-sistemos","9":"product_cat-hikvision-ax-pro-belaides-apsaugos-sistemos","10":"product_tag-ean","12":"first","13":"instock","14":"purchasable","15":"product-type-simple"},"yoast_head":"<!-- This site is optimized with the Yoast SEO Premium plugin v21.5 (Yoast SEO v27.3) - https:\/\/yoast.com\/product\/yoast-seo-premium-wordpress\/ -->\n<title>Hikvision r\u0117linis modulis DS-PM1-O1H-WE AX PRO<\/title>\n<meta name=\"description\" content=\"Hikvision DS-PM1-O1H-WE AX PRO r\u0117linis modulis ; Veikimo atstumas: 1600m (atviroje erdv\u0117je) ; AC 100V - 240V ; \u012etampos ir srov\u0117s apsauga\" \/>\n<meta name=\"robots\" content=\"index, follow, max-snippet:-1, max-image-preview:large, max-video-preview:-1\" \/>\n<link rel=\"canonical\" href=\"https:\/\/eheating.lt\/produktas\/hikvision-relinis-modulis-ds-pm1-o1h-we-ax-pro\/\" \/>\n<meta property=\"og:locale\" content=\"en_US\" \/>\n<meta property=\"og:type\" content=\"article\" \/>\n<meta property=\"og:title\" content=\"Hikvision r\u0117linis modulis DS-PM1-O1H-WE AX PRO\" \/>\n<meta property=\"og:description\" content=\"Hikvision DS-PM1-O1H-WE AX PRO r\u0117linis modulis ; Veikimo atstumas: 1600m (atviroje erdv\u0117je) ; AC 100V - 240V ; \u012etampos ir srov\u0117s apsauga\" \/>\n<meta property=\"og:url\" content=\"https:\/\/eheating.lt\/produktas\/hikvision-relinis-modulis-ds-pm1-o1h-we-ax-pro\/\" \/>\n<meta property=\"og:site_name\" content=\"Elektronika Namams\" \/>\n<meta property=\"article:publisher\" content=\"https:\/\/www.facebook.com\/ElektronikaNamams\" \/>\n<meta property=\"article:modified_time\" content=\"2024-10-18T13:48:43+00:00\" \/>\n<meta property=\"og:image\" content=\"https:\/\/eheating.lt\/wp-content\/uploads\/2023\/12\/Hikvision-relinis-modulis-DS-PM1-O1H-WE-AX-PRO.png\" \/>\n\t<meta property=\"og:image:width\" content=\"800\" \/>\n\t<meta property=\"og:image:height\" content=\"800\" \/>\n\t<meta property=\"og:image:type\" content=\"image\/png\" \/>\n<meta name=\"twitter:card\" content=\"summary_large_image\" \/>\n<meta name=\"twitter:label1\" content=\"Price\" \/>\n\t<meta name=\"twitter:data1\" content=\"38,80&nbsp;&euro;\" \/>\n\t<meta name=\"twitter:label2\" content=\"Availability\" \/>\n\t<meta name=\"twitter:data2\" content=\"In stock\" \/>\n<script type=\"application\/ld+json\" class=\"yoast-schema-graph\">{\"@context\":\"https:\\\/\\\/schema.org\",\"@graph\":[{\"@type\":\"WebPage\",\"@id\":\"https:\\\/\\\/eheating.lt\\\/produktas\\\/hikvision-relinis-modulis-ds-pm1-o1h-we-ax-pro\\\/\",\"url\":\"https:\\\/\\\/eheating.lt\\\/produktas\\\/hikvision-relinis-modulis-ds-pm1-o1h-we-ax-pro\\\/\",\"name\":\"Hikvision r\u0117linis modulis DS-PM1-O1H-WE AX PRO\",\"isPartOf\":{\"@id\":\"https:\\\/\\\/eheating.lt\\\/#website\"},\"primaryImageOfPage\":{\"@id\":\"https:\\\/\\\/eheating.lt\\\/produktas\\\/hikvision-relinis-modulis-ds-pm1-o1h-we-ax-pro\\\/#primaryimage\"},\"image\":{\"@id\":\"https:\\\/\\\/eheating.lt\\\/produktas\\\/hikvision-relinis-modulis-ds-pm1-o1h-we-ax-pro\\\/#primaryimage\"},\"thumbnailUrl\":\"https:\\\/\\\/eheating.lt\\\/wp-content\\\/uploads\\\/2023\\\/12\\\/Hikvision-relinis-modulis-DS-PM1-O1H-WE-AX-PRO.png\",\"datePublished\":\"2023-10-09T19:33:09+00:00\",\"dateModified\":\"2024-10-18T13:48:43+00:00\",\"description\":\"Hikvision DS-PM1-O1H-WE AX PRO r\u0117linis modulis ; Veikimo atstumas: 1600m (atviroje erdv\u0117je) ; AC 100V - 240V ; \u012etampos ir srov\u0117s apsauga\",\"breadcrumb\":{\"@id\":\"https:\\\/\\\/eheating.lt\\\/produktas\\\/hikvision-relinis-modulis-ds-pm1-o1h-we-ax-pro\\\/#breadcrumb\"},\"inLanguage\":\"en-US\",\"potentialAction\":[{\"@type\":\"ReadAction\",\"target\":[\"https:\\\/\\\/eheating.lt\\\/produktas\\\/hikvision-relinis-modulis-ds-pm1-o1h-we-ax-pro\\\/\"]}]},{\"@type\":\"ImageObject\",\"inLanguage\":\"en-US\",\"@id\":\"https:\\\/\\\/eheating.lt\\\/produktas\\\/hikvision-relinis-modulis-ds-pm1-o1h-we-ax-pro\\\/#primaryimage\",\"url\":\"https:\\\/\\\/eheating.lt\\\/wp-content\\\/uploads\\\/2023\\\/12\\\/Hikvision-relinis-modulis-DS-PM1-O1H-WE-AX-PRO.png\",\"contentUrl\":\"https:\\\/\\\/eheating.lt\\\/wp-content\\\/uploads\\\/2023\\\/12\\\/Hikvision-relinis-modulis-DS-PM1-O1H-WE-AX-PRO.png\",\"width\":800,\"height\":800},{\"@type\":\"BreadcrumbList\",\"@id\":\"https:\\\/\\\/eheating.lt\\\/produktas\\\/hikvision-relinis-modulis-ds-pm1-o1h-we-ax-pro\\\/#breadcrumb\",\"itemListElement\":[{\"@type\":\"ListItem\",\"position\":1,\"name\":\"Prad\u017eia\",\"item\":\"https:\\\/\\\/eheating.lt\\\/en\\\/\"},{\"@type\":\"ListItem\",\"position\":2,\"name\":\"Shop\",\"item\":\"https:\\\/\\\/eheating.lt\\\/en\\\/?page_id=5734\"},{\"@type\":\"ListItem\",\"position\":3,\"name\":\"Hikvision r\u0117linis modulis DS-PM1-O1H-WE AX PRO\"}]},{\"@type\":\"WebSite\",\"@id\":\"https:\\\/\\\/eheating.lt\\\/#website\",\"url\":\"https:\\\/\\\/eheating.lt\\\/\",\"name\":\"eHeating\",\"description\":\"Elektronika ir \u0161ildymas\",\"potentialAction\":[{\"@type\":\"SearchAction\",\"target\":{\"@type\":\"EntryPoint\",\"urlTemplate\":\"https:\\\/\\\/eheating.lt\\\/?s={search_term_string}\"},\"query-input\":{\"@type\":\"PropertyValueSpecification\",\"valueRequired\":true,\"valueName\":\"search_term_string\"}}],\"inLanguage\":\"en-US\"}]}<\/script>\n<meta property=\"product:price:amount\" content=\"38.80\" \/>\n<meta property=\"product:price:currency\" content=\"EUR\" \/>\n<meta property=\"og:availability\" content=\"instock\" \/>\n<meta property=\"product:availability\" content=\"instock\" \/>\n<meta property=\"product:retailer_item_id\" content=\"eb566af30a08\" \/>\n<meta property=\"product:condition\" content=\"new\" \/>\n<!-- \/ Yoast SEO Premium plugin. -->","yoast_head_json":{"title":"Hikvision r\u0117linis modulis DS-PM1-O1H-WE AX PRO","description":"Hikvision DS-PM1-O1H-WE AX PRO r\u0117linis modulis ; Veikimo atstumas: 1600m (atviroje erdv\u0117je) ; AC 100V - 240V ; \u012etampos ir srov\u0117s apsauga","robots":{"index":"index","follow":"follow","max-snippet":"max-snippet:-1","max-image-preview":"max-image-preview:large","max-video-preview":"max-video-preview:-1"},"canonical":"https:\/\/eheating.lt\/produktas\/hikvision-relinis-modulis-ds-pm1-o1h-we-ax-pro\/","og_locale":"en_US","og_type":"article","og_title":"Hikvision r\u0117linis modulis DS-PM1-O1H-WE AX PRO","og_description":"Hikvision DS-PM1-O1H-WE AX PRO r\u0117linis modulis ; Veikimo atstumas: 1600m (atviroje erdv\u0117je) ; AC 100V - 240V ; \u012etampos ir srov\u0117s apsauga","og_url":"https:\/\/eheating.lt\/produktas\/hikvision-relinis-modulis-ds-pm1-o1h-we-ax-pro\/","og_site_name":"Elektronika Namams","article_publisher":"https:\/\/www.facebook.com\/ElektronikaNamams","article_modified_time":"2024-10-18T13:48:43+00:00","og_image":[{"width":800,"height":800,"url":"https:\/\/eheating.lt\/wp-content\/uploads\/2023\/12\/Hikvision-relinis-modulis-DS-PM1-O1H-WE-AX-PRO.png","type":"image\/png"}],"twitter_card":"summary_large_image","twitter_misc":{"Price":"38,80&nbsp;&euro;","Availability":"In stock"},"schema":{"@context":"https:\/\/schema.org","@graph":[{"@type":"WebPage","@id":"https:\/\/eheating.lt\/produktas\/hikvision-relinis-modulis-ds-pm1-o1h-we-ax-pro\/","url":"https:\/\/eheating.lt\/produktas\/hikvision-relinis-modulis-ds-pm1-o1h-we-ax-pro\/","name":"Hikvision r\u0117linis modulis DS-PM1-O1H-WE AX PRO","isPartOf":{"@id":"https:\/\/eheating.lt\/#website"},"primaryImageOfPage":{"@id":"https:\/\/eheating.lt\/produktas\/hikvision-relinis-modulis-ds-pm1-o1h-we-ax-pro\/#primaryimage"},"image":{"@id":"https:\/\/eheating.lt\/produktas\/hikvision-relinis-modulis-ds-pm1-o1h-we-ax-pro\/#primaryimage"},"thumbnailUrl":"https:\/\/eheating.lt\/wp-content\/uploads\/2023\/12\/Hikvision-relinis-modulis-DS-PM1-O1H-WE-AX-PRO.png","datePublished":"2023-10-09T19:33:09+00:00","dateModified":"2024-10-18T13:48:43+00:00","description":"Hikvision DS-PM1-O1H-WE AX PRO r\u0117linis modulis ; Veikimo atstumas: 1600m (atviroje erdv\u0117je) ; AC 100V - 240V ; \u012etampos ir srov\u0117s apsauga","breadcrumb":{"@id":"https:\/\/eheating.lt\/produktas\/hikvision-relinis-modulis-ds-pm1-o1h-we-ax-pro\/#breadcrumb"},"inLanguage":"en-US","potentialAction":[{"@type":"ReadAction","target":["https:\/\/eheating.lt\/produktas\/hikvision-relinis-modulis-ds-pm1-o1h-we-ax-pro\/"]}]},{"@type":"ImageObject","inLanguage":"en-US","@id":"https:\/\/eheating.lt\/produktas\/hikvision-relinis-modulis-ds-pm1-o1h-we-ax-pro\/#primaryimage","url":"https:\/\/eheating.lt\/wp-content\/uploads\/2023\/12\/Hikvision-relinis-modulis-DS-PM1-O1H-WE-AX-PRO.png","contentUrl":"https:\/\/eheating.lt\/wp-content\/uploads\/2023\/12\/Hikvision-relinis-modulis-DS-PM1-O1H-WE-AX-PRO.png","width":800,"height":800},{"@type":"BreadcrumbList","@id":"https:\/\/eheating.lt\/produktas\/hikvision-relinis-modulis-ds-pm1-o1h-we-ax-pro\/#breadcrumb","itemListElement":[{"@type":"ListItem","position":1,"name":"Prad\u017eia","item":"https:\/\/eheating.lt\/en\/"},{"@type":"ListItem","position":2,"name":"Shop","item":"https:\/\/eheating.lt\/en\/?page_id=5734"},{"@type":"ListItem","position":3,"name":"Hikvision r\u0117linis modulis DS-PM1-O1H-WE AX PRO"}]},{"@type":"WebSite","@id":"https:\/\/eheating.lt\/#website","url":"https:\/\/eheating.lt\/","name":"eHeating","description":"Elektronika ir \u0161ildymas","potentialAction":[{"@type":"SearchAction","target":{"@type":"EntryPoint","urlTemplate":"https:\/\/eheating.lt\/?s={search_term_string}"},"query-input":{"@type":"PropertyValueSpecification","valueRequired":true,"valueName":"search_term_string"}}],"inLanguage":"en-US"}]},"product_price_amount":"38.80","product_price_currency":"EUR","og_availability":"instock","product_availability":"instock","product_retailer_item_id":"eb566af30a08","product_condition":"new"},"_links":{"self":[{"href":"https:\/\/eheating.lt\/en\/wp-json\/wp\/v2\/product\/17008","targetHints":{"allow":["GET"]}}],"collection":[{"href":"https:\/\/eheating.lt\/en\/wp-json\/wp\/v2\/product"}],"about":[{"href":"https:\/\/eheating.lt\/en\/wp-json\/wp\/v2\/types\/product"}],"replies":[{"embeddable":true,"href":"https:\/\/eheating.lt\/en\/wp-json\/wp\/v2\/comments?post=17008"}],"version-history":[{"count":0,"href":"https:\/\/eheating.lt\/en\/wp-json\/wp\/v2\/product\/17008\/revisions"}],"wp:featuredmedia":[{"embeddable":true,"href":"https:\/\/eheating.lt\/en\/wp-json\/wp\/v2\/media\/30878"}],"wp:attachment":[{"href":"https:\/\/eheating.lt\/en\/wp-json\/wp\/v2\/media?parent=17008"}],"wp:term":[{"taxonomy":"product_brand","embeddable":true,"href":"https:\/\/eheating.lt\/en\/wp-json\/wp\/v2\/product_brand?post=17008"},{"taxonomy":"product_cat","embeddable":true,"href":"https:\/\/eheating.lt\/en\/wp-json\/wp\/v2\/product_cat?post=17008"},{"taxonomy":"product_tag","embeddable":true,"href":"https:\/\/eheating.lt\/en\/wp-json\/wp\/v2\/product_tag?post=17008"}],"curies":[{"name":"wp","href":"https:\/\/api.w.org\/{rel}","templated":true}]}}