{"id":17006,"date":"2023-10-09T22:33:09","date_gmt":"2023-10-09T19:33:09","guid":{"rendered":"https:\/\/eheating.lt\/?post_type=product&#038;p=17006"},"modified":"2024-10-18T16:48:40","modified_gmt":"2024-10-18T13:48:40","slug":"hikvision-pir-judesio-jutiklis-su-stiklo-duzio-detektoriumi-ds-pdpg12p-eg2-we-ax-pro","status":"publish","type":"product","link":"https:\/\/eheating.lt\/en\/produktas\/hikvision-pir-judesio-jutiklis-su-stiklo-duzio-detektoriumi-ds-pdpg12p-eg2-we-ax-pro\/","title":{"rendered":"Hikvision PIR-judesio jutiklis su stiklo d\u016b\u017eio"},"content":{"rendered":"<div class=\"video-container\" style=\"margin-top: 50px;\"><\/div>\n<div class=\"tech-specs-items-description-wrap\">\n<ul class=\"tech-specs-items-description\" data-target=\"Detection Performance\">\n<li class=\"tech-specs-items-description-list\"><span class=\"tech-specs-items-description__title--heading\">Aptikimo efektyvumas<\/span><\/li>\n<li class=\"tech-specs-items-description-list\"><span class=\"tech-specs-items-description__title\">Aptikimo metodas<\/span><span class=\"tech-specs-items-description__title-details\">Passive Infrared;Acoustic Sensor<\/span><\/li>\n<li class=\"tech-specs-items-description-list\"><span class=\"tech-specs-items-description__title\">Aptikimo nuotolis<\/span><span class=\"tech-specs-items-description__title-details\">12m<\/span><\/li>\n<li class=\"tech-specs-items-description-list\"><span class=\"tech-specs-items-description__title\">Aptikimo kampas<\/span><span class=\"tech-specs-items-description__title-details\">85.9\u00b0<\/span><\/li>\n<li class=\"tech-specs-items-description-list\"><span class=\"tech-specs-items-description__title\">Aptikimo zonos<\/span><span class=\"tech-specs-items-description__title-details\">52<\/span><\/li>\n<li class=\"tech-specs-items-description-list\"><span class=\"tech-specs-items-description__title\">Aptinkamas greitis<\/span><span class=\"tech-specs-items-description__title-details\">0.3\uff5e2m\/s<\/span><\/li>\n<li class=\"tech-specs-items-description-list\"><span class=\"tech-specs-items-description__title\">Atsparumas gyvunams<\/span><span class=\"tech-specs-items-description__title-details\">30Kg<\/span><\/li>\n<li class=\"tech-specs-items-description-list\"><span class=\"tech-specs-items-description__title\">Baltos \u0161viesos filtras<\/span><span class=\"tech-specs-items-description__title-details\">6500lux<\/span><\/li>\n<li class=\"tech-specs-items-description-list\"><span class=\"tech-specs-items-description__title\">PIR jautrumas<\/span><span class=\"tech-specs-items-description__title-details\">Auto,High,Pet<\/span><\/li>\n<li class=\"tech-specs-items-description-list\"><span class=\"tech-specs-items-description__title\">Du\u017etan\u010dio stiklo aptikimo nuotolis<\/span><span class=\"tech-specs-items-description__title-details\">8m<\/span><\/li>\n<li class=\"tech-specs-items-description-list\"><span class=\"tech-specs-items-description__title\">Stiklo tipai<\/span><span class=\"tech-specs-items-description__title-details\">Float;Plate;Tampered;Wired;Laminated Leaded;Double Glazing<\/span><\/li>\n<li class=\"tech-specs-items-description-list\"><span class=\"tech-specs-items-description__title\">D\u016b\u017etan\u010dio stiklo jautrumas<\/span><span class=\"tech-specs-items-description__title-details\">2m,4m,6m,8m<\/span><\/li>\n<li class=\"tech-specs-items-description-list\"><span class=\"tech-specs-items-description__title\">Stiklo storumas<\/span><span class=\"tech-specs-items-description__title-details\">2.4mm to 6.4mm<\/span><\/li>\n<li class=\"tech-specs-items-description-list\"><span class=\"tech-specs-items-description__title\">Stiklo dydis<\/span><span class=\"tech-specs-items-description__title-details\">0.3m x 0.3m to 3m x 3m<\/span><\/li>\n<li class=\"tech-specs-items-description-list\"><span class=\"tech-specs-items-description__title\">Skaitmeninis temperat\u016bros kompensavimas<\/span><span class=\"tech-specs-items-description__title-details\">Support<\/span><\/li>\n<li class=\"tech-specs-items-description-list\"><span class=\"tech-specs-items-description__title\">Creep zonos apsauga<\/span><span class=\"tech-specs-items-description__title-details\">Support<\/span><\/li>\n<\/ul>\n<ul class=\"tech-specs-items-description\" data-target=\"Feature\">\n<li class=\"tech-specs-items-description-list\"><span class=\"tech-specs-items-description__title--heading\">Funkcijos<\/span><\/li>\n<li class=\"tech-specs-items-description-list\"><span class=\"tech-specs-items-description__title\">Skaitmeninis apdorojimas<\/span><span class=\"tech-specs-items-description__title-details\">Support<\/span><\/li>\n<li class=\"tech-specs-items-description-list\"><span class=\"tech-specs-items-description__title\">U\u017edara optika<\/span><span class=\"tech-specs-items-description__title-details\">Support<\/span><\/li>\n<li class=\"tech-specs-items-description-list\"><span class=\"tech-specs-items-description__title\">Suklastojimo apsauga<\/span><span class=\"tech-specs-items-description__title-details\">Front;Rear<\/span><\/li>\n<li class=\"tech-specs-items-description-list\"><span class=\"tech-specs-items-description__title\">Aplinkos temperat\u016bros indikatorius<\/span><span class=\"tech-specs-items-description__title-details\">Support<\/span><\/li>\n<li class=\"tech-specs-items-description-list\"><span class=\"tech-specs-items-description__title\">Signalo stiprumo indikatorius<\/span><span class=\"tech-specs-items-description__title-details\">Support<\/span><\/li>\n<\/ul>\n<ul class=\"tech-specs-items-description\" data-target=\"Interface\">\n<li class=\"tech-specs-items-description-list\"><span class=\"tech-specs-items-description__title--heading\">S\u0105saja<\/span><\/li>\n<li class=\"tech-specs-items-description-list\"><span class=\"tech-specs-items-description__title\">Energijos jungiklis<\/span><span class=\"tech-specs-items-description__title-details\">Power Up Enrolling<\/span><\/li>\n<li class=\"tech-specs-items-description-list\"><span class=\"tech-specs-items-description__title\">LED indikatorius<\/span><span class=\"tech-specs-items-description__title-details\">Green(PIR),Red(BG),Blue(alarm)<\/span><\/li>\n<\/ul>\n<ul class=\"tech-specs-items-description\" data-target=\"Transmission\">\n<li class=\"tech-specs-items-description-list\"><span class=\"tech-specs-items-description__title--heading\">Perdavimas<\/span><\/li>\n<li class=\"tech-specs-items-description-list\"><span class=\"tech-specs-items-description__title\">Perdavimo technologija<\/span><span class=\"tech-specs-items-description__title-details\">Tri-X Wireless<\/span><\/li>\n<li class=\"tech-specs-items-description-list\"><span class=\"tech-specs-items-description__title\">Perdavimo metodas<\/span><span class=\"tech-specs-items-description__title-details\">Two-Way RF Wireless<\/span><\/li>\n<li class=\"tech-specs-items-description-list\"><span class=\"tech-specs-items-description__title\">Perdavimo da\u017enis<\/span><span class=\"tech-specs-items-description__title-details\">868MHz<\/span><\/li>\n<li class=\"tech-specs-items-description-list\"><span class=\"tech-specs-items-description__title\">Perdavimo saugumas<\/span><span class=\"tech-specs-items-description__title-details\">AES-128 Encryption<\/span><\/li>\n<li class=\"tech-specs-items-description-list\"><span class=\"tech-specs-items-description__title\">Perdavimo nuotolis<\/span><span class=\"tech-specs-items-description__title-details\">1.6Km<\/span><\/li>\n<li class=\"tech-specs-items-description-list\"><span class=\"tech-specs-items-description__title\">Da\u017enio per\u0161okimas<\/span><span class=\"tech-specs-items-description__title-details\">Support<\/span><\/li>\n<li class=\"tech-specs-items-description-list\"><span class=\"tech-specs-items-description__title\">Registracijos metodai<\/span><span class=\"tech-specs-items-description__title-details\">Power up;Remote ID;QR Code<\/span><\/li>\n<\/ul>\n<ul class=\"tech-specs-items-description\" data-target=\"Electrical Characteristics\">\n<li class=\"tech-specs-items-description-list\"><span class=\"tech-specs-items-description__title--heading\">Elektros charakteristika<\/span><\/li>\n<li class=\"tech-specs-items-description-list\"><span class=\"tech-specs-items-description__title\">Standartinis baterijos gyvavimo periodas<\/span><span class=\"tech-specs-items-description__title-details\">4 years in work status (being triggered 20 times per day)<\/span><\/li>\n<li class=\"tech-specs-items-description-list\"><span class=\"tech-specs-items-description__title\">Energijos \u0161altinis<\/span><span class=\"tech-specs-items-description__title-details\">Battery Powered<\/span><\/li>\n<li class=\"tech-specs-items-description-list\"><span class=\"tech-specs-items-description__title\">Baterijos tipas<\/span><span class=\"tech-specs-items-description__title-details\">CR123A \u00d7 2<\/span><\/li>\n<li class=\"tech-specs-items-description-list\"><span class=\"tech-specs-items-description__title\">Tipin\u0117 \u012ftampa<\/span><span class=\"tech-specs-items-description__title-details\">3V<\/span><\/li>\n<\/ul>\n<ul class=\"tech-specs-items-description\" data-target=\"General\">\n<li class=\"tech-specs-items-description-list\"><span class=\"tech-specs-items-description__title--heading\">Pagrindinis<\/span><\/li>\n<li class=\"tech-specs-items-description-list\"><span class=\"tech-specs-items-description__title\">Veikimo temprat\u016bra<\/span><span class=\"tech-specs-items-description__title-details\">-10 \u00b0C to 55 \u00b0C (14 \u00b0F to 131 \u00b0F)<\/span><\/li>\n<li class=\"tech-specs-items-description-list\"><span class=\"tech-specs-items-description__title\">Laikymo temperat\u016bra<\/span><span class=\"tech-specs-items-description__title-details\">-20 \u00b0C to 60 \u00b0C (-4 \u00b0F to 140 \u00b0F)<\/span><\/li>\n<li class=\"tech-specs-items-description-list\"><span class=\"tech-specs-items-description__title\">Atsparumas dr\u0117gmei<\/span><span class=\"tech-specs-items-description__title-details\">10% to 90%<\/span><\/li>\n<li class=\"tech-specs-items-description-list\"><span class=\"tech-specs-items-description__title\">Matmenys(WxHxD)<\/span><span class=\"tech-specs-items-description__title-details\">65.5mm\u00d7103mm\u00d748.5mm<\/span><\/li>\n<li class=\"tech-specs-items-description-list\"><span class=\"tech-specs-items-description__title\">Svoris<\/span><span class=\"tech-specs-items-description__title-details\">134g<\/span><\/li>\n<li class=\"tech-specs-items-description-list\"><span class=\"tech-specs-items-description__title\">Montavimo auk\u0161tis<\/span><span class=\"tech-specs-items-description__title-details\">1.8 to 2.4m<\/span><\/li>\n<li class=\"tech-specs-items-description-list\"><span class=\"tech-specs-items-description__title\">Montavimo metodas<\/span><span class=\"tech-specs-items-description__title-details\">Wall<\/span><\/li>\n<li class=\"tech-specs-items-description-list\"><span class=\"tech-specs-items-description__title\">Pritaikytas veikti<\/span><span class=\"tech-specs-items-description__title-details\">Indoor<\/span><\/li>\n<li class=\"tech-specs-items-description-list\"><span class=\"tech-specs-items-description__title\">Baz\u0117<\/span><span class=\"tech-specs-items-description__title-details\">Optional Wall &amp; Ceiling Accessory<\/span><\/li>\n<\/ul>\n<\/div>\n","protected":false},"excerpt":{"rendered":"<ul>\n<li>Aptikimo atstumas: 12m<\/li>\n<li>Aptikimo kampas: 85,9\u00b0<\/li>\n<li>Veikimo atstumas iki 1600m (atviroje erdv\u0117je)<\/li>\n<li>Nefiksuoja gyv\u016bn\u0173 iki 30kg<\/li>\n<li>Radio da\u017eni\u0173 suderinanumas ir atsparumas elektromagnetiniam triuk\u0161mui<\/li>\n<li>Baterijos tipas: 2 * CR123A baterija (baterija prid\u0117ta komplekte, lengvai kei\u010diama)<\/li>\n<li>Baterijos veikimo laikas: iki 4 met\u0173<\/li>\n<li>Rekomenduojamas montavimo auk\u0161tis: nuo 1,8 iki 2,4 m<\/li>\n<li>Dvigubo aptikimo technologija: PIR + stiklo d\u016b\u017eis<\/li>\n<li>Stiklo d\u016b\u017eio aptikimo atstumas: 8m<\/li>\n<li>Laikiklis\/baz\u0117 (perkama atskirai)<\/li>\n<\/ul>\n","protected":false},"featured_media":30876,"comment_status":"closed","ping_status":"closed","template":"","meta":[],"product_brand":[],"product_cat":[279,735,731,732],"product_tag":[974],"class_list":{"0":"post-17006","1":"product","2":"type-product","3":"status-publish","4":"has-post-thumbnail","6":"product_cat-apsaugos-sistemos","7":"product_cat-ax-pro-davikliai","8":"product_cat-belaides-apsaugos-sistemos","9":"product_cat-hikvision-ax-pro-belaides-apsaugos-sistemos","10":"product_tag-ean","12":"first","13":"instock","14":"purchasable","15":"product-type-simple"},"yoast_head":"<!-- This site is optimized with the Yoast SEO Premium plugin v21.5 (Yoast SEO v27.3) - https:\/\/yoast.com\/product\/yoast-seo-premium-wordpress\/ -->\n<title>Hikvision DS-PDPG12P-EG2-WE AX PRO PIR-judesio jutiklis<\/title>\n<meta name=\"description\" content=\"Hikvision DS-PDPG12P-EG2-WE AX PRO PIR-judesio jutiklis su stiklo d\u016b\u017eio detektoriumi ; Aptikimo atstumas: 12m ; Aptikimo kampas: 85,9\u00b0\" \/>\n<meta name=\"robots\" content=\"index, follow, max-snippet:-1, max-image-preview:large, max-video-preview:-1\" \/>\n<link rel=\"canonical\" href=\"https:\/\/eheating.lt\/produktas\/hikvision-pir-judesio-jutiklis-su-stiklo-duzio-detektoriumi-ds-pdpg12p-eg2-we-ax-pro\/\" \/>\n<meta property=\"og:locale\" content=\"en_US\" \/>\n<meta property=\"og:type\" content=\"article\" \/>\n<meta property=\"og:title\" content=\"Hikvision PIR-judesio jutiklis su stiklo d\u016b\u017eio detektoriumi DS-PDPG12P-EG2-WE AX PRO\" \/>\n<meta property=\"og:description\" content=\"Hikvision DS-PDPG12P-EG2-WE AX PRO PIR-judesio jutiklis su stiklo d\u016b\u017eio detektoriumi ; Aptikimo atstumas: 12m ; Aptikimo kampas: 85,9\u00b0\" \/>\n<meta property=\"og:url\" content=\"https:\/\/eheating.lt\/produktas\/hikvision-pir-judesio-jutiklis-su-stiklo-duzio-detektoriumi-ds-pdpg12p-eg2-we-ax-pro\/\" \/>\n<meta property=\"og:site_name\" content=\"Elektronika Namams\" \/>\n<meta property=\"article:publisher\" content=\"https:\/\/www.facebook.com\/ElektronikaNamams\" \/>\n<meta property=\"article:modified_time\" content=\"2024-10-18T13:48:40+00:00\" \/>\n<meta property=\"og:image\" content=\"https:\/\/eheating.lt\/wp-content\/uploads\/2023\/12\/Hikvision-PIR-judesio-jutiklis-su-stiklo-duzio-detektoriumi-DS-PDPG12P-EG2-WE-AX-PRO.png\" \/>\n\t<meta property=\"og:image:width\" content=\"800\" \/>\n\t<meta property=\"og:image:height\" content=\"800\" \/>\n\t<meta property=\"og:image:type\" content=\"image\/png\" \/>\n<meta name=\"twitter:card\" content=\"summary_large_image\" \/>\n<meta name=\"twitter:label1\" content=\"Price\" \/>\n\t<meta name=\"twitter:data1\" content=\"68,58&nbsp;&euro;\" \/>\n\t<meta name=\"twitter:label2\" content=\"Availability\" \/>\n\t<meta name=\"twitter:data2\" content=\"In stock\" \/>\n<script type=\"application\/ld+json\" class=\"yoast-schema-graph\">{\"@context\":\"https:\\\/\\\/schema.org\",\"@graph\":[{\"@type\":\"WebPage\",\"@id\":\"https:\\\/\\\/eheating.lt\\\/produktas\\\/hikvision-pir-judesio-jutiklis-su-stiklo-duzio-detektoriumi-ds-pdpg12p-eg2-we-ax-pro\\\/\",\"url\":\"https:\\\/\\\/eheating.lt\\\/produktas\\\/hikvision-pir-judesio-jutiklis-su-stiklo-duzio-detektoriumi-ds-pdpg12p-eg2-we-ax-pro\\\/\",\"name\":\"Hikvision DS-PDPG12P-EG2-WE AX PRO PIR-judesio jutiklis\",\"isPartOf\":{\"@id\":\"https:\\\/\\\/eheating.lt\\\/#website\"},\"primaryImageOfPage\":{\"@id\":\"https:\\\/\\\/eheating.lt\\\/produktas\\\/hikvision-pir-judesio-jutiklis-su-stiklo-duzio-detektoriumi-ds-pdpg12p-eg2-we-ax-pro\\\/#primaryimage\"},\"image\":{\"@id\":\"https:\\\/\\\/eheating.lt\\\/produktas\\\/hikvision-pir-judesio-jutiklis-su-stiklo-duzio-detektoriumi-ds-pdpg12p-eg2-we-ax-pro\\\/#primaryimage\"},\"thumbnailUrl\":\"https:\\\/\\\/eheating.lt\\\/wp-content\\\/uploads\\\/2023\\\/12\\\/Hikvision-PIR-judesio-jutiklis-su-stiklo-duzio-detektoriumi-DS-PDPG12P-EG2-WE-AX-PRO.png\",\"datePublished\":\"2023-10-09T19:33:09+00:00\",\"dateModified\":\"2024-10-18T13:48:40+00:00\",\"description\":\"Hikvision DS-PDPG12P-EG2-WE AX PRO PIR-judesio jutiklis su stiklo d\u016b\u017eio detektoriumi ; Aptikimo atstumas: 12m ; Aptikimo kampas: 85,9\u00b0\",\"breadcrumb\":{\"@id\":\"https:\\\/\\\/eheating.lt\\\/produktas\\\/hikvision-pir-judesio-jutiklis-su-stiklo-duzio-detektoriumi-ds-pdpg12p-eg2-we-ax-pro\\\/#breadcrumb\"},\"inLanguage\":\"en-US\",\"potentialAction\":[{\"@type\":\"ReadAction\",\"target\":[\"https:\\\/\\\/eheating.lt\\\/produktas\\\/hikvision-pir-judesio-jutiklis-su-stiklo-duzio-detektoriumi-ds-pdpg12p-eg2-we-ax-pro\\\/\"]}]},{\"@type\":\"ImageObject\",\"inLanguage\":\"en-US\",\"@id\":\"https:\\\/\\\/eheating.lt\\\/produktas\\\/hikvision-pir-judesio-jutiklis-su-stiklo-duzio-detektoriumi-ds-pdpg12p-eg2-we-ax-pro\\\/#primaryimage\",\"url\":\"https:\\\/\\\/eheating.lt\\\/wp-content\\\/uploads\\\/2023\\\/12\\\/Hikvision-PIR-judesio-jutiklis-su-stiklo-duzio-detektoriumi-DS-PDPG12P-EG2-WE-AX-PRO.png\",\"contentUrl\":\"https:\\\/\\\/eheating.lt\\\/wp-content\\\/uploads\\\/2023\\\/12\\\/Hikvision-PIR-judesio-jutiklis-su-stiklo-duzio-detektoriumi-DS-PDPG12P-EG2-WE-AX-PRO.png\",\"width\":800,\"height\":800},{\"@type\":\"BreadcrumbList\",\"@id\":\"https:\\\/\\\/eheating.lt\\\/produktas\\\/hikvision-pir-judesio-jutiklis-su-stiklo-duzio-detektoriumi-ds-pdpg12p-eg2-we-ax-pro\\\/#breadcrumb\",\"itemListElement\":[{\"@type\":\"ListItem\",\"position\":1,\"name\":\"Prad\u017eia\",\"item\":\"https:\\\/\\\/eheating.lt\\\/en\\\/\"},{\"@type\":\"ListItem\",\"position\":2,\"name\":\"Shop\",\"item\":\"https:\\\/\\\/eheating.lt\\\/en\\\/?page_id=5734\"},{\"@type\":\"ListItem\",\"position\":3,\"name\":\"Hikvision PIR-judesio jutiklis su stiklo d\u016b\u017eio detektoriumi DS-PDPG12P-EG2-WE AX PRO\"}]},{\"@type\":\"WebSite\",\"@id\":\"https:\\\/\\\/eheating.lt\\\/#website\",\"url\":\"https:\\\/\\\/eheating.lt\\\/\",\"name\":\"eHeating\",\"description\":\"Elektronika ir \u0161ildymas\",\"potentialAction\":[{\"@type\":\"SearchAction\",\"target\":{\"@type\":\"EntryPoint\",\"urlTemplate\":\"https:\\\/\\\/eheating.lt\\\/?s={search_term_string}\"},\"query-input\":{\"@type\":\"PropertyValueSpecification\",\"valueRequired\":true,\"valueName\":\"search_term_string\"}}],\"inLanguage\":\"en-US\"}]}<\/script>\n<meta property=\"product:price:amount\" content=\"68.58\" \/>\n<meta property=\"product:price:currency\" content=\"EUR\" \/>\n<meta property=\"og:availability\" content=\"instock\" \/>\n<meta property=\"product:availability\" content=\"instock\" \/>\n<meta property=\"product:retailer_item_id\" content=\"54125a401c9f\" \/>\n<meta property=\"product:condition\" content=\"new\" \/>\n<!-- \/ Yoast SEO Premium plugin. -->","yoast_head_json":{"title":"Hikvision DS-PDPG12P-EG2-WE AX PRO PIR-judesio jutiklis","description":"Hikvision DS-PDPG12P-EG2-WE AX PRO PIR-judesio jutiklis su stiklo d\u016b\u017eio detektoriumi ; Aptikimo atstumas: 12m ; Aptikimo kampas: 85,9\u00b0","robots":{"index":"index","follow":"follow","max-snippet":"max-snippet:-1","max-image-preview":"max-image-preview:large","max-video-preview":"max-video-preview:-1"},"canonical":"https:\/\/eheating.lt\/produktas\/hikvision-pir-judesio-jutiklis-su-stiklo-duzio-detektoriumi-ds-pdpg12p-eg2-we-ax-pro\/","og_locale":"en_US","og_type":"article","og_title":"Hikvision PIR-judesio jutiklis su stiklo d\u016b\u017eio detektoriumi DS-PDPG12P-EG2-WE AX PRO","og_description":"Hikvision DS-PDPG12P-EG2-WE AX PRO PIR-judesio jutiklis su stiklo d\u016b\u017eio detektoriumi ; Aptikimo atstumas: 12m ; Aptikimo kampas: 85,9\u00b0","og_url":"https:\/\/eheating.lt\/produktas\/hikvision-pir-judesio-jutiklis-su-stiklo-duzio-detektoriumi-ds-pdpg12p-eg2-we-ax-pro\/","og_site_name":"Elektronika Namams","article_publisher":"https:\/\/www.facebook.com\/ElektronikaNamams","article_modified_time":"2024-10-18T13:48:40+00:00","og_image":[{"width":800,"height":800,"url":"https:\/\/eheating.lt\/wp-content\/uploads\/2023\/12\/Hikvision-PIR-judesio-jutiklis-su-stiklo-duzio-detektoriumi-DS-PDPG12P-EG2-WE-AX-PRO.png","type":"image\/png"}],"twitter_card":"summary_large_image","twitter_misc":{"Price":"68,58&nbsp;&euro;","Availability":"In stock"},"schema":{"@context":"https:\/\/schema.org","@graph":[{"@type":"WebPage","@id":"https:\/\/eheating.lt\/produktas\/hikvision-pir-judesio-jutiklis-su-stiklo-duzio-detektoriumi-ds-pdpg12p-eg2-we-ax-pro\/","url":"https:\/\/eheating.lt\/produktas\/hikvision-pir-judesio-jutiklis-su-stiklo-duzio-detektoriumi-ds-pdpg12p-eg2-we-ax-pro\/","name":"Hikvision DS-PDPG12P-EG2-WE AX PRO PIR-judesio jutiklis","isPartOf":{"@id":"https:\/\/eheating.lt\/#website"},"primaryImageOfPage":{"@id":"https:\/\/eheating.lt\/produktas\/hikvision-pir-judesio-jutiklis-su-stiklo-duzio-detektoriumi-ds-pdpg12p-eg2-we-ax-pro\/#primaryimage"},"image":{"@id":"https:\/\/eheating.lt\/produktas\/hikvision-pir-judesio-jutiklis-su-stiklo-duzio-detektoriumi-ds-pdpg12p-eg2-we-ax-pro\/#primaryimage"},"thumbnailUrl":"https:\/\/eheating.lt\/wp-content\/uploads\/2023\/12\/Hikvision-PIR-judesio-jutiklis-su-stiklo-duzio-detektoriumi-DS-PDPG12P-EG2-WE-AX-PRO.png","datePublished":"2023-10-09T19:33:09+00:00","dateModified":"2024-10-18T13:48:40+00:00","description":"Hikvision DS-PDPG12P-EG2-WE AX PRO PIR-judesio jutiklis su stiklo d\u016b\u017eio detektoriumi ; Aptikimo atstumas: 12m ; Aptikimo kampas: 85,9\u00b0","breadcrumb":{"@id":"https:\/\/eheating.lt\/produktas\/hikvision-pir-judesio-jutiklis-su-stiklo-duzio-detektoriumi-ds-pdpg12p-eg2-we-ax-pro\/#breadcrumb"},"inLanguage":"en-US","potentialAction":[{"@type":"ReadAction","target":["https:\/\/eheating.lt\/produktas\/hikvision-pir-judesio-jutiklis-su-stiklo-duzio-detektoriumi-ds-pdpg12p-eg2-we-ax-pro\/"]}]},{"@type":"ImageObject","inLanguage":"en-US","@id":"https:\/\/eheating.lt\/produktas\/hikvision-pir-judesio-jutiklis-su-stiklo-duzio-detektoriumi-ds-pdpg12p-eg2-we-ax-pro\/#primaryimage","url":"https:\/\/eheating.lt\/wp-content\/uploads\/2023\/12\/Hikvision-PIR-judesio-jutiklis-su-stiklo-duzio-detektoriumi-DS-PDPG12P-EG2-WE-AX-PRO.png","contentUrl":"https:\/\/eheating.lt\/wp-content\/uploads\/2023\/12\/Hikvision-PIR-judesio-jutiklis-su-stiklo-duzio-detektoriumi-DS-PDPG12P-EG2-WE-AX-PRO.png","width":800,"height":800},{"@type":"BreadcrumbList","@id":"https:\/\/eheating.lt\/produktas\/hikvision-pir-judesio-jutiklis-su-stiklo-duzio-detektoriumi-ds-pdpg12p-eg2-we-ax-pro\/#breadcrumb","itemListElement":[{"@type":"ListItem","position":1,"name":"Prad\u017eia","item":"https:\/\/eheating.lt\/en\/"},{"@type":"ListItem","position":2,"name":"Shop","item":"https:\/\/eheating.lt\/en\/?page_id=5734"},{"@type":"ListItem","position":3,"name":"Hikvision PIR-judesio jutiklis su stiklo d\u016b\u017eio detektoriumi DS-PDPG12P-EG2-WE AX PRO"}]},{"@type":"WebSite","@id":"https:\/\/eheating.lt\/#website","url":"https:\/\/eheating.lt\/","name":"eHeating","description":"Elektronika ir \u0161ildymas","potentialAction":[{"@type":"SearchAction","target":{"@type":"EntryPoint","urlTemplate":"https:\/\/eheating.lt\/?s={search_term_string}"},"query-input":{"@type":"PropertyValueSpecification","valueRequired":true,"valueName":"search_term_string"}}],"inLanguage":"en-US"}]},"product_price_amount":"68.58","product_price_currency":"EUR","og_availability":"instock","product_availability":"instock","product_retailer_item_id":"54125a401c9f","product_condition":"new"},"_links":{"self":[{"href":"https:\/\/eheating.lt\/en\/wp-json\/wp\/v2\/product\/17006","targetHints":{"allow":["GET"]}}],"collection":[{"href":"https:\/\/eheating.lt\/en\/wp-json\/wp\/v2\/product"}],"about":[{"href":"https:\/\/eheating.lt\/en\/wp-json\/wp\/v2\/types\/product"}],"replies":[{"embeddable":true,"href":"https:\/\/eheating.lt\/en\/wp-json\/wp\/v2\/comments?post=17006"}],"version-history":[{"count":0,"href":"https:\/\/eheating.lt\/en\/wp-json\/wp\/v2\/product\/17006\/revisions"}],"wp:featuredmedia":[{"embeddable":true,"href":"https:\/\/eheating.lt\/en\/wp-json\/wp\/v2\/media\/30876"}],"wp:attachment":[{"href":"https:\/\/eheating.lt\/en\/wp-json\/wp\/v2\/media?parent=17006"}],"wp:term":[{"taxonomy":"product_brand","embeddable":true,"href":"https:\/\/eheating.lt\/en\/wp-json\/wp\/v2\/product_brand?post=17006"},{"taxonomy":"product_cat","embeddable":true,"href":"https:\/\/eheating.lt\/en\/wp-json\/wp\/v2\/product_cat?post=17006"},{"taxonomy":"product_tag","embeddable":true,"href":"https:\/\/eheating.lt\/en\/wp-json\/wp\/v2\/product_tag?post=17006"}],"curies":[{"name":"wp","href":"https:\/\/api.w.org\/{rel}","templated":true}]}}