{"id":17002,"date":"2023-10-09T22:33:09","date_gmt":"2023-10-09T19:33:09","guid":{"rendered":"https:\/\/eheating.lt\/?post_type=product&#038;p=17002"},"modified":"2024-10-18T16:48:22","modified_gmt":"2024-10-18T13:48:22","slug":"hikvision-sirena-ds-ps1-e-we-ax-pro-melyna","status":"publish","type":"product","link":"https:\/\/eheating.lt\/en\/produktas\/hikvision-sirena-ds-ps1-e-we-ax-pro-melyna\/","title":{"rendered":"Hikvision sirena DS-PS1-E-WE AX PRO (m\u0117lyna)"},"content":{"rendered":"<div class=\"video-container\" style=\"margin-top: 50px;\"><\/div>\n<div class=\"tech-specs-items-description-wrap\">\n<ul class=\"tech-specs-items-description\" data-target=\"RF transmission\">\n<li class=\"tech-specs-items-description-list\"><span class=\"tech-specs-items-description__title--heading\">RF perdavimas<\/span><\/li>\n<li class=\"tech-specs-items-description-list\"><span class=\"tech-specs-items-description__title\">RF da\u017enis<\/span><span class=\"tech-specs-items-description__title-details\">868 MHz<\/span><\/li>\n<li class=\"tech-specs-items-description-list\"><span class=\"tech-specs-items-description__title\">RF moduliacija<\/span><span class=\"tech-specs-items-description__title-details\">2GFSK<\/span><\/li>\n<li class=\"tech-specs-items-description-list\"><span class=\"tech-specs-items-description__title\">RF nuotolis<\/span><span class=\"tech-specs-items-description__title-details\">1.6 km (open area)<\/span><\/li>\n<\/ul>\n<ul class=\"tech-specs-items-description\" data-target=\"Electrical characteristics\">\n<li class=\"tech-specs-items-description-list\"><span class=\"tech-specs-items-description__title--heading\">Energijos charakteristika<\/span><\/li>\n<li class=\"tech-specs-items-description-list\"><span class=\"tech-specs-items-description__title\">Energijos \u0161altinis<\/span><span class=\"tech-specs-items-description__title-details\">Battery (default power supply method) or 12 VDC<\/span><\/li>\n<li class=\"tech-specs-items-description-list\"><span class=\"tech-specs-items-description__title\">Baterijos tipas<\/span><span class=\"tech-specs-items-description__title-details\">Battery (default power supply method) or 12 VDC<\/span><\/li>\n<li class=\"tech-specs-items-description-list\"><span class=\"tech-specs-items-description__title\">Baterijos veikimo trukm\u0117<\/span><span class=\"tech-specs-items-description__title-details\">3 years in work status<\/span><\/li>\n<\/ul>\n<ul class=\"tech-specs-items-description\" data-target=\"General\">\n<li class=\"tech-specs-items-description-list\"><span class=\"tech-specs-items-description__title--heading\">Pagrindinis<\/span><\/li>\n<li class=\"tech-specs-items-description-list\"><span class=\"tech-specs-items-description__title\">Veikimo temperat\u016bra<\/span><span class=\"tech-specs-items-description__title-details\">-20 \u00b0C to 60 \u00b0C (-4 \u00b0F to 140 \u00b0F)<\/span><\/li>\n<li class=\"tech-specs-items-description-list\"><span class=\"tech-specs-items-description__title\">Atsparumas dr\u0117gmei<\/span><span class=\"tech-specs-items-description__title-details\">10% to 90% (no condensing)<\/span><\/li>\n<li class=\"tech-specs-items-description-list\"><span class=\"tech-specs-items-description__title\">Med\u017eiaga<\/span><span class=\"tech-specs-items-description__title-details\">PC+ABS<\/span><\/li>\n<li class=\"tech-specs-items-description-list\"><span class=\"tech-specs-items-description__title\">Matmenys(WxHxD)<\/span><span class=\"tech-specs-items-description__title-details\">190\u00d7 200 \u00d7 47. 3mm .(7.48&#8243; \u00d77.87&#8243; \u00d7 1.86&#8243;\uff09<\/span><\/li>\n<li class=\"tech-specs-items-description-list\"><span class=\"tech-specs-items-description__title\">IP \u012fvertinimas<\/span><span class=\"tech-specs-items-description__title-details\">IP65<\/span><\/li>\n<li class=\"tech-specs-items-description-list\"><span class=\"tech-specs-items-description__title\">Svoris<\/span><span class=\"tech-specs-items-description__title-details\">606.5 g (21.4 oz)<\/span><\/li>\n<li class=\"tech-specs-items-description-list\"><span class=\"tech-specs-items-description__title\">\u012ediegimo metodas<\/span><span class=\"tech-specs-items-description__title-details\">Wall mounting<\/span><\/li>\n<\/ul>\n<\/div>\n","protected":false},"excerpt":{"rendered":"<ul>\n<li>Veikimo atstumas: 1600m (atviroje erdv\u0117je)<\/li>\n<li>Apsaugos klas\u0117: IP65<\/li>\n<li>Radio da\u017eni\u0173 suderinanumas ir atsparumas elektromagnetiniam triuk\u0161mui<\/li>\n<li>Garso lygis: 90 &#8211; 110 dB<\/li>\n<li>Baterijos tipas: 4 * CR123A baterijos (baterijos prid\u0117tos komplekte, lengvai kei\u010diamos)<\/li>\n<li>Baterijos veikimo laikas: iki 3 met\u0173<\/li>\n<li>868 MHz dvipusis belaidis sujungimas<\/li>\n<\/ul>\n","protected":false},"featured_media":30872,"comment_status":"closed","ping_status":"closed","template":"","meta":[],"product_brand":[],"product_cat":[279,734,731,732],"product_tag":[974],"class_list":{"0":"post-17002","1":"product","2":"type-product","3":"status-publish","4":"has-post-thumbnail","6":"product_cat-apsaugos-sistemos","7":"product_cat-ax-pro-sirenos","8":"product_cat-belaides-apsaugos-sistemos","9":"product_cat-hikvision-ax-pro-belaides-apsaugos-sistemos","10":"product_tag-ean","12":"first","13":"instock","14":"purchasable","15":"product-type-simple"},"yoast_head":"<!-- This site is optimized with the Yoast SEO Premium plugin v21.5 (Yoast SEO v27.4) - https:\/\/yoast.com\/product\/yoast-seo-premium-wordpress\/ -->\n<title>Hikvision sirena DS-PS1-E-WE AX PRO (m\u0117lyna)<\/title>\n<meta name=\"description\" content=\"Hikvision DS-PS1-E-WE AX PRO m\u0117lyna sirena ; Veikimo atstumas: 1600m (atviroje erdv\u0117je) ; Garso lygis: 90 - 110 dB ; Apsaugos klas\u0117: IP65\" \/>\n<meta name=\"robots\" content=\"index, follow, max-snippet:-1, max-image-preview:large, max-video-preview:-1\" \/>\n<link rel=\"canonical\" href=\"https:\/\/eheating.lt\/produktas\/hikvision-sirena-ds-ps1-e-we-ax-pro-melyna\/\" \/>\n<meta property=\"og:locale\" content=\"en_US\" \/>\n<meta property=\"og:type\" content=\"article\" \/>\n<meta property=\"og:title\" content=\"Hikvision sirena DS-PS1-E-WE AX PRO (m\u0117lyna)\" \/>\n<meta property=\"og:description\" content=\"Hikvision DS-PS1-E-WE AX PRO m\u0117lyna sirena ; Veikimo atstumas: 1600m (atviroje erdv\u0117je) ; Garso lygis: 90 - 110 dB ; Apsaugos klas\u0117: IP65\" \/>\n<meta property=\"og:url\" content=\"https:\/\/eheating.lt\/produktas\/hikvision-sirena-ds-ps1-e-we-ax-pro-melyna\/\" \/>\n<meta property=\"og:site_name\" content=\"Elektronika Namams\" \/>\n<meta property=\"article:publisher\" content=\"https:\/\/www.facebook.com\/ElektronikaNamams\" \/>\n<meta property=\"article:modified_time\" content=\"2024-10-18T13:48:22+00:00\" \/>\n<meta property=\"og:image\" content=\"https:\/\/eheating.lt\/wp-content\/uploads\/2023\/12\/Hikvision-sirena-DS-PS1-E-WE-AX-PRO-melyna.png\" \/>\n\t<meta property=\"og:image:width\" content=\"800\" \/>\n\t<meta property=\"og:image:height\" content=\"800\" \/>\n\t<meta property=\"og:image:type\" content=\"image\/png\" \/>\n<meta name=\"twitter:card\" content=\"summary_large_image\" \/>\n<meta name=\"twitter:label1\" content=\"Price\" \/>\n\t<meta name=\"twitter:data1\" content=\"100,68&nbsp;&euro;\" \/>\n\t<meta name=\"twitter:label2\" content=\"Availability\" \/>\n\t<meta name=\"twitter:data2\" content=\"In stock\" \/>\n<script type=\"application\/ld+json\" class=\"yoast-schema-graph\">{\"@context\":\"https:\\\/\\\/schema.org\",\"@graph\":[{\"@type\":\"WebPage\",\"@id\":\"https:\\\/\\\/eheating.lt\\\/produktas\\\/hikvision-sirena-ds-ps1-e-we-ax-pro-melyna\\\/\",\"url\":\"https:\\\/\\\/eheating.lt\\\/produktas\\\/hikvision-sirena-ds-ps1-e-we-ax-pro-melyna\\\/\",\"name\":\"Hikvision sirena DS-PS1-E-WE AX PRO (m\u0117lyna)\",\"isPartOf\":{\"@id\":\"https:\\\/\\\/eheating.lt\\\/#website\"},\"primaryImageOfPage\":{\"@id\":\"https:\\\/\\\/eheating.lt\\\/produktas\\\/hikvision-sirena-ds-ps1-e-we-ax-pro-melyna\\\/#primaryimage\"},\"image\":{\"@id\":\"https:\\\/\\\/eheating.lt\\\/produktas\\\/hikvision-sirena-ds-ps1-e-we-ax-pro-melyna\\\/#primaryimage\"},\"thumbnailUrl\":\"https:\\\/\\\/eheating.lt\\\/wp-content\\\/uploads\\\/2023\\\/12\\\/Hikvision-sirena-DS-PS1-E-WE-AX-PRO-melyna.png\",\"datePublished\":\"2023-10-09T19:33:09+00:00\",\"dateModified\":\"2024-10-18T13:48:22+00:00\",\"description\":\"Hikvision DS-PS1-E-WE AX PRO m\u0117lyna sirena ; Veikimo atstumas: 1600m (atviroje erdv\u0117je) ; Garso lygis: 90 - 110 dB ; Apsaugos klas\u0117: IP65\",\"breadcrumb\":{\"@id\":\"https:\\\/\\\/eheating.lt\\\/produktas\\\/hikvision-sirena-ds-ps1-e-we-ax-pro-melyna\\\/#breadcrumb\"},\"inLanguage\":\"en-US\",\"potentialAction\":[{\"@type\":\"ReadAction\",\"target\":[\"https:\\\/\\\/eheating.lt\\\/produktas\\\/hikvision-sirena-ds-ps1-e-we-ax-pro-melyna\\\/\"]}]},{\"@type\":\"ImageObject\",\"inLanguage\":\"en-US\",\"@id\":\"https:\\\/\\\/eheating.lt\\\/produktas\\\/hikvision-sirena-ds-ps1-e-we-ax-pro-melyna\\\/#primaryimage\",\"url\":\"https:\\\/\\\/eheating.lt\\\/wp-content\\\/uploads\\\/2023\\\/12\\\/Hikvision-sirena-DS-PS1-E-WE-AX-PRO-melyna.png\",\"contentUrl\":\"https:\\\/\\\/eheating.lt\\\/wp-content\\\/uploads\\\/2023\\\/12\\\/Hikvision-sirena-DS-PS1-E-WE-AX-PRO-melyna.png\",\"width\":800,\"height\":800},{\"@type\":\"BreadcrumbList\",\"@id\":\"https:\\\/\\\/eheating.lt\\\/produktas\\\/hikvision-sirena-ds-ps1-e-we-ax-pro-melyna\\\/#breadcrumb\",\"itemListElement\":[{\"@type\":\"ListItem\",\"position\":1,\"name\":\"Prad\u017eia\",\"item\":\"https:\\\/\\\/eheating.lt\\\/en\\\/\"},{\"@type\":\"ListItem\",\"position\":2,\"name\":\"Shop\",\"item\":\"https:\\\/\\\/eheating.lt\\\/en\\\/?page_id=5734\"},{\"@type\":\"ListItem\",\"position\":3,\"name\":\"Hikvision sirena DS-PS1-E-WE AX PRO (m\u0117lyna)\"}]},{\"@type\":\"WebSite\",\"@id\":\"https:\\\/\\\/eheating.lt\\\/#website\",\"url\":\"https:\\\/\\\/eheating.lt\\\/\",\"name\":\"eHeating\",\"description\":\"Elektronika ir \u0161ildymas\",\"potentialAction\":[{\"@type\":\"SearchAction\",\"target\":{\"@type\":\"EntryPoint\",\"urlTemplate\":\"https:\\\/\\\/eheating.lt\\\/?s={search_term_string}\"},\"query-input\":{\"@type\":\"PropertyValueSpecification\",\"valueRequired\":true,\"valueName\":\"search_term_string\"}}],\"inLanguage\":\"en-US\"}]}<\/script>\n<meta property=\"product:price:amount\" content=\"100.68\" \/>\n<meta property=\"product:price:currency\" content=\"EUR\" \/>\n<meta property=\"og:availability\" content=\"instock\" \/>\n<meta property=\"product:availability\" content=\"instock\" \/>\n<meta property=\"product:retailer_item_id\" content=\"b73ee58cd26d\" \/>\n<meta property=\"product:condition\" content=\"new\" \/>\n<!-- \/ Yoast SEO Premium plugin. -->","yoast_head_json":{"title":"Hikvision sirena DS-PS1-E-WE AX PRO (m\u0117lyna)","description":"Hikvision DS-PS1-E-WE AX PRO m\u0117lyna sirena ; Veikimo atstumas: 1600m (atviroje erdv\u0117je) ; Garso lygis: 90 - 110 dB ; Apsaugos klas\u0117: IP65","robots":{"index":"index","follow":"follow","max-snippet":"max-snippet:-1","max-image-preview":"max-image-preview:large","max-video-preview":"max-video-preview:-1"},"canonical":"https:\/\/eheating.lt\/produktas\/hikvision-sirena-ds-ps1-e-we-ax-pro-melyna\/","og_locale":"en_US","og_type":"article","og_title":"Hikvision sirena DS-PS1-E-WE AX PRO (m\u0117lyna)","og_description":"Hikvision DS-PS1-E-WE AX PRO m\u0117lyna sirena ; Veikimo atstumas: 1600m (atviroje erdv\u0117je) ; Garso lygis: 90 - 110 dB ; Apsaugos klas\u0117: IP65","og_url":"https:\/\/eheating.lt\/produktas\/hikvision-sirena-ds-ps1-e-we-ax-pro-melyna\/","og_site_name":"Elektronika Namams","article_publisher":"https:\/\/www.facebook.com\/ElektronikaNamams","article_modified_time":"2024-10-18T13:48:22+00:00","og_image":[{"width":800,"height":800,"url":"https:\/\/eheating.lt\/wp-content\/uploads\/2023\/12\/Hikvision-sirena-DS-PS1-E-WE-AX-PRO-melyna.png","type":"image\/png"}],"twitter_card":"summary_large_image","twitter_misc":{"Price":"100,68&nbsp;&euro;","Availability":"In stock"},"schema":{"@context":"https:\/\/schema.org","@graph":[{"@type":"WebPage","@id":"https:\/\/eheating.lt\/produktas\/hikvision-sirena-ds-ps1-e-we-ax-pro-melyna\/","url":"https:\/\/eheating.lt\/produktas\/hikvision-sirena-ds-ps1-e-we-ax-pro-melyna\/","name":"Hikvision sirena DS-PS1-E-WE AX PRO (m\u0117lyna)","isPartOf":{"@id":"https:\/\/eheating.lt\/#website"},"primaryImageOfPage":{"@id":"https:\/\/eheating.lt\/produktas\/hikvision-sirena-ds-ps1-e-we-ax-pro-melyna\/#primaryimage"},"image":{"@id":"https:\/\/eheating.lt\/produktas\/hikvision-sirena-ds-ps1-e-we-ax-pro-melyna\/#primaryimage"},"thumbnailUrl":"https:\/\/eheating.lt\/wp-content\/uploads\/2023\/12\/Hikvision-sirena-DS-PS1-E-WE-AX-PRO-melyna.png","datePublished":"2023-10-09T19:33:09+00:00","dateModified":"2024-10-18T13:48:22+00:00","description":"Hikvision DS-PS1-E-WE AX PRO m\u0117lyna sirena ; Veikimo atstumas: 1600m (atviroje erdv\u0117je) ; Garso lygis: 90 - 110 dB ; Apsaugos klas\u0117: IP65","breadcrumb":{"@id":"https:\/\/eheating.lt\/produktas\/hikvision-sirena-ds-ps1-e-we-ax-pro-melyna\/#breadcrumb"},"inLanguage":"en-US","potentialAction":[{"@type":"ReadAction","target":["https:\/\/eheating.lt\/produktas\/hikvision-sirena-ds-ps1-e-we-ax-pro-melyna\/"]}]},{"@type":"ImageObject","inLanguage":"en-US","@id":"https:\/\/eheating.lt\/produktas\/hikvision-sirena-ds-ps1-e-we-ax-pro-melyna\/#primaryimage","url":"https:\/\/eheating.lt\/wp-content\/uploads\/2023\/12\/Hikvision-sirena-DS-PS1-E-WE-AX-PRO-melyna.png","contentUrl":"https:\/\/eheating.lt\/wp-content\/uploads\/2023\/12\/Hikvision-sirena-DS-PS1-E-WE-AX-PRO-melyna.png","width":800,"height":800},{"@type":"BreadcrumbList","@id":"https:\/\/eheating.lt\/produktas\/hikvision-sirena-ds-ps1-e-we-ax-pro-melyna\/#breadcrumb","itemListElement":[{"@type":"ListItem","position":1,"name":"Prad\u017eia","item":"https:\/\/eheating.lt\/en\/"},{"@type":"ListItem","position":2,"name":"Shop","item":"https:\/\/eheating.lt\/en\/?page_id=5734"},{"@type":"ListItem","position":3,"name":"Hikvision sirena DS-PS1-E-WE AX PRO (m\u0117lyna)"}]},{"@type":"WebSite","@id":"https:\/\/eheating.lt\/#website","url":"https:\/\/eheating.lt\/","name":"eHeating","description":"Elektronika ir \u0161ildymas","potentialAction":[{"@type":"SearchAction","target":{"@type":"EntryPoint","urlTemplate":"https:\/\/eheating.lt\/?s={search_term_string}"},"query-input":{"@type":"PropertyValueSpecification","valueRequired":true,"valueName":"search_term_string"}}],"inLanguage":"en-US"}]},"product_price_amount":"100.68","product_price_currency":"EUR","og_availability":"instock","product_availability":"instock","product_retailer_item_id":"b73ee58cd26d","product_condition":"new"},"_links":{"self":[{"href":"https:\/\/eheating.lt\/en\/wp-json\/wp\/v2\/product\/17002","targetHints":{"allow":["GET"]}}],"collection":[{"href":"https:\/\/eheating.lt\/en\/wp-json\/wp\/v2\/product"}],"about":[{"href":"https:\/\/eheating.lt\/en\/wp-json\/wp\/v2\/types\/product"}],"replies":[{"embeddable":true,"href":"https:\/\/eheating.lt\/en\/wp-json\/wp\/v2\/comments?post=17002"}],"version-history":[{"count":0,"href":"https:\/\/eheating.lt\/en\/wp-json\/wp\/v2\/product\/17002\/revisions"}],"wp:featuredmedia":[{"embeddable":true,"href":"https:\/\/eheating.lt\/en\/wp-json\/wp\/v2\/media\/30872"}],"wp:attachment":[{"href":"https:\/\/eheating.lt\/en\/wp-json\/wp\/v2\/media?parent=17002"}],"wp:term":[{"taxonomy":"product_brand","embeddable":true,"href":"https:\/\/eheating.lt\/en\/wp-json\/wp\/v2\/product_brand?post=17002"},{"taxonomy":"product_cat","embeddable":true,"href":"https:\/\/eheating.lt\/en\/wp-json\/wp\/v2\/product_cat?post=17002"},{"taxonomy":"product_tag","embeddable":true,"href":"https:\/\/eheating.lt\/en\/wp-json\/wp\/v2\/product_tag?post=17002"}],"curies":[{"name":"wp","href":"https:\/\/api.w.org\/{rel}","templated":true}]}}