{"id":16978,"date":"2023-12-28T15:23:11","date_gmt":"2023-12-28T13:23:11","guid":{"rendered":"https:\/\/eheating.lt\/?post_type=product&#038;p=16978"},"modified":"2024-10-18T16:47:58","modified_gmt":"2024-10-18T13:47:58","slug":"veido-atpazinimo-ir-laiko-apskaitos-terminalas-hikvision-ds-k1t341am","status":"publish","type":"product","link":"https:\/\/eheating.lt\/en\/produktas\/veido-atpazinimo-ir-laiko-apskaitos-terminalas-hikvision-ds-k1t341am\/","title":{"rendered":"Veido atpa\u017einimo ir laiko apskaitos terminalas"},"content":{"rendered":"<table style=\"width: 495px;\" border=\"0\">\n<colgroup>\n<col \/>\n<col \/>\n<col \/>\n<col \/>\n<col \/> <\/colgroup>\n<tbody>\n<tr>\n<td class=\"xl64\" colspan=\"2\">Model<\/td>\n<td class=\"xl64\" colspan=\"2\">DS-K1T341AM<\/td>\n<td class=\"xl64\">DS-K1T341AMF<\/td>\n<\/tr>\n<tr>\n<td class=\"xl64\">System<\/td>\n<td class=\"xl64\">Operation system<\/td>\n<td class=\"xl64\" colspan=\"3\">Linux<\/td>\n<\/tr>\n<tr>\n<td class=\"xl65\" rowspan=\"3\">Screen<\/td>\n<td class=\"xl64\">Size<\/td>\n<td class=\"xl64\" colspan=\"3\">4.3-inch<\/td>\n<\/tr>\n<tr>\n<td class=\"xl64\">Resolution<\/td>\n<td class=\"xl64\" colspan=\"3\">800 \u00d7 480<\/td>\n<\/tr>\n<tr>\n<td class=\"xl64\">Operation method<\/td>\n<td class=\"xl64\" colspan=\"3\">Capacitive touch screen<\/td>\n<\/tr>\n<tr>\n<td class=\"xl65\" rowspan=\"4\">Camera<\/td>\n<td class=\"xl64\">Resolution<\/td>\n<td class=\"xl64\" colspan=\"3\">2 MP<\/td>\n<\/tr>\n<tr>\n<td class=\"xl64\">WDR<\/td>\n<td class=\"xl64\" colspan=\"3\">Support<\/td>\n<\/tr>\n<tr>\n<td class=\"xl64\">Lens<\/td>\n<td class=\"xl64\" colspan=\"3\">\u00d7 2<\/td>\n<\/tr>\n<tr>\n<td class=\"xl64\">Video standard<\/td>\n<td class=\"xl64\" colspan=\"3\">PAL (Default) and NTSC<\/td>\n<\/tr>\n<tr>\n<td class=\"xl65\" rowspan=\"3\">Audio<\/td>\n<td class=\"xl64\">Audio input<\/td>\n<td class=\"xl64\" colspan=\"3\">Built-in omnidirectional microphone<\/td>\n<\/tr>\n<tr>\n<td class=\"xl64\">Audio output<\/td>\n<td class=\"xl64\" colspan=\"3\">Built-in loudspeaker<\/td>\n<\/tr>\n<tr>\n<td class=\"xl64\">Volume adjustment<\/td>\n<td class=\"xl64\" colspan=\"3\">Adjust via device or client<\/td>\n<\/tr>\n<tr>\n<td class=\"xl64\" rowspan=\"2\">Network<\/td>\n<td class=\"xl64\">Wired network<\/td>\n<td class=\"xl64\" colspan=\"3\">10 M\/100 M\/1000 M self-adaptive<\/td>\n<\/tr>\n<tr>\n<td class=\"xl64\">Communication protocol<\/td>\n<td class=\"xl64\" colspan=\"3\">EHome 5.0<\/td>\n<\/tr>\n<tr>\n<td class=\"xl65\" rowspan=\"9\">Interface<\/td>\n<td class=\"xl64\">Network interface<\/td>\n<td class=\"xl64\" colspan=\"3\">\u00d7 1, RJ45<\/td>\n<\/tr>\n<tr>\n<td class=\"xl64\">RS-485<\/td>\n<td class=\"xl64\" colspan=\"3\">\u00d7 1<\/td>\n<\/tr>\n<tr>\n<td class=\"xl64\">Wiegand<\/td>\n<td class=\"xl64\" colspan=\"3\">Wiegand 26 and Wiegand 34<\/td>\n<\/tr>\n<tr>\n<td class=\"xl64\">Lock output<\/td>\n<td class=\"xl64\" colspan=\"3\">\u00d7 1<\/td>\n<\/tr>\n<tr>\n<td class=\"xl64\">Exit button<\/td>\n<td class=\"xl64\" colspan=\"3\">\u00d7 1<\/td>\n<\/tr>\n<tr>\n<td class=\"xl64\">Door contact input<\/td>\n<td class=\"xl64\" colspan=\"3\">\u00d7 1<\/td>\n<\/tr>\n<tr>\n<td class=\"xl64\">Power interface<\/td>\n<td class=\"xl64\" colspan=\"3\">\u00d7 1<\/td>\n<\/tr>\n<tr>\n<td class=\"xl64\">TAMPER<\/td>\n<td class=\"xl64\" colspan=\"3\">\u00d7 1<\/td>\n<\/tr>\n<tr>\n<td class=\"xl64\">USB<\/td>\n<td class=\"xl64\" colspan=\"3\">\u00d7 1, USB2.0<\/td>\n<\/tr>\n<tr>\n<td class=\"xl65\" rowspan=\"4\">Capacity<\/td>\n<td class=\"xl64\">Card capacity<\/td>\n<td class=\"xl66\" colspan=\"3\">1500<\/td>\n<\/tr>\n<tr>\n<td class=\"xl64\">Face capacity<\/td>\n<td class=\"xl66\" colspan=\"3\">1500<\/td>\n<\/tr>\n<tr>\n<td class=\"xl64\">Fingerprint capacity<\/td>\n<td class=\"xl64\" colspan=\"2\">\/<\/td>\n<td class=\"xl66\">1500<\/td>\n<\/tr>\n<tr>\n<td class=\"xl64\">Event capacity<\/td>\n<td class=\"xl67\" colspan=\"3\">150.000<\/td>\n<\/tr>\n<tr>\n<td class=\"xl65\" rowspan=\"4\">Authentication<\/td>\n<td class=\"xl64\">Card type<\/td>\n<td class=\"xl64\" colspan=\"3\">Mifare 1<\/td>\n<\/tr>\n<tr>\n<td class=\"xl64\">Card reading distance<\/td>\n<td class=\"xl64\" colspan=\"3\">0 to 3 cm<\/td>\n<\/tr>\n<tr>\n<td class=\"xl64\">Card reading duration<\/td>\n<td class=\"xl63\" colspan=\"3\"><span class=\"font5\">\uff1c 1 s<\/span><\/td>\n<\/tr>\n<tr>\n<td class=\"xl64\">Face recognition duration<\/td>\n<td class=\"xl63\" colspan=\"3\"><span class=\"font5\">\uff1c 0.2 s<\/span><\/td>\n<\/tr>\n<tr>\n<td class=\"xl63\" rowspan=\"2\"><\/td>\n<td class=\"xl64\">Face recognition distance<\/td>\n<td class=\"xl64\" colspan=\"3\">0.3 to 1.5 m<\/td>\n<\/tr>\n<tr>\n<td class=\"xl63\"><span class=\"font5\">Fingerprint Recognition<br \/>\nduration<\/span><\/td>\n<td class=\"xl64\" colspan=\"2\">\/<\/td>\n<td class=\"xl63\"><span class=\"font5\">\uff1c 1 s<\/span><\/td>\n<\/tr>\n<tr>\n<td class=\"xl65\" rowspan=\"4\">Function<\/td>\n<td class=\"xl64\">Face anti-spoofing<\/td>\n<td class=\"xl64\" colspan=\"3\">Support<\/td>\n<\/tr>\n<tr>\n<td class=\"xl64\">Live view<\/td>\n<td class=\"xl64\" colspan=\"3\">Supports live view on the platform, H.264<\/td>\n<\/tr>\n<tr>\n<td class=\"xl64\">Face recognition<\/td>\n<td class=\"xl64\" colspan=\"3\">Supports face recognition in low illumination<\/td>\n<\/tr>\n<tr>\n<td class=\"xl64\">Access control management<\/td>\n<td class=\"xl64\" colspan=\"3\">Supports multiple authentication methods<\/td>\n<\/tr>\n<tr>\n<td class=\"xl65\" rowspan=\"4\">Others<\/td>\n<td class=\"xl64\">power supply<\/td>\n<td class=\"xl64\" colspan=\"3\">12 VDC, 2 A<\/td>\n<\/tr>\n<tr>\n<td class=\"xl64\">Working temperature<\/td>\n<td class=\"xl64\" colspan=\"3\">-30 \u00b0C to 60 \u00b0C (-22 \u00b0F to 140 \u00b0F)<\/td>\n<\/tr>\n<tr>\n<td class=\"xl64\">Working humidity<\/td>\n<td class=\"xl64\" colspan=\"3\">0 to 90% (No condensing)<\/td>\n<\/tr>\n<tr>\n<td class=\"xl64\">Protective level<\/td>\n<td class=\"xl64\" colspan=\"3\">IP65<\/td>\n<\/tr>\n<\/tbody>\n<\/table>\n","protected":false},"excerpt":{"rendered":"<ul>\n<li>Veido atpa\u017einimo ir laiko apskaitos terminalas<\/li>\n<li>Atpa\u017einimo laikas &lt;=0.2s<\/li>\n<li>Atmintis 300 veid\u0173<\/li>\n<li>Vidaus<\/li>\n<li>TCP\/IP<\/li>\n<li>12 VDC\/3 A<\/li>\n<\/ul>\n","protected":false},"featured_media":30721,"comment_status":"closed","ping_status":"closed","template":"","meta":[],"product_brand":[],"product_cat":[772,771],"product_tag":[975],"class_list":{"0":"post-16978","1":"product","2":"type-product","3":"status-publish","4":"has-post-thumbnail","6":"product_cat-hikvision-access-control","7":"product_cat-access-control-systems","8":"product_tag-ean-en","10":"first","11":"instock","12":"purchasable","13":"product-type-simple"},"yoast_head":"<!-- This site is optimized with the Yoast SEO Premium plugin v21.5 (Yoast SEO v27.3) - https:\/\/yoast.com\/product\/yoast-seo-premium-wordpress\/ -->\n<title>Veido atpa\u017einimo terminalas Hikvision DS-K1T341AM<\/title>\n<meta name=\"description\" content=\"Hikvision DS-K1T341AM veido atpa\u017einimo ir laiko apskaitos terminalas ; Atpa\u017einimo laikas &lt;=0.2s ; Atmintis 300 veid\u0173 ; TCP\/IP ; 12 VDC\/3 A\" \/>\n<meta name=\"robots\" content=\"index, follow, max-snippet:-1, max-image-preview:large, max-video-preview:-1\" \/>\n<link rel=\"canonical\" href=\"https:\/\/eheating.lt\/en\/produktas\/veido-atpazinimo-ir-laiko-apskaitos-terminalas-hikvision-ds-k1t341am\/\" \/>\n<meta property=\"og:locale\" content=\"en_US\" \/>\n<meta property=\"og:type\" content=\"article\" \/>\n<meta property=\"og:title\" content=\"Veido atpa\u017einimo ir laiko apskaitos terminalas Hikvision DS-K1T341AM\" \/>\n<meta property=\"og:description\" content=\"Hikvision DS-K1T341AM veido atpa\u017einimo ir laiko apskaitos terminalas ; Atpa\u017einimo laikas &lt;=0.2s ; Atmintis 300 veid\u0173 ; TCP\/IP ; 12 VDC\/3 A\" \/>\n<meta property=\"og:url\" content=\"https:\/\/eheating.lt\/en\/produktas\/veido-atpazinimo-ir-laiko-apskaitos-terminalas-hikvision-ds-k1t341am\/\" \/>\n<meta property=\"og:site_name\" content=\"Elektronika Namams\" \/>\n<meta property=\"article:publisher\" content=\"https:\/\/www.facebook.com\/ElektronikaNamams\" \/>\n<meta property=\"article:modified_time\" content=\"2024-10-18T13:47:58+00:00\" \/>\n<meta property=\"og:image\" content=\"https:\/\/eheating.lt\/wp-content\/uploads\/2023\/10\/Veido-atpazinimo-ir-laiko-apskaitos-terminalas-Hikvision-DS-K1T341AM.png\" \/>\n\t<meta property=\"og:image:width\" content=\"800\" \/>\n\t<meta property=\"og:image:height\" content=\"800\" \/>\n\t<meta property=\"og:image:type\" content=\"image\/png\" \/>\n<meta name=\"twitter:card\" content=\"summary_large_image\" \/>\n<meta name=\"twitter:label1\" content=\"Price\" \/>\n\t<meta name=\"twitter:data1\" content=\"527,64&nbsp;&euro;\" \/>\n\t<meta name=\"twitter:label2\" content=\"Availability\" \/>\n\t<meta name=\"twitter:data2\" content=\"In stock\" \/>\n<script type=\"application\/ld+json\" class=\"yoast-schema-graph\">{\"@context\":\"https:\\\/\\\/schema.org\",\"@graph\":[{\"@type\":\"WebPage\",\"@id\":\"https:\\\/\\\/eheating.lt\\\/en\\\/produktas\\\/veido-atpazinimo-ir-laiko-apskaitos-terminalas-hikvision-ds-k1t341am\\\/\",\"url\":\"https:\\\/\\\/eheating.lt\\\/en\\\/produktas\\\/veido-atpazinimo-ir-laiko-apskaitos-terminalas-hikvision-ds-k1t341am\\\/\",\"name\":\"Veido atpa\u017einimo terminalas Hikvision DS-K1T341AM\",\"isPartOf\":{\"@id\":\"https:\\\/\\\/eheating.lt\\\/#website\"},\"primaryImageOfPage\":{\"@id\":\"https:\\\/\\\/eheating.lt\\\/en\\\/produktas\\\/veido-atpazinimo-ir-laiko-apskaitos-terminalas-hikvision-ds-k1t341am\\\/#primaryimage\"},\"image\":{\"@id\":\"https:\\\/\\\/eheating.lt\\\/en\\\/produktas\\\/veido-atpazinimo-ir-laiko-apskaitos-terminalas-hikvision-ds-k1t341am\\\/#primaryimage\"},\"thumbnailUrl\":\"https:\\\/\\\/eheating.lt\\\/wp-content\\\/uploads\\\/2023\\\/10\\\/Veido-atpazinimo-ir-laiko-apskaitos-terminalas-Hikvision-DS-K1T341AM.png\",\"datePublished\":\"2023-12-28T13:23:11+00:00\",\"dateModified\":\"2024-10-18T13:47:58+00:00\",\"description\":\"Hikvision DS-K1T341AM veido atpa\u017einimo ir laiko apskaitos terminalas ; Atpa\u017einimo laikas &lt;=0.2s ; Atmintis 300 veid\u0173 ; TCP\\\/IP ; 12 VDC\\\/3 A\",\"breadcrumb\":{\"@id\":\"https:\\\/\\\/eheating.lt\\\/en\\\/produktas\\\/veido-atpazinimo-ir-laiko-apskaitos-terminalas-hikvision-ds-k1t341am\\\/#breadcrumb\"},\"inLanguage\":\"en-US\",\"potentialAction\":[{\"@type\":\"ReadAction\",\"target\":[\"https:\\\/\\\/eheating.lt\\\/en\\\/produktas\\\/veido-atpazinimo-ir-laiko-apskaitos-terminalas-hikvision-ds-k1t341am\\\/\"]}]},{\"@type\":\"ImageObject\",\"inLanguage\":\"en-US\",\"@id\":\"https:\\\/\\\/eheating.lt\\\/en\\\/produktas\\\/veido-atpazinimo-ir-laiko-apskaitos-terminalas-hikvision-ds-k1t341am\\\/#primaryimage\",\"url\":\"https:\\\/\\\/eheating.lt\\\/wp-content\\\/uploads\\\/2023\\\/10\\\/Veido-atpazinimo-ir-laiko-apskaitos-terminalas-Hikvision-DS-K1T341AM.png\",\"contentUrl\":\"https:\\\/\\\/eheating.lt\\\/wp-content\\\/uploads\\\/2023\\\/10\\\/Veido-atpazinimo-ir-laiko-apskaitos-terminalas-Hikvision-DS-K1T341AM.png\",\"width\":800,\"height\":800,\"caption\":\"Hikvision DS-K1T341AM\"},{\"@type\":\"BreadcrumbList\",\"@id\":\"https:\\\/\\\/eheating.lt\\\/en\\\/produktas\\\/veido-atpazinimo-ir-laiko-apskaitos-terminalas-hikvision-ds-k1t341am\\\/#breadcrumb\",\"itemListElement\":[{\"@type\":\"ListItem\",\"position\":1,\"name\":\"Prad\u017eia\",\"item\":\"https:\\\/\\\/eheating.lt\\\/en\\\/\"},{\"@type\":\"ListItem\",\"position\":2,\"name\":\"Shop\",\"item\":\"https:\\\/\\\/eheating.lt\\\/en\\\/?page_id=5734\"},{\"@type\":\"ListItem\",\"position\":3,\"name\":\"Veido atpa\u017einimo ir laiko apskaitos terminalas Hikvision DS-K1T341AM\"}]},{\"@type\":\"WebSite\",\"@id\":\"https:\\\/\\\/eheating.lt\\\/#website\",\"url\":\"https:\\\/\\\/eheating.lt\\\/\",\"name\":\"eHeating\",\"description\":\"Elektronika ir \u0161ildymas\",\"potentialAction\":[{\"@type\":\"SearchAction\",\"target\":{\"@type\":\"EntryPoint\",\"urlTemplate\":\"https:\\\/\\\/eheating.lt\\\/?s={search_term_string}\"},\"query-input\":{\"@type\":\"PropertyValueSpecification\",\"valueRequired\":true,\"valueName\":\"search_term_string\"}}],\"inLanguage\":\"en-US\"}]}<\/script>\n<meta property=\"product:price:amount\" content=\"527.64\" \/>\n<meta property=\"product:price:currency\" content=\"EUR\" \/>\n<meta property=\"og:availability\" content=\"instock\" \/>\n<meta property=\"product:availability\" content=\"instock\" \/>\n<meta property=\"product:retailer_item_id\" content=\"c0771c647041\" \/>\n<meta property=\"product:condition\" content=\"new\" \/>\n<!-- \/ Yoast SEO Premium plugin. -->","yoast_head_json":{"title":"Veido atpa\u017einimo terminalas Hikvision DS-K1T341AM","description":"Hikvision DS-K1T341AM veido atpa\u017einimo ir laiko apskaitos terminalas ; Atpa\u017einimo laikas &lt;=0.2s ; Atmintis 300 veid\u0173 ; TCP\/IP ; 12 VDC\/3 A","robots":{"index":"index","follow":"follow","max-snippet":"max-snippet:-1","max-image-preview":"max-image-preview:large","max-video-preview":"max-video-preview:-1"},"canonical":"https:\/\/eheating.lt\/en\/produktas\/veido-atpazinimo-ir-laiko-apskaitos-terminalas-hikvision-ds-k1t341am\/","og_locale":"en_US","og_type":"article","og_title":"Veido atpa\u017einimo ir laiko apskaitos terminalas Hikvision DS-K1T341AM","og_description":"Hikvision DS-K1T341AM veido atpa\u017einimo ir laiko apskaitos terminalas ; Atpa\u017einimo laikas &lt;=0.2s ; Atmintis 300 veid\u0173 ; TCP\/IP ; 12 VDC\/3 A","og_url":"https:\/\/eheating.lt\/en\/produktas\/veido-atpazinimo-ir-laiko-apskaitos-terminalas-hikvision-ds-k1t341am\/","og_site_name":"Elektronika Namams","article_publisher":"https:\/\/www.facebook.com\/ElektronikaNamams","article_modified_time":"2024-10-18T13:47:58+00:00","og_image":[{"width":800,"height":800,"url":"https:\/\/eheating.lt\/wp-content\/uploads\/2023\/10\/Veido-atpazinimo-ir-laiko-apskaitos-terminalas-Hikvision-DS-K1T341AM.png","type":"image\/png"}],"twitter_card":"summary_large_image","twitter_misc":{"Price":"527,64&nbsp;&euro;","Availability":"In stock"},"schema":{"@context":"https:\/\/schema.org","@graph":[{"@type":"WebPage","@id":"https:\/\/eheating.lt\/en\/produktas\/veido-atpazinimo-ir-laiko-apskaitos-terminalas-hikvision-ds-k1t341am\/","url":"https:\/\/eheating.lt\/en\/produktas\/veido-atpazinimo-ir-laiko-apskaitos-terminalas-hikvision-ds-k1t341am\/","name":"Veido atpa\u017einimo terminalas Hikvision DS-K1T341AM","isPartOf":{"@id":"https:\/\/eheating.lt\/#website"},"primaryImageOfPage":{"@id":"https:\/\/eheating.lt\/en\/produktas\/veido-atpazinimo-ir-laiko-apskaitos-terminalas-hikvision-ds-k1t341am\/#primaryimage"},"image":{"@id":"https:\/\/eheating.lt\/en\/produktas\/veido-atpazinimo-ir-laiko-apskaitos-terminalas-hikvision-ds-k1t341am\/#primaryimage"},"thumbnailUrl":"https:\/\/eheating.lt\/wp-content\/uploads\/2023\/10\/Veido-atpazinimo-ir-laiko-apskaitos-terminalas-Hikvision-DS-K1T341AM.png","datePublished":"2023-12-28T13:23:11+00:00","dateModified":"2024-10-18T13:47:58+00:00","description":"Hikvision DS-K1T341AM veido atpa\u017einimo ir laiko apskaitos terminalas ; Atpa\u017einimo laikas &lt;=0.2s ; Atmintis 300 veid\u0173 ; TCP\/IP ; 12 VDC\/3 A","breadcrumb":{"@id":"https:\/\/eheating.lt\/en\/produktas\/veido-atpazinimo-ir-laiko-apskaitos-terminalas-hikvision-ds-k1t341am\/#breadcrumb"},"inLanguage":"en-US","potentialAction":[{"@type":"ReadAction","target":["https:\/\/eheating.lt\/en\/produktas\/veido-atpazinimo-ir-laiko-apskaitos-terminalas-hikvision-ds-k1t341am\/"]}]},{"@type":"ImageObject","inLanguage":"en-US","@id":"https:\/\/eheating.lt\/en\/produktas\/veido-atpazinimo-ir-laiko-apskaitos-terminalas-hikvision-ds-k1t341am\/#primaryimage","url":"https:\/\/eheating.lt\/wp-content\/uploads\/2023\/10\/Veido-atpazinimo-ir-laiko-apskaitos-terminalas-Hikvision-DS-K1T341AM.png","contentUrl":"https:\/\/eheating.lt\/wp-content\/uploads\/2023\/10\/Veido-atpazinimo-ir-laiko-apskaitos-terminalas-Hikvision-DS-K1T341AM.png","width":800,"height":800,"caption":"Hikvision DS-K1T341AM"},{"@type":"BreadcrumbList","@id":"https:\/\/eheating.lt\/en\/produktas\/veido-atpazinimo-ir-laiko-apskaitos-terminalas-hikvision-ds-k1t341am\/#breadcrumb","itemListElement":[{"@type":"ListItem","position":1,"name":"Prad\u017eia","item":"https:\/\/eheating.lt\/en\/"},{"@type":"ListItem","position":2,"name":"Shop","item":"https:\/\/eheating.lt\/en\/?page_id=5734"},{"@type":"ListItem","position":3,"name":"Veido atpa\u017einimo ir laiko apskaitos terminalas Hikvision DS-K1T341AM"}]},{"@type":"WebSite","@id":"https:\/\/eheating.lt\/#website","url":"https:\/\/eheating.lt\/","name":"eHeating","description":"Elektronika ir \u0161ildymas","potentialAction":[{"@type":"SearchAction","target":{"@type":"EntryPoint","urlTemplate":"https:\/\/eheating.lt\/?s={search_term_string}"},"query-input":{"@type":"PropertyValueSpecification","valueRequired":true,"valueName":"search_term_string"}}],"inLanguage":"en-US"}]},"product_price_amount":"527.64","product_price_currency":"EUR","og_availability":"instock","product_availability":"instock","product_retailer_item_id":"c0771c647041","product_condition":"new"},"_links":{"self":[{"href":"https:\/\/eheating.lt\/en\/wp-json\/wp\/v2\/product\/16978","targetHints":{"allow":["GET"]}}],"collection":[{"href":"https:\/\/eheating.lt\/en\/wp-json\/wp\/v2\/product"}],"about":[{"href":"https:\/\/eheating.lt\/en\/wp-json\/wp\/v2\/types\/product"}],"replies":[{"embeddable":true,"href":"https:\/\/eheating.lt\/en\/wp-json\/wp\/v2\/comments?post=16978"}],"version-history":[{"count":0,"href":"https:\/\/eheating.lt\/en\/wp-json\/wp\/v2\/product\/16978\/revisions"}],"wp:featuredmedia":[{"embeddable":true,"href":"https:\/\/eheating.lt\/en\/wp-json\/wp\/v2\/media\/30721"}],"wp:attachment":[{"href":"https:\/\/eheating.lt\/en\/wp-json\/wp\/v2\/media?parent=16978"}],"wp:term":[{"taxonomy":"product_brand","embeddable":true,"href":"https:\/\/eheating.lt\/en\/wp-json\/wp\/v2\/product_brand?post=16978"},{"taxonomy":"product_cat","embeddable":true,"href":"https:\/\/eheating.lt\/en\/wp-json\/wp\/v2\/product_cat?post=16978"},{"taxonomy":"product_tag","embeddable":true,"href":"https:\/\/eheating.lt\/en\/wp-json\/wp\/v2\/product_tag?post=16978"}],"curies":[{"name":"wp","href":"https:\/\/api.w.org\/{rel}","templated":true}]}}