{"id":16858,"date":"2023-12-28T15:23:13","date_gmt":"2023-12-28T13:23:13","guid":{"rendered":"https:\/\/eheating.lt\/?post_type=product&#038;p=16858"},"modified":"2024-10-18T16:45:34","modified_gmt":"2024-10-18T13:45:34","slug":"veidu-skaitytuvas-su-karsciavimo-aptikimu-hikvision-ds-k1t671tm-3xf","status":"publish","type":"product","link":"https:\/\/eheating.lt\/en\/produktas\/veidu-skaitytuvas-su-karsciavimo-aptikimu-hikvision-ds-k1t671tm-3xf\/","title":{"rendered":"Veid\u0173 skaitytuvas su kar\u0161\u010diavimo aptikimu Hikvision"},"content":{"rendered":"<table border=\"0\">\n<colgroup>\n<col \/>\n<col \/> <\/colgroup>\n<tbody>\n<tr>\n<td>Temperat\u016bros matavimo diapazonas<\/td>\n<td>Nuo 30 \u00b0C iki 45 \u00b0C<\/td>\n<\/tr>\n<tr>\n<td>Sensorius<\/td>\n<td>Vanad\u017eio oksido neat\u0161aldytas jutiklis<\/td>\n<\/tr>\n<tr>\n<td>Rai\u0161ka<\/td>\n<td>120 \u00d7 160<\/td>\n<\/tr>\n<tr>\n<td>Kadr\u0173 skai\u010dius<\/td>\n<td>25 kps<\/td>\n<\/tr>\n<tr>\n<td>Matavimo tikslumas<\/td>\n<td>0.1 \u00b0C<\/td>\n<\/tr>\n<tr>\n<td>Matavimo nuokrypis<\/td>\n<td>\u00b1 0.5 \u00b0C, be kalibratoriaus<\/td>\n<\/tr>\n<tr>\n<td>Matavimo atstumas<\/td>\n<td>Nuo 0.3 iki 2 m<\/td>\n<\/tr>\n<tr>\n<td>Ekrano dydis<\/td>\n<td>7 coliai<\/td>\n<\/tr>\n<tr>\n<td>Ekrano tipas<\/td>\n<td>Lie\u010diamas<\/td>\n<\/tr>\n<tr>\n<td>Valdymo b\u016bdas<\/td>\n<td>Lie\u010diamas ekranas<\/td>\n<\/tr>\n<tr>\n<td>Kameros rai\u0161ka<\/td>\n<td>2 MP<\/td>\n<\/tr>\n<tr>\n<td>Objektyvas<\/td>\n<td>Dviguba linz\u0117<\/td>\n<\/tr>\n<tr>\n<td>Laidinis tinklas<\/td>\n<td>Palaikymas, 10\/100\/1000 Mbps savaime pritaikomas<\/td>\n<\/tr>\n<tr>\n<td>Tinklo jungtis<\/td>\n<td>1<\/td>\n<\/tr>\n<tr>\n<td>RS-485<\/td>\n<td>1<\/td>\n<\/tr>\n<tr>\n<td>Wiegand<\/td>\n<td>1<\/td>\n<\/tr>\n<tr>\n<td>U\u017erakinimo i\u0161\u0117jimas<\/td>\n<td>1<\/td>\n<\/tr>\n<tr>\n<td>I\u0161\u0117jimo mygtukas<\/td>\n<td>1<\/td>\n<\/tr>\n<tr>\n<td>Dur\u0173 kontakto \u012f\u0117jimas<\/td>\n<td>1<\/td>\n<\/tr>\n<tr>\n<td>TAMPER<\/td>\n<td>1<\/td>\n<\/tr>\n<tr>\n<td>Korteli\u0173 atmintis<\/td>\n<td>50.000<\/td>\n<\/tr>\n<tr>\n<td>Veid\u0173 atmintis<\/td>\n<td>50.000<\/td>\n<\/tr>\n<tr>\n<td>\u012evyki\u0173 atmintis<\/td>\n<td>100.000<\/td>\n<\/tr>\n<tr>\n<td>Kortel\u0117s tipas<\/td>\n<td>Mifare<\/td>\n<\/tr>\n<tr>\n<td>Kortel\u0117s nuskaitymo atstumas<\/td>\n<td>Nuo 0 iki 5 cm<\/td>\n<\/tr>\n<tr>\n<td>Kortel\u0117s nuskaitymo laikas<\/td>\n<td>&lt; 0.1<\/td>\n<\/tr>\n<tr>\n<td>Veido atpa\u017einimo laikas<\/td>\n<td>&lt; 0.2 s asmeniui<\/td>\n<\/tr>\n<tr>\n<td>Veido atpa\u017einmo atstumas<\/td>\n<td>Nuo 0.3 iki 2 m<\/td>\n<\/tr>\n<tr>\n<td>Apsauga nuo apgaul\u0117s veido atpa\u017einimui<\/td>\n<td>Taip<\/td>\n<\/tr>\n<tr>\n<td>Garsas<\/td>\n<td>Taip<\/td>\n<\/tr>\n<tr>\n<td>Maitinimas<\/td>\n<td>12 VDC\/2 A<\/td>\n<\/tr>\n<tr>\n<td>Darbin\u0117 temperat\u016bra<\/td>\n<td>Nuo 0 \u00b0C iki 50 \u00b0C<br \/>\nTemperat\u016bros matavimui: Nuo 10 \u00b0C iki 35 \u00b0C<\/td>\n<\/tr>\n<tr>\n<td>Darbin\u0117 dr\u0117gm\u0117<\/td>\n<td>Nuo 10 iki 90% (be kondensatos)<\/td>\n<\/tr>\n<tr>\n<td>Naudojimo aplinka<\/td>\n<td>Naudoti tik patalpose be v\u0117jo<\/td>\n<\/tr>\n<\/tbody>\n<\/table>\n<div class=\"video-container\" style=\"margin-top: 50px;\"><\/div>\n","protected":false},"excerpt":{"rendered":"<ul>\n<li>Temperat\u016bros matavimo diapazonas: nuo 30 \u00b0C iki 45 \u00b0C<\/li>\n<li>Matavimo tikslumas 0.1 \u00b0C<\/li>\n<li>Atpa\u017einimo atstumas: nuo 0.3 iki 2 m<\/li>\n<li>Autentifikacijos re\u017eimai: kortel\u0117 ir temperat\u016bra, veidas ir temperat\u016bra, kortel\u0117 ir veidas bei temperat\u016bra ir kt.<\/li>\n<li>Kauk\u0117s d\u0117v\u0117jimo persp\u0117jimas<\/li>\n<li>50.000 veid\u0173, 50.000 korteli\u0173 ir 100.000 \u012fvyki\u0173 atmintis<\/li>\n<li>Si\u016blomas veido atpa\u017einimo auk\u0161tis: nuo 1.4 m iki 1.9 m<\/li>\n<li>Vanad\u017eio oksido neat\u0161aldytas jutiklis<\/li>\n<li>Kortel\u0117s tipas: myfare<\/li>\n<\/ul>\n","protected":false},"featured_media":30723,"comment_status":"closed","ping_status":"closed","template":"","meta":[],"product_brand":[],"product_cat":[348,328],"product_tag":[974],"class_list":{"0":"post-16858","1":"product","2":"type-product","3":"status-publish","4":"has-post-thumbnail","6":"product_cat-hikvision-ieigos-kontrole","7":"product_cat-ieigos-kontroles-sistemos","8":"product_tag-ean","10":"first","11":"onbackorder","12":"purchasable","13":"product-type-simple"},"yoast_head":"<!-- This site is optimized with the Yoast SEO Premium plugin v21.5 (Yoast SEO v27.4) - https:\/\/yoast.com\/product\/yoast-seo-premium-wordpress\/ -->\n<title>Veid\u0173 skaitytuvas Hikvision DS-K1T671TM-3XF<\/title>\n<meta name=\"description\" content=\"Hikvision DS-K1T671TM-3XF veid\u0173 skaitytuvas su kar\u0161\u010diavimo aptikimu ; Temperat\u016bros matavimo diapazonas: nuo 30 \u00b0C iki 45 \u00b0C ; Kauk\u0117s d\u0117v\u0117jimo persp\u0117jimas\" \/>\n<meta name=\"robots\" content=\"index, follow, max-snippet:-1, max-image-preview:large, max-video-preview:-1\" \/>\n<link rel=\"canonical\" href=\"https:\/\/eheating.lt\/en\/produktas\/veidu-skaitytuvas-su-karsciavimo-aptikimu-hikvision-ds-k1t671tm-3xf\/\" \/>\n<meta property=\"og:locale\" content=\"en_US\" \/>\n<meta property=\"og:type\" content=\"article\" \/>\n<meta property=\"og:title\" content=\"Veid\u0173 skaitytuvas su kar\u0161\u010diavimo aptikimu Hikvision DS-K1T671TM-3XF\" \/>\n<meta property=\"og:description\" content=\"Hikvision DS-K1T671TM-3XF veid\u0173 skaitytuvas su kar\u0161\u010diavimo aptikimu ; Temperat\u016bros matavimo diapazonas: nuo 30 \u00b0C iki 45 \u00b0C ; Kauk\u0117s d\u0117v\u0117jimo persp\u0117jimas\" \/>\n<meta property=\"og:url\" content=\"https:\/\/eheating.lt\/en\/produktas\/veidu-skaitytuvas-su-karsciavimo-aptikimu-hikvision-ds-k1t671tm-3xf\/\" \/>\n<meta property=\"og:site_name\" content=\"Elektronika Namams\" \/>\n<meta property=\"article:publisher\" content=\"https:\/\/www.facebook.com\/ElektronikaNamams\" \/>\n<meta property=\"article:modified_time\" content=\"2024-10-18T13:45:34+00:00\" \/>\n<meta property=\"og:image\" content=\"https:\/\/eheating.lt\/wp-content\/uploads\/2023\/10\/Veidu-skaitytuvas-su-karsciavimo-aptikimu-Hikvision-DS-K1T671TM-3XF.png\" \/>\n\t<meta property=\"og:image:width\" content=\"800\" \/>\n\t<meta property=\"og:image:height\" content=\"800\" \/>\n\t<meta property=\"og:image:type\" content=\"image\/png\" \/>\n<meta name=\"twitter:card\" content=\"summary_large_image\" \/>\n<meta name=\"twitter:label1\" content=\"Price\" \/>\n\t<meta name=\"twitter:data1\" content=\"4415,79&nbsp;&euro;\" \/>\n\t<meta name=\"twitter:label2\" content=\"Availability\" \/>\n\t<meta name=\"twitter:data2\" content=\"On backorder\" \/>\n<script type=\"application\/ld+json\" class=\"yoast-schema-graph\">{\"@context\":\"https:\\\/\\\/schema.org\",\"@graph\":[{\"@type\":\"WebPage\",\"@id\":\"https:\\\/\\\/eheating.lt\\\/en\\\/produktas\\\/veidu-skaitytuvas-su-karsciavimo-aptikimu-hikvision-ds-k1t671tm-3xf\\\/\",\"url\":\"https:\\\/\\\/eheating.lt\\\/en\\\/produktas\\\/veidu-skaitytuvas-su-karsciavimo-aptikimu-hikvision-ds-k1t671tm-3xf\\\/\",\"name\":\"Veid\u0173 skaitytuvas Hikvision DS-K1T671TM-3XF\",\"isPartOf\":{\"@id\":\"https:\\\/\\\/eheating.lt\\\/#website\"},\"primaryImageOfPage\":{\"@id\":\"https:\\\/\\\/eheating.lt\\\/en\\\/produktas\\\/veidu-skaitytuvas-su-karsciavimo-aptikimu-hikvision-ds-k1t671tm-3xf\\\/#primaryimage\"},\"image\":{\"@id\":\"https:\\\/\\\/eheating.lt\\\/en\\\/produktas\\\/veidu-skaitytuvas-su-karsciavimo-aptikimu-hikvision-ds-k1t671tm-3xf\\\/#primaryimage\"},\"thumbnailUrl\":\"https:\\\/\\\/eheating.lt\\\/wp-content\\\/uploads\\\/2023\\\/10\\\/Veidu-skaitytuvas-su-karsciavimo-aptikimu-Hikvision-DS-K1T671TM-3XF.png\",\"datePublished\":\"2023-12-28T13:23:13+00:00\",\"dateModified\":\"2024-10-18T13:45:34+00:00\",\"description\":\"Hikvision DS-K1T671TM-3XF veid\u0173 skaitytuvas su kar\u0161\u010diavimo aptikimu ; Temperat\u016bros matavimo diapazonas: nuo 30 \u00b0C iki 45 \u00b0C ; Kauk\u0117s d\u0117v\u0117jimo persp\u0117jimas\",\"breadcrumb\":{\"@id\":\"https:\\\/\\\/eheating.lt\\\/en\\\/produktas\\\/veidu-skaitytuvas-su-karsciavimo-aptikimu-hikvision-ds-k1t671tm-3xf\\\/#breadcrumb\"},\"inLanguage\":\"en-US\",\"potentialAction\":[{\"@type\":\"ReadAction\",\"target\":[\"https:\\\/\\\/eheating.lt\\\/en\\\/produktas\\\/veidu-skaitytuvas-su-karsciavimo-aptikimu-hikvision-ds-k1t671tm-3xf\\\/\"]}]},{\"@type\":\"ImageObject\",\"inLanguage\":\"en-US\",\"@id\":\"https:\\\/\\\/eheating.lt\\\/en\\\/produktas\\\/veidu-skaitytuvas-su-karsciavimo-aptikimu-hikvision-ds-k1t671tm-3xf\\\/#primaryimage\",\"url\":\"https:\\\/\\\/eheating.lt\\\/wp-content\\\/uploads\\\/2023\\\/10\\\/Veidu-skaitytuvas-su-karsciavimo-aptikimu-Hikvision-DS-K1T671TM-3XF.png\",\"contentUrl\":\"https:\\\/\\\/eheating.lt\\\/wp-content\\\/uploads\\\/2023\\\/10\\\/Veidu-skaitytuvas-su-karsciavimo-aptikimu-Hikvision-DS-K1T671TM-3XF.png\",\"width\":800,\"height\":800,\"caption\":\"Hikvision DS-K1T671TM-3XF\"},{\"@type\":\"BreadcrumbList\",\"@id\":\"https:\\\/\\\/eheating.lt\\\/en\\\/produktas\\\/veidu-skaitytuvas-su-karsciavimo-aptikimu-hikvision-ds-k1t671tm-3xf\\\/#breadcrumb\",\"itemListElement\":[{\"@type\":\"ListItem\",\"position\":1,\"name\":\"Prad\u017eia\",\"item\":\"https:\\\/\\\/eheating.lt\\\/en\\\/\"},{\"@type\":\"ListItem\",\"position\":2,\"name\":\"Shop\",\"item\":\"https:\\\/\\\/eheating.lt\\\/en\\\/?page_id=5734\"},{\"@type\":\"ListItem\",\"position\":3,\"name\":\"Veid\u0173 skaitytuvas su kar\u0161\u010diavimo aptikimu Hikvision DS-K1T671TM-3XF\"}]},{\"@type\":\"WebSite\",\"@id\":\"https:\\\/\\\/eheating.lt\\\/#website\",\"url\":\"https:\\\/\\\/eheating.lt\\\/\",\"name\":\"eHeating\",\"description\":\"Elektronika ir \u0161ildymas\",\"potentialAction\":[{\"@type\":\"SearchAction\",\"target\":{\"@type\":\"EntryPoint\",\"urlTemplate\":\"https:\\\/\\\/eheating.lt\\\/?s={search_term_string}\"},\"query-input\":{\"@type\":\"PropertyValueSpecification\",\"valueRequired\":true,\"valueName\":\"search_term_string\"}}],\"inLanguage\":\"en-US\"}]}<\/script>\n<meta property=\"product:price:amount\" content=\"4415.79\" \/>\n<meta property=\"product:price:currency\" content=\"EUR\" \/>\n<meta property=\"og:availability\" content=\"backorder\" \/>\n<meta property=\"product:availability\" content=\"available for order\" \/>\n<meta property=\"product:retailer_item_id\" content=\"78b7b4214fe2\" \/>\n<meta property=\"product:condition\" content=\"new\" \/>\n<!-- \/ Yoast SEO Premium plugin. -->","yoast_head_json":{"title":"Veid\u0173 skaitytuvas Hikvision DS-K1T671TM-3XF","description":"Hikvision DS-K1T671TM-3XF veid\u0173 skaitytuvas su kar\u0161\u010diavimo aptikimu ; Temperat\u016bros matavimo diapazonas: nuo 30 \u00b0C iki 45 \u00b0C ; Kauk\u0117s d\u0117v\u0117jimo persp\u0117jimas","robots":{"index":"index","follow":"follow","max-snippet":"max-snippet:-1","max-image-preview":"max-image-preview:large","max-video-preview":"max-video-preview:-1"},"canonical":"https:\/\/eheating.lt\/en\/produktas\/veidu-skaitytuvas-su-karsciavimo-aptikimu-hikvision-ds-k1t671tm-3xf\/","og_locale":"en_US","og_type":"article","og_title":"Veid\u0173 skaitytuvas su kar\u0161\u010diavimo aptikimu Hikvision DS-K1T671TM-3XF","og_description":"Hikvision DS-K1T671TM-3XF veid\u0173 skaitytuvas su kar\u0161\u010diavimo aptikimu ; Temperat\u016bros matavimo diapazonas: nuo 30 \u00b0C iki 45 \u00b0C ; Kauk\u0117s d\u0117v\u0117jimo persp\u0117jimas","og_url":"https:\/\/eheating.lt\/en\/produktas\/veidu-skaitytuvas-su-karsciavimo-aptikimu-hikvision-ds-k1t671tm-3xf\/","og_site_name":"Elektronika Namams","article_publisher":"https:\/\/www.facebook.com\/ElektronikaNamams","article_modified_time":"2024-10-18T13:45:34+00:00","og_image":[{"width":800,"height":800,"url":"https:\/\/eheating.lt\/wp-content\/uploads\/2023\/10\/Veidu-skaitytuvas-su-karsciavimo-aptikimu-Hikvision-DS-K1T671TM-3XF.png","type":"image\/png"}],"twitter_card":"summary_large_image","twitter_misc":{"Price":"4415,79&nbsp;&euro;","Availability":"On backorder"},"schema":{"@context":"https:\/\/schema.org","@graph":[{"@type":"WebPage","@id":"https:\/\/eheating.lt\/en\/produktas\/veidu-skaitytuvas-su-karsciavimo-aptikimu-hikvision-ds-k1t671tm-3xf\/","url":"https:\/\/eheating.lt\/en\/produktas\/veidu-skaitytuvas-su-karsciavimo-aptikimu-hikvision-ds-k1t671tm-3xf\/","name":"Veid\u0173 skaitytuvas Hikvision DS-K1T671TM-3XF","isPartOf":{"@id":"https:\/\/eheating.lt\/#website"},"primaryImageOfPage":{"@id":"https:\/\/eheating.lt\/en\/produktas\/veidu-skaitytuvas-su-karsciavimo-aptikimu-hikvision-ds-k1t671tm-3xf\/#primaryimage"},"image":{"@id":"https:\/\/eheating.lt\/en\/produktas\/veidu-skaitytuvas-su-karsciavimo-aptikimu-hikvision-ds-k1t671tm-3xf\/#primaryimage"},"thumbnailUrl":"https:\/\/eheating.lt\/wp-content\/uploads\/2023\/10\/Veidu-skaitytuvas-su-karsciavimo-aptikimu-Hikvision-DS-K1T671TM-3XF.png","datePublished":"2023-12-28T13:23:13+00:00","dateModified":"2024-10-18T13:45:34+00:00","description":"Hikvision DS-K1T671TM-3XF veid\u0173 skaitytuvas su kar\u0161\u010diavimo aptikimu ; Temperat\u016bros matavimo diapazonas: nuo 30 \u00b0C iki 45 \u00b0C ; Kauk\u0117s d\u0117v\u0117jimo persp\u0117jimas","breadcrumb":{"@id":"https:\/\/eheating.lt\/en\/produktas\/veidu-skaitytuvas-su-karsciavimo-aptikimu-hikvision-ds-k1t671tm-3xf\/#breadcrumb"},"inLanguage":"en-US","potentialAction":[{"@type":"ReadAction","target":["https:\/\/eheating.lt\/en\/produktas\/veidu-skaitytuvas-su-karsciavimo-aptikimu-hikvision-ds-k1t671tm-3xf\/"]}]},{"@type":"ImageObject","inLanguage":"en-US","@id":"https:\/\/eheating.lt\/en\/produktas\/veidu-skaitytuvas-su-karsciavimo-aptikimu-hikvision-ds-k1t671tm-3xf\/#primaryimage","url":"https:\/\/eheating.lt\/wp-content\/uploads\/2023\/10\/Veidu-skaitytuvas-su-karsciavimo-aptikimu-Hikvision-DS-K1T671TM-3XF.png","contentUrl":"https:\/\/eheating.lt\/wp-content\/uploads\/2023\/10\/Veidu-skaitytuvas-su-karsciavimo-aptikimu-Hikvision-DS-K1T671TM-3XF.png","width":800,"height":800,"caption":"Hikvision DS-K1T671TM-3XF"},{"@type":"BreadcrumbList","@id":"https:\/\/eheating.lt\/en\/produktas\/veidu-skaitytuvas-su-karsciavimo-aptikimu-hikvision-ds-k1t671tm-3xf\/#breadcrumb","itemListElement":[{"@type":"ListItem","position":1,"name":"Prad\u017eia","item":"https:\/\/eheating.lt\/en\/"},{"@type":"ListItem","position":2,"name":"Shop","item":"https:\/\/eheating.lt\/en\/?page_id=5734"},{"@type":"ListItem","position":3,"name":"Veid\u0173 skaitytuvas su kar\u0161\u010diavimo aptikimu Hikvision DS-K1T671TM-3XF"}]},{"@type":"WebSite","@id":"https:\/\/eheating.lt\/#website","url":"https:\/\/eheating.lt\/","name":"eHeating","description":"Elektronika ir \u0161ildymas","potentialAction":[{"@type":"SearchAction","target":{"@type":"EntryPoint","urlTemplate":"https:\/\/eheating.lt\/?s={search_term_string}"},"query-input":{"@type":"PropertyValueSpecification","valueRequired":true,"valueName":"search_term_string"}}],"inLanguage":"en-US"}]},"product_price_amount":"4415.79","product_price_currency":"EUR","og_availability":"backorder","product_availability":"available for order","product_retailer_item_id":"78b7b4214fe2","product_condition":"new"},"_links":{"self":[{"href":"https:\/\/eheating.lt\/en\/wp-json\/wp\/v2\/product\/16858","targetHints":{"allow":["GET"]}}],"collection":[{"href":"https:\/\/eheating.lt\/en\/wp-json\/wp\/v2\/product"}],"about":[{"href":"https:\/\/eheating.lt\/en\/wp-json\/wp\/v2\/types\/product"}],"replies":[{"embeddable":true,"href":"https:\/\/eheating.lt\/en\/wp-json\/wp\/v2\/comments?post=16858"}],"version-history":[{"count":0,"href":"https:\/\/eheating.lt\/en\/wp-json\/wp\/v2\/product\/16858\/revisions"}],"wp:featuredmedia":[{"embeddable":true,"href":"https:\/\/eheating.lt\/en\/wp-json\/wp\/v2\/media\/30723"}],"wp:attachment":[{"href":"https:\/\/eheating.lt\/en\/wp-json\/wp\/v2\/media?parent=16858"}],"wp:term":[{"taxonomy":"product_brand","embeddable":true,"href":"https:\/\/eheating.lt\/en\/wp-json\/wp\/v2\/product_brand?post=16858"},{"taxonomy":"product_cat","embeddable":true,"href":"https:\/\/eheating.lt\/en\/wp-json\/wp\/v2\/product_cat?post=16858"},{"taxonomy":"product_tag","embeddable":true,"href":"https:\/\/eheating.lt\/en\/wp-json\/wp\/v2\/product_tag?post=16858"}],"curies":[{"name":"wp","href":"https:\/\/api.w.org\/{rel}","templated":true}]}}