{"id":16824,"date":"2023-11-17T23:41:38","date_gmt":"2023-11-17T21:41:38","guid":{"rendered":"https:\/\/eheating.lt\/?post_type=product&#038;p=16824"},"modified":"2024-10-18T16:45:10","modified_gmt":"2024-10-18T13:45:10","slug":"hikvision-ds-2ce12dft-f28-f2-8","status":"publish","type":"product","link":"https:\/\/eheating.lt\/en\/produktas\/hikvision-ds-2ce12dft-f28-f2-8\/","title":{"rendered":"Hikvision DS-2CE12DFT-F28 F2.8"},"content":{"rendered":"<table>\n<tbody>\n<tr>\n<td>Pavadinimas<\/td>\n<td>Apra\u0161ymas<\/td>\n<\/tr>\n<tr>\n<td>Sensorius<\/td>\n<td>2 MP CMOS<\/td>\n<\/tr>\n<tr>\n<td>Kadr\u0173 skai\u010dius<\/td>\n<td>PAL: 1\/25 s to 1\/50, 000 s NTSC: 1\/30 s to 1\/50, 000 s<\/td>\n<\/tr>\n<tr>\n<td>Rai\u0161ka<\/td>\n<td>1920 (H) \u00d7 1080 (V)<\/td>\n<\/tr>\n<tr>\n<td>Min. ap\u0161vietimas<\/td>\n<td>0.0005 Lux @ (F1.0, AGC ON), 0 Lux with white light<\/td>\n<\/tr>\n<tr>\n<td>U\u017erakto laikas<\/td>\n<td>PAL: 1\/25 s to 1\/50, 000 s NTSC: 1\/30 s to 1\/50, 000 s<\/td>\n<\/tr>\n<tr>\n<td>Objektyvas<\/td>\n<td>2.8 mm fixed lens<\/td>\n<\/tr>\n<tr>\n<td>Matymo laukas<\/td>\n<td>2.8 mm, horizontal FOV: 104\u00b0, vertical FOV: 54\u00b0, diagonal FOV: 126\u00b0<\/td>\n<\/tr>\n<tr>\n<td>Montavimas<\/td>\n<td>M16<\/td>\n<\/tr>\n<tr>\n<td>Diena \/ naktis<\/td>\n<td>Color<\/td>\n<\/tr>\n<tr>\n<td>WDR<\/td>\n<td>130 dB<\/td>\n<\/tr>\n<tr>\n<td>Kampo valdymas<\/td>\n<td>Pan: 0\u00b0 to 360\u00b0, Tilt: 0\u00b0 to 180\u00b0, Rotation: 0\u00b0 to 360\u00b0<\/td>\n<\/tr>\n<tr>\n<td>Vaizdo re\u017eimas<\/td>\n<td>STD\/HIGH-SAT<\/td>\n<\/tr>\n<tr>\n<td>AGC<\/td>\n<td>Support<\/td>\n<\/tr>\n<tr>\n<td>Baltos spalvos balance<\/td>\n<td>ATW\/MANUAL<\/td>\n<\/tr>\n<tr>\n<td>HLC<\/td>\n<td>Yes<\/td>\n<\/tr>\n<tr>\n<td>BLC<\/td>\n<td>Yes<\/td>\n<\/tr>\n<tr>\n<td>Kalba<\/td>\n<td>English<\/td>\n<\/tr>\n<tr>\n<td>Funkcijos<\/td>\n<td>Brightness, Sharpness, 3D DNR, Mirror, Smart light<\/td>\n<\/tr>\n<tr>\n<td>Vaizdo i\u0161vestis<\/td>\n<td>Switchable TVI\/AHD\/CVI\/CVBS<\/td>\n<\/tr>\n<tr>\n<td>Darbo s\u0105lygos<\/td>\n<td>-40\u00b0 C to 60\u00b0 C (-40\u00b0 F to 140\u00b0 F), Humidity 90% or less (no condensation)<\/td>\n<\/tr>\n<tr>\n<td>Maitinimas<\/td>\n<td>12 VDC \u00b1 25% *You are recommended to use one power adapter to supply the power for one camera.<\/td>\n<\/tr>\n<tr>\n<td>Suvartojimas<\/td>\n<td>Max. 4.2 W<\/td>\n<\/tr>\n<tr>\n<td>Apsaugos lygis<\/td>\n<td>IP67<\/td>\n<\/tr>\n<tr>\n<td>Med\u017eiaga<\/td>\n<td>Front Cover: Metal Main Body: Plastic<\/td>\n<\/tr>\n<tr>\n<td>IR atstumas<\/td>\n<td>Up to 40 m<\/td>\n<\/tr>\n<tr>\n<td>Ry\u0161ys<\/td>\n<td>HIKVISION-C<\/td>\n<\/tr>\n<tr>\n<td>Matmenys<\/td>\n<td>223.1 mm \u00d7 77.1 mm \u00d7 82.6 mm (8.78&#8243; \u00d7 3.04&#8243; \u00d7 3.25&#8243;)<\/td>\n<\/tr>\n<tr>\n<td>Svoris<\/td>\n<td>Approx. 436 g (0.96 lb.)<\/td>\n<\/tr>\n<\/tbody>\n<\/table>\n","protected":false},"excerpt":{"rendered":"<ul class=\"product_description_item-list\">\n<li>Turbo HD 2MP Bullet kamera<\/li>\n<li>ColorVu<\/li>\n<li>2.8\u00a0mm objektyvas<\/li>\n<li>OSD meniu, 3D DNR<\/li>\n<li>True WDR, iki 130dB<\/li>\n<li>Baltos spalvos ap\u0161vietimas Iki 40 m<\/li>\n<li>4 in 1 (4 perjungiami signalai TVI\/AHD\/CVI\/CVBS).<\/li>\n<li>IP67<\/li>\n<\/ul>\n","protected":false},"featured_media":28925,"comment_status":"closed","ping_status":"closed","template":"","meta":[],"product_brand":[],"product_cat":[839,838,837],"product_tag":[],"class_list":{"0":"post-16824","1":"product","2":"type-product","3":"status-publish","4":"has-post-thumbnail","6":"product_cat-turbo-hd-bullet-cameras","7":"product_cat-turbo-hd-cameras","8":"product_cat-turbo-hd-video-surveillance","10":"first","11":"onbackorder","12":"purchasable","13":"product-type-simple"},"yoast_head":"<!-- This site is optimized with the Yoast SEO Premium plugin v21.5 (Yoast SEO v27.3) - https:\/\/yoast.com\/product\/yoast-seo-premium-wordpress\/ -->\n<title>Hikvision DS-2CE12DFT-F28 F2.8<\/title>\n<meta name=\"description\" content=\"Hikvision DS-2CE12DFT-F28 F2.8 kamera ; 2.8\u00a0mm objektyvas ; Baltos spalvos ap\u0161vietimas Iki 40 m ; Rai\u0161ka - 2MP ; Spalvotas vaizdas nakt\u012f\" \/>\n<meta name=\"robots\" content=\"index, follow, max-snippet:-1, max-image-preview:large, max-video-preview:-1\" \/>\n<link rel=\"canonical\" href=\"https:\/\/eheating.lt\/produktas\/hikvision-ds-2ce12dft-f28-f2-8\/\" \/>\n<meta property=\"og:locale\" content=\"en_US\" \/>\n<meta property=\"og:type\" content=\"article\" \/>\n<meta property=\"og:title\" content=\"Hikvision DS-2CE12DFT-F28 F2.8\" \/>\n<meta property=\"og:description\" content=\"Hikvision DS-2CE12DFT-F28 F2.8 kamera ; 2.8\u00a0mm objektyvas ; Baltos spalvos ap\u0161vietimas Iki 40 m ; Rai\u0161ka - 2MP ; Spalvotas vaizdas nakt\u012f\" \/>\n<meta property=\"og:url\" content=\"https:\/\/eheating.lt\/produktas\/hikvision-ds-2ce12dft-f28-f2-8\/\" \/>\n<meta property=\"og:site_name\" content=\"Elektronika Namams\" \/>\n<meta property=\"article:publisher\" content=\"https:\/\/www.facebook.com\/ElektronikaNamams\" \/>\n<meta property=\"article:modified_time\" content=\"2024-10-18T13:45:10+00:00\" \/>\n<meta property=\"og:image\" content=\"https:\/\/eheating.lt\/wp-content\/uploads\/2023\/10\/Hikvision-DS-2CE12DFT-F28-F2.8.png\" \/>\n\t<meta property=\"og:image:width\" content=\"800\" \/>\n\t<meta property=\"og:image:height\" content=\"800\" \/>\n\t<meta property=\"og:image:type\" content=\"image\/png\" \/>\n<meta name=\"twitter:card\" content=\"summary_large_image\" \/>\n<meta name=\"twitter:label1\" content=\"Price\" \/>\n\t<meta name=\"twitter:data1\" content=\"126,06&nbsp;&euro;\" \/>\n\t<meta name=\"twitter:label2\" content=\"Availability\" \/>\n\t<meta name=\"twitter:data2\" content=\"On backorder\" \/>\n<script type=\"application\/ld+json\" class=\"yoast-schema-graph\">{\"@context\":\"https:\\\/\\\/schema.org\",\"@graph\":[{\"@type\":\"WebPage\",\"@id\":\"https:\\\/\\\/eheating.lt\\\/produktas\\\/hikvision-ds-2ce12dft-f28-f2-8\\\/\",\"url\":\"https:\\\/\\\/eheating.lt\\\/produktas\\\/hikvision-ds-2ce12dft-f28-f2-8\\\/\",\"name\":\"Hikvision DS-2CE12DFT-F28 F2.8\",\"isPartOf\":{\"@id\":\"https:\\\/\\\/eheating.lt\\\/#website\"},\"primaryImageOfPage\":{\"@id\":\"https:\\\/\\\/eheating.lt\\\/produktas\\\/hikvision-ds-2ce12dft-f28-f2-8\\\/#primaryimage\"},\"image\":{\"@id\":\"https:\\\/\\\/eheating.lt\\\/produktas\\\/hikvision-ds-2ce12dft-f28-f2-8\\\/#primaryimage\"},\"thumbnailUrl\":\"https:\\\/\\\/eheating.lt\\\/wp-content\\\/uploads\\\/2023\\\/10\\\/Hikvision-DS-2CE12DFT-F28-F2.8.png\",\"datePublished\":\"2023-11-17T21:41:38+00:00\",\"dateModified\":\"2024-10-18T13:45:10+00:00\",\"description\":\"Hikvision DS-2CE12DFT-F28 F2.8 kamera ; 2.8\u00a0mm objektyvas ; Baltos spalvos ap\u0161vietimas Iki 40 m ; Rai\u0161ka - 2MP ; Spalvotas vaizdas nakt\u012f\",\"breadcrumb\":{\"@id\":\"https:\\\/\\\/eheating.lt\\\/produktas\\\/hikvision-ds-2ce12dft-f28-f2-8\\\/#breadcrumb\"},\"inLanguage\":\"en-US\",\"potentialAction\":[{\"@type\":\"ReadAction\",\"target\":[\"https:\\\/\\\/eheating.lt\\\/produktas\\\/hikvision-ds-2ce12dft-f28-f2-8\\\/\"]}]},{\"@type\":\"ImageObject\",\"inLanguage\":\"en-US\",\"@id\":\"https:\\\/\\\/eheating.lt\\\/produktas\\\/hikvision-ds-2ce12dft-f28-f2-8\\\/#primaryimage\",\"url\":\"https:\\\/\\\/eheating.lt\\\/wp-content\\\/uploads\\\/2023\\\/10\\\/Hikvision-DS-2CE12DFT-F28-F2.8.png\",\"contentUrl\":\"https:\\\/\\\/eheating.lt\\\/wp-content\\\/uploads\\\/2023\\\/10\\\/Hikvision-DS-2CE12DFT-F28-F2.8.png\",\"width\":800,\"height\":800,\"caption\":\"Hikvision DS-2CE12DFT-F28 F2.8\"},{\"@type\":\"BreadcrumbList\",\"@id\":\"https:\\\/\\\/eheating.lt\\\/produktas\\\/hikvision-ds-2ce12dft-f28-f2-8\\\/#breadcrumb\",\"itemListElement\":[{\"@type\":\"ListItem\",\"position\":1,\"name\":\"Prad\u017eia\",\"item\":\"https:\\\/\\\/eheating.lt\\\/en\\\/\"},{\"@type\":\"ListItem\",\"position\":2,\"name\":\"Shop\",\"item\":\"https:\\\/\\\/eheating.lt\\\/en\\\/?page_id=5734\"},{\"@type\":\"ListItem\",\"position\":3,\"name\":\"Hikvision DS-2CE12DFT-F28 F2.8\"}]},{\"@type\":\"WebSite\",\"@id\":\"https:\\\/\\\/eheating.lt\\\/#website\",\"url\":\"https:\\\/\\\/eheating.lt\\\/\",\"name\":\"eHeating\",\"description\":\"Elektronika ir \u0161ildymas\",\"potentialAction\":[{\"@type\":\"SearchAction\",\"target\":{\"@type\":\"EntryPoint\",\"urlTemplate\":\"https:\\\/\\\/eheating.lt\\\/?s={search_term_string}\"},\"query-input\":{\"@type\":\"PropertyValueSpecification\",\"valueRequired\":true,\"valueName\":\"search_term_string\"}}],\"inLanguage\":\"en-US\"}]}<\/script>\n<meta property=\"product:price:amount\" content=\"126.06\" \/>\n<meta property=\"product:price:currency\" content=\"EUR\" \/>\n<meta property=\"og:availability\" content=\"backorder\" \/>\n<meta property=\"product:availability\" content=\"available for order\" \/>\n<meta property=\"product:retailer_item_id\" content=\"cabb73eea17a\" \/>\n<meta property=\"product:condition\" content=\"new\" \/>\n<!-- \/ Yoast SEO Premium plugin. -->","yoast_head_json":{"title":"Hikvision DS-2CE12DFT-F28 F2.8","description":"Hikvision DS-2CE12DFT-F28 F2.8 kamera ; 2.8\u00a0mm objektyvas ; Baltos spalvos ap\u0161vietimas Iki 40 m ; Rai\u0161ka - 2MP ; Spalvotas vaizdas nakt\u012f","robots":{"index":"index","follow":"follow","max-snippet":"max-snippet:-1","max-image-preview":"max-image-preview:large","max-video-preview":"max-video-preview:-1"},"canonical":"https:\/\/eheating.lt\/produktas\/hikvision-ds-2ce12dft-f28-f2-8\/","og_locale":"en_US","og_type":"article","og_title":"Hikvision DS-2CE12DFT-F28 F2.8","og_description":"Hikvision DS-2CE12DFT-F28 F2.8 kamera ; 2.8\u00a0mm objektyvas ; Baltos spalvos ap\u0161vietimas Iki 40 m ; Rai\u0161ka - 2MP ; Spalvotas vaizdas nakt\u012f","og_url":"https:\/\/eheating.lt\/produktas\/hikvision-ds-2ce12dft-f28-f2-8\/","og_site_name":"Elektronika Namams","article_publisher":"https:\/\/www.facebook.com\/ElektronikaNamams","article_modified_time":"2024-10-18T13:45:10+00:00","og_image":[{"width":800,"height":800,"url":"https:\/\/eheating.lt\/wp-content\/uploads\/2023\/10\/Hikvision-DS-2CE12DFT-F28-F2.8.png","type":"image\/png"}],"twitter_card":"summary_large_image","twitter_misc":{"Price":"126,06&nbsp;&euro;","Availability":"On backorder"},"schema":{"@context":"https:\/\/schema.org","@graph":[{"@type":"WebPage","@id":"https:\/\/eheating.lt\/produktas\/hikvision-ds-2ce12dft-f28-f2-8\/","url":"https:\/\/eheating.lt\/produktas\/hikvision-ds-2ce12dft-f28-f2-8\/","name":"Hikvision DS-2CE12DFT-F28 F2.8","isPartOf":{"@id":"https:\/\/eheating.lt\/#website"},"primaryImageOfPage":{"@id":"https:\/\/eheating.lt\/produktas\/hikvision-ds-2ce12dft-f28-f2-8\/#primaryimage"},"image":{"@id":"https:\/\/eheating.lt\/produktas\/hikvision-ds-2ce12dft-f28-f2-8\/#primaryimage"},"thumbnailUrl":"https:\/\/eheating.lt\/wp-content\/uploads\/2023\/10\/Hikvision-DS-2CE12DFT-F28-F2.8.png","datePublished":"2023-11-17T21:41:38+00:00","dateModified":"2024-10-18T13:45:10+00:00","description":"Hikvision DS-2CE12DFT-F28 F2.8 kamera ; 2.8\u00a0mm objektyvas ; Baltos spalvos ap\u0161vietimas Iki 40 m ; Rai\u0161ka - 2MP ; Spalvotas vaizdas nakt\u012f","breadcrumb":{"@id":"https:\/\/eheating.lt\/produktas\/hikvision-ds-2ce12dft-f28-f2-8\/#breadcrumb"},"inLanguage":"en-US","potentialAction":[{"@type":"ReadAction","target":["https:\/\/eheating.lt\/produktas\/hikvision-ds-2ce12dft-f28-f2-8\/"]}]},{"@type":"ImageObject","inLanguage":"en-US","@id":"https:\/\/eheating.lt\/produktas\/hikvision-ds-2ce12dft-f28-f2-8\/#primaryimage","url":"https:\/\/eheating.lt\/wp-content\/uploads\/2023\/10\/Hikvision-DS-2CE12DFT-F28-F2.8.png","contentUrl":"https:\/\/eheating.lt\/wp-content\/uploads\/2023\/10\/Hikvision-DS-2CE12DFT-F28-F2.8.png","width":800,"height":800,"caption":"Hikvision DS-2CE12DFT-F28 F2.8"},{"@type":"BreadcrumbList","@id":"https:\/\/eheating.lt\/produktas\/hikvision-ds-2ce12dft-f28-f2-8\/#breadcrumb","itemListElement":[{"@type":"ListItem","position":1,"name":"Prad\u017eia","item":"https:\/\/eheating.lt\/en\/"},{"@type":"ListItem","position":2,"name":"Shop","item":"https:\/\/eheating.lt\/en\/?page_id=5734"},{"@type":"ListItem","position":3,"name":"Hikvision DS-2CE12DFT-F28 F2.8"}]},{"@type":"WebSite","@id":"https:\/\/eheating.lt\/#website","url":"https:\/\/eheating.lt\/","name":"eHeating","description":"Elektronika ir \u0161ildymas","potentialAction":[{"@type":"SearchAction","target":{"@type":"EntryPoint","urlTemplate":"https:\/\/eheating.lt\/?s={search_term_string}"},"query-input":{"@type":"PropertyValueSpecification","valueRequired":true,"valueName":"search_term_string"}}],"inLanguage":"en-US"}]},"product_price_amount":"126.06","product_price_currency":"EUR","og_availability":"backorder","product_availability":"available for order","product_retailer_item_id":"cabb73eea17a","product_condition":"new"},"_links":{"self":[{"href":"https:\/\/eheating.lt\/en\/wp-json\/wp\/v2\/product\/16824","targetHints":{"allow":["GET"]}}],"collection":[{"href":"https:\/\/eheating.lt\/en\/wp-json\/wp\/v2\/product"}],"about":[{"href":"https:\/\/eheating.lt\/en\/wp-json\/wp\/v2\/types\/product"}],"replies":[{"embeddable":true,"href":"https:\/\/eheating.lt\/en\/wp-json\/wp\/v2\/comments?post=16824"}],"version-history":[{"count":0,"href":"https:\/\/eheating.lt\/en\/wp-json\/wp\/v2\/product\/16824\/revisions"}],"wp:featuredmedia":[{"embeddable":true,"href":"https:\/\/eheating.lt\/en\/wp-json\/wp\/v2\/media\/28925"}],"wp:attachment":[{"href":"https:\/\/eheating.lt\/en\/wp-json\/wp\/v2\/media?parent=16824"}],"wp:term":[{"taxonomy":"product_brand","embeddable":true,"href":"https:\/\/eheating.lt\/en\/wp-json\/wp\/v2\/product_brand?post=16824"},{"taxonomy":"product_cat","embeddable":true,"href":"https:\/\/eheating.lt\/en\/wp-json\/wp\/v2\/product_cat?post=16824"},{"taxonomy":"product_tag","embeddable":true,"href":"https:\/\/eheating.lt\/en\/wp-json\/wp\/v2\/product_tag?post=16824"}],"curies":[{"name":"wp","href":"https:\/\/api.w.org\/{rel}","templated":true}]}}