{"id":16812,"date":"2023-12-18T22:22:05","date_gmt":"2023-12-18T20:22:05","guid":{"rendered":"https:\/\/eheating.lt\/?post_type=product&#038;p=16812"},"modified":"2024-09-13T15:13:12","modified_gmt":"2024-09-13T12:13:12","slug":"hikvision-ds-kad706-vaizdo-ir-garso-skirstytuvas","status":"publish","type":"product","link":"https:\/\/eheating.lt\/en\/produktas\/hikvision-ds-kad706-vaizdo-ir-garso-skirstytuvas\/","title":{"rendered":"Hikvision DS-KAD706 vaizdo ir garso skirstytuvas"},"content":{"rendered":"<table>\n<tbody>\n<tr>\n<td>Maitinimas<\/td>\n<td>24 VDC<\/td>\n<\/tr>\n<tr>\n<td>Suvartojimas<\/td>\n<td>&lt; 9 W<\/td>\n<\/tr>\n<tr>\n<td>Darin\u0117 temperat\u016bra<\/td>\n<td>-10 \u00b0C to 50 \u00b0C (14 \u00b0F to 122 \u00b0F)<\/td>\n<\/tr>\n<tr>\n<td>Darbin\u0117 dr\u0117gm\u0117<\/td>\n<td>10% to 90%<\/td>\n<\/tr>\n<tr>\n<td>Tinklo s\u0105saja<\/td>\n<td>1, RJ45 (1-ch reserved terminal and 1- ch for WAN access)<\/td>\n<\/tr>\n<tr>\n<td>Sviej\u0173 laid\u0173 s\u0105saja<\/td>\n<td>6-ch for device power supply, including 1-ch for door station power supply with max. output power 16 W max. output power 16 W<\/td>\n<\/tr>\n<tr>\n<td>Signalo indikatorius<\/td>\n<td>8 signal indicators for indicating 6-ch input and output signal<\/td>\n<\/tr>\n<tr>\n<td>Veikimo indikatorius<\/td>\n<td>1<\/td>\n<\/tr>\n<tr>\n<td>Reset mygtukas<\/td>\n<td>1<\/td>\n<\/tr>\n<\/tbody>\n<\/table>\n","protected":false},"excerpt":{"rendered":"<ul>\n<li>2 laid\u0173 IP skirstytuvas<\/li>\n<li>6 2 laid\u0173 kaskadin\u0117s s\u0105sajos su \u012frengini\u0173 maitinimu<\/li>\n<li>2 kaskadin\u0117s s\u0105sajos DS-KAD706 \/ DS-KAD706-S<\/li>\n<li>8 s\u0105saj\u0173 indikatoriai, 1 RJ-45 s\u0105saja, 1 Reset mygtukas<\/li>\n<li>Montavimas and Din b\u0117geli\u0173<\/li>\n<li>24VDC<\/li>\n<\/ul>\n","protected":false},"featured_media":29549,"comment_status":"closed","ping_status":"closed","template":"","meta":[],"product_brand":[],"product_cat":[396,415,356],"product_tag":[974],"class_list":{"0":"post-16812","1":"product","2":"type-product","3":"status-publish","4":"has-post-thumbnail","6":"product_cat-ip-vaizdo-telefonspynes","7":"product_cat-ip-vaizdo-garso-skirstytuvai","8":"product_cat-vaizdo-telefonspynes","9":"product_tag-ean","11":"first","12":"instock","13":"taxable","14":"shipping-taxable","15":"purchasable","16":"product-type-simple"},"yoast_head":"<!-- This site is optimized with the Yoast SEO Premium plugin v21.5 (Yoast SEO v27.4) - https:\/\/yoast.com\/product\/yoast-seo-premium-wordpress\/ -->\n<title>Hikvision DS-KAD706 vaizdo ir garso skirstytuvas<\/title>\n<meta name=\"description\" content=\"Hikvision DS-KAD706 vaizdo ir garso skirstytuvas ; 2 laid\u0173 IP skirstytuvas ; 8 s\u0105saj\u0173 indikatoriai, 1 RJ-45 s\u0105saja, 1 Reset mygtukas\" \/>\n<meta name=\"robots\" content=\"index, follow, max-snippet:-1, max-image-preview:large, max-video-preview:-1\" \/>\n<link rel=\"canonical\" href=\"https:\/\/eheating.lt\/en\/produktas\/hikvision-ds-kad706-vaizdo-ir-garso-skirstytuvas\/\" \/>\n<meta property=\"og:locale\" content=\"en_US\" \/>\n<meta property=\"og:type\" content=\"article\" \/>\n<meta property=\"og:title\" content=\"Hikvision DS-KAD706 vaizdo ir garso skirstytuvas\" \/>\n<meta property=\"og:description\" content=\"Hikvision DS-KAD706 vaizdo ir garso skirstytuvas ; 2 laid\u0173 IP skirstytuvas ; 8 s\u0105saj\u0173 indikatoriai, 1 RJ-45 s\u0105saja, 1 Reset mygtukas\" \/>\n<meta property=\"og:url\" content=\"https:\/\/eheating.lt\/en\/produktas\/hikvision-ds-kad706-vaizdo-ir-garso-skirstytuvas\/\" \/>\n<meta property=\"og:site_name\" content=\"Elektronika Namams\" \/>\n<meta property=\"article:publisher\" content=\"https:\/\/www.facebook.com\/ElektronikaNamams\" \/>\n<meta property=\"article:modified_time\" content=\"2024-09-13T12:13:12+00:00\" \/>\n<meta property=\"og:image\" content=\"https:\/\/eheating.lt\/wp-content\/uploads\/2023\/10\/Hikvision-DS-KAD706-vaizdo-ir-garso-skirstytuvas.png\" \/>\n\t<meta property=\"og:image:width\" content=\"800\" \/>\n\t<meta property=\"og:image:height\" content=\"800\" \/>\n\t<meta property=\"og:image:type\" content=\"image\/png\" \/>\n<meta name=\"twitter:card\" content=\"summary_large_image\" \/>\n<meta name=\"twitter:label1\" content=\"Price\" \/>\n\t<meta name=\"twitter:data1\" content=\"176,65&nbsp;&euro;\" \/>\n\t<meta name=\"twitter:label2\" content=\"Availability\" \/>\n\t<meta name=\"twitter:data2\" content=\"In stock\" \/>\n<script type=\"application\/ld+json\" class=\"yoast-schema-graph\">{\"@context\":\"https:\\\/\\\/schema.org\",\"@graph\":[{\"@type\":\"WebPage\",\"@id\":\"https:\\\/\\\/eheating.lt\\\/en\\\/produktas\\\/hikvision-ds-kad706-vaizdo-ir-garso-skirstytuvas\\\/\",\"url\":\"https:\\\/\\\/eheating.lt\\\/en\\\/produktas\\\/hikvision-ds-kad706-vaizdo-ir-garso-skirstytuvas\\\/\",\"name\":\"Hikvision DS-KAD706 vaizdo ir garso skirstytuvas\",\"isPartOf\":{\"@id\":\"https:\\\/\\\/eheating.lt\\\/#website\"},\"primaryImageOfPage\":{\"@id\":\"https:\\\/\\\/eheating.lt\\\/en\\\/produktas\\\/hikvision-ds-kad706-vaizdo-ir-garso-skirstytuvas\\\/#primaryimage\"},\"image\":{\"@id\":\"https:\\\/\\\/eheating.lt\\\/en\\\/produktas\\\/hikvision-ds-kad706-vaizdo-ir-garso-skirstytuvas\\\/#primaryimage\"},\"thumbnailUrl\":\"https:\\\/\\\/eheating.lt\\\/wp-content\\\/uploads\\\/2023\\\/10\\\/Hikvision-DS-KAD706-vaizdo-ir-garso-skirstytuvas.png\",\"datePublished\":\"2023-12-18T20:22:05+00:00\",\"dateModified\":\"2024-09-13T12:13:12+00:00\",\"description\":\"Hikvision DS-KAD706 vaizdo ir garso skirstytuvas ; 2 laid\u0173 IP skirstytuvas ; 8 s\u0105saj\u0173 indikatoriai, 1 RJ-45 s\u0105saja, 1 Reset mygtukas\",\"breadcrumb\":{\"@id\":\"https:\\\/\\\/eheating.lt\\\/en\\\/produktas\\\/hikvision-ds-kad706-vaizdo-ir-garso-skirstytuvas\\\/#breadcrumb\"},\"inLanguage\":\"en-US\",\"potentialAction\":[{\"@type\":\"ReadAction\",\"target\":[\"https:\\\/\\\/eheating.lt\\\/en\\\/produktas\\\/hikvision-ds-kad706-vaizdo-ir-garso-skirstytuvas\\\/\"]}]},{\"@type\":\"ImageObject\",\"inLanguage\":\"en-US\",\"@id\":\"https:\\\/\\\/eheating.lt\\\/en\\\/produktas\\\/hikvision-ds-kad706-vaizdo-ir-garso-skirstytuvas\\\/#primaryimage\",\"url\":\"https:\\\/\\\/eheating.lt\\\/wp-content\\\/uploads\\\/2023\\\/10\\\/Hikvision-DS-KAD706-vaizdo-ir-garso-skirstytuvas.png\",\"contentUrl\":\"https:\\\/\\\/eheating.lt\\\/wp-content\\\/uploads\\\/2023\\\/10\\\/Hikvision-DS-KAD706-vaizdo-ir-garso-skirstytuvas.png\",\"width\":800,\"height\":800,\"caption\":\"Hikvision DS-KAD706 vaizdo ir garso skirstytuvas\"},{\"@type\":\"BreadcrumbList\",\"@id\":\"https:\\\/\\\/eheating.lt\\\/en\\\/produktas\\\/hikvision-ds-kad706-vaizdo-ir-garso-skirstytuvas\\\/#breadcrumb\",\"itemListElement\":[{\"@type\":\"ListItem\",\"position\":1,\"name\":\"Prad\u017eia\",\"item\":\"https:\\\/\\\/eheating.lt\\\/en\\\/\"},{\"@type\":\"ListItem\",\"position\":2,\"name\":\"Shop\",\"item\":\"https:\\\/\\\/eheating.lt\\\/en\\\/?page_id=5734\"},{\"@type\":\"ListItem\",\"position\":3,\"name\":\"Hikvision DS-KAD706 vaizdo ir garso skirstytuvas\"}]},{\"@type\":\"WebSite\",\"@id\":\"https:\\\/\\\/eheating.lt\\\/#website\",\"url\":\"https:\\\/\\\/eheating.lt\\\/\",\"name\":\"eHeating\",\"description\":\"Elektronika ir \u0161ildymas\",\"potentialAction\":[{\"@type\":\"SearchAction\",\"target\":{\"@type\":\"EntryPoint\",\"urlTemplate\":\"https:\\\/\\\/eheating.lt\\\/?s={search_term_string}\"},\"query-input\":{\"@type\":\"PropertyValueSpecification\",\"valueRequired\":true,\"valueName\":\"search_term_string\"}}],\"inLanguage\":\"en-US\"}]}<\/script>\n<meta property=\"product:price:amount\" content=\"176.65\" \/>\n<meta property=\"product:price:currency\" content=\"EUR\" \/>\n<meta property=\"og:availability\" content=\"instock\" \/>\n<meta property=\"product:availability\" content=\"instock\" \/>\n<meta property=\"product:retailer_item_id\" content=\"69eee216f9fe\" \/>\n<meta property=\"product:condition\" content=\"new\" \/>\n<!-- \/ Yoast SEO Premium plugin. -->","yoast_head_json":{"title":"Hikvision DS-KAD706 vaizdo ir garso skirstytuvas","description":"Hikvision DS-KAD706 vaizdo ir garso skirstytuvas ; 2 laid\u0173 IP skirstytuvas ; 8 s\u0105saj\u0173 indikatoriai, 1 RJ-45 s\u0105saja, 1 Reset mygtukas","robots":{"index":"index","follow":"follow","max-snippet":"max-snippet:-1","max-image-preview":"max-image-preview:large","max-video-preview":"max-video-preview:-1"},"canonical":"https:\/\/eheating.lt\/en\/produktas\/hikvision-ds-kad706-vaizdo-ir-garso-skirstytuvas\/","og_locale":"en_US","og_type":"article","og_title":"Hikvision DS-KAD706 vaizdo ir garso skirstytuvas","og_description":"Hikvision DS-KAD706 vaizdo ir garso skirstytuvas ; 2 laid\u0173 IP skirstytuvas ; 8 s\u0105saj\u0173 indikatoriai, 1 RJ-45 s\u0105saja, 1 Reset mygtukas","og_url":"https:\/\/eheating.lt\/en\/produktas\/hikvision-ds-kad706-vaizdo-ir-garso-skirstytuvas\/","og_site_name":"Elektronika Namams","article_publisher":"https:\/\/www.facebook.com\/ElektronikaNamams","article_modified_time":"2024-09-13T12:13:12+00:00","og_image":[{"width":800,"height":800,"url":"https:\/\/eheating.lt\/wp-content\/uploads\/2023\/10\/Hikvision-DS-KAD706-vaizdo-ir-garso-skirstytuvas.png","type":"image\/png"}],"twitter_card":"summary_large_image","twitter_misc":{"Price":"176,65&nbsp;&euro;","Availability":"In stock"},"schema":{"@context":"https:\/\/schema.org","@graph":[{"@type":"WebPage","@id":"https:\/\/eheating.lt\/en\/produktas\/hikvision-ds-kad706-vaizdo-ir-garso-skirstytuvas\/","url":"https:\/\/eheating.lt\/en\/produktas\/hikvision-ds-kad706-vaizdo-ir-garso-skirstytuvas\/","name":"Hikvision DS-KAD706 vaizdo ir garso skirstytuvas","isPartOf":{"@id":"https:\/\/eheating.lt\/#website"},"primaryImageOfPage":{"@id":"https:\/\/eheating.lt\/en\/produktas\/hikvision-ds-kad706-vaizdo-ir-garso-skirstytuvas\/#primaryimage"},"image":{"@id":"https:\/\/eheating.lt\/en\/produktas\/hikvision-ds-kad706-vaizdo-ir-garso-skirstytuvas\/#primaryimage"},"thumbnailUrl":"https:\/\/eheating.lt\/wp-content\/uploads\/2023\/10\/Hikvision-DS-KAD706-vaizdo-ir-garso-skirstytuvas.png","datePublished":"2023-12-18T20:22:05+00:00","dateModified":"2024-09-13T12:13:12+00:00","description":"Hikvision DS-KAD706 vaizdo ir garso skirstytuvas ; 2 laid\u0173 IP skirstytuvas ; 8 s\u0105saj\u0173 indikatoriai, 1 RJ-45 s\u0105saja, 1 Reset mygtukas","breadcrumb":{"@id":"https:\/\/eheating.lt\/en\/produktas\/hikvision-ds-kad706-vaizdo-ir-garso-skirstytuvas\/#breadcrumb"},"inLanguage":"en-US","potentialAction":[{"@type":"ReadAction","target":["https:\/\/eheating.lt\/en\/produktas\/hikvision-ds-kad706-vaizdo-ir-garso-skirstytuvas\/"]}]},{"@type":"ImageObject","inLanguage":"en-US","@id":"https:\/\/eheating.lt\/en\/produktas\/hikvision-ds-kad706-vaizdo-ir-garso-skirstytuvas\/#primaryimage","url":"https:\/\/eheating.lt\/wp-content\/uploads\/2023\/10\/Hikvision-DS-KAD706-vaizdo-ir-garso-skirstytuvas.png","contentUrl":"https:\/\/eheating.lt\/wp-content\/uploads\/2023\/10\/Hikvision-DS-KAD706-vaizdo-ir-garso-skirstytuvas.png","width":800,"height":800,"caption":"Hikvision DS-KAD706 vaizdo ir garso skirstytuvas"},{"@type":"BreadcrumbList","@id":"https:\/\/eheating.lt\/en\/produktas\/hikvision-ds-kad706-vaizdo-ir-garso-skirstytuvas\/#breadcrumb","itemListElement":[{"@type":"ListItem","position":1,"name":"Prad\u017eia","item":"https:\/\/eheating.lt\/en\/"},{"@type":"ListItem","position":2,"name":"Shop","item":"https:\/\/eheating.lt\/en\/?page_id=5734"},{"@type":"ListItem","position":3,"name":"Hikvision DS-KAD706 vaizdo ir garso skirstytuvas"}]},{"@type":"WebSite","@id":"https:\/\/eheating.lt\/#website","url":"https:\/\/eheating.lt\/","name":"eHeating","description":"Elektronika ir \u0161ildymas","potentialAction":[{"@type":"SearchAction","target":{"@type":"EntryPoint","urlTemplate":"https:\/\/eheating.lt\/?s={search_term_string}"},"query-input":{"@type":"PropertyValueSpecification","valueRequired":true,"valueName":"search_term_string"}}],"inLanguage":"en-US"}]},"product_price_amount":"176.65","product_price_currency":"EUR","og_availability":"instock","product_availability":"instock","product_retailer_item_id":"69eee216f9fe","product_condition":"new"},"_links":{"self":[{"href":"https:\/\/eheating.lt\/en\/wp-json\/wp\/v2\/product\/16812","targetHints":{"allow":["GET"]}}],"collection":[{"href":"https:\/\/eheating.lt\/en\/wp-json\/wp\/v2\/product"}],"about":[{"href":"https:\/\/eheating.lt\/en\/wp-json\/wp\/v2\/types\/product"}],"replies":[{"embeddable":true,"href":"https:\/\/eheating.lt\/en\/wp-json\/wp\/v2\/comments?post=16812"}],"version-history":[{"count":0,"href":"https:\/\/eheating.lt\/en\/wp-json\/wp\/v2\/product\/16812\/revisions"}],"wp:featuredmedia":[{"embeddable":true,"href":"https:\/\/eheating.lt\/en\/wp-json\/wp\/v2\/media\/29549"}],"wp:attachment":[{"href":"https:\/\/eheating.lt\/en\/wp-json\/wp\/v2\/media?parent=16812"}],"wp:term":[{"taxonomy":"product_brand","embeddable":true,"href":"https:\/\/eheating.lt\/en\/wp-json\/wp\/v2\/product_brand?post=16812"},{"taxonomy":"product_cat","embeddable":true,"href":"https:\/\/eheating.lt\/en\/wp-json\/wp\/v2\/product_cat?post=16812"},{"taxonomy":"product_tag","embeddable":true,"href":"https:\/\/eheating.lt\/en\/wp-json\/wp\/v2\/product_tag?post=16812"}],"curies":[{"name":"wp","href":"https:\/\/api.w.org\/{rel}","templated":true}]}}