{"id":16810,"date":"2023-12-14T21:05:10","date_gmt":"2023-12-14T19:05:10","guid":{"rendered":"https:\/\/eheating.lt\/?post_type=product&#038;p=16810"},"modified":"2024-10-18T16:44:55","modified_gmt":"2024-10-18T13:44:55","slug":"hikvision-ds-kv8413-wme1","status":"publish","type":"product","link":"https:\/\/eheating.lt\/en\/produktas\/hikvision-ds-kv8413-wme1\/","title":{"rendered":"Hikvision DS-KV8413-WME1"},"content":{"rendered":"<table>\n<tbody>\n<tr>\n<td>Veikimas<\/td>\n<td>Physical button<\/td>\n<\/tr>\n<tr>\n<td>Operacin\u0117 sistema<\/td>\n<td>Embedded Linux operation system<\/td>\n<\/tr>\n<tr>\n<td>Vidin\u0117 atmintis<\/td>\n<td>32MB<\/td>\n<\/tr>\n<tr>\n<td>RAM<\/td>\n<td>256MB<\/td>\n<\/tr>\n<tr>\n<td>Tamperingo apsauga<\/td>\n<td>1<\/td>\n<\/tr>\n<tr>\n<td>Ezernetas<\/td>\n<td>10\/100 Mbps Ethernet<\/td>\n<\/tr>\n<tr>\n<td>Tinklo protokolas<\/td>\n<td>TCP\/IP, RSTP<\/td>\n<\/tr>\n<tr>\n<td>Wifi<\/td>\n<td>2.4G Wi-Fi<\/td>\n<\/tr>\n<tr>\n<td>Garso \u012fvestis<\/td>\n<td>Built-in omnidirectional microphone<\/td>\n<\/tr>\n<tr>\n<td>Garso i\u0161vestis<\/td>\n<td>Built-in loudspeaker<\/td>\n<\/tr>\n<tr>\n<td>Garso suspaudimo standartas<\/td>\n<td>G.711 U<\/td>\n<\/tr>\n<tr>\n<td>Garso suspaudimo greitis<\/td>\n<td>64 Kbps<\/td>\n<\/tr>\n<tr>\n<td>Garso kokyb\u0117<\/td>\n<td>Noise suppression and echo cancellation<\/td>\n<\/tr>\n<tr>\n<td>Indikatorius<\/td>\n<td>3<\/td>\n<\/tr>\n<tr>\n<td>Apsauga nuo vandal\u0173<\/td>\n<td>IK08<\/td>\n<\/tr>\n<tr>\n<td>Maitinimas<\/td>\n<td>IEEE802.3af, standard PoE 12 VDC<\/td>\n<\/tr>\n<tr>\n<td>Suvartojimas<\/td>\n<td>\uff1c 10 W<\/td>\n<\/tr>\n<tr>\n<td>Matmenys (I x P x G)<\/td>\n<td>174 mm \u00d7 91 mm \u00d7 29 mm<\/td>\n<\/tr>\n<tr>\n<td>Instaliavimas<\/td>\n<td>Surface mounting\/ Flush mounting<\/td>\n<\/tr>\n<tr>\n<td>Darbin\u0117 temperat\u016bra<\/td>\n<td>-40\u00b0 C to 53\u00b0 C(-40\u00b0 F to 127.4\u00b0 F)<\/td>\n<\/tr>\n<tr>\n<td>Darin\u0117 tempereat\u016bra<\/td>\n<td>10% to 95%<\/td>\n<\/tr>\n<tr>\n<td>Apsauga<\/td>\n<td>IP65<\/td>\n<\/tr>\n<tr>\n<td>Kamera<\/td>\n<td>2MP HD Camera<\/td>\n<\/tr>\n<tr>\n<td>WDR<\/td>\n<td>True WDR<\/td>\n<\/tr>\n<tr>\n<td>Vaizdo suspaudimo standartas<\/td>\n<td>H.264<\/td>\n<\/tr>\n<tr>\n<td>Rai\u0161ka<\/td>\n<td>Main stream: 1920 \u00d7 1080p, 720p Sub stream: 704 \u00d7 576<\/td>\n<\/tr>\n<tr>\n<td>Filavimas nakt\u012f<\/td>\n<td>Low illumination IR supplement mode<\/td>\n<\/tr>\n<tr>\n<td>Vaizdo transliavimas<\/td>\n<td>Main stream: 1080p@30fps, 720p@25fps Sub stream: D1@25fps<\/td>\n<\/tr>\n<tr>\n<td>Matymo laukas<\/td>\n<td>Horizontal: 129\u00b0 Vertical: 75\u00b0<\/td>\n<\/tr>\n<tr>\n<td>Mygtukas<\/td>\n<td>4<\/td>\n<\/tr>\n<tr>\n<td>Pavojaus signalo \u012fvestis<\/td>\n<td>4<\/td>\n<\/tr>\n<tr>\n<td>TF kortel\u0117<\/td>\n<td>Max to 32G<\/td>\n<\/tr>\n<tr>\n<td>Spynos rel\u0117<\/td>\n<td>2<\/td>\n<\/tr>\n<tr>\n<td>Judesio detekcija<\/td>\n<td>Support<\/td>\n<\/tr>\n<tr>\n<td>Korteli\u0173 skaitytuvas<\/td>\n<td>13.56 MHz Mifare Card Reader<\/td>\n<\/tr>\n<\/tbody>\n<\/table>\n","protected":false},"excerpt":{"rendered":"<ul>\n<li>2MP HD kamera<\/li>\n<li>Konfig\u016bravimas internetu per Wifi<\/li>\n<li>Matymo laukas: horizontaliai 129\u00b0, vertikaliai 75\u00b0<\/li>\n<li>Mifare korteli\u0173 skaitytuvas<\/li>\n<li class=\"product_description_item\">2 r\u0117liniai i\u0161\u0117jimai<\/li>\n<li class=\"product_description_item\">RS485 Triuk\u0161m\u0173 suma\u017einimas<\/li>\n<li class=\"product_description_item\">4 kanal\u0173 aliarmo \u012fvestis, 1 kanalo aliarmo i\u0161vestis<\/li>\n<li class=\"product_description_item\">RFID Mifare<\/li>\n<li class=\"product_description_item\">PoE\/ 12 VDC<\/li>\n<\/ul>\n<p>&nbsp;<\/p>\n","protected":false},"featured_media":29619,"comment_status":"closed","ping_status":"closed","template":"","meta":[],"product_brand":[],"product_cat":[396,398,356],"product_tag":[974],"class_list":{"0":"post-16810","1":"product","2":"type-product","3":"status-publish","4":"has-post-thumbnail","6":"product_cat-ip-vaizdo-telefonspynes","7":"product_cat-ip-iskvietimo-moduliai","8":"product_cat-vaizdo-telefonspynes","9":"product_tag-ean","11":"first","12":"onbackorder","13":"purchasable","14":"product-type-simple"},"yoast_head":"<!-- This site is optimized with the Yoast SEO Premium plugin v21.5 (Yoast SEO v27.4) - https:\/\/yoast.com\/product\/yoast-seo-premium-wordpress\/ -->\n<title>Hikvision DS-KV8413-WME1<\/title>\n<meta name=\"description\" content=\"Hikvision DS-KV8413-WME1 IP i\u0161kvietimo modulis ; 2MP HD kamera ; Matymo laukas: horizontaliai 129\u00b0, vertikaliai 75\u00b0 ; 2 r\u0117liniai i\u0161\u0117jimai ; PoE\" \/>\n<meta name=\"robots\" content=\"index, follow, max-snippet:-1, max-image-preview:large, max-video-preview:-1\" \/>\n<link rel=\"canonical\" href=\"https:\/\/eheating.lt\/produktas\/hikvision-ds-kv8413-wme1\/\" \/>\n<meta property=\"og:locale\" content=\"en_US\" \/>\n<meta property=\"og:type\" content=\"article\" \/>\n<meta property=\"og:title\" content=\"Hikvision DS-KV8413-WME1\" \/>\n<meta property=\"og:description\" content=\"Hikvision DS-KV8413-WME1 IP i\u0161kvietimo modulis ; 2MP HD kamera ; Matymo laukas: horizontaliai 129\u00b0, vertikaliai 75\u00b0 ; 2 r\u0117liniai i\u0161\u0117jimai ; PoE\" \/>\n<meta property=\"og:url\" content=\"https:\/\/eheating.lt\/produktas\/hikvision-ds-kv8413-wme1\/\" \/>\n<meta property=\"og:site_name\" content=\"Elektronika Namams\" \/>\n<meta property=\"article:publisher\" content=\"https:\/\/www.facebook.com\/ElektronikaNamams\" \/>\n<meta property=\"article:modified_time\" content=\"2024-10-18T13:44:55+00:00\" \/>\n<meta property=\"og:image\" content=\"https:\/\/eheating.lt\/wp-content\/uploads\/2023\/10\/Hikvision-DS-KV8413-WME1.png\" \/>\n\t<meta property=\"og:image:width\" content=\"800\" \/>\n\t<meta property=\"og:image:height\" content=\"800\" \/>\n\t<meta property=\"og:image:type\" content=\"image\/png\" \/>\n<meta name=\"twitter:card\" content=\"summary_large_image\" \/>\n<meta name=\"twitter:label1\" content=\"Price\" \/>\n\t<meta name=\"twitter:data1\" content=\"368,90&nbsp;&euro;\" \/>\n\t<meta name=\"twitter:label2\" content=\"Availability\" \/>\n\t<meta name=\"twitter:data2\" content=\"On backorder\" \/>\n<script type=\"application\/ld+json\" class=\"yoast-schema-graph\">{\"@context\":\"https:\\\/\\\/schema.org\",\"@graph\":[{\"@type\":\"WebPage\",\"@id\":\"https:\\\/\\\/eheating.lt\\\/produktas\\\/hikvision-ds-kv8413-wme1\\\/\",\"url\":\"https:\\\/\\\/eheating.lt\\\/produktas\\\/hikvision-ds-kv8413-wme1\\\/\",\"name\":\"Hikvision DS-KV8413-WME1\",\"isPartOf\":{\"@id\":\"https:\\\/\\\/eheating.lt\\\/#website\"},\"primaryImageOfPage\":{\"@id\":\"https:\\\/\\\/eheating.lt\\\/produktas\\\/hikvision-ds-kv8413-wme1\\\/#primaryimage\"},\"image\":{\"@id\":\"https:\\\/\\\/eheating.lt\\\/produktas\\\/hikvision-ds-kv8413-wme1\\\/#primaryimage\"},\"thumbnailUrl\":\"https:\\\/\\\/eheating.lt\\\/wp-content\\\/uploads\\\/2023\\\/10\\\/Hikvision-DS-KV8413-WME1.png\",\"datePublished\":\"2023-12-14T19:05:10+00:00\",\"dateModified\":\"2024-10-18T13:44:55+00:00\",\"description\":\"Hikvision DS-KV8413-WME1 IP i\u0161kvietimo modulis ; 2MP HD kamera ; Matymo laukas: horizontaliai 129\u00b0, vertikaliai 75\u00b0 ; 2 r\u0117liniai i\u0161\u0117jimai ; PoE\",\"breadcrumb\":{\"@id\":\"https:\\\/\\\/eheating.lt\\\/produktas\\\/hikvision-ds-kv8413-wme1\\\/#breadcrumb\"},\"inLanguage\":\"en-US\",\"potentialAction\":[{\"@type\":\"ReadAction\",\"target\":[\"https:\\\/\\\/eheating.lt\\\/produktas\\\/hikvision-ds-kv8413-wme1\\\/\"]}]},{\"@type\":\"ImageObject\",\"inLanguage\":\"en-US\",\"@id\":\"https:\\\/\\\/eheating.lt\\\/produktas\\\/hikvision-ds-kv8413-wme1\\\/#primaryimage\",\"url\":\"https:\\\/\\\/eheating.lt\\\/wp-content\\\/uploads\\\/2023\\\/10\\\/Hikvision-DS-KV8413-WME1.png\",\"contentUrl\":\"https:\\\/\\\/eheating.lt\\\/wp-content\\\/uploads\\\/2023\\\/10\\\/Hikvision-DS-KV8413-WME1.png\",\"width\":800,\"height\":800,\"caption\":\"Hikvision DS-KV8413-WME1\"},{\"@type\":\"BreadcrumbList\",\"@id\":\"https:\\\/\\\/eheating.lt\\\/produktas\\\/hikvision-ds-kv8413-wme1\\\/#breadcrumb\",\"itemListElement\":[{\"@type\":\"ListItem\",\"position\":1,\"name\":\"Prad\u017eia\",\"item\":\"https:\\\/\\\/eheating.lt\\\/en\\\/\"},{\"@type\":\"ListItem\",\"position\":2,\"name\":\"Shop\",\"item\":\"https:\\\/\\\/eheating.lt\\\/en\\\/?page_id=5734\"},{\"@type\":\"ListItem\",\"position\":3,\"name\":\"Hikvision DS-KV8413-WME1\"}]},{\"@type\":\"WebSite\",\"@id\":\"https:\\\/\\\/eheating.lt\\\/#website\",\"url\":\"https:\\\/\\\/eheating.lt\\\/\",\"name\":\"eHeating\",\"description\":\"Elektronika ir \u0161ildymas\",\"potentialAction\":[{\"@type\":\"SearchAction\",\"target\":{\"@type\":\"EntryPoint\",\"urlTemplate\":\"https:\\\/\\\/eheating.lt\\\/?s={search_term_string}\"},\"query-input\":{\"@type\":\"PropertyValueSpecification\",\"valueRequired\":true,\"valueName\":\"search_term_string\"}}],\"inLanguage\":\"en-US\"}]}<\/script>\n<meta property=\"product:price:amount\" content=\"368.90\" \/>\n<meta property=\"product:price:currency\" content=\"EUR\" \/>\n<meta property=\"og:availability\" content=\"backorder\" \/>\n<meta property=\"product:availability\" content=\"available for order\" \/>\n<meta property=\"product:retailer_item_id\" content=\"a1dc9ccf7c6e\" \/>\n<meta property=\"product:condition\" content=\"new\" \/>\n<!-- \/ Yoast SEO Premium plugin. -->","yoast_head_json":{"title":"Hikvision DS-KV8413-WME1","description":"Hikvision DS-KV8413-WME1 IP i\u0161kvietimo modulis ; 2MP HD kamera ; Matymo laukas: horizontaliai 129\u00b0, vertikaliai 75\u00b0 ; 2 r\u0117liniai i\u0161\u0117jimai ; PoE","robots":{"index":"index","follow":"follow","max-snippet":"max-snippet:-1","max-image-preview":"max-image-preview:large","max-video-preview":"max-video-preview:-1"},"canonical":"https:\/\/eheating.lt\/produktas\/hikvision-ds-kv8413-wme1\/","og_locale":"en_US","og_type":"article","og_title":"Hikvision DS-KV8413-WME1","og_description":"Hikvision DS-KV8413-WME1 IP i\u0161kvietimo modulis ; 2MP HD kamera ; Matymo laukas: horizontaliai 129\u00b0, vertikaliai 75\u00b0 ; 2 r\u0117liniai i\u0161\u0117jimai ; PoE","og_url":"https:\/\/eheating.lt\/produktas\/hikvision-ds-kv8413-wme1\/","og_site_name":"Elektronika Namams","article_publisher":"https:\/\/www.facebook.com\/ElektronikaNamams","article_modified_time":"2024-10-18T13:44:55+00:00","og_image":[{"width":800,"height":800,"url":"https:\/\/eheating.lt\/wp-content\/uploads\/2023\/10\/Hikvision-DS-KV8413-WME1.png","type":"image\/png"}],"twitter_card":"summary_large_image","twitter_misc":{"Price":"368,90&nbsp;&euro;","Availability":"On backorder"},"schema":{"@context":"https:\/\/schema.org","@graph":[{"@type":"WebPage","@id":"https:\/\/eheating.lt\/produktas\/hikvision-ds-kv8413-wme1\/","url":"https:\/\/eheating.lt\/produktas\/hikvision-ds-kv8413-wme1\/","name":"Hikvision DS-KV8413-WME1","isPartOf":{"@id":"https:\/\/eheating.lt\/#website"},"primaryImageOfPage":{"@id":"https:\/\/eheating.lt\/produktas\/hikvision-ds-kv8413-wme1\/#primaryimage"},"image":{"@id":"https:\/\/eheating.lt\/produktas\/hikvision-ds-kv8413-wme1\/#primaryimage"},"thumbnailUrl":"https:\/\/eheating.lt\/wp-content\/uploads\/2023\/10\/Hikvision-DS-KV8413-WME1.png","datePublished":"2023-12-14T19:05:10+00:00","dateModified":"2024-10-18T13:44:55+00:00","description":"Hikvision DS-KV8413-WME1 IP i\u0161kvietimo modulis ; 2MP HD kamera ; Matymo laukas: horizontaliai 129\u00b0, vertikaliai 75\u00b0 ; 2 r\u0117liniai i\u0161\u0117jimai ; PoE","breadcrumb":{"@id":"https:\/\/eheating.lt\/produktas\/hikvision-ds-kv8413-wme1\/#breadcrumb"},"inLanguage":"en-US","potentialAction":[{"@type":"ReadAction","target":["https:\/\/eheating.lt\/produktas\/hikvision-ds-kv8413-wme1\/"]}]},{"@type":"ImageObject","inLanguage":"en-US","@id":"https:\/\/eheating.lt\/produktas\/hikvision-ds-kv8413-wme1\/#primaryimage","url":"https:\/\/eheating.lt\/wp-content\/uploads\/2023\/10\/Hikvision-DS-KV8413-WME1.png","contentUrl":"https:\/\/eheating.lt\/wp-content\/uploads\/2023\/10\/Hikvision-DS-KV8413-WME1.png","width":800,"height":800,"caption":"Hikvision DS-KV8413-WME1"},{"@type":"BreadcrumbList","@id":"https:\/\/eheating.lt\/produktas\/hikvision-ds-kv8413-wme1\/#breadcrumb","itemListElement":[{"@type":"ListItem","position":1,"name":"Prad\u017eia","item":"https:\/\/eheating.lt\/en\/"},{"@type":"ListItem","position":2,"name":"Shop","item":"https:\/\/eheating.lt\/en\/?page_id=5734"},{"@type":"ListItem","position":3,"name":"Hikvision DS-KV8413-WME1"}]},{"@type":"WebSite","@id":"https:\/\/eheating.lt\/#website","url":"https:\/\/eheating.lt\/","name":"eHeating","description":"Elektronika ir \u0161ildymas","potentialAction":[{"@type":"SearchAction","target":{"@type":"EntryPoint","urlTemplate":"https:\/\/eheating.lt\/?s={search_term_string}"},"query-input":{"@type":"PropertyValueSpecification","valueRequired":true,"valueName":"search_term_string"}}],"inLanguage":"en-US"}]},"product_price_amount":"368.90","product_price_currency":"EUR","og_availability":"backorder","product_availability":"available for order","product_retailer_item_id":"a1dc9ccf7c6e","product_condition":"new"},"_links":{"self":[{"href":"https:\/\/eheating.lt\/en\/wp-json\/wp\/v2\/product\/16810","targetHints":{"allow":["GET"]}}],"collection":[{"href":"https:\/\/eheating.lt\/en\/wp-json\/wp\/v2\/product"}],"about":[{"href":"https:\/\/eheating.lt\/en\/wp-json\/wp\/v2\/types\/product"}],"replies":[{"embeddable":true,"href":"https:\/\/eheating.lt\/en\/wp-json\/wp\/v2\/comments?post=16810"}],"version-history":[{"count":0,"href":"https:\/\/eheating.lt\/en\/wp-json\/wp\/v2\/product\/16810\/revisions"}],"wp:featuredmedia":[{"embeddable":true,"href":"https:\/\/eheating.lt\/en\/wp-json\/wp\/v2\/media\/29619"}],"wp:attachment":[{"href":"https:\/\/eheating.lt\/en\/wp-json\/wp\/v2\/media?parent=16810"}],"wp:term":[{"taxonomy":"product_brand","embeddable":true,"href":"https:\/\/eheating.lt\/en\/wp-json\/wp\/v2\/product_brand?post=16810"},{"taxonomy":"product_cat","embeddable":true,"href":"https:\/\/eheating.lt\/en\/wp-json\/wp\/v2\/product_cat?post=16810"},{"taxonomy":"product_tag","embeddable":true,"href":"https:\/\/eheating.lt\/en\/wp-json\/wp\/v2\/product_tag?post=16810"}],"curies":[{"name":"wp","href":"https:\/\/api.w.org\/{rel}","templated":true}]}}