{"id":16796,"date":"2023-11-17T23:43:38","date_gmt":"2023-11-17T21:43:38","guid":{"rendered":"https:\/\/eheating.lt\/?post_type=product&#038;p=16796"},"modified":"2024-10-18T16:44:39","modified_gmt":"2024-10-18T13:44:39","slug":"hikvision-dome-ds-2ce76h0t-itpfs-f2-8","status":"publish","type":"product","link":"https:\/\/eheating.lt\/en\/produktas\/hikvision-dome-ds-2ce76h0t-itpfs-f2-8\/","title":{"rendered":"Hikvision dome DS-2CE76H0T-ITPFS F2.8"},"content":{"rendered":"<table>\n<tbody>\n<tr>\n<td>Obejktyvas<\/td>\n<td>2.8 mm, 3.6 mm, 6 mm fixed lens<\/td>\n<\/tr>\n<tr>\n<td>Horizontalus matymo laukas<\/td>\n<td>102.2\u00b0 (2.8 mm), 79\u00b0 (3.6 mm), 50.8\u00b0 (6 mm)<\/td>\n<\/tr>\n<tr>\n<td>Objektyvo montavimas<\/td>\n<td>M16<\/td>\n<\/tr>\n<tr>\n<td>DIena ir naktis<\/td>\n<td>IR cut filter<\/td>\n<\/tr>\n<tr>\n<td>Sinchronizacija<\/td>\n<td>Internal synchronization<\/td>\n<\/tr>\n<tr>\n<td>Kampo valdymas<\/td>\n<td>Pan: 0\u00b0 to 360\u00b0, Tilt:0\u00b0 to 75\u00b0, Rotate: 0\u00b0 to 360\u00b0<\/td>\n<\/tr>\n<tr>\n<td>Sensorius<\/td>\n<td>5 MP CMOS<\/td>\n<\/tr>\n<tr>\n<td>SIgnalo sistema<\/td>\n<td>PAL\/NTSC<\/td>\n<\/tr>\n<tr>\n<td>Kadr\u0173 skai\u010dius<\/td>\n<td>TVI: 5MP@20fps, 4MP@30fps, 4MP@25fps, 1080P@30fps, 1080P@25fps CVI: 4MP@30fps, 4MP@25fps AHD: 5MP@20fps, 4MP@30fps, 4MP@25fps CVBS: PAL\/NTSC<\/td>\n<\/tr>\n<tr>\n<td>Rai\u0161ka<\/td>\n<td>2560(H) \u00d7 1944 (V)<\/td>\n<\/tr>\n<tr>\n<td>Min. ap\u0161vietimas<\/td>\n<td>Color: 0.01 Lux@(F1.2, AGC ON), 0 Lux with IR<\/td>\n<\/tr>\n<tr>\n<td>U\u017erakto laikas<\/td>\n<td>PAL: 1\/12.5 s to 1\/50,000 s NTSC: 1\/15 s to 1\/50,000 s<\/td>\n<\/tr>\n<tr>\n<td>AGC<\/td>\n<td>Yes<\/td>\n<\/tr>\n<tr>\n<td>Diena\/naktis re\u017eimas<\/td>\n<td>Auto\/Color\/BW (Black and White)<\/td>\n<\/tr>\n<tr>\n<td>Baltos spalvos balansas<\/td>\n<td>Auto\/Manual<\/td>\n<\/tr>\n<tr>\n<td>Pa\u0161vietimo kompensavimas<\/td>\n<td>Yes<\/td>\n<\/tr>\n<tr>\n<td>DWDR<\/td>\n<td>105 dB<\/td>\n<\/tr>\n<tr>\n<td>Kalba<\/td>\n<td>English<\/td>\n<\/tr>\n<tr>\n<td>Funkcijos<\/td>\n<td>Brightness, Sharpness, DNR, Mirror, Smart IR, HLC<\/td>\n<\/tr>\n<tr>\n<td>Vaizdo i\u0161vestis<\/td>\n<td>1 HD analog output<\/td>\n<\/tr>\n<tr>\n<td>Perjungimo mygtukas<\/td>\n<td>TVI\/AHD\/CVI\/CVBS<\/td>\n<\/tr>\n<tr>\n<td>Darbo s\u0105lygos<\/td>\n<td>-40 \u00b0C to 60 \u00b0C (-40 \u00b0F to 140 \u00b0F), humidity: 90% or less (non-condensation)<\/td>\n<\/tr>\n<tr>\n<td>Maitinimas<\/td>\n<td>12 VDC \u00b125% *You are recommended to use one power adapter to supply the power for one camera.<\/td>\n<\/tr>\n<tr>\n<td>Suvartojimas<\/td>\n<td>Max. 5.3 W<\/td>\n<\/tr>\n<tr>\n<td>Med\u017eiaga<\/td>\n<td>Plastic<\/td>\n<\/tr>\n<tr>\n<td>IR atstumas<\/td>\n<td>Up to 20 m<\/td>\n<\/tr>\n<tr>\n<td>Ry\u0161iai<\/td>\n<td>Up the coax, Protocol: HIKVISION-C (TVI output)<\/td>\n<\/tr>\n<tr>\n<td>Matmenys<\/td>\n<td>\u00d8 70 mm \u00d7 159.8 mm (\u00d8 2.76&#8243; \u00d7 6.29&#8243; )<\/td>\n<\/tr>\n<tr>\n<td>Svoris<\/td>\n<td>Approx. 180 g (0.40 lb.)<\/td>\n<\/tr>\n<\/tbody>\n<\/table>\n","protected":false},"excerpt":{"rendered":"<div class=\"short-desc\">\n<ul>\n<li>5MP (MegaPixel) dome Turbo HD kamera<\/li>\n<li>2.8mm objektyvas<\/li>\n<li>4 in 1 vaizdo i\u0161vestis (perjungiama TVI\/AHD\/CVI\/CVBS)<\/li>\n<li>OSD meniu, DNR<\/li>\n<li>EXIR 2.0, i\u0161manus IR, iki 20m<\/li>\n<\/ul>\n<\/div>\n","protected":false},"featured_media":28995,"comment_status":"closed","ping_status":"closed","template":"","meta":[],"product_brand":[],"product_cat":[840,838,837],"product_tag":[],"class_list":{"0":"post-16796","1":"product","2":"type-product","3":"status-publish","4":"has-post-thumbnail","6":"product_cat-turbo-hd-dome-cameras","7":"product_cat-turbo-hd-cameras","8":"product_cat-turbo-hd-video-surveillance","10":"first","11":"onbackorder","12":"purchasable","13":"product-type-simple"},"yoast_head":"<!-- This site is optimized with the Yoast SEO Premium plugin v21.5 (Yoast SEO v27.3) - https:\/\/yoast.com\/product\/yoast-seo-premium-wordpress\/ -->\n<title>Hikvision dome DS-2CE76H0T-ITPFS F2.8<\/title>\n<meta name=\"description\" content=\"Hikvision dome DS-2CE76H0T-ITPFS F2.8 kamera ; Vieno prievado keturi kei\u010diami signalai (TVI\/AHD\/CVI\/CVBS) ; Rai\u0161ka - 5MP ; EXIR 2.0, i\u0161manus IR, iki 20m\" \/>\n<meta name=\"robots\" content=\"index, follow, max-snippet:-1, max-image-preview:large, max-video-preview:-1\" \/>\n<link rel=\"canonical\" href=\"https:\/\/eheating.lt\/produktas\/hikvision-dome-ds-2ce76h0t-itpfs-f2-8\/\" \/>\n<meta property=\"og:locale\" content=\"en_US\" \/>\n<meta property=\"og:type\" content=\"article\" \/>\n<meta property=\"og:title\" content=\"Hikvision dome DS-2CE76H0T-ITPFS F2.8\" \/>\n<meta property=\"og:description\" content=\"Hikvision dome DS-2CE76H0T-ITPFS F2.8 kamera ; Vieno prievado keturi kei\u010diami signalai (TVI\/AHD\/CVI\/CVBS) ; Rai\u0161ka - 5MP ; EXIR 2.0, i\u0161manus IR, iki 20m\" \/>\n<meta property=\"og:url\" content=\"https:\/\/eheating.lt\/produktas\/hikvision-dome-ds-2ce76h0t-itpfs-f2-8\/\" \/>\n<meta property=\"og:site_name\" content=\"Elektronika Namams\" \/>\n<meta property=\"article:publisher\" content=\"https:\/\/www.facebook.com\/ElektronikaNamams\" \/>\n<meta property=\"article:modified_time\" content=\"2024-10-18T13:44:39+00:00\" \/>\n<meta property=\"og:image\" content=\"https:\/\/eheating.lt\/wp-content\/uploads\/2023\/10\/Hikvision-dome-DS-2CE76H0T-ITPFS-F2.8.png\" \/>\n\t<meta property=\"og:image:width\" content=\"800\" \/>\n\t<meta property=\"og:image:height\" content=\"800\" \/>\n\t<meta property=\"og:image:type\" content=\"image\/png\" \/>\n<meta name=\"twitter:card\" content=\"summary_large_image\" \/>\n<meta name=\"twitter:label1\" content=\"Price\" \/>\n\t<meta name=\"twitter:data1\" content=\"65,38&nbsp;&euro;\" \/>\n\t<meta name=\"twitter:label2\" content=\"Availability\" \/>\n\t<meta name=\"twitter:data2\" content=\"On backorder\" \/>\n<script type=\"application\/ld+json\" class=\"yoast-schema-graph\">{\"@context\":\"https:\\\/\\\/schema.org\",\"@graph\":[{\"@type\":\"WebPage\",\"@id\":\"https:\\\/\\\/eheating.lt\\\/produktas\\\/hikvision-dome-ds-2ce76h0t-itpfs-f2-8\\\/\",\"url\":\"https:\\\/\\\/eheating.lt\\\/produktas\\\/hikvision-dome-ds-2ce76h0t-itpfs-f2-8\\\/\",\"name\":\"Hikvision dome DS-2CE76H0T-ITPFS F2.8\",\"isPartOf\":{\"@id\":\"https:\\\/\\\/eheating.lt\\\/#website\"},\"primaryImageOfPage\":{\"@id\":\"https:\\\/\\\/eheating.lt\\\/produktas\\\/hikvision-dome-ds-2ce76h0t-itpfs-f2-8\\\/#primaryimage\"},\"image\":{\"@id\":\"https:\\\/\\\/eheating.lt\\\/produktas\\\/hikvision-dome-ds-2ce76h0t-itpfs-f2-8\\\/#primaryimage\"},\"thumbnailUrl\":\"https:\\\/\\\/eheating.lt\\\/wp-content\\\/uploads\\\/2023\\\/10\\\/Hikvision-dome-DS-2CE76H0T-ITPFS-F2.8.png\",\"datePublished\":\"2023-11-17T21:43:38+00:00\",\"dateModified\":\"2024-10-18T13:44:39+00:00\",\"description\":\"Hikvision dome DS-2CE76H0T-ITPFS F2.8 kamera ; Vieno prievado keturi kei\u010diami signalai (TVI\\\/AHD\\\/CVI\\\/CVBS) ; Rai\u0161ka - 5MP ; EXIR 2.0, i\u0161manus IR, iki 20m\",\"breadcrumb\":{\"@id\":\"https:\\\/\\\/eheating.lt\\\/produktas\\\/hikvision-dome-ds-2ce76h0t-itpfs-f2-8\\\/#breadcrumb\"},\"inLanguage\":\"en-US\",\"potentialAction\":[{\"@type\":\"ReadAction\",\"target\":[\"https:\\\/\\\/eheating.lt\\\/produktas\\\/hikvision-dome-ds-2ce76h0t-itpfs-f2-8\\\/\"]}]},{\"@type\":\"ImageObject\",\"inLanguage\":\"en-US\",\"@id\":\"https:\\\/\\\/eheating.lt\\\/produktas\\\/hikvision-dome-ds-2ce76h0t-itpfs-f2-8\\\/#primaryimage\",\"url\":\"https:\\\/\\\/eheating.lt\\\/wp-content\\\/uploads\\\/2023\\\/10\\\/Hikvision-dome-DS-2CE76H0T-ITPFS-F2.8.png\",\"contentUrl\":\"https:\\\/\\\/eheating.lt\\\/wp-content\\\/uploads\\\/2023\\\/10\\\/Hikvision-dome-DS-2CE76H0T-ITPFS-F2.8.png\",\"width\":800,\"height\":800,\"caption\":\"Hikvision dome DS-2CE76H0T-ITPFS F2.8\"},{\"@type\":\"BreadcrumbList\",\"@id\":\"https:\\\/\\\/eheating.lt\\\/produktas\\\/hikvision-dome-ds-2ce76h0t-itpfs-f2-8\\\/#breadcrumb\",\"itemListElement\":[{\"@type\":\"ListItem\",\"position\":1,\"name\":\"Prad\u017eia\",\"item\":\"https:\\\/\\\/eheating.lt\\\/en\\\/\"},{\"@type\":\"ListItem\",\"position\":2,\"name\":\"Shop\",\"item\":\"https:\\\/\\\/eheating.lt\\\/en\\\/?page_id=5734\"},{\"@type\":\"ListItem\",\"position\":3,\"name\":\"Hikvision dome DS-2CE76H0T-ITPFS F2.8\"}]},{\"@type\":\"WebSite\",\"@id\":\"https:\\\/\\\/eheating.lt\\\/#website\",\"url\":\"https:\\\/\\\/eheating.lt\\\/\",\"name\":\"eHeating\",\"description\":\"Elektronika ir \u0161ildymas\",\"potentialAction\":[{\"@type\":\"SearchAction\",\"target\":{\"@type\":\"EntryPoint\",\"urlTemplate\":\"https:\\\/\\\/eheating.lt\\\/?s={search_term_string}\"},\"query-input\":{\"@type\":\"PropertyValueSpecification\",\"valueRequired\":true,\"valueName\":\"search_term_string\"}}],\"inLanguage\":\"en-US\"}]}<\/script>\n<meta property=\"product:price:amount\" content=\"65.38\" \/>\n<meta property=\"product:price:currency\" content=\"EUR\" \/>\n<meta property=\"og:availability\" content=\"backorder\" \/>\n<meta property=\"product:availability\" content=\"available for order\" \/>\n<meta property=\"product:retailer_item_id\" content=\"e7a01ef2ae9c\" \/>\n<meta property=\"product:condition\" content=\"new\" \/>\n<!-- \/ Yoast SEO Premium plugin. -->","yoast_head_json":{"title":"Hikvision dome DS-2CE76H0T-ITPFS F2.8","description":"Hikvision dome DS-2CE76H0T-ITPFS F2.8 kamera ; Vieno prievado keturi kei\u010diami signalai (TVI\/AHD\/CVI\/CVBS) ; Rai\u0161ka - 5MP ; EXIR 2.0, i\u0161manus IR, iki 20m","robots":{"index":"index","follow":"follow","max-snippet":"max-snippet:-1","max-image-preview":"max-image-preview:large","max-video-preview":"max-video-preview:-1"},"canonical":"https:\/\/eheating.lt\/produktas\/hikvision-dome-ds-2ce76h0t-itpfs-f2-8\/","og_locale":"en_US","og_type":"article","og_title":"Hikvision dome DS-2CE76H0T-ITPFS F2.8","og_description":"Hikvision dome DS-2CE76H0T-ITPFS F2.8 kamera ; Vieno prievado keturi kei\u010diami signalai (TVI\/AHD\/CVI\/CVBS) ; Rai\u0161ka - 5MP ; EXIR 2.0, i\u0161manus IR, iki 20m","og_url":"https:\/\/eheating.lt\/produktas\/hikvision-dome-ds-2ce76h0t-itpfs-f2-8\/","og_site_name":"Elektronika Namams","article_publisher":"https:\/\/www.facebook.com\/ElektronikaNamams","article_modified_time":"2024-10-18T13:44:39+00:00","og_image":[{"width":800,"height":800,"url":"https:\/\/eheating.lt\/wp-content\/uploads\/2023\/10\/Hikvision-dome-DS-2CE76H0T-ITPFS-F2.8.png","type":"image\/png"}],"twitter_card":"summary_large_image","twitter_misc":{"Price":"65,38&nbsp;&euro;","Availability":"On backorder"},"schema":{"@context":"https:\/\/schema.org","@graph":[{"@type":"WebPage","@id":"https:\/\/eheating.lt\/produktas\/hikvision-dome-ds-2ce76h0t-itpfs-f2-8\/","url":"https:\/\/eheating.lt\/produktas\/hikvision-dome-ds-2ce76h0t-itpfs-f2-8\/","name":"Hikvision dome DS-2CE76H0T-ITPFS F2.8","isPartOf":{"@id":"https:\/\/eheating.lt\/#website"},"primaryImageOfPage":{"@id":"https:\/\/eheating.lt\/produktas\/hikvision-dome-ds-2ce76h0t-itpfs-f2-8\/#primaryimage"},"image":{"@id":"https:\/\/eheating.lt\/produktas\/hikvision-dome-ds-2ce76h0t-itpfs-f2-8\/#primaryimage"},"thumbnailUrl":"https:\/\/eheating.lt\/wp-content\/uploads\/2023\/10\/Hikvision-dome-DS-2CE76H0T-ITPFS-F2.8.png","datePublished":"2023-11-17T21:43:38+00:00","dateModified":"2024-10-18T13:44:39+00:00","description":"Hikvision dome DS-2CE76H0T-ITPFS F2.8 kamera ; Vieno prievado keturi kei\u010diami signalai (TVI\/AHD\/CVI\/CVBS) ; Rai\u0161ka - 5MP ; EXIR 2.0, i\u0161manus IR, iki 20m","breadcrumb":{"@id":"https:\/\/eheating.lt\/produktas\/hikvision-dome-ds-2ce76h0t-itpfs-f2-8\/#breadcrumb"},"inLanguage":"en-US","potentialAction":[{"@type":"ReadAction","target":["https:\/\/eheating.lt\/produktas\/hikvision-dome-ds-2ce76h0t-itpfs-f2-8\/"]}]},{"@type":"ImageObject","inLanguage":"en-US","@id":"https:\/\/eheating.lt\/produktas\/hikvision-dome-ds-2ce76h0t-itpfs-f2-8\/#primaryimage","url":"https:\/\/eheating.lt\/wp-content\/uploads\/2023\/10\/Hikvision-dome-DS-2CE76H0T-ITPFS-F2.8.png","contentUrl":"https:\/\/eheating.lt\/wp-content\/uploads\/2023\/10\/Hikvision-dome-DS-2CE76H0T-ITPFS-F2.8.png","width":800,"height":800,"caption":"Hikvision dome DS-2CE76H0T-ITPFS F2.8"},{"@type":"BreadcrumbList","@id":"https:\/\/eheating.lt\/produktas\/hikvision-dome-ds-2ce76h0t-itpfs-f2-8\/#breadcrumb","itemListElement":[{"@type":"ListItem","position":1,"name":"Prad\u017eia","item":"https:\/\/eheating.lt\/en\/"},{"@type":"ListItem","position":2,"name":"Shop","item":"https:\/\/eheating.lt\/en\/?page_id=5734"},{"@type":"ListItem","position":3,"name":"Hikvision dome DS-2CE76H0T-ITPFS F2.8"}]},{"@type":"WebSite","@id":"https:\/\/eheating.lt\/#website","url":"https:\/\/eheating.lt\/","name":"eHeating","description":"Elektronika ir \u0161ildymas","potentialAction":[{"@type":"SearchAction","target":{"@type":"EntryPoint","urlTemplate":"https:\/\/eheating.lt\/?s={search_term_string}"},"query-input":{"@type":"PropertyValueSpecification","valueRequired":true,"valueName":"search_term_string"}}],"inLanguage":"en-US"}]},"product_price_amount":"65.38","product_price_currency":"EUR","og_availability":"backorder","product_availability":"available for order","product_retailer_item_id":"e7a01ef2ae9c","product_condition":"new"},"_links":{"self":[{"href":"https:\/\/eheating.lt\/en\/wp-json\/wp\/v2\/product\/16796","targetHints":{"allow":["GET"]}}],"collection":[{"href":"https:\/\/eheating.lt\/en\/wp-json\/wp\/v2\/product"}],"about":[{"href":"https:\/\/eheating.lt\/en\/wp-json\/wp\/v2\/types\/product"}],"replies":[{"embeddable":true,"href":"https:\/\/eheating.lt\/en\/wp-json\/wp\/v2\/comments?post=16796"}],"version-history":[{"count":0,"href":"https:\/\/eheating.lt\/en\/wp-json\/wp\/v2\/product\/16796\/revisions"}],"wp:featuredmedia":[{"embeddable":true,"href":"https:\/\/eheating.lt\/en\/wp-json\/wp\/v2\/media\/28995"}],"wp:attachment":[{"href":"https:\/\/eheating.lt\/en\/wp-json\/wp\/v2\/media?parent=16796"}],"wp:term":[{"taxonomy":"product_brand","embeddable":true,"href":"https:\/\/eheating.lt\/en\/wp-json\/wp\/v2\/product_brand?post=16796"},{"taxonomy":"product_cat","embeddable":true,"href":"https:\/\/eheating.lt\/en\/wp-json\/wp\/v2\/product_cat?post=16796"},{"taxonomy":"product_tag","embeddable":true,"href":"https:\/\/eheating.lt\/en\/wp-json\/wp\/v2\/product_tag?post=16796"}],"curies":[{"name":"wp","href":"https:\/\/api.w.org\/{rel}","templated":true}]}}