{"id":16792,"date":"2023-11-13T21:44:39","date_gmt":"2023-11-13T19:44:39","guid":{"rendered":"https:\/\/eheating.lt\/?post_type=product&#038;p=16792"},"modified":"2024-10-18T16:44:36","modified_gmt":"2024-10-18T13:44:36","slug":"hikvision-panovu-ds-2cd6d52g0-ihs-f2-8","status":"publish","type":"product","link":"https:\/\/eheating.lt\/en\/produktas\/hikvision-panovu-ds-2cd6d52g0-ihs-f2-8\/","title":{"rendered":"Hikvision PanoVu DS-2CD6D52G0-IHS F2.8"},"content":{"rendered":"<table>\n<tbody>\n<tr>\n<td>Sensorius<\/td>\n<td>1\/2.7&#8243; Progressive Scan CMOS<\/td>\n<\/tr>\n<tr>\n<td>Min. ap\u0161vietimas<\/td>\n<td>Color: 0.009 Lux @ (F1.6, AGC ON), B\/W: 0.0018 Lux @ (F1.6, AGC ON), 0 Lux with IR<\/td>\n<\/tr>\n<tr>\n<td>U\u017erakto greitis<\/td>\n<td>1s to 1\/100,000 s<\/td>\n<\/tr>\n<tr>\n<td>P\/N<\/td>\n<td>Yes<\/td>\n<\/tr>\n<tr>\n<td>WDR<\/td>\n<td>120dB<\/td>\n<\/tr>\n<tr>\n<td>Diena\/Naktis<\/td>\n<td>ICR Cut<\/td>\n<\/tr>\n<tr>\n<td>Ry\u0161iai<\/td>\n<td>Upload to FTP\/NAS\/memory card, send email<\/td>\n<\/tr>\n<tr>\n<td>Kampo valdymas<\/td>\n<td>P: -90 to 90\u00b0; T: 0 to 60\u00b0 (2.8mm), 0 to 70\u00b0 (4\/6mm); R: 0 to 355\u00b0<\/td>\n<\/tr>\n<tr>\n<td>Objektyvo tipas<\/td>\n<td>2.8mm @ F1.6 horizontal FOV 97\u00b0, vertical FOV 70\u00b0, diagonal FOV 128\u00b0 4 mm @ F1.6, horizontal FOV 79\u00b0, vertical FOV 57\u00b0, diagonal FOV 104\u00b0 6 mm @ F1.6, horizontal FOV 49\u00b0, vertical FOV 35\u00b0, diagonal FOV 63\u00b0<\/td>\n<\/tr>\n<tr>\n<td>Diafragma<\/td>\n<td>F1.6<\/td>\n<\/tr>\n<tr>\n<td>Objektyvo tvirtinimas<\/td>\n<td>M12<\/td>\n<\/tr>\n<tr>\n<td>IR atstumas<\/td>\n<td>Up to 10m<\/td>\n<\/tr>\n<tr>\n<td>Bangos ilgis<\/td>\n<td>850nm<\/td>\n<\/tr>\n<tr>\n<td>I\u0161mani \u0161viesa<\/td>\n<td>Yes<\/td>\n<\/tr>\n<tr>\n<td>Max. rai\u0161ka<\/td>\n<td>2560 x 1920<\/td>\n<\/tr>\n<tr>\n<td>Pagrindinis srautas<\/td>\n<td>50Hz: 25fps ((2560 x 1920, 2048 x 1536) 60Hz: 30fps (2560 x 1920, 2048 x 1536)<\/td>\n<\/tr>\n<tr>\n<td>Antrinis srautas<\/td>\n<td>50Hz: 25fps (640 \u00d7 480, 704 \u00d7 576) 60Hz: 30fps (640 \u00d7 480, 704 \u00d7 480)<\/td>\n<\/tr>\n<tr>\n<td>Tretinis srautas<\/td>\n<td>50Hz: 25 fps (1920 \u00d7 1080, 1280 \u00d7 720, 640 \u00d7 480, 704 \u00d7 576) 60Hz: 30 fps (1920 \u00d7 1080, 1280 \u00d7 720, 640 \u00d7 480, 704 \u00d7 480)<\/td>\n<\/tr>\n<tr>\n<td>Vaizdo suspaudimas<\/td>\n<td>H.265\/H.264\/MJPEG<\/td>\n<\/tr>\n<tr>\n<td>Vaizdo bit\u0173 greitis<\/td>\n<td>32 Kbps to 16 Mbps<\/td>\n<\/tr>\n<tr>\n<td>H.264 tipas<\/td>\n<td>Baseline Profile\/Main Profile\/High Profile<\/td>\n<\/tr>\n<tr>\n<td>H.265 tipas<\/td>\n<td>Main Profile<\/td>\n<\/tr>\n<tr>\n<td>H.264+<\/td>\n<td>Main Stream supports<\/td>\n<\/tr>\n<tr>\n<td>H.265+<\/td>\n<td>Main Stream supports<\/td>\n<\/tr>\n<tr>\n<td>Bit\u0173 grei\u010dio valdymas<\/td>\n<td>CBR\/VBR<\/td>\n<\/tr>\n<tr>\n<td>Srauto tipas<\/td>\n<td>Main stream\/Sub-stream\/Third stream<\/td>\n<\/tr>\n<tr>\n<td>Kintantis \u012fra\u0161\u0173 kodavimas (SVC)<\/td>\n<td>H.265 and H.264 support<\/td>\n<\/tr>\n<tr>\n<td>ROI<\/td>\n<td>4 fixed regions for each stream<\/td>\n<\/tr>\n<tr>\n<td>Aplinkos triuk\u0161m\u0173 naikinimas<\/td>\n<td>Yes<\/td>\n<\/tr>\n<tr>\n<td>Garso da\u017enis<\/td>\n<td>8 kHz\/16 kHz\/32kHz\/44.1kHz\/48kHz<\/td>\n<\/tr>\n<tr>\n<td>Garso suspaudimas<\/td>\n<td>G.711\/G.722.1\/G.726\/MP2L2\/PCM<\/td>\n<\/tr>\n<tr>\n<td>Garso bit\u0173 greitis<\/td>\n<td>64Kbps(G.711) \/ 16Kbps(G.722.1) \/ 16Kbps(G.726) \/ 32-192Kbps(MP2L2)<\/td>\n<\/tr>\n<tr>\n<td>Garso tipas<\/td>\n<td>Stereo<\/td>\n<\/tr>\n<tr>\n<td>VIenalaikis vaizdo rodymas<\/td>\n<td>Up to 20 channels<\/td>\n<\/tr>\n<tr>\n<td>API<\/td>\n<td>ONVIF (PROFILE S, PROFILE G, PROFILE T), ISAPI, SDK, Ehome<\/td>\n<\/tr>\n<tr>\n<td>Porotokolai<\/td>\n<td>TCP\/IP, ICMP, HTTP, HTTPS, FTP, SFTP, DHCP, DNS, DDNS, RTP, RTSP, RTCP, PPPoE, NTP, UPnP, SMTP, SNMP, IGMP, 802.1X, QoS, IPv6, UDP, Bonjour, SSL\/TLS<\/td>\n<\/tr>\n<tr>\n<td>Sklandus transliavimas<\/td>\n<td>No<\/td>\n<\/tr>\n<tr>\n<td>User\/Host<\/td>\n<td>Up to 32 users3 levels: Administrator, Operator and User<\/td>\n<\/tr>\n<tr>\n<td>Apsauga<\/td>\n<td>Password protection, complicated password, HTTPS encryption,802.1X authentication (EAP-TLS, EAP-LEAP, EAP-MD5), watermark, IP address filter, basic and digest authentication for HTTP\/HTTPS, WSSE and digest authentication for ONVIF, RTP\/RTSP OVER HTTPS, Control Timeout Settings, TLS 1.2<\/td>\n<\/tr>\n<tr>\n<td>Tinklo saugykla<\/td>\n<td>NAS(NFS,SMB\/ CIFS)<\/td>\n<\/tr>\n<tr>\n<td>Programin\u0117 \u012franga<\/td>\n<td>iVMS-4200, Hik-Connect<\/td>\n<\/tr>\n<tr>\n<td>Nar\u0161ykl\u0117<\/td>\n<td>Plug-in required live view: IE8+Plug-in free live view: Chrome 57.0+, Firefox 52.0+, Safari 11+Local service: Chrome 41.0+, Firefox 30.0+<\/td>\n<\/tr>\n<tr>\n<td>Smart IR<\/td>\n<td>The IR LEDs on camera should support Smart IR function to automatically adjust power to avoid image overexposure.<\/td>\n<\/tr>\n<tr>\n<td>Diena\/Naktis jungtis<\/td>\n<td>Day, Night, Auto, Schedule, Triggered by Alarm In (-S)<\/td>\n<\/tr>\n<tr>\n<td>DNR<\/td>\n<td>3D DNR<\/td>\n<\/tr>\n<tr>\n<td>Vaizdo perdengimas<\/td>\n<td>LOGO picture can be overlaid on video with 128 \u00d7 128 24bit bmp format<\/td>\n<\/tr>\n<tr>\n<td>Vaizdo tobulinimas<\/td>\n<td>BLC;HLC;Defog;EIS;3D DNR<\/td>\n<\/tr>\n<tr>\n<td>Vaizdo parametr\u0173 perjungimas<\/td>\n<td>Yes<\/td>\n<\/tr>\n<tr>\n<td>Vaizdo nustatymai<\/td>\n<td>Saturation;brightness;contrast;sharpness;white balance<\/td>\n<\/tr>\n<tr>\n<td>Privatumo kauk\u0117<\/td>\n<td>Yes<\/td>\n<\/tr>\n<tr>\n<td>Pavojaus signalas<\/td>\n<td>-S: 1 input, 1 output (max. 36 VDC, 30mA)<\/td>\n<\/tr>\n<tr>\n<td>Garsas<\/td>\n<td>Without -S: 2 built-in mics -S: 2 built-in mics, 1 line in, 1 line out<\/td>\n<\/tr>\n<tr>\n<td>RS-485<\/td>\n<td>-S: 1 RS-485 interface, half duplex<\/td>\n<\/tr>\n<tr>\n<td>Vietin\u0117 saugykla<\/td>\n<td>Built-in micro SD\/SDHC\/SDXC slot, up to 256 GB<\/td>\n<\/tr>\n<tr>\n<td>Perkrovimo mygtukas<\/td>\n<td>Yes<\/td>\n<\/tr>\n<tr>\n<td>Ry\u0161io s\u0105saja<\/td>\n<td>1 RJ45 10M\/100M self-adaptive Ethernet port<\/td>\n<\/tr>\n<tr>\n<td>\u0160ildytuvas<\/td>\n<td>Yes<\/td>\n<\/tr>\n<tr>\n<td>I\u0161man\u016bs \u012fvykiai<\/td>\n<td>No<\/td>\n<\/tr>\n<tr>\n<td>Pagrindiniai \u012fvykiai<\/td>\n<td>Motion detection, video tampering alarm, exception (network disconnected, IP address conflict, illegal login, HDD full, HDD error)<\/td>\n<\/tr>\n<tr>\n<td>Atnaujinimas internetu<\/td>\n<td>Yes<\/td>\n<\/tr>\n<tr>\n<td>Programin\u0117s \u012frangos versija<\/td>\n<td>V5.5.94<\/td>\n<\/tr>\n<tr>\n<td>Programin\u0117s \u012frangos kalba<\/td>\n<td>32 languages English, Russian, Estonian, Bulgarian, Hungarian, Greek, German, Italian, Czech, Slovak, French, Polish, Dutch, Portuguese, Spanish, Romanian, Danish, Swedish, Norwegian, Finnish, Croatian, Slovenian, Serbian, Turkish, Korean, Traditional Chinese, Thai, Vietnamese, Japanese, Latvian, Lithuanian, Portuguese (Brazil)<\/td>\n<\/tr>\n<tr>\n<td>Pagridin\u0117s funkcijos<\/td>\n<td>mirror;privacy mask;anti-flicker;heart<\/td>\n<\/tr>\n<tr>\n<td>Programinis perkrovimas<\/td>\n<td>Yes<\/td>\n<\/tr>\n<tr>\n<td>Saugyklos s\u0105lygos<\/td>\n<td>-40 \u00b0C to 60 \u00b0C (-40 \u00b0F to 140 \u00b0F). Humidity 95% or less (non-condensing)<\/td>\n<\/tr>\n<tr>\n<td>Startavimas ir veikimo s\u0105lygos<\/td>\n<td>-40\u00b0 to 60\u00b0, humidity 95% or less (non-condensing)<\/td>\n<\/tr>\n<tr>\n<td>Maitinimas<\/td>\n<td>12 VDC, POE (802.3af)<\/td>\n<\/tr>\n<tr>\n<td>Suvartojimas<\/td>\n<td>12VDC, 0.9A, max. 11 W POE: (802.3af, 36V to 57V), 0.3 A to 0.2 A, max. 11 W<\/td>\n<\/tr>\n<tr>\n<td>Galios s\u0105saja<\/td>\n<td>\u03a65.5 mm coaxial power plug<\/td>\n<\/tr>\n<tr>\n<td>Med\u017eiaga<\/td>\n<td>Metal<\/td>\n<\/tr>\n<tr>\n<td>Med\u017eiaga kt.<\/td>\n<td>SUS304<\/td>\n<\/tr>\n<tr>\n<td>Matmenys<\/td>\n<td>164.3 \u00d7 84.6 \u00d7 67.4 mm (6.5&#8243; \u00d7 3.3&#8243; \u00d7 2.7&#8243;)<\/td>\n<\/tr>\n<tr>\n<td>Pakuot\u0117s matmenys<\/td>\n<td>227 \u00d7 172 \u00d7 125 mm (8.9&#8243; \u00d7 6.8&#8243; \u00d7 4.9&#8243;)<\/td>\n<\/tr>\n<tr>\n<td>Kameros svoris<\/td>\n<td>770g (1.7 lb.)<\/td>\n<\/tr>\n<tr>\n<td>Svoris su pakuote<\/td>\n<td>1053g (2.3 lb.)<\/td>\n<\/tr>\n<tr>\n<td>Klas\u0117<\/td>\n<td>Class B<\/td>\n<\/tr>\n<tr>\n<td>Apsauga<\/td>\n<td>Ingress protection: IP67, IK10<\/td>\n<\/tr>\n<tr>\n<td>EMC<\/td>\n<td>FCC (47 CFR Part 15, Subpart B); CE-EMC (EN 55032: 2015, EN 61000-3-2: 2014, EN 61000-3-3: 2013, EN 50130-4: 2011 +A1: 2014); RCM (AS\/NZS CISPR 32: 2015); IC (ICES-003: Issue 6, 2016); KC (KN 32: 2015, KN 35: 2015)<\/td>\n<\/tr>\n<tr>\n<td>Saugumas<\/td>\n<td>UL (UL 60950-1); CB (IEC 60950-1:2005 + Am 1:2009 + Am 2:2013); CE-LVD (EN 60950-1:2005 + Am 1:2009 + Am 2:2013); BIS (IS 13252(Part 1):2010+A1:2013+A2:2015)<\/td>\n<\/tr>\n<tr>\n<td>Aplinka<\/td>\n<td>CE-RoHS (2011\/65\/EU); WEEE (2012\/19\/EU); Reach (Regulation (EC) No 1907\/2006)<\/td>\n<\/tr>\n<\/tbody>\n<\/table>\n","protected":false},"excerpt":{"rendered":"<ul>\n<li>5MP PanoVu kamera<\/li>\n<li>1\/2.7&#8243; Progressive Scan CMOS<\/li>\n<li>Du objektyvai, du procesoriai<\/li>\n<li>Platau kampo objektyvai: P: -90 to 90\u00b0; T: 0 to 60\u00b0 (2.8mm), 0 to 70\u00b0 (4\/6mm); R: 0 to 355\u00b0<\/li>\n<li>H.265, H.265+, H.264, H.264+<\/li>\n<li>2560 \u00d7 1920 @ 30fps<\/li>\n<li>120dB WDR<\/li>\n<li>Mikro SD\/SDHC\/SDXC iki 256 GB<\/li>\n<li>IP67, IK10<\/li>\n<\/ul>\n","protected":false},"featured_media":28110,"comment_status":"closed","ping_status":"closed","template":"","meta":[],"product_brand":[],"product_cat":[534,533,414],"product_tag":[],"class_list":{"0":"post-16792","1":"product","2":"type-product","3":"status-publish","4":"has-post-thumbnail","6":"product_cat-ip-kameros","7":"product_cat-ip-vaizdo-stebejimo-sistemos","8":"product_cat-ip-panoramines-kameros","10":"first","11":"onbackorder","12":"purchasable","13":"product-type-simple"},"yoast_head":"<!-- This site is optimized with the Yoast SEO Premium plugin v21.5 (Yoast SEO v27.4) - https:\/\/yoast.com\/product\/yoast-seo-premium-wordpress\/ -->\n<title>Hikvision PanoVu DS-2CD6D52G0-IHS F2.8<\/title>\n<meta name=\"description\" content=\"Hikvision PanoVu DS-2CD6D52G0-IHS F2.8 IP kamera ; Du objektyvai, du procesoriai ; 2560 \u00d7 1920 @ 30fps ; Mikro SD\/SDHC\/SDXC iki 256 GB\" \/>\n<meta name=\"robots\" content=\"index, follow, max-snippet:-1, max-image-preview:large, max-video-preview:-1\" \/>\n<link rel=\"canonical\" href=\"https:\/\/eheating.lt\/produktas\/hikvision-panovu-ds-2cd6d52g0-ihs-f2-8\/\" \/>\n<meta property=\"og:locale\" content=\"en_US\" \/>\n<meta property=\"og:type\" content=\"article\" \/>\n<meta property=\"og:title\" content=\"Hikvision PanoVu DS-2CD6D52G0-IHS F2.8\" \/>\n<meta property=\"og:description\" content=\"Hikvision PanoVu DS-2CD6D52G0-IHS F2.8 IP kamera ; Du objektyvai, du procesoriai ; 2560 \u00d7 1920 @ 30fps ; Mikro SD\/SDHC\/SDXC iki 256 GB\" \/>\n<meta property=\"og:url\" content=\"https:\/\/eheating.lt\/produktas\/hikvision-panovu-ds-2cd6d52g0-ihs-f2-8\/\" \/>\n<meta property=\"og:site_name\" content=\"Elektronika Namams\" \/>\n<meta property=\"article:publisher\" content=\"https:\/\/www.facebook.com\/ElektronikaNamams\" \/>\n<meta property=\"article:modified_time\" content=\"2024-10-18T13:44:36+00:00\" \/>\n<meta property=\"og:image\" content=\"https:\/\/eheating.lt\/wp-content\/uploads\/2023\/10\/Hikvision-PanoVu-DS-2CD6D52G0-IHS-F2.8.png\" \/>\n\t<meta property=\"og:image:width\" content=\"800\" \/>\n\t<meta property=\"og:image:height\" content=\"800\" \/>\n\t<meta property=\"og:image:type\" content=\"image\/png\" \/>\n<meta name=\"twitter:card\" content=\"summary_large_image\" \/>\n<meta name=\"twitter:label1\" content=\"Price\" \/>\n\t<meta name=\"twitter:data1\" content=\"1277,11&nbsp;&euro;\" \/>\n\t<meta name=\"twitter:label2\" content=\"Availability\" \/>\n\t<meta name=\"twitter:data2\" content=\"On backorder\" \/>\n<script type=\"application\/ld+json\" class=\"yoast-schema-graph\">{\"@context\":\"https:\\\/\\\/schema.org\",\"@graph\":[{\"@type\":\"WebPage\",\"@id\":\"https:\\\/\\\/eheating.lt\\\/produktas\\\/hikvision-panovu-ds-2cd6d52g0-ihs-f2-8\\\/\",\"url\":\"https:\\\/\\\/eheating.lt\\\/produktas\\\/hikvision-panovu-ds-2cd6d52g0-ihs-f2-8\\\/\",\"name\":\"Hikvision PanoVu DS-2CD6D52G0-IHS F2.8\",\"isPartOf\":{\"@id\":\"https:\\\/\\\/eheating.lt\\\/#website\"},\"primaryImageOfPage\":{\"@id\":\"https:\\\/\\\/eheating.lt\\\/produktas\\\/hikvision-panovu-ds-2cd6d52g0-ihs-f2-8\\\/#primaryimage\"},\"image\":{\"@id\":\"https:\\\/\\\/eheating.lt\\\/produktas\\\/hikvision-panovu-ds-2cd6d52g0-ihs-f2-8\\\/#primaryimage\"},\"thumbnailUrl\":\"https:\\\/\\\/eheating.lt\\\/wp-content\\\/uploads\\\/2023\\\/10\\\/Hikvision-PanoVu-DS-2CD6D52G0-IHS-F2.8.png\",\"datePublished\":\"2023-11-13T19:44:39+00:00\",\"dateModified\":\"2024-10-18T13:44:36+00:00\",\"description\":\"Hikvision PanoVu DS-2CD6D52G0-IHS F2.8 IP kamera ; Du objektyvai, du procesoriai ; 2560 \u00d7 1920 @ 30fps ; Mikro SD\\\/SDHC\\\/SDXC iki 256 GB\",\"breadcrumb\":{\"@id\":\"https:\\\/\\\/eheating.lt\\\/produktas\\\/hikvision-panovu-ds-2cd6d52g0-ihs-f2-8\\\/#breadcrumb\"},\"inLanguage\":\"en-US\",\"potentialAction\":[{\"@type\":\"ReadAction\",\"target\":[\"https:\\\/\\\/eheating.lt\\\/produktas\\\/hikvision-panovu-ds-2cd6d52g0-ihs-f2-8\\\/\"]}]},{\"@type\":\"ImageObject\",\"inLanguage\":\"en-US\",\"@id\":\"https:\\\/\\\/eheating.lt\\\/produktas\\\/hikvision-panovu-ds-2cd6d52g0-ihs-f2-8\\\/#primaryimage\",\"url\":\"https:\\\/\\\/eheating.lt\\\/wp-content\\\/uploads\\\/2023\\\/10\\\/Hikvision-PanoVu-DS-2CD6D52G0-IHS-F2.8.png\",\"contentUrl\":\"https:\\\/\\\/eheating.lt\\\/wp-content\\\/uploads\\\/2023\\\/10\\\/Hikvision-PanoVu-DS-2CD6D52G0-IHS-F2.8.png\",\"width\":800,\"height\":800,\"caption\":\"Hikvision PanoVu DS-2CD6D52G0-IHS F2.8\"},{\"@type\":\"BreadcrumbList\",\"@id\":\"https:\\\/\\\/eheating.lt\\\/produktas\\\/hikvision-panovu-ds-2cd6d52g0-ihs-f2-8\\\/#breadcrumb\",\"itemListElement\":[{\"@type\":\"ListItem\",\"position\":1,\"name\":\"Prad\u017eia\",\"item\":\"https:\\\/\\\/eheating.lt\\\/en\\\/\"},{\"@type\":\"ListItem\",\"position\":2,\"name\":\"Shop\",\"item\":\"https:\\\/\\\/eheating.lt\\\/en\\\/?page_id=5734\"},{\"@type\":\"ListItem\",\"position\":3,\"name\":\"Hikvision PanoVu DS-2CD6D52G0-IHS F2.8\"}]},{\"@type\":\"WebSite\",\"@id\":\"https:\\\/\\\/eheating.lt\\\/#website\",\"url\":\"https:\\\/\\\/eheating.lt\\\/\",\"name\":\"eHeating\",\"description\":\"Elektronika ir \u0161ildymas\",\"potentialAction\":[{\"@type\":\"SearchAction\",\"target\":{\"@type\":\"EntryPoint\",\"urlTemplate\":\"https:\\\/\\\/eheating.lt\\\/?s={search_term_string}\"},\"query-input\":{\"@type\":\"PropertyValueSpecification\",\"valueRequired\":true,\"valueName\":\"search_term_string\"}}],\"inLanguage\":\"en-US\"}]}<\/script>\n<meta property=\"product:price:amount\" content=\"1277.11\" \/>\n<meta property=\"product:price:currency\" content=\"EUR\" \/>\n<meta property=\"og:availability\" content=\"backorder\" \/>\n<meta property=\"product:availability\" content=\"available for order\" \/>\n<meta property=\"product:retailer_item_id\" content=\"42b0fa3bc1ad\" \/>\n<meta property=\"product:condition\" content=\"new\" \/>\n<!-- \/ Yoast SEO Premium plugin. -->","yoast_head_json":{"title":"Hikvision PanoVu DS-2CD6D52G0-IHS F2.8","description":"Hikvision PanoVu DS-2CD6D52G0-IHS F2.8 IP kamera ; Du objektyvai, du procesoriai ; 2560 \u00d7 1920 @ 30fps ; Mikro SD\/SDHC\/SDXC iki 256 GB","robots":{"index":"index","follow":"follow","max-snippet":"max-snippet:-1","max-image-preview":"max-image-preview:large","max-video-preview":"max-video-preview:-1"},"canonical":"https:\/\/eheating.lt\/produktas\/hikvision-panovu-ds-2cd6d52g0-ihs-f2-8\/","og_locale":"en_US","og_type":"article","og_title":"Hikvision PanoVu DS-2CD6D52G0-IHS F2.8","og_description":"Hikvision PanoVu DS-2CD6D52G0-IHS F2.8 IP kamera ; Du objektyvai, du procesoriai ; 2560 \u00d7 1920 @ 30fps ; Mikro SD\/SDHC\/SDXC iki 256 GB","og_url":"https:\/\/eheating.lt\/produktas\/hikvision-panovu-ds-2cd6d52g0-ihs-f2-8\/","og_site_name":"Elektronika Namams","article_publisher":"https:\/\/www.facebook.com\/ElektronikaNamams","article_modified_time":"2024-10-18T13:44:36+00:00","og_image":[{"width":800,"height":800,"url":"https:\/\/eheating.lt\/wp-content\/uploads\/2023\/10\/Hikvision-PanoVu-DS-2CD6D52G0-IHS-F2.8.png","type":"image\/png"}],"twitter_card":"summary_large_image","twitter_misc":{"Price":"1277,11&nbsp;&euro;","Availability":"On backorder"},"schema":{"@context":"https:\/\/schema.org","@graph":[{"@type":"WebPage","@id":"https:\/\/eheating.lt\/produktas\/hikvision-panovu-ds-2cd6d52g0-ihs-f2-8\/","url":"https:\/\/eheating.lt\/produktas\/hikvision-panovu-ds-2cd6d52g0-ihs-f2-8\/","name":"Hikvision PanoVu DS-2CD6D52G0-IHS F2.8","isPartOf":{"@id":"https:\/\/eheating.lt\/#website"},"primaryImageOfPage":{"@id":"https:\/\/eheating.lt\/produktas\/hikvision-panovu-ds-2cd6d52g0-ihs-f2-8\/#primaryimage"},"image":{"@id":"https:\/\/eheating.lt\/produktas\/hikvision-panovu-ds-2cd6d52g0-ihs-f2-8\/#primaryimage"},"thumbnailUrl":"https:\/\/eheating.lt\/wp-content\/uploads\/2023\/10\/Hikvision-PanoVu-DS-2CD6D52G0-IHS-F2.8.png","datePublished":"2023-11-13T19:44:39+00:00","dateModified":"2024-10-18T13:44:36+00:00","description":"Hikvision PanoVu DS-2CD6D52G0-IHS F2.8 IP kamera ; Du objektyvai, du procesoriai ; 2560 \u00d7 1920 @ 30fps ; Mikro SD\/SDHC\/SDXC iki 256 GB","breadcrumb":{"@id":"https:\/\/eheating.lt\/produktas\/hikvision-panovu-ds-2cd6d52g0-ihs-f2-8\/#breadcrumb"},"inLanguage":"en-US","potentialAction":[{"@type":"ReadAction","target":["https:\/\/eheating.lt\/produktas\/hikvision-panovu-ds-2cd6d52g0-ihs-f2-8\/"]}]},{"@type":"ImageObject","inLanguage":"en-US","@id":"https:\/\/eheating.lt\/produktas\/hikvision-panovu-ds-2cd6d52g0-ihs-f2-8\/#primaryimage","url":"https:\/\/eheating.lt\/wp-content\/uploads\/2023\/10\/Hikvision-PanoVu-DS-2CD6D52G0-IHS-F2.8.png","contentUrl":"https:\/\/eheating.lt\/wp-content\/uploads\/2023\/10\/Hikvision-PanoVu-DS-2CD6D52G0-IHS-F2.8.png","width":800,"height":800,"caption":"Hikvision PanoVu DS-2CD6D52G0-IHS F2.8"},{"@type":"BreadcrumbList","@id":"https:\/\/eheating.lt\/produktas\/hikvision-panovu-ds-2cd6d52g0-ihs-f2-8\/#breadcrumb","itemListElement":[{"@type":"ListItem","position":1,"name":"Prad\u017eia","item":"https:\/\/eheating.lt\/en\/"},{"@type":"ListItem","position":2,"name":"Shop","item":"https:\/\/eheating.lt\/en\/?page_id=5734"},{"@type":"ListItem","position":3,"name":"Hikvision PanoVu DS-2CD6D52G0-IHS F2.8"}]},{"@type":"WebSite","@id":"https:\/\/eheating.lt\/#website","url":"https:\/\/eheating.lt\/","name":"eHeating","description":"Elektronika ir \u0161ildymas","potentialAction":[{"@type":"SearchAction","target":{"@type":"EntryPoint","urlTemplate":"https:\/\/eheating.lt\/?s={search_term_string}"},"query-input":{"@type":"PropertyValueSpecification","valueRequired":true,"valueName":"search_term_string"}}],"inLanguage":"en-US"}]},"product_price_amount":"1277.11","product_price_currency":"EUR","og_availability":"backorder","product_availability":"available for order","product_retailer_item_id":"42b0fa3bc1ad","product_condition":"new"},"_links":{"self":[{"href":"https:\/\/eheating.lt\/en\/wp-json\/wp\/v2\/product\/16792","targetHints":{"allow":["GET"]}}],"collection":[{"href":"https:\/\/eheating.lt\/en\/wp-json\/wp\/v2\/product"}],"about":[{"href":"https:\/\/eheating.lt\/en\/wp-json\/wp\/v2\/types\/product"}],"replies":[{"embeddable":true,"href":"https:\/\/eheating.lt\/en\/wp-json\/wp\/v2\/comments?post=16792"}],"version-history":[{"count":0,"href":"https:\/\/eheating.lt\/en\/wp-json\/wp\/v2\/product\/16792\/revisions"}],"wp:featuredmedia":[{"embeddable":true,"href":"https:\/\/eheating.lt\/en\/wp-json\/wp\/v2\/media\/28110"}],"wp:attachment":[{"href":"https:\/\/eheating.lt\/en\/wp-json\/wp\/v2\/media?parent=16792"}],"wp:term":[{"taxonomy":"product_brand","embeddable":true,"href":"https:\/\/eheating.lt\/en\/wp-json\/wp\/v2\/product_brand?post=16792"},{"taxonomy":"product_cat","embeddable":true,"href":"https:\/\/eheating.lt\/en\/wp-json\/wp\/v2\/product_cat?post=16792"},{"taxonomy":"product_tag","embeddable":true,"href":"https:\/\/eheating.lt\/en\/wp-json\/wp\/v2\/product_tag?post=16792"}],"curies":[{"name":"wp","href":"https:\/\/api.w.org\/{rel}","templated":true}]}}