{"id":16768,"date":"2023-11-13T21:29:52","date_gmt":"2023-11-13T19:29:52","guid":{"rendered":"https:\/\/eheating.lt\/?post_type=product&#038;p=16768"},"modified":"2024-10-18T16:43:49","modified_gmt":"2024-10-18T13:43:49","slug":"hikvision-ds-2cd6825g0-c-ivs-f2","status":"publish","type":"product","link":"https:\/\/eheating.lt\/en\/produktas\/hikvision-ds-2cd6825g0-c-ivs-f2\/","title":{"rendered":"Hikvision DS-2CD6825G0\/C-IVS F2"},"content":{"rendered":"<table style=\"width: 93.432%;\" width=\"1900\">\n<tbody>\n<tr>\n<td style=\"width: 17.8543%;\" width=\"950\">Camera<\/td>\n<td style=\"width: 48.5667%;\" width=\"950\"><\/td>\n<\/tr>\n<tr>\n<td style=\"width: 17.8543%;\">Image Sensor<\/td>\n<td style=\"width: 48.5667%;\">1\/2.7\u02ba Progressive Scan CMOS<\/td>\n<\/tr>\n<tr>\n<td style=\"width: 17.8543%;\">Min. Illumination<\/td>\n<td style=\"width: 48.5667%;\">Color: 0.005 Lux @ (F1.2, AGC ON), 0.0176 Lux @ (F2.25, AGC ON)<\/td>\n<\/tr>\n<tr>\n<td style=\"width: 17.8543%;\"><\/td>\n<td style=\"width: 48.5667%;\">B\/W: 0.001 Lux @ (F1.2, AGC ON), 0.0035 Lux @ (F2.2.5, AGC ON)<\/td>\n<\/tr>\n<tr>\n<td style=\"width: 17.8543%;\">Shutter Speed<\/td>\n<td style=\"width: 48.5667%;\">1\/25 s &#8211; 1\/100,000 s<\/td>\n<\/tr>\n<tr>\n<td style=\"width: 17.8543%;\">DNR<\/td>\n<td style=\"width: 48.5667%;\">Digital WDR<\/td>\n<\/tr>\n<tr>\n<td style=\"width: 17.8543%;\">Day &amp; Night<\/td>\n<td style=\"width: 48.5667%;\">IR Cut Filter<\/td>\n<\/tr>\n<tr>\n<td style=\"width: 17.8543%;\">Lens<\/td>\n<td style=\"width: 48.5667%;\"><\/td>\n<\/tr>\n<tr>\n<td style=\"width: 17.8543%;\">Aperture<\/td>\n<td style=\"width: 48.5667%;\">F2.25<\/td>\n<\/tr>\n<tr>\n<td style=\"width: 17.8543%;\">FOV<\/td>\n<td style=\"width: 48.5667%;\">Horizontal FOV 104.5\u00b0, vertical FOV 70.5\u00b0, diagonal FOV 112\u00b0<\/td>\n<\/tr>\n<tr>\n<td style=\"width: 17.8543%;\">Lens Mount<\/td>\n<td style=\"width: 48.5667%;\">M12<\/td>\n<\/tr>\n<tr>\n<td style=\"width: 17.8543%;\">Focal Length<\/td>\n<td style=\"width: 48.5667%;\">2 mm fixed lens<\/td>\n<\/tr>\n<tr>\n<td style=\"width: 17.8543%;\">Audio<\/td>\n<td style=\"width: 48.5667%;\"><\/td>\n<\/tr>\n<tr>\n<td style=\"width: 17.8543%;\">Audio Compression<\/td>\n<td style=\"width: 48.5667%;\">G.711\/G.722.1\/G.726\/MP2L2\/PCM<\/td>\n<\/tr>\n<tr>\n<td style=\"width: 17.8543%;\">Environment Noise Filtering<\/td>\n<td style=\"width: 48.5667%;\">Yes<\/td>\n<\/tr>\n<tr>\n<td style=\"width: 17.8543%;\">Audio Sampling Rate<\/td>\n<td style=\"width: 48.5667%;\">8kHz\/16kHz\/32kHz\/44.1kHz\/48kHz<\/td>\n<\/tr>\n<tr>\n<td style=\"width: 17.8543%;\">Audio I\/O<\/td>\n<td style=\"width: 48.5667%;\">1 built-in mic-S: 1 input (line in, two-core terminal block), 1 output (two-core terminal block), mono sound<\/td>\n<\/tr>\n<tr>\n<td style=\"width: 17.8543%;\">Smart Feature-Set<\/td>\n<td style=\"width: 48.5667%;\"><\/td>\n<\/tr>\n<tr>\n<td style=\"width: 17.8543%;\">Basic Event<\/td>\n<td style=\"width: 48.5667%;\">Motion detection, video tampering alarm, exception (network disconnected, IP address conflict, illegal login, HDD full, HDD error)<\/td>\n<\/tr>\n<tr>\n<td style=\"width: 17.8543%;\">People Counting<\/td>\n<td style=\"width: 48.5667%;\">Counts people entering and exiting separatelySupports real-time uploading and uploading by statistic cycleSends email reports on daily, weekly, monthly or annually basisSupports target filtering by height<\/td>\n<\/tr>\n<tr>\n<td style=\"width: 17.8543%;\">Region Of Interest<\/td>\n<td style=\"width: 48.5667%;\">4 fixed regions for main stream and sub-stream<\/td>\n<\/tr>\n<tr>\n<td style=\"width: 17.8543%;\">Linkage Method<\/td>\n<td style=\"width: 48.5667%;\">Upload to FTP\/NAS, notify surveillance center, send email, trigger alarm output, trigger recording, trigger capture<\/td>\n<\/tr>\n<tr>\n<td style=\"width: 17.8543%;\">Image<\/td>\n<td style=\"width: 48.5667%;\"><\/td>\n<\/tr>\n<tr>\n<td style=\"width: 17.8543%;\">Image Enhancement<\/td>\n<td style=\"width: 48.5667%;\">HLC, BLC, 3D DNR, defog<\/td>\n<\/tr>\n<tr>\n<td style=\"width: 17.8543%;\">Day\/Night Switch<\/td>\n<td style=\"width: 48.5667%;\">Day\/Night\/Auto\/Schedule\/Triggered by alarm input (-S)<\/td>\n<\/tr>\n<tr>\n<td style=\"width: 17.8543%;\">Picture Overlay<\/td>\n<td style=\"width: 48.5667%;\">LOGO picture can be overlaid on video with 128 \u00d7 128 24bit bmp format<\/td>\n<\/tr>\n<tr>\n<td style=\"width: 17.8543%;\">Image Settings<\/td>\n<td style=\"width: 48.5667%;\">Saturation, brightness, contrast, sharpness are adjustable by client software or web browser<\/td>\n<\/tr>\n<tr>\n<td style=\"width: 17.8543%;\">Sub-Stream<\/td>\n<td style=\"width: 48.5667%;\">50Hz: 25fps (704 \u00d7 576, 640 \u00d7 480)60Hz: 30fps (704 \u00d7 480, 640 \u00d7 480)<\/td>\n<\/tr>\n<tr>\n<td style=\"width: 17.8543%;\">Max. Resolution<\/td>\n<td style=\"width: 48.5667%;\">1920 \u00d7 1080<\/td>\n<\/tr>\n<tr>\n<td style=\"width: 17.8543%;\">Main Stream<\/td>\n<td style=\"width: 48.5667%;\">50Hz: 25fps (1920 \u00d7 1080, 1280 \u00d7 720); 60Hz: 30fps (1920 \u00d7 1080, 1280 \u00d7 720)<\/td>\n<\/tr>\n<tr>\n<td style=\"width: 17.8543%;\">Network<\/td>\n<td style=\"width: 48.5667%;\"><\/td>\n<\/tr>\n<tr>\n<td style=\"width: 17.8543%;\">Protocols<\/td>\n<td style=\"width: 48.5667%;\">TCP\/IP, ICMP, HTTP, HTTPS, FTP, DHCP, DNS, DDNS, RTP, RTSP, RTCP, PPPoE, NTP, UPnP, SMTP, SNMP, IGMP, 802.1X, QoS, IPv6, UDP, Bonjour, SSL\/TLS<\/td>\n<\/tr>\n<tr>\n<td style=\"width: 17.8543%;\">API<\/td>\n<td style=\"width: 48.5667%;\">ONVIF (PROFILE S, PROFILE G), ISAPI, SDK, Ehome (5.0)<\/td>\n<\/tr>\n<tr>\n<td style=\"width: 17.8543%;\">Security<\/td>\n<td style=\"width: 48.5667%;\">Password protection, complicated password, HTTPS encryption, 802.1X authentication (EAP-MD5), watermark, IP address filter, basic and digest authentication for HTTP\/HTTPS, WSSE and digest authentication for ONVIF, RTP\/RTSP over HTTPS, control timeout settings, security audit log<\/td>\n<\/tr>\n<tr>\n<td style=\"width: 17.8543%;\">Simultaneous Live View<\/td>\n<td style=\"width: 48.5667%;\">Up to 20 channels<\/td>\n<\/tr>\n<tr>\n<td style=\"width: 17.8543%;\">User\/Host<\/td>\n<td style=\"width: 48.5667%;\">Up to 32 users3 levels: Administrator, Operator and User<\/td>\n<\/tr>\n<tr>\n<td style=\"width: 17.8543%;\">Client<\/td>\n<td style=\"width: 48.5667%;\">iVMS-4200, Hik-Connect<\/td>\n<\/tr>\n<tr>\n<td style=\"width: 17.8543%;\">Web Browser<\/td>\n<td style=\"width: 48.5667%;\">IE8+, Chrome 41.0-44, Mozilla Firefox30.0-51, Safari8.0-11<\/td>\n<\/tr>\n<tr>\n<td style=\"width: 17.8543%;\">Interface<\/td>\n<td style=\"width: 48.5667%;\"><\/td>\n<\/tr>\n<tr>\n<td style=\"width: 17.8543%;\">Communication Interface<\/td>\n<td style=\"width: 48.5667%;\">1 RJ45 10M\/100M Ethernet port-S: 1 RS-485 interface (half duplex, HIKVISION, Pelco-P, Pelco-D, self-adaptive)-IVSM, -IVM\/ND: M12 aviation plug, 4-core 10M\/100M Ethernet port<\/td>\n<\/tr>\n<tr>\n<td style=\"width: 17.8543%;\">Alarm (-S Model)<\/td>\n<td style=\"width: 48.5667%;\">1 input, 1 output (max. 24 VDC,1A)<\/td>\n<\/tr>\n<tr>\n<td style=\"width: 17.8543%;\">Approval<\/td>\n<td style=\"width: 48.5667%;\"><\/td>\n<\/tr>\n<tr>\n<td style=\"width: 17.8543%;\">EMC<\/td>\n<td style=\"width: 48.5667%;\">47 CFR Part 15, Subpart B; EN 55032: 2015, EN 61000-3-2: 2014, EN 61000-3-3: 2013, EN 50130-4: 2011 +A1: 2014; AS\/NZS CISPR 32: 2015; ICES-003: Issue 6, 2016; KN 32: 2015, KN 35: 2015<\/td>\n<\/tr>\n<tr>\n<td style=\"width: 17.8543%;\">Safety<\/td>\n<td style=\"width: 48.5667%;\">UL 60950-1, IEC 60950-1:2005 + Am 1:2009 + Am 2:2013, EN 60950-1:2005 + Am 1:2009 + Am 2:2013, IS 13252(Part 1):2010+A1:2013+A2:2015<\/td>\n<\/tr>\n<tr>\n<td style=\"width: 17.8543%;\">Protection<\/td>\n<td style=\"width: 48.5667%;\">With -V model: IP67 (IEC 60529-2013)<\/td>\n<\/tr>\n<tr>\n<td style=\"width: 17.8543%;\">Compression Standard<\/td>\n<td style=\"width: 48.5667%;\"><\/td>\n<\/tr>\n<tr>\n<td style=\"width: 17.8543%;\">H.264+<\/td>\n<td style=\"width: 48.5667%;\">Main stream supports<\/td>\n<\/tr>\n<tr>\n<td style=\"width: 17.8543%;\">H.265+<\/td>\n<td style=\"width: 48.5667%;\">Main stream supports<\/td>\n<\/tr>\n<tr>\n<td style=\"width: 17.8543%;\">H.264 Type<\/td>\n<td style=\"width: 48.5667%;\">Baseline Profile\/Main Profile\/High Profile<\/td>\n<\/tr>\n<tr>\n<td style=\"width: 17.8543%;\">Video Compression<\/td>\n<td style=\"width: 48.5667%;\">Main stream: H.265+\/H.265\/H.264+\/H.264<\/td>\n<\/tr>\n<tr>\n<td style=\"width: 17.8543%;\"><\/td>\n<td style=\"width: 48.5667%;\">Sub stream: H.265\/H.264\/MJPEG<\/td>\n<\/tr>\n<tr>\n<td style=\"width: 17.8543%;\">H.265 Type<\/td>\n<td style=\"width: 48.5667%;\">Main Profile<\/td>\n<\/tr>\n<tr>\n<td style=\"width: 17.8543%;\">Video Bitrate<\/td>\n<td style=\"width: 48.5667%;\">32 Kbps to 16 Mbps<\/td>\n<\/tr>\n<tr>\n<td style=\"width: 17.8543%;\">Audio Bitrate<\/td>\n<td style=\"width: 48.5667%;\">64Kbps(G.711)\/16Kbps(G.722.1)\/16Kbps(G.726)\/32-160Kbps(MP2L2)<\/td>\n<\/tr>\n<tr>\n<td style=\"width: 17.8543%;\">SVC<\/td>\n<td style=\"width: 48.5667%;\">H.265 and H.264 support<\/td>\n<\/tr>\n<tr>\n<td style=\"width: 17.8543%;\">IR<\/td>\n<td style=\"width: 48.5667%;\"><\/td>\n<\/tr>\n<tr>\n<td style=\"width: 17.8543%;\">IR Range<\/td>\n<td style=\"width: 48.5667%;\">Up to 6 m IR range<\/td>\n<\/tr>\n<tr>\n<td style=\"width: 17.8543%;\">Wavelength<\/td>\n<td style=\"width: 48.5667%;\">850 nm<\/td>\n<\/tr>\n<tr>\n<td style=\"width: 17.8543%;\">General<\/td>\n<td style=\"width: 48.5667%;\"><\/td>\n<\/tr>\n<tr>\n<td style=\"width: 17.8543%;\">Firmware Version<\/td>\n<td style=\"width: 48.5667%;\">5.5.90<\/td>\n<\/tr>\n<tr>\n<td style=\"width: 17.8543%;\">Web Client Language<\/td>\n<td style=\"width: 48.5667%;\">32 languages. English, Russian, Estonian, Bulgarian, Hungarian, Greek, German, Italian, Czech, Slovak, French, Polish, Dutch, Portuguese, Spanish, Romanian, Danish, Swedish, Norwegian, Finnish, Croatian, Slovenian, Serbian, Turkish, Korean, Traditional Chinese, Thai, Vietnamese, Japanese, Latvian, Lithuanian, Portuguese (Brazil)<\/td>\n<\/tr>\n<tr>\n<td style=\"width: 17.8543%;\">General Function<\/td>\n<td style=\"width: 48.5667%;\">Anti-flicker, heartbeat, mirror, password protection, watermark, IP address filter<\/td>\n<\/tr>\n<tr>\n<td style=\"width: 17.8543%;\">Storage Conditions<\/td>\n<td style=\"width: 48.5667%;\">-30 \u00b0C to +60 \u00b0C (-22 \u00b0F to +140 \u00b0F), Humidity 95% or less (non-condensing)<\/td>\n<\/tr>\n<tr>\n<td style=\"width: 17.8543%;\">Power Supply<\/td>\n<td style=\"width: 48.5667%;\">12 VDC\u00b120%, reverse polarity protection, \u03a65.5mm coaxial power plug<\/td>\n<\/tr>\n<tr>\n<td style=\"width: 17.8543%;\"><\/td>\n<td style=\"width: 48.5667%;\">12 VDC, PoE (36 to 57 VDC, 802.3af), Calss3<\/td>\n<\/tr>\n<tr>\n<td style=\"width: 17.8543%;\">Material<\/td>\n<td style=\"width: 48.5667%;\">Front cover: plastic, camera body: metal<\/td>\n<\/tr>\n<tr>\n<td style=\"width: 17.8543%;\">Dimensions<\/td>\n<td style=\"width: 48.5667%;\">With -V: 168 mm \u00d7 61 mm \u00d7 41 mm (6.6&#8243; \u00d7 2.4\\&#8221; \u00d7 1.6\\&#8221; )<\/td>\n<\/tr>\n<tr>\n<td style=\"width: 17.8543%;\"><\/td>\n<td style=\"width: 48.5667%;\">Without -V: 168 mm \u00d7 61 mm \u00d7 36 mm (6.6 \u00d7 2.4\\&#8221; \u00d7 1.4\\&#8221;)<\/td>\n<\/tr>\n<tr>\n<td style=\"width: 17.8543%;\"><\/td>\n<td style=\"width: 48.5667%;\">With Package: 235 mm \u00d7 120 mm \u00d7 125 mm (9.2 \u00d7 4.7\\&#8221; \u00d7 4.9\\&#8221;)&#8221;<\/td>\n<\/tr>\n<tr>\n<td style=\"width: 17.8543%;\">Weight<\/td>\n<td style=\"width: 48.5667%;\">Camera: Approx. 435 g (1 lb.)<\/td>\n<\/tr>\n<tr>\n<td style=\"width: 17.8543%;\"><\/td>\n<td style=\"width: 48.5667%;\">With package: 725 g (1.6 lb)<\/td>\n<\/tr>\n<tr>\n<td style=\"width: 17.8543%;\">Operating Conditions<\/td>\n<td style=\"width: 48.5667%;\">-30 \u00b0C to +45 \u00b0C (-22 \u00b0F to +113 \u00b0F), Humidity 95% or less (non-condensing)<\/td>\n<\/tr>\n<tr>\n<td style=\"width: 17.8543%;\">Power Consumption<\/td>\n<td style=\"width: 48.5667%;\">12 VDC, 0.66 A, max. 8 W, PoE (802.3 af, 36 to 57 VDC), 0.23 A to 0.14 A, max. 8.3 W<\/td>\n<\/tr>\n<\/tbody>\n<\/table>\n","protected":false},"excerpt":{"rendered":"<ul>\n<li>2x2MP<\/li>\n<li>2mm (104.5\u00b0)<\/li>\n<li>DVIGUBAS obj.<\/li>\n<li>H.265+<\/li>\n<li>\u017dmoni\u0173 skai\u010diavimas<\/li>\n<li>Integruotas mikrofonas<\/li>\n<li>1 audio \u012f\u0117j.\/i\u0161\u0117j.<\/li>\n<li>1 aliarminis \u012f\u0117j.\/i\u0161\u0117j.<\/li>\n<li>IP67<\/li>\n<li>PoE<\/li>\n<\/ul>\n<p>&nbsp;<\/p>\n","protected":false},"featured_media":27950,"comment_status":"closed","ping_status":"closed","template":"","meta":[],"product_brand":[],"product_cat":[410,534,533],"product_tag":[],"class_list":{"0":"post-16768","1":"product","2":"type-product","3":"status-publish","4":"has-post-thumbnail","6":"product_cat-ip-fisheye-kameros","7":"product_cat-ip-kameros","8":"product_cat-ip-vaizdo-stebejimo-sistemos","10":"first","11":"onbackorder","12":"purchasable","13":"product-type-simple"},"yoast_head":"<!-- This site is optimized with the Yoast SEO Premium plugin v21.5 (Yoast SEO v27.5) - https:\/\/yoast.com\/product\/yoast-seo-premium-wordpress\/ -->\n<title>Hikvision DS-2CD6825G0\/C-IVS F2<\/title>\n<meta name=\"description\" content=\"Hikvision DS-2CD6825G0\/C-IVS F2 IP kamera ; 2mm objektyvas (104.5\u00b0) ; \u017dmoni\u0173 skai\u010diavimas ; Integruotas mikrofonas ; Rai\u0161ka - 2x2MP\" \/>\n<meta name=\"robots\" content=\"index, follow, max-snippet:-1, max-image-preview:large, max-video-preview:-1\" \/>\n<link rel=\"canonical\" href=\"https:\/\/eheating.lt\/produktas\/hikvision-ds-2cd6825g0-c-ivs-f2\/\" \/>\n<meta property=\"og:locale\" content=\"en_US\" \/>\n<meta property=\"og:type\" content=\"article\" \/>\n<meta property=\"og:title\" content=\"Hikvision DS-2CD6825G0\/C-IVS F2\" \/>\n<meta property=\"og:description\" content=\"Hikvision DS-2CD6825G0\/C-IVS F2 IP kamera ; 2mm objektyvas (104.5\u00b0) ; \u017dmoni\u0173 skai\u010diavimas ; Integruotas mikrofonas ; Rai\u0161ka - 2x2MP\" \/>\n<meta property=\"og:url\" content=\"https:\/\/eheating.lt\/produktas\/hikvision-ds-2cd6825g0-c-ivs-f2\/\" \/>\n<meta property=\"og:site_name\" content=\"Elektronika Namams\" \/>\n<meta property=\"article:publisher\" content=\"https:\/\/www.facebook.com\/ElektronikaNamams\" \/>\n<meta property=\"article:modified_time\" content=\"2024-10-18T13:43:49+00:00\" \/>\n<meta property=\"og:image\" content=\"https:\/\/eheating.lt\/wp-content\/uploads\/2023\/10\/Hikvision-DS-2CD6825G0C-IVS-F2.png\" \/>\n\t<meta property=\"og:image:width\" content=\"800\" \/>\n\t<meta property=\"og:image:height\" content=\"800\" \/>\n\t<meta property=\"og:image:type\" content=\"image\/png\" \/>\n<meta name=\"twitter:card\" content=\"summary_large_image\" \/>\n<meta name=\"twitter:label1\" content=\"Price\" \/>\n\t<meta name=\"twitter:data1\" content=\"1766,60&nbsp;&euro;\" \/>\n\t<meta name=\"twitter:label2\" content=\"Availability\" \/>\n\t<meta name=\"twitter:data2\" content=\"On backorder\" \/>\n<script type=\"application\/ld+json\" class=\"yoast-schema-graph\">{\"@context\":\"https:\\\/\\\/schema.org\",\"@graph\":[{\"@type\":\"WebPage\",\"@id\":\"https:\\\/\\\/eheating.lt\\\/produktas\\\/hikvision-ds-2cd6825g0-c-ivs-f2\\\/\",\"url\":\"https:\\\/\\\/eheating.lt\\\/produktas\\\/hikvision-ds-2cd6825g0-c-ivs-f2\\\/\",\"name\":\"Hikvision DS-2CD6825G0\\\/C-IVS F2\",\"isPartOf\":{\"@id\":\"https:\\\/\\\/eheating.lt\\\/#website\"},\"primaryImageOfPage\":{\"@id\":\"https:\\\/\\\/eheating.lt\\\/produktas\\\/hikvision-ds-2cd6825g0-c-ivs-f2\\\/#primaryimage\"},\"image\":{\"@id\":\"https:\\\/\\\/eheating.lt\\\/produktas\\\/hikvision-ds-2cd6825g0-c-ivs-f2\\\/#primaryimage\"},\"thumbnailUrl\":\"https:\\\/\\\/eheating.lt\\\/wp-content\\\/uploads\\\/2023\\\/10\\\/Hikvision-DS-2CD6825G0C-IVS-F2.png\",\"datePublished\":\"2023-11-13T19:29:52+00:00\",\"dateModified\":\"2024-10-18T13:43:49+00:00\",\"description\":\"Hikvision DS-2CD6825G0\\\/C-IVS F2 IP kamera ; 2mm objektyvas (104.5\u00b0) ; \u017dmoni\u0173 skai\u010diavimas ; Integruotas mikrofonas ; Rai\u0161ka - 2x2MP\",\"breadcrumb\":{\"@id\":\"https:\\\/\\\/eheating.lt\\\/produktas\\\/hikvision-ds-2cd6825g0-c-ivs-f2\\\/#breadcrumb\"},\"inLanguage\":\"en-US\",\"potentialAction\":[{\"@type\":\"ReadAction\",\"target\":[\"https:\\\/\\\/eheating.lt\\\/produktas\\\/hikvision-ds-2cd6825g0-c-ivs-f2\\\/\"]}]},{\"@type\":\"ImageObject\",\"inLanguage\":\"en-US\",\"@id\":\"https:\\\/\\\/eheating.lt\\\/produktas\\\/hikvision-ds-2cd6825g0-c-ivs-f2\\\/#primaryimage\",\"url\":\"https:\\\/\\\/eheating.lt\\\/wp-content\\\/uploads\\\/2023\\\/10\\\/Hikvision-DS-2CD6825G0C-IVS-F2.png\",\"contentUrl\":\"https:\\\/\\\/eheating.lt\\\/wp-content\\\/uploads\\\/2023\\\/10\\\/Hikvision-DS-2CD6825G0C-IVS-F2.png\",\"width\":800,\"height\":800,\"caption\":\"Hikvision DS-2CD6825G0\\\/C-IVS F2\"},{\"@type\":\"BreadcrumbList\",\"@id\":\"https:\\\/\\\/eheating.lt\\\/produktas\\\/hikvision-ds-2cd6825g0-c-ivs-f2\\\/#breadcrumb\",\"itemListElement\":[{\"@type\":\"ListItem\",\"position\":1,\"name\":\"Prad\u017eia\",\"item\":\"https:\\\/\\\/eheating.lt\\\/en\\\/\"},{\"@type\":\"ListItem\",\"position\":2,\"name\":\"Shop\",\"item\":\"https:\\\/\\\/eheating.lt\\\/en\\\/?page_id=5734\"},{\"@type\":\"ListItem\",\"position\":3,\"name\":\"Hikvision DS-2CD6825G0\\\/C-IVS F2\"}]},{\"@type\":\"WebSite\",\"@id\":\"https:\\\/\\\/eheating.lt\\\/#website\",\"url\":\"https:\\\/\\\/eheating.lt\\\/\",\"name\":\"eHeating\",\"description\":\"Elektronika ir \u0161ildymas\",\"potentialAction\":[{\"@type\":\"SearchAction\",\"target\":{\"@type\":\"EntryPoint\",\"urlTemplate\":\"https:\\\/\\\/eheating.lt\\\/?s={search_term_string}\"},\"query-input\":{\"@type\":\"PropertyValueSpecification\",\"valueRequired\":true,\"valueName\":\"search_term_string\"}}],\"inLanguage\":\"en-US\"}]}<\/script>\n<meta property=\"product:price:amount\" content=\"1766.60\" \/>\n<meta property=\"product:price:currency\" content=\"EUR\" \/>\n<meta property=\"og:availability\" content=\"backorder\" \/>\n<meta property=\"product:availability\" content=\"available for order\" \/>\n<meta property=\"product:retailer_item_id\" content=\"b71aa584f9db\" \/>\n<meta property=\"product:condition\" content=\"new\" \/>\n<!-- \/ Yoast SEO Premium plugin. -->","yoast_head_json":{"title":"Hikvision DS-2CD6825G0\/C-IVS F2","description":"Hikvision DS-2CD6825G0\/C-IVS F2 IP kamera ; 2mm objektyvas (104.5\u00b0) ; \u017dmoni\u0173 skai\u010diavimas ; Integruotas mikrofonas ; Rai\u0161ka - 2x2MP","robots":{"index":"index","follow":"follow","max-snippet":"max-snippet:-1","max-image-preview":"max-image-preview:large","max-video-preview":"max-video-preview:-1"},"canonical":"https:\/\/eheating.lt\/produktas\/hikvision-ds-2cd6825g0-c-ivs-f2\/","og_locale":"en_US","og_type":"article","og_title":"Hikvision DS-2CD6825G0\/C-IVS F2","og_description":"Hikvision DS-2CD6825G0\/C-IVS F2 IP kamera ; 2mm objektyvas (104.5\u00b0) ; \u017dmoni\u0173 skai\u010diavimas ; Integruotas mikrofonas ; Rai\u0161ka - 2x2MP","og_url":"https:\/\/eheating.lt\/produktas\/hikvision-ds-2cd6825g0-c-ivs-f2\/","og_site_name":"Elektronika Namams","article_publisher":"https:\/\/www.facebook.com\/ElektronikaNamams","article_modified_time":"2024-10-18T13:43:49+00:00","og_image":[{"width":800,"height":800,"url":"https:\/\/eheating.lt\/wp-content\/uploads\/2023\/10\/Hikvision-DS-2CD6825G0C-IVS-F2.png","type":"image\/png"}],"twitter_card":"summary_large_image","twitter_misc":{"Price":"1766,60&nbsp;&euro;","Availability":"On backorder"},"schema":{"@context":"https:\/\/schema.org","@graph":[{"@type":"WebPage","@id":"https:\/\/eheating.lt\/produktas\/hikvision-ds-2cd6825g0-c-ivs-f2\/","url":"https:\/\/eheating.lt\/produktas\/hikvision-ds-2cd6825g0-c-ivs-f2\/","name":"Hikvision DS-2CD6825G0\/C-IVS F2","isPartOf":{"@id":"https:\/\/eheating.lt\/#website"},"primaryImageOfPage":{"@id":"https:\/\/eheating.lt\/produktas\/hikvision-ds-2cd6825g0-c-ivs-f2\/#primaryimage"},"image":{"@id":"https:\/\/eheating.lt\/produktas\/hikvision-ds-2cd6825g0-c-ivs-f2\/#primaryimage"},"thumbnailUrl":"https:\/\/eheating.lt\/wp-content\/uploads\/2023\/10\/Hikvision-DS-2CD6825G0C-IVS-F2.png","datePublished":"2023-11-13T19:29:52+00:00","dateModified":"2024-10-18T13:43:49+00:00","description":"Hikvision DS-2CD6825G0\/C-IVS F2 IP kamera ; 2mm objektyvas (104.5\u00b0) ; \u017dmoni\u0173 skai\u010diavimas ; Integruotas mikrofonas ; Rai\u0161ka - 2x2MP","breadcrumb":{"@id":"https:\/\/eheating.lt\/produktas\/hikvision-ds-2cd6825g0-c-ivs-f2\/#breadcrumb"},"inLanguage":"en-US","potentialAction":[{"@type":"ReadAction","target":["https:\/\/eheating.lt\/produktas\/hikvision-ds-2cd6825g0-c-ivs-f2\/"]}]},{"@type":"ImageObject","inLanguage":"en-US","@id":"https:\/\/eheating.lt\/produktas\/hikvision-ds-2cd6825g0-c-ivs-f2\/#primaryimage","url":"https:\/\/eheating.lt\/wp-content\/uploads\/2023\/10\/Hikvision-DS-2CD6825G0C-IVS-F2.png","contentUrl":"https:\/\/eheating.lt\/wp-content\/uploads\/2023\/10\/Hikvision-DS-2CD6825G0C-IVS-F2.png","width":800,"height":800,"caption":"Hikvision DS-2CD6825G0\/C-IVS F2"},{"@type":"BreadcrumbList","@id":"https:\/\/eheating.lt\/produktas\/hikvision-ds-2cd6825g0-c-ivs-f2\/#breadcrumb","itemListElement":[{"@type":"ListItem","position":1,"name":"Prad\u017eia","item":"https:\/\/eheating.lt\/en\/"},{"@type":"ListItem","position":2,"name":"Shop","item":"https:\/\/eheating.lt\/en\/?page_id=5734"},{"@type":"ListItem","position":3,"name":"Hikvision DS-2CD6825G0\/C-IVS F2"}]},{"@type":"WebSite","@id":"https:\/\/eheating.lt\/#website","url":"https:\/\/eheating.lt\/","name":"eHeating","description":"Elektronika ir \u0161ildymas","potentialAction":[{"@type":"SearchAction","target":{"@type":"EntryPoint","urlTemplate":"https:\/\/eheating.lt\/?s={search_term_string}"},"query-input":{"@type":"PropertyValueSpecification","valueRequired":true,"valueName":"search_term_string"}}],"inLanguage":"en-US"}]},"product_price_amount":"1766.60","product_price_currency":"EUR","og_availability":"backorder","product_availability":"available for order","product_retailer_item_id":"b71aa584f9db","product_condition":"new"},"_links":{"self":[{"href":"https:\/\/eheating.lt\/en\/wp-json\/wp\/v2\/product\/16768","targetHints":{"allow":["GET"]}}],"collection":[{"href":"https:\/\/eheating.lt\/en\/wp-json\/wp\/v2\/product"}],"about":[{"href":"https:\/\/eheating.lt\/en\/wp-json\/wp\/v2\/types\/product"}],"replies":[{"embeddable":true,"href":"https:\/\/eheating.lt\/en\/wp-json\/wp\/v2\/comments?post=16768"}],"version-history":[{"count":0,"href":"https:\/\/eheating.lt\/en\/wp-json\/wp\/v2\/product\/16768\/revisions"}],"wp:featuredmedia":[{"embeddable":true,"href":"https:\/\/eheating.lt\/en\/wp-json\/wp\/v2\/media\/27950"}],"wp:attachment":[{"href":"https:\/\/eheating.lt\/en\/wp-json\/wp\/v2\/media?parent=16768"}],"wp:term":[{"taxonomy":"product_brand","embeddable":true,"href":"https:\/\/eheating.lt\/en\/wp-json\/wp\/v2\/product_brand?post=16768"},{"taxonomy":"product_cat","embeddable":true,"href":"https:\/\/eheating.lt\/en\/wp-json\/wp\/v2\/product_cat?post=16768"},{"taxonomy":"product_tag","embeddable":true,"href":"https:\/\/eheating.lt\/en\/wp-json\/wp\/v2\/product_tag?post=16768"}],"curies":[{"name":"wp","href":"https:\/\/api.w.org\/{rel}","templated":true}]}}