{"id":16694,"date":"2023-11-13T21:31:16","date_gmt":"2023-11-13T19:31:16","guid":{"rendered":"https:\/\/eheating.lt\/?post_type=product&#038;p=16694"},"modified":"2024-10-18T16:42:50","modified_gmt":"2024-10-18T13:42:50","slug":"hikvision-ds-2cd2d21g0-m-d-nf-f2-8","status":"publish","type":"product","link":"https:\/\/eheating.lt\/en\/produktas\/hikvision-ds-2cd2d21g0-m-d-nf-f2-8\/","title":{"rendered":"Hikvision DS-2CD2D21G0\/M-D\/NF F2.8"},"content":{"rendered":"<table>\n<tbody>\n<tr>\n<th colspan=\"2\">Kamera<\/th>\n<\/tr>\n<tr>\n<td>Sensorius:<\/td>\n<td>1\/2.7\u201d Progressive Scan CMOS<\/td>\n<\/tr>\n<tr>\n<td>Signalas:<\/td>\n<td>PAL\/NTSC<\/td>\n<\/tr>\n<tr>\n<td>Min. ap\u0161vietimas:<\/td>\n<td>Without \/M model:<br \/>\nColor: 0.025 Lux @ (F1.2, AGC ON), Color: 0.109 Lux @ (F2.5, AGC ON)<br \/>\nB\/W: 0.005 Lux @ (F1.2, AGC ON), B\/W: 0.022 Lux @ (F2.5, AGC ON)<br \/>\nWith \/M model:<br \/>\nColor: 0.025 Lux @ (F1.2, AGC ON), Color: 0.069 Lux @ (F2.0, AGC ON)<br \/>\nB\/W: 0.005 Lux @ (F1.2, AGC ON), B\/W: 0.014 Lux @ (F2.0, AGC ON)<\/td>\n<\/tr>\n<tr>\n<td>U\u017erakto laikas:<\/td>\n<td>1\/3 s to 1\/100,000 s<\/td>\n<\/tr>\n<tr>\n<td>I\u0161laikymas:<\/td>\n<td>Support<\/td>\n<\/tr>\n<tr>\n<td>Objektyvas:<\/td>\n<td>Without \/M model: 3.7 mm<br \/>\nWith \/M model: 2.8 mm, 4 mm<\/td>\n<\/tr>\n<tr>\n<td>Montavimas:<\/td>\n<td>M12<\/td>\n<\/tr>\n<tr>\n<td>Valdymo sritis:<\/td>\n<td>Without \/M model: 3.7 mm<br \/>\nhorizontal FOV: 78\u00b0, vertical FOV: 43\u00b0, diagonal FOV: 90\u00b0<br \/>\nWith\/M model:<br \/>\n2.8 mm<br \/>\nhorizontal FOV: 114\u00b0, vertical FOV: 62\u00b0, diagonal FOV: 135\u00b0<br \/>\n4 mm<br \/>\nhorizontal FOV: 86\u00b0, vertical FOV: 46\u00b0, diagonal FOV: 102.5\u00b0<\/td>\n<\/tr>\n<tr>\n<td>Diena\/naktis:<\/td>\n<td>Electronic<\/td>\n<\/tr>\n<tr>\n<td>WDR:<\/td>\n<td>120 dB<\/td>\n<\/tr>\n<tr>\n<td>Fokusavimas:<\/td>\n<td>Fixed<\/td>\n<\/tr>\n<tr>\n<th colspan=\"2\">Suspaudimo standartas<\/th>\n<\/tr>\n<tr>\n<td>Vaizdo suspaudimas:<\/td>\n<td>H.265+\/H.265\/H.264+\/H.264\/MJPEG<\/td>\n<\/tr>\n<tr>\n<td>H.264 kodas:<\/td>\n<td>Baseline Profile\/Main Profile\/High Profile<\/td>\n<\/tr>\n<tr>\n<td>Vaizdo sparta:<\/td>\n<td>32Kbps~8Mbps<\/td>\n<\/tr>\n<tr>\n<td>Antrinis srautas:<\/td>\n<td>Yes<\/td>\n<\/tr>\n<tr>\n<td>Tretinis srautas:<\/td>\n<td>Yes<\/td>\n<\/tr>\n<tr>\n<th colspan=\"2\">Image<\/th>\n<\/tr>\n<tr>\n<td>Maks. rai\u0161ka:<\/td>\n<td>1920 x 1080<\/td>\n<\/tr>\n<tr>\n<td>Vaizdo da\u017enis:<\/td>\n<td>50Hz: 25fps (1920 \u00d7 1080, 1280 \u00d7 960, 1280 \u00d7 720)<br \/>\n60Hz: 30fps (1920 \u00d7 1080, 1280 \u00d7 960, 1280 \u00d7 720)<\/td>\n<\/tr>\n<tr>\n<td>Antrinis srautas:<\/td>\n<td>50Hz: 25fps (704 \u00d7 576, 640 \u00d7 480, 352 \u00d7 288)<br \/>\n60Hz: 30fps (704 \u00d7 480, 640 \u00d7 480, 352 \u00d7 240)<\/td>\n<\/tr>\n<tr>\n<td>Tretinis srautas:<\/td>\n<td>50Hz: 1fps (1920 \u00d7 1080, 1280 \u00d7 960, 1280 \u00d7 720, 704 \u00d7 576, 640 \u00d7 480)<br \/>\n60Hz: 1fps (1920 \u00d7 1080, 1280 \u00d7 960, 1280 \u00d7 720, 704 \u00d7 480, 640 \u00d7 480)<\/td>\n<\/tr>\n<tr>\n<td>Vaizdo kokyb\u0117s gerinimas:<\/td>\n<td>3D DNR<\/td>\n<\/tr>\n<tr>\n<td>3D DNR:<\/td>\n<td>Support<\/td>\n<\/tr>\n<tr>\n<td>ROI:<\/td>\n<td>Support 1 fixed region for main stream, sub-stream and third stream<\/td>\n<\/tr>\n<tr>\n<td>Perjungimas Diena\/Naktis:<\/td>\n<td>Day\/Night\/Auto\/Schedule<\/td>\n<\/tr>\n<tr>\n<th colspan=\"2\">Tinklas<\/th>\n<\/tr>\n<tr>\n<td>Saugykla:<\/td>\n<td>NAS (Support NFS,SMB\/CIFS)<\/td>\n<\/tr>\n<tr>\n<td>Pavojaus signalas:<\/td>\n<td>Motion detection, video tampering alarm, illegal login<\/td>\n<\/tr>\n<tr>\n<td>Protokolai:<\/td>\n<td>TCP\/IP, ICMP, HTTP, HTTPS, FTP, DHCP, DNS, DDNS, RTP, RTSP, RTCP, PPPoE, NTP, UPnP\u2122, SMTP, SNMP, IGMP, 802.1X, QoS, IPv6, Bonjour<\/td>\n<\/tr>\n<tr>\n<td>Pagrindin\u0117s funkcijos:<\/td>\n<td>Anti-Flicker, heartbeat, mirror, password protection, privacy mask, watermark, IP address filtering<\/td>\n<\/tr>\n<tr>\n<td>Suderinamumas:<\/td>\n<td>ONVIF (Profile S, Profile G), ISAPI<\/td>\n<\/tr>\n<tr>\n<th colspan=\"2\">I\u0161maniosios s\u0105vyb\u0117s<\/th>\n<\/tr>\n<tr>\n<td>Elgesio analiz\u0117:<\/td>\n<td>Line crossing detection, intrusion detection, region entrance detection, region exit detection, unattended baggage detection, object removal detection<\/td>\n<\/tr>\n<tr>\n<th colspan=\"2\">S\u0105saja<\/th>\n<\/tr>\n<tr>\n<td>Ry\u0161io s\u0105saja:<\/td>\n<td>1 RJ45 10M\/100M self-adaptive Ethernet port<\/td>\n<\/tr>\n<tr>\n<td>Garsas:<\/td>\n<td>1 input (line in)<\/td>\n<\/tr>\n<tr>\n<td>Perkrovimo mygtukas:<\/td>\n<td>Yes<\/td>\n<\/tr>\n<tr>\n<th colspan=\"2\">I\u0161manios savyb\u0117s<\/th>\n<\/tr>\n<tr>\n<td>Elgesio analiz\u0117:<\/td>\n<td>Line crossing detection, Intrusion detection, Region entrance, Region exiting, Unattended baggage, Object removal<\/td>\n<\/tr>\n<tr>\n<td>Linijos kirtimo nustatymas:<\/td>\n<td>Cross a pre-defined virtual line<\/td>\n<\/tr>\n<tr>\n<td>\u012esiver\u017eimo aptikimas:<\/td>\n<td>Enter and loiter in a pre-defined virtual region<\/td>\n<\/tr>\n<tr>\n<td>Nustatyto regiono kirtimas:<\/td>\n<td>Enter a pre-defined virtual region from the outside place<\/td>\n<\/tr>\n<tr>\n<td>Nustatyto regiono palikimas:<\/td>\n<td>Exit from a pre-defined virtual region<\/td>\n<\/tr>\n<tr>\n<td>Palikti daiktai:<\/td>\n<td>Objects left over in the pre-defined region such as the baggage, purse, dangerous materials<\/td>\n<\/tr>\n<tr>\n<td>Ojekto pa\u0161alinimas:<\/td>\n<td>Objects removed from the pre-defined region, such as the exhibits on display.<\/td>\n<\/tr>\n<tr>\n<td>I\u0161im\u010di\u0173 aptikimas:<\/td>\n<td>Scene change detection, defocus detection<\/td>\n<\/tr>\n<tr>\n<td>Atpa\u017einimas:<\/td>\n<td>Face Detection<\/td>\n<\/tr>\n<tr>\n<th colspan=\"2\">Pagrindin\u0117s s\u0105vyb\u0117s<\/th>\n<\/tr>\n<tr>\n<td>Veikimo s\u0105lygos:<\/td>\n<td>-30 \u00b0C to +60 \u00b0C (-22 \u00b0F to +140 \u00b0F), Humidity 95% or less (non-condensing)<\/td>\n<\/tr>\n<tr>\n<td>Maitinimas:<\/td>\n<td>12 VDC \u00b1 20%, \u03a6 5.5 mm coaxial plug power<\/td>\n<\/tr>\n<tr>\n<td>Suvartojimas:<\/td>\n<td>12 VDC, 0.3 A, max. 3 W<\/td>\n<\/tr>\n<tr>\n<td>I\u0161matavimai:<\/td>\n<td>Without \/M model: 31 mm \u00d7 31 mm \u00d7 26 mm (1.2&#8243; \u00d7 1.2&#8243; \u00d7 1&#8243;)<br \/>\nWith \/M model: 31 mm \u00d7 31 mm \u00d7 39 mm (1.2&#8243; \u00d7 1.2&#8243; \u00d7 1.5&#8243;)<\/td>\n<\/tr>\n<tr>\n<td>Svoris:<\/td>\n<td>With package: approx. 202 g (0.4 lb.)<br \/>\nCamera: approx. 93 g (0.2 lb.)<\/td>\n<\/tr>\n<\/tbody>\n<\/table>\n","protected":false},"excerpt":{"rendered":"<ul>\n<li>EasyIP 1.0<\/li>\n<li>PINHOLE<\/li>\n<li>CUBE<\/li>\n<li>H.265+\/MJPEG<\/li>\n<li>2MP<\/li>\n<li>2.8mm (114\u00b0)<\/li>\n<li>120dB WDR<\/li>\n<li>3D DNR\/ROI<\/li>\n<li>12V<\/li>\n<\/ul>\n","protected":false},"featured_media":27970,"comment_status":"closed","ping_status":"closed","template":"","meta":[],"product_brand":[],"product_cat":[534,533,390],"product_tag":[],"class_list":{"0":"post-16694","1":"product","2":"type-product","3":"status-publish","4":"has-post-thumbnail","6":"product_cat-ip-kameros","7":"product_cat-ip-vaizdo-stebejimo-sistemos","8":"product_cat-ip-pinhole-kameros","10":"first","11":"onbackorder","12":"purchasable","13":"product-type-simple"},"yoast_head":"<!-- This site is optimized with the Yoast SEO Premium plugin v21.5 (Yoast SEO v27.4) - https:\/\/yoast.com\/product\/yoast-seo-premium-wordpress\/ -->\n<title>Hikvision DS-2CD2D21G0\/M-D\/NF F2.8<\/title>\n<meta name=\"description\" content=\"Hikvision DS-2CD2D21G0\/M-D\/NF F2.8 IP kamera ; 2.8mm (114\u00b0) objektyvas ; 120dB WDR ; 12V maitinimas ; Rai\u0161ka - 2MP ; Spalva - juoda\" \/>\n<meta name=\"robots\" content=\"index, follow, max-snippet:-1, max-image-preview:large, max-video-preview:-1\" \/>\n<link rel=\"canonical\" href=\"https:\/\/eheating.lt\/produktas\/hikvision-ds-2cd2d21g0-m-d-nf-f2-8\/\" \/>\n<meta property=\"og:locale\" content=\"en_US\" \/>\n<meta property=\"og:type\" content=\"article\" \/>\n<meta property=\"og:title\" content=\"Hikvision DS-2CD2D21G0\/M-D\/NF F2.8\" \/>\n<meta property=\"og:description\" content=\"Hikvision DS-2CD2D21G0\/M-D\/NF F2.8 IP kamera ; 2.8mm (114\u00b0) objektyvas ; 120dB WDR ; 12V maitinimas ; Rai\u0161ka - 2MP ; Spalva - juoda\" \/>\n<meta property=\"og:url\" content=\"https:\/\/eheating.lt\/produktas\/hikvision-ds-2cd2d21g0-m-d-nf-f2-8\/\" \/>\n<meta property=\"og:site_name\" content=\"Elektronika Namams\" \/>\n<meta property=\"article:publisher\" content=\"https:\/\/www.facebook.com\/ElektronikaNamams\" \/>\n<meta property=\"article:modified_time\" content=\"2024-10-18T13:42:50+00:00\" \/>\n<meta property=\"og:image\" content=\"https:\/\/eheating.lt\/wp-content\/uploads\/2023\/10\/Hikvision-DS-2CD2D21G0M-DNF-F2.8.png\" \/>\n\t<meta property=\"og:image:width\" content=\"800\" \/>\n\t<meta property=\"og:image:height\" content=\"800\" \/>\n\t<meta property=\"og:image:type\" content=\"image\/png\" \/>\n<meta name=\"twitter:card\" content=\"summary_large_image\" \/>\n<meta name=\"twitter:label1\" content=\"Price\" \/>\n\t<meta name=\"twitter:data1\" content=\"200,36&nbsp;&euro;\" \/>\n\t<meta name=\"twitter:label2\" content=\"Availability\" \/>\n\t<meta name=\"twitter:data2\" content=\"On backorder\" \/>\n<script type=\"application\/ld+json\" class=\"yoast-schema-graph\">{\"@context\":\"https:\\\/\\\/schema.org\",\"@graph\":[{\"@type\":\"WebPage\",\"@id\":\"https:\\\/\\\/eheating.lt\\\/produktas\\\/hikvision-ds-2cd2d21g0-m-d-nf-f2-8\\\/\",\"url\":\"https:\\\/\\\/eheating.lt\\\/produktas\\\/hikvision-ds-2cd2d21g0-m-d-nf-f2-8\\\/\",\"name\":\"Hikvision DS-2CD2D21G0\\\/M-D\\\/NF F2.8\",\"isPartOf\":{\"@id\":\"https:\\\/\\\/eheating.lt\\\/#website\"},\"primaryImageOfPage\":{\"@id\":\"https:\\\/\\\/eheating.lt\\\/produktas\\\/hikvision-ds-2cd2d21g0-m-d-nf-f2-8\\\/#primaryimage\"},\"image\":{\"@id\":\"https:\\\/\\\/eheating.lt\\\/produktas\\\/hikvision-ds-2cd2d21g0-m-d-nf-f2-8\\\/#primaryimage\"},\"thumbnailUrl\":\"https:\\\/\\\/eheating.lt\\\/wp-content\\\/uploads\\\/2023\\\/10\\\/Hikvision-DS-2CD2D21G0M-DNF-F2.8.png\",\"datePublished\":\"2023-11-13T19:31:16+00:00\",\"dateModified\":\"2024-10-18T13:42:50+00:00\",\"description\":\"Hikvision DS-2CD2D21G0\\\/M-D\\\/NF F2.8 IP kamera ; 2.8mm (114\u00b0) objektyvas ; 120dB WDR ; 12V maitinimas ; Rai\u0161ka - 2MP ; Spalva - juoda\",\"breadcrumb\":{\"@id\":\"https:\\\/\\\/eheating.lt\\\/produktas\\\/hikvision-ds-2cd2d21g0-m-d-nf-f2-8\\\/#breadcrumb\"},\"inLanguage\":\"en-US\",\"potentialAction\":[{\"@type\":\"ReadAction\",\"target\":[\"https:\\\/\\\/eheating.lt\\\/produktas\\\/hikvision-ds-2cd2d21g0-m-d-nf-f2-8\\\/\"]}]},{\"@type\":\"ImageObject\",\"inLanguage\":\"en-US\",\"@id\":\"https:\\\/\\\/eheating.lt\\\/produktas\\\/hikvision-ds-2cd2d21g0-m-d-nf-f2-8\\\/#primaryimage\",\"url\":\"https:\\\/\\\/eheating.lt\\\/wp-content\\\/uploads\\\/2023\\\/10\\\/Hikvision-DS-2CD2D21G0M-DNF-F2.8.png\",\"contentUrl\":\"https:\\\/\\\/eheating.lt\\\/wp-content\\\/uploads\\\/2023\\\/10\\\/Hikvision-DS-2CD2D21G0M-DNF-F2.8.png\",\"width\":800,\"height\":800,\"caption\":\"Hikvision DS-2CD2D21G0\\\/M-D\\\/NF F2.8\"},{\"@type\":\"BreadcrumbList\",\"@id\":\"https:\\\/\\\/eheating.lt\\\/produktas\\\/hikvision-ds-2cd2d21g0-m-d-nf-f2-8\\\/#breadcrumb\",\"itemListElement\":[{\"@type\":\"ListItem\",\"position\":1,\"name\":\"Prad\u017eia\",\"item\":\"https:\\\/\\\/eheating.lt\\\/en\\\/\"},{\"@type\":\"ListItem\",\"position\":2,\"name\":\"Shop\",\"item\":\"https:\\\/\\\/eheating.lt\\\/en\\\/?page_id=5734\"},{\"@type\":\"ListItem\",\"position\":3,\"name\":\"Hikvision DS-2CD2D21G0\\\/M-D\\\/NF F2.8\"}]},{\"@type\":\"WebSite\",\"@id\":\"https:\\\/\\\/eheating.lt\\\/#website\",\"url\":\"https:\\\/\\\/eheating.lt\\\/\",\"name\":\"eHeating\",\"description\":\"Elektronika ir \u0161ildymas\",\"potentialAction\":[{\"@type\":\"SearchAction\",\"target\":{\"@type\":\"EntryPoint\",\"urlTemplate\":\"https:\\\/\\\/eheating.lt\\\/?s={search_term_string}\"},\"query-input\":{\"@type\":\"PropertyValueSpecification\",\"valueRequired\":true,\"valueName\":\"search_term_string\"}}],\"inLanguage\":\"en-US\"}]}<\/script>\n<meta property=\"product:price:amount\" content=\"200.36\" \/>\n<meta property=\"product:price:currency\" content=\"EUR\" \/>\n<meta property=\"og:availability\" content=\"backorder\" \/>\n<meta property=\"product:availability\" content=\"available for order\" \/>\n<meta property=\"product:retailer_item_id\" content=\"6ce6c761cd9a\" \/>\n<meta property=\"product:condition\" content=\"new\" \/>\n<!-- \/ Yoast SEO Premium plugin. -->","yoast_head_json":{"title":"Hikvision DS-2CD2D21G0\/M-D\/NF F2.8","description":"Hikvision DS-2CD2D21G0\/M-D\/NF F2.8 IP kamera ; 2.8mm (114\u00b0) objektyvas ; 120dB WDR ; 12V maitinimas ; Rai\u0161ka - 2MP ; Spalva - juoda","robots":{"index":"index","follow":"follow","max-snippet":"max-snippet:-1","max-image-preview":"max-image-preview:large","max-video-preview":"max-video-preview:-1"},"canonical":"https:\/\/eheating.lt\/produktas\/hikvision-ds-2cd2d21g0-m-d-nf-f2-8\/","og_locale":"en_US","og_type":"article","og_title":"Hikvision DS-2CD2D21G0\/M-D\/NF F2.8","og_description":"Hikvision DS-2CD2D21G0\/M-D\/NF F2.8 IP kamera ; 2.8mm (114\u00b0) objektyvas ; 120dB WDR ; 12V maitinimas ; Rai\u0161ka - 2MP ; Spalva - juoda","og_url":"https:\/\/eheating.lt\/produktas\/hikvision-ds-2cd2d21g0-m-d-nf-f2-8\/","og_site_name":"Elektronika Namams","article_publisher":"https:\/\/www.facebook.com\/ElektronikaNamams","article_modified_time":"2024-10-18T13:42:50+00:00","og_image":[{"width":800,"height":800,"url":"https:\/\/eheating.lt\/wp-content\/uploads\/2023\/10\/Hikvision-DS-2CD2D21G0M-DNF-F2.8.png","type":"image\/png"}],"twitter_card":"summary_large_image","twitter_misc":{"Price":"200,36&nbsp;&euro;","Availability":"On backorder"},"schema":{"@context":"https:\/\/schema.org","@graph":[{"@type":"WebPage","@id":"https:\/\/eheating.lt\/produktas\/hikvision-ds-2cd2d21g0-m-d-nf-f2-8\/","url":"https:\/\/eheating.lt\/produktas\/hikvision-ds-2cd2d21g0-m-d-nf-f2-8\/","name":"Hikvision DS-2CD2D21G0\/M-D\/NF F2.8","isPartOf":{"@id":"https:\/\/eheating.lt\/#website"},"primaryImageOfPage":{"@id":"https:\/\/eheating.lt\/produktas\/hikvision-ds-2cd2d21g0-m-d-nf-f2-8\/#primaryimage"},"image":{"@id":"https:\/\/eheating.lt\/produktas\/hikvision-ds-2cd2d21g0-m-d-nf-f2-8\/#primaryimage"},"thumbnailUrl":"https:\/\/eheating.lt\/wp-content\/uploads\/2023\/10\/Hikvision-DS-2CD2D21G0M-DNF-F2.8.png","datePublished":"2023-11-13T19:31:16+00:00","dateModified":"2024-10-18T13:42:50+00:00","description":"Hikvision DS-2CD2D21G0\/M-D\/NF F2.8 IP kamera ; 2.8mm (114\u00b0) objektyvas ; 120dB WDR ; 12V maitinimas ; Rai\u0161ka - 2MP ; Spalva - juoda","breadcrumb":{"@id":"https:\/\/eheating.lt\/produktas\/hikvision-ds-2cd2d21g0-m-d-nf-f2-8\/#breadcrumb"},"inLanguage":"en-US","potentialAction":[{"@type":"ReadAction","target":["https:\/\/eheating.lt\/produktas\/hikvision-ds-2cd2d21g0-m-d-nf-f2-8\/"]}]},{"@type":"ImageObject","inLanguage":"en-US","@id":"https:\/\/eheating.lt\/produktas\/hikvision-ds-2cd2d21g0-m-d-nf-f2-8\/#primaryimage","url":"https:\/\/eheating.lt\/wp-content\/uploads\/2023\/10\/Hikvision-DS-2CD2D21G0M-DNF-F2.8.png","contentUrl":"https:\/\/eheating.lt\/wp-content\/uploads\/2023\/10\/Hikvision-DS-2CD2D21G0M-DNF-F2.8.png","width":800,"height":800,"caption":"Hikvision DS-2CD2D21G0\/M-D\/NF F2.8"},{"@type":"BreadcrumbList","@id":"https:\/\/eheating.lt\/produktas\/hikvision-ds-2cd2d21g0-m-d-nf-f2-8\/#breadcrumb","itemListElement":[{"@type":"ListItem","position":1,"name":"Prad\u017eia","item":"https:\/\/eheating.lt\/en\/"},{"@type":"ListItem","position":2,"name":"Shop","item":"https:\/\/eheating.lt\/en\/?page_id=5734"},{"@type":"ListItem","position":3,"name":"Hikvision DS-2CD2D21G0\/M-D\/NF F2.8"}]},{"@type":"WebSite","@id":"https:\/\/eheating.lt\/#website","url":"https:\/\/eheating.lt\/","name":"eHeating","description":"Elektronika ir \u0161ildymas","potentialAction":[{"@type":"SearchAction","target":{"@type":"EntryPoint","urlTemplate":"https:\/\/eheating.lt\/?s={search_term_string}"},"query-input":{"@type":"PropertyValueSpecification","valueRequired":true,"valueName":"search_term_string"}}],"inLanguage":"en-US"}]},"product_price_amount":"200.36","product_price_currency":"EUR","og_availability":"backorder","product_availability":"available for order","product_retailer_item_id":"6ce6c761cd9a","product_condition":"new"},"_links":{"self":[{"href":"https:\/\/eheating.lt\/en\/wp-json\/wp\/v2\/product\/16694","targetHints":{"allow":["GET"]}}],"collection":[{"href":"https:\/\/eheating.lt\/en\/wp-json\/wp\/v2\/product"}],"about":[{"href":"https:\/\/eheating.lt\/en\/wp-json\/wp\/v2\/types\/product"}],"replies":[{"embeddable":true,"href":"https:\/\/eheating.lt\/en\/wp-json\/wp\/v2\/comments?post=16694"}],"version-history":[{"count":0,"href":"https:\/\/eheating.lt\/en\/wp-json\/wp\/v2\/product\/16694\/revisions"}],"wp:featuredmedia":[{"embeddable":true,"href":"https:\/\/eheating.lt\/en\/wp-json\/wp\/v2\/media\/27970"}],"wp:attachment":[{"href":"https:\/\/eheating.lt\/en\/wp-json\/wp\/v2\/media?parent=16694"}],"wp:term":[{"taxonomy":"product_brand","embeddable":true,"href":"https:\/\/eheating.lt\/en\/wp-json\/wp\/v2\/product_brand?post=16694"},{"taxonomy":"product_cat","embeddable":true,"href":"https:\/\/eheating.lt\/en\/wp-json\/wp\/v2\/product_cat?post=16694"},{"taxonomy":"product_tag","embeddable":true,"href":"https:\/\/eheating.lt\/en\/wp-json\/wp\/v2\/product_tag?post=16694"}],"curies":[{"name":"wp","href":"https:\/\/api.w.org\/{rel}","templated":true}]}}