{"id":16620,"date":"2023-12-18T22:19:10","date_gmt":"2023-12-18T20:19:10","guid":{"rendered":"https:\/\/eheating.lt\/?post_type=product&#038;p=16620"},"modified":"2024-10-18T16:42:08","modified_gmt":"2024-10-18T13:42:08","slug":"hikvision-ds-kh8520-wte1","status":"publish","type":"product","link":"https:\/\/eheating.lt\/en\/produktas\/hikvision-ds-kh8520-wte1\/","title":{"rendered":"Hikvision DS-KH8520-WTE1"},"content":{"rendered":"<table>\n<tbody>\n<tr>\n<th colspan=\"2\">Sistemos parametrai<\/th>\n<\/tr>\n<tr>\n<td class=\"td1\">Operacin\u0117 sistema<\/td>\n<td>Embedded Linux Operation System<\/td>\n<\/tr>\n<tr>\n<td class=\"td1\">Flash<\/td>\n<td>32MB<\/td>\n<\/tr>\n<tr>\n<td class=\"td1\">Atmintis<\/td>\n<td>128MB<\/td>\n<\/tr>\n<tr>\n<th colspan=\"2\">Ekrano parametrai<\/th>\n<\/tr>\n<tr>\n<td class=\"td1\">Ekranas<\/td>\n<td>10.1-inch colorful TFT LCD<\/td>\n<\/tr>\n<tr>\n<td class=\"td1\">Ekrano rai\u0161ka<\/td>\n<td>1024 \u00d7 600<\/td>\n<\/tr>\n<tr>\n<td class=\"td1\">Veikimas<\/td>\n<td>Capacitive touch screen<\/td>\n<\/tr>\n<tr>\n<th colspan=\"2\">Garso parametrai<\/th>\n<\/tr>\n<tr>\n<td class=\"td1\">Garso \u012fvestis<\/td>\n<td>Built-in Omnidirectional Microphone<\/td>\n<\/tr>\n<tr>\n<td class=\"td1\">Garso i\u0161vestis<\/td>\n<td>Built-in Loudspeaker<\/td>\n<\/tr>\n<tr>\n<td class=\"td1\">Garso suspaudimo standartas<\/td>\n<td>G.711 U<\/td>\n<\/tr>\n<tr>\n<td class=\"td1\">Garso suspaudimo da\u017enis<\/td>\n<td>64 Kbps<\/td>\n<\/tr>\n<tr>\n<td class=\"td1\">Garso kokyb\u0117<\/td>\n<td>Noise Suppression and Echo Cancellation<\/td>\n<\/tr>\n<tr>\n<th colspan=\"2\">Tinklo parametrai<\/th>\n<\/tr>\n<tr>\n<td class=\"td1\">Laidinis tinklas<\/td>\n<td>10\/100 Mbps self-adaptive network<\/td>\n<\/tr>\n<tr>\n<td class=\"td1\">Belaidis tinklas<\/td>\n<td>Wi-Fi 802.11b\/g\/n<\/td>\n<\/tr>\n<tr>\n<td class=\"td1\">Tinklo protokolai<\/td>\n<td>TCP\/IP, SIP, RTSP<\/td>\n<\/tr>\n<tr>\n<td class=\"td1\">Tinklo s\u0105saja<\/td>\n<td>1 RJ-45 10\/100 Mbps self-adaptive<\/td>\n<\/tr>\n<tr>\n<th colspan=\"2\">\u012erenginio s\u0105sajos<\/th>\n<\/tr>\n<tr>\n<td class=\"td1\">R\u0117lin\u0117s i\u0161vestys<\/td>\n<td>2<\/td>\n<\/tr>\n<tr>\n<td class=\"td1\">Pavojaus signalo \u012fvestys<\/td>\n<td>8-ch alarm inputs<\/td>\n<\/tr>\n<tr>\n<td class=\"td1\">RS-485<\/td>\n<td>1<\/td>\n<\/tr>\n<tr>\n<td class=\"td1\">TF kortel\u0117 (micro SD kortel\u0117)<\/td>\n<td>Max to 32 G, SD 2.0 or lower version<\/td>\n<\/tr>\n<tr>\n<th colspan=\"2\">Pagrindin\u0117s savyb\u0117s<\/th>\n<\/tr>\n<tr>\n<td class=\"td1\">Maitinimas<\/td>\n<td>IEEE802.3af standard PoE, 12 VDC\/1A<\/td>\n<\/tr>\n<tr>\n<td class=\"td1\">Energijos suvartojimas<\/td>\n<td>\u22646W<\/td>\n<\/tr>\n<tr>\n<td class=\"td1\">Santykinis oro dr\u0117gnumas<\/td>\n<td>10% to 90%<\/td>\n<\/tr>\n<tr>\n<td class=\"td1\">Veikimo temperat\u016bra<\/td>\n<td>-10\u00b0 C to + 55\u00b0 C (14\u00b0 F to 131\u00b0 F)<\/td>\n<\/tr>\n<tr>\n<td class=\"td1\">I\u0161matavimai (L \u00d7 W \u00d7 H)<\/td>\n<td>254 mm \u00d7 166 mm \u00d7 14.7 mm (10.0&#8243; \u00d76.5&#8243; \u00d7 0.58&#8243;)<\/td>\n<\/tr>\n<\/tbody>\n<\/table>\n","protected":false},"excerpt":{"rendered":"<ul>\n<li>Telefonspyn\u0117s monitorius su 10 coli\u0173 lie\u010diamu ekranu<\/li>\n<li>PoE<\/li>\n<li>Wi-Fi<\/li>\n<li>1024 \u00d7 600 rai\u0161ka<\/li>\n<li>8 pavojaus signalo \u012fvestys<\/li>\n<li>SD kortel\u0117s palaikymas (iki 32GB)<\/li>\n<li>Vidaus<\/li>\n<\/ul>\n","protected":false},"featured_media":29686,"comment_status":"closed","ping_status":"closed","template":"","meta":[],"product_brand":[],"product_cat":[396,399,356],"product_tag":[974],"class_list":{"0":"post-16620","1":"product","2":"type-product","3":"status-publish","4":"has-post-thumbnail","6":"product_cat-ip-vaizdo-telefonspynes","7":"product_cat-telefonspyniu-monitoriai","8":"product_cat-vaizdo-telefonspynes","9":"product_tag-ean","11":"first","12":"instock","13":"purchasable","14":"product-type-simple"},"yoast_head":"<!-- This site is optimized with the Yoast SEO Premium plugin v21.5 (Yoast SEO v27.4) - https:\/\/yoast.com\/product\/yoast-seo-premium-wordpress\/ -->\n<title>Hikvision DS-KH8520-WTE1<\/title>\n<meta name=\"description\" content=\"Hikvision DS-KH8520-WTE1 IP telefonspyn\u0117s monitorius ; 10 coli\u0173 lie\u010diamas ekranas ; 1024 \u00d7 600 rai\u0161ka ; PoE ; Wi-Fi ; SD kortel\u0117s palaikymas (iki 32GB)\" \/>\n<meta name=\"robots\" content=\"index, follow, max-snippet:-1, max-image-preview:large, max-video-preview:-1\" \/>\n<link rel=\"canonical\" href=\"https:\/\/eheating.lt\/produktas\/hikvision-ds-kh8520-wte1\/\" \/>\n<meta property=\"og:locale\" content=\"en_US\" \/>\n<meta property=\"og:type\" content=\"article\" \/>\n<meta property=\"og:title\" content=\"Hikvision DS-KH8520-WTE1\" \/>\n<meta property=\"og:description\" content=\"Hikvision DS-KH8520-WTE1 IP telefonspyn\u0117s monitorius ; 10 coli\u0173 lie\u010diamas ekranas ; 1024 \u00d7 600 rai\u0161ka ; PoE ; Wi-Fi ; SD kortel\u0117s palaikymas (iki 32GB)\" \/>\n<meta property=\"og:url\" content=\"https:\/\/eheating.lt\/produktas\/hikvision-ds-kh8520-wte1\/\" \/>\n<meta property=\"og:site_name\" content=\"Elektronika Namams\" \/>\n<meta property=\"article:publisher\" content=\"https:\/\/www.facebook.com\/ElektronikaNamams\" \/>\n<meta property=\"article:modified_time\" content=\"2024-10-18T13:42:08+00:00\" \/>\n<meta property=\"og:image\" content=\"https:\/\/eheating.lt\/wp-content\/uploads\/2023\/10\/Hikvision-DS-KH8520-WTE1.png\" \/>\n\t<meta property=\"og:image:width\" content=\"800\" \/>\n\t<meta property=\"og:image:height\" content=\"800\" \/>\n\t<meta property=\"og:image:type\" content=\"image\/png\" \/>\n<meta name=\"twitter:card\" content=\"summary_large_image\" \/>\n<meta name=\"twitter:label1\" content=\"Price\" \/>\n\t<meta name=\"twitter:data1\" content=\"605,26&nbsp;&euro;\" \/>\n\t<meta name=\"twitter:label2\" content=\"Availability\" \/>\n\t<meta name=\"twitter:data2\" content=\"In stock\" \/>\n<script type=\"application\/ld+json\" class=\"yoast-schema-graph\">{\"@context\":\"https:\\\/\\\/schema.org\",\"@graph\":[{\"@type\":\"WebPage\",\"@id\":\"https:\\\/\\\/eheating.lt\\\/produktas\\\/hikvision-ds-kh8520-wte1\\\/\",\"url\":\"https:\\\/\\\/eheating.lt\\\/produktas\\\/hikvision-ds-kh8520-wte1\\\/\",\"name\":\"Hikvision DS-KH8520-WTE1\",\"isPartOf\":{\"@id\":\"https:\\\/\\\/eheating.lt\\\/#website\"},\"primaryImageOfPage\":{\"@id\":\"https:\\\/\\\/eheating.lt\\\/produktas\\\/hikvision-ds-kh8520-wte1\\\/#primaryimage\"},\"image\":{\"@id\":\"https:\\\/\\\/eheating.lt\\\/produktas\\\/hikvision-ds-kh8520-wte1\\\/#primaryimage\"},\"thumbnailUrl\":\"https:\\\/\\\/eheating.lt\\\/wp-content\\\/uploads\\\/2023\\\/10\\\/Hikvision-DS-KH8520-WTE1.png\",\"datePublished\":\"2023-12-18T20:19:10+00:00\",\"dateModified\":\"2024-10-18T13:42:08+00:00\",\"description\":\"Hikvision DS-KH8520-WTE1 IP telefonspyn\u0117s monitorius ; 10 coli\u0173 lie\u010diamas ekranas ; 1024 \u00d7 600 rai\u0161ka ; PoE ; Wi-Fi ; SD kortel\u0117s palaikymas (iki 32GB)\",\"breadcrumb\":{\"@id\":\"https:\\\/\\\/eheating.lt\\\/produktas\\\/hikvision-ds-kh8520-wte1\\\/#breadcrumb\"},\"inLanguage\":\"en-US\",\"potentialAction\":[{\"@type\":\"ReadAction\",\"target\":[\"https:\\\/\\\/eheating.lt\\\/produktas\\\/hikvision-ds-kh8520-wte1\\\/\"]}]},{\"@type\":\"ImageObject\",\"inLanguage\":\"en-US\",\"@id\":\"https:\\\/\\\/eheating.lt\\\/produktas\\\/hikvision-ds-kh8520-wte1\\\/#primaryimage\",\"url\":\"https:\\\/\\\/eheating.lt\\\/wp-content\\\/uploads\\\/2023\\\/10\\\/Hikvision-DS-KH8520-WTE1.png\",\"contentUrl\":\"https:\\\/\\\/eheating.lt\\\/wp-content\\\/uploads\\\/2023\\\/10\\\/Hikvision-DS-KH8520-WTE1.png\",\"width\":800,\"height\":800,\"caption\":\"Hikvision DS-KH8520-WTE1\"},{\"@type\":\"BreadcrumbList\",\"@id\":\"https:\\\/\\\/eheating.lt\\\/produktas\\\/hikvision-ds-kh8520-wte1\\\/#breadcrumb\",\"itemListElement\":[{\"@type\":\"ListItem\",\"position\":1,\"name\":\"Prad\u017eia\",\"item\":\"https:\\\/\\\/eheating.lt\\\/en\\\/\"},{\"@type\":\"ListItem\",\"position\":2,\"name\":\"Shop\",\"item\":\"https:\\\/\\\/eheating.lt\\\/en\\\/?page_id=5734\"},{\"@type\":\"ListItem\",\"position\":3,\"name\":\"Hikvision DS-KH8520-WTE1\"}]},{\"@type\":\"WebSite\",\"@id\":\"https:\\\/\\\/eheating.lt\\\/#website\",\"url\":\"https:\\\/\\\/eheating.lt\\\/\",\"name\":\"eHeating\",\"description\":\"Elektronika ir \u0161ildymas\",\"potentialAction\":[{\"@type\":\"SearchAction\",\"target\":{\"@type\":\"EntryPoint\",\"urlTemplate\":\"https:\\\/\\\/eheating.lt\\\/?s={search_term_string}\"},\"query-input\":{\"@type\":\"PropertyValueSpecification\",\"valueRequired\":true,\"valueName\":\"search_term_string\"}}],\"inLanguage\":\"en-US\"}]}<\/script>\n<meta property=\"product:price:amount\" content=\"605.26\" \/>\n<meta property=\"product:price:currency\" content=\"EUR\" \/>\n<meta property=\"og:availability\" content=\"instock\" \/>\n<meta property=\"product:availability\" content=\"instock\" \/>\n<meta property=\"product:retailer_item_id\" content=\"34df2df37a96\" \/>\n<meta property=\"product:condition\" content=\"new\" \/>\n<!-- \/ Yoast SEO Premium plugin. -->","yoast_head_json":{"title":"Hikvision DS-KH8520-WTE1","description":"Hikvision DS-KH8520-WTE1 IP telefonspyn\u0117s monitorius ; 10 coli\u0173 lie\u010diamas ekranas ; 1024 \u00d7 600 rai\u0161ka ; PoE ; Wi-Fi ; SD kortel\u0117s palaikymas (iki 32GB)","robots":{"index":"index","follow":"follow","max-snippet":"max-snippet:-1","max-image-preview":"max-image-preview:large","max-video-preview":"max-video-preview:-1"},"canonical":"https:\/\/eheating.lt\/produktas\/hikvision-ds-kh8520-wte1\/","og_locale":"en_US","og_type":"article","og_title":"Hikvision DS-KH8520-WTE1","og_description":"Hikvision DS-KH8520-WTE1 IP telefonspyn\u0117s monitorius ; 10 coli\u0173 lie\u010diamas ekranas ; 1024 \u00d7 600 rai\u0161ka ; PoE ; Wi-Fi ; SD kortel\u0117s palaikymas (iki 32GB)","og_url":"https:\/\/eheating.lt\/produktas\/hikvision-ds-kh8520-wte1\/","og_site_name":"Elektronika Namams","article_publisher":"https:\/\/www.facebook.com\/ElektronikaNamams","article_modified_time":"2024-10-18T13:42:08+00:00","og_image":[{"width":800,"height":800,"url":"https:\/\/eheating.lt\/wp-content\/uploads\/2023\/10\/Hikvision-DS-KH8520-WTE1.png","type":"image\/png"}],"twitter_card":"summary_large_image","twitter_misc":{"Price":"605,26&nbsp;&euro;","Availability":"In stock"},"schema":{"@context":"https:\/\/schema.org","@graph":[{"@type":"WebPage","@id":"https:\/\/eheating.lt\/produktas\/hikvision-ds-kh8520-wte1\/","url":"https:\/\/eheating.lt\/produktas\/hikvision-ds-kh8520-wte1\/","name":"Hikvision DS-KH8520-WTE1","isPartOf":{"@id":"https:\/\/eheating.lt\/#website"},"primaryImageOfPage":{"@id":"https:\/\/eheating.lt\/produktas\/hikvision-ds-kh8520-wte1\/#primaryimage"},"image":{"@id":"https:\/\/eheating.lt\/produktas\/hikvision-ds-kh8520-wte1\/#primaryimage"},"thumbnailUrl":"https:\/\/eheating.lt\/wp-content\/uploads\/2023\/10\/Hikvision-DS-KH8520-WTE1.png","datePublished":"2023-12-18T20:19:10+00:00","dateModified":"2024-10-18T13:42:08+00:00","description":"Hikvision DS-KH8520-WTE1 IP telefonspyn\u0117s monitorius ; 10 coli\u0173 lie\u010diamas ekranas ; 1024 \u00d7 600 rai\u0161ka ; PoE ; Wi-Fi ; SD kortel\u0117s palaikymas (iki 32GB)","breadcrumb":{"@id":"https:\/\/eheating.lt\/produktas\/hikvision-ds-kh8520-wte1\/#breadcrumb"},"inLanguage":"en-US","potentialAction":[{"@type":"ReadAction","target":["https:\/\/eheating.lt\/produktas\/hikvision-ds-kh8520-wte1\/"]}]},{"@type":"ImageObject","inLanguage":"en-US","@id":"https:\/\/eheating.lt\/produktas\/hikvision-ds-kh8520-wte1\/#primaryimage","url":"https:\/\/eheating.lt\/wp-content\/uploads\/2023\/10\/Hikvision-DS-KH8520-WTE1.png","contentUrl":"https:\/\/eheating.lt\/wp-content\/uploads\/2023\/10\/Hikvision-DS-KH8520-WTE1.png","width":800,"height":800,"caption":"Hikvision DS-KH8520-WTE1"},{"@type":"BreadcrumbList","@id":"https:\/\/eheating.lt\/produktas\/hikvision-ds-kh8520-wte1\/#breadcrumb","itemListElement":[{"@type":"ListItem","position":1,"name":"Prad\u017eia","item":"https:\/\/eheating.lt\/en\/"},{"@type":"ListItem","position":2,"name":"Shop","item":"https:\/\/eheating.lt\/en\/?page_id=5734"},{"@type":"ListItem","position":3,"name":"Hikvision DS-KH8520-WTE1"}]},{"@type":"WebSite","@id":"https:\/\/eheating.lt\/#website","url":"https:\/\/eheating.lt\/","name":"eHeating","description":"Elektronika ir \u0161ildymas","potentialAction":[{"@type":"SearchAction","target":{"@type":"EntryPoint","urlTemplate":"https:\/\/eheating.lt\/?s={search_term_string}"},"query-input":{"@type":"PropertyValueSpecification","valueRequired":true,"valueName":"search_term_string"}}],"inLanguage":"en-US"}]},"product_price_amount":"605.26","product_price_currency":"EUR","og_availability":"instock","product_availability":"instock","product_retailer_item_id":"34df2df37a96","product_condition":"new"},"_links":{"self":[{"href":"https:\/\/eheating.lt\/en\/wp-json\/wp\/v2\/product\/16620","targetHints":{"allow":["GET"]}}],"collection":[{"href":"https:\/\/eheating.lt\/en\/wp-json\/wp\/v2\/product"}],"about":[{"href":"https:\/\/eheating.lt\/en\/wp-json\/wp\/v2\/types\/product"}],"replies":[{"embeddable":true,"href":"https:\/\/eheating.lt\/en\/wp-json\/wp\/v2\/comments?post=16620"}],"version-history":[{"count":0,"href":"https:\/\/eheating.lt\/en\/wp-json\/wp\/v2\/product\/16620\/revisions"}],"wp:featuredmedia":[{"embeddable":true,"href":"https:\/\/eheating.lt\/en\/wp-json\/wp\/v2\/media\/29686"}],"wp:attachment":[{"href":"https:\/\/eheating.lt\/en\/wp-json\/wp\/v2\/media?parent=16620"}],"wp:term":[{"taxonomy":"product_brand","embeddable":true,"href":"https:\/\/eheating.lt\/en\/wp-json\/wp\/v2\/product_brand?post=16620"},{"taxonomy":"product_cat","embeddable":true,"href":"https:\/\/eheating.lt\/en\/wp-json\/wp\/v2\/product_cat?post=16620"},{"taxonomy":"product_tag","embeddable":true,"href":"https:\/\/eheating.lt\/en\/wp-json\/wp\/v2\/product_tag?post=16620"}],"curies":[{"name":"wp","href":"https:\/\/api.w.org\/{rel}","templated":true}]}}