{"id":16614,"date":"2023-12-14T21:05:13","date_gmt":"2023-12-14T19:05:13","guid":{"rendered":"https:\/\/eheating.lt\/?post_type=product&#038;p=16614"},"modified":"2024-09-13T14:16:17","modified_gmt":"2024-09-13T11:16:17","slug":"hikvision-ds-kd8003-ime1","status":"publish","type":"product","link":"https:\/\/eheating.lt\/en\/produktas\/hikvision-ds-kd8003-ime1\/","title":{"rendered":"Hikvision DS-KD8003-IME1"},"content":{"rendered":"<table>\n<tbody>\n<tr>\n<th colspan=\"2\">Sistemos parametrai<\/th>\n<\/tr>\n<tr>\n<td class=\"td1\">Operacin\u0117 sistema<\/td>\n<td>Embedded Linux Operation System<\/td>\n<\/tr>\n<tr>\n<td class=\"td1\">Veikimo b\u016bdas<\/td>\n<td>Physical Button<\/td>\n<\/tr>\n<tr>\n<td class=\"td1\">Procesorius<\/td>\n<td>Embedded MCU Processor<\/td>\n<\/tr>\n<tr>\n<th colspan=\"2\">Kameros parametrai<\/th>\n<\/tr>\n<tr>\n<td class=\"td1\">Matymo kampas<\/td>\n<td>180\u00b0 (Horizontal), 96\u00b0(Vertical)<\/td>\n<\/tr>\n<tr>\n<th colspan=\"2\">Vaizdo parametrai<\/th>\n<\/tr>\n<tr>\n<td class=\"td1\">WDR<\/td>\n<td>Supported<\/td>\n<\/tr>\n<tr>\n<td class=\"td1\">DNR<\/td>\n<td>Supported<\/td>\n<\/tr>\n<tr>\n<td class=\"td1\">BLC<\/td>\n<td>Supported<\/td>\n<\/tr>\n<tr>\n<td class=\"td1\">Kamera<\/td>\n<td>Low Illumination 2 MP HD IR Camera<\/td>\n<\/tr>\n<tr>\n<td class=\"td1\">Vaizdo suspaudimo standartai<\/td>\n<td>H.264<\/td>\n<\/tr>\n<tr>\n<td class=\"td1\">Rai\u0161ka<\/td>\n<td>Main Stream: 1920 \u00d7 1080 Sub Stream\uff1a720 \u00d7 480<\/td>\n<\/tr>\n<tr>\n<td class=\"td1\">Anti-flicker da\u017enis<\/td>\n<td>50 Hz, 60 Hz<\/td>\n<\/tr>\n<tr>\n<th colspan=\"2\">Garso parametrai<\/th>\n<\/tr>\n<tr>\n<td class=\"td1\">Garso \u012fvestis<\/td>\n<td>Built-in Omnidirectional Microphone<\/td>\n<\/tr>\n<tr>\n<td class=\"td1\">Garso i\u0161vestis<\/td>\n<td>Built-in Loudspeaker(More than 85dB within 20 cm)<\/td>\n<\/tr>\n<tr>\n<td class=\"td1\">Garso suspaudimo standartai<\/td>\n<td>G.711 U<\/td>\n<\/tr>\n<tr>\n<td class=\"td1\">Garso suspaudimo sparta<\/td>\n<td>64 Kbps<\/td>\n<\/tr>\n<tr>\n<td class=\"td1\">Garso kokyb\u0117<\/td>\n<td>Noise Suppression and Echo Cancellation<\/td>\n<\/tr>\n<tr>\n<th colspan=\"2\">Tinklo parametrai<\/th>\n<\/tr>\n<tr>\n<td class=\"td1\">Tinklo protokolai<\/td>\n<td>TCP\/IP, RTSP<\/td>\n<\/tr>\n<tr>\n<td class=\"td1\">Tinklas<\/td>\n<td>10\/100 Mbps Self-Adaptive Ethernet<\/td>\n<\/tr>\n<tr>\n<th colspan=\"2\">Ap\u0161vietimas<\/th>\n<\/tr>\n<tr>\n<td class=\"td1\">Ap\u0161vietimas<\/td>\n<td>IR Supplement<\/td>\n<\/tr>\n<tr>\n<th colspan=\"2\">Pavojaus signalas<\/th>\n<\/tr>\n<tr>\n<td class=\"td1\">Tamperio pavojaus signalas<\/td>\n<td>1<\/td>\n<\/tr>\n<tr>\n<th colspan=\"2\">S\u0105sajos<\/th>\n<\/tr>\n<tr>\n<td class=\"td1\">Debug<\/td>\n<td>1<\/td>\n<\/tr>\n<tr>\n<td class=\"td1\">Modulio pajungimas<\/td>\n<td>1<\/td>\n<\/tr>\n<tr>\n<td class=\"td1\">R\u0117lin\u0117 i\u0161vestis<\/td>\n<td>2(30V, 1A)<\/td>\n<\/tr>\n<tr>\n<td class=\"td1\">I\/O \u012fvestis<\/td>\n<td>4<\/td>\n<\/tr>\n<tr>\n<th colspan=\"2\">Pagrindin\u0117s savyb\u0117s<\/th>\n<\/tr>\n<tr>\n<td class=\"td1\">Montavimas<\/td>\n<td>Flush Mounting, Surface Mounting<\/td>\n<\/tr>\n<tr>\n<td class=\"td1\">Maitinimas<\/td>\n<td>IEEE802.3af standard PoE, 12 VDC\/1A<\/td>\n<\/tr>\n<tr>\n<td class=\"td1\">Energijos suvartojimas<\/td>\n<td>\u226410 W<\/td>\n<\/tr>\n<tr>\n<td class=\"td1\">Mygtukas<\/td>\n<td>1<\/td>\n<\/tr>\n<tr>\n<td class=\"td1\">Santykinis oro dr\u0117gnumas<\/td>\n<td>10% to 95%<\/td>\n<\/tr>\n<tr>\n<td class=\"td1\">Veikimo temperat\u016bra<\/td>\n<td>-40\u00b0 C to +60\u00b0 C (-40\u00b0 F to 140\u00b0 F)<\/td>\n<\/tr>\n<tr>\n<td class=\"td1\">IP apsaugos lygis<\/td>\n<td>IP65<\/td>\n<\/tr>\n<tr>\n<td class=\"td1\">I\u0161matavimai (L \u00d7 W \u00d7 H)<\/td>\n<td>98mm \u00d7 99.8mm \u00d7 43.9mm(3.86&#8243;\u00d7 3.93&#8243; \u00d71.73&#8243;)<\/td>\n<\/tr>\n<\/tbody>\n<\/table>\n","protected":false},"excerpt":{"rendered":"<ul>\n<li>Moduline pra\u0117jimo sistemos kamera<\/li>\n<li>2 MP HD vaizdo kamera<\/li>\n<li>Fisheye kamera su IR ap\u0161vietimu<\/li>\n<li>PoE<\/li>\n<li>2 r\u0117lin\u0117s i\u0161vestys<\/li>\n<li>1 mygtukas<\/li>\n<li>4 aliarmin\u0117s i\u0161vestys<\/li>\n<li>IP65<\/li>\n<\/ul>\n","protected":false},"featured_media":29625,"comment_status":"closed","ping_status":"closed","template":"","meta":[],"product_brand":[],"product_cat":[396,398,356],"product_tag":[974],"class_list":{"0":"post-16614","1":"product","2":"type-product","3":"status-publish","4":"has-post-thumbnail","6":"product_cat-ip-vaizdo-telefonspynes","7":"product_cat-ip-iskvietimo-moduliai","8":"product_cat-vaizdo-telefonspynes","9":"product_tag-ean","11":"first","12":"instock","13":"taxable","14":"shipping-taxable","15":"purchasable","16":"product-type-simple"},"yoast_head":"<!-- This site is optimized with the Yoast SEO Premium plugin v21.5 (Yoast SEO v27.4) - https:\/\/yoast.com\/product\/yoast-seo-premium-wordpress\/ -->\n<title>Hikvision DS-KD8003-IME1<\/title>\n<meta name=\"description\" content=\"Hikvision DS-KD8003-IME IP i\u0161kvietimo modulis ; 2MP HD kamera ; Fisheye kamera su IR ap\u0161vietimu ; 2 r\u0117lin\u0117s i\u0161vestys ; PoE ; IP65\" \/>\n<meta name=\"robots\" content=\"index, follow, max-snippet:-1, max-image-preview:large, max-video-preview:-1\" \/>\n<link rel=\"canonical\" href=\"https:\/\/eheating.lt\/produktas\/hikvision-ds-kd8003-ime1\/\" \/>\n<meta property=\"og:locale\" content=\"en_US\" \/>\n<meta property=\"og:type\" content=\"article\" \/>\n<meta property=\"og:title\" content=\"Hikvision DS-KD8003-IME1\" \/>\n<meta property=\"og:description\" content=\"Hikvision DS-KD8003-IME IP i\u0161kvietimo modulis ; 2MP HD kamera ; Fisheye kamera su IR ap\u0161vietimu ; 2 r\u0117lin\u0117s i\u0161vestys ; PoE ; IP65\" \/>\n<meta property=\"og:url\" content=\"https:\/\/eheating.lt\/produktas\/hikvision-ds-kd8003-ime1\/\" \/>\n<meta property=\"og:site_name\" content=\"Elektronika Namams\" \/>\n<meta property=\"article:publisher\" content=\"https:\/\/www.facebook.com\/ElektronikaNamams\" \/>\n<meta property=\"article:modified_time\" content=\"2024-09-13T11:16:17+00:00\" \/>\n<meta property=\"og:image\" content=\"https:\/\/eheating.lt\/wp-content\/uploads\/2023\/10\/Hikvision-DS-KD8003-IME1.png\" \/>\n\t<meta property=\"og:image:width\" content=\"800\" \/>\n\t<meta property=\"og:image:height\" content=\"800\" \/>\n\t<meta property=\"og:image:type\" content=\"image\/png\" \/>\n<meta name=\"twitter:card\" content=\"summary_large_image\" \/>\n<meta name=\"twitter:label1\" content=\"Price\" \/>\n\t<meta name=\"twitter:data1\" content=\"272,80&nbsp;&euro;\" \/>\n\t<meta name=\"twitter:label2\" content=\"Availability\" \/>\n\t<meta name=\"twitter:data2\" content=\"In stock\" \/>\n<script type=\"application\/ld+json\" class=\"yoast-schema-graph\">{\"@context\":\"https:\\\/\\\/schema.org\",\"@graph\":[{\"@type\":\"WebPage\",\"@id\":\"https:\\\/\\\/eheating.lt\\\/produktas\\\/hikvision-ds-kd8003-ime1\\\/\",\"url\":\"https:\\\/\\\/eheating.lt\\\/produktas\\\/hikvision-ds-kd8003-ime1\\\/\",\"name\":\"Hikvision DS-KD8003-IME1\",\"isPartOf\":{\"@id\":\"https:\\\/\\\/eheating.lt\\\/#website\"},\"primaryImageOfPage\":{\"@id\":\"https:\\\/\\\/eheating.lt\\\/produktas\\\/hikvision-ds-kd8003-ime1\\\/#primaryimage\"},\"image\":{\"@id\":\"https:\\\/\\\/eheating.lt\\\/produktas\\\/hikvision-ds-kd8003-ime1\\\/#primaryimage\"},\"thumbnailUrl\":\"https:\\\/\\\/eheating.lt\\\/wp-content\\\/uploads\\\/2023\\\/10\\\/Hikvision-DS-KD8003-IME1.png\",\"datePublished\":\"2023-12-14T19:05:13+00:00\",\"dateModified\":\"2024-09-13T11:16:17+00:00\",\"description\":\"Hikvision DS-KD8003-IME IP i\u0161kvietimo modulis ; 2MP HD kamera ; Fisheye kamera su IR ap\u0161vietimu ; 2 r\u0117lin\u0117s i\u0161vestys ; PoE ; IP65\",\"breadcrumb\":{\"@id\":\"https:\\\/\\\/eheating.lt\\\/produktas\\\/hikvision-ds-kd8003-ime1\\\/#breadcrumb\"},\"inLanguage\":\"en-US\",\"potentialAction\":[{\"@type\":\"ReadAction\",\"target\":[\"https:\\\/\\\/eheating.lt\\\/produktas\\\/hikvision-ds-kd8003-ime1\\\/\"]}]},{\"@type\":\"ImageObject\",\"inLanguage\":\"en-US\",\"@id\":\"https:\\\/\\\/eheating.lt\\\/produktas\\\/hikvision-ds-kd8003-ime1\\\/#primaryimage\",\"url\":\"https:\\\/\\\/eheating.lt\\\/wp-content\\\/uploads\\\/2023\\\/10\\\/Hikvision-DS-KD8003-IME1.png\",\"contentUrl\":\"https:\\\/\\\/eheating.lt\\\/wp-content\\\/uploads\\\/2023\\\/10\\\/Hikvision-DS-KD8003-IME1.png\",\"width\":800,\"height\":800,\"caption\":\"Hikvision DS-KD8003-IME1\"},{\"@type\":\"BreadcrumbList\",\"@id\":\"https:\\\/\\\/eheating.lt\\\/produktas\\\/hikvision-ds-kd8003-ime1\\\/#breadcrumb\",\"itemListElement\":[{\"@type\":\"ListItem\",\"position\":1,\"name\":\"Prad\u017eia\",\"item\":\"https:\\\/\\\/eheating.lt\\\/en\\\/\"},{\"@type\":\"ListItem\",\"position\":2,\"name\":\"Shop\",\"item\":\"https:\\\/\\\/eheating.lt\\\/en\\\/?page_id=5734\"},{\"@type\":\"ListItem\",\"position\":3,\"name\":\"Hikvision DS-KD8003-IME1\"}]},{\"@type\":\"WebSite\",\"@id\":\"https:\\\/\\\/eheating.lt\\\/#website\",\"url\":\"https:\\\/\\\/eheating.lt\\\/\",\"name\":\"eHeating\",\"description\":\"Elektronika ir \u0161ildymas\",\"potentialAction\":[{\"@type\":\"SearchAction\",\"target\":{\"@type\":\"EntryPoint\",\"urlTemplate\":\"https:\\\/\\\/eheating.lt\\\/?s={search_term_string}\"},\"query-input\":{\"@type\":\"PropertyValueSpecification\",\"valueRequired\":true,\"valueName\":\"search_term_string\"}}],\"inLanguage\":\"en-US\"}]}<\/script>\n<meta property=\"product:price:amount\" content=\"272.80\" \/>\n<meta property=\"product:price:currency\" content=\"EUR\" \/>\n<meta property=\"og:availability\" content=\"instock\" \/>\n<meta property=\"product:availability\" content=\"instock\" \/>\n<meta property=\"product:retailer_item_id\" content=\"8d81677fa662\" \/>\n<meta property=\"product:condition\" content=\"new\" \/>\n<!-- \/ Yoast SEO Premium plugin. -->","yoast_head_json":{"title":"Hikvision DS-KD8003-IME1","description":"Hikvision DS-KD8003-IME IP i\u0161kvietimo modulis ; 2MP HD kamera ; Fisheye kamera su IR ap\u0161vietimu ; 2 r\u0117lin\u0117s i\u0161vestys ; PoE ; IP65","robots":{"index":"index","follow":"follow","max-snippet":"max-snippet:-1","max-image-preview":"max-image-preview:large","max-video-preview":"max-video-preview:-1"},"canonical":"https:\/\/eheating.lt\/produktas\/hikvision-ds-kd8003-ime1\/","og_locale":"en_US","og_type":"article","og_title":"Hikvision DS-KD8003-IME1","og_description":"Hikvision DS-KD8003-IME IP i\u0161kvietimo modulis ; 2MP HD kamera ; Fisheye kamera su IR ap\u0161vietimu ; 2 r\u0117lin\u0117s i\u0161vestys ; PoE ; IP65","og_url":"https:\/\/eheating.lt\/produktas\/hikvision-ds-kd8003-ime1\/","og_site_name":"Elektronika Namams","article_publisher":"https:\/\/www.facebook.com\/ElektronikaNamams","article_modified_time":"2024-09-13T11:16:17+00:00","og_image":[{"width":800,"height":800,"url":"https:\/\/eheating.lt\/wp-content\/uploads\/2023\/10\/Hikvision-DS-KD8003-IME1.png","type":"image\/png"}],"twitter_card":"summary_large_image","twitter_misc":{"Price":"272,80&nbsp;&euro;","Availability":"In stock"},"schema":{"@context":"https:\/\/schema.org","@graph":[{"@type":"WebPage","@id":"https:\/\/eheating.lt\/produktas\/hikvision-ds-kd8003-ime1\/","url":"https:\/\/eheating.lt\/produktas\/hikvision-ds-kd8003-ime1\/","name":"Hikvision DS-KD8003-IME1","isPartOf":{"@id":"https:\/\/eheating.lt\/#website"},"primaryImageOfPage":{"@id":"https:\/\/eheating.lt\/produktas\/hikvision-ds-kd8003-ime1\/#primaryimage"},"image":{"@id":"https:\/\/eheating.lt\/produktas\/hikvision-ds-kd8003-ime1\/#primaryimage"},"thumbnailUrl":"https:\/\/eheating.lt\/wp-content\/uploads\/2023\/10\/Hikvision-DS-KD8003-IME1.png","datePublished":"2023-12-14T19:05:13+00:00","dateModified":"2024-09-13T11:16:17+00:00","description":"Hikvision DS-KD8003-IME IP i\u0161kvietimo modulis ; 2MP HD kamera ; Fisheye kamera su IR ap\u0161vietimu ; 2 r\u0117lin\u0117s i\u0161vestys ; PoE ; IP65","breadcrumb":{"@id":"https:\/\/eheating.lt\/produktas\/hikvision-ds-kd8003-ime1\/#breadcrumb"},"inLanguage":"en-US","potentialAction":[{"@type":"ReadAction","target":["https:\/\/eheating.lt\/produktas\/hikvision-ds-kd8003-ime1\/"]}]},{"@type":"ImageObject","inLanguage":"en-US","@id":"https:\/\/eheating.lt\/produktas\/hikvision-ds-kd8003-ime1\/#primaryimage","url":"https:\/\/eheating.lt\/wp-content\/uploads\/2023\/10\/Hikvision-DS-KD8003-IME1.png","contentUrl":"https:\/\/eheating.lt\/wp-content\/uploads\/2023\/10\/Hikvision-DS-KD8003-IME1.png","width":800,"height":800,"caption":"Hikvision DS-KD8003-IME1"},{"@type":"BreadcrumbList","@id":"https:\/\/eheating.lt\/produktas\/hikvision-ds-kd8003-ime1\/#breadcrumb","itemListElement":[{"@type":"ListItem","position":1,"name":"Prad\u017eia","item":"https:\/\/eheating.lt\/en\/"},{"@type":"ListItem","position":2,"name":"Shop","item":"https:\/\/eheating.lt\/en\/?page_id=5734"},{"@type":"ListItem","position":3,"name":"Hikvision DS-KD8003-IME1"}]},{"@type":"WebSite","@id":"https:\/\/eheating.lt\/#website","url":"https:\/\/eheating.lt\/","name":"eHeating","description":"Elektronika ir \u0161ildymas","potentialAction":[{"@type":"SearchAction","target":{"@type":"EntryPoint","urlTemplate":"https:\/\/eheating.lt\/?s={search_term_string}"},"query-input":{"@type":"PropertyValueSpecification","valueRequired":true,"valueName":"search_term_string"}}],"inLanguage":"en-US"}]},"product_price_amount":"272.80","product_price_currency":"EUR","og_availability":"instock","product_availability":"instock","product_retailer_item_id":"8d81677fa662","product_condition":"new"},"_links":{"self":[{"href":"https:\/\/eheating.lt\/en\/wp-json\/wp\/v2\/product\/16614","targetHints":{"allow":["GET"]}}],"collection":[{"href":"https:\/\/eheating.lt\/en\/wp-json\/wp\/v2\/product"}],"about":[{"href":"https:\/\/eheating.lt\/en\/wp-json\/wp\/v2\/types\/product"}],"replies":[{"embeddable":true,"href":"https:\/\/eheating.lt\/en\/wp-json\/wp\/v2\/comments?post=16614"}],"version-history":[{"count":0,"href":"https:\/\/eheating.lt\/en\/wp-json\/wp\/v2\/product\/16614\/revisions"}],"wp:featuredmedia":[{"embeddable":true,"href":"https:\/\/eheating.lt\/en\/wp-json\/wp\/v2\/media\/29625"}],"wp:attachment":[{"href":"https:\/\/eheating.lt\/en\/wp-json\/wp\/v2\/media?parent=16614"}],"wp:term":[{"taxonomy":"product_brand","embeddable":true,"href":"https:\/\/eheating.lt\/en\/wp-json\/wp\/v2\/product_brand?post=16614"},{"taxonomy":"product_cat","embeddable":true,"href":"https:\/\/eheating.lt\/en\/wp-json\/wp\/v2\/product_cat?post=16614"},{"taxonomy":"product_tag","embeddable":true,"href":"https:\/\/eheating.lt\/en\/wp-json\/wp\/v2\/product_tag?post=16614"}],"curies":[{"name":"wp","href":"https:\/\/api.w.org\/{rel}","templated":true}]}}