{"id":16568,"date":"2023-11-13T21:31:17","date_gmt":"2023-11-13T19:31:17","guid":{"rendered":"https:\/\/eheating.lt\/?post_type=product&#038;p=16568"},"modified":"2024-07-13T11:48:05","modified_gmt":"2024-07-13T08:48:05","slug":"hikvision-pinhole-ds-2cd6425g0-20-f3-7","status":"publish","type":"product","link":"https:\/\/eheating.lt\/en\/produktas\/hikvision-pinhole-ds-2cd6425g0-20-f3-7\/","title":{"rendered":"Hikvision pinhole DS-2CD6425G0-20 F3.7"},"content":{"rendered":"<table>\n<tbody>\n<tr>\n<th colspan=\"2\">Kamera<\/th>\n<\/tr>\n<tr>\n<td class=\"td1\">Sensorius<\/td>\n<td>1\/2.8&#8243; Progressive Scan CMOS<\/td>\n<\/tr>\n<tr>\n<td class=\"td1\">Signalo sistema<\/td>\n<td>PAL\/NTSC<\/td>\n<\/tr>\n<tr>\n<td class=\"td1\">Min. ap\u0161vietimas<\/td>\n<td>Color: 0.005 Lux @(F1.2, AGC ON), 0.014 Lux @(F2.0, AGC ON)<br \/>\nB\/W: 0.0001 Lux @(F1.2, AGC ON), 0.0003 Lux @(F2.0, AGC ON)<\/td>\n<\/tr>\n<tr>\n<td class=\"td1\">U\u017erakto laikas<\/td>\n<td>1 s to 1\/100,000 s<\/td>\n<\/tr>\n<tr>\n<td class=\"td1\">L\u0117tas u\u017eraktas<\/td>\n<td>Yes<\/td>\n<\/tr>\n<tr>\n<td class=\"td1\">Objektyvas<\/td>\n<td>1.39 mm\/2.0 mm\/2.8 mm\/3.7 mm\/4.0 mm\/6.0 mm<\/td>\n<\/tr>\n<tr>\n<td class=\"td1\">Objektyvo montavimas<\/td>\n<td>Pinhole<\/td>\n<\/tr>\n<tr>\n<td class=\"td1\">Diena\/naktis<\/td>\n<td>Electronic<\/td>\n<\/tr>\n<tr>\n<td class=\"td1\">Platus dinaminis diapazonas<\/td>\n<td>120 dB<\/td>\n<\/tr>\n<tr>\n<th colspan=\"2\">Suspaudimo standartai<\/th>\n<\/tr>\n<tr>\n<td class=\"td1\">Vaizdo suspaudimas<\/td>\n<td>H.265+\/H.265\/H.264+\/H.264\/MJPEG<\/td>\n<\/tr>\n<tr>\n<td class=\"td1\">H.264 kodavimo profilis<\/td>\n<td>Baseline Profile\/Main Profile\/High Profile<\/td>\n<\/tr>\n<tr>\n<td class=\"td1\">Vaizdo sparta<\/td>\n<td>32Kbps~16Mbps<\/td>\n<\/tr>\n<tr>\n<td class=\"td1\">Garso suspaudimas<\/td>\n<td>G.711\/G.722.1\/G.726\/MP2L2\/PCM<\/td>\n<\/tr>\n<tr>\n<td class=\"td1\">Garso sparta<\/td>\n<td>64Kbps(G.711)\/16Kbps(G.722.1)\/16Kbps(G.726)\/32-192Kbps(MP2L2)<\/td>\n<\/tr>\n<tr>\n<td class=\"td1\">Dvigubas srautas<\/td>\n<td>Yes<\/td>\n<\/tr>\n<tr>\n<td class=\"td1\">Trigubas srautas<\/td>\n<td>Yes<\/td>\n<\/tr>\n<tr>\n<th colspan=\"2\">Vaizdas<\/th>\n<\/tr>\n<tr>\n<td class=\"td1\">Maks. vaizdo rai\u0161ka<\/td>\n<td>1920 x 1080<\/td>\n<\/tr>\n<tr>\n<td class=\"td1\">Antrinis srautas<\/td>\n<td>50Hz: 25fps (640 \u00d7 480, 640 \u00d7 360, 320 \u00d7 240)<br \/>\n60Hz: 30fps (640 \u00d7 480, 640 \u00d7 360, 320 \u00d7 240)<\/td>\n<\/tr>\n<tr>\n<td class=\"td1\">Tre\u010dias srautas<\/td>\n<td>50Hz: 1fps (1920 \u00d7 1080, 1280 \u00d7 720, 704 \u00d7 576, 640 \u00d7 480, 640 \u00d7 360, 352 \u00d7 288, 320 \u00d7 240)<br \/>\n60Hz: 1fps (1920 \u00d7 1080, 1280 \u00d7 720, 704 \u00d7 480, 640 \u00d7 480, 640 \u00d7 360, 352 \u00d7 240, 320 \u00d7 240)<\/td>\n<\/tr>\n<tr>\n<td class=\"td1\">Foninio ap\u0161vietimo kompensavimas<\/td>\n<td>BLC, 3D DNR<\/td>\n<\/tr>\n<tr>\n<td class=\"td1\">Vaizdo nustatymai<\/td>\n<td>Rotate mode, saturation, brightness, contrast, sharpness, AGC, and white balance are adjustable by client software or web browser<\/td>\n<\/tr>\n<tr>\n<td class=\"td1\">BLC<\/td>\n<td>Support<\/td>\n<\/tr>\n<tr>\n<td class=\"td1\">3D DNR<\/td>\n<td>Support<\/td>\n<\/tr>\n<tr>\n<td class=\"td1\">ROI<\/td>\n<td>1 fixed region for main stream and sub stream<\/td>\n<\/tr>\n<tr>\n<td class=\"td1\">Dienos\/nakties perjungimas<\/td>\n<td>Day\/Night\/Auto\/Schedule\/ Triggered by Alarm In<\/td>\n<\/tr>\n<tr>\n<th colspan=\"2\">Tinklas<\/th>\n<\/tr>\n<tr>\n<td class=\"td1\">Tinklinis talpinimas<\/td>\n<td>microSD\/SDHC\/SDXC card (128G), local storage and NAS (NFS,SMB\/CIFS), ANR<\/td>\n<\/tr>\n<tr>\n<td class=\"td1\">Pavojaus signalo suk\u0117limas<\/td>\n<td>Motion detection, video tampering alarm, network disconnected, IP address conflict, illegal login, HDD full, HDD error<\/td>\n<\/tr>\n<tr>\n<td class=\"td1\">Protokolai<\/td>\n<td>TCP\/IP, ICMP, HTTP, HTTPS, FTP, DHCP, DNS, DDNS, RTP, RTSP, RTCP, PPPoE, NTP, UPnP, SMTP, SNMP, IGMP, 802.1X, QoS, IPv6, UDP, Bonjour<\/td>\n<\/tr>\n<tr>\n<td class=\"td1\">Pagrindin\u0117s funkcijos<\/td>\n<td>One-key reset, anti-flicker, five streams and up to 5 custom streams, heartbeat, password protection, privacy mask, watermark, IP address filter<\/td>\n<\/tr>\n<tr>\n<td class=\"td1\">Sistemos suderinamumas<\/td>\n<td>ONVIF (Profile S, Profile G), ISAPI<\/td>\n<\/tr>\n<tr>\n<th colspan=\"2\">Funkcijos<\/th>\n<\/tr>\n<tr>\n<td class=\"td1\">Elgesio analizavimas<\/td>\n<td>Line crossing detection, intrusion detection, unattended baggage detection, object removal detection<\/td>\n<\/tr>\n<tr>\n<th colspan=\"2\">S\u0105sajos<\/th>\n<\/tr>\n<tr>\n<td class=\"td1\">Ry\u0161io s\u0105saja<\/td>\n<td>1 RJ45 10M\/100M Ethernet port<br \/>\n1 VIN port<br \/>\n1 RS-485<\/td>\n<\/tr>\n<tr>\n<td class=\"td1\">Garsas<\/td>\n<td>1 input, 1 output<\/td>\n<\/tr>\n<tr>\n<td class=\"td1\">Pavojaus signalas<\/td>\n<td>1 input, 1 output (up to 24 VAC, 1A or 110 VAC, 500mA)<\/td>\n<\/tr>\n<tr>\n<td class=\"td1\">Vidin\u0117 atmintis<\/td>\n<td>Built-in Micro SD\/SDHC\/SDXC slot, up to 128 GB<\/td>\n<\/tr>\n<tr>\n<td class=\"td1\">Reset mygtukas<\/td>\n<td>Yes<\/td>\n<\/tr>\n<tr>\n<th colspan=\"2\">Garsas<\/th>\n<\/tr>\n<tr>\n<td class=\"td1\">Aplinkini\u0173 gars\u0173 filtravimas<\/td>\n<td>Support<\/td>\n<\/tr>\n<tr>\n<td class=\"td1\">Garso \u012fvestis\/i\u0161vestis<\/td>\n<td>support<\/td>\n<\/tr>\n<tr>\n<td class=\"td1\">Garso testavimo da\u017enis<\/td>\n<td>8 kHz\/16 kHz\/32 kHz\/44.1 kHZ\/48 kHz<\/td>\n<\/tr>\n<tr>\n<th colspan=\"2\">I\u0161manios funkcijos<\/th>\n<\/tr>\n<tr>\n<td class=\"td1\">Elgesio analizavimas<\/td>\n<td>Line crossing detection, Intrusion detection, Unattended baggage detection, Object removal detection<\/td>\n<\/tr>\n<tr>\n<td class=\"td1\">Linijos kirtimo aptikimas<\/td>\n<td>Cross a pre-defined virtual line<\/td>\n<\/tr>\n<tr>\n<td class=\"td1\">\u012esibrovimo aptikimas<\/td>\n<td>Enter and loiter in a pre-defined virtual region<\/td>\n<\/tr>\n<tr>\n<td class=\"td1\">Nepri\u017ei\u016brimas baga\u017eas<\/td>\n<td>Objects left over in the pre-defined region such as the baggage, purse, dangerous materials<\/td>\n<\/tr>\n<tr>\n<td class=\"td1\">Objekt\u0173 \u0161alinimas<\/td>\n<td>Objects removed from the pre-defined region, such as the exhibits on display.<\/td>\n<\/tr>\n<tr>\n<td class=\"td1\">Atpa\u017einimas<\/td>\n<td>Face Detection<\/td>\n<\/tr>\n<tr>\n<th colspan=\"2\">Pagrindin\u0117s savyb\u0117s<\/th>\n<\/tr>\n<tr>\n<td class=\"td1\">Veikimo s\u0105lygos<\/td>\n<td>-10 \u00b0C to 40 \u00b0C (14 \u00b0F to 104 \u00b0F), humidity: 5% to 95% (non-condensing)<\/td>\n<\/tr>\n<tr>\n<td class=\"td1\">Maitinimas<\/td>\n<td>12 VDC \u00b1 20%, two-core terminal block, PoE: (802.3af, class 2)<\/td>\n<\/tr>\n<tr>\n<td class=\"td1\">Energijos suvartojimas<\/td>\n<td>12 V DC \u00b1 20%, 0.25 A, max. 3 W<br \/>\nPoE: (802.3af, 36V-57V), 0.2A to 0.1A, Max: 3.5W<\/td>\n<\/tr>\n<tr>\n<td class=\"td1\">I\u0161matavimai<\/td>\n<td>Camera: 77.1 \u00d7 69 \u00d7 26 mm (3.04&#8243; \u00d7 2.72&#8243; \u00d7 1.02&#8243;)<br \/>\nWith package: 254 \u00d7 164 \u00d7 130 mm (10&#8243; \u00d7 6.46&#8243; \u00d7 5.12&#8243;)<\/td>\n<\/tr>\n<tr>\n<td class=\"td1\">Svoris<\/td>\n<td>Camera: 87 g (0.19 lbs.)<br \/>\nWith package: 220 g (0.49 lbs)<\/td>\n<\/tr>\n<\/tbody>\n<\/table>\n","protected":false},"excerpt":{"rendered":"<ul>\n<li>2MP (MegaPixel) pinhole kamera<\/li>\n<li>PoE<\/li>\n<li>3.7mm objektyvas<\/li>\n<li>Garso ir pavojaus signalo \u012fvestis\/i\u0161vestis<\/li>\n<li>Vieta SD kortelei (iki 128GB)<\/li>\n<li>Vidaus<\/li>\n<\/ul>\n","protected":false},"featured_media":27972,"comment_status":"closed","ping_status":"closed","template":"","meta":[],"product_brand":[],"product_cat":[534,533,390],"product_tag":[],"class_list":{"0":"post-16568","1":"product","2":"type-product","3":"status-publish","4":"has-post-thumbnail","6":"product_cat-ip-kameros","7":"product_cat-ip-vaizdo-stebejimo-sistemos","8":"product_cat-ip-pinhole-kameros","10":"first","11":"instock","12":"taxable","13":"shipping-taxable","14":"purchasable","15":"product-type-simple"},"yoast_head":"<!-- This site is optimized with the Yoast SEO Premium plugin v21.5 (Yoast SEO v27.4) - https:\/\/yoast.com\/product\/yoast-seo-premium-wordpress\/ -->\n<title>Hikvision pinhole DS-2CD6425G0-20 F3.7<\/title>\n<meta name=\"description\" content=\"Hikvision pinhole DS-2CD6425G0-20 F3.7 IP kamera ; PoE ; Garso ir pavojaus signalo \u012fvestis\/i\u0161vestis ; Rai\u0161ka - 2MP ; Vieta SD kortelei (iki 128GB)\" \/>\n<meta name=\"robots\" content=\"index, follow, max-snippet:-1, max-image-preview:large, max-video-preview:-1\" \/>\n<link rel=\"canonical\" href=\"https:\/\/eheating.lt\/en\/produktas\/hikvision-pinhole-ds-2cd6425g0-20-f3-7\/\" \/>\n<meta property=\"og:locale\" content=\"en_US\" \/>\n<meta property=\"og:type\" content=\"article\" \/>\n<meta property=\"og:title\" content=\"Hikvision pinhole DS-2CD6425G0-20 F3.7\" \/>\n<meta property=\"og:description\" content=\"Hikvision pinhole DS-2CD6425G0-20 F3.7 IP kamera ; PoE ; Garso ir pavojaus signalo \u012fvestis\/i\u0161vestis ; Rai\u0161ka - 2MP ; Vieta SD kortelei (iki 128GB)\" \/>\n<meta property=\"og:url\" content=\"https:\/\/eheating.lt\/en\/produktas\/hikvision-pinhole-ds-2cd6425g0-20-f3-7\/\" \/>\n<meta property=\"og:site_name\" content=\"Elektronika Namams\" \/>\n<meta property=\"article:publisher\" content=\"https:\/\/www.facebook.com\/ElektronikaNamams\" \/>\n<meta property=\"article:modified_time\" content=\"2024-07-13T08:48:05+00:00\" \/>\n<meta property=\"og:image\" content=\"https:\/\/eheating.lt\/wp-content\/uploads\/2023\/10\/Hikvision-pinhole-DS-2CD6425G0-20-F3.7.png\" \/>\n\t<meta property=\"og:image:width\" content=\"800\" \/>\n\t<meta property=\"og:image:height\" content=\"800\" \/>\n\t<meta property=\"og:image:type\" content=\"image\/png\" \/>\n<meta name=\"twitter:card\" content=\"summary_large_image\" \/>\n<meta name=\"twitter:label1\" content=\"Price\" \/>\n\t<meta name=\"twitter:data1\" content=\"667,76&nbsp;&euro;\" \/>\n\t<meta name=\"twitter:label2\" content=\"Availability\" \/>\n\t<meta name=\"twitter:data2\" content=\"In stock\" \/>\n<script type=\"application\/ld+json\" class=\"yoast-schema-graph\">{\"@context\":\"https:\\\/\\\/schema.org\",\"@graph\":[{\"@type\":\"WebPage\",\"@id\":\"https:\\\/\\\/eheating.lt\\\/en\\\/produktas\\\/hikvision-pinhole-ds-2cd6425g0-20-f3-7\\\/\",\"url\":\"https:\\\/\\\/eheating.lt\\\/en\\\/produktas\\\/hikvision-pinhole-ds-2cd6425g0-20-f3-7\\\/\",\"name\":\"Hikvision pinhole DS-2CD6425G0-20 F3.7\",\"isPartOf\":{\"@id\":\"https:\\\/\\\/eheating.lt\\\/#website\"},\"primaryImageOfPage\":{\"@id\":\"https:\\\/\\\/eheating.lt\\\/en\\\/produktas\\\/hikvision-pinhole-ds-2cd6425g0-20-f3-7\\\/#primaryimage\"},\"image\":{\"@id\":\"https:\\\/\\\/eheating.lt\\\/en\\\/produktas\\\/hikvision-pinhole-ds-2cd6425g0-20-f3-7\\\/#primaryimage\"},\"thumbnailUrl\":\"https:\\\/\\\/eheating.lt\\\/wp-content\\\/uploads\\\/2023\\\/10\\\/Hikvision-pinhole-DS-2CD6425G0-20-F3.7.png\",\"datePublished\":\"2023-11-13T19:31:17+00:00\",\"dateModified\":\"2024-07-13T08:48:05+00:00\",\"description\":\"Hikvision pinhole DS-2CD6425G0-20 F3.7 IP kamera ; PoE ; Garso ir pavojaus signalo \u012fvestis\\\/i\u0161vestis ; Rai\u0161ka - 2MP ; Vieta SD kortelei (iki 128GB)\",\"breadcrumb\":{\"@id\":\"https:\\\/\\\/eheating.lt\\\/en\\\/produktas\\\/hikvision-pinhole-ds-2cd6425g0-20-f3-7\\\/#breadcrumb\"},\"inLanguage\":\"en-US\",\"potentialAction\":[{\"@type\":\"ReadAction\",\"target\":[\"https:\\\/\\\/eheating.lt\\\/en\\\/produktas\\\/hikvision-pinhole-ds-2cd6425g0-20-f3-7\\\/\"]}]},{\"@type\":\"ImageObject\",\"inLanguage\":\"en-US\",\"@id\":\"https:\\\/\\\/eheating.lt\\\/en\\\/produktas\\\/hikvision-pinhole-ds-2cd6425g0-20-f3-7\\\/#primaryimage\",\"url\":\"https:\\\/\\\/eheating.lt\\\/wp-content\\\/uploads\\\/2023\\\/10\\\/Hikvision-pinhole-DS-2CD6425G0-20-F3.7.png\",\"contentUrl\":\"https:\\\/\\\/eheating.lt\\\/wp-content\\\/uploads\\\/2023\\\/10\\\/Hikvision-pinhole-DS-2CD6425G0-20-F3.7.png\",\"width\":800,\"height\":800,\"caption\":\"Hikvision pinhole DS-2CD6425G0-20 F3.7\"},{\"@type\":\"BreadcrumbList\",\"@id\":\"https:\\\/\\\/eheating.lt\\\/en\\\/produktas\\\/hikvision-pinhole-ds-2cd6425g0-20-f3-7\\\/#breadcrumb\",\"itemListElement\":[{\"@type\":\"ListItem\",\"position\":1,\"name\":\"Prad\u017eia\",\"item\":\"https:\\\/\\\/eheating.lt\\\/en\\\/\"},{\"@type\":\"ListItem\",\"position\":2,\"name\":\"Shop\",\"item\":\"https:\\\/\\\/eheating.lt\\\/en\\\/?page_id=5734\"},{\"@type\":\"ListItem\",\"position\":3,\"name\":\"Hikvision pinhole DS-2CD6425G0-20 F3.7\"}]},{\"@type\":\"WebSite\",\"@id\":\"https:\\\/\\\/eheating.lt\\\/#website\",\"url\":\"https:\\\/\\\/eheating.lt\\\/\",\"name\":\"eHeating\",\"description\":\"Elektronika ir \u0161ildymas\",\"potentialAction\":[{\"@type\":\"SearchAction\",\"target\":{\"@type\":\"EntryPoint\",\"urlTemplate\":\"https:\\\/\\\/eheating.lt\\\/?s={search_term_string}\"},\"query-input\":{\"@type\":\"PropertyValueSpecification\",\"valueRequired\":true,\"valueName\":\"search_term_string\"}}],\"inLanguage\":\"en-US\"}]}<\/script>\n<meta property=\"product:price:amount\" content=\"667.76\" \/>\n<meta property=\"product:price:currency\" content=\"EUR\" \/>\n<meta property=\"og:availability\" content=\"instock\" \/>\n<meta property=\"product:availability\" content=\"instock\" \/>\n<meta property=\"product:retailer_item_id\" content=\"65a10a9c3d85\" \/>\n<meta property=\"product:condition\" content=\"new\" \/>\n<!-- \/ Yoast SEO Premium plugin. -->","yoast_head_json":{"title":"Hikvision pinhole DS-2CD6425G0-20 F3.7","description":"Hikvision pinhole DS-2CD6425G0-20 F3.7 IP kamera ; PoE ; Garso ir pavojaus signalo \u012fvestis\/i\u0161vestis ; Rai\u0161ka - 2MP ; Vieta SD kortelei (iki 128GB)","robots":{"index":"index","follow":"follow","max-snippet":"max-snippet:-1","max-image-preview":"max-image-preview:large","max-video-preview":"max-video-preview:-1"},"canonical":"https:\/\/eheating.lt\/en\/produktas\/hikvision-pinhole-ds-2cd6425g0-20-f3-7\/","og_locale":"en_US","og_type":"article","og_title":"Hikvision pinhole DS-2CD6425G0-20 F3.7","og_description":"Hikvision pinhole DS-2CD6425G0-20 F3.7 IP kamera ; PoE ; Garso ir pavojaus signalo \u012fvestis\/i\u0161vestis ; Rai\u0161ka - 2MP ; Vieta SD kortelei (iki 128GB)","og_url":"https:\/\/eheating.lt\/en\/produktas\/hikvision-pinhole-ds-2cd6425g0-20-f3-7\/","og_site_name":"Elektronika Namams","article_publisher":"https:\/\/www.facebook.com\/ElektronikaNamams","article_modified_time":"2024-07-13T08:48:05+00:00","og_image":[{"width":800,"height":800,"url":"https:\/\/eheating.lt\/wp-content\/uploads\/2023\/10\/Hikvision-pinhole-DS-2CD6425G0-20-F3.7.png","type":"image\/png"}],"twitter_card":"summary_large_image","twitter_misc":{"Price":"667,76&nbsp;&euro;","Availability":"In stock"},"schema":{"@context":"https:\/\/schema.org","@graph":[{"@type":"WebPage","@id":"https:\/\/eheating.lt\/en\/produktas\/hikvision-pinhole-ds-2cd6425g0-20-f3-7\/","url":"https:\/\/eheating.lt\/en\/produktas\/hikvision-pinhole-ds-2cd6425g0-20-f3-7\/","name":"Hikvision pinhole DS-2CD6425G0-20 F3.7","isPartOf":{"@id":"https:\/\/eheating.lt\/#website"},"primaryImageOfPage":{"@id":"https:\/\/eheating.lt\/en\/produktas\/hikvision-pinhole-ds-2cd6425g0-20-f3-7\/#primaryimage"},"image":{"@id":"https:\/\/eheating.lt\/en\/produktas\/hikvision-pinhole-ds-2cd6425g0-20-f3-7\/#primaryimage"},"thumbnailUrl":"https:\/\/eheating.lt\/wp-content\/uploads\/2023\/10\/Hikvision-pinhole-DS-2CD6425G0-20-F3.7.png","datePublished":"2023-11-13T19:31:17+00:00","dateModified":"2024-07-13T08:48:05+00:00","description":"Hikvision pinhole DS-2CD6425G0-20 F3.7 IP kamera ; PoE ; Garso ir pavojaus signalo \u012fvestis\/i\u0161vestis ; Rai\u0161ka - 2MP ; Vieta SD kortelei (iki 128GB)","breadcrumb":{"@id":"https:\/\/eheating.lt\/en\/produktas\/hikvision-pinhole-ds-2cd6425g0-20-f3-7\/#breadcrumb"},"inLanguage":"en-US","potentialAction":[{"@type":"ReadAction","target":["https:\/\/eheating.lt\/en\/produktas\/hikvision-pinhole-ds-2cd6425g0-20-f3-7\/"]}]},{"@type":"ImageObject","inLanguage":"en-US","@id":"https:\/\/eheating.lt\/en\/produktas\/hikvision-pinhole-ds-2cd6425g0-20-f3-7\/#primaryimage","url":"https:\/\/eheating.lt\/wp-content\/uploads\/2023\/10\/Hikvision-pinhole-DS-2CD6425G0-20-F3.7.png","contentUrl":"https:\/\/eheating.lt\/wp-content\/uploads\/2023\/10\/Hikvision-pinhole-DS-2CD6425G0-20-F3.7.png","width":800,"height":800,"caption":"Hikvision pinhole DS-2CD6425G0-20 F3.7"},{"@type":"BreadcrumbList","@id":"https:\/\/eheating.lt\/en\/produktas\/hikvision-pinhole-ds-2cd6425g0-20-f3-7\/#breadcrumb","itemListElement":[{"@type":"ListItem","position":1,"name":"Prad\u017eia","item":"https:\/\/eheating.lt\/en\/"},{"@type":"ListItem","position":2,"name":"Shop","item":"https:\/\/eheating.lt\/en\/?page_id=5734"},{"@type":"ListItem","position":3,"name":"Hikvision pinhole DS-2CD6425G0-20 F3.7"}]},{"@type":"WebSite","@id":"https:\/\/eheating.lt\/#website","url":"https:\/\/eheating.lt\/","name":"eHeating","description":"Elektronika ir \u0161ildymas","potentialAction":[{"@type":"SearchAction","target":{"@type":"EntryPoint","urlTemplate":"https:\/\/eheating.lt\/?s={search_term_string}"},"query-input":{"@type":"PropertyValueSpecification","valueRequired":true,"valueName":"search_term_string"}}],"inLanguage":"en-US"}]},"product_price_amount":"667.76","product_price_currency":"EUR","og_availability":"instock","product_availability":"instock","product_retailer_item_id":"65a10a9c3d85","product_condition":"new"},"_links":{"self":[{"href":"https:\/\/eheating.lt\/en\/wp-json\/wp\/v2\/product\/16568","targetHints":{"allow":["GET"]}}],"collection":[{"href":"https:\/\/eheating.lt\/en\/wp-json\/wp\/v2\/product"}],"about":[{"href":"https:\/\/eheating.lt\/en\/wp-json\/wp\/v2\/types\/product"}],"replies":[{"embeddable":true,"href":"https:\/\/eheating.lt\/en\/wp-json\/wp\/v2\/comments?post=16568"}],"version-history":[{"count":0,"href":"https:\/\/eheating.lt\/en\/wp-json\/wp\/v2\/product\/16568\/revisions"}],"wp:featuredmedia":[{"embeddable":true,"href":"https:\/\/eheating.lt\/en\/wp-json\/wp\/v2\/media\/27972"}],"wp:attachment":[{"href":"https:\/\/eheating.lt\/en\/wp-json\/wp\/v2\/media?parent=16568"}],"wp:term":[{"taxonomy":"product_brand","embeddable":true,"href":"https:\/\/eheating.lt\/en\/wp-json\/wp\/v2\/product_brand?post=16568"},{"taxonomy":"product_cat","embeddable":true,"href":"https:\/\/eheating.lt\/en\/wp-json\/wp\/v2\/product_cat?post=16568"},{"taxonomy":"product_tag","embeddable":true,"href":"https:\/\/eheating.lt\/en\/wp-json\/wp\/v2\/product_tag?post=16568"}],"curies":[{"name":"wp","href":"https:\/\/api.w.org\/{rel}","templated":true}]}}