{"id":16494,"date":"2023-11-13T21:58:58","date_gmt":"2023-11-13T19:58:58","guid":{"rendered":"https:\/\/eheating.lt\/?post_type=product&#038;p=16494"},"modified":"2023-12-28T10:44:57","modified_gmt":"2023-12-28T08:44:57","slug":"hd-kontrolinis-monitorius-dt-a86","status":"publish","type":"product","link":"https:\/\/eheating.lt\/en\/produktas\/hd-kontrolinis-monitorius-dt-a86\/","title":{"rendered":"HD kontrolinis monitorius DT-A86"},"content":{"rendered":"<table>\n<tbody>\n<tr>\n<td>IPC\u00a0protokolai<\/td>\n<td>ONVIF.\u00a0RTSP,\u00a0RTP<\/td>\n<\/tr>\n<tr>\n<td>Tinklo testavimas<\/td>\n<td>10M\/100M\/1G\u00a0Ethernet\u00a0link\u00a0detection;\u00a0 Ethernet\u00a0loop\u00a0detection;\u00a0DHCP\u00a0dient\u00a0and\u00a0server;\u00a0 Ethernet\u00a0traffic\u00a0detection,\u00a0data\u00a0link\u00a0quality\u00a0detection.<\/td>\n<\/tr>\n<tr>\n<td>IPC testavimas<\/td>\n<td>Discovering\u00a0the\u00a0device,\u00a0real-time\u00a0video,\u00a0 camera\u00a0configuration,\u00a0PTZ\u00a0test,\u00a0discovering\u00a0 ONVIF\u00a0device\u00a0cross\u00a0the\u00a0network\u00a0segment<\/td>\n<\/tr>\n<tr>\n<td style=\"width: 150px;\">IPC vaizdo testavimas<\/td>\n<td>H.264\/H.265\u00a0decoding,\u00a0support\u00a04K30FPS,\u00a0 local\u00a0zoom\u00a0preview\u00a0(at\u00a08\u00a0levels)<\/td>\n<\/tr>\n<tr>\n<td>WIFI\u00a0testavimas<\/td>\n<td>Support\u00a02.4G\u00a0and\u00a05G\u00a0frequency\u00a0band.\u00a0WIFI\u00a0connection,\u00a0 WIFI\u00a0list,\u00a0WIFI\u00a0information\u00a0detection,\u00a0delay\u00a0 detection,\u00a0test\u00a0of\u00a0packet\u00a0loss\u00a0rate.<\/td>\n<\/tr>\n<tr>\n<td>Analoginio vaizdo formatas<\/td>\n<td>NTSC\/\u00a0PAL\/\u00a0HD-CVI3.0\u00a0standard\/\u00a0AHD3.0\u00a0standard\/\u00a0 HD-TVI3.0\u00a0standard<\/td>\n<\/tr>\n<tr>\n<td>HDMI \u012fvestis<\/td>\n<td>Can\u00a0receive\u00a0720P\u00a025\/30\/50\/60Fps, 1080P\u00a025\/30Fps\u00a0input\u00a0signals\u00a0for\u00a0display<\/td>\n<\/tr>\n<tr>\n<td>HDMI i\u0161vestis<\/td>\n<td>Can\u00a0output\u00a0various\u00a0fonmats\u00a0of\u00a0test\u00a0images (720P\u00a025\/30\/50\/60Fps,1080P\u00a025\/30Fps)<\/td>\n<\/tr>\n<tr>\n<td>Galios i\u0161vestis<\/td>\n<td>12V\/2A\u00a0output\u00a0Interface:\u00a0Round,\u00a0external\u00a0 diameter\u00a04mm;\u00a0Internal\u00a0needle:\u00a01.6mm<\/td>\n<\/tr>\n<tr>\n<td>Garso testavimas<\/td>\n<td>1\u00a0x\u00a0Audio\u00a0signal\u00a0input<\/td>\n<\/tr>\n<tr>\n<td>Greitis<\/td>\n<td>150,\u00a0300,\u00a0600,\u00a01,200,\u00a02,400,4,800,\u00a0 9,600\u00a0and\u00a019,200bps<\/td>\n<\/tr>\n<tr>\n<td>POE testavimas<\/td>\n<td>PD test\u00a0\/PSE test<\/td>\n<\/tr>\n<tr>\n<td>LED ap\u0161vietimas<\/td>\n<td>2\u00a0x\u00a0351m\u00a0LED,\u00a0wide\u00a0angle<\/td>\n<\/tr>\n<tr>\n<td>Kabelio testavimas<\/td>\n<td>Testing\u00a0the\u00a0length\u00a0of\u00a0network\u00a0cable\u00a0(4\u00a0pairs).\u00a0 Resolution:\u00a00.1\u00a0meter;\u00a0Accuracy:\u00a01\u00a0meter.\u00a0 The\u00a0maximum\u00a0length\u00a0of\u00a0the\u00a0measured\u00a0cable\u00a0is\u00a0130-200\u00a0meters\u00a0(depending\u00a0on\u00a0the\u00a0wire\u00a0rod).<\/td>\n<\/tr>\n<tr>\n<td>Krovimas<\/td>\n<td>12V\/1.5A charging, Power 18W, max.\u00a0 Charging time: 3-4 hours.<\/td>\n<\/tr>\n<tr>\n<td>Veikimo temperat\u016bra<\/td>\n<td>10~55\u2103<\/td>\n<\/tr>\n<\/tbody>\n<\/table>\n","protected":false},"excerpt":{"rendered":"<ul>\n<li>IP ir analogini\u0173 kamer\u0173 testavimo monitorius<\/li>\n<li>7&#8243; lie\u010diamas ekranas<\/li>\n<li>IP, CVI, TVI, AHD, Analog, WIFI, optinis testavimas, multimetras<\/li>\n<\/ul>\n","protected":false},"featured_media":28350,"comment_status":"closed","ping_status":"closed","template":"","meta":[],"product_brand":[],"product_cat":[533,537,305,341,584,318],"product_tag":[],"class_list":{"0":"post-16494","1":"product","2":"type-product","3":"status-publish","4":"has-post-thumbnail","6":"product_cat-ip-vaizdo-stebejimo-sistemos","7":"product_cat-turbo-hd-kita-iranga","8":"product_cat-ip-kita-iranga","9":"product_cat-monitoriai","10":"product_cat-monitoriai-turbo-hd","11":"product_cat-turbo-hd-apsauga","13":"first","14":"outofstock","15":"purchasable","16":"product-type-simple"},"yoast_head":"<!-- This site is optimized with the Yoast SEO Premium plugin v21.5 (Yoast SEO v27.4) - https:\/\/yoast.com\/product\/yoast-seo-premium-wordpress\/ -->\n<title>HD kontrolinis monitorius DT-A86<\/title>\n<meta name=\"description\" content=\"HD kontrolinis monitorius DT-A86 ; IP ir analogini\u0173 kamer\u0173 testavimo monitorius ; 7&quot; lie\u010diamas ekranas ; WIFI ; Optinis testavimas ; Multimetras\" \/>\n<meta name=\"robots\" content=\"index, follow, max-snippet:-1, max-image-preview:large, max-video-preview:-1\" \/>\n<link rel=\"canonical\" href=\"https:\/\/eheating.lt\/produktas\/hd-kontrolinis-monitorius-dt-a86\/\" \/>\n<meta property=\"og:locale\" content=\"en_US\" \/>\n<meta property=\"og:type\" content=\"article\" \/>\n<meta property=\"og:title\" content=\"HD kontrolinis monitorius DT-A86\" \/>\n<meta property=\"og:description\" content=\"HD kontrolinis monitorius DT-A86 ; IP ir analogini\u0173 kamer\u0173 testavimo monitorius ; 7&quot; lie\u010diamas ekranas ; WIFI ; Optinis testavimas ; Multimetras\" \/>\n<meta property=\"og:url\" content=\"https:\/\/eheating.lt\/produktas\/hd-kontrolinis-monitorius-dt-a86\/\" \/>\n<meta property=\"og:site_name\" content=\"Elektronika Namams\" \/>\n<meta property=\"article:publisher\" content=\"https:\/\/www.facebook.com\/ElektronikaNamams\" \/>\n<meta property=\"article:modified_time\" content=\"2023-12-28T08:44:57+00:00\" \/>\n<meta property=\"og:image\" content=\"https:\/\/eheating.lt\/wp-content\/uploads\/2023\/10\/HD-kontrolinis-monitorius-DT-A86.png\" \/>\n\t<meta property=\"og:image:width\" content=\"800\" \/>\n\t<meta property=\"og:image:height\" content=\"800\" \/>\n\t<meta property=\"og:image:type\" content=\"image\/png\" \/>\n<meta name=\"twitter:card\" content=\"summary_large_image\" \/>\n<meta name=\"twitter:label1\" content=\"Price\" \/>\n\t<meta name=\"twitter:data1\" content=\"474,23&nbsp;&euro;\" \/>\n\t<meta name=\"twitter:label2\" content=\"Availability\" \/>\n\t<meta name=\"twitter:data2\" content=\"Out of stock\" \/>\n<script type=\"application\/ld+json\" class=\"yoast-schema-graph\">{\"@context\":\"https:\\\/\\\/schema.org\",\"@graph\":[{\"@type\":\"WebPage\",\"@id\":\"https:\\\/\\\/eheating.lt\\\/produktas\\\/hd-kontrolinis-monitorius-dt-a86\\\/\",\"url\":\"https:\\\/\\\/eheating.lt\\\/produktas\\\/hd-kontrolinis-monitorius-dt-a86\\\/\",\"name\":\"HD kontrolinis monitorius DT-A86\",\"isPartOf\":{\"@id\":\"https:\\\/\\\/eheating.lt\\\/#website\"},\"primaryImageOfPage\":{\"@id\":\"https:\\\/\\\/eheating.lt\\\/produktas\\\/hd-kontrolinis-monitorius-dt-a86\\\/#primaryimage\"},\"image\":{\"@id\":\"https:\\\/\\\/eheating.lt\\\/produktas\\\/hd-kontrolinis-monitorius-dt-a86\\\/#primaryimage\"},\"thumbnailUrl\":\"https:\\\/\\\/eheating.lt\\\/wp-content\\\/uploads\\\/2023\\\/10\\\/HD-kontrolinis-monitorius-DT-A86.png\",\"datePublished\":\"2023-11-13T19:58:58+00:00\",\"dateModified\":\"2023-12-28T08:44:57+00:00\",\"description\":\"HD kontrolinis monitorius DT-A86 ; IP ir analogini\u0173 kamer\u0173 testavimo monitorius ; 7\\\" lie\u010diamas ekranas ; WIFI ; Optinis testavimas ; Multimetras\",\"breadcrumb\":{\"@id\":\"https:\\\/\\\/eheating.lt\\\/produktas\\\/hd-kontrolinis-monitorius-dt-a86\\\/#breadcrumb\"},\"inLanguage\":\"en-US\",\"potentialAction\":[{\"@type\":\"ReadAction\",\"target\":[\"https:\\\/\\\/eheating.lt\\\/produktas\\\/hd-kontrolinis-monitorius-dt-a86\\\/\"]}]},{\"@type\":\"ImageObject\",\"inLanguage\":\"en-US\",\"@id\":\"https:\\\/\\\/eheating.lt\\\/produktas\\\/hd-kontrolinis-monitorius-dt-a86\\\/#primaryimage\",\"url\":\"https:\\\/\\\/eheating.lt\\\/wp-content\\\/uploads\\\/2023\\\/10\\\/HD-kontrolinis-monitorius-DT-A86.png\",\"contentUrl\":\"https:\\\/\\\/eheating.lt\\\/wp-content\\\/uploads\\\/2023\\\/10\\\/HD-kontrolinis-monitorius-DT-A86.png\",\"width\":800,\"height\":800,\"caption\":\"HD kontrolinis monitorius DT-A86\"},{\"@type\":\"BreadcrumbList\",\"@id\":\"https:\\\/\\\/eheating.lt\\\/produktas\\\/hd-kontrolinis-monitorius-dt-a86\\\/#breadcrumb\",\"itemListElement\":[{\"@type\":\"ListItem\",\"position\":1,\"name\":\"Prad\u017eia\",\"item\":\"https:\\\/\\\/eheating.lt\\\/en\\\/\"},{\"@type\":\"ListItem\",\"position\":2,\"name\":\"Shop\",\"item\":\"https:\\\/\\\/eheating.lt\\\/en\\\/?page_id=5734\"},{\"@type\":\"ListItem\",\"position\":3,\"name\":\"HD kontrolinis monitorius DT-A86\"}]},{\"@type\":\"WebSite\",\"@id\":\"https:\\\/\\\/eheating.lt\\\/#website\",\"url\":\"https:\\\/\\\/eheating.lt\\\/\",\"name\":\"eHeating\",\"description\":\"Elektronika ir \u0161ildymas\",\"potentialAction\":[{\"@type\":\"SearchAction\",\"target\":{\"@type\":\"EntryPoint\",\"urlTemplate\":\"https:\\\/\\\/eheating.lt\\\/?s={search_term_string}\"},\"query-input\":{\"@type\":\"PropertyValueSpecification\",\"valueRequired\":true,\"valueName\":\"search_term_string\"}}],\"inLanguage\":\"en-US\"}]}<\/script>\n<meta property=\"product:price:amount\" content=\"474.23\" \/>\n<meta property=\"product:price:currency\" content=\"EUR\" \/>\n<meta property=\"og:availability\" content=\"out of stock\" \/>\n<meta property=\"product:availability\" content=\"out of stock\" \/>\n<meta property=\"product:retailer_item_id\" content=\"ececfafe62b0\" \/>\n<meta property=\"product:condition\" content=\"new\" \/>\n<!-- \/ Yoast SEO Premium plugin. -->","yoast_head_json":{"title":"HD kontrolinis monitorius DT-A86","description":"HD kontrolinis monitorius DT-A86 ; IP ir analogini\u0173 kamer\u0173 testavimo monitorius ; 7\" lie\u010diamas ekranas ; WIFI ; Optinis testavimas ; Multimetras","robots":{"index":"index","follow":"follow","max-snippet":"max-snippet:-1","max-image-preview":"max-image-preview:large","max-video-preview":"max-video-preview:-1"},"canonical":"https:\/\/eheating.lt\/produktas\/hd-kontrolinis-monitorius-dt-a86\/","og_locale":"en_US","og_type":"article","og_title":"HD kontrolinis monitorius DT-A86","og_description":"HD kontrolinis monitorius DT-A86 ; IP ir analogini\u0173 kamer\u0173 testavimo monitorius ; 7\" lie\u010diamas ekranas ; WIFI ; Optinis testavimas ; Multimetras","og_url":"https:\/\/eheating.lt\/produktas\/hd-kontrolinis-monitorius-dt-a86\/","og_site_name":"Elektronika Namams","article_publisher":"https:\/\/www.facebook.com\/ElektronikaNamams","article_modified_time":"2023-12-28T08:44:57+00:00","og_image":[{"width":800,"height":800,"url":"https:\/\/eheating.lt\/wp-content\/uploads\/2023\/10\/HD-kontrolinis-monitorius-DT-A86.png","type":"image\/png"}],"twitter_card":"summary_large_image","twitter_misc":{"Price":"474,23&nbsp;&euro;","Availability":"Out of stock"},"schema":{"@context":"https:\/\/schema.org","@graph":[{"@type":"WebPage","@id":"https:\/\/eheating.lt\/produktas\/hd-kontrolinis-monitorius-dt-a86\/","url":"https:\/\/eheating.lt\/produktas\/hd-kontrolinis-monitorius-dt-a86\/","name":"HD kontrolinis monitorius DT-A86","isPartOf":{"@id":"https:\/\/eheating.lt\/#website"},"primaryImageOfPage":{"@id":"https:\/\/eheating.lt\/produktas\/hd-kontrolinis-monitorius-dt-a86\/#primaryimage"},"image":{"@id":"https:\/\/eheating.lt\/produktas\/hd-kontrolinis-monitorius-dt-a86\/#primaryimage"},"thumbnailUrl":"https:\/\/eheating.lt\/wp-content\/uploads\/2023\/10\/HD-kontrolinis-monitorius-DT-A86.png","datePublished":"2023-11-13T19:58:58+00:00","dateModified":"2023-12-28T08:44:57+00:00","description":"HD kontrolinis monitorius DT-A86 ; IP ir analogini\u0173 kamer\u0173 testavimo monitorius ; 7\" lie\u010diamas ekranas ; WIFI ; Optinis testavimas ; Multimetras","breadcrumb":{"@id":"https:\/\/eheating.lt\/produktas\/hd-kontrolinis-monitorius-dt-a86\/#breadcrumb"},"inLanguage":"en-US","potentialAction":[{"@type":"ReadAction","target":["https:\/\/eheating.lt\/produktas\/hd-kontrolinis-monitorius-dt-a86\/"]}]},{"@type":"ImageObject","inLanguage":"en-US","@id":"https:\/\/eheating.lt\/produktas\/hd-kontrolinis-monitorius-dt-a86\/#primaryimage","url":"https:\/\/eheating.lt\/wp-content\/uploads\/2023\/10\/HD-kontrolinis-monitorius-DT-A86.png","contentUrl":"https:\/\/eheating.lt\/wp-content\/uploads\/2023\/10\/HD-kontrolinis-monitorius-DT-A86.png","width":800,"height":800,"caption":"HD kontrolinis monitorius DT-A86"},{"@type":"BreadcrumbList","@id":"https:\/\/eheating.lt\/produktas\/hd-kontrolinis-monitorius-dt-a86\/#breadcrumb","itemListElement":[{"@type":"ListItem","position":1,"name":"Prad\u017eia","item":"https:\/\/eheating.lt\/en\/"},{"@type":"ListItem","position":2,"name":"Shop","item":"https:\/\/eheating.lt\/en\/?page_id=5734"},{"@type":"ListItem","position":3,"name":"HD kontrolinis monitorius DT-A86"}]},{"@type":"WebSite","@id":"https:\/\/eheating.lt\/#website","url":"https:\/\/eheating.lt\/","name":"eHeating","description":"Elektronika ir \u0161ildymas","potentialAction":[{"@type":"SearchAction","target":{"@type":"EntryPoint","urlTemplate":"https:\/\/eheating.lt\/?s={search_term_string}"},"query-input":{"@type":"PropertyValueSpecification","valueRequired":true,"valueName":"search_term_string"}}],"inLanguage":"en-US"}]},"product_price_amount":"474.23","product_price_currency":"EUR","og_availability":"out of stock","product_availability":"out of stock","product_retailer_item_id":"ececfafe62b0","product_condition":"new"},"_links":{"self":[{"href":"https:\/\/eheating.lt\/en\/wp-json\/wp\/v2\/product\/16494","targetHints":{"allow":["GET"]}}],"collection":[{"href":"https:\/\/eheating.lt\/en\/wp-json\/wp\/v2\/product"}],"about":[{"href":"https:\/\/eheating.lt\/en\/wp-json\/wp\/v2\/types\/product"}],"replies":[{"embeddable":true,"href":"https:\/\/eheating.lt\/en\/wp-json\/wp\/v2\/comments?post=16494"}],"version-history":[{"count":0,"href":"https:\/\/eheating.lt\/en\/wp-json\/wp\/v2\/product\/16494\/revisions"}],"wp:featuredmedia":[{"embeddable":true,"href":"https:\/\/eheating.lt\/en\/wp-json\/wp\/v2\/media\/28350"}],"wp:attachment":[{"href":"https:\/\/eheating.lt\/en\/wp-json\/wp\/v2\/media?parent=16494"}],"wp:term":[{"taxonomy":"product_brand","embeddable":true,"href":"https:\/\/eheating.lt\/en\/wp-json\/wp\/v2\/product_brand?post=16494"},{"taxonomy":"product_cat","embeddable":true,"href":"https:\/\/eheating.lt\/en\/wp-json\/wp\/v2\/product_cat?post=16494"},{"taxonomy":"product_tag","embeddable":true,"href":"https:\/\/eheating.lt\/en\/wp-json\/wp\/v2\/product_tag?post=16494"}],"curies":[{"name":"wp","href":"https:\/\/api.w.org\/{rel}","templated":true}]}}