{"id":16380,"date":"2023-12-28T11:13:22","date_gmt":"2023-12-28T09:13:22","guid":{"rendered":"https:\/\/eheating.lt\/?post_type=product&#038;p=16380"},"modified":"2024-10-18T16:39:32","modified_gmt":"2024-10-18T13:39:32","slug":"audio-telefonspynes-komplektas-cyfral-cosmo-r-2-juodas","status":"publish","type":"product","link":"https:\/\/eheating.lt\/en\/produktas\/audio-telefonspynes-komplektas-cyfral-cosmo-r-2-juodas\/","title":{"rendered":"Audio telefonspyn\u0117s komplektas CYFRAL COSMO R-2"},"content":{"rendered":"<table>\n<tbody>\n<tr>\n<td>Maitinimo \u012ftampa<\/td>\n<td>230 V AC \/ 11,5V AC<\/td>\n<\/tr>\n<tr>\n<td>Da\u017enis<\/td>\n<td>50 Hz<\/td>\n<\/tr>\n<tr>\n<td>Galingumas<\/td>\n<td>4,5 VA<\/td>\n<\/tr>\n<tr>\n<td>Akustin\u0117 i\u0161vestis<\/td>\n<td>0,6 W<\/td>\n<\/tr>\n<tr>\n<td>Srov\u0117s sunaudojimas pokalbio metu<\/td>\n<td>50 \u2013 60 mA<\/td>\n<\/tr>\n<tr>\n<td style=\"width: 150px;\">Sujungimo maitinimas<\/td>\n<td>12V AC \/ 500mA max<\/td>\n<\/tr>\n<\/tbody>\n<\/table>\n","protected":false},"excerpt":{"rendered":"<ul>\n<li>2 abonentai<\/li>\n<li>Centrin\u0117 stotel\u0117<\/li>\n<li>2 rageliai<\/li>\n<li>Maitinimo blokas<\/li>\n<li>4 RFID raktai<\/li>\n<li>2 laidai<\/li>\n<li>Juodas<\/li>\n<\/ul>\n","protected":false},"featured_media":29792,"comment_status":"closed","ping_status":"closed","template":"","meta":[],"product_brand":[],"product_cat":[357,358,356],"product_tag":[974],"class_list":{"0":"post-16380","1":"product","2":"type-product","3":"status-publish","4":"has-post-thumbnail","6":"product_cat-audio-telefonspynes","7":"product_cat-iskvietimo-moduliai","8":"product_cat-vaizdo-telefonspynes","9":"product_tag-ean","11":"first","12":"onbackorder","13":"purchasable","14":"product-type-simple"},"yoast_head":"<!-- This site is optimized with the Yoast SEO Premium plugin v21.5 (Yoast SEO v27.4) - https:\/\/yoast.com\/product\/yoast-seo-premium-wordpress\/ -->\n<title>Audio telefonspyn\u0117s komplektas CYFRAL COSMO R-2 juodas<\/title>\n<meta name=\"robots\" content=\"index, follow, max-snippet:-1, max-image-preview:large, max-video-preview:-1\" \/>\n<link rel=\"canonical\" href=\"https:\/\/eheating.lt\/en\/produktas\/audio-telefonspynes-komplektas-cyfral-cosmo-r-2-juodas\/\" \/>\n<meta property=\"og:locale\" content=\"en_US\" \/>\n<meta property=\"og:type\" content=\"article\" \/>\n<meta property=\"og:title\" content=\"Audio telefonspyn\u0117s komplektas CYFRAL COSMO R-2 juodas\" \/>\n<meta property=\"og:description\" content=\"2 abonentai  Centrin\u0117 stotel\u0117  2 rageliai  Maitinimo blokas  4 RFID raktai  2 laidai  Juodas\" \/>\n<meta property=\"og:url\" content=\"https:\/\/eheating.lt\/en\/produktas\/audio-telefonspynes-komplektas-cyfral-cosmo-r-2-juodas\/\" \/>\n<meta property=\"og:site_name\" content=\"Elektronika Namams\" \/>\n<meta property=\"article:publisher\" content=\"https:\/\/www.facebook.com\/ElektronikaNamams\" \/>\n<meta property=\"article:modified_time\" content=\"2024-10-18T13:39:32+00:00\" \/>\n<meta property=\"og:image\" content=\"https:\/\/eheating.lt\/wp-content\/uploads\/2023\/10\/Audio-telefonspynes-komplektas-CYFRAL-COSMO-R-2-juodas.png\" \/>\n\t<meta property=\"og:image:width\" content=\"800\" \/>\n\t<meta property=\"og:image:height\" content=\"800\" \/>\n\t<meta property=\"og:image:type\" content=\"image\/png\" \/>\n<meta name=\"twitter:card\" content=\"summary_large_image\" \/>\n<meta name=\"twitter:label1\" content=\"Price\" \/>\n\t<meta name=\"twitter:data1\" content=\"128,08&nbsp;&euro;\" \/>\n\t<meta name=\"twitter:label2\" content=\"Availability\" \/>\n\t<meta name=\"twitter:data2\" content=\"On backorder\" \/>\n<script type=\"application\/ld+json\" class=\"yoast-schema-graph\">{\"@context\":\"https:\\\/\\\/schema.org\",\"@graph\":[{\"@type\":\"WebPage\",\"@id\":\"https:\\\/\\\/eheating.lt\\\/en\\\/produktas\\\/audio-telefonspynes-komplektas-cyfral-cosmo-r-2-juodas\\\/\",\"url\":\"https:\\\/\\\/eheating.lt\\\/en\\\/produktas\\\/audio-telefonspynes-komplektas-cyfral-cosmo-r-2-juodas\\\/\",\"name\":\"Audio telefonspyn\u0117s komplektas CYFRAL COSMO R-2 juodas\",\"isPartOf\":{\"@id\":\"https:\\\/\\\/eheating.lt\\\/#website\"},\"primaryImageOfPage\":{\"@id\":\"https:\\\/\\\/eheating.lt\\\/en\\\/produktas\\\/audio-telefonspynes-komplektas-cyfral-cosmo-r-2-juodas\\\/#primaryimage\"},\"image\":{\"@id\":\"https:\\\/\\\/eheating.lt\\\/en\\\/produktas\\\/audio-telefonspynes-komplektas-cyfral-cosmo-r-2-juodas\\\/#primaryimage\"},\"thumbnailUrl\":\"https:\\\/\\\/eheating.lt\\\/wp-content\\\/uploads\\\/2023\\\/10\\\/Audio-telefonspynes-komplektas-CYFRAL-COSMO-R-2-juodas.png\",\"datePublished\":\"2023-12-28T09:13:22+00:00\",\"dateModified\":\"2024-10-18T13:39:32+00:00\",\"breadcrumb\":{\"@id\":\"https:\\\/\\\/eheating.lt\\\/en\\\/produktas\\\/audio-telefonspynes-komplektas-cyfral-cosmo-r-2-juodas\\\/#breadcrumb\"},\"inLanguage\":\"en-US\",\"potentialAction\":[{\"@type\":\"ReadAction\",\"target\":[\"https:\\\/\\\/eheating.lt\\\/en\\\/produktas\\\/audio-telefonspynes-komplektas-cyfral-cosmo-r-2-juodas\\\/\"]}]},{\"@type\":\"ImageObject\",\"inLanguage\":\"en-US\",\"@id\":\"https:\\\/\\\/eheating.lt\\\/en\\\/produktas\\\/audio-telefonspynes-komplektas-cyfral-cosmo-r-2-juodas\\\/#primaryimage\",\"url\":\"https:\\\/\\\/eheating.lt\\\/wp-content\\\/uploads\\\/2023\\\/10\\\/Audio-telefonspynes-komplektas-CYFRAL-COSMO-R-2-juodas.png\",\"contentUrl\":\"https:\\\/\\\/eheating.lt\\\/wp-content\\\/uploads\\\/2023\\\/10\\\/Audio-telefonspynes-komplektas-CYFRAL-COSMO-R-2-juodas.png\",\"width\":800,\"height\":800,\"caption\":\"CYFRAL COSMO R-2 juodas\"},{\"@type\":\"BreadcrumbList\",\"@id\":\"https:\\\/\\\/eheating.lt\\\/en\\\/produktas\\\/audio-telefonspynes-komplektas-cyfral-cosmo-r-2-juodas\\\/#breadcrumb\",\"itemListElement\":[{\"@type\":\"ListItem\",\"position\":1,\"name\":\"Prad\u017eia\",\"item\":\"https:\\\/\\\/eheating.lt\\\/en\\\/\"},{\"@type\":\"ListItem\",\"position\":2,\"name\":\"Shop\",\"item\":\"https:\\\/\\\/eheating.lt\\\/en\\\/?page_id=5734\"},{\"@type\":\"ListItem\",\"position\":3,\"name\":\"Audio telefonspyn\u0117s komplektas CYFRAL COSMO R-2 juodas\"}]},{\"@type\":\"WebSite\",\"@id\":\"https:\\\/\\\/eheating.lt\\\/#website\",\"url\":\"https:\\\/\\\/eheating.lt\\\/\",\"name\":\"eHeating\",\"description\":\"Elektronika ir \u0161ildymas\",\"potentialAction\":[{\"@type\":\"SearchAction\",\"target\":{\"@type\":\"EntryPoint\",\"urlTemplate\":\"https:\\\/\\\/eheating.lt\\\/?s={search_term_string}\"},\"query-input\":{\"@type\":\"PropertyValueSpecification\",\"valueRequired\":true,\"valueName\":\"search_term_string\"}}],\"inLanguage\":\"en-US\"}]}<\/script>\n<meta property=\"product:price:amount\" content=\"128.08\" \/>\n<meta property=\"product:price:currency\" content=\"EUR\" \/>\n<meta property=\"og:availability\" content=\"backorder\" \/>\n<meta property=\"product:availability\" content=\"available for order\" \/>\n<meta property=\"product:retailer_item_id\" content=\"57b9c10546c7\" \/>\n<meta property=\"product:condition\" content=\"new\" \/>\n<!-- \/ Yoast SEO Premium plugin. -->","yoast_head_json":{"title":"Audio telefonspyn\u0117s komplektas CYFRAL COSMO R-2 juodas","robots":{"index":"index","follow":"follow","max-snippet":"max-snippet:-1","max-image-preview":"max-image-preview:large","max-video-preview":"max-video-preview:-1"},"canonical":"https:\/\/eheating.lt\/en\/produktas\/audio-telefonspynes-komplektas-cyfral-cosmo-r-2-juodas\/","og_locale":"en_US","og_type":"article","og_title":"Audio telefonspyn\u0117s komplektas CYFRAL COSMO R-2 juodas","og_description":"2 abonentai  Centrin\u0117 stotel\u0117  2 rageliai  Maitinimo blokas  4 RFID raktai  2 laidai  Juodas","og_url":"https:\/\/eheating.lt\/en\/produktas\/audio-telefonspynes-komplektas-cyfral-cosmo-r-2-juodas\/","og_site_name":"Elektronika Namams","article_publisher":"https:\/\/www.facebook.com\/ElektronikaNamams","article_modified_time":"2024-10-18T13:39:32+00:00","og_image":[{"width":800,"height":800,"url":"https:\/\/eheating.lt\/wp-content\/uploads\/2023\/10\/Audio-telefonspynes-komplektas-CYFRAL-COSMO-R-2-juodas.png","type":"image\/png"}],"twitter_card":"summary_large_image","twitter_misc":{"Price":"128,08&nbsp;&euro;","Availability":"On backorder"},"schema":{"@context":"https:\/\/schema.org","@graph":[{"@type":"WebPage","@id":"https:\/\/eheating.lt\/en\/produktas\/audio-telefonspynes-komplektas-cyfral-cosmo-r-2-juodas\/","url":"https:\/\/eheating.lt\/en\/produktas\/audio-telefonspynes-komplektas-cyfral-cosmo-r-2-juodas\/","name":"Audio telefonspyn\u0117s komplektas CYFRAL COSMO R-2 juodas","isPartOf":{"@id":"https:\/\/eheating.lt\/#website"},"primaryImageOfPage":{"@id":"https:\/\/eheating.lt\/en\/produktas\/audio-telefonspynes-komplektas-cyfral-cosmo-r-2-juodas\/#primaryimage"},"image":{"@id":"https:\/\/eheating.lt\/en\/produktas\/audio-telefonspynes-komplektas-cyfral-cosmo-r-2-juodas\/#primaryimage"},"thumbnailUrl":"https:\/\/eheating.lt\/wp-content\/uploads\/2023\/10\/Audio-telefonspynes-komplektas-CYFRAL-COSMO-R-2-juodas.png","datePublished":"2023-12-28T09:13:22+00:00","dateModified":"2024-10-18T13:39:32+00:00","breadcrumb":{"@id":"https:\/\/eheating.lt\/en\/produktas\/audio-telefonspynes-komplektas-cyfral-cosmo-r-2-juodas\/#breadcrumb"},"inLanguage":"en-US","potentialAction":[{"@type":"ReadAction","target":["https:\/\/eheating.lt\/en\/produktas\/audio-telefonspynes-komplektas-cyfral-cosmo-r-2-juodas\/"]}]},{"@type":"ImageObject","inLanguage":"en-US","@id":"https:\/\/eheating.lt\/en\/produktas\/audio-telefonspynes-komplektas-cyfral-cosmo-r-2-juodas\/#primaryimage","url":"https:\/\/eheating.lt\/wp-content\/uploads\/2023\/10\/Audio-telefonspynes-komplektas-CYFRAL-COSMO-R-2-juodas.png","contentUrl":"https:\/\/eheating.lt\/wp-content\/uploads\/2023\/10\/Audio-telefonspynes-komplektas-CYFRAL-COSMO-R-2-juodas.png","width":800,"height":800,"caption":"CYFRAL COSMO R-2 juodas"},{"@type":"BreadcrumbList","@id":"https:\/\/eheating.lt\/en\/produktas\/audio-telefonspynes-komplektas-cyfral-cosmo-r-2-juodas\/#breadcrumb","itemListElement":[{"@type":"ListItem","position":1,"name":"Prad\u017eia","item":"https:\/\/eheating.lt\/en\/"},{"@type":"ListItem","position":2,"name":"Shop","item":"https:\/\/eheating.lt\/en\/?page_id=5734"},{"@type":"ListItem","position":3,"name":"Audio telefonspyn\u0117s komplektas CYFRAL COSMO R-2 juodas"}]},{"@type":"WebSite","@id":"https:\/\/eheating.lt\/#website","url":"https:\/\/eheating.lt\/","name":"eHeating","description":"Elektronika ir \u0161ildymas","potentialAction":[{"@type":"SearchAction","target":{"@type":"EntryPoint","urlTemplate":"https:\/\/eheating.lt\/?s={search_term_string}"},"query-input":{"@type":"PropertyValueSpecification","valueRequired":true,"valueName":"search_term_string"}}],"inLanguage":"en-US"}]},"product_price_amount":"128.08","product_price_currency":"EUR","og_availability":"backorder","product_availability":"available for order","product_retailer_item_id":"57b9c10546c7","product_condition":"new"},"_links":{"self":[{"href":"https:\/\/eheating.lt\/en\/wp-json\/wp\/v2\/product\/16380","targetHints":{"allow":["GET"]}}],"collection":[{"href":"https:\/\/eheating.lt\/en\/wp-json\/wp\/v2\/product"}],"about":[{"href":"https:\/\/eheating.lt\/en\/wp-json\/wp\/v2\/types\/product"}],"replies":[{"embeddable":true,"href":"https:\/\/eheating.lt\/en\/wp-json\/wp\/v2\/comments?post=16380"}],"version-history":[{"count":0,"href":"https:\/\/eheating.lt\/en\/wp-json\/wp\/v2\/product\/16380\/revisions"}],"wp:featuredmedia":[{"embeddable":true,"href":"https:\/\/eheating.lt\/en\/wp-json\/wp\/v2\/media\/29792"}],"wp:attachment":[{"href":"https:\/\/eheating.lt\/en\/wp-json\/wp\/v2\/media?parent=16380"}],"wp:term":[{"taxonomy":"product_brand","embeddable":true,"href":"https:\/\/eheating.lt\/en\/wp-json\/wp\/v2\/product_brand?post=16380"},{"taxonomy":"product_cat","embeddable":true,"href":"https:\/\/eheating.lt\/en\/wp-json\/wp\/v2\/product_cat?post=16380"},{"taxonomy":"product_tag","embeddable":true,"href":"https:\/\/eheating.lt\/en\/wp-json\/wp\/v2\/product_tag?post=16380"}],"curies":[{"name":"wp","href":"https:\/\/api.w.org\/{rel}","templated":true}]}}