{"id":16334,"date":"2023-12-28T15:23:20","date_gmt":"2023-12-28T13:23:20","guid":{"rendered":"https:\/\/eheating.lt\/?post_type=product&#038;p=16334"},"modified":"2024-09-13T17:41:39","modified_gmt":"2024-09-13T14:41:39","slug":"hikvision-ds-k1t501sf","status":"publish","type":"product","link":"https:\/\/eheating.lt\/en\/produktas\/hikvision-ds-k1t501sf\/","title":{"rendered":"Hikvision DS-K1T501SF"},"content":{"rendered":"<table>\n<tbody>\n<tr>\n<th colspan=\"2\">Sistemos parametrai<\/th>\n<\/tr>\n<tr>\n<td class=\"td1\">Pir\u0161to atspaudo nuskaitymo laikas<\/td>\n<td>\u2264 1.5s<\/td>\n<\/tr>\n<tr>\n<td class=\"td1\">Micro SD kortel\u0117<\/td>\n<td>Max. 128G<\/td>\n<\/tr>\n<tr>\n<td class=\"td1\">Atmintis<\/td>\n<td>50,000 cards<br \/>\n200,000 events<\/td>\n<\/tr>\n<tr>\n<td class=\"td1\">FRR (False Rejection Rate)<\/td>\n<td>\u22640.01%<\/td>\n<\/tr>\n<tr>\n<td class=\"td1\">Korteli\u0173 skaitymo atstumas<\/td>\n<td>\u22652cm<\/td>\n<\/tr>\n<tr>\n<td class=\"td1\">FAR (False Accept Rate)<\/td>\n<td>\u22640.001%<\/td>\n<\/tr>\n<tr>\n<td class=\"td1\">Kortel\u0117s nuskaitymo r\u0117\u017eimas<\/td>\n<td>Mifare Card<\/td>\n<\/tr>\n<tr>\n<td class=\"td1\">Vaizdo atmintis<\/td>\n<td>Record and Save Video through NVR<\/td>\n<\/tr>\n<tr>\n<td class=\"td1\">Kamera<\/td>\n<td>2MP\/1080P, IR Light<\/td>\n<\/tr>\n<tr>\n<td class=\"td1\">Pir\u0161to atspaudo atpa\u017einimas<\/td>\n<td>Optical Fingerprint Recognizer Module<\/td>\n<\/tr>\n<tr>\n<td class=\"td1\">Pir\u0161t\u0173 atspaud\u0173 talpa<\/td>\n<td>5,000<\/td>\n<\/tr>\n<tr>\n<td class=\"td1\">Procesorius<\/td>\n<td>32 Bit High-performance Processor<\/td>\n<\/tr>\n<tr>\n<th colspan=\"2\">\u012erenginio s\u0105sajos<\/th>\n<\/tr>\n<tr>\n<td class=\"td1\">Komunikacijos r\u0117\u017eimas<\/td>\n<td>Terminal Mode: Uplink(TCP\/IP), Downlink(RS485)<br \/>\nCard Reader Mode: Uplink (Wiegand 26\/34, RS-485)<\/td>\n<\/tr>\n<tr>\n<td class=\"td1\">I\u0161vesties s\u0105saja<\/td>\n<td>Lock \u00d7 1, Alarm Output (Doorbell) \u00d7 1<\/td>\n<\/tr>\n<tr>\n<td class=\"td1\">\u012evesties s\u0105saja<\/td>\n<td>Doorbell Button \u00d7 1\uff0c Door Sensor \u00d7 1\uff0c Alarm Input \u00d7 2\uff0c Tamper-Proof Switch \u00d7 1\uff0c Exit Button \u00d7 1<\/td>\n<\/tr>\n<tr>\n<th colspan=\"2\">Pagrindin\u0117s savyb\u0117s<\/th>\n<\/tr>\n<tr>\n<td class=\"td1\">Veikimo srov\u0117<\/td>\n<td>600mA (max)<\/td>\n<\/tr>\n<tr>\n<td class=\"td1\">Maitinimas<\/td>\n<td>DC 12V\/1A<\/td>\n<\/tr>\n<tr>\n<td class=\"td1\">Garsas<\/td>\n<td>Audio Input: Build-in Micro Phone( Sensitivity: -25\u00b13DB)<br \/>\nAudio Output: Build-in Loudspeaker(1W)<\/td>\n<\/tr>\n<tr>\n<td class=\"td1\">I\u0161matavimai (L\u00d7W\u00d7H)<\/td>\n<td>218mm \u00d7 78mm \u00d7 41mm (8.58&#8243; \u00d7 3.07&#8243; \u00d7 1.61&#8243;)<\/td>\n<\/tr>\n<tr>\n<td class=\"td1\">IP apsaugos klas\u0117<\/td>\n<td>IP 65<\/td>\n<\/tr>\n<tr>\n<td class=\"td1\">Montavimas<\/td>\n<td>Wall Mounting<\/td>\n<\/tr>\n<tr>\n<td class=\"td1\">Santykinis oro dr\u0117gnumas<\/td>\n<td>10% to 90% (Non-Condensing)<\/td>\n<\/tr>\n<tr>\n<td class=\"td1\">Veikimo temperat\u016bra<\/td>\n<td>-40\u00b0C to +70\u00b0C (-40\u00b0F to +158\u00b0F)<\/td>\n<\/tr>\n<\/tbody>\n<\/table>\n","protected":false},"excerpt":{"rendered":"<ul>\n<li>Pa\u0117jimo kamera\u00a0DS-K1T501SF<\/li>\n<li>HD kamera(2 MP\/1080p)<\/li>\n<li>Pir\u0161t\u0173 atspaud\u0173 skaitytuvas<\/li>\n<li>Veid\u0173 aptikimas<\/li>\n<li>IP65<\/li>\n<\/ul>\n","protected":false},"featured_media":30733,"comment_status":"closed","ping_status":"closed","template":"","meta":[],"product_brand":[],"product_cat":[348,328],"product_tag":[974],"class_list":{"0":"post-16334","1":"product","2":"type-product","3":"status-publish","4":"has-post-thumbnail","6":"product_cat-hikvision-ieigos-kontrole","7":"product_cat-ieigos-kontroles-sistemos","8":"product_tag-ean","10":"first","11":"instock","12":"taxable","13":"shipping-taxable","14":"purchasable","15":"product-type-simple"},"yoast_head":"<!-- This site is optimized with the Yoast SEO Premium plugin v21.5 (Yoast SEO v27.4) - https:\/\/yoast.com\/product\/yoast-seo-premium-wordpress\/ -->\n<title>Hikvision DS-K1T501SF<\/title>\n<meta name=\"description\" content=\"Hikvision DS-K1T501SF pir\u0161t\u0173 antspaud\u0173 skaitytuvas ; HD kamera(2 MP\/1080p) ; Pir\u0161t\u0173 atspaud\u0173 skaitytuvas ; Veid\u0173 aptikimas ; IP65\" \/>\n<meta name=\"robots\" content=\"index, follow, max-snippet:-1, max-image-preview:large, max-video-preview:-1\" \/>\n<link rel=\"canonical\" href=\"https:\/\/eheating.lt\/produktas\/hikvision-ds-k1t501sf\/\" \/>\n<meta property=\"og:locale\" content=\"en_US\" \/>\n<meta property=\"og:type\" content=\"article\" \/>\n<meta property=\"og:title\" content=\"Hikvision DS-K1T501SF\" \/>\n<meta property=\"og:description\" content=\"Hikvision DS-K1T501SF pir\u0161t\u0173 antspaud\u0173 skaitytuvas ; HD kamera(2 MP\/1080p) ; Pir\u0161t\u0173 atspaud\u0173 skaitytuvas ; Veid\u0173 aptikimas ; IP65\" \/>\n<meta property=\"og:url\" content=\"https:\/\/eheating.lt\/produktas\/hikvision-ds-k1t501sf\/\" \/>\n<meta property=\"og:site_name\" content=\"Elektronika Namams\" \/>\n<meta property=\"article:publisher\" content=\"https:\/\/www.facebook.com\/ElektronikaNamams\" \/>\n<meta property=\"article:modified_time\" content=\"2024-09-13T14:41:39+00:00\" \/>\n<meta property=\"og:image\" content=\"https:\/\/eheating.lt\/wp-content\/uploads\/2023\/10\/Hikvision-DS-K1T501SF.png\" \/>\n\t<meta property=\"og:image:width\" content=\"800\" \/>\n\t<meta property=\"og:image:height\" content=\"800\" \/>\n\t<meta property=\"og:image:type\" content=\"image\/png\" \/>\n<meta name=\"twitter:card\" content=\"summary_large_image\" \/>\n<meta name=\"twitter:label1\" content=\"Price\" \/>\n\t<meta name=\"twitter:data1\" content=\"649,42&nbsp;&euro;\" \/>\n\t<meta name=\"twitter:label2\" content=\"Availability\" \/>\n\t<meta name=\"twitter:data2\" content=\"In stock\" \/>\n<script type=\"application\/ld+json\" class=\"yoast-schema-graph\">{\"@context\":\"https:\\\/\\\/schema.org\",\"@graph\":[{\"@type\":\"WebPage\",\"@id\":\"https:\\\/\\\/eheating.lt\\\/produktas\\\/hikvision-ds-k1t501sf\\\/\",\"url\":\"https:\\\/\\\/eheating.lt\\\/produktas\\\/hikvision-ds-k1t501sf\\\/\",\"name\":\"Hikvision DS-K1T501SF\",\"isPartOf\":{\"@id\":\"https:\\\/\\\/eheating.lt\\\/#website\"},\"primaryImageOfPage\":{\"@id\":\"https:\\\/\\\/eheating.lt\\\/produktas\\\/hikvision-ds-k1t501sf\\\/#primaryimage\"},\"image\":{\"@id\":\"https:\\\/\\\/eheating.lt\\\/produktas\\\/hikvision-ds-k1t501sf\\\/#primaryimage\"},\"thumbnailUrl\":\"https:\\\/\\\/eheating.lt\\\/wp-content\\\/uploads\\\/2023\\\/10\\\/Hikvision-DS-K1T501SF.png\",\"datePublished\":\"2023-12-28T13:23:20+00:00\",\"dateModified\":\"2024-09-13T14:41:39+00:00\",\"description\":\"Hikvision DS-K1T501SF pir\u0161t\u0173 antspaud\u0173 skaitytuvas ; HD kamera(2 MP\\\/1080p) ; Pir\u0161t\u0173 atspaud\u0173 skaitytuvas ; Veid\u0173 aptikimas ; IP65\",\"breadcrumb\":{\"@id\":\"https:\\\/\\\/eheating.lt\\\/produktas\\\/hikvision-ds-k1t501sf\\\/#breadcrumb\"},\"inLanguage\":\"en-US\",\"potentialAction\":[{\"@type\":\"ReadAction\",\"target\":[\"https:\\\/\\\/eheating.lt\\\/produktas\\\/hikvision-ds-k1t501sf\\\/\"]}]},{\"@type\":\"ImageObject\",\"inLanguage\":\"en-US\",\"@id\":\"https:\\\/\\\/eheating.lt\\\/produktas\\\/hikvision-ds-k1t501sf\\\/#primaryimage\",\"url\":\"https:\\\/\\\/eheating.lt\\\/wp-content\\\/uploads\\\/2023\\\/10\\\/Hikvision-DS-K1T501SF.png\",\"contentUrl\":\"https:\\\/\\\/eheating.lt\\\/wp-content\\\/uploads\\\/2023\\\/10\\\/Hikvision-DS-K1T501SF.png\",\"width\":800,\"height\":800,\"caption\":\"Hikvision DS-K1T501SF\"},{\"@type\":\"BreadcrumbList\",\"@id\":\"https:\\\/\\\/eheating.lt\\\/produktas\\\/hikvision-ds-k1t501sf\\\/#breadcrumb\",\"itemListElement\":[{\"@type\":\"ListItem\",\"position\":1,\"name\":\"Prad\u017eia\",\"item\":\"https:\\\/\\\/eheating.lt\\\/en\\\/\"},{\"@type\":\"ListItem\",\"position\":2,\"name\":\"Shop\",\"item\":\"https:\\\/\\\/eheating.lt\\\/en\\\/?page_id=5734\"},{\"@type\":\"ListItem\",\"position\":3,\"name\":\"Hikvision DS-K1T501SF\"}]},{\"@type\":\"WebSite\",\"@id\":\"https:\\\/\\\/eheating.lt\\\/#website\",\"url\":\"https:\\\/\\\/eheating.lt\\\/\",\"name\":\"eHeating\",\"description\":\"Elektronika ir \u0161ildymas\",\"potentialAction\":[{\"@type\":\"SearchAction\",\"target\":{\"@type\":\"EntryPoint\",\"urlTemplate\":\"https:\\\/\\\/eheating.lt\\\/?s={search_term_string}\"},\"query-input\":{\"@type\":\"PropertyValueSpecification\",\"valueRequired\":true,\"valueName\":\"search_term_string\"}}],\"inLanguage\":\"en-US\"}]}<\/script>\n<meta property=\"product:price:amount\" content=\"649.42\" \/>\n<meta property=\"product:price:currency\" content=\"EUR\" \/>\n<meta property=\"og:availability\" content=\"instock\" \/>\n<meta property=\"product:availability\" content=\"instock\" \/>\n<meta property=\"product:retailer_item_id\" content=\"ffdb64f7909d\" \/>\n<meta property=\"product:condition\" content=\"new\" \/>\n<!-- \/ Yoast SEO Premium plugin. -->","yoast_head_json":{"title":"Hikvision DS-K1T501SF","description":"Hikvision DS-K1T501SF pir\u0161t\u0173 antspaud\u0173 skaitytuvas ; HD kamera(2 MP\/1080p) ; Pir\u0161t\u0173 atspaud\u0173 skaitytuvas ; Veid\u0173 aptikimas ; IP65","robots":{"index":"index","follow":"follow","max-snippet":"max-snippet:-1","max-image-preview":"max-image-preview:large","max-video-preview":"max-video-preview:-1"},"canonical":"https:\/\/eheating.lt\/produktas\/hikvision-ds-k1t501sf\/","og_locale":"en_US","og_type":"article","og_title":"Hikvision DS-K1T501SF","og_description":"Hikvision DS-K1T501SF pir\u0161t\u0173 antspaud\u0173 skaitytuvas ; HD kamera(2 MP\/1080p) ; Pir\u0161t\u0173 atspaud\u0173 skaitytuvas ; Veid\u0173 aptikimas ; IP65","og_url":"https:\/\/eheating.lt\/produktas\/hikvision-ds-k1t501sf\/","og_site_name":"Elektronika Namams","article_publisher":"https:\/\/www.facebook.com\/ElektronikaNamams","article_modified_time":"2024-09-13T14:41:39+00:00","og_image":[{"width":800,"height":800,"url":"https:\/\/eheating.lt\/wp-content\/uploads\/2023\/10\/Hikvision-DS-K1T501SF.png","type":"image\/png"}],"twitter_card":"summary_large_image","twitter_misc":{"Price":"649,42&nbsp;&euro;","Availability":"In stock"},"schema":{"@context":"https:\/\/schema.org","@graph":[{"@type":"WebPage","@id":"https:\/\/eheating.lt\/produktas\/hikvision-ds-k1t501sf\/","url":"https:\/\/eheating.lt\/produktas\/hikvision-ds-k1t501sf\/","name":"Hikvision DS-K1T501SF","isPartOf":{"@id":"https:\/\/eheating.lt\/#website"},"primaryImageOfPage":{"@id":"https:\/\/eheating.lt\/produktas\/hikvision-ds-k1t501sf\/#primaryimage"},"image":{"@id":"https:\/\/eheating.lt\/produktas\/hikvision-ds-k1t501sf\/#primaryimage"},"thumbnailUrl":"https:\/\/eheating.lt\/wp-content\/uploads\/2023\/10\/Hikvision-DS-K1T501SF.png","datePublished":"2023-12-28T13:23:20+00:00","dateModified":"2024-09-13T14:41:39+00:00","description":"Hikvision DS-K1T501SF pir\u0161t\u0173 antspaud\u0173 skaitytuvas ; HD kamera(2 MP\/1080p) ; Pir\u0161t\u0173 atspaud\u0173 skaitytuvas ; Veid\u0173 aptikimas ; IP65","breadcrumb":{"@id":"https:\/\/eheating.lt\/produktas\/hikvision-ds-k1t501sf\/#breadcrumb"},"inLanguage":"en-US","potentialAction":[{"@type":"ReadAction","target":["https:\/\/eheating.lt\/produktas\/hikvision-ds-k1t501sf\/"]}]},{"@type":"ImageObject","inLanguage":"en-US","@id":"https:\/\/eheating.lt\/produktas\/hikvision-ds-k1t501sf\/#primaryimage","url":"https:\/\/eheating.lt\/wp-content\/uploads\/2023\/10\/Hikvision-DS-K1T501SF.png","contentUrl":"https:\/\/eheating.lt\/wp-content\/uploads\/2023\/10\/Hikvision-DS-K1T501SF.png","width":800,"height":800,"caption":"Hikvision DS-K1T501SF"},{"@type":"BreadcrumbList","@id":"https:\/\/eheating.lt\/produktas\/hikvision-ds-k1t501sf\/#breadcrumb","itemListElement":[{"@type":"ListItem","position":1,"name":"Prad\u017eia","item":"https:\/\/eheating.lt\/en\/"},{"@type":"ListItem","position":2,"name":"Shop","item":"https:\/\/eheating.lt\/en\/?page_id=5734"},{"@type":"ListItem","position":3,"name":"Hikvision DS-K1T501SF"}]},{"@type":"WebSite","@id":"https:\/\/eheating.lt\/#website","url":"https:\/\/eheating.lt\/","name":"eHeating","description":"Elektronika ir \u0161ildymas","potentialAction":[{"@type":"SearchAction","target":{"@type":"EntryPoint","urlTemplate":"https:\/\/eheating.lt\/?s={search_term_string}"},"query-input":{"@type":"PropertyValueSpecification","valueRequired":true,"valueName":"search_term_string"}}],"inLanguage":"en-US"}]},"product_price_amount":"649.42","product_price_currency":"EUR","og_availability":"instock","product_availability":"instock","product_retailer_item_id":"ffdb64f7909d","product_condition":"new"},"_links":{"self":[{"href":"https:\/\/eheating.lt\/en\/wp-json\/wp\/v2\/product\/16334","targetHints":{"allow":["GET"]}}],"collection":[{"href":"https:\/\/eheating.lt\/en\/wp-json\/wp\/v2\/product"}],"about":[{"href":"https:\/\/eheating.lt\/en\/wp-json\/wp\/v2\/types\/product"}],"replies":[{"embeddable":true,"href":"https:\/\/eheating.lt\/en\/wp-json\/wp\/v2\/comments?post=16334"}],"version-history":[{"count":0,"href":"https:\/\/eheating.lt\/en\/wp-json\/wp\/v2\/product\/16334\/revisions"}],"wp:featuredmedia":[{"embeddable":true,"href":"https:\/\/eheating.lt\/en\/wp-json\/wp\/v2\/media\/30733"}],"wp:attachment":[{"href":"https:\/\/eheating.lt\/en\/wp-json\/wp\/v2\/media?parent=16334"}],"wp:term":[{"taxonomy":"product_brand","embeddable":true,"href":"https:\/\/eheating.lt\/en\/wp-json\/wp\/v2\/product_brand?post=16334"},{"taxonomy":"product_cat","embeddable":true,"href":"https:\/\/eheating.lt\/en\/wp-json\/wp\/v2\/product_cat?post=16334"},{"taxonomy":"product_tag","embeddable":true,"href":"https:\/\/eheating.lt\/en\/wp-json\/wp\/v2\/product_tag?post=16334"}],"curies":[{"name":"wp","href":"https:\/\/api.w.org\/{rel}","templated":true}]}}