{"id":16268,"date":"2023-11-17T23:49:19","date_gmt":"2023-11-17T21:49:19","guid":{"rendered":"https:\/\/eheating.lt\/?post_type=product&#038;p=16268"},"modified":"2024-07-13T11:51:13","modified_gmt":"2024-07-13T08:51:13","slug":"hikvision-dvr-ds-7216huhi-k2","status":"publish","type":"product","link":"https:\/\/eheating.lt\/en\/produktas\/hikvision-dvr-ds-7216huhi-k2\/","title":{"rendered":"Hikvision DVR DS-7216HUHI-K2"},"content":{"rendered":"<table>\n<tbody>\n<tr>\n<th colspan=\"2\">Vaizdo\/garso \u012fvestys<\/th>\n<\/tr>\n<tr>\n<td class=\"td1\">Garso \u012fvestys<\/td>\n<td>4-ch<\/td>\n<\/tr>\n<tr>\n<td class=\"td1\">Vaizdo suspaudimas<\/td>\n<td>H.265+\/H.265\/H.264+\/H.264<\/td>\n<\/tr>\n<tr>\n<td class=\"td1\">Analogin\u0117 ir HD-TVI vaizdo \u012fvestis<\/td>\n<td>16-ch,BNC interface (1.0Vp-p, 75 \u03a9)connection<\/td>\n<\/tr>\n<tr>\n<td class=\"td1\">Palaikomi kamer\u0173 tipai<\/td>\n<td>Support HDTVI input: 5MP,4MP,3MP,1080P\/25Hz, 1080P\/30Hz,720P\/25Hz, 720P\/30Hz, 720P\/50Hz, 720P\/60Hz,<br \/>\nSupport AHD input: 1080P\/25Hz, 1080P\/30Hz, 720P\/25Hz, 720P\/30Hz<br \/>\nSupport CVI input: 1080P\/25Hz, 1080P\/30Hz, 720P\/25Hz, 720P\/30Hz<br \/>\nSupport CVBS input<\/td>\n<\/tr>\n<tr>\n<td class=\"td1\">Vaizdo \u012fvesties s\u0105saja<\/td>\n<td>BNC (1.0 Vp-p, 75\u03a9)<\/td>\n<\/tr>\n<tr>\n<td class=\"td1\">Garso suspaudimas<\/td>\n<td>G.711u<\/td>\n<\/tr>\n<tr>\n<td class=\"td1\">Garso \u012fvesties s\u0105saja<\/td>\n<td>4-ch, RCA (2.0 Vp-p, 1 K\u03a9)<\/td>\n<\/tr>\n<tr>\n<td class=\"td1\">Dvipusis garso ry\u0161ys<\/td>\n<td>1-ch, RCA (2.0 Vp-p, 1 K\u03a9), (using the 1st channel of audio input)<\/td>\n<\/tr>\n<tr>\n<th colspan=\"2\">Vaizdo\/garso i\u0161vestys<\/th>\n<\/tr>\n<tr>\n<td class=\"td1\">CVBS i\u0161vestis<\/td>\n<td>1-ch,BNC(1.0Vp-p,75\u03a9),resolution:PAL:704&#215;576,NTSC:704&#215;480<\/td>\n<\/tr>\n<tr>\n<td class=\"td1\">HDMI\/VGA i\u0161vestis<\/td>\n<td>VGA: 1-ch, 1920 \u00d7 1080\/60Hz, 1280 \u00d7 1024\/60Hz, 1280 \u00d7 720\/60Hz, 1024 \u00d7 768\/60Hz<br \/>\nHDMI: 1-ch, 4K (3840 \u00d7 2160)\/30Hz, 2K (2560 \u00d7 1440)\/60Hz, 1920 \u00d7 1080\/60Hz, 1280 \u00d7 1024\/60Hz, 1280 \u00d7 720\/60Hz, 1024 \u00d7 768\/60Hz<\/td>\n<\/tr>\n<tr>\n<td class=\"td1\">Ra\u0161ymo rai\u0161ka<\/td>\n<td>5 MP\/4 MP\/3 MP\/1080p\/720p\/WD1\/4CIF\/VGA\/CIF<\/td>\n<\/tr>\n<tr>\n<td class=\"td1\">Kadrai per sek.<\/td>\n<td>Main stream:<br \/>\n5 MP@12fps\/4 MP@15fps\/3 MP@18fps<br \/>\n1080p\/720p\/WD1\/4CIF\/VGA\/CIF@25fps (P)\/30fps (N)<br \/>\nSub-stream:<br \/>\nWD1\/4CIF\/CIF@25fps (P)\/30fps (N)<\/td>\n<\/tr>\n<tr>\n<td class=\"td1\">Vaizdo sparta<\/td>\n<td>32 Kbps-10 Mbps<\/td>\n<\/tr>\n<tr>\n<td class=\"td1\">Srauto tipas<\/td>\n<td>Video\/Video&amp;Audio<\/td>\n<\/tr>\n<tr>\n<td class=\"td1\">Dvipusis garso ry\u0161ys<\/td>\n<td>1-ch, RCA (2.0 Vp-p, 1 k\u03a9) (using the audio input)<\/td>\n<\/tr>\n<tr>\n<td class=\"td1\">Garso i\u0161vestis<\/td>\n<td>1-ch RCA(Linear, 1k\u03a9)<\/td>\n<\/tr>\n<tr>\n<td class=\"td1\">Garso sparta<\/td>\n<td>64kbps<\/td>\n<\/tr>\n<tr>\n<td class=\"td1\">Dvigubas srautas<\/td>\n<td>Support<\/td>\n<\/tr>\n<tr>\n<td class=\"td1\">Atk\u016brimo rai\u0161ka<\/td>\n<td>5MP\/4MP\/3MP\/1080p\/720p\/VGA\/WD1\/4CIF\/CIF\/QVGA\/QCIF<\/td>\n<\/tr>\n<tr>\n<td class=\"td1\">Sinchroninis atk\u016brimas<\/td>\n<td>16-ch<\/td>\n<\/tr>\n<tr>\n<th colspan=\"2\">Tinklo valdymas<\/th>\n<\/tr>\n<tr>\n<td class=\"td1\">Nuotolini\u0173 prisijungim\u0173 skai\u010dius<\/td>\n<td>128<\/td>\n<\/tr>\n<tr>\n<td class=\"td1\">Tinklo protokolai<\/td>\n<td>TCP\/IP, PPPoE, DHCP, Hik-Connect, DNS, DDNS, NTP, SADP, NFS, iSCSI, UPnP?, HTTPS, ONVIF<\/td>\n<\/tr>\n<tr>\n<th colspan=\"2\">Kietasis diskas<\/th>\n<\/tr>\n<tr>\n<td class=\"td1\">S\u0105sajos tipas<\/td>\n<td>2 SATA Interfaces<\/td>\n<\/tr>\n<tr>\n<td class=\"td1\">Talpa<\/td>\n<td>Up to 8 TB capacity for each disk<\/td>\n<\/tr>\n<tr>\n<th colspan=\"2\">I\u0161orin\u0117 s\u0105saja<\/th>\n<\/tr>\n<tr>\n<td class=\"td1\">Tinklo s\u0105saja<\/td>\n<td>1; 10M \/ 100M \/ 1000M self-adaptive Ethernet interface<\/td>\n<\/tr>\n<tr>\n<td class=\"td1\">USB s\u0105saja<\/td>\n<td>1 USB 2.0 Interface &amp; 1 USB 3.0 Interface<\/td>\n<\/tr>\n<tr>\n<td class=\"td1\">Serial s\u0105saja<\/td>\n<td>1; standard RS-485 serial interface, half-duplex<\/td>\n<\/tr>\n<tr>\n<td class=\"td1\">Pavojaus signalo \u012fvestis<\/td>\n<td>16-ch<\/td>\n<\/tr>\n<tr>\n<td class=\"td1\">Pavojaus signalo i\u0161vestis<\/td>\n<td>4-ch<\/td>\n<\/tr>\n<tr>\n<th colspan=\"2\">Pagrindin\u0117s savyb\u0117s<\/th>\n<\/tr>\n<tr>\n<td class=\"td1\">Maitinimas<\/td>\n<td>12 VDC<\/td>\n<\/tr>\n<tr>\n<td class=\"td1\">Energijos suvartojimas<\/td>\n<td>\u2264 25W(without hard disks)<\/td>\n<\/tr>\n<tr>\n<td class=\"td1\">Veikimo temperat\u016bra<\/td>\n<td>-10 oC to +55 oC (14 oF to 131 oF)<\/td>\n<\/tr>\n<tr>\n<td class=\"td1\">Santykinis oro dr\u0117gnumas<\/td>\n<td>10% to 90%<\/td>\n<\/tr>\n<tr>\n<td class=\"td1\">I\u0161matavimai<\/td>\n<td>380 \u00d7 320 \u00d7 48 mm (15.0 \u00d7 12.6 \u00d7 1.9 inch)<\/td>\n<\/tr>\n<tr>\n<td class=\"td1\">Svoris<\/td>\n<td>\u2264 2 kg (4.4 lb)<\/td>\n<\/tr>\n<\/tbody>\n<\/table>\n","protected":false},"excerpt":{"rendered":"<ul>\n<li>16 kanal\u0173 Turbo HD DVR<\/li>\n<li>2 HDD s\u0105sajos (iki 8TB talpos)<\/li>\n<li>Iki 5 MP ra\u0161ymo rai\u0161ka<\/li>\n<li>Dvipusis garso ry\u0161ys<\/li>\n<li>Aliarminis \u012f\u0117jimas\/i\u0161\u0117jimas<\/li>\n<li>HDMI\/VGA i\u0161vestis<\/li>\n<\/ul>\n","protected":false},"featured_media":29075,"comment_status":"closed","ping_status":"closed","template":"","meta":[],"product_brand":[],"product_cat":[322,318,320],"product_tag":[],"class_list":{"0":"post-16268","1":"product","2":"type-product","3":"status-publish","4":"has-post-thumbnail","6":"product_cat-16-kanalu-dvr","7":"product_cat-turbo-hd-apsauga","8":"product_cat-turbo-hd-vaizdo-irasymo-irenginiai","10":"first","11":"instock","12":"taxable","13":"shipping-taxable","14":"purchasable","15":"product-type-simple"},"yoast_head":"<!-- This site is optimized with the Yoast SEO Premium plugin v21.5 (Yoast SEO v27.5) - https:\/\/yoast.com\/product\/yoast-seo-premium-wordpress\/ -->\n<title>Hikvision DVR DS-7216HUHI-K2<\/title>\n<meta name=\"description\" content=\"Hikvision DVR DS-7216HUHI-K2 vaizdo \u012fra\u0161ymo \u012frenginys ; 16 kanal\u0173 ; 2 HDD s\u0105sajos (iki 8TB talpos) ; Dvipusis garso ry\u0161ys ; HDMI\/VGA i\u0161vestis\" \/>\n<meta name=\"robots\" content=\"index, follow, max-snippet:-1, max-image-preview:large, max-video-preview:-1\" \/>\n<link rel=\"canonical\" href=\"https:\/\/eheating.lt\/en\/produktas\/hikvision-dvr-ds-7216huhi-k2\/\" \/>\n<meta property=\"og:locale\" content=\"en_US\" \/>\n<meta property=\"og:type\" content=\"article\" \/>\n<meta property=\"og:title\" content=\"Hikvision DVR DS-7216HUHI-K2\" \/>\n<meta property=\"og:description\" content=\"Hikvision DVR DS-7216HUHI-K2 vaizdo \u012fra\u0161ymo \u012frenginys ; 16 kanal\u0173 ; 2 HDD s\u0105sajos (iki 8TB talpos) ; Dvipusis garso ry\u0161ys ; HDMI\/VGA i\u0161vestis\" \/>\n<meta property=\"og:url\" content=\"https:\/\/eheating.lt\/en\/produktas\/hikvision-dvr-ds-7216huhi-k2\/\" \/>\n<meta property=\"og:site_name\" content=\"Elektronika Namams\" \/>\n<meta property=\"article:publisher\" content=\"https:\/\/www.facebook.com\/ElektronikaNamams\" \/>\n<meta property=\"article:modified_time\" content=\"2024-07-13T08:51:13+00:00\" \/>\n<meta property=\"og:image\" content=\"https:\/\/eheating.lt\/wp-content\/uploads\/2023\/10\/Hikvision-DVR-DS-7216HUHI-K2.png\" \/>\n\t<meta property=\"og:image:width\" content=\"800\" \/>\n\t<meta property=\"og:image:height\" content=\"800\" \/>\n\t<meta property=\"og:image:type\" content=\"image\/png\" \/>\n<meta name=\"twitter:card\" content=\"summary_large_image\" \/>\n<meta name=\"twitter:label1\" content=\"Price\" \/>\n\t<meta name=\"twitter:data1\" content=\"747,38&nbsp;&euro;\" \/>\n\t<meta name=\"twitter:label2\" content=\"Availability\" \/>\n\t<meta name=\"twitter:data2\" content=\"In stock\" \/>\n<script type=\"application\/ld+json\" class=\"yoast-schema-graph\">{\"@context\":\"https:\\\/\\\/schema.org\",\"@graph\":[{\"@type\":\"WebPage\",\"@id\":\"https:\\\/\\\/eheating.lt\\\/en\\\/produktas\\\/hikvision-dvr-ds-7216huhi-k2\\\/\",\"url\":\"https:\\\/\\\/eheating.lt\\\/en\\\/produktas\\\/hikvision-dvr-ds-7216huhi-k2\\\/\",\"name\":\"Hikvision DVR DS-7216HUHI-K2\",\"isPartOf\":{\"@id\":\"https:\\\/\\\/eheating.lt\\\/#website\"},\"primaryImageOfPage\":{\"@id\":\"https:\\\/\\\/eheating.lt\\\/en\\\/produktas\\\/hikvision-dvr-ds-7216huhi-k2\\\/#primaryimage\"},\"image\":{\"@id\":\"https:\\\/\\\/eheating.lt\\\/en\\\/produktas\\\/hikvision-dvr-ds-7216huhi-k2\\\/#primaryimage\"},\"thumbnailUrl\":\"https:\\\/\\\/eheating.lt\\\/wp-content\\\/uploads\\\/2023\\\/10\\\/Hikvision-DVR-DS-7216HUHI-K2.png\",\"datePublished\":\"2023-11-17T21:49:19+00:00\",\"dateModified\":\"2024-07-13T08:51:13+00:00\",\"description\":\"Hikvision DVR DS-7216HUHI-K2 vaizdo \u012fra\u0161ymo \u012frenginys ; 16 kanal\u0173 ; 2 HDD s\u0105sajos (iki 8TB talpos) ; Dvipusis garso ry\u0161ys ; HDMI\\\/VGA i\u0161vestis\",\"breadcrumb\":{\"@id\":\"https:\\\/\\\/eheating.lt\\\/en\\\/produktas\\\/hikvision-dvr-ds-7216huhi-k2\\\/#breadcrumb\"},\"inLanguage\":\"en-US\",\"potentialAction\":[{\"@type\":\"ReadAction\",\"target\":[\"https:\\\/\\\/eheating.lt\\\/en\\\/produktas\\\/hikvision-dvr-ds-7216huhi-k2\\\/\"]}]},{\"@type\":\"ImageObject\",\"inLanguage\":\"en-US\",\"@id\":\"https:\\\/\\\/eheating.lt\\\/en\\\/produktas\\\/hikvision-dvr-ds-7216huhi-k2\\\/#primaryimage\",\"url\":\"https:\\\/\\\/eheating.lt\\\/wp-content\\\/uploads\\\/2023\\\/10\\\/Hikvision-DVR-DS-7216HUHI-K2.png\",\"contentUrl\":\"https:\\\/\\\/eheating.lt\\\/wp-content\\\/uploads\\\/2023\\\/10\\\/Hikvision-DVR-DS-7216HUHI-K2.png\",\"width\":800,\"height\":800,\"caption\":\"Hikvision DVR DS-7216HUHI-K2\"},{\"@type\":\"BreadcrumbList\",\"@id\":\"https:\\\/\\\/eheating.lt\\\/en\\\/produktas\\\/hikvision-dvr-ds-7216huhi-k2\\\/#breadcrumb\",\"itemListElement\":[{\"@type\":\"ListItem\",\"position\":1,\"name\":\"Prad\u017eia\",\"item\":\"https:\\\/\\\/eheating.lt\\\/en\\\/\"},{\"@type\":\"ListItem\",\"position\":2,\"name\":\"Shop\",\"item\":\"https:\\\/\\\/eheating.lt\\\/en\\\/?page_id=5734\"},{\"@type\":\"ListItem\",\"position\":3,\"name\":\"Hikvision DVR DS-7216HUHI-K2\"}]},{\"@type\":\"WebSite\",\"@id\":\"https:\\\/\\\/eheating.lt\\\/#website\",\"url\":\"https:\\\/\\\/eheating.lt\\\/\",\"name\":\"eHeating\",\"description\":\"Elektronika ir \u0161ildymas\",\"potentialAction\":[{\"@type\":\"SearchAction\",\"target\":{\"@type\":\"EntryPoint\",\"urlTemplate\":\"https:\\\/\\\/eheating.lt\\\/?s={search_term_string}\"},\"query-input\":{\"@type\":\"PropertyValueSpecification\",\"valueRequired\":true,\"valueName\":\"search_term_string\"}}],\"inLanguage\":\"en-US\"}]}<\/script>\n<meta property=\"product:price:amount\" content=\"747.38\" \/>\n<meta property=\"product:price:currency\" content=\"EUR\" \/>\n<meta property=\"og:availability\" content=\"instock\" \/>\n<meta property=\"product:availability\" content=\"instock\" \/>\n<meta property=\"product:retailer_item_id\" content=\"affef367896a\" \/>\n<meta property=\"product:condition\" content=\"new\" \/>\n<!-- \/ Yoast SEO Premium plugin. -->","yoast_head_json":{"title":"Hikvision DVR DS-7216HUHI-K2","description":"Hikvision DVR DS-7216HUHI-K2 vaizdo \u012fra\u0161ymo \u012frenginys ; 16 kanal\u0173 ; 2 HDD s\u0105sajos (iki 8TB talpos) ; Dvipusis garso ry\u0161ys ; HDMI\/VGA i\u0161vestis","robots":{"index":"index","follow":"follow","max-snippet":"max-snippet:-1","max-image-preview":"max-image-preview:large","max-video-preview":"max-video-preview:-1"},"canonical":"https:\/\/eheating.lt\/en\/produktas\/hikvision-dvr-ds-7216huhi-k2\/","og_locale":"en_US","og_type":"article","og_title":"Hikvision DVR DS-7216HUHI-K2","og_description":"Hikvision DVR DS-7216HUHI-K2 vaizdo \u012fra\u0161ymo \u012frenginys ; 16 kanal\u0173 ; 2 HDD s\u0105sajos (iki 8TB talpos) ; Dvipusis garso ry\u0161ys ; HDMI\/VGA i\u0161vestis","og_url":"https:\/\/eheating.lt\/en\/produktas\/hikvision-dvr-ds-7216huhi-k2\/","og_site_name":"Elektronika Namams","article_publisher":"https:\/\/www.facebook.com\/ElektronikaNamams","article_modified_time":"2024-07-13T08:51:13+00:00","og_image":[{"width":800,"height":800,"url":"https:\/\/eheating.lt\/wp-content\/uploads\/2023\/10\/Hikvision-DVR-DS-7216HUHI-K2.png","type":"image\/png"}],"twitter_card":"summary_large_image","twitter_misc":{"Price":"747,38&nbsp;&euro;","Availability":"In stock"},"schema":{"@context":"https:\/\/schema.org","@graph":[{"@type":"WebPage","@id":"https:\/\/eheating.lt\/en\/produktas\/hikvision-dvr-ds-7216huhi-k2\/","url":"https:\/\/eheating.lt\/en\/produktas\/hikvision-dvr-ds-7216huhi-k2\/","name":"Hikvision DVR DS-7216HUHI-K2","isPartOf":{"@id":"https:\/\/eheating.lt\/#website"},"primaryImageOfPage":{"@id":"https:\/\/eheating.lt\/en\/produktas\/hikvision-dvr-ds-7216huhi-k2\/#primaryimage"},"image":{"@id":"https:\/\/eheating.lt\/en\/produktas\/hikvision-dvr-ds-7216huhi-k2\/#primaryimage"},"thumbnailUrl":"https:\/\/eheating.lt\/wp-content\/uploads\/2023\/10\/Hikvision-DVR-DS-7216HUHI-K2.png","datePublished":"2023-11-17T21:49:19+00:00","dateModified":"2024-07-13T08:51:13+00:00","description":"Hikvision DVR DS-7216HUHI-K2 vaizdo \u012fra\u0161ymo \u012frenginys ; 16 kanal\u0173 ; 2 HDD s\u0105sajos (iki 8TB talpos) ; Dvipusis garso ry\u0161ys ; HDMI\/VGA i\u0161vestis","breadcrumb":{"@id":"https:\/\/eheating.lt\/en\/produktas\/hikvision-dvr-ds-7216huhi-k2\/#breadcrumb"},"inLanguage":"en-US","potentialAction":[{"@type":"ReadAction","target":["https:\/\/eheating.lt\/en\/produktas\/hikvision-dvr-ds-7216huhi-k2\/"]}]},{"@type":"ImageObject","inLanguage":"en-US","@id":"https:\/\/eheating.lt\/en\/produktas\/hikvision-dvr-ds-7216huhi-k2\/#primaryimage","url":"https:\/\/eheating.lt\/wp-content\/uploads\/2023\/10\/Hikvision-DVR-DS-7216HUHI-K2.png","contentUrl":"https:\/\/eheating.lt\/wp-content\/uploads\/2023\/10\/Hikvision-DVR-DS-7216HUHI-K2.png","width":800,"height":800,"caption":"Hikvision DVR DS-7216HUHI-K2"},{"@type":"BreadcrumbList","@id":"https:\/\/eheating.lt\/en\/produktas\/hikvision-dvr-ds-7216huhi-k2\/#breadcrumb","itemListElement":[{"@type":"ListItem","position":1,"name":"Prad\u017eia","item":"https:\/\/eheating.lt\/en\/"},{"@type":"ListItem","position":2,"name":"Shop","item":"https:\/\/eheating.lt\/en\/?page_id=5734"},{"@type":"ListItem","position":3,"name":"Hikvision DVR DS-7216HUHI-K2"}]},{"@type":"WebSite","@id":"https:\/\/eheating.lt\/#website","url":"https:\/\/eheating.lt\/","name":"eHeating","description":"Elektronika ir \u0161ildymas","potentialAction":[{"@type":"SearchAction","target":{"@type":"EntryPoint","urlTemplate":"https:\/\/eheating.lt\/?s={search_term_string}"},"query-input":{"@type":"PropertyValueSpecification","valueRequired":true,"valueName":"search_term_string"}}],"inLanguage":"en-US"}]},"product_price_amount":"747.38","product_price_currency":"EUR","og_availability":"instock","product_availability":"instock","product_retailer_item_id":"affef367896a","product_condition":"new"},"_links":{"self":[{"href":"https:\/\/eheating.lt\/en\/wp-json\/wp\/v2\/product\/16268","targetHints":{"allow":["GET"]}}],"collection":[{"href":"https:\/\/eheating.lt\/en\/wp-json\/wp\/v2\/product"}],"about":[{"href":"https:\/\/eheating.lt\/en\/wp-json\/wp\/v2\/types\/product"}],"replies":[{"embeddable":true,"href":"https:\/\/eheating.lt\/en\/wp-json\/wp\/v2\/comments?post=16268"}],"version-history":[{"count":0,"href":"https:\/\/eheating.lt\/en\/wp-json\/wp\/v2\/product\/16268\/revisions"}],"wp:featuredmedia":[{"embeddable":true,"href":"https:\/\/eheating.lt\/en\/wp-json\/wp\/v2\/media\/29075"}],"wp:attachment":[{"href":"https:\/\/eheating.lt\/en\/wp-json\/wp\/v2\/media?parent=16268"}],"wp:term":[{"taxonomy":"product_brand","embeddable":true,"href":"https:\/\/eheating.lt\/en\/wp-json\/wp\/v2\/product_brand?post=16268"},{"taxonomy":"product_cat","embeddable":true,"href":"https:\/\/eheating.lt\/en\/wp-json\/wp\/v2\/product_cat?post=16268"},{"taxonomy":"product_tag","embeddable":true,"href":"https:\/\/eheating.lt\/en\/wp-json\/wp\/v2\/product_tag?post=16268"}],"curies":[{"name":"wp","href":"https:\/\/api.w.org\/{rel}","templated":true}]}}