{"id":16244,"date":"2023-11-17T23:48:12","date_gmt":"2023-11-17T21:48:12","guid":{"rendered":"https:\/\/eheating.lt\/?post_type=product&#038;p=16244"},"modified":"2024-07-13T11:51:34","modified_gmt":"2024-07-13T08:51:34","slug":"8-kanalu-dvr-hikvision-ids-7208huhi-m2-fa","status":"publish","type":"product","link":"https:\/\/eheating.lt\/en\/produktas\/8-kanalu-dvr-hikvision-ids-7208huhi-m2-fa\/","title":{"rendered":"8 kanal\u0173 DVR Hikvision iDS-7208HUHI-M2\/FA"},"content":{"rendered":"<table>\n<tbody>\n<tr>\n<td>Pavadinimas<\/td>\n<td>Apra\u0161ymas<\/td>\n<\/tr>\n<tr>\n<td>Veido aptikimas<\/td>\n<td>Face picture comparison, face picture search<\/td>\n<\/tr>\n<tr>\n<td>Veid\u0173 atvaizd\u0173 saugykla<\/td>\n<td>Up to 16 face picture libraries, with up to 500 face pictures in total (each picture \u2264 1 MB, total capacity \u2264 80 MB)<\/td>\n<\/tr>\n<tr>\n<td>Vaid\u0173 atvaizd\u0173 palyiginimas<\/td>\n<td>1-ch face picture comparison alarm (HD analog camera)<\/td>\n<\/tr>\n<tr>\n<td>Netikr\u0173 aliarm\u0173 aptikimas<\/td>\n<td>Up to 4-ch<\/td>\n<\/tr>\n<tr>\n<td>Vaizdo suspaudimas<\/td>\n<td>H.265 Pro+\/H.265 Pro\/H.265\/H.264+\/H.264<\/td>\n<\/tr>\n<tr>\n<td>Kodavimo rai\u0161ka<\/td>\n<td>Main stream: 8 MP@8 fps\/5 MP@12 fps\/ 4 MP@15 fps\/3 MP@18 fps 1080p\/720p\/WD1\/4CIF\/VGA\/CIF@25 fps (P)\/30 fps (N) Sub-stream: WD1\/4CIF\/CIF@25 fps (P)\/30 fps (N)<\/td>\n<\/tr>\n<tr>\n<td>Vaizdo bit\u0173 greitis<\/td>\n<td>32 Kbps to 10 Mbps<\/td>\n<\/tr>\n<tr>\n<td>Dvigubas srautas<\/td>\n<td>Support<\/td>\n<\/tr>\n<tr>\n<td>Srauto tipas<\/td>\n<td>Video, Video &amp; Audio<\/td>\n<\/tr>\n<tr>\n<td>Garso suspaudimas<\/td>\n<td>G.711u<\/td>\n<\/tr>\n<tr>\n<td>Garso bit\u0173 greitis<\/td>\n<td>64 Kbps<\/td>\n<\/tr>\n<tr>\n<td>IP vaizdo \u012fvestis<\/td>\n<td>4-ch (up to 12-ch) Up to 8 MP resolution IP enhanced mode on: 8-ch (up to 16-ch), each up to 4 Mbps Support H.265+\/H.265\/H.264+\/H.264 IP cameras<\/td>\n<\/tr>\n<tr>\n<td>Analogin\u0117 vaizdo \u012fvestis<\/td>\n<td>8-ch BNC interface (1.0 Vp-p, 75 \u03a9), supporting coaxitron connection<\/td>\n<\/tr>\n<tr>\n<td>HDTVI \u012fvestis<\/td>\n<td>8 MP, 5 MP, 4 MP, 3 MP, 1080p@30 fps, 1080p@25 fps, 720p@60 fps, 720p@50 fps, 720p@30 fps, 720p@25 fps<\/td>\n<\/tr>\n<tr>\n<td>AHD \u012fvestis<\/td>\n<td>5 MP, 4 MP, 1080p@25 fps, 1080p@30 fps, 720p@25 fps, 720p@30 fps<\/td>\n<\/tr>\n<tr>\n<td>HDCVI \u012fvestis<\/td>\n<td>4 MP, 1080p@25 fps, 1080p@30 fps, 720p@25 fps, 720p@30 fps<\/td>\n<\/tr>\n<tr>\n<td>CVBS \u012fvestis<\/td>\n<td>PAL\/NTSC<\/td>\n<\/tr>\n<tr>\n<td>CVBS i\u0161vestis<\/td>\n<td>1-ch, BNC (1.0 Vp-p, 75 \u03a9), resolution: PAL: 704 \u00d7 576, NTSC: 704 \u00d7 480<\/td>\n<\/tr>\n<tr>\n<td>VGA i\u0161vestis<\/td>\n<td>1-ch, 1920 \u00d7 1080\/60Hz, 1280 \u00d7 1024\/60Hz, 1280 \u00d7 720\/60Hz, 1024 \u00d7 768\/60Hz HDMI\/VGA simultaneous output<\/td>\n<\/tr>\n<tr>\n<td>HDMI i\u0161vestis<\/td>\n<td>1-ch, 4K (3840 \u00d7 2160)\/30Hz, 2K (2560 \u00d7 1440)\/60Hz, 1920 \u00d7 1080\/60Hz, 1280 \u00d7 1024\/60Hz, 1280 \u00d7 720\/60Hz, 1024 \u00d7 768\/60Hz HDMI\/VGA simultaneous output<\/td>\n<\/tr>\n<tr>\n<td>Garso \u012fvestis<\/td>\n<td>1-ch, RCA (2.0 Vp-p, 1 K\u03a9)\uff0c8-ch via coaxial cable<\/td>\n<\/tr>\n<tr>\n<td>Garso i\u0161vestis<\/td>\n<td>1-ch, RCA (Linear, 1 K\u03a9)<\/td>\n<\/tr>\n<tr>\n<td>Abipusis garso ry\u0161ys<\/td>\n<td>1-ch, RCA (2.0 Vp-p, 1 K\u03a9) (using the first audio input)<\/td>\n<\/tr>\n<tr>\n<td>SInchroninis atk\u016brimas<\/td>\n<td>8-ch<\/td>\n<\/tr>\n<tr>\n<td>Nuotolinis prisijungimas<\/td>\n<td>64<\/td>\n<\/tr>\n<tr>\n<td>Tinklo protokolas<\/td>\n<td>TCP\/IP, PPPoE, DHCP, Hik-Connect, DNS, DDNS, NTP, SADP, NFS, iSCSI, UPnP\u2122, HTTPS, ONVIF<\/td>\n<\/tr>\n<tr>\n<td>Tinklo s\u0105saja<\/td>\n<td>1, RJ45 10M\/100M\/1000M self-adaptive Ethernet interface<\/td>\n<\/tr>\n<tr>\n<td>SATA<\/td>\n<td>2 SATA interface<\/td>\n<\/tr>\n<tr>\n<td>Talpa<\/td>\n<td>up to 10 TB capacity for each disk<\/td>\n<\/tr>\n<tr>\n<td>Serijin\u0117 s\u0105saja<\/td>\n<td>RS-485 (half-duplex)<\/td>\n<\/tr>\n<tr>\n<td>USB s\u0105saja<\/td>\n<td>Front panel: 1 \u00d7 USB 2.0; Rear panel: 1 \u00d7 USB 3.0<\/td>\n<\/tr>\n<tr>\n<td>Aliarmo \u012fvestis\/i\u0161vestis<\/td>\n<td>N\/A<\/td>\n<\/tr>\n<tr>\n<td>Maitinimas<\/td>\n<td>12 VDC, 2.8 A<\/td>\n<\/tr>\n<tr>\n<td>Suvartojimas (be HDD)<\/td>\n<td>\u2264 15 W<\/td>\n<\/tr>\n<tr>\n<td>Darbin\u0117 temperat\u016bra<\/td>\n<td>-10 \u00b0C to 55 \u00b0C (14 \u00b0F to 131 \u00b0F)<\/td>\n<\/tr>\n<tr>\n<td>Darbo dr\u0117gm\u0117<\/td>\n<td>10% to 90%<\/td>\n<\/tr>\n<tr>\n<td>Matmenys (P x G X A)<\/td>\n<td>380 \u00d7 320 \u00d7 48 mm (15.0 \u00d7 12.6 \u00d7 1.9 inch)<\/td>\n<\/tr>\n<tr>\n<td>Svoris be HDD<\/td>\n<td>\u2264 1.78 kg (3.9 lb)<\/td>\n<\/tr>\n<\/tbody>\n<\/table>\n","protected":false},"excerpt":{"rendered":"<ul>\n<li>Giliuoju mokymusi paremta elgesio analiz\u0117 arba veido atvaizdo palyginimas<\/li>\n<li>H.265 Pro+\/H.265 Pro\/H.265\/H.264+\/H.264 vaizdo suspaudimas<\/li>\n<li>HDTVI\/AHD\/CVI\/CVBS\/IP vaizdo \u012fvestys<\/li>\n<li>Garsas per koakslialin\u012f kabel\u012f<\/li>\n<li>Iki 8\/16 kanal\u0173 IP kameroms prijungti (iki 8 MP)<\/li>\n<li>Maksimalus 800 m atstumas 1080p rai\u0161kai perduoti ir 1200 m atstumas 720p HDTVI signalui perduoti<\/li>\n<li>Iki 10 TB talpos kiekvienam HDD<\/li>\n<\/ul>\n","protected":false},"featured_media":29051,"comment_status":"closed","ping_status":"closed","template":"","meta":[],"product_brand":[],"product_cat":[323,318,320],"product_tag":[],"class_list":{"0":"post-16244","1":"product","2":"type-product","3":"status-publish","4":"has-post-thumbnail","6":"product_cat-8-kanalu-dvr","7":"product_cat-turbo-hd-apsauga","8":"product_cat-turbo-hd-vaizdo-irasymo-irenginiai","10":"first","11":"instock","12":"taxable","13":"shipping-taxable","14":"purchasable","15":"product-type-simple"},"yoast_head":"<!-- This site is optimized with the Yoast SEO Premium plugin v21.5 (Yoast SEO v27.4) - https:\/\/yoast.com\/product\/yoast-seo-premium-wordpress\/ -->\n<title>8 kanal\u0173 DVR Hikvision iDS-7208HUHI-M2\/FA<\/title>\n<meta name=\"description\" content=\"8 kanal\u0173 DVR Hikvision iDS-7208HUHI-M2\/FA vaizdo \u012fra\u0161ymo \u012frenginys ; Garsas per koakslialin\u012f kabel\u012f ; Iki 8\/16 kanal\u0173 IP kameroms prijungti\" \/>\n<meta name=\"robots\" content=\"index, follow, max-snippet:-1, max-image-preview:large, max-video-preview:-1\" \/>\n<link rel=\"canonical\" href=\"https:\/\/eheating.lt\/produktas\/8-kanalu-dvr-hikvision-ids-7208huhi-m2-fa\/\" \/>\n<meta property=\"og:locale\" content=\"en_US\" \/>\n<meta property=\"og:type\" content=\"article\" \/>\n<meta property=\"og:title\" content=\"8 kanal\u0173 DVR Hikvision iDS-7208HUHI-M2\/FA\" \/>\n<meta property=\"og:description\" content=\"8 kanal\u0173 DVR Hikvision iDS-7208HUHI-M2\/FA vaizdo \u012fra\u0161ymo \u012frenginys ; Garsas per koakslialin\u012f kabel\u012f ; Iki 8\/16 kanal\u0173 IP kameroms prijungti\" \/>\n<meta property=\"og:url\" content=\"https:\/\/eheating.lt\/produktas\/8-kanalu-dvr-hikvision-ids-7208huhi-m2-fa\/\" \/>\n<meta property=\"og:site_name\" content=\"Elektronika Namams\" \/>\n<meta property=\"article:publisher\" content=\"https:\/\/www.facebook.com\/ElektronikaNamams\" \/>\n<meta property=\"article:modified_time\" content=\"2024-07-13T08:51:34+00:00\" \/>\n<meta property=\"og:image\" content=\"https:\/\/eheating.lt\/wp-content\/uploads\/2023\/10\/8-kanalu-DVR-Hikvision-iDS-7208HUHI-M2FA.png\" \/>\n\t<meta property=\"og:image:width\" content=\"800\" \/>\n\t<meta property=\"og:image:height\" content=\"800\" \/>\n\t<meta property=\"og:image:type\" content=\"image\/png\" \/>\n<meta name=\"twitter:card\" content=\"summary_large_image\" \/>\n<meta name=\"twitter:label1\" content=\"Price\" \/>\n\t<meta name=\"twitter:data1\" content=\"422,87&nbsp;&euro;\" \/>\n\t<meta name=\"twitter:label2\" content=\"Availability\" \/>\n\t<meta name=\"twitter:data2\" content=\"In stock\" \/>\n<script type=\"application\/ld+json\" class=\"yoast-schema-graph\">{\"@context\":\"https:\\\/\\\/schema.org\",\"@graph\":[{\"@type\":\"WebPage\",\"@id\":\"https:\\\/\\\/eheating.lt\\\/produktas\\\/8-kanalu-dvr-hikvision-ids-7208huhi-m2-fa\\\/\",\"url\":\"https:\\\/\\\/eheating.lt\\\/produktas\\\/8-kanalu-dvr-hikvision-ids-7208huhi-m2-fa\\\/\",\"name\":\"8 kanal\u0173 DVR Hikvision iDS-7208HUHI-M2\\\/FA\",\"isPartOf\":{\"@id\":\"https:\\\/\\\/eheating.lt\\\/#website\"},\"primaryImageOfPage\":{\"@id\":\"https:\\\/\\\/eheating.lt\\\/produktas\\\/8-kanalu-dvr-hikvision-ids-7208huhi-m2-fa\\\/#primaryimage\"},\"image\":{\"@id\":\"https:\\\/\\\/eheating.lt\\\/produktas\\\/8-kanalu-dvr-hikvision-ids-7208huhi-m2-fa\\\/#primaryimage\"},\"thumbnailUrl\":\"https:\\\/\\\/eheating.lt\\\/wp-content\\\/uploads\\\/2023\\\/10\\\/8-kanalu-DVR-Hikvision-iDS-7208HUHI-M2FA.png\",\"datePublished\":\"2023-11-17T21:48:12+00:00\",\"dateModified\":\"2024-07-13T08:51:34+00:00\",\"description\":\"8 kanal\u0173 DVR Hikvision iDS-7208HUHI-M2\\\/FA vaizdo \u012fra\u0161ymo \u012frenginys ; Garsas per koakslialin\u012f kabel\u012f ; Iki 8\\\/16 kanal\u0173 IP kameroms prijungti\",\"breadcrumb\":{\"@id\":\"https:\\\/\\\/eheating.lt\\\/produktas\\\/8-kanalu-dvr-hikvision-ids-7208huhi-m2-fa\\\/#breadcrumb\"},\"inLanguage\":\"en-US\",\"potentialAction\":[{\"@type\":\"ReadAction\",\"target\":[\"https:\\\/\\\/eheating.lt\\\/produktas\\\/8-kanalu-dvr-hikvision-ids-7208huhi-m2-fa\\\/\"]}]},{\"@type\":\"ImageObject\",\"inLanguage\":\"en-US\",\"@id\":\"https:\\\/\\\/eheating.lt\\\/produktas\\\/8-kanalu-dvr-hikvision-ids-7208huhi-m2-fa\\\/#primaryimage\",\"url\":\"https:\\\/\\\/eheating.lt\\\/wp-content\\\/uploads\\\/2023\\\/10\\\/8-kanalu-DVR-Hikvision-iDS-7208HUHI-M2FA.png\",\"contentUrl\":\"https:\\\/\\\/eheating.lt\\\/wp-content\\\/uploads\\\/2023\\\/10\\\/8-kanalu-DVR-Hikvision-iDS-7208HUHI-M2FA.png\",\"width\":800,\"height\":800,\"caption\":\"8 kanal\u0173 DVR Hikvision iDS-7208HUHI-M2\\\/FA\"},{\"@type\":\"BreadcrumbList\",\"@id\":\"https:\\\/\\\/eheating.lt\\\/produktas\\\/8-kanalu-dvr-hikvision-ids-7208huhi-m2-fa\\\/#breadcrumb\",\"itemListElement\":[{\"@type\":\"ListItem\",\"position\":1,\"name\":\"Prad\u017eia\",\"item\":\"https:\\\/\\\/eheating.lt\\\/en\\\/\"},{\"@type\":\"ListItem\",\"position\":2,\"name\":\"Shop\",\"item\":\"https:\\\/\\\/eheating.lt\\\/en\\\/?page_id=5734\"},{\"@type\":\"ListItem\",\"position\":3,\"name\":\"8 kanal\u0173 DVR Hikvision iDS-7208HUHI-M2\\\/FA\"}]},{\"@type\":\"WebSite\",\"@id\":\"https:\\\/\\\/eheating.lt\\\/#website\",\"url\":\"https:\\\/\\\/eheating.lt\\\/\",\"name\":\"eHeating\",\"description\":\"Elektronika ir \u0161ildymas\",\"potentialAction\":[{\"@type\":\"SearchAction\",\"target\":{\"@type\":\"EntryPoint\",\"urlTemplate\":\"https:\\\/\\\/eheating.lt\\\/?s={search_term_string}\"},\"query-input\":{\"@type\":\"PropertyValueSpecification\",\"valueRequired\":true,\"valueName\":\"search_term_string\"}}],\"inLanguage\":\"en-US\"}]}<\/script>\n<meta property=\"product:price:amount\" content=\"422.87\" \/>\n<meta property=\"product:price:currency\" content=\"EUR\" \/>\n<meta property=\"og:availability\" content=\"instock\" \/>\n<meta property=\"product:availability\" content=\"instock\" \/>\n<meta property=\"product:retailer_item_id\" content=\"2803f3ff3802\" \/>\n<meta property=\"product:condition\" content=\"new\" \/>\n<!-- \/ Yoast SEO Premium plugin. -->","yoast_head_json":{"title":"8 kanal\u0173 DVR Hikvision iDS-7208HUHI-M2\/FA","description":"8 kanal\u0173 DVR Hikvision iDS-7208HUHI-M2\/FA vaizdo \u012fra\u0161ymo \u012frenginys ; Garsas per koakslialin\u012f kabel\u012f ; Iki 8\/16 kanal\u0173 IP kameroms prijungti","robots":{"index":"index","follow":"follow","max-snippet":"max-snippet:-1","max-image-preview":"max-image-preview:large","max-video-preview":"max-video-preview:-1"},"canonical":"https:\/\/eheating.lt\/produktas\/8-kanalu-dvr-hikvision-ids-7208huhi-m2-fa\/","og_locale":"en_US","og_type":"article","og_title":"8 kanal\u0173 DVR Hikvision iDS-7208HUHI-M2\/FA","og_description":"8 kanal\u0173 DVR Hikvision iDS-7208HUHI-M2\/FA vaizdo \u012fra\u0161ymo \u012frenginys ; Garsas per koakslialin\u012f kabel\u012f ; Iki 8\/16 kanal\u0173 IP kameroms prijungti","og_url":"https:\/\/eheating.lt\/produktas\/8-kanalu-dvr-hikvision-ids-7208huhi-m2-fa\/","og_site_name":"Elektronika Namams","article_publisher":"https:\/\/www.facebook.com\/ElektronikaNamams","article_modified_time":"2024-07-13T08:51:34+00:00","og_image":[{"width":800,"height":800,"url":"https:\/\/eheating.lt\/wp-content\/uploads\/2023\/10\/8-kanalu-DVR-Hikvision-iDS-7208HUHI-M2FA.png","type":"image\/png"}],"twitter_card":"summary_large_image","twitter_misc":{"Price":"422,87&nbsp;&euro;","Availability":"In stock"},"schema":{"@context":"https:\/\/schema.org","@graph":[{"@type":"WebPage","@id":"https:\/\/eheating.lt\/produktas\/8-kanalu-dvr-hikvision-ids-7208huhi-m2-fa\/","url":"https:\/\/eheating.lt\/produktas\/8-kanalu-dvr-hikvision-ids-7208huhi-m2-fa\/","name":"8 kanal\u0173 DVR Hikvision iDS-7208HUHI-M2\/FA","isPartOf":{"@id":"https:\/\/eheating.lt\/#website"},"primaryImageOfPage":{"@id":"https:\/\/eheating.lt\/produktas\/8-kanalu-dvr-hikvision-ids-7208huhi-m2-fa\/#primaryimage"},"image":{"@id":"https:\/\/eheating.lt\/produktas\/8-kanalu-dvr-hikvision-ids-7208huhi-m2-fa\/#primaryimage"},"thumbnailUrl":"https:\/\/eheating.lt\/wp-content\/uploads\/2023\/10\/8-kanalu-DVR-Hikvision-iDS-7208HUHI-M2FA.png","datePublished":"2023-11-17T21:48:12+00:00","dateModified":"2024-07-13T08:51:34+00:00","description":"8 kanal\u0173 DVR Hikvision iDS-7208HUHI-M2\/FA vaizdo \u012fra\u0161ymo \u012frenginys ; Garsas per koakslialin\u012f kabel\u012f ; Iki 8\/16 kanal\u0173 IP kameroms prijungti","breadcrumb":{"@id":"https:\/\/eheating.lt\/produktas\/8-kanalu-dvr-hikvision-ids-7208huhi-m2-fa\/#breadcrumb"},"inLanguage":"en-US","potentialAction":[{"@type":"ReadAction","target":["https:\/\/eheating.lt\/produktas\/8-kanalu-dvr-hikvision-ids-7208huhi-m2-fa\/"]}]},{"@type":"ImageObject","inLanguage":"en-US","@id":"https:\/\/eheating.lt\/produktas\/8-kanalu-dvr-hikvision-ids-7208huhi-m2-fa\/#primaryimage","url":"https:\/\/eheating.lt\/wp-content\/uploads\/2023\/10\/8-kanalu-DVR-Hikvision-iDS-7208HUHI-M2FA.png","contentUrl":"https:\/\/eheating.lt\/wp-content\/uploads\/2023\/10\/8-kanalu-DVR-Hikvision-iDS-7208HUHI-M2FA.png","width":800,"height":800,"caption":"8 kanal\u0173 DVR Hikvision iDS-7208HUHI-M2\/FA"},{"@type":"BreadcrumbList","@id":"https:\/\/eheating.lt\/produktas\/8-kanalu-dvr-hikvision-ids-7208huhi-m2-fa\/#breadcrumb","itemListElement":[{"@type":"ListItem","position":1,"name":"Prad\u017eia","item":"https:\/\/eheating.lt\/en\/"},{"@type":"ListItem","position":2,"name":"Shop","item":"https:\/\/eheating.lt\/en\/?page_id=5734"},{"@type":"ListItem","position":3,"name":"8 kanal\u0173 DVR Hikvision iDS-7208HUHI-M2\/FA"}]},{"@type":"WebSite","@id":"https:\/\/eheating.lt\/#website","url":"https:\/\/eheating.lt\/","name":"eHeating","description":"Elektronika ir \u0161ildymas","potentialAction":[{"@type":"SearchAction","target":{"@type":"EntryPoint","urlTemplate":"https:\/\/eheating.lt\/?s={search_term_string}"},"query-input":{"@type":"PropertyValueSpecification","valueRequired":true,"valueName":"search_term_string"}}],"inLanguage":"en-US"}]},"product_price_amount":"422.87","product_price_currency":"EUR","og_availability":"instock","product_availability":"instock","product_retailer_item_id":"2803f3ff3802","product_condition":"new"},"_links":{"self":[{"href":"https:\/\/eheating.lt\/en\/wp-json\/wp\/v2\/product\/16244","targetHints":{"allow":["GET"]}}],"collection":[{"href":"https:\/\/eheating.lt\/en\/wp-json\/wp\/v2\/product"}],"about":[{"href":"https:\/\/eheating.lt\/en\/wp-json\/wp\/v2\/types\/product"}],"replies":[{"embeddable":true,"href":"https:\/\/eheating.lt\/en\/wp-json\/wp\/v2\/comments?post=16244"}],"version-history":[{"count":0,"href":"https:\/\/eheating.lt\/en\/wp-json\/wp\/v2\/product\/16244\/revisions"}],"wp:featuredmedia":[{"embeddable":true,"href":"https:\/\/eheating.lt\/en\/wp-json\/wp\/v2\/media\/29051"}],"wp:attachment":[{"href":"https:\/\/eheating.lt\/en\/wp-json\/wp\/v2\/media?parent=16244"}],"wp:term":[{"taxonomy":"product_brand","embeddable":true,"href":"https:\/\/eheating.lt\/en\/wp-json\/wp\/v2\/product_brand?post=16244"},{"taxonomy":"product_cat","embeddable":true,"href":"https:\/\/eheating.lt\/en\/wp-json\/wp\/v2\/product_cat?post=16244"},{"taxonomy":"product_tag","embeddable":true,"href":"https:\/\/eheating.lt\/en\/wp-json\/wp\/v2\/product_tag?post=16244"}],"curies":[{"name":"wp","href":"https:\/\/api.w.org\/{rel}","templated":true}]}}