{"id":16236,"date":"2023-11-17T23:46:29","date_gmt":"2023-11-17T21:46:29","guid":{"rendered":"https:\/\/eheating.lt\/?post_type=product&#038;p=16236"},"modified":"2024-07-13T11:51:59","modified_gmt":"2024-07-13T08:51:59","slug":"4-kanalu-dvr-hilook-dvr-204g-f1","status":"publish","type":"product","link":"https:\/\/eheating.lt\/en\/produktas\/4-kanalu-dvr-hilook-dvr-204g-f1\/","title":{"rendered":"4 kanal\u0173 DVR Hilook DVR-204G-F1"},"content":{"rendered":"<table style=\"width: 850px;\" border=\"0\">\n<colgroup>\n<col \/>\n<col \/> <\/colgroup>\n<tbody>\n<tr>\n<td class=\"xl65\">Vaizdo glaudinimas<\/td>\n<td class=\"xl65\">H.265 Pro + \/ H.265 Pro \/ H.265 \/ H.264 + \/ H.264<\/td>\n<\/tr>\n<tr>\n<td>Kodavimo skiriamoji geba<\/td>\n<td class=\"xl66\">Kai 1080p supaprastintas re\u017eimas ne\u012fjungtas: 720p \/ WD1 \/ 4CIF \/ VGA \/ CIF<br \/>\nKai \u012fjungtas supaprastintas 1080p re\u017eimas: 1080p Lite \/ HD 720p Lite \/ WD1 \/ 4CIF \/ VGA \/ CIF<\/td>\n<\/tr>\n<tr>\n<td>Kadr\u0173 da\u017enis<\/td>\n<td class=\"xl66\">Pagrindinis srautas:<br \/>\nKai 1080p supaprastintas re\u017eimas ne\u012fjungtas:<br \/>\n720p srautui pasiekti: 720p \/ WD1 \/ 4CIF \/ VGA \/ CIF @ 25 fps (P) \/ 30 fps (N)<br \/>\nKai \u012fjungtas 1080p supaprastintas re\u017eimas: 1080p Lite \/ HD 720p \u201eLite\u201c \/ WD1 \/ 4CIF \/ VGA \/ CIF @ 25 fps (P) \/ 30 fps (N)<\/td>\n<\/tr>\n<tr>\n<td><\/td>\n<td class=\"xl66\">Antrinis srautas:<br \/>\n4 CIF \/ CIF \/ QVGA @ 25 kadr\u0173 per sekund\u0119 (P) \/ 30 kadr\u0173 per sekund\u0119 (N)<\/td>\n<\/tr>\n<tr>\n<td>Vaizdo \u012fra\u0161\u0173 sparta<\/td>\n<td>32\u20134 Mbps<\/td>\n<\/tr>\n<tr>\n<td>Srauto tipas<\/td>\n<td>Vaizdo \u012fra\u0161ai, vaizdo \u012fra\u0161ai ir garso \u012fra\u0161ai<\/td>\n<\/tr>\n<tr>\n<td>Garso glaudinimas<\/td>\n<td>G.711u<\/td>\n<\/tr>\n<tr>\n<td>Garso bit\u0173 sparta<\/td>\n<td>64 kbps<\/td>\n<\/tr>\n<tr>\n<td>IP vaizdo \u012fvestis<\/td>\n<td class=\"xl65\">1 kanalas (iki 5 kanal\u0173)<\/td>\n<\/tr>\n<tr>\n<td><\/td>\n<td>Iki 1080p skiriamoji geba<\/td>\n<\/tr>\n<tr>\n<td><\/td>\n<td class=\"xl65\">Palaiko H.265 + \/ H.265 \/ H.264 + \/ H.264 IP kameras<\/td>\n<\/tr>\n<tr>\n<td>Analoginio vaizdo \u012fvestis<\/td>\n<td>4-ch<\/td>\n<\/tr>\n<tr>\n<td><\/td>\n<td>BNC s\u0105saja (1,0 Vp-p, 75 \u03a9), palaikanti koaksitrono jungt\u012f<\/td>\n<\/tr>\n<tr>\n<td>\u201eTurbo HD\u201c \u012fvestis<\/td>\n<td class=\"xl68\"><span class=\"font5\">1080p25, 1080p30, 720p25, 720p30<\/span><\/td>\n<\/tr>\n<tr>\n<td>AHD \u012fvestis<\/td>\n<td class=\"xl68\"><span class=\"font5\">1080p25, 1080p30, 720p25, 720p30<\/span><\/td>\n<\/tr>\n<tr>\n<td>HDCVI \u012fvestis<\/td>\n<td class=\"xl68\"><span class=\"font5\">1080p25, 1080p30, 720p25, 720p30<\/span><\/td>\n<\/tr>\n<tr>\n<td class=\"xl65\">CVBS \u012fvestis<\/td>\n<td class=\"xl65\">Taip<\/td>\n<\/tr>\n<tr>\n<td>HDMI \/ VGA i\u0161vestis<\/td>\n<td class=\"xl66\">1 kanalas, 1920 \u00d7 1080 \/ 60Hz, 1280 \u00d7 1024 \/ 60Hz, 1280 \u00d7 720 \/ 60Hz, 1024 \u00d7 768 \/ 60Hz<br \/>\nHDMI \/ VGA vienu metu i\u0161vestis<\/td>\n<\/tr>\n<tr>\n<td>Garso \u012fvestis<\/td>\n<td class=\"xl65\">1 kanalas RCA (2,0 Vp-p, 1 K\u03a9)<\/td>\n<\/tr>\n<tr>\n<td><\/td>\n<td class=\"xl65\">4 kanalai koaksialiniu kabeliu<\/td>\n<\/tr>\n<tr>\n<td>Garso i\u0161vestis<\/td>\n<td>1 kanalas, RCA (tiesinis, 1 K\u03a9)<\/td>\n<\/tr>\n<tr>\n<td>Dvipusis garsas<\/td>\n<td>Pakartotinai naudokite pirm\u0105j\u0105 garso \u012fvest\u012f<\/td>\n<\/tr>\n<tr>\n<td>Sinchroninis atk\u016brimas<\/td>\n<td class=\"xl65\">4 kanalai<\/td>\n<\/tr>\n<tr>\n<td>Nuotolinis ry\u0161ys<\/td>\n<td>32<\/td>\n<\/tr>\n<tr>\n<td>Tinklo protokolas<\/td>\n<td class=\"xl67\"><span class=\"font5\">TCP\/IP, PPPoE, DHCP, HiLookVision, DNS, DDNS, NTP, SADP, SMTP, NFS, iSCSI,<br \/>\n<\/span><span class=\"font5\">UPnP\u2122, HTTPS<\/span><\/td>\n<\/tr>\n<tr>\n<td>Tinklo s\u0105saja<\/td>\n<td>1, RJ45 10\/100 Mbps savaranki\u0161kai pritaikoma Ethernet s\u0105saja<\/td>\n<\/tr>\n<tr>\n<td>SATA<\/td>\n<td>1 SATA s\u0105saja<\/td>\n<\/tr>\n<tr>\n<td>Talpa<\/td>\n<td>Iki 4 TB talpa kiekvienam diskui<\/td>\n<\/tr>\n<tr>\n<td class=\"xl65\">Aliarminis \u012f\u0117jimas \/ i\u0161\u0117jimas<\/td>\n<td class=\"xl65\">N\u0117ra<\/td>\n<\/tr>\n<tr>\n<td>USB s\u0105saja<\/td>\n<td>Galinis skydelis: 2 \u00d7 USB 2.0<\/td>\n<\/tr>\n<tr>\n<td>Maitinimo \u0161altinis<\/td>\n<td>12 VDC, 1,5 A<\/td>\n<\/tr>\n<tr>\n<td class=\"xl65\">Energijos suvartojimas (be HDD)<\/td>\n<td>\u2264 16 W<\/td>\n<\/tr>\n<tr>\n<td>Darbin\u0117 temperat\u016bra<\/td>\n<td class=\"xl65\">Nuo -10\u00b0C iki 55\u00b0C<\/td>\n<\/tr>\n<tr>\n<td>Darbin\u0117 dr\u0117gm\u0117<\/td>\n<td>Nuo 10% iki 90%<\/td>\n<\/tr>\n<tr>\n<td>Matmenys (plotis \u00d7 gylis \u00d7 auk\u0161tis)<\/td>\n<td class=\"xl65\">260 \u00d7 222 \u00d7 45 mm<\/td>\n<\/tr>\n<tr>\n<td>Svoris (be HDD)<\/td>\n<td class=\"xl65\">\u2264 1 kg<\/td>\n<\/tr>\n<\/tbody>\n<\/table>\n","protected":false},"excerpt":{"rendered":"<ul>\n<li>4 kanal\u0173, BNC s\u0105saja<\/li>\n<li>1 SATA s\u0105saja, iki 4 TB<\/li>\n<li>Iki 5 IP kamer\u0173<\/li>\n<li>IP kameros iki 1080p<\/li>\n<li>HDTVI \/ AHD \/ CVI \/ CVBS \/ IP vaizdo \u012fvestis<\/li>\n<li>Garso \u012fvestis<\/li>\n<\/ul>\n","protected":false},"featured_media":29033,"comment_status":"closed","ping_status":"closed","template":"","meta":[],"product_brand":[],"product_cat":[321,318,320],"product_tag":[],"class_list":{"0":"post-16236","1":"product","2":"type-product","3":"status-publish","4":"has-post-thumbnail","6":"product_cat-4-kanalu-dvr","7":"product_cat-turbo-hd-apsauga","8":"product_cat-turbo-hd-vaizdo-irasymo-irenginiai","10":"first","11":"outofstock","12":"purchasable","13":"product-type-simple"},"yoast_head":"<!-- This site is optimized with the Yoast SEO Premium plugin v21.5 (Yoast SEO v27.4) - https:\/\/yoast.com\/product\/yoast-seo-premium-wordpress\/ -->\n<title>4 kanal\u0173 DVR Hilook DVR-204G-F1<\/title>\n<meta name=\"description\" content=\"4 kanal\u0173 DVR Hilook DVR-204G-F1 vaizdo \u012fra\u0161ymo \u012frenginys ; 4 kanal\u0173 ; HDTVI\/HDCVI\/AHD\/CVBS signalo \u012fvestys ; Iki 5 IP kamer\u0173\" \/>\n<meta name=\"robots\" content=\"index, follow, max-snippet:-1, max-image-preview:large, max-video-preview:-1\" \/>\n<link rel=\"canonical\" href=\"https:\/\/eheating.lt\/en\/produktas\/4-kanalu-dvr-hilook-dvr-204g-f1\/\" \/>\n<meta property=\"og:locale\" content=\"en_US\" \/>\n<meta property=\"og:type\" content=\"article\" \/>\n<meta property=\"og:title\" content=\"4 kanal\u0173 DVR Hilook DVR-204G-F1\" \/>\n<meta property=\"og:description\" content=\"4 kanal\u0173 DVR Hilook DVR-204G-F1 vaizdo \u012fra\u0161ymo \u012frenginys ; 4 kanal\u0173 ; HDTVI\/HDCVI\/AHD\/CVBS signalo \u012fvestys ; Iki 5 IP kamer\u0173\" \/>\n<meta property=\"og:url\" content=\"https:\/\/eheating.lt\/en\/produktas\/4-kanalu-dvr-hilook-dvr-204g-f1\/\" \/>\n<meta property=\"og:site_name\" content=\"Elektronika Namams\" \/>\n<meta property=\"article:publisher\" content=\"https:\/\/www.facebook.com\/ElektronikaNamams\" \/>\n<meta property=\"article:modified_time\" content=\"2024-07-13T08:51:59+00:00\" \/>\n<meta property=\"og:image\" content=\"https:\/\/eheating.lt\/wp-content\/uploads\/2023\/10\/4-kanalu-DVR-Hilook-DVR-204G-F1.png\" \/>\n\t<meta property=\"og:image:width\" content=\"800\" \/>\n\t<meta property=\"og:image:height\" content=\"800\" \/>\n\t<meta property=\"og:image:type\" content=\"image\/png\" \/>\n<meta name=\"twitter:card\" content=\"summary_large_image\" \/>\n<meta name=\"twitter:label1\" content=\"Price\" \/>\n\t<meta name=\"twitter:data1\" content=\"59,59&nbsp;&euro;\" \/>\n\t<meta name=\"twitter:label2\" content=\"Availability\" \/>\n\t<meta name=\"twitter:data2\" content=\"Out of stock\" \/>\n<script type=\"application\/ld+json\" class=\"yoast-schema-graph\">{\"@context\":\"https:\\\/\\\/schema.org\",\"@graph\":[{\"@type\":\"WebPage\",\"@id\":\"https:\\\/\\\/eheating.lt\\\/en\\\/produktas\\\/4-kanalu-dvr-hilook-dvr-204g-f1\\\/\",\"url\":\"https:\\\/\\\/eheating.lt\\\/en\\\/produktas\\\/4-kanalu-dvr-hilook-dvr-204g-f1\\\/\",\"name\":\"4 kanal\u0173 DVR Hilook DVR-204G-F1\",\"isPartOf\":{\"@id\":\"https:\\\/\\\/eheating.lt\\\/#website\"},\"primaryImageOfPage\":{\"@id\":\"https:\\\/\\\/eheating.lt\\\/en\\\/produktas\\\/4-kanalu-dvr-hilook-dvr-204g-f1\\\/#primaryimage\"},\"image\":{\"@id\":\"https:\\\/\\\/eheating.lt\\\/en\\\/produktas\\\/4-kanalu-dvr-hilook-dvr-204g-f1\\\/#primaryimage\"},\"thumbnailUrl\":\"https:\\\/\\\/eheating.lt\\\/wp-content\\\/uploads\\\/2023\\\/10\\\/4-kanalu-DVR-Hilook-DVR-204G-F1.png\",\"datePublished\":\"2023-11-17T21:46:29+00:00\",\"dateModified\":\"2024-07-13T08:51:59+00:00\",\"description\":\"4 kanal\u0173 DVR Hilook DVR-204G-F1 vaizdo \u012fra\u0161ymo \u012frenginys ; 4 kanal\u0173 ; HDTVI\\\/HDCVI\\\/AHD\\\/CVBS signalo \u012fvestys ; Iki 5 IP kamer\u0173\",\"breadcrumb\":{\"@id\":\"https:\\\/\\\/eheating.lt\\\/en\\\/produktas\\\/4-kanalu-dvr-hilook-dvr-204g-f1\\\/#breadcrumb\"},\"inLanguage\":\"en-US\",\"potentialAction\":[{\"@type\":\"ReadAction\",\"target\":[\"https:\\\/\\\/eheating.lt\\\/en\\\/produktas\\\/4-kanalu-dvr-hilook-dvr-204g-f1\\\/\"]}]},{\"@type\":\"ImageObject\",\"inLanguage\":\"en-US\",\"@id\":\"https:\\\/\\\/eheating.lt\\\/en\\\/produktas\\\/4-kanalu-dvr-hilook-dvr-204g-f1\\\/#primaryimage\",\"url\":\"https:\\\/\\\/eheating.lt\\\/wp-content\\\/uploads\\\/2023\\\/10\\\/4-kanalu-DVR-Hilook-DVR-204G-F1.png\",\"contentUrl\":\"https:\\\/\\\/eheating.lt\\\/wp-content\\\/uploads\\\/2023\\\/10\\\/4-kanalu-DVR-Hilook-DVR-204G-F1.png\",\"width\":800,\"height\":800,\"caption\":\"4 kanal\u0173 DVR Hilook DVR-204G-F1\"},{\"@type\":\"BreadcrumbList\",\"@id\":\"https:\\\/\\\/eheating.lt\\\/en\\\/produktas\\\/4-kanalu-dvr-hilook-dvr-204g-f1\\\/#breadcrumb\",\"itemListElement\":[{\"@type\":\"ListItem\",\"position\":1,\"name\":\"Prad\u017eia\",\"item\":\"https:\\\/\\\/eheating.lt\\\/en\\\/\"},{\"@type\":\"ListItem\",\"position\":2,\"name\":\"Shop\",\"item\":\"https:\\\/\\\/eheating.lt\\\/en\\\/?page_id=5734\"},{\"@type\":\"ListItem\",\"position\":3,\"name\":\"4 kanal\u0173 DVR Hilook DVR-204G-F1\"}]},{\"@type\":\"WebSite\",\"@id\":\"https:\\\/\\\/eheating.lt\\\/#website\",\"url\":\"https:\\\/\\\/eheating.lt\\\/\",\"name\":\"eHeating\",\"description\":\"Elektronika ir \u0161ildymas\",\"potentialAction\":[{\"@type\":\"SearchAction\",\"target\":{\"@type\":\"EntryPoint\",\"urlTemplate\":\"https:\\\/\\\/eheating.lt\\\/?s={search_term_string}\"},\"query-input\":{\"@type\":\"PropertyValueSpecification\",\"valueRequired\":true,\"valueName\":\"search_term_string\"}}],\"inLanguage\":\"en-US\"}]}<\/script>\n<meta property=\"product:price:amount\" content=\"59.59\" \/>\n<meta property=\"product:price:currency\" content=\"EUR\" \/>\n<meta property=\"og:availability\" content=\"out of stock\" \/>\n<meta property=\"product:availability\" content=\"out of stock\" \/>\n<meta property=\"product:retailer_item_id\" content=\"17064867bc0f\" \/>\n<meta property=\"product:condition\" content=\"new\" \/>\n<!-- \/ Yoast SEO Premium plugin. -->","yoast_head_json":{"title":"4 kanal\u0173 DVR Hilook DVR-204G-F1","description":"4 kanal\u0173 DVR Hilook DVR-204G-F1 vaizdo \u012fra\u0161ymo \u012frenginys ; 4 kanal\u0173 ; HDTVI\/HDCVI\/AHD\/CVBS signalo \u012fvestys ; Iki 5 IP kamer\u0173","robots":{"index":"index","follow":"follow","max-snippet":"max-snippet:-1","max-image-preview":"max-image-preview:large","max-video-preview":"max-video-preview:-1"},"canonical":"https:\/\/eheating.lt\/en\/produktas\/4-kanalu-dvr-hilook-dvr-204g-f1\/","og_locale":"en_US","og_type":"article","og_title":"4 kanal\u0173 DVR Hilook DVR-204G-F1","og_description":"4 kanal\u0173 DVR Hilook DVR-204G-F1 vaizdo \u012fra\u0161ymo \u012frenginys ; 4 kanal\u0173 ; HDTVI\/HDCVI\/AHD\/CVBS signalo \u012fvestys ; Iki 5 IP kamer\u0173","og_url":"https:\/\/eheating.lt\/en\/produktas\/4-kanalu-dvr-hilook-dvr-204g-f1\/","og_site_name":"Elektronika Namams","article_publisher":"https:\/\/www.facebook.com\/ElektronikaNamams","article_modified_time":"2024-07-13T08:51:59+00:00","og_image":[{"width":800,"height":800,"url":"https:\/\/eheating.lt\/wp-content\/uploads\/2023\/10\/4-kanalu-DVR-Hilook-DVR-204G-F1.png","type":"image\/png"}],"twitter_card":"summary_large_image","twitter_misc":{"Price":"59,59&nbsp;&euro;","Availability":"Out of stock"},"schema":{"@context":"https:\/\/schema.org","@graph":[{"@type":"WebPage","@id":"https:\/\/eheating.lt\/en\/produktas\/4-kanalu-dvr-hilook-dvr-204g-f1\/","url":"https:\/\/eheating.lt\/en\/produktas\/4-kanalu-dvr-hilook-dvr-204g-f1\/","name":"4 kanal\u0173 DVR Hilook DVR-204G-F1","isPartOf":{"@id":"https:\/\/eheating.lt\/#website"},"primaryImageOfPage":{"@id":"https:\/\/eheating.lt\/en\/produktas\/4-kanalu-dvr-hilook-dvr-204g-f1\/#primaryimage"},"image":{"@id":"https:\/\/eheating.lt\/en\/produktas\/4-kanalu-dvr-hilook-dvr-204g-f1\/#primaryimage"},"thumbnailUrl":"https:\/\/eheating.lt\/wp-content\/uploads\/2023\/10\/4-kanalu-DVR-Hilook-DVR-204G-F1.png","datePublished":"2023-11-17T21:46:29+00:00","dateModified":"2024-07-13T08:51:59+00:00","description":"4 kanal\u0173 DVR Hilook DVR-204G-F1 vaizdo \u012fra\u0161ymo \u012frenginys ; 4 kanal\u0173 ; HDTVI\/HDCVI\/AHD\/CVBS signalo \u012fvestys ; Iki 5 IP kamer\u0173","breadcrumb":{"@id":"https:\/\/eheating.lt\/en\/produktas\/4-kanalu-dvr-hilook-dvr-204g-f1\/#breadcrumb"},"inLanguage":"en-US","potentialAction":[{"@type":"ReadAction","target":["https:\/\/eheating.lt\/en\/produktas\/4-kanalu-dvr-hilook-dvr-204g-f1\/"]}]},{"@type":"ImageObject","inLanguage":"en-US","@id":"https:\/\/eheating.lt\/en\/produktas\/4-kanalu-dvr-hilook-dvr-204g-f1\/#primaryimage","url":"https:\/\/eheating.lt\/wp-content\/uploads\/2023\/10\/4-kanalu-DVR-Hilook-DVR-204G-F1.png","contentUrl":"https:\/\/eheating.lt\/wp-content\/uploads\/2023\/10\/4-kanalu-DVR-Hilook-DVR-204G-F1.png","width":800,"height":800,"caption":"4 kanal\u0173 DVR Hilook DVR-204G-F1"},{"@type":"BreadcrumbList","@id":"https:\/\/eheating.lt\/en\/produktas\/4-kanalu-dvr-hilook-dvr-204g-f1\/#breadcrumb","itemListElement":[{"@type":"ListItem","position":1,"name":"Prad\u017eia","item":"https:\/\/eheating.lt\/en\/"},{"@type":"ListItem","position":2,"name":"Shop","item":"https:\/\/eheating.lt\/en\/?page_id=5734"},{"@type":"ListItem","position":3,"name":"4 kanal\u0173 DVR Hilook DVR-204G-F1"}]},{"@type":"WebSite","@id":"https:\/\/eheating.lt\/#website","url":"https:\/\/eheating.lt\/","name":"eHeating","description":"Elektronika ir \u0161ildymas","potentialAction":[{"@type":"SearchAction","target":{"@type":"EntryPoint","urlTemplate":"https:\/\/eheating.lt\/?s={search_term_string}"},"query-input":{"@type":"PropertyValueSpecification","valueRequired":true,"valueName":"search_term_string"}}],"inLanguage":"en-US"}]},"product_price_amount":"59.59","product_price_currency":"EUR","og_availability":"out of stock","product_availability":"out of stock","product_retailer_item_id":"17064867bc0f","product_condition":"new"},"_links":{"self":[{"href":"https:\/\/eheating.lt\/en\/wp-json\/wp\/v2\/product\/16236","targetHints":{"allow":["GET"]}}],"collection":[{"href":"https:\/\/eheating.lt\/en\/wp-json\/wp\/v2\/product"}],"about":[{"href":"https:\/\/eheating.lt\/en\/wp-json\/wp\/v2\/types\/product"}],"replies":[{"embeddable":true,"href":"https:\/\/eheating.lt\/en\/wp-json\/wp\/v2\/comments?post=16236"}],"version-history":[{"count":0,"href":"https:\/\/eheating.lt\/en\/wp-json\/wp\/v2\/product\/16236\/revisions"}],"wp:featuredmedia":[{"embeddable":true,"href":"https:\/\/eheating.lt\/en\/wp-json\/wp\/v2\/media\/29033"}],"wp:attachment":[{"href":"https:\/\/eheating.lt\/en\/wp-json\/wp\/v2\/media?parent=16236"}],"wp:term":[{"taxonomy":"product_brand","embeddable":true,"href":"https:\/\/eheating.lt\/en\/wp-json\/wp\/v2\/product_brand?post=16236"},{"taxonomy":"product_cat","embeddable":true,"href":"https:\/\/eheating.lt\/en\/wp-json\/wp\/v2\/product_cat?post=16236"},{"taxonomy":"product_tag","embeddable":true,"href":"https:\/\/eheating.lt\/en\/wp-json\/wp\/v2\/product_tag?post=16236"}],"curies":[{"name":"wp","href":"https:\/\/api.w.org\/{rel}","templated":true}]}}