{"id":16072,"date":"2023-12-30T19:12:13","date_gmt":"2023-12-30T17:12:13","guid":{"rendered":"https:\/\/eheating.lt\/?post_type=product&#038;p=16072"},"modified":"2024-10-18T16:36:37","modified_gmt":"2024-10-18T13:36:37","slug":"centrale-paradox-sp4000-2","status":"publish","type":"product","link":"https:\/\/eheating.lt\/en\/produktas\/centrale-paradox-sp4000-2\/","title":{"rendered":"Central\u0117 PARADOX SP4000"},"content":{"rendered":"<ul>\n<li>Palaiko StayD re\u017eim\u0105<\/li>\n<li>Palaiko PCS modulius<\/li>\n<li>Palaiko IP150 Interneto modul\u012f<\/li>\n<li>Programavimo meniu adaptuotas Instaliacijos, Meistro ir Pre\u017ei\u016bros kodams<\/li>\n<li>Automatin\u0117 vasaros laiko funkcija<\/li>\n<\/ul>\n<table>\n<tbody>\n<tr>\n<td>Zonos<\/td>\n<td>4 (8 zonos, naudojant ATZ)<\/td>\n<\/tr>\n<tr>\n<td>Zon\u0173 i\u0161pl\u0117timas iki<\/td>\n<td>32<\/td>\n<\/tr>\n<tr>\n<td>PGM i\u0161vestys<\/td>\n<td>1<\/td>\n<\/tr>\n<tr>\n<td>PGM i\u0161pl\u0117timas iki<\/td>\n<td>16<\/td>\n<\/tr>\n<tr>\n<td>Palaikomos klaviat\u016bros<\/td>\n<td>15<\/td>\n<\/tr>\n<tr>\n<td>Palaikomi belaid\u0117s \u012frangos imtuvai<\/td>\n<td>4<\/td>\n<\/tr>\n<tr>\n<td>Vartotojo kodai<\/td>\n<td>32<\/td>\n<\/tr>\n<tr>\n<td>Sritys<\/td>\n<td>2<\/td>\n<\/tr>\n<tr>\n<td>\u012evykiai atmintyje<\/td>\n<td>254<\/td>\n<\/tr>\n<tr>\n<td>Komplektacija<\/td>\n<td>Central\u0117s plok\u0161t\u0117<\/td>\n<\/tr>\n<\/tbody>\n<\/table>\n","protected":false},"excerpt":{"rendered":"<ul>\n<li>4 Zon\u0173 central\u0117 (i\u0161ple\u010diama iki 32)<\/li>\n<li>1 PGM i\u0161vestis<\/li>\n<\/ul>\n","protected":false},"featured_media":31094,"comment_status":"closed","ping_status":"closed","template":"","meta":[],"product_brand":[],"product_cat":[279,741,739,740],"product_tag":[974],"class_list":{"0":"post-16072","1":"product","2":"type-product","3":"status-publish","4":"has-post-thumbnail","6":"product_cat-apsaugos-sistemos","7":"product_cat-paradox-centrales","8":"product_cat-laidines-apsaugos-sistemos","9":"product_cat-paradox-laidines-apsaugos-sistemos","10":"product_tag-ean","12":"first","13":"instock","14":"purchasable","15":"product-type-simple"},"yoast_head":"<!-- This site is optimized with the Yoast SEO Premium plugin v21.5 (Yoast SEO v27.3) - https:\/\/yoast.com\/product\/yoast-seo-premium-wordpress\/ -->\n<title>Central\u0117 PARADOX SP4000<\/title>\n<meta name=\"description\" content=\"Paradox SP4000 central\u0117 ; 4 Zon\u0173 central\u0117 (i\u0161ple\u010diama iki 32) ; 1 PGM i\u0161vestis ; Palaiko IP150 Interneto modul\u012f ; Palaiko StayD re\u017eim\u0105\" \/>\n<meta name=\"robots\" content=\"index, follow, max-snippet:-1, max-image-preview:large, max-video-preview:-1\" \/>\n<link rel=\"canonical\" href=\"https:\/\/eheating.lt\/en\/produktas\/centrale-paradox-sp4000-2\/\" \/>\n<meta property=\"og:locale\" content=\"en_US\" \/>\n<meta property=\"og:type\" content=\"article\" \/>\n<meta property=\"og:title\" content=\"Central\u0117 PARADOX SP4000\" \/>\n<meta property=\"og:description\" content=\"Paradox SP4000 central\u0117 ; 4 Zon\u0173 central\u0117 (i\u0161ple\u010diama iki 32) ; 1 PGM i\u0161vestis ; Palaiko IP150 Interneto modul\u012f ; Palaiko StayD re\u017eim\u0105\" \/>\n<meta property=\"og:url\" content=\"https:\/\/eheating.lt\/en\/produktas\/centrale-paradox-sp4000-2\/\" \/>\n<meta property=\"og:site_name\" content=\"Elektronika Namams\" \/>\n<meta property=\"article:publisher\" content=\"https:\/\/www.facebook.com\/ElektronikaNamams\" \/>\n<meta property=\"article:modified_time\" content=\"2024-10-18T13:36:37+00:00\" \/>\n<meta property=\"og:image\" content=\"https:\/\/eheating.lt\/wp-content\/uploads\/2023\/10\/Centrale-PARADOX-SP4000-1.png\" \/>\n\t<meta property=\"og:image:width\" content=\"800\" \/>\n\t<meta property=\"og:image:height\" content=\"800\" \/>\n\t<meta property=\"og:image:type\" content=\"image\/png\" \/>\n<meta name=\"twitter:card\" content=\"summary_large_image\" \/>\n<meta name=\"twitter:label1\" content=\"Price\" \/>\n\t<meta name=\"twitter:data1\" content=\"46,48&nbsp;&euro;\" \/>\n\t<meta name=\"twitter:label2\" content=\"Availability\" \/>\n\t<meta name=\"twitter:data2\" content=\"In stock\" \/>\n<script type=\"application\/ld+json\" class=\"yoast-schema-graph\">{\"@context\":\"https:\\\/\\\/schema.org\",\"@graph\":[{\"@type\":\"WebPage\",\"@id\":\"https:\\\/\\\/eheating.lt\\\/en\\\/produktas\\\/centrale-paradox-sp4000-2\\\/\",\"url\":\"https:\\\/\\\/eheating.lt\\\/en\\\/produktas\\\/centrale-paradox-sp4000-2\\\/\",\"name\":\"Central\u0117 PARADOX SP4000\",\"isPartOf\":{\"@id\":\"https:\\\/\\\/eheating.lt\\\/#website\"},\"primaryImageOfPage\":{\"@id\":\"https:\\\/\\\/eheating.lt\\\/en\\\/produktas\\\/centrale-paradox-sp4000-2\\\/#primaryimage\"},\"image\":{\"@id\":\"https:\\\/\\\/eheating.lt\\\/en\\\/produktas\\\/centrale-paradox-sp4000-2\\\/#primaryimage\"},\"thumbnailUrl\":\"https:\\\/\\\/eheating.lt\\\/wp-content\\\/uploads\\\/2023\\\/10\\\/Centrale-PARADOX-SP4000-1.png\",\"datePublished\":\"2023-12-30T17:12:13+00:00\",\"dateModified\":\"2024-10-18T13:36:37+00:00\",\"description\":\"Paradox SP4000 central\u0117 ; 4 Zon\u0173 central\u0117 (i\u0161ple\u010diama iki 32) ; 1 PGM i\u0161vestis ; Palaiko IP150 Interneto modul\u012f ; Palaiko StayD re\u017eim\u0105\",\"breadcrumb\":{\"@id\":\"https:\\\/\\\/eheating.lt\\\/en\\\/produktas\\\/centrale-paradox-sp4000-2\\\/#breadcrumb\"},\"inLanguage\":\"en-US\",\"potentialAction\":[{\"@type\":\"ReadAction\",\"target\":[\"https:\\\/\\\/eheating.lt\\\/en\\\/produktas\\\/centrale-paradox-sp4000-2\\\/\"]}]},{\"@type\":\"ImageObject\",\"inLanguage\":\"en-US\",\"@id\":\"https:\\\/\\\/eheating.lt\\\/en\\\/produktas\\\/centrale-paradox-sp4000-2\\\/#primaryimage\",\"url\":\"https:\\\/\\\/eheating.lt\\\/wp-content\\\/uploads\\\/2023\\\/10\\\/Centrale-PARADOX-SP4000-1.png\",\"contentUrl\":\"https:\\\/\\\/eheating.lt\\\/wp-content\\\/uploads\\\/2023\\\/10\\\/Centrale-PARADOX-SP4000-1.png\",\"width\":800,\"height\":800,\"caption\":\"PARADOX SP4000\"},{\"@type\":\"BreadcrumbList\",\"@id\":\"https:\\\/\\\/eheating.lt\\\/en\\\/produktas\\\/centrale-paradox-sp4000-2\\\/#breadcrumb\",\"itemListElement\":[{\"@type\":\"ListItem\",\"position\":1,\"name\":\"Prad\u017eia\",\"item\":\"https:\\\/\\\/eheating.lt\\\/en\\\/\"},{\"@type\":\"ListItem\",\"position\":2,\"name\":\"Shop\",\"item\":\"https:\\\/\\\/eheating.lt\\\/en\\\/?page_id=5734\"},{\"@type\":\"ListItem\",\"position\":3,\"name\":\"Central\u0117 PARADOX SP4000\"}]},{\"@type\":\"WebSite\",\"@id\":\"https:\\\/\\\/eheating.lt\\\/#website\",\"url\":\"https:\\\/\\\/eheating.lt\\\/\",\"name\":\"eHeating\",\"description\":\"Elektronika ir \u0161ildymas\",\"potentialAction\":[{\"@type\":\"SearchAction\",\"target\":{\"@type\":\"EntryPoint\",\"urlTemplate\":\"https:\\\/\\\/eheating.lt\\\/?s={search_term_string}\"},\"query-input\":{\"@type\":\"PropertyValueSpecification\",\"valueRequired\":true,\"valueName\":\"search_term_string\"}}],\"inLanguage\":\"en-US\"}]}<\/script>\n<meta property=\"product:price:amount\" content=\"46.48\" \/>\n<meta property=\"product:price:currency\" content=\"EUR\" \/>\n<meta property=\"og:availability\" content=\"instock\" \/>\n<meta property=\"product:availability\" content=\"instock\" \/>\n<meta property=\"product:retailer_item_id\" content=\"e229590a92e0\" \/>\n<meta property=\"product:condition\" content=\"new\" \/>\n<!-- \/ Yoast SEO Premium plugin. -->","yoast_head_json":{"title":"Central\u0117 PARADOX SP4000","description":"Paradox SP4000 central\u0117 ; 4 Zon\u0173 central\u0117 (i\u0161ple\u010diama iki 32) ; 1 PGM i\u0161vestis ; Palaiko IP150 Interneto modul\u012f ; Palaiko StayD re\u017eim\u0105","robots":{"index":"index","follow":"follow","max-snippet":"max-snippet:-1","max-image-preview":"max-image-preview:large","max-video-preview":"max-video-preview:-1"},"canonical":"https:\/\/eheating.lt\/en\/produktas\/centrale-paradox-sp4000-2\/","og_locale":"en_US","og_type":"article","og_title":"Central\u0117 PARADOX SP4000","og_description":"Paradox SP4000 central\u0117 ; 4 Zon\u0173 central\u0117 (i\u0161ple\u010diama iki 32) ; 1 PGM i\u0161vestis ; Palaiko IP150 Interneto modul\u012f ; Palaiko StayD re\u017eim\u0105","og_url":"https:\/\/eheating.lt\/en\/produktas\/centrale-paradox-sp4000-2\/","og_site_name":"Elektronika Namams","article_publisher":"https:\/\/www.facebook.com\/ElektronikaNamams","article_modified_time":"2024-10-18T13:36:37+00:00","og_image":[{"width":800,"height":800,"url":"https:\/\/eheating.lt\/wp-content\/uploads\/2023\/10\/Centrale-PARADOX-SP4000-1.png","type":"image\/png"}],"twitter_card":"summary_large_image","twitter_misc":{"Price":"46,48&nbsp;&euro;","Availability":"In stock"},"schema":{"@context":"https:\/\/schema.org","@graph":[{"@type":"WebPage","@id":"https:\/\/eheating.lt\/en\/produktas\/centrale-paradox-sp4000-2\/","url":"https:\/\/eheating.lt\/en\/produktas\/centrale-paradox-sp4000-2\/","name":"Central\u0117 PARADOX SP4000","isPartOf":{"@id":"https:\/\/eheating.lt\/#website"},"primaryImageOfPage":{"@id":"https:\/\/eheating.lt\/en\/produktas\/centrale-paradox-sp4000-2\/#primaryimage"},"image":{"@id":"https:\/\/eheating.lt\/en\/produktas\/centrale-paradox-sp4000-2\/#primaryimage"},"thumbnailUrl":"https:\/\/eheating.lt\/wp-content\/uploads\/2023\/10\/Centrale-PARADOX-SP4000-1.png","datePublished":"2023-12-30T17:12:13+00:00","dateModified":"2024-10-18T13:36:37+00:00","description":"Paradox SP4000 central\u0117 ; 4 Zon\u0173 central\u0117 (i\u0161ple\u010diama iki 32) ; 1 PGM i\u0161vestis ; Palaiko IP150 Interneto modul\u012f ; Palaiko StayD re\u017eim\u0105","breadcrumb":{"@id":"https:\/\/eheating.lt\/en\/produktas\/centrale-paradox-sp4000-2\/#breadcrumb"},"inLanguage":"en-US","potentialAction":[{"@type":"ReadAction","target":["https:\/\/eheating.lt\/en\/produktas\/centrale-paradox-sp4000-2\/"]}]},{"@type":"ImageObject","inLanguage":"en-US","@id":"https:\/\/eheating.lt\/en\/produktas\/centrale-paradox-sp4000-2\/#primaryimage","url":"https:\/\/eheating.lt\/wp-content\/uploads\/2023\/10\/Centrale-PARADOX-SP4000-1.png","contentUrl":"https:\/\/eheating.lt\/wp-content\/uploads\/2023\/10\/Centrale-PARADOX-SP4000-1.png","width":800,"height":800,"caption":"PARADOX SP4000"},{"@type":"BreadcrumbList","@id":"https:\/\/eheating.lt\/en\/produktas\/centrale-paradox-sp4000-2\/#breadcrumb","itemListElement":[{"@type":"ListItem","position":1,"name":"Prad\u017eia","item":"https:\/\/eheating.lt\/en\/"},{"@type":"ListItem","position":2,"name":"Shop","item":"https:\/\/eheating.lt\/en\/?page_id=5734"},{"@type":"ListItem","position":3,"name":"Central\u0117 PARADOX SP4000"}]},{"@type":"WebSite","@id":"https:\/\/eheating.lt\/#website","url":"https:\/\/eheating.lt\/","name":"eHeating","description":"Elektronika ir \u0161ildymas","potentialAction":[{"@type":"SearchAction","target":{"@type":"EntryPoint","urlTemplate":"https:\/\/eheating.lt\/?s={search_term_string}"},"query-input":{"@type":"PropertyValueSpecification","valueRequired":true,"valueName":"search_term_string"}}],"inLanguage":"en-US"}]},"product_price_amount":"46.48","product_price_currency":"EUR","og_availability":"instock","product_availability":"instock","product_retailer_item_id":"e229590a92e0","product_condition":"new"},"_links":{"self":[{"href":"https:\/\/eheating.lt\/en\/wp-json\/wp\/v2\/product\/16072","targetHints":{"allow":["GET"]}}],"collection":[{"href":"https:\/\/eheating.lt\/en\/wp-json\/wp\/v2\/product"}],"about":[{"href":"https:\/\/eheating.lt\/en\/wp-json\/wp\/v2\/types\/product"}],"replies":[{"embeddable":true,"href":"https:\/\/eheating.lt\/en\/wp-json\/wp\/v2\/comments?post=16072"}],"version-history":[{"count":0,"href":"https:\/\/eheating.lt\/en\/wp-json\/wp\/v2\/product\/16072\/revisions"}],"wp:featuredmedia":[{"embeddable":true,"href":"https:\/\/eheating.lt\/en\/wp-json\/wp\/v2\/media\/31094"}],"wp:attachment":[{"href":"https:\/\/eheating.lt\/en\/wp-json\/wp\/v2\/media?parent=16072"}],"wp:term":[{"taxonomy":"product_brand","embeddable":true,"href":"https:\/\/eheating.lt\/en\/wp-json\/wp\/v2\/product_brand?post=16072"},{"taxonomy":"product_cat","embeddable":true,"href":"https:\/\/eheating.lt\/en\/wp-json\/wp\/v2\/product_cat?post=16072"},{"taxonomy":"product_tag","embeddable":true,"href":"https:\/\/eheating.lt\/en\/wp-json\/wp\/v2\/product_tag?post=16072"}],"curies":[{"name":"wp","href":"https:\/\/api.w.org\/{rel}","templated":true}]}}