{"id":16036,"date":"2023-10-09T22:19:45","date_gmt":"2023-10-09T19:19:45","guid":{"rendered":"https:\/\/eheating.lt\/?post_type=product&#038;p=16036"},"modified":"2024-08-19T17:25:58","modified_gmt":"2024-08-19T14:25:58","slug":"hikvision-ax-pro-apsaugos-sistemos-rinkinys-ds-pwa64-kit-we","status":"publish","type":"product","link":"https:\/\/eheating.lt\/en\/produktas\/hikvision-ax-pro-apsaugos-sistemos-rinkinys-ds-pwa64-kit-we\/","title":{"rendered":"Hikvision AX PRO apsaugos sistemos rinkinys"},"content":{"rendered":"<ul class=\"tech-specs-items-description\" data-target=\"Software features\">\n<li class=\"tech-specs-items-description-list\"><span class=\"tech-specs-items-description__title--heading\">Programin\u0117s \u012frangos funcijos<\/span><\/li>\n<li class=\"tech-specs-items-description-list\"><span class=\"tech-specs-items-description__title\">\u017dyma<\/span><span class=\"tech-specs-items-description__title-details\">32<\/span><\/li>\n<li class=\"tech-specs-items-description-list\"><span class=\"tech-specs-items-description__title\">Plotas<\/span><span class=\"tech-specs-items-description__title-details\">16<\/span><\/li>\n<li class=\"tech-specs-items-description-list\"><span class=\"tech-specs-items-description__title\">Zonos<\/span><span class=\"tech-specs-items-description__title-details\">64 (up to 48 PIRCAMs)<\/span><\/li>\n<li class=\"tech-specs-items-description-list\"><span class=\"tech-specs-items-description__title\">\u012ediegimo vedlys<\/span><span class=\"tech-specs-items-description__title-details\">1<\/span><\/li>\n<li class=\"tech-specs-items-description-list\"><span class=\"tech-specs-items-description__title\">Vartotojas<\/span><span class=\"tech-specs-items-description__title-details\">30<\/span><\/li>\n<li class=\"tech-specs-items-description-list\"><span class=\"tech-specs-items-description__title\">Admin<\/span><span class=\"tech-specs-items-description__title-details\">1<\/span><\/li>\n<li class=\"tech-specs-items-description-list\"><span class=\"tech-specs-items-description__title\">Balso raginimas<\/span><span class=\"tech-specs-items-description__title-details\">Supported<\/span><\/li>\n<li class=\"tech-specs-items-description-list\"><span class=\"tech-specs-items-description__title\">\u012emontuotas garsiakalbis<\/span><span class=\"tech-specs-items-description__title-details\">Supported<\/span><\/li>\n<li class=\"tech-specs-items-description-list\"><span class=\"tech-specs-items-description__title\">Atminties \u017eurnalo i\u0161saugojimas<\/span><span class=\"tech-specs-items-description__title-details\">5000<\/span><\/li>\n<li class=\"tech-specs-items-description-list\"><span class=\"tech-specs-items-description__title\">Programavimo \u012frankiai<\/span><span class=\"tech-specs-items-description__title-details\">Hik-Connect\/Hik-ProConnect\/Web Portal\/ IVMS4200\/ Convergence Cloud<\/span><\/li>\n<li class=\"tech-specs-items-description-list\"><span class=\"tech-specs-items-description__title\">Programin\u0117s \u012franogos atnaujinimas<\/span><span class=\"tech-specs-items-description__title-details\"> APP\/Web Portal<\/span><\/li>\n<li class=\"tech-specs-items-description-list\"><span class=\"tech-specs-items-description__title\">Automatiniai \u012fjungimo\/i\u0161jungimo laikma\u010diai<\/span><span class=\"tech-specs-items-description__title-details\"> Supported<\/span><\/li>\n<li class=\"tech-specs-items-description-list\"><span class=\"tech-specs-items-description__title\">Priverstinis apsaugos r\u0117\u017eimas su atviromis zonomis<\/span><span class=\"tech-specs-items-description__title-details\"> Supported<\/span><\/li>\n<li class=\"tech-specs-items-description-list\"><span class=\"tech-specs-items-description__title\">Diagnostika per mobiliaj\u0105 program\u0117l\u0119 ar interneto s\u0105saja<\/span><span class=\"tech-specs-items-description__title-details\"> Supported<\/span><\/li>\n<li class=\"tech-specs-items-description-list\"><span class=\"tech-specs-items-description__title\">ARC Protokolas<\/span><span class=\"tech-specs-items-description__title-details\"><span class=\"tech-specs-items-description__title-details\"><br \/>\n<\/span><\/span><\/p>\n<p class=\"mb-p\" style=\"margin-bottom: 0rem; height: auto;\">SIA DC09(SIA level 2, Contact ID), ISUP, ISAPI (SDK)<\/p>\n<p class=\"mb-p\" style=\"margin-bottom: 0rem; height: auto;\">Hik-IP Receiver &amp; Hik-IP Receiver Pro (Sur-Gard &amp; Ademco 685)<\/p>\n<p class=\"mb-p\" style=\"margin-bottom: 0.5em; height: auto;\">Supports video verification and remote control<\/p>\n<p>&nbsp;<\/li>\n<li class=\"tech-specs-items-description-list\"><span class=\"tech-specs-items-description__title\">Vartotojo APP darbui<\/span><span class=\"tech-specs-items-description__title-details\">Supported<\/span><\/li>\n<li class=\"tech-specs-items-description-list\"><span class=\"tech-specs-items-description__title\">Mobili program\u0117l\u0117 programavimui<\/span><span class=\"tech-specs-items-description__title-details\">Supported<\/span><\/li>\n<li class=\"tech-specs-items-description-list\"><span class=\"tech-specs-items-description__title\">Internetinis serveris prie\u017ei\u016brai (neprisijungus)<\/span><span class=\"tech-specs-items-description__title-details\">Supported<\/span><\/li>\n<\/ul>\n<ul class=\"tech-specs-items-description\" data-target=\"Hardware features\">\n<li class=\"tech-specs-items-description-list\"><span class=\"tech-specs-items-description__title--heading\">Aparatin\u0117s \u012frangos savyb\u0117s<\/span><\/li>\n<li class=\"tech-specs-items-description-list\"><span class=\"tech-specs-items-description__title\">RS232 i\u0161vestis<\/span><span class=\"tech-specs-items-description__title-details\">Supported<\/span><\/li>\n<li class=\"tech-specs-items-description-list\"><span class=\"tech-specs-items-description__title\">SIM lizdas<\/span><span class=\"tech-specs-items-description__title-details\"> Single<\/span><\/li>\n<\/ul>\n<ul class=\"tech-specs-items-description\" data-target=\"RF transmission\">\n<li class=\"tech-specs-items-description-list\"><span class=\"tech-specs-items-description__title--heading\">RF perdavimas<\/span><\/li>\n<li class=\"tech-specs-items-description-list\"><span class=\"tech-specs-items-description__title\">RF da\u017enis<\/span><span class=\"tech-specs-items-description__title-details\">868Mhz<\/span><\/li>\n<li class=\"tech-specs-items-description-list\"><span class=\"tech-specs-items-description__title\">Belaidis saugumas<\/span><span class=\"tech-specs-items-description__title-details\">Frequency Hoping 128 AES Encryption<\/span><\/li>\n<li class=\"tech-specs-items-description-list\"><span class=\"tech-specs-items-description__title\">GPRS<\/span><span class=\"tech-specs-items-description__title-details\">Supported<\/span><\/li>\n<\/ul>\n<ul class=\"tech-specs-items-description\" data-target=\"Electrical characteristics\">\n<li class=\"tech-specs-items-description-list\"><span class=\"tech-specs-items-description__title--heading\">Elektrin\u0117s charakteristikos<\/span><\/li>\n<li class=\"tech-specs-items-description-list\"><span class=\"tech-specs-items-description__title\">Maitinimas<\/span><span class=\"tech-specs-items-description__title-details\">Built in power supply<\/span><\/li>\n<li class=\"tech-specs-items-description-list\"><span class=\"tech-specs-items-description__title\">Baterijos tipas<\/span><span class=\"tech-specs-items-description__title-details\">Built in on board Battery Li<\/span><\/li>\n<li class=\"tech-specs-items-description-list\"><span class=\"tech-specs-items-description__title\">Baterijos veikimo laikas<\/span><span class=\"tech-specs-items-description__title-details\">Up to 16 hours<\/span><\/li>\n<\/ul>\n<ul class=\"tech-specs-items-description\" data-target=\"Wireless transmission\">\n<li class=\"tech-specs-items-description-list\"><span class=\"tech-specs-items-description__title--heading\">Belaidis perdavimas<\/span><\/li>\n<li class=\"tech-specs-items-description-list\"><span class=\"tech-specs-items-description__title\">Laidinis internetas<\/span><span class=\"tech-specs-items-description__title-details\">Supported<\/span><\/li>\n<li class=\"tech-specs-items-description-list\"><span class=\"tech-specs-items-description__title\">Wi-Fi Standard<\/span><span class=\"tech-specs-items-description__title-details\">Supported<\/span><\/li>\n<\/ul>\n<ul class=\"tech-specs-items-description\" data-target=\"Display\">\n<li class=\"tech-specs-items-description-list\"><span class=\"tech-specs-items-description__title--heading\">Ekranas<\/span><\/li>\n<li class=\"tech-specs-items-description-list\"><span class=\"tech-specs-items-description__title\">LEDs Status<\/span><span class=\"tech-specs-items-description__title-details\">Arm\/Disarm, Alarm, Tamper, Fault, Cloud, Power<\/span><\/li>\n<\/ul>\n<ul class=\"tech-specs-items-description\" data-target=\"General\">\n<li class=\"tech-specs-items-description-list\"><span class=\"tech-specs-items-description__title--heading\">Pagrindinis<\/span><\/li>\n<li class=\"tech-specs-items-description-list\"><span class=\"tech-specs-items-description__title\">Darbo s\u0105lygos (temperat\u016bra)<\/span><span class=\"tech-specs-items-description__title-details\"> -10 \u00b0C to +55 \u00b0C<\/span><\/li>\n<li class=\"tech-specs-items-description-list\"><span class=\"tech-specs-items-description__title\">Korpusas<\/span><span class=\"tech-specs-items-description__title-details\">Plastic<\/span><\/li>\n<li class=\"tech-specs-items-description-list\"><span class=\"tech-specs-items-description__title\">Dydis<\/span><span class=\"tech-specs-items-description__title-details\">170.0 mm (6.7&#8243;) x 170.0 (6.7&#8243;) mm x 38.6 mm (1.5&#8243;)<\/span><\/li>\n<li class=\"tech-specs-items-description-list\"><span class=\"tech-specs-items-description__title-details\">557.5 g(19.7 oz)<\/span><\/li>\n<li class=\"tech-specs-items-description-list\"><span class=\"tech-specs-items-description__title\">Spalva<\/span><span class=\"tech-specs-items-description__title-details\">White<\/span><\/li>\n<\/ul>\n<ul class=\"tech-specs-items-description\" data-target=\"Device management\">\n<li class=\"tech-specs-items-description-list\"><span class=\"tech-specs-items-description__title--heading\">\u012eranginio valdymas<\/span><\/li>\n<li class=\"tech-specs-items-description-list\"><span class=\"tech-specs-items-description__title\">Klaviat\u016bros pultelis<\/span><span class=\"tech-specs-items-description__title-details\">32<\/span><\/li>\n<li class=\"tech-specs-items-description-list\"><span class=\"tech-specs-items-description__title\">Belaidis garsiakalbis<\/span><span class=\"tech-specs-items-description__title-details\">4 (2 internal+2 External)<\/span><\/li>\n<li class=\"tech-specs-items-description-list\"><span class=\"tech-specs-items-description__title\">Klaviat\u016bra<\/span><span class=\"tech-specs-items-description__title-details\">8 (Including Tag reader)<\/span><\/li>\n<li class=\"tech-specs-items-description-list\"><span class=\"tech-specs-items-description__title\">Belaidis kartotuvas<\/span><span class=\"tech-specs-items-description__title-details\">2<\/span><\/li>\n<li class=\"tech-specs-items-description-list\"><span class=\"tech-specs-items-description__title\">Daugiafunkcis si\u0173stuvas<\/span><span class=\"tech-specs-items-description__title-details\">4<\/span><\/li>\n<li class=\"tech-specs-items-description-list\"><span class=\"tech-specs-items-description__title\">PIR kamera<\/span><span class=\"tech-specs-items-description__title-details\">Supported<\/span><\/li>\n<\/ul>\n","protected":false},"excerpt":{"rendered":"<ul>\n<li>DS-PWA64-L-WE x 1<\/li>\n<li>DS-PKF1-WE x 1<\/li>\n<li>DS-PDP15P-EG2-WE x 1<\/li>\n<li>DS-PDMC-EG2-WE x 1<\/li>\n<\/ul>\n","protected":false},"featured_media":30870,"comment_status":"closed","ping_status":"closed","template":"","meta":[],"product_brand":[],"product_cat":[279,733,731,732],"product_tag":[974],"class_list":{"0":"post-16036","1":"product","2":"type-product","3":"status-publish","4":"has-post-thumbnail","6":"product_cat-apsaugos-sistemos","7":"product_cat-ax-pro-centrales","8":"product_cat-belaides-apsaugos-sistemos","9":"product_cat-hikvision-ax-pro-belaides-apsaugos-sistemos","10":"product_tag-ean","12":"first","13":"outofstock","14":"purchasable","15":"product-type-simple"},"yoast_head":"<!-- This site is optimized with the Yoast SEO Premium plugin v21.5 (Yoast SEO v27.4) - https:\/\/yoast.com\/product\/yoast-seo-premium-wordpress\/ -->\n<title>Hikvision AX PRO apsaugos sistemos rinkinys DS-PWA64-KIT-WE<\/title>\n<meta name=\"description\" content=\"Hikvision DS-PWA64-KIT-WE AX PRO apsaugos sistemos rinkinys ; DS-PWA64-L-WE x 1 ; DS-PKF1-WE x 1 ; DS-PDP15P-EG2-WE x 1 ; DS-PDMC-EG2-WE x 1\" \/>\n<meta name=\"robots\" content=\"index, follow, max-snippet:-1, max-image-preview:large, max-video-preview:-1\" \/>\n<link rel=\"canonical\" href=\"https:\/\/eheating.lt\/en\/produktas\/hikvision-ax-pro-apsaugos-sistemos-rinkinys-ds-pwa64-kit-we\/\" \/>\n<meta property=\"og:locale\" content=\"en_US\" \/>\n<meta property=\"og:type\" content=\"article\" \/>\n<meta property=\"og:title\" content=\"Hikvision AX PRO apsaugos sistemos rinkinys DS-PWA64-KIT-WE\" \/>\n<meta property=\"og:description\" content=\"Hikvision DS-PWA64-KIT-WE AX PRO apsaugos sistemos rinkinys ; DS-PWA64-L-WE x 1 ; DS-PKF1-WE x 1 ; DS-PDP15P-EG2-WE x 1 ; DS-PDMC-EG2-WE x 1\" \/>\n<meta property=\"og:url\" content=\"https:\/\/eheating.lt\/en\/produktas\/hikvision-ax-pro-apsaugos-sistemos-rinkinys-ds-pwa64-kit-we\/\" \/>\n<meta property=\"og:site_name\" content=\"Elektronika Namams\" \/>\n<meta property=\"article:publisher\" content=\"https:\/\/www.facebook.com\/ElektronikaNamams\" \/>\n<meta property=\"article:modified_time\" content=\"2024-08-19T14:25:58+00:00\" \/>\n<meta property=\"og:image\" content=\"https:\/\/eheating.lt\/wp-content\/uploads\/2023\/12\/Hikvision-AX-PRO-apsaugos-sistemos-rinkinys-DS-PWA64-KIT-WE.png\" \/>\n\t<meta property=\"og:image:width\" content=\"800\" \/>\n\t<meta property=\"og:image:height\" content=\"800\" \/>\n\t<meta property=\"og:image:type\" content=\"image\/png\" \/>\n<meta name=\"twitter:card\" content=\"summary_large_image\" \/>\n<meta name=\"twitter:label1\" content=\"Price\" \/>\n\t<meta name=\"twitter:data1\" content=\"252,69&nbsp;&euro;\" \/>\n\t<meta name=\"twitter:label2\" content=\"Availability\" \/>\n\t<meta name=\"twitter:data2\" content=\"Out of stock\" \/>\n<script type=\"application\/ld+json\" class=\"yoast-schema-graph\">{\"@context\":\"https:\\\/\\\/schema.org\",\"@graph\":[{\"@type\":\"WebPage\",\"@id\":\"https:\\\/\\\/eheating.lt\\\/en\\\/produktas\\\/hikvision-ax-pro-apsaugos-sistemos-rinkinys-ds-pwa64-kit-we\\\/\",\"url\":\"https:\\\/\\\/eheating.lt\\\/en\\\/produktas\\\/hikvision-ax-pro-apsaugos-sistemos-rinkinys-ds-pwa64-kit-we\\\/\",\"name\":\"Hikvision AX PRO apsaugos sistemos rinkinys DS-PWA64-KIT-WE\",\"isPartOf\":{\"@id\":\"https:\\\/\\\/eheating.lt\\\/#website\"},\"primaryImageOfPage\":{\"@id\":\"https:\\\/\\\/eheating.lt\\\/en\\\/produktas\\\/hikvision-ax-pro-apsaugos-sistemos-rinkinys-ds-pwa64-kit-we\\\/#primaryimage\"},\"image\":{\"@id\":\"https:\\\/\\\/eheating.lt\\\/en\\\/produktas\\\/hikvision-ax-pro-apsaugos-sistemos-rinkinys-ds-pwa64-kit-we\\\/#primaryimage\"},\"thumbnailUrl\":\"https:\\\/\\\/eheating.lt\\\/wp-content\\\/uploads\\\/2023\\\/12\\\/Hikvision-AX-PRO-apsaugos-sistemos-rinkinys-DS-PWA64-KIT-WE.png\",\"datePublished\":\"2023-10-09T19:19:45+00:00\",\"dateModified\":\"2024-08-19T14:25:58+00:00\",\"description\":\"Hikvision DS-PWA64-KIT-WE AX PRO apsaugos sistemos rinkinys ; DS-PWA64-L-WE x 1 ; DS-PKF1-WE x 1 ; DS-PDP15P-EG2-WE x 1 ; DS-PDMC-EG2-WE x 1\",\"breadcrumb\":{\"@id\":\"https:\\\/\\\/eheating.lt\\\/en\\\/produktas\\\/hikvision-ax-pro-apsaugos-sistemos-rinkinys-ds-pwa64-kit-we\\\/#breadcrumb\"},\"inLanguage\":\"en-US\",\"potentialAction\":[{\"@type\":\"ReadAction\",\"target\":[\"https:\\\/\\\/eheating.lt\\\/en\\\/produktas\\\/hikvision-ax-pro-apsaugos-sistemos-rinkinys-ds-pwa64-kit-we\\\/\"]}]},{\"@type\":\"ImageObject\",\"inLanguage\":\"en-US\",\"@id\":\"https:\\\/\\\/eheating.lt\\\/en\\\/produktas\\\/hikvision-ax-pro-apsaugos-sistemos-rinkinys-ds-pwa64-kit-we\\\/#primaryimage\",\"url\":\"https:\\\/\\\/eheating.lt\\\/wp-content\\\/uploads\\\/2023\\\/12\\\/Hikvision-AX-PRO-apsaugos-sistemos-rinkinys-DS-PWA64-KIT-WE.png\",\"contentUrl\":\"https:\\\/\\\/eheating.lt\\\/wp-content\\\/uploads\\\/2023\\\/12\\\/Hikvision-AX-PRO-apsaugos-sistemos-rinkinys-DS-PWA64-KIT-WE.png\",\"width\":800,\"height\":800},{\"@type\":\"BreadcrumbList\",\"@id\":\"https:\\\/\\\/eheating.lt\\\/en\\\/produktas\\\/hikvision-ax-pro-apsaugos-sistemos-rinkinys-ds-pwa64-kit-we\\\/#breadcrumb\",\"itemListElement\":[{\"@type\":\"ListItem\",\"position\":1,\"name\":\"Prad\u017eia\",\"item\":\"https:\\\/\\\/eheating.lt\\\/en\\\/\"},{\"@type\":\"ListItem\",\"position\":2,\"name\":\"Shop\",\"item\":\"https:\\\/\\\/eheating.lt\\\/en\\\/?page_id=5734\"},{\"@type\":\"ListItem\",\"position\":3,\"name\":\"Hikvision AX PRO apsaugos sistemos rinkinys DS-PWA64-KIT-WE\"}]},{\"@type\":\"WebSite\",\"@id\":\"https:\\\/\\\/eheating.lt\\\/#website\",\"url\":\"https:\\\/\\\/eheating.lt\\\/\",\"name\":\"eHeating\",\"description\":\"Elektronika ir \u0161ildymas\",\"potentialAction\":[{\"@type\":\"SearchAction\",\"target\":{\"@type\":\"EntryPoint\",\"urlTemplate\":\"https:\\\/\\\/eheating.lt\\\/?s={search_term_string}\"},\"query-input\":{\"@type\":\"PropertyValueSpecification\",\"valueRequired\":true,\"valueName\":\"search_term_string\"}}],\"inLanguage\":\"en-US\"}]}<\/script>\n<meta property=\"product:price:amount\" content=\"252.69\" \/>\n<meta property=\"product:price:currency\" content=\"EUR\" \/>\n<meta property=\"og:availability\" content=\"out of stock\" \/>\n<meta property=\"product:availability\" content=\"out of stock\" \/>\n<meta property=\"product:retailer_item_id\" content=\"f3a3779a6b98\" \/>\n<meta property=\"product:condition\" content=\"new\" \/>\n<!-- \/ Yoast SEO Premium plugin. -->","yoast_head_json":{"title":"Hikvision AX PRO apsaugos sistemos rinkinys DS-PWA64-KIT-WE","description":"Hikvision DS-PWA64-KIT-WE AX PRO apsaugos sistemos rinkinys ; DS-PWA64-L-WE x 1 ; DS-PKF1-WE x 1 ; DS-PDP15P-EG2-WE x 1 ; DS-PDMC-EG2-WE x 1","robots":{"index":"index","follow":"follow","max-snippet":"max-snippet:-1","max-image-preview":"max-image-preview:large","max-video-preview":"max-video-preview:-1"},"canonical":"https:\/\/eheating.lt\/en\/produktas\/hikvision-ax-pro-apsaugos-sistemos-rinkinys-ds-pwa64-kit-we\/","og_locale":"en_US","og_type":"article","og_title":"Hikvision AX PRO apsaugos sistemos rinkinys DS-PWA64-KIT-WE","og_description":"Hikvision DS-PWA64-KIT-WE AX PRO apsaugos sistemos rinkinys ; DS-PWA64-L-WE x 1 ; DS-PKF1-WE x 1 ; DS-PDP15P-EG2-WE x 1 ; DS-PDMC-EG2-WE x 1","og_url":"https:\/\/eheating.lt\/en\/produktas\/hikvision-ax-pro-apsaugos-sistemos-rinkinys-ds-pwa64-kit-we\/","og_site_name":"Elektronika Namams","article_publisher":"https:\/\/www.facebook.com\/ElektronikaNamams","article_modified_time":"2024-08-19T14:25:58+00:00","og_image":[{"width":800,"height":800,"url":"https:\/\/eheating.lt\/wp-content\/uploads\/2023\/12\/Hikvision-AX-PRO-apsaugos-sistemos-rinkinys-DS-PWA64-KIT-WE.png","type":"image\/png"}],"twitter_card":"summary_large_image","twitter_misc":{"Price":"252,69&nbsp;&euro;","Availability":"Out of stock"},"schema":{"@context":"https:\/\/schema.org","@graph":[{"@type":"WebPage","@id":"https:\/\/eheating.lt\/en\/produktas\/hikvision-ax-pro-apsaugos-sistemos-rinkinys-ds-pwa64-kit-we\/","url":"https:\/\/eheating.lt\/en\/produktas\/hikvision-ax-pro-apsaugos-sistemos-rinkinys-ds-pwa64-kit-we\/","name":"Hikvision AX PRO apsaugos sistemos rinkinys DS-PWA64-KIT-WE","isPartOf":{"@id":"https:\/\/eheating.lt\/#website"},"primaryImageOfPage":{"@id":"https:\/\/eheating.lt\/en\/produktas\/hikvision-ax-pro-apsaugos-sistemos-rinkinys-ds-pwa64-kit-we\/#primaryimage"},"image":{"@id":"https:\/\/eheating.lt\/en\/produktas\/hikvision-ax-pro-apsaugos-sistemos-rinkinys-ds-pwa64-kit-we\/#primaryimage"},"thumbnailUrl":"https:\/\/eheating.lt\/wp-content\/uploads\/2023\/12\/Hikvision-AX-PRO-apsaugos-sistemos-rinkinys-DS-PWA64-KIT-WE.png","datePublished":"2023-10-09T19:19:45+00:00","dateModified":"2024-08-19T14:25:58+00:00","description":"Hikvision DS-PWA64-KIT-WE AX PRO apsaugos sistemos rinkinys ; DS-PWA64-L-WE x 1 ; DS-PKF1-WE x 1 ; DS-PDP15P-EG2-WE x 1 ; DS-PDMC-EG2-WE x 1","breadcrumb":{"@id":"https:\/\/eheating.lt\/en\/produktas\/hikvision-ax-pro-apsaugos-sistemos-rinkinys-ds-pwa64-kit-we\/#breadcrumb"},"inLanguage":"en-US","potentialAction":[{"@type":"ReadAction","target":["https:\/\/eheating.lt\/en\/produktas\/hikvision-ax-pro-apsaugos-sistemos-rinkinys-ds-pwa64-kit-we\/"]}]},{"@type":"ImageObject","inLanguage":"en-US","@id":"https:\/\/eheating.lt\/en\/produktas\/hikvision-ax-pro-apsaugos-sistemos-rinkinys-ds-pwa64-kit-we\/#primaryimage","url":"https:\/\/eheating.lt\/wp-content\/uploads\/2023\/12\/Hikvision-AX-PRO-apsaugos-sistemos-rinkinys-DS-PWA64-KIT-WE.png","contentUrl":"https:\/\/eheating.lt\/wp-content\/uploads\/2023\/12\/Hikvision-AX-PRO-apsaugos-sistemos-rinkinys-DS-PWA64-KIT-WE.png","width":800,"height":800},{"@type":"BreadcrumbList","@id":"https:\/\/eheating.lt\/en\/produktas\/hikvision-ax-pro-apsaugos-sistemos-rinkinys-ds-pwa64-kit-we\/#breadcrumb","itemListElement":[{"@type":"ListItem","position":1,"name":"Prad\u017eia","item":"https:\/\/eheating.lt\/en\/"},{"@type":"ListItem","position":2,"name":"Shop","item":"https:\/\/eheating.lt\/en\/?page_id=5734"},{"@type":"ListItem","position":3,"name":"Hikvision AX PRO apsaugos sistemos rinkinys DS-PWA64-KIT-WE"}]},{"@type":"WebSite","@id":"https:\/\/eheating.lt\/#website","url":"https:\/\/eheating.lt\/","name":"eHeating","description":"Elektronika ir \u0161ildymas","potentialAction":[{"@type":"SearchAction","target":{"@type":"EntryPoint","urlTemplate":"https:\/\/eheating.lt\/?s={search_term_string}"},"query-input":{"@type":"PropertyValueSpecification","valueRequired":true,"valueName":"search_term_string"}}],"inLanguage":"en-US"}]},"product_price_amount":"252.69","product_price_currency":"EUR","og_availability":"out of stock","product_availability":"out of stock","product_retailer_item_id":"f3a3779a6b98","product_condition":"new"},"_links":{"self":[{"href":"https:\/\/eheating.lt\/en\/wp-json\/wp\/v2\/product\/16036","targetHints":{"allow":["GET"]}}],"collection":[{"href":"https:\/\/eheating.lt\/en\/wp-json\/wp\/v2\/product"}],"about":[{"href":"https:\/\/eheating.lt\/en\/wp-json\/wp\/v2\/types\/product"}],"replies":[{"embeddable":true,"href":"https:\/\/eheating.lt\/en\/wp-json\/wp\/v2\/comments?post=16036"}],"version-history":[{"count":0,"href":"https:\/\/eheating.lt\/en\/wp-json\/wp\/v2\/product\/16036\/revisions"}],"wp:featuredmedia":[{"embeddable":true,"href":"https:\/\/eheating.lt\/en\/wp-json\/wp\/v2\/media\/30870"}],"wp:attachment":[{"href":"https:\/\/eheating.lt\/en\/wp-json\/wp\/v2\/media?parent=16036"}],"wp:term":[{"taxonomy":"product_brand","embeddable":true,"href":"https:\/\/eheating.lt\/en\/wp-json\/wp\/v2\/product_brand?post=16036"},{"taxonomy":"product_cat","embeddable":true,"href":"https:\/\/eheating.lt\/en\/wp-json\/wp\/v2\/product_cat?post=16036"},{"taxonomy":"product_tag","embeddable":true,"href":"https:\/\/eheating.lt\/en\/wp-json\/wp\/v2\/product_tag?post=16036"}],"curies":[{"name":"wp","href":"https:\/\/api.w.org\/{rel}","templated":true}]}}