{"id":16028,"date":"2023-12-30T19:12:51","date_gmt":"2023-12-30T17:12:51","guid":{"rendered":"https:\/\/eheating.lt\/?post_type=product&#038;p=16028"},"modified":"2024-10-18T18:47:31","modified_gmt":"2024-10-18T15:47:31","slug":"paradox-wifi-jutiklis-nv780mx","status":"publish","type":"product","link":"https:\/\/eheating.lt\/en\/produktas\/paradox-wifi-jutiklis-nv780mx\/","title":{"rendered":"Paradox WIFI jutiklis NV780MX"},"content":{"rendered":"<p>&nbsp;<\/p>\n<p>NV780MX apsaugo perimetr\u0105 nuo judesio, skirtas apsaugoti vidaus arba i\u0161or\u0117s sienas, duris, langus. NV780M talpina du dvigubus pasyvius infrared jutiklius, saugan\u010dius de\u0161in\u0119 ir kair\u0119 puses nuo jutiklio, nepriklausomai vienas nuo kito jutikliai turi anti maskavimo apsaug\u0105. Optika sukurta taip, kad daug smulki\u0173 spinduli\u0173 apsaugo iki 12 m atstum\u0105 \u012f kiekvien\u0105 pus\u0117. Atstumas reguliuojamas kei\u010diant spinduli\u0173 kritimo kamp\u0105.\u00a0Jutikliai yra suprojektuoti taip, kad gal\u0117t\u0173 si\u0173sti signalus kaip vienas jutikliai ir kaip abu atskirai (kair\u0117 ir de\u0161in\u0117 pus\u0117).<\/p>\n","protected":false},"excerpt":{"rendered":"<ul>\n<li>Dvipusis antimaskavimo aptikimas<\/li>\n<li>Nereaguoja \u012f gyv\u016bnus, iki 40 kg svorio<\/li>\n<li>Naudojami 4 dvigubi jutikliai<\/li>\n<li>Ilgas \u017eidinio ta\u0161ko nuotolis (1.77 colio) LoDiff objektyvas<\/li>\n<li>Kombinuota optika &#8211; veidrodis ir Fresnel objektyvas<\/li>\n<li>Palaiko du pasirenkamus bevielius da\u017enius<\/li>\n<li>Viengubas arba dvigubas veikimas<\/li>\n<li>Optinio ir skaitmeninio nuotolio valdymas<\/li>\n<li>Dvigubas LED ir sirenos indikatorius<\/li>\n<li>Montuojamas ant sienos, lygio nustatymo matuoklis<\/li>\n<\/ul>\n","protected":false},"featured_media":31106,"comment_status":"closed","ping_status":"closed","template":"","meta":[],"product_brand":[],"product_cat":[279,744,739,740],"product_tag":[974],"class_list":{"0":"post-16028","1":"product","2":"type-product","3":"status-publish","4":"has-post-thumbnail","6":"product_cat-apsaugos-sistemos","7":"product_cat-paradox-davikliai","8":"product_cat-laidines-apsaugos-sistemos","9":"product_cat-paradox-laidines-apsaugos-sistemos","10":"product_tag-ean","12":"first","13":"onbackorder","14":"purchasable","15":"product-type-simple"},"yoast_head":"<!-- This site is optimized with the Yoast SEO Premium plugin v21.5 (Yoast SEO v27.3) - https:\/\/yoast.com\/product\/yoast-seo-premium-wordpress\/ -->\n<title>Paradox WIFI jutiklis NV780MX<\/title>\n<meta name=\"description\" content=\"Paradox NV780MX Wi-Fi jutiklis ; Nereaguoja \u012f gyv\u016bnus, iki 40 kg svorio ; Naudojami 4 dvigubi jutikliai ; Dvigubas LED ir sirenos indikatorius\" \/>\n<meta name=\"robots\" content=\"index, follow, max-snippet:-1, max-image-preview:large, max-video-preview:-1\" \/>\n<link rel=\"canonical\" href=\"https:\/\/eheating.lt\/en\/produktas\/paradox-wifi-jutiklis-nv780mx\/\" \/>\n<meta property=\"og:locale\" content=\"en_US\" \/>\n<meta property=\"og:type\" content=\"article\" \/>\n<meta property=\"og:title\" content=\"Paradox WIFI jutiklis NV780MX\" \/>\n<meta property=\"og:description\" content=\"Paradox NV780MX Wi-Fi jutiklis ; Nereaguoja \u012f gyv\u016bnus, iki 40 kg svorio ; Naudojami 4 dvigubi jutikliai ; Dvigubas LED ir sirenos indikatorius\" \/>\n<meta property=\"og:url\" content=\"https:\/\/eheating.lt\/en\/produktas\/paradox-wifi-jutiklis-nv780mx\/\" \/>\n<meta property=\"og:site_name\" content=\"Elektronika Namams\" \/>\n<meta property=\"article:publisher\" content=\"https:\/\/www.facebook.com\/ElektronikaNamams\" \/>\n<meta property=\"article:modified_time\" content=\"2024-10-18T15:47:31+00:00\" \/>\n<meta property=\"og:image\" content=\"https:\/\/eheating.lt\/wp-content\/uploads\/2023\/10\/Paradox-WIFI-jutiklis-NV780MX.png\" \/>\n\t<meta property=\"og:image:width\" content=\"800\" \/>\n\t<meta property=\"og:image:height\" content=\"800\" \/>\n\t<meta property=\"og:image:type\" content=\"image\/png\" \/>\n<meta name=\"twitter:card\" content=\"summary_large_image\" \/>\n<meta name=\"twitter:label1\" content=\"Price\" \/>\n\t<meta name=\"twitter:data1\" content=\"140,03&nbsp;&euro;\" \/>\n\t<meta name=\"twitter:label2\" content=\"Availability\" \/>\n\t<meta name=\"twitter:data2\" content=\"On backorder\" \/>\n<script type=\"application\/ld+json\" class=\"yoast-schema-graph\">{\"@context\":\"https:\\\/\\\/schema.org\",\"@graph\":[{\"@type\":\"WebPage\",\"@id\":\"https:\\\/\\\/eheating.lt\\\/en\\\/produktas\\\/paradox-wifi-jutiklis-nv780mx\\\/\",\"url\":\"https:\\\/\\\/eheating.lt\\\/en\\\/produktas\\\/paradox-wifi-jutiklis-nv780mx\\\/\",\"name\":\"Paradox WIFI jutiklis NV780MX\",\"isPartOf\":{\"@id\":\"https:\\\/\\\/eheating.lt\\\/#website\"},\"primaryImageOfPage\":{\"@id\":\"https:\\\/\\\/eheating.lt\\\/en\\\/produktas\\\/paradox-wifi-jutiklis-nv780mx\\\/#primaryimage\"},\"image\":{\"@id\":\"https:\\\/\\\/eheating.lt\\\/en\\\/produktas\\\/paradox-wifi-jutiklis-nv780mx\\\/#primaryimage\"},\"thumbnailUrl\":\"https:\\\/\\\/eheating.lt\\\/wp-content\\\/uploads\\\/2023\\\/10\\\/Paradox-WIFI-jutiklis-NV780MX.png\",\"datePublished\":\"2023-12-30T17:12:51+00:00\",\"dateModified\":\"2024-10-18T15:47:31+00:00\",\"description\":\"Paradox NV780MX Wi-Fi jutiklis ; Nereaguoja \u012f gyv\u016bnus, iki 40 kg svorio ; Naudojami 4 dvigubi jutikliai ; Dvigubas LED ir sirenos indikatorius\",\"breadcrumb\":{\"@id\":\"https:\\\/\\\/eheating.lt\\\/en\\\/produktas\\\/paradox-wifi-jutiklis-nv780mx\\\/#breadcrumb\"},\"inLanguage\":\"en-US\",\"potentialAction\":[{\"@type\":\"ReadAction\",\"target\":[\"https:\\\/\\\/eheating.lt\\\/en\\\/produktas\\\/paradox-wifi-jutiklis-nv780mx\\\/\"]}]},{\"@type\":\"ImageObject\",\"inLanguage\":\"en-US\",\"@id\":\"https:\\\/\\\/eheating.lt\\\/en\\\/produktas\\\/paradox-wifi-jutiklis-nv780mx\\\/#primaryimage\",\"url\":\"https:\\\/\\\/eheating.lt\\\/wp-content\\\/uploads\\\/2023\\\/10\\\/Paradox-WIFI-jutiklis-NV780MX.png\",\"contentUrl\":\"https:\\\/\\\/eheating.lt\\\/wp-content\\\/uploads\\\/2023\\\/10\\\/Paradox-WIFI-jutiklis-NV780MX.png\",\"width\":800,\"height\":800,\"caption\":\"Paradox NV780MX\"},{\"@type\":\"BreadcrumbList\",\"@id\":\"https:\\\/\\\/eheating.lt\\\/en\\\/produktas\\\/paradox-wifi-jutiklis-nv780mx\\\/#breadcrumb\",\"itemListElement\":[{\"@type\":\"ListItem\",\"position\":1,\"name\":\"Prad\u017eia\",\"item\":\"https:\\\/\\\/eheating.lt\\\/en\\\/\"},{\"@type\":\"ListItem\",\"position\":2,\"name\":\"Shop\",\"item\":\"https:\\\/\\\/eheating.lt\\\/en\\\/?page_id=5734\"},{\"@type\":\"ListItem\",\"position\":3,\"name\":\"Paradox WIFI jutiklis NV780MX\"}]},{\"@type\":\"WebSite\",\"@id\":\"https:\\\/\\\/eheating.lt\\\/#website\",\"url\":\"https:\\\/\\\/eheating.lt\\\/\",\"name\":\"eHeating\",\"description\":\"Elektronika ir \u0161ildymas\",\"potentialAction\":[{\"@type\":\"SearchAction\",\"target\":{\"@type\":\"EntryPoint\",\"urlTemplate\":\"https:\\\/\\\/eheating.lt\\\/?s={search_term_string}\"},\"query-input\":{\"@type\":\"PropertyValueSpecification\",\"valueRequired\":true,\"valueName\":\"search_term_string\"}}],\"inLanguage\":\"en-US\"}]}<\/script>\n<meta property=\"product:price:amount\" content=\"140.03\" \/>\n<meta property=\"product:price:currency\" content=\"EUR\" \/>\n<meta property=\"og:availability\" content=\"backorder\" \/>\n<meta property=\"product:availability\" content=\"available for order\" \/>\n<meta property=\"product:retailer_item_id\" content=\"735e1819685f\" \/>\n<meta property=\"product:condition\" content=\"new\" \/>\n<!-- \/ Yoast SEO Premium plugin. -->","yoast_head_json":{"title":"Paradox WIFI jutiklis NV780MX","description":"Paradox NV780MX Wi-Fi jutiklis ; Nereaguoja \u012f gyv\u016bnus, iki 40 kg svorio ; Naudojami 4 dvigubi jutikliai ; Dvigubas LED ir sirenos indikatorius","robots":{"index":"index","follow":"follow","max-snippet":"max-snippet:-1","max-image-preview":"max-image-preview:large","max-video-preview":"max-video-preview:-1"},"canonical":"https:\/\/eheating.lt\/en\/produktas\/paradox-wifi-jutiklis-nv780mx\/","og_locale":"en_US","og_type":"article","og_title":"Paradox WIFI jutiklis NV780MX","og_description":"Paradox NV780MX Wi-Fi jutiklis ; Nereaguoja \u012f gyv\u016bnus, iki 40 kg svorio ; Naudojami 4 dvigubi jutikliai ; Dvigubas LED ir sirenos indikatorius","og_url":"https:\/\/eheating.lt\/en\/produktas\/paradox-wifi-jutiklis-nv780mx\/","og_site_name":"Elektronika Namams","article_publisher":"https:\/\/www.facebook.com\/ElektronikaNamams","article_modified_time":"2024-10-18T15:47:31+00:00","og_image":[{"width":800,"height":800,"url":"https:\/\/eheating.lt\/wp-content\/uploads\/2023\/10\/Paradox-WIFI-jutiklis-NV780MX.png","type":"image\/png"}],"twitter_card":"summary_large_image","twitter_misc":{"Price":"140,03&nbsp;&euro;","Availability":"On backorder"},"schema":{"@context":"https:\/\/schema.org","@graph":[{"@type":"WebPage","@id":"https:\/\/eheating.lt\/en\/produktas\/paradox-wifi-jutiklis-nv780mx\/","url":"https:\/\/eheating.lt\/en\/produktas\/paradox-wifi-jutiklis-nv780mx\/","name":"Paradox WIFI jutiklis NV780MX","isPartOf":{"@id":"https:\/\/eheating.lt\/#website"},"primaryImageOfPage":{"@id":"https:\/\/eheating.lt\/en\/produktas\/paradox-wifi-jutiklis-nv780mx\/#primaryimage"},"image":{"@id":"https:\/\/eheating.lt\/en\/produktas\/paradox-wifi-jutiklis-nv780mx\/#primaryimage"},"thumbnailUrl":"https:\/\/eheating.lt\/wp-content\/uploads\/2023\/10\/Paradox-WIFI-jutiklis-NV780MX.png","datePublished":"2023-12-30T17:12:51+00:00","dateModified":"2024-10-18T15:47:31+00:00","description":"Paradox NV780MX Wi-Fi jutiklis ; Nereaguoja \u012f gyv\u016bnus, iki 40 kg svorio ; Naudojami 4 dvigubi jutikliai ; Dvigubas LED ir sirenos indikatorius","breadcrumb":{"@id":"https:\/\/eheating.lt\/en\/produktas\/paradox-wifi-jutiklis-nv780mx\/#breadcrumb"},"inLanguage":"en-US","potentialAction":[{"@type":"ReadAction","target":["https:\/\/eheating.lt\/en\/produktas\/paradox-wifi-jutiklis-nv780mx\/"]}]},{"@type":"ImageObject","inLanguage":"en-US","@id":"https:\/\/eheating.lt\/en\/produktas\/paradox-wifi-jutiklis-nv780mx\/#primaryimage","url":"https:\/\/eheating.lt\/wp-content\/uploads\/2023\/10\/Paradox-WIFI-jutiklis-NV780MX.png","contentUrl":"https:\/\/eheating.lt\/wp-content\/uploads\/2023\/10\/Paradox-WIFI-jutiklis-NV780MX.png","width":800,"height":800,"caption":"Paradox NV780MX"},{"@type":"BreadcrumbList","@id":"https:\/\/eheating.lt\/en\/produktas\/paradox-wifi-jutiklis-nv780mx\/#breadcrumb","itemListElement":[{"@type":"ListItem","position":1,"name":"Prad\u017eia","item":"https:\/\/eheating.lt\/en\/"},{"@type":"ListItem","position":2,"name":"Shop","item":"https:\/\/eheating.lt\/en\/?page_id=5734"},{"@type":"ListItem","position":3,"name":"Paradox WIFI jutiklis NV780MX"}]},{"@type":"WebSite","@id":"https:\/\/eheating.lt\/#website","url":"https:\/\/eheating.lt\/","name":"eHeating","description":"Elektronika ir \u0161ildymas","potentialAction":[{"@type":"SearchAction","target":{"@type":"EntryPoint","urlTemplate":"https:\/\/eheating.lt\/?s={search_term_string}"},"query-input":{"@type":"PropertyValueSpecification","valueRequired":true,"valueName":"search_term_string"}}],"inLanguage":"en-US"}]},"product_price_amount":"140.03","product_price_currency":"EUR","og_availability":"backorder","product_availability":"available for order","product_retailer_item_id":"735e1819685f","product_condition":"new"},"_links":{"self":[{"href":"https:\/\/eheating.lt\/en\/wp-json\/wp\/v2\/product\/16028","targetHints":{"allow":["GET"]}}],"collection":[{"href":"https:\/\/eheating.lt\/en\/wp-json\/wp\/v2\/product"}],"about":[{"href":"https:\/\/eheating.lt\/en\/wp-json\/wp\/v2\/types\/product"}],"replies":[{"embeddable":true,"href":"https:\/\/eheating.lt\/en\/wp-json\/wp\/v2\/comments?post=16028"}],"version-history":[{"count":0,"href":"https:\/\/eheating.lt\/en\/wp-json\/wp\/v2\/product\/16028\/revisions"}],"wp:featuredmedia":[{"embeddable":true,"href":"https:\/\/eheating.lt\/en\/wp-json\/wp\/v2\/media\/31106"}],"wp:attachment":[{"href":"https:\/\/eheating.lt\/en\/wp-json\/wp\/v2\/media?parent=16028"}],"wp:term":[{"taxonomy":"product_brand","embeddable":true,"href":"https:\/\/eheating.lt\/en\/wp-json\/wp\/v2\/product_brand?post=16028"},{"taxonomy":"product_cat","embeddable":true,"href":"https:\/\/eheating.lt\/en\/wp-json\/wp\/v2\/product_cat?post=16028"},{"taxonomy":"product_tag","embeddable":true,"href":"https:\/\/eheating.lt\/en\/wp-json\/wp\/v2\/product_tag?post=16028"}],"curies":[{"name":"wp","href":"https:\/\/api.w.org\/{rel}","templated":true}]}}