{"id":16024,"date":"2023-12-30T19:12:49","date_gmt":"2023-12-30T17:12:49","guid":{"rendered":"https:\/\/eheating.lt\/?post_type=product&#038;p=16024"},"modified":"2024-10-18T16:36:12","modified_gmt":"2024-10-18T13:36:12","slug":"centrale-paradox-evohd","status":"publish","type":"product","link":"https:\/\/eheating.lt\/en\/produktas\/centrale-paradox-evohd\/","title":{"rendered":"Central\u0117 PARADOX EVOHD+"},"content":{"rendered":"<ul>\n<li><span class=\"HwtZe\" lang=\"lt\"><span class=\"jCAhz ChMk0b\"><span class=\"ryNqvb\">Du serial prievaidai (dvigubai greitesn\u0117 komunikacija nei EvoHD)<\/span><\/span><\/span><\/li>\n<li><span class=\"HwtZe\" lang=\"lt\"><span class=\"jCAhz ChMk0b\"><span class=\"ryNqvb\">U\u017etikrina nuolatin\u012f maitinim\u0105, prie\u017ei\u016br\u0105 ir dvipus\u012f ry\u0161\u012f tarp valdymo pulto ir moduli\u0173<\/span><\/span><\/span><\/li>\n<li><span class=\"HwtZe\" lang=\"lt\"><span class=\"jCAhz ChMk0b\"><span class=\"ryNqvb\">Efektyvus zon\u0173 panaudojimas<\/span><\/span><\/span><\/li>\n<li><span class=\"HwtZe\" lang=\"lt\"><span class=\"jCAhz ChMk0b\"><span class=\"ryNqvb\">4 integruoti PGM<br \/>\n<\/span><\/span><\/span><\/li>\n<li><span class=\"HwtZe\" lang=\"lt\"><span class=\"jCAhz ChMk0b\"><span class=\"ryNqvb\">1 borto 5A rel\u0117 PGM<\/span><\/span><\/span><\/li>\n<li><span class=\"HwtZe\" lang=\"lt\"><span class=\"jCAhz ChMk0b\"><span class=\"ryNqvb\">PGM1 gali b\u016bti naudojamas kaip 2 laid\u0173 d\u016bm\u0173 \u012fvestis<\/span><\/span><\/span><\/li>\n<li><span class=\"HwtZe\" lang=\"lt\"><span class=\"jCAhz ChMk0b\"><span class=\"ryNqvb\">Efektyvus akumuliatoriaus \u012fkrovimas iki 1.5 A<\/span><\/span><\/span><\/li>\n<\/ul>\n","protected":false},"excerpt":{"rendered":"<ul>\n<li>8\/16 zon\u0173 ple\u010diama iki 192<\/li>\n<li>8 partijos<\/li>\n<li>5\/250 PGM<\/li>\n<li>999 vartotoj\u0173 kod\u0173<\/li>\n<li>254 adresiniai moduliai<\/li>\n<\/ul>\n","protected":false},"featured_media":31104,"comment_status":"closed","ping_status":"closed","template":"","meta":[],"product_brand":[],"product_cat":[279,741,739,740],"product_tag":[974],"class_list":{"0":"post-16024","1":"product","2":"type-product","3":"status-publish","4":"has-post-thumbnail","6":"product_cat-apsaugos-sistemos","7":"product_cat-paradox-centrales","8":"product_cat-laidines-apsaugos-sistemos","9":"product_cat-paradox-laidines-apsaugos-sistemos","10":"product_tag-ean","12":"first","13":"onbackorder","14":"purchasable","15":"product-type-simple"},"yoast_head":"<!-- This site is optimized with the Yoast SEO Premium plugin v21.5 (Yoast SEO v27.3) - https:\/\/yoast.com\/product\/yoast-seo-premium-wordpress\/ -->\n<title>Central\u0117 PARADOX EVOHD+<\/title>\n<meta name=\"description\" content=\"Paradox EVOHD+ central\u0117 ; 8\/16 zon\u0173 ple\u010diama iki 192 ; 8 partijos ; 5\/250 PGM ; 999 vartotoj\u0173 kod\u0173 ; 254 adresiniai moduliai\" \/>\n<meta name=\"robots\" content=\"index, follow, max-snippet:-1, max-image-preview:large, max-video-preview:-1\" \/>\n<link rel=\"canonical\" href=\"https:\/\/eheating.lt\/produktas\/centrale-paradox-evohd\/\" \/>\n<meta property=\"og:locale\" content=\"en_US\" \/>\n<meta property=\"og:type\" content=\"article\" \/>\n<meta property=\"og:title\" content=\"Central\u0117 PARADOX EVOHD+\" \/>\n<meta property=\"og:description\" content=\"Paradox EVOHD+ central\u0117 ; 8\/16 zon\u0173 ple\u010diama iki 192 ; 8 partijos ; 5\/250 PGM ; 999 vartotoj\u0173 kod\u0173 ; 254 adresiniai moduliai\" \/>\n<meta property=\"og:url\" content=\"https:\/\/eheating.lt\/produktas\/centrale-paradox-evohd\/\" \/>\n<meta property=\"og:site_name\" content=\"Elektronika Namams\" \/>\n<meta property=\"article:publisher\" content=\"https:\/\/www.facebook.com\/ElektronikaNamams\" \/>\n<meta property=\"article:modified_time\" content=\"2024-10-18T13:36:12+00:00\" \/>\n<meta property=\"og:image\" content=\"https:\/\/eheating.lt\/wp-content\/uploads\/2023\/10\/Centrale-PARADOX-EVOHD.png\" \/>\n\t<meta property=\"og:image:width\" content=\"800\" \/>\n\t<meta property=\"og:image:height\" content=\"800\" \/>\n\t<meta property=\"og:image:type\" content=\"image\/png\" \/>\n<meta name=\"twitter:card\" content=\"summary_large_image\" \/>\n<meta name=\"twitter:label1\" content=\"Price\" \/>\n\t<meta name=\"twitter:data1\" content=\"130,75&nbsp;&euro;\" \/>\n\t<meta name=\"twitter:label2\" content=\"Availability\" \/>\n\t<meta name=\"twitter:data2\" content=\"On backorder\" \/>\n<script type=\"application\/ld+json\" class=\"yoast-schema-graph\">{\"@context\":\"https:\\\/\\\/schema.org\",\"@graph\":[{\"@type\":\"WebPage\",\"@id\":\"https:\\\/\\\/eheating.lt\\\/produktas\\\/centrale-paradox-evohd\\\/\",\"url\":\"https:\\\/\\\/eheating.lt\\\/produktas\\\/centrale-paradox-evohd\\\/\",\"name\":\"Central\u0117 PARADOX EVOHD+\",\"isPartOf\":{\"@id\":\"https:\\\/\\\/eheating.lt\\\/#website\"},\"primaryImageOfPage\":{\"@id\":\"https:\\\/\\\/eheating.lt\\\/produktas\\\/centrale-paradox-evohd\\\/#primaryimage\"},\"image\":{\"@id\":\"https:\\\/\\\/eheating.lt\\\/produktas\\\/centrale-paradox-evohd\\\/#primaryimage\"},\"thumbnailUrl\":\"https:\\\/\\\/eheating.lt\\\/wp-content\\\/uploads\\\/2023\\\/10\\\/Centrale-PARADOX-EVOHD.png\",\"datePublished\":\"2023-12-30T17:12:49+00:00\",\"dateModified\":\"2024-10-18T13:36:12+00:00\",\"description\":\"Paradox EVOHD+ central\u0117 ; 8\\\/16 zon\u0173 ple\u010diama iki 192 ; 8 partijos ; 5\\\/250 PGM ; 999 vartotoj\u0173 kod\u0173 ; 254 adresiniai moduliai\",\"breadcrumb\":{\"@id\":\"https:\\\/\\\/eheating.lt\\\/produktas\\\/centrale-paradox-evohd\\\/#breadcrumb\"},\"inLanguage\":\"en-US\",\"potentialAction\":[{\"@type\":\"ReadAction\",\"target\":[\"https:\\\/\\\/eheating.lt\\\/produktas\\\/centrale-paradox-evohd\\\/\"]}]},{\"@type\":\"ImageObject\",\"inLanguage\":\"en-US\",\"@id\":\"https:\\\/\\\/eheating.lt\\\/produktas\\\/centrale-paradox-evohd\\\/#primaryimage\",\"url\":\"https:\\\/\\\/eheating.lt\\\/wp-content\\\/uploads\\\/2023\\\/10\\\/Centrale-PARADOX-EVOHD.png\",\"contentUrl\":\"https:\\\/\\\/eheating.lt\\\/wp-content\\\/uploads\\\/2023\\\/10\\\/Centrale-PARADOX-EVOHD.png\",\"width\":800,\"height\":800,\"caption\":\"PARADOX EVOHD\"},{\"@type\":\"BreadcrumbList\",\"@id\":\"https:\\\/\\\/eheating.lt\\\/produktas\\\/centrale-paradox-evohd\\\/#breadcrumb\",\"itemListElement\":[{\"@type\":\"ListItem\",\"position\":1,\"name\":\"Prad\u017eia\",\"item\":\"https:\\\/\\\/eheating.lt\\\/en\\\/\"},{\"@type\":\"ListItem\",\"position\":2,\"name\":\"Shop\",\"item\":\"https:\\\/\\\/eheating.lt\\\/en\\\/?page_id=5734\"},{\"@type\":\"ListItem\",\"position\":3,\"name\":\"Central\u0117 PARADOX EVOHD+\"}]},{\"@type\":\"WebSite\",\"@id\":\"https:\\\/\\\/eheating.lt\\\/#website\",\"url\":\"https:\\\/\\\/eheating.lt\\\/\",\"name\":\"eHeating\",\"description\":\"Elektronika ir \u0161ildymas\",\"potentialAction\":[{\"@type\":\"SearchAction\",\"target\":{\"@type\":\"EntryPoint\",\"urlTemplate\":\"https:\\\/\\\/eheating.lt\\\/?s={search_term_string}\"},\"query-input\":{\"@type\":\"PropertyValueSpecification\",\"valueRequired\":true,\"valueName\":\"search_term_string\"}}],\"inLanguage\":\"en-US\"}]}<\/script>\n<meta property=\"product:price:amount\" content=\"130.75\" \/>\n<meta property=\"product:price:currency\" content=\"EUR\" \/>\n<meta property=\"og:availability\" content=\"backorder\" \/>\n<meta property=\"product:availability\" content=\"available for order\" \/>\n<meta property=\"product:retailer_item_id\" content=\"e84f908ebad1\" \/>\n<meta property=\"product:condition\" content=\"new\" \/>\n<!-- \/ Yoast SEO Premium plugin. -->","yoast_head_json":{"title":"Central\u0117 PARADOX EVOHD+","description":"Paradox EVOHD+ central\u0117 ; 8\/16 zon\u0173 ple\u010diama iki 192 ; 8 partijos ; 5\/250 PGM ; 999 vartotoj\u0173 kod\u0173 ; 254 adresiniai moduliai","robots":{"index":"index","follow":"follow","max-snippet":"max-snippet:-1","max-image-preview":"max-image-preview:large","max-video-preview":"max-video-preview:-1"},"canonical":"https:\/\/eheating.lt\/produktas\/centrale-paradox-evohd\/","og_locale":"en_US","og_type":"article","og_title":"Central\u0117 PARADOX EVOHD+","og_description":"Paradox EVOHD+ central\u0117 ; 8\/16 zon\u0173 ple\u010diama iki 192 ; 8 partijos ; 5\/250 PGM ; 999 vartotoj\u0173 kod\u0173 ; 254 adresiniai moduliai","og_url":"https:\/\/eheating.lt\/produktas\/centrale-paradox-evohd\/","og_site_name":"Elektronika Namams","article_publisher":"https:\/\/www.facebook.com\/ElektronikaNamams","article_modified_time":"2024-10-18T13:36:12+00:00","og_image":[{"width":800,"height":800,"url":"https:\/\/eheating.lt\/wp-content\/uploads\/2023\/10\/Centrale-PARADOX-EVOHD.png","type":"image\/png"}],"twitter_card":"summary_large_image","twitter_misc":{"Price":"130,75&nbsp;&euro;","Availability":"On backorder"},"schema":{"@context":"https:\/\/schema.org","@graph":[{"@type":"WebPage","@id":"https:\/\/eheating.lt\/produktas\/centrale-paradox-evohd\/","url":"https:\/\/eheating.lt\/produktas\/centrale-paradox-evohd\/","name":"Central\u0117 PARADOX EVOHD+","isPartOf":{"@id":"https:\/\/eheating.lt\/#website"},"primaryImageOfPage":{"@id":"https:\/\/eheating.lt\/produktas\/centrale-paradox-evohd\/#primaryimage"},"image":{"@id":"https:\/\/eheating.lt\/produktas\/centrale-paradox-evohd\/#primaryimage"},"thumbnailUrl":"https:\/\/eheating.lt\/wp-content\/uploads\/2023\/10\/Centrale-PARADOX-EVOHD.png","datePublished":"2023-12-30T17:12:49+00:00","dateModified":"2024-10-18T13:36:12+00:00","description":"Paradox EVOHD+ central\u0117 ; 8\/16 zon\u0173 ple\u010diama iki 192 ; 8 partijos ; 5\/250 PGM ; 999 vartotoj\u0173 kod\u0173 ; 254 adresiniai moduliai","breadcrumb":{"@id":"https:\/\/eheating.lt\/produktas\/centrale-paradox-evohd\/#breadcrumb"},"inLanguage":"en-US","potentialAction":[{"@type":"ReadAction","target":["https:\/\/eheating.lt\/produktas\/centrale-paradox-evohd\/"]}]},{"@type":"ImageObject","inLanguage":"en-US","@id":"https:\/\/eheating.lt\/produktas\/centrale-paradox-evohd\/#primaryimage","url":"https:\/\/eheating.lt\/wp-content\/uploads\/2023\/10\/Centrale-PARADOX-EVOHD.png","contentUrl":"https:\/\/eheating.lt\/wp-content\/uploads\/2023\/10\/Centrale-PARADOX-EVOHD.png","width":800,"height":800,"caption":"PARADOX EVOHD"},{"@type":"BreadcrumbList","@id":"https:\/\/eheating.lt\/produktas\/centrale-paradox-evohd\/#breadcrumb","itemListElement":[{"@type":"ListItem","position":1,"name":"Prad\u017eia","item":"https:\/\/eheating.lt\/en\/"},{"@type":"ListItem","position":2,"name":"Shop","item":"https:\/\/eheating.lt\/en\/?page_id=5734"},{"@type":"ListItem","position":3,"name":"Central\u0117 PARADOX EVOHD+"}]},{"@type":"WebSite","@id":"https:\/\/eheating.lt\/#website","url":"https:\/\/eheating.lt\/","name":"eHeating","description":"Elektronika ir \u0161ildymas","potentialAction":[{"@type":"SearchAction","target":{"@type":"EntryPoint","urlTemplate":"https:\/\/eheating.lt\/?s={search_term_string}"},"query-input":{"@type":"PropertyValueSpecification","valueRequired":true,"valueName":"search_term_string"}}],"inLanguage":"en-US"}]},"product_price_amount":"130.75","product_price_currency":"EUR","og_availability":"backorder","product_availability":"available for order","product_retailer_item_id":"e84f908ebad1","product_condition":"new"},"_links":{"self":[{"href":"https:\/\/eheating.lt\/en\/wp-json\/wp\/v2\/product\/16024","targetHints":{"allow":["GET"]}}],"collection":[{"href":"https:\/\/eheating.lt\/en\/wp-json\/wp\/v2\/product"}],"about":[{"href":"https:\/\/eheating.lt\/en\/wp-json\/wp\/v2\/types\/product"}],"replies":[{"embeddable":true,"href":"https:\/\/eheating.lt\/en\/wp-json\/wp\/v2\/comments?post=16024"}],"version-history":[{"count":1,"href":"https:\/\/eheating.lt\/en\/wp-json\/wp\/v2\/product\/16024\/revisions"}],"predecessor-version":[{"id":34316,"href":"https:\/\/eheating.lt\/en\/wp-json\/wp\/v2\/product\/16024\/revisions\/34316"}],"wp:featuredmedia":[{"embeddable":true,"href":"https:\/\/eheating.lt\/en\/wp-json\/wp\/v2\/media\/31104"}],"wp:attachment":[{"href":"https:\/\/eheating.lt\/en\/wp-json\/wp\/v2\/media?parent=16024"}],"wp:term":[{"taxonomy":"product_brand","embeddable":true,"href":"https:\/\/eheating.lt\/en\/wp-json\/wp\/v2\/product_brand?post=16024"},{"taxonomy":"product_cat","embeddable":true,"href":"https:\/\/eheating.lt\/en\/wp-json\/wp\/v2\/product_cat?post=16024"},{"taxonomy":"product_tag","embeddable":true,"href":"https:\/\/eheating.lt\/en\/wp-json\/wp\/v2\/product_tag?post=16024"}],"curies":[{"name":"wp","href":"https:\/\/api.w.org\/{rel}","templated":true}]}}