{"id":10020,"date":"2023-07-04T08:16:50","date_gmt":"2023-07-04T05:16:50","guid":{"rendered":"https:\/\/eheating.lt\/?post_type=product&#038;p=10020"},"modified":"2025-02-24T18:06:34","modified_gmt":"2025-02-24T16:06:34","slug":"zamel-supla-msrw-01-wifi-controller-for-blinds-in-a-small-housing","status":"publish","type":"product","link":"https:\/\/eheating.lt\/en\/produktas\/zamel-supla-msrw-01-wifi-controller-for-blinds-in-a-small-housing\/","title":{"rendered":"Zamel Supla mSRW-01 WiFi controller for"},"content":{"rendered":"<p>The <strong>Zamel mSRW-01<\/strong> is part of the Zamel range of Wi-Fi controlled smart home devices. The device uses SUPLA cloud technology. The <strong>Zamel mSRW-01 <\/strong>controller allows you to control roller shutters and blinds. Thanks to the built-in wi-fi receiver, the device connects to the cloud and allows you to remotely control your roller shutters\/blinds. The module features a compact housing that makes it easier to install controlled devices in boxes or enclosures, and the new automatic calibration function makes installation even faster. The user can check the position of the roller shutter. It can also be closed or opened remotely. Thanks to cloud-based schedules, the roller shutter can be automatically controlled at specific times on selected days of the week.<\/p>\n<hr \/>\n<p><span style=\"font-size: 18px;\"><strong>Product features:<\/strong><\/span><\/p>\n<ul>\n<li>Can be connected to 230V AC roller shutters<\/li>\n<li>Communicating with the cloud<\/li>\n<li>No need for additional controllers<\/li>\n<li>Automatic calibration function<\/li>\n<li>Controllable via the free SUPLA mobile app from anywhere in the world<\/li>\n<\/ul>\n<hr \/>\n<p><span style=\"font-size: 18px;\"><strong>Technical specifications:<\/strong><\/span><\/p>\n<ul>\n<li>Power supply 230V AC<\/li>\n<li>Number of controlled outputs: 2 switchable up\/down<\/li>\n<li>Number of controlled inputs: 2<\/li>\n<li>Maximum relay load 2 x NO 5A \/ 250V AC<\/li>\n<li>Maximum power for connecting roller shutters &#8211; 350W<\/li>\n<li>Data transmission mode Wi-Fi 2.4GHz 802.11 b\/g\/n<\/li>\n<li>Operating temperature -10 \u00f7 +55\u00b0C<\/li>\n<li>Degree of protection: IP20<\/li>\n<li>Dimensions: 40 x 37,5 x 17 mm<\/li>\n<li>Weight 0,031 kg<\/li>\n<\/ul>\n<p>&nbsp;<\/p>\n<p><img decoding=\"async\" style=\"height: 30px;\" src=\"https:\/\/eheating.lt\/wp-content\/uploads\/2022\/12\/pdf-e1720524145211.png\" \/><a href=\"http:\/\/eheating.lt\/wp-content\/uploads\/2023\/07\/Zamel-mSRW-01-manual.pdf\"><strong>Instructions (English)<\/strong><\/a><\/p>\n<p>&nbsp;<\/p>\n","protected":false},"excerpt":{"rendered":"<p>Zamel blinds WiFi controller with automatic calibration function.<\/p>\n","protected":false},"featured_media":10022,"comment_status":"closed","ping_status":"closed","template":"","meta":[],"product_brand":[],"product_cat":[875],"product_tag":[975],"class_list":{"0":"post-10020","1":"product","2":"type-product","3":"status-publish","4":"has-post-thumbnail","6":"product_cat-smart-house-systems","7":"product_tag-ean-en","9":"first","10":"onbackorder","11":"taxable","12":"shipping-taxable","13":"purchasable","14":"product-type-simple"},"yoast_head":"<!-- This site is optimized with the Yoast SEO Premium plugin v21.5 (Yoast SEO v27.4) - https:\/\/yoast.com\/product\/yoast-seo-premium-wordpress\/ -->\n<title>Zamel mSRW-01 WiFi controller for blinds in a small housing<\/title>\n<meta name=\"description\" content=\"Zamel Supla mSRW-01 WiFi roller blind controller ; Remote control of roller blinds with Android and iOS devices ; Auto-calibration function\" \/>\n<meta name=\"robots\" content=\"index, follow, max-snippet:-1, max-image-preview:large, max-video-preview:-1\" \/>\n<link rel=\"canonical\" href=\"https:\/\/eheating.lt\/en\/produktas\/zamel-supla-msrw-01-wifi-controller-for-blinds-in-a-small-housing\/\" \/>\n<meta property=\"og:locale\" content=\"en_US\" \/>\n<meta property=\"og:type\" content=\"article\" \/>\n<meta property=\"og:title\" content=\"Zamel Supla mSRW-01 WiFi controller for blinds in a small housing\" \/>\n<meta property=\"og:description\" content=\"Zamel Supla mSRW-01 WiFi roller blind controller ; Remote control of roller blinds with Android and iOS devices ; Auto-calibration function\" \/>\n<meta property=\"og:url\" content=\"https:\/\/eheating.lt\/en\/produktas\/zamel-supla-msrw-01-wifi-controller-for-blinds-in-a-small-housing\/\" \/>\n<meta property=\"og:site_name\" content=\"Elektronika Namams\" \/>\n<meta property=\"article:publisher\" content=\"https:\/\/www.facebook.com\/ElektronikaNamams\" \/>\n<meta property=\"article:modified_time\" content=\"2025-02-24T16:06:34+00:00\" \/>\n<meta property=\"og:image\" content=\"https:\/\/eheating.lt\/wp-content\/uploads\/2023\/07\/Zamel-Supla-mSRW-01.png\" \/>\n\t<meta property=\"og:image:width\" content=\"800\" \/>\n\t<meta property=\"og:image:height\" content=\"800\" \/>\n\t<meta property=\"og:image:type\" content=\"image\/png\" \/>\n<meta name=\"twitter:card\" content=\"summary_large_image\" \/>\n<meta name=\"twitter:label1\" content=\"Price\" \/>\n\t<meta name=\"twitter:data1\" content=\"93,44&nbsp;&euro;\" \/>\n\t<meta name=\"twitter:label2\" content=\"Availability\" \/>\n\t<meta name=\"twitter:data2\" content=\"On backorder\" \/>\n<script type=\"application\/ld+json\" class=\"yoast-schema-graph\">{\"@context\":\"https:\\\/\\\/schema.org\",\"@graph\":[{\"@type\":\"WebPage\",\"@id\":\"https:\\\/\\\/eheating.lt\\\/en\\\/produktas\\\/zamel-supla-msrw-01-wifi-controller-for-blinds-in-a-small-housing\\\/\",\"url\":\"https:\\\/\\\/eheating.lt\\\/en\\\/produktas\\\/zamel-supla-msrw-01-wifi-controller-for-blinds-in-a-small-housing\\\/\",\"name\":\"Zamel mSRW-01 WiFi controller for blinds in a small housing\",\"isPartOf\":{\"@id\":\"https:\\\/\\\/eheating.lt\\\/#website\"},\"primaryImageOfPage\":{\"@id\":\"https:\\\/\\\/eheating.lt\\\/en\\\/produktas\\\/zamel-supla-msrw-01-wifi-controller-for-blinds-in-a-small-housing\\\/#primaryimage\"},\"image\":{\"@id\":\"https:\\\/\\\/eheating.lt\\\/en\\\/produktas\\\/zamel-supla-msrw-01-wifi-controller-for-blinds-in-a-small-housing\\\/#primaryimage\"},\"thumbnailUrl\":\"https:\\\/\\\/eheating.lt\\\/wp-content\\\/uploads\\\/2023\\\/07\\\/Zamel-Supla-mSRW-01.png\",\"datePublished\":\"2023-07-04T05:16:50+00:00\",\"dateModified\":\"2025-02-24T16:06:34+00:00\",\"description\":\"Zamel Supla mSRW-01 WiFi roller blind controller ; Remote control of roller blinds with Android and iOS devices ; Auto-calibration function\",\"breadcrumb\":{\"@id\":\"https:\\\/\\\/eheating.lt\\\/en\\\/produktas\\\/zamel-supla-msrw-01-wifi-controller-for-blinds-in-a-small-housing\\\/#breadcrumb\"},\"inLanguage\":\"en-US\",\"potentialAction\":[{\"@type\":\"ReadAction\",\"target\":[\"https:\\\/\\\/eheating.lt\\\/en\\\/produktas\\\/zamel-supla-msrw-01-wifi-controller-for-blinds-in-a-small-housing\\\/\"]}]},{\"@type\":\"ImageObject\",\"inLanguage\":\"en-US\",\"@id\":\"https:\\\/\\\/eheating.lt\\\/en\\\/produktas\\\/zamel-supla-msrw-01-wifi-controller-for-blinds-in-a-small-housing\\\/#primaryimage\",\"url\":\"https:\\\/\\\/eheating.lt\\\/wp-content\\\/uploads\\\/2023\\\/07\\\/Zamel-Supla-mSRW-01.png\",\"contentUrl\":\"https:\\\/\\\/eheating.lt\\\/wp-content\\\/uploads\\\/2023\\\/07\\\/Zamel-Supla-mSRW-01.png\",\"width\":800,\"height\":800,\"caption\":\"Zamel Supla mSRW-01 \u017ealiuzi\u0173 WiFi valdiklis ma\u017eame korpuse\"},{\"@type\":\"BreadcrumbList\",\"@id\":\"https:\\\/\\\/eheating.lt\\\/en\\\/produktas\\\/zamel-supla-msrw-01-wifi-controller-for-blinds-in-a-small-housing\\\/#breadcrumb\",\"itemListElement\":[{\"@type\":\"ListItem\",\"position\":1,\"name\":\"Prad\u017eia\",\"item\":\"https:\\\/\\\/eheating.lt\\\/en\\\/\"},{\"@type\":\"ListItem\",\"position\":2,\"name\":\"Shop\",\"item\":\"https:\\\/\\\/eheating.lt\\\/en\\\/?page_id=5734\"},{\"@type\":\"ListItem\",\"position\":3,\"name\":\"Zamel Supla mSRW-01 WiFi controller for blinds in a small housing\"}]},{\"@type\":\"WebSite\",\"@id\":\"https:\\\/\\\/eheating.lt\\\/#website\",\"url\":\"https:\\\/\\\/eheating.lt\\\/\",\"name\":\"eHeating\",\"description\":\"Elektronika ir \u0161ildymas\",\"potentialAction\":[{\"@type\":\"SearchAction\",\"target\":{\"@type\":\"EntryPoint\",\"urlTemplate\":\"https:\\\/\\\/eheating.lt\\\/?s={search_term_string}\"},\"query-input\":{\"@type\":\"PropertyValueSpecification\",\"valueRequired\":true,\"valueName\":\"search_term_string\"}}],\"inLanguage\":\"en-US\"}]}<\/script>\n<meta property=\"product:price:amount\" content=\"93.44\" \/>\n<meta property=\"product:price:currency\" content=\"EUR\" \/>\n<meta property=\"og:availability\" content=\"backorder\" \/>\n<meta property=\"product:availability\" content=\"available for order\" \/>\n<meta property=\"product:retailer_item_id\" content=\"ZAMEL-mSRW-01\" \/>\n<meta property=\"product:condition\" content=\"new\" \/>\n<!-- \/ Yoast SEO Premium plugin. -->","yoast_head_json":{"title":"Zamel mSRW-01 WiFi controller for blinds in a small housing","description":"Zamel Supla mSRW-01 WiFi roller blind controller ; Remote control of roller blinds with Android and iOS devices ; Auto-calibration function","robots":{"index":"index","follow":"follow","max-snippet":"max-snippet:-1","max-image-preview":"max-image-preview:large","max-video-preview":"max-video-preview:-1"},"canonical":"https:\/\/eheating.lt\/en\/produktas\/zamel-supla-msrw-01-wifi-controller-for-blinds-in-a-small-housing\/","og_locale":"en_US","og_type":"article","og_title":"Zamel Supla mSRW-01 WiFi controller for blinds in a small housing","og_description":"Zamel Supla mSRW-01 WiFi roller blind controller ; Remote control of roller blinds with Android and iOS devices ; Auto-calibration function","og_url":"https:\/\/eheating.lt\/en\/produktas\/zamel-supla-msrw-01-wifi-controller-for-blinds-in-a-small-housing\/","og_site_name":"Elektronika Namams","article_publisher":"https:\/\/www.facebook.com\/ElektronikaNamams","article_modified_time":"2025-02-24T16:06:34+00:00","og_image":[{"width":800,"height":800,"url":"https:\/\/eheating.lt\/wp-content\/uploads\/2023\/07\/Zamel-Supla-mSRW-01.png","type":"image\/png"}],"twitter_card":"summary_large_image","twitter_misc":{"Price":"93,44&nbsp;&euro;","Availability":"On backorder"},"schema":{"@context":"https:\/\/schema.org","@graph":[{"@type":"WebPage","@id":"https:\/\/eheating.lt\/en\/produktas\/zamel-supla-msrw-01-wifi-controller-for-blinds-in-a-small-housing\/","url":"https:\/\/eheating.lt\/en\/produktas\/zamel-supla-msrw-01-wifi-controller-for-blinds-in-a-small-housing\/","name":"Zamel mSRW-01 WiFi controller for blinds in a small housing","isPartOf":{"@id":"https:\/\/eheating.lt\/#website"},"primaryImageOfPage":{"@id":"https:\/\/eheating.lt\/en\/produktas\/zamel-supla-msrw-01-wifi-controller-for-blinds-in-a-small-housing\/#primaryimage"},"image":{"@id":"https:\/\/eheating.lt\/en\/produktas\/zamel-supla-msrw-01-wifi-controller-for-blinds-in-a-small-housing\/#primaryimage"},"thumbnailUrl":"https:\/\/eheating.lt\/wp-content\/uploads\/2023\/07\/Zamel-Supla-mSRW-01.png","datePublished":"2023-07-04T05:16:50+00:00","dateModified":"2025-02-24T16:06:34+00:00","description":"Zamel Supla mSRW-01 WiFi roller blind controller ; Remote control of roller blinds with Android and iOS devices ; Auto-calibration function","breadcrumb":{"@id":"https:\/\/eheating.lt\/en\/produktas\/zamel-supla-msrw-01-wifi-controller-for-blinds-in-a-small-housing\/#breadcrumb"},"inLanguage":"en-US","potentialAction":[{"@type":"ReadAction","target":["https:\/\/eheating.lt\/en\/produktas\/zamel-supla-msrw-01-wifi-controller-for-blinds-in-a-small-housing\/"]}]},{"@type":"ImageObject","inLanguage":"en-US","@id":"https:\/\/eheating.lt\/en\/produktas\/zamel-supla-msrw-01-wifi-controller-for-blinds-in-a-small-housing\/#primaryimage","url":"https:\/\/eheating.lt\/wp-content\/uploads\/2023\/07\/Zamel-Supla-mSRW-01.png","contentUrl":"https:\/\/eheating.lt\/wp-content\/uploads\/2023\/07\/Zamel-Supla-mSRW-01.png","width":800,"height":800,"caption":"Zamel Supla mSRW-01 \u017ealiuzi\u0173 WiFi valdiklis ma\u017eame korpuse"},{"@type":"BreadcrumbList","@id":"https:\/\/eheating.lt\/en\/produktas\/zamel-supla-msrw-01-wifi-controller-for-blinds-in-a-small-housing\/#breadcrumb","itemListElement":[{"@type":"ListItem","position":1,"name":"Prad\u017eia","item":"https:\/\/eheating.lt\/en\/"},{"@type":"ListItem","position":2,"name":"Shop","item":"https:\/\/eheating.lt\/en\/?page_id=5734"},{"@type":"ListItem","position":3,"name":"Zamel Supla mSRW-01 WiFi controller for blinds in a small housing"}]},{"@type":"WebSite","@id":"https:\/\/eheating.lt\/#website","url":"https:\/\/eheating.lt\/","name":"eHeating","description":"Elektronika ir \u0161ildymas","potentialAction":[{"@type":"SearchAction","target":{"@type":"EntryPoint","urlTemplate":"https:\/\/eheating.lt\/?s={search_term_string}"},"query-input":{"@type":"PropertyValueSpecification","valueRequired":true,"valueName":"search_term_string"}}],"inLanguage":"en-US"}]},"product_price_amount":"93.44","product_price_currency":"EUR","og_availability":"backorder","product_availability":"available for order","product_retailer_item_id":"ZAMEL-mSRW-01","product_condition":"new"},"_links":{"self":[{"href":"https:\/\/eheating.lt\/en\/wp-json\/wp\/v2\/product\/10020","targetHints":{"allow":["GET"]}}],"collection":[{"href":"https:\/\/eheating.lt\/en\/wp-json\/wp\/v2\/product"}],"about":[{"href":"https:\/\/eheating.lt\/en\/wp-json\/wp\/v2\/types\/product"}],"replies":[{"embeddable":true,"href":"https:\/\/eheating.lt\/en\/wp-json\/wp\/v2\/comments?post=10020"}],"version-history":[{"count":1,"href":"https:\/\/eheating.lt\/en\/wp-json\/wp\/v2\/product\/10020\/revisions"}],"predecessor-version":[{"id":38435,"href":"https:\/\/eheating.lt\/en\/wp-json\/wp\/v2\/product\/10020\/revisions\/38435"}],"wp:featuredmedia":[{"embeddable":true,"href":"https:\/\/eheating.lt\/en\/wp-json\/wp\/v2\/media\/10022"}],"wp:attachment":[{"href":"https:\/\/eheating.lt\/en\/wp-json\/wp\/v2\/media?parent=10020"}],"wp:term":[{"taxonomy":"product_brand","embeddable":true,"href":"https:\/\/eheating.lt\/en\/wp-json\/wp\/v2\/product_brand?post=10020"},{"taxonomy":"product_cat","embeddable":true,"href":"https:\/\/eheating.lt\/en\/wp-json\/wp\/v2\/product_cat?post=10020"},{"taxonomy":"product_tag","embeddable":true,"href":"https:\/\/eheating.lt\/en\/wp-json\/wp\/v2\/product_tag?post=10020"}],"curies":[{"name":"wp","href":"https:\/\/api.w.org\/{rel}","templated":true}]}}